{"id":14106,"date":"2024-04-18T19:26:42","date_gmt":"2024-04-18T19:26:42","guid":{"rendered":"https:\/\/glareone.eu\/?post_type=product&#038;p=14106"},"modified":"2025-01-20T13:07:33","modified_gmt":"2025-01-20T13:07:33","slug":"glareone-botis-200","status":"publish","type":"product","link":"https:\/\/glareone.eu\/de\/product\/glareone-botis-200\/","title":{"rendered":"GlareOne Botis 200"},"content":{"rendered":"<p>Der GlareOne Botis 200 ist ein superkompakter Blitz mit einer Leistung von 200 Ws. Er bietet TLL- und HSS-Modi, einen langlebigen Li-Ion-Akku, ein LED-Einstelllicht und kurze Wiederaufladezeiten, um sowohl im Studio als auch on Location beste Leistung zu gew\u00e4hrleisten.<\/p>\n<p style=\"margin: 1cm 4cm;\">\n<div class='avia-iframe-wrap'><iframe loading=\"lazy\" title=\"GlareOne Botis 200 - prezentacja lampy\" width=\"1500\" height=\"844\" src=\"https:\/\/www.youtube.com\/embed\/YJDTJqvGB4w?feature=oembed\" frameborder=\"0\" allow=\"accelerometer; autoplay; clipboard-write; encrypted-media; gyroscope; picture-in-picture; web-share\" referrerpolicy=\"strict-origin-when-cross-origin\" allowfullscreen><\/iframe><\/div>\n<\/p>\n<h3>Leistung und Performance<\/h3>\n<p>Der GlareOne Botis 200 hat eine maximale Blitzenergie von 200 Ws, was ihn etwa viermal leistungsst\u00e4rker als einen Standard-Aufsteckblitz macht. Eine solch starke Lichtquelle ist \u00e4u\u00dferst n\u00fctzlich bei anspruchsvollen Fotoshootings, sowohl im Studio als auch on Location. Das Licht verf\u00fcgt \u00fcber ein effizientes K\u00fchlsystem, das intensive Nutzung bei dynamischen Sessions erm\u00f6glicht. Die Ladezeit bei maximaler Leistung betr\u00e4gt nur 1,3 Sekunden, sodass Sie ein hohes Arbeitstempo beibehalten und ohne Unterbrechungen mehr Aufnahmen machen k\u00f6nnen.<\/p>\n<h3>Lichtqualit\u00e4t<\/h3>\n<p>Das Design des Blitzes, mit einer gro\u00dfen und verl\u00e4ngerten Blitzr\u00f6hre \u00e4hnlich wie bei Studioleuchten, sorgt f\u00fcr eine gleichm\u00e4\u00dfige Lichtverteilung. Dies macht ihn ideal f\u00fcr den Einsatz mit Zubeh\u00f6r wie Softboxen oder Schirmen. Die Farbtemperatur entspricht Tageslicht (ca. 5500 K), was eine optimale Farbwiedergabe und Detailgenauigkeit garantiert.<\/p>\n<h3>Blitzdauer<\/h3>\n<p>Der Botis 200 verf\u00fcgt \u00fcber einen Freeze-Modus, der extrem kurze Blitzdauern von 1\/1130 bis 1\/44400 (t0.5) erm\u00f6glicht.<\/p>\n<h3>Bowens-Adapter und Zubeh\u00f6r<\/h3>\n<p>Der Botis 200 wird mit einem Zubeh\u00f6rset geliefert. Ein Reflektor mit Gitter und Farbfolien erm\u00f6glicht eine pr\u00e4zisere Lichtsteuerung oder das Einf\u00e4rben des Lichts. Der Bowens-Adapter bietet die M\u00f6glichkeit, eine Vielzahl von Studio-Lichtformern mit Bowens-Anschluss wie Softboxen, Schirme oder Snoots zu verwenden. Der Anschluss des Adapters an den Blitz ist sehr einfach und erfordert keine zus\u00e4tzlichen Werkzeuge. Im Set ist eine praktische Transporttasche enthalten, in der Sie das Licht sicher transportieren k\u00f6nnen.<\/p>\n<h3>Fernsteuerung<\/h3>\n<p>Der GlareOne Botis 200 ist mit einem SLAVE-Modus ausgestattet und kann per Funk \u00fcber andere Ger\u00e4te des GlareOne-Blitzsystems ausgel\u00f6st und gesteuert werden, was Ihnen maximale Flexibilit\u00e4t bei der Beleuchtung am Set bietet. Au\u00dferdem ist der Botis 200 mit dem Canon RT-System kompatibel und kann direkt mit Canon-Blitzen und -Ausl\u00f6sern verwendet werden.<\/p>\n<h3>Ausl\u00f6ser-Kompatibilit\u00e4t<\/h3>\n<p>Der GlareOne Botis 200 funktioniert mit allen GlareOne-Ausl\u00f6sern und erm\u00f6glicht eine vollst\u00e4ndige Integration mit anderen GlareOne-Blitzeinheiten. So kann er frei in Sets kombiniert oder in bestehende Sets integriert werden.<\/p>\n<h3>Erweiterte Kanal- und Gruppeneinstellungen<\/h3>\n<p>Der GlareOne Botis 200 unterst\u00fctzt 16 Gruppen und 32 Kan\u00e4le und bietet eine Vielzahl von Konfigurations- und Steuerungsm\u00f6glichkeiten f\u00fcr mehrere Blitze unter unterschiedlichen Bedingungen.<\/p>\n<h3>TTL und HSS<\/h3>\n<p>Der Blitz bietet Synchronisation mit allen Verschlusszeiten (HSS), was insbesondere f\u00fcr Arbeiten im Freien und Portr\u00e4tfotografie mit geringer Tiefensch\u00e4rfe wichtig ist. Zus\u00e4tzlich sorgt die automatische TTL-Belichtungsmessung f\u00fcr eine optimale Beleuchtung ohne manuelle Parametereinstellung \u2013 praktisch und zeitsparend.<\/p>\n<h3>Akkulaufzeit<\/h3>\n<p>Dank seines wiederaufladbaren Lithium-Ionen-Akkus ist die GlareOne Botis 200 Lampe in der Lage, bis zu 450 Blitze mit einer einzigen Ladung auszuf\u00fchren. Dies gew\u00e4hrleistet eine langanhaltende und zuverl\u00e4ssige Leistung, selbst bei intensiven Fotosessions.<\/p>\n<h3>Leistungsregelung<\/h3>\n<p>Der Blitz bietet die M\u00f6glichkeit, die Leistung \u00fcber 9 Blendenstufen einzustellen, was eine pr\u00e4zise Kontrolle der Blitzleistung erm\u00f6glicht.<\/p>\n<h3>Merkmale des GlareOne Botis 200:<\/h3>\n<ul>\n<li>Studioblitzr\u00f6hre mit einer Leistung von 200 Ws<\/li>\n<li>High-Speed-Synchronisation (HSS) mit allen Verschlusszeiten<\/li>\n<li>Automatische TTL-Belichtungsmessung<\/li>\n<li>Bis zu 450 Blitze mit einer Akkuladung<\/li>\n<li>9 Blendenstufen Leistungseinstellung<\/li>\n<li>Kurze Ladezeit: 0,05 ~ 1,3 Sekunden<\/li>\n<li>Fernsteuerung und Ausl\u00f6sung (SLAVE-Modus)<\/li>\n<li>Optische Slave-Zelle integriert<\/li>\n<li>Kompatibel mit allen GlareOne-Ausl\u00f6sern<\/li>\n<li>Kompatibel mit Canon RT-System<\/li>\n<li>16 Gruppen \/ 32 Kan\u00e4le<\/li>\n<li>5W LED-Einstelllicht<\/li>\n<\/ul>\n<h3>Lieferumfang:<\/h3>\n<p>1x GlareOne Botis 200<br \/>\n1x B200BP Akku<br \/>\n1x B200CH Ladeger\u00e4t + EU-Kabel + UK-Kabel<br \/>\n1x Reflektor<br \/>\n1x Gitter<br \/>\n1x Bedienungsanleitung<br \/>\n1x Stativhalterung<br \/>\n1x Zubeh\u00f6rhalter<br \/>\n1x Set Farbfilter<br \/>\n1x Transporttasche<br \/>\n1x Bowens-Adapter<\/p>\n","protected":false},"excerpt":{"rendered":"<p>Der GlareOne Botis 200 ist ein superkompakter Blitz mit einer Leistung von 200 Ws. Er bietet TLL- und HSS-Modi, einen langlebigen Li-Ion-Akku, ein LED-Einstelllicht und kurze Wiederaufladezeiten, um sowohl im Studio als auch on Location beste Leistung zu gew\u00e4hrleisten. Leistung und Performance Der GlareOne Botis 200 hat eine maximale Blitzenergie von 200 Ws, was ihn [&hellip;]<\/p>\n","protected":false},"featured_media":14031,"template":"","meta":[],"product_brand":[],"product_cat":[525],"product_tag":[],"class_list":{"0":"post-14106","1":"product","2":"type-product","3":"status-publish","4":"has-post-thumbnail","6":"product_cat-batterieblitze","8":"first","9":"instock","10":"product-type-simple"},"yoast_head":"<!-- This site is optimized with the Yoast SEO plugin v27.2 - https:\/\/yoast.com\/product\/yoast-seo-wordpress\/ -->\n<title>GlareOne Botis 200<\/title>\n<meta name=\"description\" content=\"GlareOne Botis 200\" \/>\n<meta name=\"robots\" content=\"index, follow, max-snippet:-1, max-image-preview:large, max-video-preview:-1\" \/>\n<link rel=\"canonical\" href=\"https:\/\/glareone.eu\/de\/product\/glareone-botis-200\/\" \/>\n<meta property=\"og:locale\" content=\"de_DE\" \/>\n<meta property=\"og:type\" content=\"article\" \/>\n<meta property=\"og:title\" content=\"GlareOne Botis 200\" \/>\n<meta property=\"og:description\" content=\"GlareOne Botis 200\" \/>\n<meta property=\"og:url\" content=\"https:\/\/glareone.eu\/de\/product\/glareone-botis-200\/\" \/>\n<meta property=\"og:site_name\" content=\"GlareOne\" \/>\n<meta property=\"article:publisher\" content=\"https:\/\/www.facebook.com\/GlareOneLighting\" \/>\n<meta property=\"article:modified_time\" content=\"2025-01-20T13:07:33+00:00\" \/>\n<meta property=\"og:image\" content=\"https:\/\/glareone.eu\/wp-content\/uploads\/2024\/04\/SBOTIS200_01.jpg\" \/>\n\t<meta property=\"og:image:width\" content=\"1200\" \/>\n\t<meta property=\"og:image:height\" content=\"1200\" \/>\n\t<meta property=\"og:image:type\" content=\"image\/jpeg\" \/>\n<meta name=\"twitter:card\" content=\"summary_large_image\" \/>\n<meta name=\"twitter:title\" content=\"GlareOne Botis 200\" \/>\n<meta name=\"twitter:label1\" content=\"Gesch\u00e4tzte Lesezeit\" \/>\n\t<meta name=\"twitter:data1\" content=\"3\u00a0Minuten\" \/>\n<script type=\"application\/ld+json\" class=\"yoast-schema-graph\">{\"@context\":\"https:\/\/schema.org\",\"@graph\":[{\"@type\":\"WebPage\",\"@id\":\"https:\/\/glareone.eu\/de\/product\/glareone-botis-200\/\",\"url\":\"https:\/\/glareone.eu\/de\/product\/glareone-botis-200\/\",\"name\":\"GlareOne Botis 200\",\"isPartOf\":{\"@id\":\"https:\/\/glareone.eu\/de\/en\/#website\"},\"primaryImageOfPage\":{\"@id\":\"https:\/\/glareone.eu\/de\/product\/glareone-botis-200\/#primaryimage\"},\"image\":{\"@id\":\"https:\/\/glareone.eu\/de\/product\/glareone-botis-200\/#primaryimage\"},\"thumbnailUrl\":\"https:\/\/glareone.eu\/wp-content\/uploads\/2024\/04\/SBOTIS200_01.jpg\",\"datePublished\":\"2024-04-18T19:26:42+00:00\",\"dateModified\":\"2025-01-20T13:07:33+00:00\",\"description\":\"GlareOne Botis 200\",\"breadcrumb\":{\"@id\":\"https:\/\/glareone.eu\/de\/product\/glareone-botis-200\/#breadcrumb\"},\"inLanguage\":\"de\",\"potentialAction\":[{\"@type\":\"ReadAction\",\"target\":[\"https:\/\/glareone.eu\/de\/product\/glareone-botis-200\/\"]}]},{\"@type\":\"ImageObject\",\"inLanguage\":\"de\",\"@id\":\"https:\/\/glareone.eu\/de\/product\/glareone-botis-200\/#primaryimage\",\"url\":\"https:\/\/glareone.eu\/wp-content\/uploads\/2024\/04\/SBOTIS200_01.jpg\",\"contentUrl\":\"https:\/\/glareone.eu\/wp-content\/uploads\/2024\/04\/SBOTIS200_01.jpg\",\"width\":1200,\"height\":1200},{\"@type\":\"BreadcrumbList\",\"@id\":\"https:\/\/glareone.eu\/de\/product\/glareone-botis-200\/#breadcrumb\",\"itemListElement\":[{\"@type\":\"ListItem\",\"position\":1,\"name\":\"Strona g\u0142\u00f3wna\",\"item\":\"https:\/\/glareone.eu\/de\/\"},{\"@type\":\"ListItem\",\"position\":2,\"name\":\"Alle Produkte\",\"item\":\"https:\/\/glareone.eu\/de\/produkte\/alle-produkte\/\"},{\"@type\":\"ListItem\",\"position\":3,\"name\":\"GlareOne Botis 200\"}]},{\"@type\":\"WebSite\",\"@id\":\"https:\/\/glareone.eu\/de\/en\/#website\",\"url\":\"https:\/\/glareone.eu\/de\/en\/\",\"name\":\"GlareOne\",\"description\":\"Wyposa\u017cenie Studia\",\"publisher\":{\"@id\":\"https:\/\/glareone.eu\/de\/en\/#organization\"},\"potentialAction\":[{\"@type\":\"SearchAction\",\"target\":{\"@type\":\"EntryPoint\",\"urlTemplate\":\"https:\/\/glareone.eu\/de\/en\/?s={search_term_string}\"},\"query-input\":{\"@type\":\"PropertyValueSpecification\",\"valueRequired\":true,\"valueName\":\"search_term_string\"}}],\"inLanguage\":\"de\"},{\"@type\":\"Organization\",\"@id\":\"https:\/\/glareone.eu\/de\/en\/#organization\",\"name\":\"GlareOne\",\"url\":\"https:\/\/glareone.eu\/de\/en\/\",\"logo\":{\"@type\":\"ImageObject\",\"inLanguage\":\"de\",\"@id\":\"https:\/\/glareone.eu\/de\/en\/#\/schema\/logo\/image\/\",\"url\":\"http:\/\/glareone.eu\/wp-content\/uploads\/2024\/05\/glareone_logo2020_RGB-01-e1715773127189.png\",\"contentUrl\":\"http:\/\/glareone.eu\/wp-content\/uploads\/2024\/05\/glareone_logo2020_RGB-01-e1715773127189.png\",\"width\":1270,\"height\":321,\"caption\":\"GlareOne\"},\"image\":{\"@id\":\"https:\/\/glareone.eu\/de\/en\/#\/schema\/logo\/image\/\"},\"sameAs\":[\"https:\/\/www.facebook.com\/GlareOneLighting\",\"https:\/\/www.instagram.com\/glareonelighting\/\",\"https:\/\/www.youtube.com\/@GlareOneTV\"]}]}<\/script>\n<!-- \/ Yoast SEO plugin. -->","yoast_head_json":{"title":"GlareOne Botis 200","description":"GlareOne Botis 200","robots":{"index":"index","follow":"follow","max-snippet":"max-snippet:-1","max-image-preview":"max-image-preview:large","max-video-preview":"max-video-preview:-1"},"canonical":"https:\/\/glareone.eu\/de\/product\/glareone-botis-200\/","og_locale":"de_DE","og_type":"article","og_title":"GlareOne Botis 200","og_description":"GlareOne Botis 200","og_url":"https:\/\/glareone.eu\/de\/product\/glareone-botis-200\/","og_site_name":"GlareOne","article_publisher":"https:\/\/www.facebook.com\/GlareOneLighting","article_modified_time":"2025-01-20T13:07:33+00:00","og_image":[{"width":1200,"height":1200,"url":"https:\/\/glareone.eu\/wp-content\/uploads\/2024\/04\/SBOTIS200_01.jpg","type":"image\/jpeg"}],"twitter_card":"summary_large_image","twitter_title":"GlareOne Botis 200","twitter_misc":{"Gesch\u00e4tzte Lesezeit":"3\u00a0Minuten"},"schema":{"@context":"https:\/\/schema.org","@graph":[{"@type":"WebPage","@id":"https:\/\/glareone.eu\/de\/product\/glareone-botis-200\/","url":"https:\/\/glareone.eu\/de\/product\/glareone-botis-200\/","name":"GlareOne Botis 200","isPartOf":{"@id":"https:\/\/glareone.eu\/de\/en\/#website"},"primaryImageOfPage":{"@id":"https:\/\/glareone.eu\/de\/product\/glareone-botis-200\/#primaryimage"},"image":{"@id":"https:\/\/glareone.eu\/de\/product\/glareone-botis-200\/#primaryimage"},"thumbnailUrl":"https:\/\/glareone.eu\/wp-content\/uploads\/2024\/04\/SBOTIS200_01.jpg","datePublished":"2024-04-18T19:26:42+00:00","dateModified":"2025-01-20T13:07:33+00:00","description":"GlareOne Botis 200","breadcrumb":{"@id":"https:\/\/glareone.eu\/de\/product\/glareone-botis-200\/#breadcrumb"},"inLanguage":"de","potentialAction":[{"@type":"ReadAction","target":["https:\/\/glareone.eu\/de\/product\/glareone-botis-200\/"]}]},{"@type":"ImageObject","inLanguage":"de","@id":"https:\/\/glareone.eu\/de\/product\/glareone-botis-200\/#primaryimage","url":"https:\/\/glareone.eu\/wp-content\/uploads\/2024\/04\/SBOTIS200_01.jpg","contentUrl":"https:\/\/glareone.eu\/wp-content\/uploads\/2024\/04\/SBOTIS200_01.jpg","width":1200,"height":1200},{"@type":"BreadcrumbList","@id":"https:\/\/glareone.eu\/de\/product\/glareone-botis-200\/#breadcrumb","itemListElement":[{"@type":"ListItem","position":1,"name":"Strona g\u0142\u00f3wna","item":"https:\/\/glareone.eu\/de\/"},{"@type":"ListItem","position":2,"name":"Alle Produkte","item":"https:\/\/glareone.eu\/de\/produkte\/alle-produkte\/"},{"@type":"ListItem","position":3,"name":"GlareOne Botis 200"}]},{"@type":"WebSite","@id":"https:\/\/glareone.eu\/de\/en\/#website","url":"https:\/\/glareone.eu\/de\/en\/","name":"GlareOne","description":"Wyposa\u017cenie Studia","publisher":{"@id":"https:\/\/glareone.eu\/de\/en\/#organization"},"potentialAction":[{"@type":"SearchAction","target":{"@type":"EntryPoint","urlTemplate":"https:\/\/glareone.eu\/de\/en\/?s={search_term_string}"},"query-input":{"@type":"PropertyValueSpecification","valueRequired":true,"valueName":"search_term_string"}}],"inLanguage":"de"},{"@type":"Organization","@id":"https:\/\/glareone.eu\/de\/en\/#organization","name":"GlareOne","url":"https:\/\/glareone.eu\/de\/en\/","logo":{"@type":"ImageObject","inLanguage":"de","@id":"https:\/\/glareone.eu\/de\/en\/#\/schema\/logo\/image\/","url":"http:\/\/glareone.eu\/wp-content\/uploads\/2024\/05\/glareone_logo2020_RGB-01-e1715773127189.png","contentUrl":"http:\/\/glareone.eu\/wp-content\/uploads\/2024\/05\/glareone_logo2020_RGB-01-e1715773127189.png","width":1270,"height":321,"caption":"GlareOne"},"image":{"@id":"https:\/\/glareone.eu\/de\/en\/#\/schema\/logo\/image\/"},"sameAs":["https:\/\/www.facebook.com\/GlareOneLighting","https:\/\/www.instagram.com\/glareonelighting\/","https:\/\/www.youtube.com\/@GlareOneTV"]}]}},"_links":{"self":[{"href":"https:\/\/glareone.eu\/de\/wp-json\/wp\/v2\/product\/14106","targetHints":{"allow":["GET"]}}],"collection":[{"href":"https:\/\/glareone.eu\/de\/wp-json\/wp\/v2\/product"}],"about":[{"href":"https:\/\/glareone.eu\/de\/wp-json\/wp\/v2\/types\/product"}],"wp:featuredmedia":[{"embeddable":true,"href":"https:\/\/glareone.eu\/de\/wp-json\/wp\/v2\/media\/14031"}],"wp:attachment":[{"href":"https:\/\/glareone.eu\/de\/wp-json\/wp\/v2\/media?parent=14106"}],"wp:term":[{"taxonomy":"product_brand","embeddable":true,"href":"https:\/\/glareone.eu\/de\/wp-json\/wp\/v2\/product_brand?post=14106"},{"taxonomy":"product_cat","embeddable":true,"href":"https:\/\/glareone.eu\/de\/wp-json\/wp\/v2\/product_cat?post=14106"},{"taxonomy":"product_tag","embeddable":true,"href":"https:\/\/glareone.eu\/de\/wp-json\/wp\/v2\/product_tag?post=14106"}],"curies":[{"name":"wp","href":"https:\/\/api.w.org\/{rel}","templated":true}]}}