{"id":14003,"date":"2024-04-18T19:26:42","date_gmt":"2024-04-18T19:26:42","guid":{"rendered":"https:\/\/glareone.eu\/?post_type=product&#038;p=14003"},"modified":"2026-01-21T11:43:30","modified_gmt":"2026-01-21T11:43:30","slug":"glareone-apus-80","status":"publish","type":"product","link":"https:\/\/glareone.eu\/de\/product\/glareone-apus-80\/","title":{"rendered":"GlareOne Apus 80"},"content":{"rendered":"<p>Der GlareOne Apus 80 ist ein Reporterblitz mit einer Leistung von bis zu 80 Ws. Er verf\u00fcgt \u00fcber HSS- und TTL-Modi und bietet eine lange Betriebsdauer mit einer einzigen Akkuladung. Er erf\u00fcllt die Anforderungen sowohl von Profis als auch von ambitionierten Amateurfotografen.<\/p>\n<p style=\"margin: 1cm 4cm;\">\n<div class='avia-iframe-wrap'><iframe loading=\"lazy\" title=\"GlareOne Apus 80 i 80 S - prezentacja lampy speedlite\" width=\"1500\" height=\"844\" src=\"https:\/\/www.youtube.com\/embed\/b2xuNitHCrA?feature=oembed\" frameborder=\"0\" allow=\"accelerometer; autoplay; clipboard-write; encrypted-media; gyroscope; picture-in-picture; web-share\" referrerpolicy=\"strict-origin-when-cross-origin\" allowfullscreen><\/iframe><\/div>\n<\/p>\n<h3>Hohe Leistung<\/h3>\n<p>Der GlareOne Apus 80 S bietet bis zu 80 Ws Blitzleistung. Das sind 25 % mehr als bei den Standard-Reporterblitzen anderer Hersteller gleicher Gr\u00f6\u00dfe und macht ihn zum leistungsst\u00e4rksten Blitz seiner Klasse.<\/p>\n<h3>Compatibiliteit en veelzijdigheid<\/h3>\n<p>De GlareOne Apus 80 is compatibel met een groot aantal camerasystemen, waaronder Canon, Nikon, Fujifilm, Lumix en OM SYSTEM, waardoor het een ideale keuze is voor fotografen die verschillende systemen gebruiken. Hierdoor is het een universeel hulpmiddel dat zich gemakkelijk aanpast aan de apparatuur van de gebruiker.<\/p>\n<h3>Betriebsmodi und Fernsteuerung<\/h3>\n<p>Der GlareOne Apus 80 bietet die Betriebsarten MASTER und SLAVE. Im MASTER-Modus kann er als Fernsteuerung f\u00fcr andere Blitze dienen. Im SLAVE-Modus kann er von anderen Ger\u00e4ten (Blitzen oder Sendern) ausgel\u00f6st werden und bietet so volle Flexibilit\u00e4t bei der Erstellung von Beleuchtungs-Setups auf dem Fotoset. Dar\u00fcber hinaus bietet seine Kompatibilit\u00e4t mit dem Canon RT-System weitere Synchronisations- und Steuerungsm\u00f6glichkeiten f\u00fcr Canon-Blitzger\u00e4te.<\/p>\n<h3>Trigger-Kompatibilit\u00e4t<\/h3>\n<p>Der GlareOne Apus 80 arbeitet mit allen GlareOne Triggern zusammen, was eine einfache Integration mit anderen Blitzger\u00e4ten der Marke GlareOne erm\u00f6glicht und somit ein bequemes und flexibles Arbeiten erm\u00f6glicht.<\/p>\n<h3>Erweiterte Kanal- und Gruppeneinstellungen<\/h3>\n<p>Der GlareOne Apus 80 erm\u00f6glicht den Betrieb in 16 Gruppen und auf 32 Kan\u00e4len und bietet damit eine breite Palette von Konfigurations- und Steuerungsm\u00f6glichkeiten f\u00fcr mehrere Blitze unter verschiedenen Bedingungen. Dies erm\u00f6glicht eine pr\u00e4zise Einstellung der Beleuchtungsparameter.<\/p>\n<h3>TTL- und HSS-Synchronisation<\/h3>\n<p>Der Blitz bietet Synchronisation mit sehr kurzen Verschlusszeiten (HSS), was f\u00fcr Au\u00dfenaufnahmen und Portr\u00e4tfotografie mit geringer Sch\u00e4rfentiefe wichtig ist. Dar\u00fcber hinaus sorgt die automatische TTL-Lichtmessung f\u00fcr eine optimale Beleuchtung, ohne dass die Parameter manuell eingestellt werden m\u00fcssen, was bequem und zeitsparend ist.<\/p>\n<h3>Lebensdauer der Batterie<\/h3>\n<p>Dank der Verwendung eines Lithium-Ionen-Akkus kann der GlareOne Apus 80 bis zu 500 Blitze mit einer einzigen Akkuladung ausl\u00f6sen, was einen lang anhaltenden und zuverl\u00e4ssigen Betrieb auch bei intensiven Fotosessions gew\u00e4hrleistet.<\/p>\n<h3>Einstellung der Blitzleistung<\/h3>\n<p>Das Blitzger\u00e4t bietet die M\u00f6glichkeit, die Blitzleistung \u00fcber 9 Blendenstufen einzustellen, was eine pr\u00e4zise Anpassung der Blitzleistung erm\u00f6glicht.<\/p>\n<h3>Schnelle Ladezeit<\/h3>\n<p>Die Ladezeit des GlareOne Apus 80 liegt zwischen 0,05 und 1,5 Sekunden und erm\u00f6glicht so eine schnelle und effiziente Vorbereitung auf die n\u00e4chsten Aufnahmen ohne lange Unterbrechungen.<\/p>\n<h3>Eigenschaften des GlareOne Apus 80:<\/h3>\n<ul>\n<li>Maximale Leistung 80 Ws<\/li>\n<li>HSS-Synchronisation bei kurzen Verschlusszeiten<\/li>\n<li>Automatische TTL-Lichtmessung<\/li>\n<li>Bis zu 500 Blitze mit einer Akkuladung<\/li>\n<li>Anpassung der Blitzleistung \u00fcber 9 Blendenstufen<\/li>\n<li>Aufladezeit 0,05 ~ 1,5s<\/li>\n<li>Kompatibel mit Canon \/ Nikon \/ Fujifilm \/ Lumix \/ OM SYSTEM<\/li>\n<li>Kann als Fernsteuerung f\u00fcr andere Blitzger\u00e4te verwendet werden (MASTER-Modus)<\/li>\n<li>Kann ferngesteuert und ausgel\u00f6st werden (SLAVE-Modus)<\/li>\n<li>Funktioniert mit allen GlareOne Ausl\u00f6sern<\/li>\n<li>Kompatibel mit dem Canon RT System<\/li>\n<li>16 Gruppen \/ 32 Kan\u00e4le<\/li>\n<li>Funktioniert mit den Lampen Vega, Antares, Apus, Botis<\/li>\n<li>3W LED Einstellicht<\/li>\n<\/ul>\n<h3>Die Box enth\u00e4lt:<\/h3>\n<p>1x GlareOne Apus 80<br \/>\n1x A80BP Akku<br \/>\n1x A80CH Ladeadapter<br \/>\n1x USB-C-Ladekabel<br \/>\n1x Tasche<br \/>\n1x Benutzerhandbuch<br \/>\n1x Standfu\u00df<\/p>\n","protected":false},"excerpt":{"rendered":"<p>Der GlareOne Apus 80 ist ein Reporterblitz mit einer Leistung von bis zu 80 Ws. Er verf\u00fcgt \u00fcber HSS- und TTL-Modi und bietet eine lange Betriebsdauer mit einer einzigen Akkuladung. Er erf\u00fcllt die Anforderungen sowohl von Profis als auch von ambitionierten Amateurfotografen. Hohe Leistung Der GlareOne Apus 80 S bietet bis zu 80 Ws Blitzleistung. [&hellip;]<\/p>\n","protected":false},"featured_media":14862,"template":"","meta":[],"product_brand":[],"product_cat":[525],"product_tag":[],"class_list":{"0":"post-14003","1":"product","2":"type-product","3":"status-publish","4":"has-post-thumbnail","6":"product_cat-batterieblitze","8":"first","9":"instock","10":"product-type-simple"},"yoast_head":"<!-- This site is optimized with the Yoast SEO plugin v27.2 - https:\/\/yoast.com\/product\/yoast-seo-wordpress\/ -->\n<title>GlareOne Apus 80<\/title>\n<meta name=\"description\" content=\"GlareOne Apus 80\" \/>\n<meta name=\"robots\" content=\"index, follow, max-snippet:-1, max-image-preview:large, max-video-preview:-1\" \/>\n<link rel=\"canonical\" href=\"https:\/\/glareone.eu\/de\/product\/glareone-apus-80\/\" \/>\n<meta property=\"og:locale\" content=\"de_DE\" \/>\n<meta property=\"og:type\" content=\"article\" \/>\n<meta property=\"og:title\" content=\"GlareOne Apus 80\" \/>\n<meta property=\"og:description\" content=\"GlareOne Apus 80\" \/>\n<meta property=\"og:url\" content=\"https:\/\/glareone.eu\/de\/product\/glareone-apus-80\/\" \/>\n<meta property=\"og:site_name\" content=\"GlareOne\" \/>\n<meta property=\"article:publisher\" content=\"https:\/\/www.facebook.com\/GlareOneLighting\" \/>\n<meta property=\"article:modified_time\" content=\"2026-01-21T11:43:30+00:00\" \/>\n<meta property=\"og:image\" content=\"https:\/\/glareone.eu\/wp-content\/uploads\/2024\/04\/SAPUS80_10-2.jpg\" \/>\n\t<meta property=\"og:image:width\" content=\"1200\" \/>\n\t<meta property=\"og:image:height\" content=\"1200\" \/>\n\t<meta property=\"og:image:type\" content=\"image\/jpeg\" \/>\n<meta name=\"twitter:card\" content=\"summary_large_image\" \/>\n<meta name=\"twitter:title\" content=\"GlareOne Apus 80\" \/>\n<meta name=\"twitter:label1\" content=\"Gesch\u00e4tzte Lesezeit\" \/>\n\t<meta name=\"twitter:data1\" content=\"3\u00a0Minuten\" \/>\n<script type=\"application\/ld+json\" class=\"yoast-schema-graph\">{\"@context\":\"https:\/\/schema.org\",\"@graph\":[{\"@type\":\"WebPage\",\"@id\":\"https:\/\/glareone.eu\/de\/product\/glareone-apus-80\/\",\"url\":\"https:\/\/glareone.eu\/de\/product\/glareone-apus-80\/\",\"name\":\"GlareOne Apus 80\",\"isPartOf\":{\"@id\":\"https:\/\/glareone.eu\/de\/en\/#website\"},\"primaryImageOfPage\":{\"@id\":\"https:\/\/glareone.eu\/de\/product\/glareone-apus-80\/#primaryimage\"},\"image\":{\"@id\":\"https:\/\/glareone.eu\/de\/product\/glareone-apus-80\/#primaryimage\"},\"thumbnailUrl\":\"https:\/\/glareone.eu\/wp-content\/uploads\/2024\/04\/SAPUS80_10-2.jpg\",\"datePublished\":\"2024-04-18T19:26:42+00:00\",\"dateModified\":\"2026-01-21T11:43:30+00:00\",\"description\":\"GlareOne Apus 80\",\"breadcrumb\":{\"@id\":\"https:\/\/glareone.eu\/de\/product\/glareone-apus-80\/#breadcrumb\"},\"inLanguage\":\"de\",\"potentialAction\":[{\"@type\":\"ReadAction\",\"target\":[\"https:\/\/glareone.eu\/de\/product\/glareone-apus-80\/\"]}]},{\"@type\":\"ImageObject\",\"inLanguage\":\"de\",\"@id\":\"https:\/\/glareone.eu\/de\/product\/glareone-apus-80\/#primaryimage\",\"url\":\"https:\/\/glareone.eu\/wp-content\/uploads\/2024\/04\/SAPUS80_10-2.jpg\",\"contentUrl\":\"https:\/\/glareone.eu\/wp-content\/uploads\/2024\/04\/SAPUS80_10-2.jpg\",\"width\":1200,\"height\":1200},{\"@type\":\"BreadcrumbList\",\"@id\":\"https:\/\/glareone.eu\/de\/product\/glareone-apus-80\/#breadcrumb\",\"itemListElement\":[{\"@type\":\"ListItem\",\"position\":1,\"name\":\"Strona g\u0142\u00f3wna\",\"item\":\"https:\/\/glareone.eu\/de\/\"},{\"@type\":\"ListItem\",\"position\":2,\"name\":\"Alle Produkte\",\"item\":\"https:\/\/glareone.eu\/de\/produkte\/alle-produkte\/\"},{\"@type\":\"ListItem\",\"position\":3,\"name\":\"GlareOne Apus 80\"}]},{\"@type\":\"WebSite\",\"@id\":\"https:\/\/glareone.eu\/de\/en\/#website\",\"url\":\"https:\/\/glareone.eu\/de\/en\/\",\"name\":\"GlareOne\",\"description\":\"Wyposa\u017cenie Studia\",\"publisher\":{\"@id\":\"https:\/\/glareone.eu\/de\/en\/#organization\"},\"potentialAction\":[{\"@type\":\"SearchAction\",\"target\":{\"@type\":\"EntryPoint\",\"urlTemplate\":\"https:\/\/glareone.eu\/de\/en\/?s={search_term_string}\"},\"query-input\":{\"@type\":\"PropertyValueSpecification\",\"valueRequired\":true,\"valueName\":\"search_term_string\"}}],\"inLanguage\":\"de\"},{\"@type\":\"Organization\",\"@id\":\"https:\/\/glareone.eu\/de\/en\/#organization\",\"name\":\"GlareOne\",\"url\":\"https:\/\/glareone.eu\/de\/en\/\",\"logo\":{\"@type\":\"ImageObject\",\"inLanguage\":\"de\",\"@id\":\"https:\/\/glareone.eu\/de\/en\/#\/schema\/logo\/image\/\",\"url\":\"http:\/\/glareone.eu\/wp-content\/uploads\/2024\/05\/glareone_logo2020_RGB-01-e1715773127189.png\",\"contentUrl\":\"http:\/\/glareone.eu\/wp-content\/uploads\/2024\/05\/glareone_logo2020_RGB-01-e1715773127189.png\",\"width\":1270,\"height\":321,\"caption\":\"GlareOne\"},\"image\":{\"@id\":\"https:\/\/glareone.eu\/de\/en\/#\/schema\/logo\/image\/\"},\"sameAs\":[\"https:\/\/www.facebook.com\/GlareOneLighting\",\"https:\/\/www.instagram.com\/glareonelighting\/\",\"https:\/\/www.youtube.com\/@GlareOneTV\"]}]}<\/script>\n<!-- \/ Yoast SEO plugin. -->","yoast_head_json":{"title":"GlareOne Apus 80","description":"GlareOne Apus 80","robots":{"index":"index","follow":"follow","max-snippet":"max-snippet:-1","max-image-preview":"max-image-preview:large","max-video-preview":"max-video-preview:-1"},"canonical":"https:\/\/glareone.eu\/de\/product\/glareone-apus-80\/","og_locale":"de_DE","og_type":"article","og_title":"GlareOne Apus 80","og_description":"GlareOne Apus 80","og_url":"https:\/\/glareone.eu\/de\/product\/glareone-apus-80\/","og_site_name":"GlareOne","article_publisher":"https:\/\/www.facebook.com\/GlareOneLighting","article_modified_time":"2026-01-21T11:43:30+00:00","og_image":[{"width":1200,"height":1200,"url":"https:\/\/glareone.eu\/wp-content\/uploads\/2024\/04\/SAPUS80_10-2.jpg","type":"image\/jpeg"}],"twitter_card":"summary_large_image","twitter_title":"GlareOne Apus 80","twitter_misc":{"Gesch\u00e4tzte Lesezeit":"3\u00a0Minuten"},"schema":{"@context":"https:\/\/schema.org","@graph":[{"@type":"WebPage","@id":"https:\/\/glareone.eu\/de\/product\/glareone-apus-80\/","url":"https:\/\/glareone.eu\/de\/product\/glareone-apus-80\/","name":"GlareOne Apus 80","isPartOf":{"@id":"https:\/\/glareone.eu\/de\/en\/#website"},"primaryImageOfPage":{"@id":"https:\/\/glareone.eu\/de\/product\/glareone-apus-80\/#primaryimage"},"image":{"@id":"https:\/\/glareone.eu\/de\/product\/glareone-apus-80\/#primaryimage"},"thumbnailUrl":"https:\/\/glareone.eu\/wp-content\/uploads\/2024\/04\/SAPUS80_10-2.jpg","datePublished":"2024-04-18T19:26:42+00:00","dateModified":"2026-01-21T11:43:30+00:00","description":"GlareOne Apus 80","breadcrumb":{"@id":"https:\/\/glareone.eu\/de\/product\/glareone-apus-80\/#breadcrumb"},"inLanguage":"de","potentialAction":[{"@type":"ReadAction","target":["https:\/\/glareone.eu\/de\/product\/glareone-apus-80\/"]}]},{"@type":"ImageObject","inLanguage":"de","@id":"https:\/\/glareone.eu\/de\/product\/glareone-apus-80\/#primaryimage","url":"https:\/\/glareone.eu\/wp-content\/uploads\/2024\/04\/SAPUS80_10-2.jpg","contentUrl":"https:\/\/glareone.eu\/wp-content\/uploads\/2024\/04\/SAPUS80_10-2.jpg","width":1200,"height":1200},{"@type":"BreadcrumbList","@id":"https:\/\/glareone.eu\/de\/product\/glareone-apus-80\/#breadcrumb","itemListElement":[{"@type":"ListItem","position":1,"name":"Strona g\u0142\u00f3wna","item":"https:\/\/glareone.eu\/de\/"},{"@type":"ListItem","position":2,"name":"Alle Produkte","item":"https:\/\/glareone.eu\/de\/produkte\/alle-produkte\/"},{"@type":"ListItem","position":3,"name":"GlareOne Apus 80"}]},{"@type":"WebSite","@id":"https:\/\/glareone.eu\/de\/en\/#website","url":"https:\/\/glareone.eu\/de\/en\/","name":"GlareOne","description":"Wyposa\u017cenie Studia","publisher":{"@id":"https:\/\/glareone.eu\/de\/en\/#organization"},"potentialAction":[{"@type":"SearchAction","target":{"@type":"EntryPoint","urlTemplate":"https:\/\/glareone.eu\/de\/en\/?s={search_term_string}"},"query-input":{"@type":"PropertyValueSpecification","valueRequired":true,"valueName":"search_term_string"}}],"inLanguage":"de"},{"@type":"Organization","@id":"https:\/\/glareone.eu\/de\/en\/#organization","name":"GlareOne","url":"https:\/\/glareone.eu\/de\/en\/","logo":{"@type":"ImageObject","inLanguage":"de","@id":"https:\/\/glareone.eu\/de\/en\/#\/schema\/logo\/image\/","url":"http:\/\/glareone.eu\/wp-content\/uploads\/2024\/05\/glareone_logo2020_RGB-01-e1715773127189.png","contentUrl":"http:\/\/glareone.eu\/wp-content\/uploads\/2024\/05\/glareone_logo2020_RGB-01-e1715773127189.png","width":1270,"height":321,"caption":"GlareOne"},"image":{"@id":"https:\/\/glareone.eu\/de\/en\/#\/schema\/logo\/image\/"},"sameAs":["https:\/\/www.facebook.com\/GlareOneLighting","https:\/\/www.instagram.com\/glareonelighting\/","https:\/\/www.youtube.com\/@GlareOneTV"]}]}},"_links":{"self":[{"href":"https:\/\/glareone.eu\/de\/wp-json\/wp\/v2\/product\/14003","targetHints":{"allow":["GET"]}}],"collection":[{"href":"https:\/\/glareone.eu\/de\/wp-json\/wp\/v2\/product"}],"about":[{"href":"https:\/\/glareone.eu\/de\/wp-json\/wp\/v2\/types\/product"}],"wp:featuredmedia":[{"embeddable":true,"href":"https:\/\/glareone.eu\/de\/wp-json\/wp\/v2\/media\/14862"}],"wp:attachment":[{"href":"https:\/\/glareone.eu\/de\/wp-json\/wp\/v2\/media?parent=14003"}],"wp:term":[{"taxonomy":"product_brand","embeddable":true,"href":"https:\/\/glareone.eu\/de\/wp-json\/wp\/v2\/product_brand?post=14003"},{"taxonomy":"product_cat","embeddable":true,"href":"https:\/\/glareone.eu\/de\/wp-json\/wp\/v2\/product_cat?post=14003"},{"taxonomy":"product_tag","embeddable":true,"href":"https:\/\/glareone.eu\/de\/wp-json\/wp\/v2\/product_tag?post=14003"}],"curies":[{"name":"wp","href":"https:\/\/api.w.org\/{rel}","templated":true}]}}