{"id":13996,"date":"2024-04-18T19:26:42","date_gmt":"2024-04-18T19:26:42","guid":{"rendered":"https:\/\/glareone.eu\/?post_type=product&#038;p=13996"},"modified":"2026-01-21T11:43:40","modified_gmt":"2026-01-21T11:43:40","slug":"glareone-apus-80-s","status":"publish","type":"product","link":"https:\/\/glareone.eu\/de\/product\/glareone-apus-80-s\/","title":{"rendered":"GlareOne Apus 80 S"},"content":{"rendered":"<p>Der GlareOne Apus 80 S ist ein Reporterblitz mit einer Leistung von bis zu 80 Ws. Er verf\u00fcgt \u00fcber HSS- und TTL-Modi und bietet eine lange Betriebsdauer mit einer einzigen Akkuladung. Er erf\u00fcllt die Anforderungen sowohl von Profis als auch von ambitionierten Amateurfotografen.<\/p>\n<p style=\"margin: 1cm 4cm;\">\n<div class='avia-iframe-wrap'><iframe loading=\"lazy\" title=\"GlareOne Apus 80 i 80 S - prezentacja lampy speedlite\" width=\"1500\" height=\"844\" src=\"https:\/\/www.youtube.com\/embed\/b2xuNitHCrA?feature=oembed\" frameborder=\"0\" allow=\"accelerometer; autoplay; clipboard-write; encrypted-media; gyroscope; picture-in-picture; web-share\" referrerpolicy=\"strict-origin-when-cross-origin\" allowfullscreen><\/iframe><\/div>\n<\/p>\n<h3>Hohe Leistung<\/h3>\n<p>Der GlareOne Apus 80 S bietet bis zu 80 Ws Blitzleistung. Das sind 25 % mehr als bei den Standard-Reporterblitzen anderer Hersteller gleicher Gr\u00f6\u00dfe und macht ihn zum leistungsst\u00e4rksten Blitz seiner Klasse.<\/p>\n<h3>Kompatibilit\u00e4t<\/h3>\n<p>Der GlareOne Apus 80 S ist nur mit Sony \u00fcber den Sony Multi Interface Schuh kompatibel.<\/p>\n<h3>Betriebsarten und Fernsteuerung<\/h3>\n<p>Der GlareOne Apus 80 S bietet die Betriebsarten MASTER und SLAVE. Im MASTER-Modus kann er als Fernsteuerung f\u00fcr andere Blitze fungieren, was es Ihnen erm\u00f6glicht, ein fortschrittliches Beleuchtungssystem zu erstellen. Im SLAVE-Modus hingegen kann er von anderen Ger\u00e4ten (Lampen oder Sendern) ausgel\u00f6st werden, was Ihnen volle Flexibilit\u00e4t bei der Lichtgestaltung am Set bietet. Dank seiner Kompatibilit\u00e4t mit dem Canon RT-System bietet der Blitz au\u00dferdem zus\u00e4tzliche Synchronisations- und Steuerungsm\u00f6glichkeiten f\u00fcr Canon-Leuchten.<\/p>\n<h3>Zusammenarbeit mit Triggern<\/h3>\n<p>Der GlareOne Apus 80 S arbeitet mit allen GlareOne Ausl\u00f6sern zusammen, so dass er problemlos mit anderen GlareOne Blitzen verwendet werden kann, was Ihnen mehr Komfort und Flexibilit\u00e4t bei Ihrer Arbeit bietet.<\/p>\n<h3>Erweiterte Kanal- und Gruppeneinstellungen<\/h3>\n<p>Der GlareOne Apus 80 S erm\u00f6glicht Ihnen die Arbeit mit 16 Gruppen und 32 Kan\u00e4len, was Ihnen eine breite Palette an Konfigurationsm\u00f6glichkeiten und die Kontrolle \u00fcber mehrere Lichter unter verschiedenen Bedingungen bietet. So k\u00f6nnen Sie die Beleuchtungsparameter pr\u00e4zise einstellen.<\/p>\n<h3>HSS- und TTL-Synchronisierung<\/h3>\n<p>Der Blitz verf\u00fcgt \u00fcber eine HSS-Synchronisation mit ultrakurzer Verschlusszeit, die f\u00fcr Au\u00dfenaufnahmen und Portr\u00e4tfotografie mit geringer Sch\u00e4rfentiefe wichtig ist. Die automatische TTL-Belichtungsmessung erm\u00f6glicht eine optimale Ausleuchtung ohne manuelle Einstellungen, was nicht nur bequem ist, sondern auch Zeit spart.<\/p>\n<h3>Lange Akkulaufzeit<\/h3>\n<p>Dank seines wiederaufladbaren Lithium-Ionen-Akkus kann der GlareOne Apus 80 S Blitz bis zu 500 Blitze mit einer einzigen Ladung durchf\u00fchren und gew\u00e4hrleistet so einen langen und zuverl\u00e4ssigen Betrieb, auch bei intensiven Fotosessions.<\/p>\n<h3>Einstellbare Blitzleistung<\/h3>\n<p>Der Blitz bietet eine einstellbare Blitzleistung innerhalb eines 9-Grad-Blendenbereichs, was eine Feinabstimmung der Blitzleistung erm\u00f6glicht.<\/p>\n<h3>Schnelle Ladezeit<\/h3>\n<p>Die Ladezeit der GlareOne Apus 80 S Lampe liegt zwischen 0,05 und 1,5 Sekunden, so dass Sie sich schnell und effizient auf Ihre n\u00e4chste Aufnahme vorbereiten k\u00f6nnen, ohne lange Ausfallzeiten.<\/p>\n<h3>Eigenschaften der GlareOne Apus 80 S Lampe:<\/h3>\n<ul>\n<li>maximale Leistung von 80 Ws,<\/li>\n<li>HSS-Hochgeschwindigkeits-Synchronisation der Verschlusszeit,<\/li>\n<li>Automatische TTL-Belichtungsmessung,<\/li>\n<li>bis zu 500 Blitze mit einer Akkuladung,<\/li>\n<li>Einstellung der Blitzleistung in 9 Blendenstufen,<\/li>\n<li>Ladezeit 0,05 ~ 1,5 Sek,<\/li>\n<li>Sony-kompatibel,<\/li>\n<li>kann als Fernsteuerung f\u00fcr andere Blitze verwendet werden (MASTER-Modus),<\/li>\n<li>kann ferngesteuert und ausgel\u00f6st werden (SLAVE-Modus),<\/li>\n<li>funktioniert mit allen GlareOne Ausl\u00f6sern,<\/li>\n<li>arbeitet mit dem Canon RT System,<\/li>\n<li>16 Gruppen \/ 32 Kan\u00e4le,<\/li>\n<li>Funktioniert mit den Lampen Vega, Antares, Apus, Botis,<\/li>\n<li>3W LED-Pilotlicht.<\/li>\n<\/ul>\n<h3>Inhalt der Box<\/h3>\n<p>1x GlareOne Apus 80 S<br \/>\n1x wiederaufladbare Batterie A80BP<br \/>\n1x Ladeadapter A80CH<br \/>\n1x USB-C Ladekabel<br \/>\n1x Tragetasche<br \/>\n1x Benutzerhandbuch<br \/>\n1x Stativschuh<\/p>\n","protected":false},"excerpt":{"rendered":"<p>Der GlareOne Apus 80 S ist ein Reporterblitz mit einer Leistung von bis zu 80 Ws. Er verf\u00fcgt \u00fcber HSS- und TTL-Modi und bietet eine lange Betriebsdauer mit einer einzigen Akkuladung. Er erf\u00fcllt die Anforderungen sowohl von Profis als auch von ambitionierten Amateurfotografen. Hohe Leistung Der GlareOne Apus 80 S bietet bis zu 80 Ws [&hellip;]<\/p>\n","protected":false},"featured_media":14915,"template":"","meta":[],"product_brand":[],"product_cat":[525],"product_tag":[],"class_list":{"0":"post-13996","1":"product","2":"type-product","3":"status-publish","4":"has-post-thumbnail","6":"product_cat-batterieblitze","8":"first","9":"instock","10":"product-type-simple"},"yoast_head":"<!-- This site is optimized with the Yoast SEO plugin v27.2 - https:\/\/yoast.com\/product\/yoast-seo-wordpress\/ -->\n<title>GlareOne Apus 80 S<\/title>\n<meta name=\"description\" content=\"GlareOne Apus 80 S\" \/>\n<meta name=\"robots\" content=\"index, follow, max-snippet:-1, max-image-preview:large, max-video-preview:-1\" \/>\n<link rel=\"canonical\" href=\"https:\/\/glareone.eu\/de\/product\/glareone-apus-80-s\/\" \/>\n<meta property=\"og:locale\" content=\"de_DE\" \/>\n<meta property=\"og:type\" content=\"article\" \/>\n<meta property=\"og:title\" content=\"GlareOne Apus 80 S\" \/>\n<meta property=\"og:description\" content=\"GlareOne Apus 80 S\" \/>\n<meta property=\"og:url\" content=\"https:\/\/glareone.eu\/de\/product\/glareone-apus-80-s\/\" \/>\n<meta property=\"og:site_name\" content=\"GlareOne\" \/>\n<meta property=\"article:publisher\" content=\"https:\/\/www.facebook.com\/GlareOneLighting\" \/>\n<meta property=\"article:modified_time\" content=\"2026-01-21T11:43:40+00:00\" \/>\n<meta property=\"og:image\" content=\"https:\/\/glareone.eu\/wp-content\/uploads\/2024\/04\/SAPUS80S_10.jpg\" \/>\n\t<meta property=\"og:image:width\" content=\"1200\" \/>\n\t<meta property=\"og:image:height\" content=\"1200\" \/>\n\t<meta property=\"og:image:type\" content=\"image\/jpeg\" \/>\n<meta name=\"twitter:card\" content=\"summary_large_image\" \/>\n<meta name=\"twitter:title\" content=\"GlareOne Apus 80 S\" \/>\n<meta name=\"twitter:label1\" content=\"Gesch\u00e4tzte Lesezeit\" \/>\n\t<meta name=\"twitter:data1\" content=\"3\u00a0Minuten\" \/>\n<script type=\"application\/ld+json\" class=\"yoast-schema-graph\">{\"@context\":\"https:\/\/schema.org\",\"@graph\":[{\"@type\":\"WebPage\",\"@id\":\"https:\/\/glareone.eu\/de\/product\/glareone-apus-80-s\/\",\"url\":\"https:\/\/glareone.eu\/de\/product\/glareone-apus-80-s\/\",\"name\":\"GlareOne Apus 80 S\",\"isPartOf\":{\"@id\":\"https:\/\/glareone.eu\/de\/en\/#website\"},\"primaryImageOfPage\":{\"@id\":\"https:\/\/glareone.eu\/de\/product\/glareone-apus-80-s\/#primaryimage\"},\"image\":{\"@id\":\"https:\/\/glareone.eu\/de\/product\/glareone-apus-80-s\/#primaryimage\"},\"thumbnailUrl\":\"https:\/\/glareone.eu\/wp-content\/uploads\/2024\/04\/SAPUS80S_10.jpg\",\"datePublished\":\"2024-04-18T19:26:42+00:00\",\"dateModified\":\"2026-01-21T11:43:40+00:00\",\"description\":\"GlareOne Apus 80 S\",\"breadcrumb\":{\"@id\":\"https:\/\/glareone.eu\/de\/product\/glareone-apus-80-s\/#breadcrumb\"},\"inLanguage\":\"de\",\"potentialAction\":[{\"@type\":\"ReadAction\",\"target\":[\"https:\/\/glareone.eu\/de\/product\/glareone-apus-80-s\/\"]}]},{\"@type\":\"ImageObject\",\"inLanguage\":\"de\",\"@id\":\"https:\/\/glareone.eu\/de\/product\/glareone-apus-80-s\/#primaryimage\",\"url\":\"https:\/\/glareone.eu\/wp-content\/uploads\/2024\/04\/SAPUS80S_10.jpg\",\"contentUrl\":\"https:\/\/glareone.eu\/wp-content\/uploads\/2024\/04\/SAPUS80S_10.jpg\",\"width\":1200,\"height\":1200},{\"@type\":\"BreadcrumbList\",\"@id\":\"https:\/\/glareone.eu\/de\/product\/glareone-apus-80-s\/#breadcrumb\",\"itemListElement\":[{\"@type\":\"ListItem\",\"position\":1,\"name\":\"Strona g\u0142\u00f3wna\",\"item\":\"https:\/\/glareone.eu\/de\/\"},{\"@type\":\"ListItem\",\"position\":2,\"name\":\"Alle Produkte\",\"item\":\"https:\/\/glareone.eu\/de\/produkte\/alle-produkte\/\"},{\"@type\":\"ListItem\",\"position\":3,\"name\":\"GlareOne Apus 80 S\"}]},{\"@type\":\"WebSite\",\"@id\":\"https:\/\/glareone.eu\/de\/en\/#website\",\"url\":\"https:\/\/glareone.eu\/de\/en\/\",\"name\":\"GlareOne\",\"description\":\"Wyposa\u017cenie Studia\",\"publisher\":{\"@id\":\"https:\/\/glareone.eu\/de\/en\/#organization\"},\"potentialAction\":[{\"@type\":\"SearchAction\",\"target\":{\"@type\":\"EntryPoint\",\"urlTemplate\":\"https:\/\/glareone.eu\/de\/en\/?s={search_term_string}\"},\"query-input\":{\"@type\":\"PropertyValueSpecification\",\"valueRequired\":true,\"valueName\":\"search_term_string\"}}],\"inLanguage\":\"de\"},{\"@type\":\"Organization\",\"@id\":\"https:\/\/glareone.eu\/de\/en\/#organization\",\"name\":\"GlareOne\",\"url\":\"https:\/\/glareone.eu\/de\/en\/\",\"logo\":{\"@type\":\"ImageObject\",\"inLanguage\":\"de\",\"@id\":\"https:\/\/glareone.eu\/de\/en\/#\/schema\/logo\/image\/\",\"url\":\"http:\/\/glareone.eu\/wp-content\/uploads\/2024\/05\/glareone_logo2020_RGB-01-e1715773127189.png\",\"contentUrl\":\"http:\/\/glareone.eu\/wp-content\/uploads\/2024\/05\/glareone_logo2020_RGB-01-e1715773127189.png\",\"width\":1270,\"height\":321,\"caption\":\"GlareOne\"},\"image\":{\"@id\":\"https:\/\/glareone.eu\/de\/en\/#\/schema\/logo\/image\/\"},\"sameAs\":[\"https:\/\/www.facebook.com\/GlareOneLighting\",\"https:\/\/www.instagram.com\/glareonelighting\/\",\"https:\/\/www.youtube.com\/@GlareOneTV\"]}]}<\/script>\n<!-- \/ Yoast SEO plugin. -->","yoast_head_json":{"title":"GlareOne Apus 80 S","description":"GlareOne Apus 80 S","robots":{"index":"index","follow":"follow","max-snippet":"max-snippet:-1","max-image-preview":"max-image-preview:large","max-video-preview":"max-video-preview:-1"},"canonical":"https:\/\/glareone.eu\/de\/product\/glareone-apus-80-s\/","og_locale":"de_DE","og_type":"article","og_title":"GlareOne Apus 80 S","og_description":"GlareOne Apus 80 S","og_url":"https:\/\/glareone.eu\/de\/product\/glareone-apus-80-s\/","og_site_name":"GlareOne","article_publisher":"https:\/\/www.facebook.com\/GlareOneLighting","article_modified_time":"2026-01-21T11:43:40+00:00","og_image":[{"width":1200,"height":1200,"url":"https:\/\/glareone.eu\/wp-content\/uploads\/2024\/04\/SAPUS80S_10.jpg","type":"image\/jpeg"}],"twitter_card":"summary_large_image","twitter_title":"GlareOne Apus 80 S","twitter_misc":{"Gesch\u00e4tzte Lesezeit":"3\u00a0Minuten"},"schema":{"@context":"https:\/\/schema.org","@graph":[{"@type":"WebPage","@id":"https:\/\/glareone.eu\/de\/product\/glareone-apus-80-s\/","url":"https:\/\/glareone.eu\/de\/product\/glareone-apus-80-s\/","name":"GlareOne Apus 80 S","isPartOf":{"@id":"https:\/\/glareone.eu\/de\/en\/#website"},"primaryImageOfPage":{"@id":"https:\/\/glareone.eu\/de\/product\/glareone-apus-80-s\/#primaryimage"},"image":{"@id":"https:\/\/glareone.eu\/de\/product\/glareone-apus-80-s\/#primaryimage"},"thumbnailUrl":"https:\/\/glareone.eu\/wp-content\/uploads\/2024\/04\/SAPUS80S_10.jpg","datePublished":"2024-04-18T19:26:42+00:00","dateModified":"2026-01-21T11:43:40+00:00","description":"GlareOne Apus 80 S","breadcrumb":{"@id":"https:\/\/glareone.eu\/de\/product\/glareone-apus-80-s\/#breadcrumb"},"inLanguage":"de","potentialAction":[{"@type":"ReadAction","target":["https:\/\/glareone.eu\/de\/product\/glareone-apus-80-s\/"]}]},{"@type":"ImageObject","inLanguage":"de","@id":"https:\/\/glareone.eu\/de\/product\/glareone-apus-80-s\/#primaryimage","url":"https:\/\/glareone.eu\/wp-content\/uploads\/2024\/04\/SAPUS80S_10.jpg","contentUrl":"https:\/\/glareone.eu\/wp-content\/uploads\/2024\/04\/SAPUS80S_10.jpg","width":1200,"height":1200},{"@type":"BreadcrumbList","@id":"https:\/\/glareone.eu\/de\/product\/glareone-apus-80-s\/#breadcrumb","itemListElement":[{"@type":"ListItem","position":1,"name":"Strona g\u0142\u00f3wna","item":"https:\/\/glareone.eu\/de\/"},{"@type":"ListItem","position":2,"name":"Alle Produkte","item":"https:\/\/glareone.eu\/de\/produkte\/alle-produkte\/"},{"@type":"ListItem","position":3,"name":"GlareOne Apus 80 S"}]},{"@type":"WebSite","@id":"https:\/\/glareone.eu\/de\/en\/#website","url":"https:\/\/glareone.eu\/de\/en\/","name":"GlareOne","description":"Wyposa\u017cenie Studia","publisher":{"@id":"https:\/\/glareone.eu\/de\/en\/#organization"},"potentialAction":[{"@type":"SearchAction","target":{"@type":"EntryPoint","urlTemplate":"https:\/\/glareone.eu\/de\/en\/?s={search_term_string}"},"query-input":{"@type":"PropertyValueSpecification","valueRequired":true,"valueName":"search_term_string"}}],"inLanguage":"de"},{"@type":"Organization","@id":"https:\/\/glareone.eu\/de\/en\/#organization","name":"GlareOne","url":"https:\/\/glareone.eu\/de\/en\/","logo":{"@type":"ImageObject","inLanguage":"de","@id":"https:\/\/glareone.eu\/de\/en\/#\/schema\/logo\/image\/","url":"http:\/\/glareone.eu\/wp-content\/uploads\/2024\/05\/glareone_logo2020_RGB-01-e1715773127189.png","contentUrl":"http:\/\/glareone.eu\/wp-content\/uploads\/2024\/05\/glareone_logo2020_RGB-01-e1715773127189.png","width":1270,"height":321,"caption":"GlareOne"},"image":{"@id":"https:\/\/glareone.eu\/de\/en\/#\/schema\/logo\/image\/"},"sameAs":["https:\/\/www.facebook.com\/GlareOneLighting","https:\/\/www.instagram.com\/glareonelighting\/","https:\/\/www.youtube.com\/@GlareOneTV"]}]}},"_links":{"self":[{"href":"https:\/\/glareone.eu\/de\/wp-json\/wp\/v2\/product\/13996","targetHints":{"allow":["GET"]}}],"collection":[{"href":"https:\/\/glareone.eu\/de\/wp-json\/wp\/v2\/product"}],"about":[{"href":"https:\/\/glareone.eu\/de\/wp-json\/wp\/v2\/types\/product"}],"wp:featuredmedia":[{"embeddable":true,"href":"https:\/\/glareone.eu\/de\/wp-json\/wp\/v2\/media\/14915"}],"wp:attachment":[{"href":"https:\/\/glareone.eu\/de\/wp-json\/wp\/v2\/media?parent=13996"}],"wp:term":[{"taxonomy":"product_brand","embeddable":true,"href":"https:\/\/glareone.eu\/de\/wp-json\/wp\/v2\/product_brand?post=13996"},{"taxonomy":"product_cat","embeddable":true,"href":"https:\/\/glareone.eu\/de\/wp-json\/wp\/v2\/product_cat?post=13996"},{"taxonomy":"product_tag","embeddable":true,"href":"https:\/\/glareone.eu\/de\/wp-json\/wp\/v2\/product_tag?post=13996"}],"curies":[{"name":"wp","href":"https:\/\/api.w.org\/{rel}","templated":true}]}}