{"id":13933,"date":"2024-04-18T19:26:42","date_gmt":"2024-04-18T19:26:42","guid":{"rendered":"https:\/\/glareone.eu\/?post_type=product&#038;p=13933"},"modified":"2026-01-21T11:43:46","modified_gmt":"2026-01-21T11:43:46","slug":"glareone-botis-80","status":"publish","type":"product","link":"https:\/\/glareone.eu\/de\/product\/glareone-botis-80\/","title":{"rendered":"GlareOne Botis 80"},"content":{"rendered":"<p>Botis 80 ist ein professionelles Speedlite mit einer Leistung von 80 Ws. Der runde Kopf und die gro\u00dfe Blitzr\u00f6hre sorgen f\u00fcr eine intensive und gleichm\u00e4\u00dfige Beleuchtung, ideal f\u00fcr Studio- und Au\u00dfenaufnahmen.<\/p>\n<p style=\"margin: 1cm 4cm;\">\n<div class='avia-iframe-wrap'><iframe loading=\"lazy\" title=\"GlareOne Botis 80 i 80 S - prezentacja lampy speedlite\" width=\"1500\" height=\"844\" src=\"https:\/\/www.youtube.com\/embed\/iieyT4UKfCU?feature=oembed\" frameborder=\"0\" allow=\"accelerometer; autoplay; clipboard-write; encrypted-media; gyroscope; picture-in-picture; web-share\" referrerpolicy=\"strict-origin-when-cross-origin\" allowfullscreen><\/iframe><\/div>\n<\/p>\n<h3>Leistung und Performance<\/h3>\n<p>Der Botis 80 bietet eine maximale Blitzleistung von 80 Ws und ist damit eine starke und effektive Lichtquelle f\u00fcr verschiedene fotografische Anwendungen. Er ist hocheffizient und kann selbst bei dynamischen Hochzeitsreportagen oder Extremsportfotografie sehr intensiv eingesetzt werden. Die Wiederaufladezeit bei maximaler Leistung betr\u00e4gt nur 1,3 Sekunden, was eine schnelle und effiziente Vorbereitung auf die n\u00e4chsten Aufnahmen ohne lange Unterbrechungen erm\u00f6glicht.<\/p>\n<h3>Lichtqualit\u00e4t<\/h3>\n<p>Die Konstruktion des Blitzes mit einer gro\u00dfen Blitzr\u00f6hre, die der von Studioleuchten \u00e4hnelt, sorgt f\u00fcr eine gleichm\u00e4\u00dfige Lichtverteilung und arbeitet perfekt mit Zubeh\u00f6r wie Softboxen oder Schirmen zusammen. Der Botis 80 blitzt mit Tageslicht-Farbtemperatur, was eine volle und genaue Farbwiedergabe gew\u00e4hrleistet.<\/p>\n<h3>Blitzdauer<\/h3>\n<p>Der Botis 80 verf\u00fcgt \u00fcber eine Freeze-Funktion mit einer Blitzdauer von 1\/2430 bis 1\/70000 Sekunden (t0,5). Dadurch wird sichergestellt, dass Fotos, die mit voller Leistung aufgenommen werden, scharf sind und jede aufgenommene Bewegung eingefroren wird.<\/p>\n<h3>Kompatibilit\u00e4t und Vielseitigkeit<\/h3>\n<p>Der GlareOne Botis 80 ist mit einer Vielzahl von Kamerasystemen kompatibel, darunter Canon, Nikon, Fujifilm, Lumix und OM SYSTEM, was ihn zu einer idealen Wahl f\u00fcr Fotografen macht, die unterschiedliche Systeme verwenden. Dies macht ihn zu einem universellen Werkzeug, das sich leicht an die Ausr\u00fcstung des Benutzers anpassen l\u00e4sst.<\/p>\n<h3>Betriebsmodi und Fernsteuerung<\/h3>\n<p>Der GlareOne Botis 80 bietet die Betriebsarten MASTER und SLAVE. Im MASTER Modus kann er als Fernsteuerung f\u00fcr andere Blitze dienen. Im SLAVE-Modus kann er von anderen Ger\u00e4ten (Blitzen oder Sendern) ausgel\u00f6st werden und bietet so volle Flexibilit\u00e4t bei der Erstellung von Beleuchtungs-Setups auf dem Fotoset. Dar\u00fcber hinaus bietet seine Kompatibilit\u00e4t mit dem Canon RT-System weitere Synchronisations- und Steuerungsm\u00f6glichkeiten f\u00fcr Canon-Blitzger\u00e4te.<\/p>\n<h3>Ausl\u00f6ser-Kompatibilit\u00e4t<\/h3>\n<p>Der GlareOne Botis 80 ist mit allen GlareOne Ausl\u00f6sern kompatibel, was eine einfache Integration mit anderen Blitzger\u00e4ten der Marke GlareOne erm\u00f6glicht und somit ein bequemes und flexibles Arbeiten erm\u00f6glicht.<\/p>\n<h3>Erweiterte Kanal- und Gruppeneinstellungen<\/h3>\n<p>Der GlareOne Botis 80 erm\u00f6glicht den Betrieb in 16 Gruppen und auf 32 Kan\u00e4len und bietet damit eine breite Palette von Konfigurations- und Steuerungsm\u00f6glichkeiten f\u00fcr mehrere Blitze unter verschiedenen Bedingungen. Dies erm\u00f6glicht eine pr\u00e4zise Einstellung der Beleuchtungsparameter.<\/p>\n<h3>TTL- und HSS-Synchronisation<\/h3>\n<p>Der Blitz bietet eine Synchronisation mit sehr kurzen Verschlusszeiten (HSS), was f\u00fcr Au\u00dfenaufnahmen und Portr\u00e4tfotografie mit geringer Sch\u00e4rfentiefe wichtig ist. Au\u00dferdem sorgt die automatische TTL-Lichtmessung f\u00fcr eine optimale Beleuchtung, ohne dass die Parameter manuell eingestellt werden m\u00fcssen, was bequem und zeitsparend ist.<\/p>\n<h3>Lebensdauer der Batterie<\/h3>\n<p>Dank der Verwendung eines Lithium-Ionen-Akkus kann der GlareOne Botis 80 bis zu 500 Blitze mit einer einzigen Akkuladung ausl\u00f6sen, was einen lang anhaltenden und zuverl\u00e4ssigen Betrieb auch bei intensiven Fotosessions gew\u00e4hrleistet.<\/p>\n<h3>Einstellung der Blitzleistung<\/h3>\n<p>Das Blitzger\u00e4t bietet die M\u00f6glichkeit, die Blitzleistung \u00fcber 9 Blendenstufen einzustellen, was eine pr\u00e4zise Anpassung der Blitzleistung erm\u00f6glicht.<\/p>\n<h3>Eigenschaften des GlareOne Apus 80 S:<\/h3>\n<ul>\n<li>Studioblitzr\u00f6hre mit einer Leistung von 80 Ws<\/li>\n<li>HSS-Synchronisation bei kurzen Verschlusszeiten<\/li>\n<li>Automatische TTL-Lichtmessung<\/li>\n<li>Bis zu 500 Blitze mit einer Akkuladung<\/li>\n<li>Blitzleistungsanpassung \u00fcber 9 Blendenstufen<\/li>\n<li>Aufladezeit 0,05 ~ 1,3s<\/li>\n<li>Kompatibel mit Canon \/ Nikon \/ Fujifilm \/ Lumix \/ OM System<\/li>\n<li>Kann als Fernsteuerung f\u00fcr andere Blitze verwendet werden (MASTER-Modus)<\/li>\n<li>Kann aus der Ferne gesteuert und ausgel\u00f6st werden (SLAVE-Modus)<\/li>\n<li>Funktioniert mit allen GlareOne Ausl\u00f6sern<\/li>\n<li>Kompatibel mit dem Canon RT-System<\/li>\n<li>16 Gruppen \/ 32 Kan\u00e4le<\/li>\n<li>Funktioniert mit den Lampen Vega, Antares, Apus, Botis<\/li>\n<li>3W LED Einstellicht<\/li>\n<\/ul>\n<h3>Die Box enth\u00e4lt:<\/h3>\n<p>1x GlareOne Botis 80<br \/>\n1x B80BP Akku<br \/>\n1x B80CH Ladeadapter<br \/>\n1x USB-C-Ladekabel<br \/>\n1x Tasche<br \/>\n1x Benutzerhandbuch<br \/>\n1x Stativschuh<br \/>\n1x Reflektor<\/p>\n","protected":false},"excerpt":{"rendered":"<p>Botis 80 ist ein professionelles Speedlite mit einer Leistung von 80 Ws. Der runde Kopf und die gro\u00dfe Blitzr\u00f6hre sorgen f\u00fcr eine intensive und gleichm\u00e4\u00dfige Beleuchtung, ideal f\u00fcr Studio- und Au\u00dfenaufnahmen. Leistung und Performance Der Botis 80 bietet eine maximale Blitzleistung von 80 Ws und ist damit eine starke und effektive Lichtquelle f\u00fcr verschiedene fotografische [&hellip;]<\/p>\n","protected":false},"featured_media":14967,"template":"","meta":[],"product_brand":[],"product_cat":[525],"product_tag":[],"class_list":{"0":"post-13933","1":"product","2":"type-product","3":"status-publish","4":"has-post-thumbnail","6":"product_cat-batterieblitze","8":"first","9":"instock","10":"product-type-simple"},"yoast_head":"<!-- This site is optimized with the Yoast SEO plugin v27.2 - https:\/\/yoast.com\/product\/yoast-seo-wordpress\/ -->\n<title>GlareOne Botis 80<\/title>\n<meta name=\"description\" content=\"GlareOne Botis 80\" \/>\n<meta name=\"robots\" content=\"index, follow, max-snippet:-1, max-image-preview:large, max-video-preview:-1\" \/>\n<link rel=\"canonical\" href=\"https:\/\/glareone.eu\/de\/product\/glareone-botis-80\/\" \/>\n<meta property=\"og:locale\" content=\"de_DE\" \/>\n<meta property=\"og:type\" content=\"article\" \/>\n<meta property=\"og:title\" content=\"GlareOne Botis 80\" \/>\n<meta property=\"og:description\" content=\"GlareOne Botis 80\" \/>\n<meta property=\"og:url\" content=\"https:\/\/glareone.eu\/de\/product\/glareone-botis-80\/\" \/>\n<meta property=\"og:site_name\" content=\"GlareOne\" \/>\n<meta property=\"article:publisher\" content=\"https:\/\/www.facebook.com\/GlareOneLighting\" \/>\n<meta property=\"article:modified_time\" content=\"2026-01-21T11:43:46+00:00\" \/>\n<meta property=\"og:image\" content=\"https:\/\/glareone.eu\/wp-content\/uploads\/2024\/04\/SBOTIS80_16-2.jpg\" \/>\n\t<meta property=\"og:image:width\" content=\"1200\" \/>\n\t<meta property=\"og:image:height\" content=\"1200\" \/>\n\t<meta property=\"og:image:type\" content=\"image\/jpeg\" \/>\n<meta name=\"twitter:card\" content=\"summary_large_image\" \/>\n<meta name=\"twitter:title\" content=\"GlareOne Botis 80\" \/>\n<meta name=\"twitter:label1\" content=\"Gesch\u00e4tzte Lesezeit\" \/>\n\t<meta name=\"twitter:data1\" content=\"3\u00a0Minuten\" \/>\n<script type=\"application\/ld+json\" class=\"yoast-schema-graph\">{\"@context\":\"https:\/\/schema.org\",\"@graph\":[{\"@type\":\"WebPage\",\"@id\":\"https:\/\/glareone.eu\/de\/product\/glareone-botis-80\/\",\"url\":\"https:\/\/glareone.eu\/de\/product\/glareone-botis-80\/\",\"name\":\"GlareOne Botis 80\",\"isPartOf\":{\"@id\":\"https:\/\/glareone.eu\/de\/en\/#website\"},\"primaryImageOfPage\":{\"@id\":\"https:\/\/glareone.eu\/de\/product\/glareone-botis-80\/#primaryimage\"},\"image\":{\"@id\":\"https:\/\/glareone.eu\/de\/product\/glareone-botis-80\/#primaryimage\"},\"thumbnailUrl\":\"https:\/\/glareone.eu\/wp-content\/uploads\/2024\/04\/SBOTIS80_16-2.jpg\",\"datePublished\":\"2024-04-18T19:26:42+00:00\",\"dateModified\":\"2026-01-21T11:43:46+00:00\",\"description\":\"GlareOne Botis 80\",\"breadcrumb\":{\"@id\":\"https:\/\/glareone.eu\/de\/product\/glareone-botis-80\/#breadcrumb\"},\"inLanguage\":\"de\",\"potentialAction\":[{\"@type\":\"ReadAction\",\"target\":[\"https:\/\/glareone.eu\/de\/product\/glareone-botis-80\/\"]}]},{\"@type\":\"ImageObject\",\"inLanguage\":\"de\",\"@id\":\"https:\/\/glareone.eu\/de\/product\/glareone-botis-80\/#primaryimage\",\"url\":\"https:\/\/glareone.eu\/wp-content\/uploads\/2024\/04\/SBOTIS80_16-2.jpg\",\"contentUrl\":\"https:\/\/glareone.eu\/wp-content\/uploads\/2024\/04\/SBOTIS80_16-2.jpg\",\"width\":1200,\"height\":1200},{\"@type\":\"BreadcrumbList\",\"@id\":\"https:\/\/glareone.eu\/de\/product\/glareone-botis-80\/#breadcrumb\",\"itemListElement\":[{\"@type\":\"ListItem\",\"position\":1,\"name\":\"Strona g\u0142\u00f3wna\",\"item\":\"https:\/\/glareone.eu\/de\/\"},{\"@type\":\"ListItem\",\"position\":2,\"name\":\"Alle Produkte\",\"item\":\"https:\/\/glareone.eu\/de\/produkte\/alle-produkte\/\"},{\"@type\":\"ListItem\",\"position\":3,\"name\":\"GlareOne Botis 80\"}]},{\"@type\":\"WebSite\",\"@id\":\"https:\/\/glareone.eu\/de\/en\/#website\",\"url\":\"https:\/\/glareone.eu\/de\/en\/\",\"name\":\"GlareOne\",\"description\":\"Wyposa\u017cenie Studia\",\"publisher\":{\"@id\":\"https:\/\/glareone.eu\/de\/en\/#organization\"},\"potentialAction\":[{\"@type\":\"SearchAction\",\"target\":{\"@type\":\"EntryPoint\",\"urlTemplate\":\"https:\/\/glareone.eu\/de\/en\/?s={search_term_string}\"},\"query-input\":{\"@type\":\"PropertyValueSpecification\",\"valueRequired\":true,\"valueName\":\"search_term_string\"}}],\"inLanguage\":\"de\"},{\"@type\":\"Organization\",\"@id\":\"https:\/\/glareone.eu\/de\/en\/#organization\",\"name\":\"GlareOne\",\"url\":\"https:\/\/glareone.eu\/de\/en\/\",\"logo\":{\"@type\":\"ImageObject\",\"inLanguage\":\"de\",\"@id\":\"https:\/\/glareone.eu\/de\/en\/#\/schema\/logo\/image\/\",\"url\":\"http:\/\/glareone.eu\/wp-content\/uploads\/2024\/05\/glareone_logo2020_RGB-01-e1715773127189.png\",\"contentUrl\":\"http:\/\/glareone.eu\/wp-content\/uploads\/2024\/05\/glareone_logo2020_RGB-01-e1715773127189.png\",\"width\":1270,\"height\":321,\"caption\":\"GlareOne\"},\"image\":{\"@id\":\"https:\/\/glareone.eu\/de\/en\/#\/schema\/logo\/image\/\"},\"sameAs\":[\"https:\/\/www.facebook.com\/GlareOneLighting\",\"https:\/\/www.instagram.com\/glareonelighting\/\",\"https:\/\/www.youtube.com\/@GlareOneTV\"]}]}<\/script>\n<!-- \/ Yoast SEO plugin. -->","yoast_head_json":{"title":"GlareOne Botis 80","description":"GlareOne Botis 80","robots":{"index":"index","follow":"follow","max-snippet":"max-snippet:-1","max-image-preview":"max-image-preview:large","max-video-preview":"max-video-preview:-1"},"canonical":"https:\/\/glareone.eu\/de\/product\/glareone-botis-80\/","og_locale":"de_DE","og_type":"article","og_title":"GlareOne Botis 80","og_description":"GlareOne Botis 80","og_url":"https:\/\/glareone.eu\/de\/product\/glareone-botis-80\/","og_site_name":"GlareOne","article_publisher":"https:\/\/www.facebook.com\/GlareOneLighting","article_modified_time":"2026-01-21T11:43:46+00:00","og_image":[{"width":1200,"height":1200,"url":"https:\/\/glareone.eu\/wp-content\/uploads\/2024\/04\/SBOTIS80_16-2.jpg","type":"image\/jpeg"}],"twitter_card":"summary_large_image","twitter_title":"GlareOne Botis 80","twitter_misc":{"Gesch\u00e4tzte Lesezeit":"3\u00a0Minuten"},"schema":{"@context":"https:\/\/schema.org","@graph":[{"@type":"WebPage","@id":"https:\/\/glareone.eu\/de\/product\/glareone-botis-80\/","url":"https:\/\/glareone.eu\/de\/product\/glareone-botis-80\/","name":"GlareOne Botis 80","isPartOf":{"@id":"https:\/\/glareone.eu\/de\/en\/#website"},"primaryImageOfPage":{"@id":"https:\/\/glareone.eu\/de\/product\/glareone-botis-80\/#primaryimage"},"image":{"@id":"https:\/\/glareone.eu\/de\/product\/glareone-botis-80\/#primaryimage"},"thumbnailUrl":"https:\/\/glareone.eu\/wp-content\/uploads\/2024\/04\/SBOTIS80_16-2.jpg","datePublished":"2024-04-18T19:26:42+00:00","dateModified":"2026-01-21T11:43:46+00:00","description":"GlareOne Botis 80","breadcrumb":{"@id":"https:\/\/glareone.eu\/de\/product\/glareone-botis-80\/#breadcrumb"},"inLanguage":"de","potentialAction":[{"@type":"ReadAction","target":["https:\/\/glareone.eu\/de\/product\/glareone-botis-80\/"]}]},{"@type":"ImageObject","inLanguage":"de","@id":"https:\/\/glareone.eu\/de\/product\/glareone-botis-80\/#primaryimage","url":"https:\/\/glareone.eu\/wp-content\/uploads\/2024\/04\/SBOTIS80_16-2.jpg","contentUrl":"https:\/\/glareone.eu\/wp-content\/uploads\/2024\/04\/SBOTIS80_16-2.jpg","width":1200,"height":1200},{"@type":"BreadcrumbList","@id":"https:\/\/glareone.eu\/de\/product\/glareone-botis-80\/#breadcrumb","itemListElement":[{"@type":"ListItem","position":1,"name":"Strona g\u0142\u00f3wna","item":"https:\/\/glareone.eu\/de\/"},{"@type":"ListItem","position":2,"name":"Alle Produkte","item":"https:\/\/glareone.eu\/de\/produkte\/alle-produkte\/"},{"@type":"ListItem","position":3,"name":"GlareOne Botis 80"}]},{"@type":"WebSite","@id":"https:\/\/glareone.eu\/de\/en\/#website","url":"https:\/\/glareone.eu\/de\/en\/","name":"GlareOne","description":"Wyposa\u017cenie Studia","publisher":{"@id":"https:\/\/glareone.eu\/de\/en\/#organization"},"potentialAction":[{"@type":"SearchAction","target":{"@type":"EntryPoint","urlTemplate":"https:\/\/glareone.eu\/de\/en\/?s={search_term_string}"},"query-input":{"@type":"PropertyValueSpecification","valueRequired":true,"valueName":"search_term_string"}}],"inLanguage":"de"},{"@type":"Organization","@id":"https:\/\/glareone.eu\/de\/en\/#organization","name":"GlareOne","url":"https:\/\/glareone.eu\/de\/en\/","logo":{"@type":"ImageObject","inLanguage":"de","@id":"https:\/\/glareone.eu\/de\/en\/#\/schema\/logo\/image\/","url":"http:\/\/glareone.eu\/wp-content\/uploads\/2024\/05\/glareone_logo2020_RGB-01-e1715773127189.png","contentUrl":"http:\/\/glareone.eu\/wp-content\/uploads\/2024\/05\/glareone_logo2020_RGB-01-e1715773127189.png","width":1270,"height":321,"caption":"GlareOne"},"image":{"@id":"https:\/\/glareone.eu\/de\/en\/#\/schema\/logo\/image\/"},"sameAs":["https:\/\/www.facebook.com\/GlareOneLighting","https:\/\/www.instagram.com\/glareonelighting\/","https:\/\/www.youtube.com\/@GlareOneTV"]}]}},"_links":{"self":[{"href":"https:\/\/glareone.eu\/de\/wp-json\/wp\/v2\/product\/13933","targetHints":{"allow":["GET"]}}],"collection":[{"href":"https:\/\/glareone.eu\/de\/wp-json\/wp\/v2\/product"}],"about":[{"href":"https:\/\/glareone.eu\/de\/wp-json\/wp\/v2\/types\/product"}],"wp:featuredmedia":[{"embeddable":true,"href":"https:\/\/glareone.eu\/de\/wp-json\/wp\/v2\/media\/14967"}],"wp:attachment":[{"href":"https:\/\/glareone.eu\/de\/wp-json\/wp\/v2\/media?parent=13933"}],"wp:term":[{"taxonomy":"product_brand","embeddable":true,"href":"https:\/\/glareone.eu\/de\/wp-json\/wp\/v2\/product_brand?post=13933"},{"taxonomy":"product_cat","embeddable":true,"href":"https:\/\/glareone.eu\/de\/wp-json\/wp\/v2\/product_cat?post=13933"},{"taxonomy":"product_tag","embeddable":true,"href":"https:\/\/glareone.eu\/de\/wp-json\/wp\/v2\/product_tag?post=13933"}],"curies":[{"name":"wp","href":"https:\/\/api.w.org\/{rel}","templated":true}]}}