{"id":13468,"date":"2024-04-18T19:26:38","date_gmt":"2024-04-18T19:26:38","guid":{"rendered":"https:\/\/glareone.eu\/product\/glareone-led-panel-80-rgb-d\/"},"modified":"2024-11-12T13:49:16","modified_gmt":"2024-11-12T13:49:16","slug":"glareone-led-panel-80-rgb-d","status":"publish","type":"product","link":"https:\/\/glareone.eu\/de\/product\/glareone-led-panel-80-rgb-d\/","title":{"rendered":"GlareOne LED Panel 80 RGB D"},"content":{"rendered":"<p>Das GlareOne LED Panel 80 RGB ist ein 80-Watt-LED-Panel in Profiqualit\u00e4t mit RGB-Farbspektrum und einstellbarer Farbtemperatur. Es wird mit einer Softbox, Abschirmklappen und einer Tragetasche geliefert. Die hohe Leistung und die robuste Konstruktion machen es ideal f\u00fcr Fotografie und Videoproduktion.<\/p>\n<h3>Vollst\u00e4ndiges RGB-Farbspektrum<\/h3>\n<p>Mit der RGB-Funktion bietet das Panel 360 Lichtfarben im HSI-Modus, wodurch eine pr\u00e4zise Einstellung von Farbton, S\u00e4ttigung und Helligkeit erm\u00f6glicht wird. Die Farbtonanpassung bietet noch mehr Kontrolle \u00fcber die Lichtfarbe und erlaubt Korrekturen oder Anpassungen an die Lichtverh\u00e4ltnisse am Set.<\/p>\n<h3>Farbtemperaturanpassung<\/h3>\n<p>Mit einem einstellbaren Farbtemperaturbereich von 2700 bis 7500 K kann das Panel verschiedene Lichtquellen nachahmen \u2013 von der warmen Kerzenglow bis zum nat\u00fcrlichen Tageslicht. Dies erm\u00f6glicht es, das Licht an die individuellen Bed\u00fcrfnisse und die Bedingungen der Foto- oder Videoaufnahme anzupassen.<\/p>\n<h3>Mitgeliefertes Zubeh\u00f6r<\/h3>\n<p>Das Panel wird geliefert mit:<\/p>\n<ul>\n<li><strong>Abschirmklappen<\/strong> \u2013 Diese vier Fl\u00fcgel geben dir mehr Kontrolle \u00fcber das Licht und verhindern, dass es bestimmte Teile der Szene erreicht. Die Abschirmklappen sind abnehmbar.<\/li>\n<li><strong>Softbox mit Diffusor<\/strong> \u2013 Dieser Aufsatz kann f\u00fcr gleichm\u00e4\u00dfigeres und schmeichelhafteres Licht verwendet werden, und dank seines flachen Profils ist es auch in engen R\u00e4umen leicht einsetzbar. Die mitgelieferte Tasche erleichtert den Transport und die Aufbewahrung.<\/li>\n<li><strong>Wabengitter f\u00fcr die Softbox<\/strong> \u2013 Das Wabengitter, das an der Softbox befestigt wird, hilft, das Licht gezielt auf das Motiv und den Set zu lenken. Das Gitter reduziert Lichtstreuung und erh\u00f6ht leicht den Lichtkontrast.<\/li>\n<li><strong>Tragetasche<\/strong> \u2013 Eine praktische Tasche f\u00fcr einfachere Aufbewahrung und Transport ist im Lieferumfang enthalten.<\/li>\n<\/ul>\n<h3>Benutzerfreundlichkeit<\/h3>\n<p>Das GlareOne LED Panel 80 RGB D ist ein Dauerlichtpanel und seine Anwendung ist unglaublich einfach. Es sind keine zus\u00e4tzlichen Belichtungsmesser erforderlich, da die Kamera automatisch die Lichtmessung und Belichtungsanpassung vornimmt. Dadurch wird es einfacher, ideale Lichtsetups zu erstellen, da der endg\u00fcltige Effekt vor der Aufnahme in Echtzeit betrachtet werden kann.<\/p>\n<h3>Vielseitigkeit<\/h3>\n<p>Das Panel bietet nahezu unbegrenzte Einsatzm\u00f6glichkeiten. Es funktioniert perfekt f\u00fcr verschiedene Arten der Fotografie \u2013 von Portr\u00e4ts \u00fcber Produktaufnahmen bis hin zu Makrofotografie. Dieses Dauerlichtpanel eignet sich auch hervorragend f\u00fcr Streaming, Interviews, Vlogs oder Reels. Das Panel verf\u00fcgt \u00fcber ein 5\/8&#8243;-Gewinde und einen Cold-Shoe-Anschluss, was eine einfache Montage auf einer Kamera, DSLR oder einem Studiostativ erm\u00f6glicht.<\/p>\n<h3>Hohe Farbqualit\u00e4t<\/h3>\n<p>Das GlareOne-Panel emittiert Licht, das Farben pr\u00e4zise wiedergibt, was in Situationen, die eine genaue Farbwiedergabe erfordern, entscheidend ist, wie z. B. beim Fotografieren von Personen, bei denen eine genaue Hautfarbendarstellung unerl\u00e4sslich ist. Es hat einen CRI (Color Rendering Index) von 98, einen TLCI von 96 und einen TM-30 von 96.<\/p>\n<h3>Stromversorgung<\/h3>\n<p>Das GlareOne-Panel kann auf zwei Arten mit Strom versorgt werden: \u00fcber den mitgelieferten AC-Adapter oder NP-F-Batterien, was gro\u00dfe Flexibilit\u00e4t bietet. Die M\u00f6glichkeit, sowohl mit Netzstrom als auch mit Batterien zu arbeiten, macht das Panel sehr tragbar, selbst an Orten mit begrenztem Stromzugang.<\/p>\n<h3>Lichteffekte<\/h3>\n<p>Das Licht bietet 20 voreingestellte und 6 individuelle Spezialeffekte, die Lichtquellen wie Feuerwerk, Blitz oder einen Fernseher simulieren, was kreative M\u00f6glichkeiten f\u00fcr Film- und Fotoaufnahmen bietet.<\/p>\n<h3>Fernbedienung<\/h3>\n<p>Der eingebaute Funkempf\u00e4nger erm\u00f6glicht die Fernsteuerung des Lichts mit der GlareOne LED RC-Fernbedienung oder \u00fcber die GlareOne Studio-App, was Komfort und volle Kontrolle \u00fcber die Beleuchtung von jedem Ort am Set aus bietet.<\/p>\n<h3>Eigenschaften des GlareOne LED Panel 80 RGB D<\/h3>\n<ul>\n<li>Einfach zu bedienendes LED-Panel f\u00fcr Fotografie und Video<\/li>\n<li>360 RGB-Lichtfarben (HSI)<\/li>\n<li>Anpassung der Farbs\u00e4ttigung<\/li>\n<li>Einstellbare Farbtemperatur von 2700 bis 7500 K<\/li>\n<li>M\u00f6glichkeit zur Farbtonanpassung<\/li>\n<li>Maximale Leistung von 80 W<\/li>\n<li>Hohe Farbwiedergabeleistung (CRI &gt; 96, TLCI &gt; 98, TM-30 &gt; 96)<\/li>\n<li>Netzstrom oder NP-F-Batterien<\/li>\n<li>Stufenlose Helligkeitsregelung<\/li>\n<li>Leises aktives K\u00fchlsystem (&lt;30 dB) mit Ausschaltoption<\/li>\n<li>Ausgestattet mit einer 5\/8&#8243;-Stativhalterung (weiblich)<\/li>\n<li>Inklusive abnehmbarer Metallabschirmklappen und Softbox mit Wabengitter<\/li>\n<li>Wird mit einem abnehmbaren Diffusor geliefert<\/li>\n<li>Ausgestattet mit 20 voreingestellten und 6 individuellen Lichteffekten<\/li>\n<li>Steuerbar \u00fcber LED RC oder LED RC II-Fernbedienung<\/li>\n<li>Kompatibel mit der GlareOne Studio-App f\u00fcr Steuerung per Telefon oder Tablet<\/li>\n<\/ul>\n<h3>Lieferumfang<\/h3>\n<ul>\n<li>1x GlareOne LED Panel 80 RGB D<\/li>\n<li>1x Abschirmklappen<\/li>\n<li>1x AC-Adapter<\/li>\n<li>1x EU-Kabel<\/li>\n<li>1x UK-Kabel<\/li>\n<li>1x Tragetasche<\/li>\n<li>1x Softbox<\/li>\n<li>1x Wabengitter<\/li>\n<li>1x Bedienungsanleitung<\/li>\n<\/ul>\n","protected":false},"excerpt":{"rendered":"<p>Das GlareOne LED Panel 80 RGB ist ein 80-Watt-LED-Panel in Profiqualit\u00e4t mit RGB-Farbspektrum und einstellbarer Farbtemperatur. Es wird mit einer Softbox, Abschirmklappen und einer Tragetasche geliefert. Die hohe Leistung und die robuste Konstruktion machen es ideal f\u00fcr Fotografie und Videoproduktion. Vollst\u00e4ndiges RGB-Farbspektrum Mit der RGB-Funktion bietet das Panel 360 Lichtfarben im HSI-Modus, wodurch eine pr\u00e4zise [&hellip;]<\/p>\n","protected":false},"featured_media":13385,"template":"","meta":[],"product_brand":[],"product_cat":[387],"product_tag":[],"class_list":{"0":"post-13468","1":"product","2":"type-product","3":"status-publish","4":"has-post-thumbnail","6":"product_cat-led-tube-panel-de","8":"first","9":"instock","10":"product-type-simple"},"yoast_head":"<!-- This site is optimized with the Yoast SEO plugin v27.2 - https:\/\/yoast.com\/product\/yoast-seo-wordpress\/ -->\n<title>GlareOne LED Panel 80 RGB D<\/title>\n<meta name=\"description\" content=\"GlareOne LED Panel 80 RGB D\" \/>\n<meta name=\"robots\" content=\"index, follow, max-snippet:-1, max-image-preview:large, max-video-preview:-1\" \/>\n<link rel=\"canonical\" href=\"https:\/\/glareone.eu\/de\/product\/glareone-led-panel-80-rgb-d\/\" \/>\n<meta property=\"og:locale\" content=\"de_DE\" \/>\n<meta property=\"og:type\" content=\"article\" \/>\n<meta property=\"og:title\" content=\"GlareOne LED Panel 80 RGB D\" \/>\n<meta property=\"og:description\" content=\"GlareOne LED Panel 80 RGB D\" \/>\n<meta property=\"og:url\" content=\"https:\/\/glareone.eu\/de\/product\/glareone-led-panel-80-rgb-d\/\" \/>\n<meta property=\"og:site_name\" content=\"GlareOne\" \/>\n<meta property=\"article:publisher\" content=\"https:\/\/www.facebook.com\/GlareOneLighting\" \/>\n<meta property=\"article:modified_time\" content=\"2024-11-12T13:49:16+00:00\" \/>\n<meta property=\"og:image\" content=\"https:\/\/glareone.eu\/wp-content\/uploads\/2024\/04\/SLEDP80RGBD_01-min.jpg\" \/>\n\t<meta property=\"og:image:width\" content=\"1200\" \/>\n\t<meta property=\"og:image:height\" content=\"1200\" \/>\n\t<meta property=\"og:image:type\" content=\"image\/jpeg\" \/>\n<meta name=\"twitter:card\" content=\"summary_large_image\" \/>\n<meta name=\"twitter:title\" content=\"GlareOne LED Panel 80 RGB D\" \/>\n<meta name=\"twitter:label1\" content=\"Gesch\u00e4tzte Lesezeit\" \/>\n\t<meta name=\"twitter:data1\" content=\"3\u00a0Minuten\" \/>\n<script type=\"application\/ld+json\" class=\"yoast-schema-graph\">{\"@context\":\"https:\/\/schema.org\",\"@graph\":[{\"@type\":\"WebPage\",\"@id\":\"https:\/\/glareone.eu\/de\/product\/glareone-led-panel-80-rgb-d\/\",\"url\":\"https:\/\/glareone.eu\/de\/product\/glareone-led-panel-80-rgb-d\/\",\"name\":\"GlareOne LED Panel 80 RGB D\",\"isPartOf\":{\"@id\":\"https:\/\/glareone.eu\/de\/en\/#website\"},\"primaryImageOfPage\":{\"@id\":\"https:\/\/glareone.eu\/de\/product\/glareone-led-panel-80-rgb-d\/#primaryimage\"},\"image\":{\"@id\":\"https:\/\/glareone.eu\/de\/product\/glareone-led-panel-80-rgb-d\/#primaryimage\"},\"thumbnailUrl\":\"https:\/\/glareone.eu\/wp-content\/uploads\/2024\/04\/SLEDP80RGBD_01-min.jpg\",\"datePublished\":\"2024-04-18T19:26:38+00:00\",\"dateModified\":\"2024-11-12T13:49:16+00:00\",\"description\":\"GlareOne LED Panel 80 RGB D\",\"breadcrumb\":{\"@id\":\"https:\/\/glareone.eu\/de\/product\/glareone-led-panel-80-rgb-d\/#breadcrumb\"},\"inLanguage\":\"de\",\"potentialAction\":[{\"@type\":\"ReadAction\",\"target\":[\"https:\/\/glareone.eu\/de\/product\/glareone-led-panel-80-rgb-d\/\"]}]},{\"@type\":\"ImageObject\",\"inLanguage\":\"de\",\"@id\":\"https:\/\/glareone.eu\/de\/product\/glareone-led-panel-80-rgb-d\/#primaryimage\",\"url\":\"https:\/\/glareone.eu\/wp-content\/uploads\/2024\/04\/SLEDP80RGBD_01-min.jpg\",\"contentUrl\":\"https:\/\/glareone.eu\/wp-content\/uploads\/2024\/04\/SLEDP80RGBD_01-min.jpg\",\"width\":1200,\"height\":1200},{\"@type\":\"BreadcrumbList\",\"@id\":\"https:\/\/glareone.eu\/de\/product\/glareone-led-panel-80-rgb-d\/#breadcrumb\",\"itemListElement\":[{\"@type\":\"ListItem\",\"position\":1,\"name\":\"Strona g\u0142\u00f3wna\",\"item\":\"https:\/\/glareone.eu\/de\/\"},{\"@type\":\"ListItem\",\"position\":2,\"name\":\"Alle Produkte\",\"item\":\"https:\/\/glareone.eu\/de\/produkte\/alle-produkte\/\"},{\"@type\":\"ListItem\",\"position\":3,\"name\":\"GlareOne LED Panel 80 RGB D\"}]},{\"@type\":\"WebSite\",\"@id\":\"https:\/\/glareone.eu\/de\/en\/#website\",\"url\":\"https:\/\/glareone.eu\/de\/en\/\",\"name\":\"GlareOne\",\"description\":\"Wyposa\u017cenie Studia\",\"publisher\":{\"@id\":\"https:\/\/glareone.eu\/de\/en\/#organization\"},\"potentialAction\":[{\"@type\":\"SearchAction\",\"target\":{\"@type\":\"EntryPoint\",\"urlTemplate\":\"https:\/\/glareone.eu\/de\/en\/?s={search_term_string}\"},\"query-input\":{\"@type\":\"PropertyValueSpecification\",\"valueRequired\":true,\"valueName\":\"search_term_string\"}}],\"inLanguage\":\"de\"},{\"@type\":\"Organization\",\"@id\":\"https:\/\/glareone.eu\/de\/en\/#organization\",\"name\":\"GlareOne\",\"url\":\"https:\/\/glareone.eu\/de\/en\/\",\"logo\":{\"@type\":\"ImageObject\",\"inLanguage\":\"de\",\"@id\":\"https:\/\/glareone.eu\/de\/en\/#\/schema\/logo\/image\/\",\"url\":\"http:\/\/glareone.eu\/wp-content\/uploads\/2024\/05\/glareone_logo2020_RGB-01-e1715773127189.png\",\"contentUrl\":\"http:\/\/glareone.eu\/wp-content\/uploads\/2024\/05\/glareone_logo2020_RGB-01-e1715773127189.png\",\"width\":1270,\"height\":321,\"caption\":\"GlareOne\"},\"image\":{\"@id\":\"https:\/\/glareone.eu\/de\/en\/#\/schema\/logo\/image\/\"},\"sameAs\":[\"https:\/\/www.facebook.com\/GlareOneLighting\",\"https:\/\/www.instagram.com\/glareonelighting\/\",\"https:\/\/www.youtube.com\/@GlareOneTV\"]}]}<\/script>\n<!-- \/ Yoast SEO plugin. -->","yoast_head_json":{"title":"GlareOne LED Panel 80 RGB D","description":"GlareOne LED Panel 80 RGB D","robots":{"index":"index","follow":"follow","max-snippet":"max-snippet:-1","max-image-preview":"max-image-preview:large","max-video-preview":"max-video-preview:-1"},"canonical":"https:\/\/glareone.eu\/de\/product\/glareone-led-panel-80-rgb-d\/","og_locale":"de_DE","og_type":"article","og_title":"GlareOne LED Panel 80 RGB D","og_description":"GlareOne LED Panel 80 RGB D","og_url":"https:\/\/glareone.eu\/de\/product\/glareone-led-panel-80-rgb-d\/","og_site_name":"GlareOne","article_publisher":"https:\/\/www.facebook.com\/GlareOneLighting","article_modified_time":"2024-11-12T13:49:16+00:00","og_image":[{"width":1200,"height":1200,"url":"https:\/\/glareone.eu\/wp-content\/uploads\/2024\/04\/SLEDP80RGBD_01-min.jpg","type":"image\/jpeg"}],"twitter_card":"summary_large_image","twitter_title":"GlareOne LED Panel 80 RGB D","twitter_misc":{"Gesch\u00e4tzte Lesezeit":"3\u00a0Minuten"},"schema":{"@context":"https:\/\/schema.org","@graph":[{"@type":"WebPage","@id":"https:\/\/glareone.eu\/de\/product\/glareone-led-panel-80-rgb-d\/","url":"https:\/\/glareone.eu\/de\/product\/glareone-led-panel-80-rgb-d\/","name":"GlareOne LED Panel 80 RGB D","isPartOf":{"@id":"https:\/\/glareone.eu\/de\/en\/#website"},"primaryImageOfPage":{"@id":"https:\/\/glareone.eu\/de\/product\/glareone-led-panel-80-rgb-d\/#primaryimage"},"image":{"@id":"https:\/\/glareone.eu\/de\/product\/glareone-led-panel-80-rgb-d\/#primaryimage"},"thumbnailUrl":"https:\/\/glareone.eu\/wp-content\/uploads\/2024\/04\/SLEDP80RGBD_01-min.jpg","datePublished":"2024-04-18T19:26:38+00:00","dateModified":"2024-11-12T13:49:16+00:00","description":"GlareOne LED Panel 80 RGB D","breadcrumb":{"@id":"https:\/\/glareone.eu\/de\/product\/glareone-led-panel-80-rgb-d\/#breadcrumb"},"inLanguage":"de","potentialAction":[{"@type":"ReadAction","target":["https:\/\/glareone.eu\/de\/product\/glareone-led-panel-80-rgb-d\/"]}]},{"@type":"ImageObject","inLanguage":"de","@id":"https:\/\/glareone.eu\/de\/product\/glareone-led-panel-80-rgb-d\/#primaryimage","url":"https:\/\/glareone.eu\/wp-content\/uploads\/2024\/04\/SLEDP80RGBD_01-min.jpg","contentUrl":"https:\/\/glareone.eu\/wp-content\/uploads\/2024\/04\/SLEDP80RGBD_01-min.jpg","width":1200,"height":1200},{"@type":"BreadcrumbList","@id":"https:\/\/glareone.eu\/de\/product\/glareone-led-panel-80-rgb-d\/#breadcrumb","itemListElement":[{"@type":"ListItem","position":1,"name":"Strona g\u0142\u00f3wna","item":"https:\/\/glareone.eu\/de\/"},{"@type":"ListItem","position":2,"name":"Alle Produkte","item":"https:\/\/glareone.eu\/de\/produkte\/alle-produkte\/"},{"@type":"ListItem","position":3,"name":"GlareOne LED Panel 80 RGB D"}]},{"@type":"WebSite","@id":"https:\/\/glareone.eu\/de\/en\/#website","url":"https:\/\/glareone.eu\/de\/en\/","name":"GlareOne","description":"Wyposa\u017cenie Studia","publisher":{"@id":"https:\/\/glareone.eu\/de\/en\/#organization"},"potentialAction":[{"@type":"SearchAction","target":{"@type":"EntryPoint","urlTemplate":"https:\/\/glareone.eu\/de\/en\/?s={search_term_string}"},"query-input":{"@type":"PropertyValueSpecification","valueRequired":true,"valueName":"search_term_string"}}],"inLanguage":"de"},{"@type":"Organization","@id":"https:\/\/glareone.eu\/de\/en\/#organization","name":"GlareOne","url":"https:\/\/glareone.eu\/de\/en\/","logo":{"@type":"ImageObject","inLanguage":"de","@id":"https:\/\/glareone.eu\/de\/en\/#\/schema\/logo\/image\/","url":"http:\/\/glareone.eu\/wp-content\/uploads\/2024\/05\/glareone_logo2020_RGB-01-e1715773127189.png","contentUrl":"http:\/\/glareone.eu\/wp-content\/uploads\/2024\/05\/glareone_logo2020_RGB-01-e1715773127189.png","width":1270,"height":321,"caption":"GlareOne"},"image":{"@id":"https:\/\/glareone.eu\/de\/en\/#\/schema\/logo\/image\/"},"sameAs":["https:\/\/www.facebook.com\/GlareOneLighting","https:\/\/www.instagram.com\/glareonelighting\/","https:\/\/www.youtube.com\/@GlareOneTV"]}]}},"_links":{"self":[{"href":"https:\/\/glareone.eu\/de\/wp-json\/wp\/v2\/product\/13468","targetHints":{"allow":["GET"]}}],"collection":[{"href":"https:\/\/glareone.eu\/de\/wp-json\/wp\/v2\/product"}],"about":[{"href":"https:\/\/glareone.eu\/de\/wp-json\/wp\/v2\/types\/product"}],"wp:featuredmedia":[{"embeddable":true,"href":"https:\/\/glareone.eu\/de\/wp-json\/wp\/v2\/media\/13385"}],"wp:attachment":[{"href":"https:\/\/glareone.eu\/de\/wp-json\/wp\/v2\/media?parent=13468"}],"wp:term":[{"taxonomy":"product_brand","embeddable":true,"href":"https:\/\/glareone.eu\/de\/wp-json\/wp\/v2\/product_brand?post=13468"},{"taxonomy":"product_cat","embeddable":true,"href":"https:\/\/glareone.eu\/de\/wp-json\/wp\/v2\/product_cat?post=13468"},{"taxonomy":"product_tag","embeddable":true,"href":"https:\/\/glareone.eu\/de\/wp-json\/wp\/v2\/product_tag?post=13468"}],"curies":[{"name":"wp","href":"https:\/\/api.w.org\/{rel}","templated":true}]}}