{"id":13337,"date":"2024-04-18T19:26:38","date_gmt":"2024-04-18T19:26:38","guid":{"rendered":"https:\/\/glareone.eu\/product\/glareone-led-panel-30-bicolor-d\/"},"modified":"2024-11-12T13:21:01","modified_gmt":"2024-11-12T13:21:01","slug":"glareone-led-panel-30-bicolor-d","status":"publish","type":"product","link":"https:\/\/glareone.eu\/de\/product\/glareone-led-panel-30-bicolor-d\/","title":{"rendered":"GlareOne LED Panel 30 BiColor D"},"content":{"rendered":"<p>30-Watt LED-Panel mit einstellbarer Farbtemperatur. Dank des integrierten Diffusors erzeugt es superweiches und schmeichelhaftes Licht mit hervorragender Farbwiedergabe. Es wird mit einem Netzadapter geliefert, kann aber auch mit NP-F-Akkus betrieben und vor Ort verwendet werden. Perfekt f\u00fcr Vlogs, Live-Streaming und Fotosessions.<\/p>\n<h3>Benutzerfreundlichkeit<\/h3>\n<p>Das GlareOne LED Panel 30 BiColor D ist ein kontinuierlich leuchtendes Panel, dessen Bedienung \u00e4u\u00dferst einfach ist. Dank der automatischen Lichtmessung und Belichtungsanpassung der Kamera sind keine zus\u00e4tzlichen Belichtungsmesser erforderlich. Dies erleichtert die Erstellung idealer Lichtaufbauten, da der endg\u00fcltige Effekt bereits vor der Aufnahme der Fotos betrachtet werden kann.<\/p>\n<h3>Vielseitigkeit<\/h3>\n<p>Das Panel bietet nahezu unbegrenzte Einsatzm\u00f6glichkeiten. Es funktioniert perfekt f\u00fcr verschiedene Arten der Fotografie, von Portr\u00e4ts \u00fcber Produktaufnahmen bis hin zur Makrofotografie. Dieses kontinuierliche Lichtpanel eignet sich auch f\u00fcr Streaming, das Aufzeichnen von Interviews, Vlogs oder Reels. Das Panel verf\u00fcgt \u00fcber ein 5\/8&#8243;-Gewinde und einen Cold-Shoe-Mount, was eine einfache Installation auf einer Kamera, DSLR oder einem Studiostativ erm\u00f6glicht.<\/p>\n<h3>Hohe Farbqualit\u00e4t<\/h3>\n<p>Das GlareOne-Panel strahlt Licht aus, das Farben pr\u00e4zise wiedergibt, was in Situationen, die eine genaue Farbwiedergabe erfordern, entscheidend ist, wie zum Beispiel beim Fotografieren von Personen, bei denen eine genaue Wiedergabe der Hautt\u00f6ne von gro\u00dfer Bedeutung ist. Es hat einen CRI (Farbwiedergabeindex) von 96, einen TLCI von 98 und einen TM-30 von 95.<\/p>\n<h3>Farbtemperatureinstellung<\/h3>\n<p>Mit einem einstellbaren Farbtemperaturbereich von 2700 bis 7500 K kann das Panel verschiedene Lichtquellen simulieren \u2013 von der warmen Glut einer Kerze bis hin zu nat\u00fcrlichem Tageslicht. Dies erm\u00f6glicht es, die Beleuchtung an die individuellen Bed\u00fcrfnisse des Nutzers und die Bedingungen der Fotosession oder Aufnahme anzupassen.<\/p>\n<h3>Stromversorgung<\/h3>\n<p>Das GlareOne-Panel kann auf zwei Arten mit Strom versorgt werden: mit dem mitgelieferten Netzadapter oder NP-F-Akkus, was gro\u00dfe Flexibilit\u00e4t bietet. Die M\u00f6glichkeit, sowohl mit Netzstrom als auch mit Akkus zu arbeiten, macht das Panel sehr tragbar, auch an Orten mit begrenztem Zugang zu Elektrizit\u00e4t.<\/p>\n<h3>Lichteffekte<\/h3>\n<p>Das Licht bietet 9 verschiedene Effekte, die Lichtquellen wie Feuerwerk, Blitze oder einen Fernseher simulieren k\u00f6nnen, was kreative M\u00f6glichkeiten beim Filmen und Fotografieren bietet.<\/p>\n<h3>Merkmale des GlareOne LED Panel 30 BiColor D:<\/h3>\n<ul>\n<li>Einfach zu bedienendes Licht f\u00fcr Fotografie und Filmaufnahmen<\/li>\n<li>Kompakte Gr\u00f6\u00dfe und leichtes Gewicht<\/li>\n<li>Einstellbare Farbtemperatur von 2700 bis 7500 K<\/li>\n<li>Maximale Leistung von 30 W<\/li>\n<li>Hohe Farbwiedergabe (CRI &gt; 96, TLCI &gt; 98, TM-30 &gt; 95)<\/li>\n<li>Stromversorgung \u00fcber Netzadapter oder NP-F-Akkus<\/li>\n<li>Stufenlose Helligkeitsregelung<\/li>\n<li>Passives (vollkommen ger\u00e4uschloses) K\u00fchlsystem<\/li>\n<li>Ausgestattet mit einer Kopfhalterung f\u00fcr einen 5\/8&#8243;-Spigot<\/li>\n<li>Verf\u00fcgt \u00fcber 9 Lichteffekte<\/li>\n<\/ul>\n<h3>Lieferumfang:<\/h3>\n<ul>\n<li>1x GlareOne LED Panel 30 BiColor D<\/li>\n<li>1x Netzadapter<\/li>\n<li>1x EU-Kabel<\/li>\n<li>1x UK-Kabel<\/li>\n<li>1x Kopf mit 5\/8&#8243;-Spigot (weiblich)<\/li>\n<li>1x Bedienungsanleitung<\/li>\n<\/ul>\n","protected":false},"excerpt":{"rendered":"<p>30-Watt LED-Panel mit einstellbarer Farbtemperatur. Dank des integrierten Diffusors erzeugt es superweiches und schmeichelhaftes Licht mit hervorragender Farbwiedergabe. Es wird mit einem Netzadapter geliefert, kann aber auch mit NP-F-Akkus betrieben und vor Ort verwendet werden. Perfekt f\u00fcr Vlogs, Live-Streaming und Fotosessions. Benutzerfreundlichkeit Das GlareOne LED Panel 30 BiColor D ist ein kontinuierlich leuchtendes Panel, dessen [&hellip;]<\/p>\n","protected":false},"featured_media":13310,"template":"","meta":[],"product_brand":[],"product_cat":[387],"product_tag":[],"class_list":{"0":"post-13337","1":"product","2":"type-product","3":"status-publish","4":"has-post-thumbnail","6":"product_cat-led-tube-panel-de","8":"first","9":"instock","10":"product-type-simple"},"yoast_head":"<!-- This site is optimized with the Yoast SEO plugin v27.2 - https:\/\/yoast.com\/product\/yoast-seo-wordpress\/ -->\n<title>GlareOne LED Panel 30 BiColor D<\/title>\n<meta name=\"description\" content=\"GlareOne LED Panel 30 BiColor D\" \/>\n<meta name=\"robots\" content=\"index, follow, max-snippet:-1, max-image-preview:large, max-video-preview:-1\" \/>\n<link rel=\"canonical\" href=\"https:\/\/glareone.eu\/de\/product\/glareone-led-panel-30-bicolor-d\/\" \/>\n<meta property=\"og:locale\" content=\"de_DE\" \/>\n<meta property=\"og:type\" content=\"article\" \/>\n<meta property=\"og:title\" content=\"GlareOne LED Panel 30 BiColor D\" \/>\n<meta property=\"og:description\" content=\"GlareOne LED Panel 30 BiColor D\" \/>\n<meta property=\"og:url\" content=\"https:\/\/glareone.eu\/de\/product\/glareone-led-panel-30-bicolor-d\/\" \/>\n<meta property=\"og:site_name\" content=\"GlareOne\" \/>\n<meta property=\"article:publisher\" content=\"https:\/\/www.facebook.com\/GlareOneLighting\" \/>\n<meta property=\"article:modified_time\" content=\"2024-11-12T13:21:01+00:00\" \/>\n<meta property=\"og:image\" content=\"https:\/\/glareone.eu\/wp-content\/uploads\/2024\/04\/SLEDP30BCD_01.jpg\" \/>\n\t<meta property=\"og:image:width\" content=\"1200\" \/>\n\t<meta property=\"og:image:height\" content=\"1200\" \/>\n\t<meta property=\"og:image:type\" content=\"image\/jpeg\" \/>\n<meta name=\"twitter:card\" content=\"summary_large_image\" \/>\n<meta name=\"twitter:title\" content=\"GlareOne LED Panel 30 BiColor D\" \/>\n<meta name=\"twitter:label1\" content=\"Gesch\u00e4tzte Lesezeit\" \/>\n\t<meta name=\"twitter:data1\" content=\"2\u00a0Minuten\" \/>\n<script type=\"application\/ld+json\" class=\"yoast-schema-graph\">{\"@context\":\"https:\/\/schema.org\",\"@graph\":[{\"@type\":\"WebPage\",\"@id\":\"https:\/\/glareone.eu\/de\/product\/glareone-led-panel-30-bicolor-d\/\",\"url\":\"https:\/\/glareone.eu\/de\/product\/glareone-led-panel-30-bicolor-d\/\",\"name\":\"GlareOne LED Panel 30 BiColor D\",\"isPartOf\":{\"@id\":\"https:\/\/glareone.eu\/de\/en\/#website\"},\"primaryImageOfPage\":{\"@id\":\"https:\/\/glareone.eu\/de\/product\/glareone-led-panel-30-bicolor-d\/#primaryimage\"},\"image\":{\"@id\":\"https:\/\/glareone.eu\/de\/product\/glareone-led-panel-30-bicolor-d\/#primaryimage\"},\"thumbnailUrl\":\"https:\/\/glareone.eu\/wp-content\/uploads\/2024\/04\/SLEDP30BCD_01.jpg\",\"datePublished\":\"2024-04-18T19:26:38+00:00\",\"dateModified\":\"2024-11-12T13:21:01+00:00\",\"description\":\"GlareOne LED Panel 30 BiColor D\",\"breadcrumb\":{\"@id\":\"https:\/\/glareone.eu\/de\/product\/glareone-led-panel-30-bicolor-d\/#breadcrumb\"},\"inLanguage\":\"de\",\"potentialAction\":[{\"@type\":\"ReadAction\",\"target\":[\"https:\/\/glareone.eu\/de\/product\/glareone-led-panel-30-bicolor-d\/\"]}]},{\"@type\":\"ImageObject\",\"inLanguage\":\"de\",\"@id\":\"https:\/\/glareone.eu\/de\/product\/glareone-led-panel-30-bicolor-d\/#primaryimage\",\"url\":\"https:\/\/glareone.eu\/wp-content\/uploads\/2024\/04\/SLEDP30BCD_01.jpg\",\"contentUrl\":\"https:\/\/glareone.eu\/wp-content\/uploads\/2024\/04\/SLEDP30BCD_01.jpg\",\"width\":1200,\"height\":1200},{\"@type\":\"BreadcrumbList\",\"@id\":\"https:\/\/glareone.eu\/de\/product\/glareone-led-panel-30-bicolor-d\/#breadcrumb\",\"itemListElement\":[{\"@type\":\"ListItem\",\"position\":1,\"name\":\"Strona g\u0142\u00f3wna\",\"item\":\"https:\/\/glareone.eu\/de\/\"},{\"@type\":\"ListItem\",\"position\":2,\"name\":\"Alle Produkte\",\"item\":\"https:\/\/glareone.eu\/de\/produkte\/alle-produkte\/\"},{\"@type\":\"ListItem\",\"position\":3,\"name\":\"GlareOne LED Panel 30 BiColor D\"}]},{\"@type\":\"WebSite\",\"@id\":\"https:\/\/glareone.eu\/de\/en\/#website\",\"url\":\"https:\/\/glareone.eu\/de\/en\/\",\"name\":\"GlareOne\",\"description\":\"Wyposa\u017cenie Studia\",\"publisher\":{\"@id\":\"https:\/\/glareone.eu\/de\/en\/#organization\"},\"potentialAction\":[{\"@type\":\"SearchAction\",\"target\":{\"@type\":\"EntryPoint\",\"urlTemplate\":\"https:\/\/glareone.eu\/de\/en\/?s={search_term_string}\"},\"query-input\":{\"@type\":\"PropertyValueSpecification\",\"valueRequired\":true,\"valueName\":\"search_term_string\"}}],\"inLanguage\":\"de\"},{\"@type\":\"Organization\",\"@id\":\"https:\/\/glareone.eu\/de\/en\/#organization\",\"name\":\"GlareOne\",\"url\":\"https:\/\/glareone.eu\/de\/en\/\",\"logo\":{\"@type\":\"ImageObject\",\"inLanguage\":\"de\",\"@id\":\"https:\/\/glareone.eu\/de\/en\/#\/schema\/logo\/image\/\",\"url\":\"http:\/\/glareone.eu\/wp-content\/uploads\/2024\/05\/glareone_logo2020_RGB-01-e1715773127189.png\",\"contentUrl\":\"http:\/\/glareone.eu\/wp-content\/uploads\/2024\/05\/glareone_logo2020_RGB-01-e1715773127189.png\",\"width\":1270,\"height\":321,\"caption\":\"GlareOne\"},\"image\":{\"@id\":\"https:\/\/glareone.eu\/de\/en\/#\/schema\/logo\/image\/\"},\"sameAs\":[\"https:\/\/www.facebook.com\/GlareOneLighting\",\"https:\/\/www.instagram.com\/glareonelighting\/\",\"https:\/\/www.youtube.com\/@GlareOneTV\"]}]}<\/script>\n<!-- \/ Yoast SEO plugin. -->","yoast_head_json":{"title":"GlareOne LED Panel 30 BiColor D","description":"GlareOne LED Panel 30 BiColor D","robots":{"index":"index","follow":"follow","max-snippet":"max-snippet:-1","max-image-preview":"max-image-preview:large","max-video-preview":"max-video-preview:-1"},"canonical":"https:\/\/glareone.eu\/de\/product\/glareone-led-panel-30-bicolor-d\/","og_locale":"de_DE","og_type":"article","og_title":"GlareOne LED Panel 30 BiColor D","og_description":"GlareOne LED Panel 30 BiColor D","og_url":"https:\/\/glareone.eu\/de\/product\/glareone-led-panel-30-bicolor-d\/","og_site_name":"GlareOne","article_publisher":"https:\/\/www.facebook.com\/GlareOneLighting","article_modified_time":"2024-11-12T13:21:01+00:00","og_image":[{"width":1200,"height":1200,"url":"https:\/\/glareone.eu\/wp-content\/uploads\/2024\/04\/SLEDP30BCD_01.jpg","type":"image\/jpeg"}],"twitter_card":"summary_large_image","twitter_title":"GlareOne LED Panel 30 BiColor D","twitter_misc":{"Gesch\u00e4tzte Lesezeit":"2\u00a0Minuten"},"schema":{"@context":"https:\/\/schema.org","@graph":[{"@type":"WebPage","@id":"https:\/\/glareone.eu\/de\/product\/glareone-led-panel-30-bicolor-d\/","url":"https:\/\/glareone.eu\/de\/product\/glareone-led-panel-30-bicolor-d\/","name":"GlareOne LED Panel 30 BiColor D","isPartOf":{"@id":"https:\/\/glareone.eu\/de\/en\/#website"},"primaryImageOfPage":{"@id":"https:\/\/glareone.eu\/de\/product\/glareone-led-panel-30-bicolor-d\/#primaryimage"},"image":{"@id":"https:\/\/glareone.eu\/de\/product\/glareone-led-panel-30-bicolor-d\/#primaryimage"},"thumbnailUrl":"https:\/\/glareone.eu\/wp-content\/uploads\/2024\/04\/SLEDP30BCD_01.jpg","datePublished":"2024-04-18T19:26:38+00:00","dateModified":"2024-11-12T13:21:01+00:00","description":"GlareOne LED Panel 30 BiColor D","breadcrumb":{"@id":"https:\/\/glareone.eu\/de\/product\/glareone-led-panel-30-bicolor-d\/#breadcrumb"},"inLanguage":"de","potentialAction":[{"@type":"ReadAction","target":["https:\/\/glareone.eu\/de\/product\/glareone-led-panel-30-bicolor-d\/"]}]},{"@type":"ImageObject","inLanguage":"de","@id":"https:\/\/glareone.eu\/de\/product\/glareone-led-panel-30-bicolor-d\/#primaryimage","url":"https:\/\/glareone.eu\/wp-content\/uploads\/2024\/04\/SLEDP30BCD_01.jpg","contentUrl":"https:\/\/glareone.eu\/wp-content\/uploads\/2024\/04\/SLEDP30BCD_01.jpg","width":1200,"height":1200},{"@type":"BreadcrumbList","@id":"https:\/\/glareone.eu\/de\/product\/glareone-led-panel-30-bicolor-d\/#breadcrumb","itemListElement":[{"@type":"ListItem","position":1,"name":"Strona g\u0142\u00f3wna","item":"https:\/\/glareone.eu\/de\/"},{"@type":"ListItem","position":2,"name":"Alle Produkte","item":"https:\/\/glareone.eu\/de\/produkte\/alle-produkte\/"},{"@type":"ListItem","position":3,"name":"GlareOne LED Panel 30 BiColor D"}]},{"@type":"WebSite","@id":"https:\/\/glareone.eu\/de\/en\/#website","url":"https:\/\/glareone.eu\/de\/en\/","name":"GlareOne","description":"Wyposa\u017cenie Studia","publisher":{"@id":"https:\/\/glareone.eu\/de\/en\/#organization"},"potentialAction":[{"@type":"SearchAction","target":{"@type":"EntryPoint","urlTemplate":"https:\/\/glareone.eu\/de\/en\/?s={search_term_string}"},"query-input":{"@type":"PropertyValueSpecification","valueRequired":true,"valueName":"search_term_string"}}],"inLanguage":"de"},{"@type":"Organization","@id":"https:\/\/glareone.eu\/de\/en\/#organization","name":"GlareOne","url":"https:\/\/glareone.eu\/de\/en\/","logo":{"@type":"ImageObject","inLanguage":"de","@id":"https:\/\/glareone.eu\/de\/en\/#\/schema\/logo\/image\/","url":"http:\/\/glareone.eu\/wp-content\/uploads\/2024\/05\/glareone_logo2020_RGB-01-e1715773127189.png","contentUrl":"http:\/\/glareone.eu\/wp-content\/uploads\/2024\/05\/glareone_logo2020_RGB-01-e1715773127189.png","width":1270,"height":321,"caption":"GlareOne"},"image":{"@id":"https:\/\/glareone.eu\/de\/en\/#\/schema\/logo\/image\/"},"sameAs":["https:\/\/www.facebook.com\/GlareOneLighting","https:\/\/www.instagram.com\/glareonelighting\/","https:\/\/www.youtube.com\/@GlareOneTV"]}]}},"_links":{"self":[{"href":"https:\/\/glareone.eu\/de\/wp-json\/wp\/v2\/product\/13337","targetHints":{"allow":["GET"]}}],"collection":[{"href":"https:\/\/glareone.eu\/de\/wp-json\/wp\/v2\/product"}],"about":[{"href":"https:\/\/glareone.eu\/de\/wp-json\/wp\/v2\/types\/product"}],"wp:featuredmedia":[{"embeddable":true,"href":"https:\/\/glareone.eu\/de\/wp-json\/wp\/v2\/media\/13310"}],"wp:attachment":[{"href":"https:\/\/glareone.eu\/de\/wp-json\/wp\/v2\/media?parent=13337"}],"wp:term":[{"taxonomy":"product_brand","embeddable":true,"href":"https:\/\/glareone.eu\/de\/wp-json\/wp\/v2\/product_brand?post=13337"},{"taxonomy":"product_cat","embeddable":true,"href":"https:\/\/glareone.eu\/de\/wp-json\/wp\/v2\/product_cat?post=13337"},{"taxonomy":"product_tag","embeddable":true,"href":"https:\/\/glareone.eu\/de\/wp-json\/wp\/v2\/product_tag?post=13337"}],"curies":[{"name":"wp","href":"https:\/\/api.w.org\/{rel}","templated":true}]}}