{"id":13299,"date":"2024-04-18T19:26:38","date_gmt":"2024-04-18T19:26:38","guid":{"rendered":"https:\/\/glareone.eu\/product\/glareone-led-panel-12-bicolor\/"},"modified":"2024-11-12T14:20:36","modified_gmt":"2024-11-12T14:20:36","slug":"glareone-led-panel-12-bicolor","status":"publish","type":"product","link":"https:\/\/glareone.eu\/de\/product\/glareone-led-panel-12-bicolor\/","title":{"rendered":"GlareOne LED Panel 12 BiColor (2024)"},"content":{"rendered":"<p>12-Watt Bi-Color LED-Panel mit eingebautem LI-ION-Akku und USB-C-Anschluss. Dank seiner kompakten Gr\u00f6\u00dfe und einfachen Handhabung ist es die perfekte Lichtquelle f\u00fcr Vlogging, Video-Streaming oder Fotografie.<\/p>\n<h3>Einfache Handhabung<\/h3>\n<p>Das GlareOne LED Panel 12 BiColor ist ein Dauerlichtpanel, und die Bedienung ist \u00e4u\u00dferst einfach. Dank der automatischen Lichtmessung und Belichtungsanpassung der Kamera sind keine zus\u00e4tzlichen Belichtungsmesser erforderlich. Dies erleichtert die Erstellung idealer Beleuchtungsszenarien, da der endg\u00fcltige Effekt vor der Aufnahme der Fotos direkt angezeigt werden kann.<\/p>\n<h3>Vielseitigkeit<\/h3>\n<p>Das Panel bietet nahezu unbegrenzte Anwendungsm\u00f6glichkeiten. Es eignet sich perfekt f\u00fcr verschiedene Arten der Fotografie \u2013 von Portr\u00e4ts bis hin zu Produktaufnahmen oder Makrofotografie. Dieses Dauerlichtpanel ist auch ideal f\u00fcr Streaming, Interviews, Vlogs oder Reels geeignet. Das Panel verf\u00fcgt \u00fcber ein 1\/4\u201c-Gewinde und einen Cold-Shoe-Anschluss, wodurch eine einfache Montage auf einer Kamera, DSLR oder einem Studiostativ m\u00f6glich ist.<\/p>\n<h3>Hohe Farbqualit\u00e4t<\/h3>\n<p>Das GlareOne-Panel strahlt Licht aus, das Farben pr\u00e4zise wiedergibt, was in Situationen, die eine genaue Farbwiedergabe erfordern, von entscheidender Bedeutung ist, wie etwa beim Fotografieren von Menschen, wo eine genaue Wiedergabe von Hautt\u00f6nen wesentlich ist. Es hat einen CRI (Color Rendering Index) von 96, einen TLCI von 98 und einen TM-30 von 95.<\/p>\n<h3>Farbtemperaturanpassung<\/h3>\n<p>Mit einem einstellbaren Farbtemperaturbereich von 2700 bis 7500 K kann das Panel verschiedene Lichtquellen imitieren \u2013 von der warmen Glut einer Kerze bis hin zum nat\u00fcrlichen Tageslicht. Dadurch kann die Beleuchtung individuell an die Bed\u00fcrfnisse des Nutzers und die Bedingungen der Fotosession oder Aufnahme angepasst werden.<\/p>\n<h3>Stromversorgung<\/h3>\n<p>Das GlareOne-Panel wird von einem eingebauten Akku betrieben, der \u00fcber den USB-C-Anschluss aufgeladen werden kann. Da das Panel nicht st\u00e4ndig an eine Steckdose angeschlossen sein muss, kann es frei auf einem hohen Stativ montiert oder fast \u00fcberall platziert werden. Dies macht das Licht f\u00fcr die Fotografie und das Filmen unter verschiedenen Bedingungen geeignet, einschlie\u00dflich Au\u00dfenaufnahmen.<\/p>\n<h3>Lichteffekte<\/h3>\n<p>Das Licht bietet 9 verschiedene Effekte, die Lichtquellen wie Feuerwerk, Blitze oder einen Fernseher simulieren k\u00f6nnen, und bietet so kreative M\u00f6glichkeiten beim Filmen und Fotografieren.<\/p>\n<h3>Eigenschaften des GlareOne LED Panel 12 BiColor\u00a0 D:<\/h3>\n<ul>\n<li>Einfach zu bedienendes Licht f\u00fcr Fotografie und Filmaufnahmen<\/li>\n<li>Kompakte Gr\u00f6\u00dfe und leichtes Gewicht<\/li>\n<li>Einstellbare Farbtemperatur von 2700 bis 7500 K<\/li>\n<li>Maximale Leistung von 12 W<\/li>\n<li>Hohe Farbwiedergabeparameter (CRI &gt; 96, TLCI &gt; 98, TM-30 &gt; 95)<\/li>\n<li>Eingebauter Akku<\/li>\n<li>Stufenlose Helligkeitsregelung<\/li>\n<li>Passives (komplett ger\u00e4uschloses) K\u00fchlsystem<\/li>\n<li>Ausgestattet mit einem 1\/4\u201c-Stativanschluss<\/li>\n<li>Inklusive Cold-Shoe-Anschluss<\/li>\n<li>Ausgestattet mit 9 Lichteffekten<\/li>\n<li>USB-C-Aufladung<\/li>\n<\/ul>\n<h3>Lieferumfang:<\/h3>\n<ul>\n<li>1x GlareOne LED Panel 12 BiColor<\/li>\n<li>1x Kabel<\/li>\n<li>1x Mini-Kopf<\/li>\n<li>1x Bedienungsanleitung<\/li>\n<\/ul>\n","protected":false},"excerpt":{"rendered":"<p>12-Watt Bi-Color LED-Panel mit eingebautem LI-ION-Akku und USB-C-Anschluss. Dank seiner kompakten Gr\u00f6\u00dfe und einfachen Handhabung ist es die perfekte Lichtquelle f\u00fcr Vlogging, Video-Streaming oder Fotografie. Einfache Handhabung Das GlareOne LED Panel 12 BiColor ist ein Dauerlichtpanel, und die Bedienung ist \u00e4u\u00dferst einfach. Dank der automatischen Lichtmessung und Belichtungsanpassung der Kamera sind keine zus\u00e4tzlichen Belichtungsmesser erforderlich. [&hellip;]<\/p>\n","protected":false},"featured_media":13273,"template":"","meta":[],"product_brand":[],"product_cat":[387],"product_tag":[],"class_list":{"0":"post-13299","1":"product","2":"type-product","3":"status-publish","4":"has-post-thumbnail","6":"product_cat-led-tube-panel-de","8":"first","9":"instock","10":"product-type-simple"},"yoast_head":"<!-- This site is optimized with the Yoast SEO plugin v27.2 - https:\/\/yoast.com\/product\/yoast-seo-wordpress\/ -->\n<title>GlareOne LED Panel 12 BiColor (2024)<\/title>\n<meta name=\"description\" content=\"GlareOne LED Panel 12 BiColor (2024)\" \/>\n<meta name=\"robots\" content=\"index, follow, max-snippet:-1, max-image-preview:large, max-video-preview:-1\" \/>\n<link rel=\"canonical\" href=\"https:\/\/glareone.eu\/de\/product\/glareone-led-panel-12-bicolor\/\" \/>\n<meta property=\"og:locale\" content=\"de_DE\" \/>\n<meta property=\"og:type\" content=\"article\" \/>\n<meta property=\"og:title\" content=\"GlareOne LED Panel 12 BiColor (2024)\" \/>\n<meta property=\"og:description\" content=\"GlareOne LED Panel 12 BiColor (2024)\" \/>\n<meta property=\"og:url\" content=\"https:\/\/glareone.eu\/de\/product\/glareone-led-panel-12-bicolor\/\" \/>\n<meta property=\"og:site_name\" content=\"GlareOne\" \/>\n<meta property=\"article:publisher\" content=\"https:\/\/www.facebook.com\/GlareOneLighting\" \/>\n<meta property=\"article:modified_time\" content=\"2024-11-12T14:20:36+00:00\" \/>\n<meta property=\"og:image\" content=\"https:\/\/glareone.eu\/wp-content\/uploads\/2024\/11\/SLEDP12BC2_01.jpg\" \/>\n\t<meta property=\"og:image:width\" content=\"1200\" \/>\n\t<meta property=\"og:image:height\" content=\"1200\" \/>\n\t<meta property=\"og:image:type\" content=\"image\/jpeg\" \/>\n<meta name=\"twitter:card\" content=\"summary_large_image\" \/>\n<meta name=\"twitter:title\" content=\"GlareOne LED Panel 12 BiColor (2024)\" \/>\n<script type=\"application\/ld+json\" class=\"yoast-schema-graph\">{\"@context\":\"https:\/\/schema.org\",\"@graph\":[{\"@type\":\"WebPage\",\"@id\":\"https:\/\/glareone.eu\/de\/product\/glareone-led-panel-12-bicolor\/\",\"url\":\"https:\/\/glareone.eu\/de\/product\/glareone-led-panel-12-bicolor\/\",\"name\":\"GlareOne LED Panel 12 BiColor (2024)\",\"isPartOf\":{\"@id\":\"https:\/\/glareone.eu\/de\/en\/#website\"},\"primaryImageOfPage\":{\"@id\":\"https:\/\/glareone.eu\/de\/product\/glareone-led-panel-12-bicolor\/#primaryimage\"},\"image\":{\"@id\":\"https:\/\/glareone.eu\/de\/product\/glareone-led-panel-12-bicolor\/#primaryimage\"},\"thumbnailUrl\":\"https:\/\/glareone.eu\/wp-content\/uploads\/2024\/11\/SLEDP12BC2_01.jpg\",\"datePublished\":\"2024-04-18T19:26:38+00:00\",\"dateModified\":\"2024-11-12T14:20:36+00:00\",\"description\":\"GlareOne LED Panel 12 BiColor (2024)\",\"breadcrumb\":{\"@id\":\"https:\/\/glareone.eu\/de\/product\/glareone-led-panel-12-bicolor\/#breadcrumb\"},\"inLanguage\":\"de\",\"potentialAction\":[{\"@type\":\"ReadAction\",\"target\":[\"https:\/\/glareone.eu\/de\/product\/glareone-led-panel-12-bicolor\/\"]}]},{\"@type\":\"ImageObject\",\"inLanguage\":\"de\",\"@id\":\"https:\/\/glareone.eu\/de\/product\/glareone-led-panel-12-bicolor\/#primaryimage\",\"url\":\"https:\/\/glareone.eu\/wp-content\/uploads\/2024\/11\/SLEDP12BC2_01.jpg\",\"contentUrl\":\"https:\/\/glareone.eu\/wp-content\/uploads\/2024\/11\/SLEDP12BC2_01.jpg\",\"width\":1200,\"height\":1200},{\"@type\":\"BreadcrumbList\",\"@id\":\"https:\/\/glareone.eu\/de\/product\/glareone-led-panel-12-bicolor\/#breadcrumb\",\"itemListElement\":[{\"@type\":\"ListItem\",\"position\":1,\"name\":\"Strona g\u0142\u00f3wna\",\"item\":\"https:\/\/glareone.eu\/de\/\"},{\"@type\":\"ListItem\",\"position\":2,\"name\":\"Alle Produkte\",\"item\":\"https:\/\/glareone.eu\/de\/produkte\/alle-produkte\/\"},{\"@type\":\"ListItem\",\"position\":3,\"name\":\"GlareOne LED Panel 12 BiColor (2024)\"}]},{\"@type\":\"WebSite\",\"@id\":\"https:\/\/glareone.eu\/de\/en\/#website\",\"url\":\"https:\/\/glareone.eu\/de\/en\/\",\"name\":\"GlareOne\",\"description\":\"Wyposa\u017cenie Studia\",\"publisher\":{\"@id\":\"https:\/\/glareone.eu\/de\/en\/#organization\"},\"potentialAction\":[{\"@type\":\"SearchAction\",\"target\":{\"@type\":\"EntryPoint\",\"urlTemplate\":\"https:\/\/glareone.eu\/de\/en\/?s={search_term_string}\"},\"query-input\":{\"@type\":\"PropertyValueSpecification\",\"valueRequired\":true,\"valueName\":\"search_term_string\"}}],\"inLanguage\":\"de\"},{\"@type\":\"Organization\",\"@id\":\"https:\/\/glareone.eu\/de\/en\/#organization\",\"name\":\"GlareOne\",\"url\":\"https:\/\/glareone.eu\/de\/en\/\",\"logo\":{\"@type\":\"ImageObject\",\"inLanguage\":\"de\",\"@id\":\"https:\/\/glareone.eu\/de\/en\/#\/schema\/logo\/image\/\",\"url\":\"http:\/\/glareone.eu\/wp-content\/uploads\/2024\/05\/glareone_logo2020_RGB-01-e1715773127189.png\",\"contentUrl\":\"http:\/\/glareone.eu\/wp-content\/uploads\/2024\/05\/glareone_logo2020_RGB-01-e1715773127189.png\",\"width\":1270,\"height\":321,\"caption\":\"GlareOne\"},\"image\":{\"@id\":\"https:\/\/glareone.eu\/de\/en\/#\/schema\/logo\/image\/\"},\"sameAs\":[\"https:\/\/www.facebook.com\/GlareOneLighting\",\"https:\/\/www.instagram.com\/glareonelighting\/\",\"https:\/\/www.youtube.com\/@GlareOneTV\"]}]}<\/script>\n<!-- \/ Yoast SEO plugin. -->","yoast_head_json":{"title":"GlareOne LED Panel 12 BiColor (2024)","description":"GlareOne LED Panel 12 BiColor (2024)","robots":{"index":"index","follow":"follow","max-snippet":"max-snippet:-1","max-image-preview":"max-image-preview:large","max-video-preview":"max-video-preview:-1"},"canonical":"https:\/\/glareone.eu\/de\/product\/glareone-led-panel-12-bicolor\/","og_locale":"de_DE","og_type":"article","og_title":"GlareOne LED Panel 12 BiColor (2024)","og_description":"GlareOne LED Panel 12 BiColor (2024)","og_url":"https:\/\/glareone.eu\/de\/product\/glareone-led-panel-12-bicolor\/","og_site_name":"GlareOne","article_publisher":"https:\/\/www.facebook.com\/GlareOneLighting","article_modified_time":"2024-11-12T14:20:36+00:00","og_image":[{"width":1200,"height":1200,"url":"https:\/\/glareone.eu\/wp-content\/uploads\/2024\/11\/SLEDP12BC2_01.jpg","type":"image\/jpeg"}],"twitter_card":"summary_large_image","twitter_title":"GlareOne LED Panel 12 BiColor (2024)","schema":{"@context":"https:\/\/schema.org","@graph":[{"@type":"WebPage","@id":"https:\/\/glareone.eu\/de\/product\/glareone-led-panel-12-bicolor\/","url":"https:\/\/glareone.eu\/de\/product\/glareone-led-panel-12-bicolor\/","name":"GlareOne LED Panel 12 BiColor (2024)","isPartOf":{"@id":"https:\/\/glareone.eu\/de\/en\/#website"},"primaryImageOfPage":{"@id":"https:\/\/glareone.eu\/de\/product\/glareone-led-panel-12-bicolor\/#primaryimage"},"image":{"@id":"https:\/\/glareone.eu\/de\/product\/glareone-led-panel-12-bicolor\/#primaryimage"},"thumbnailUrl":"https:\/\/glareone.eu\/wp-content\/uploads\/2024\/11\/SLEDP12BC2_01.jpg","datePublished":"2024-04-18T19:26:38+00:00","dateModified":"2024-11-12T14:20:36+00:00","description":"GlareOne LED Panel 12 BiColor (2024)","breadcrumb":{"@id":"https:\/\/glareone.eu\/de\/product\/glareone-led-panel-12-bicolor\/#breadcrumb"},"inLanguage":"de","potentialAction":[{"@type":"ReadAction","target":["https:\/\/glareone.eu\/de\/product\/glareone-led-panel-12-bicolor\/"]}]},{"@type":"ImageObject","inLanguage":"de","@id":"https:\/\/glareone.eu\/de\/product\/glareone-led-panel-12-bicolor\/#primaryimage","url":"https:\/\/glareone.eu\/wp-content\/uploads\/2024\/11\/SLEDP12BC2_01.jpg","contentUrl":"https:\/\/glareone.eu\/wp-content\/uploads\/2024\/11\/SLEDP12BC2_01.jpg","width":1200,"height":1200},{"@type":"BreadcrumbList","@id":"https:\/\/glareone.eu\/de\/product\/glareone-led-panel-12-bicolor\/#breadcrumb","itemListElement":[{"@type":"ListItem","position":1,"name":"Strona g\u0142\u00f3wna","item":"https:\/\/glareone.eu\/de\/"},{"@type":"ListItem","position":2,"name":"Alle Produkte","item":"https:\/\/glareone.eu\/de\/produkte\/alle-produkte\/"},{"@type":"ListItem","position":3,"name":"GlareOne LED Panel 12 BiColor (2024)"}]},{"@type":"WebSite","@id":"https:\/\/glareone.eu\/de\/en\/#website","url":"https:\/\/glareone.eu\/de\/en\/","name":"GlareOne","description":"Wyposa\u017cenie Studia","publisher":{"@id":"https:\/\/glareone.eu\/de\/en\/#organization"},"potentialAction":[{"@type":"SearchAction","target":{"@type":"EntryPoint","urlTemplate":"https:\/\/glareone.eu\/de\/en\/?s={search_term_string}"},"query-input":{"@type":"PropertyValueSpecification","valueRequired":true,"valueName":"search_term_string"}}],"inLanguage":"de"},{"@type":"Organization","@id":"https:\/\/glareone.eu\/de\/en\/#organization","name":"GlareOne","url":"https:\/\/glareone.eu\/de\/en\/","logo":{"@type":"ImageObject","inLanguage":"de","@id":"https:\/\/glareone.eu\/de\/en\/#\/schema\/logo\/image\/","url":"http:\/\/glareone.eu\/wp-content\/uploads\/2024\/05\/glareone_logo2020_RGB-01-e1715773127189.png","contentUrl":"http:\/\/glareone.eu\/wp-content\/uploads\/2024\/05\/glareone_logo2020_RGB-01-e1715773127189.png","width":1270,"height":321,"caption":"GlareOne"},"image":{"@id":"https:\/\/glareone.eu\/de\/en\/#\/schema\/logo\/image\/"},"sameAs":["https:\/\/www.facebook.com\/GlareOneLighting","https:\/\/www.instagram.com\/glareonelighting\/","https:\/\/www.youtube.com\/@GlareOneTV"]}]}},"_links":{"self":[{"href":"https:\/\/glareone.eu\/de\/wp-json\/wp\/v2\/product\/13299","targetHints":{"allow":["GET"]}}],"collection":[{"href":"https:\/\/glareone.eu\/de\/wp-json\/wp\/v2\/product"}],"about":[{"href":"https:\/\/glareone.eu\/de\/wp-json\/wp\/v2\/types\/product"}],"wp:featuredmedia":[{"embeddable":true,"href":"https:\/\/glareone.eu\/de\/wp-json\/wp\/v2\/media\/13273"}],"wp:attachment":[{"href":"https:\/\/glareone.eu\/de\/wp-json\/wp\/v2\/media?parent=13299"}],"wp:term":[{"taxonomy":"product_brand","embeddable":true,"href":"https:\/\/glareone.eu\/de\/wp-json\/wp\/v2\/product_brand?post=13299"},{"taxonomy":"product_cat","embeddable":true,"href":"https:\/\/glareone.eu\/de\/wp-json\/wp\/v2\/product_cat?post=13299"},{"taxonomy":"product_tag","embeddable":true,"href":"https:\/\/glareone.eu\/de\/wp-json\/wp\/v2\/product_tag?post=13299"}],"curies":[{"name":"wp","href":"https:\/\/api.w.org\/{rel}","templated":true}]}}