{"id":13218,"date":"2024-09-18T07:37:15","date_gmt":"2024-09-18T07:37:15","guid":{"rendered":"https:\/\/glareone.eu\/product\/glareone-stand-bag-120x15\/"},"modified":"2024-09-18T07:38:49","modified_gmt":"2024-09-18T07:38:49","slug":"glareone-stand-bag-120x15","status":"publish","type":"product","link":"https:\/\/glareone.eu\/de\/product\/glareone-stand-bag-120x15\/","title":{"rendered":"GlareOne Stand Bag 120&#215;15"},"content":{"rendered":"<p>Eine gro\u00dfe, runde Abdeckung, die es Ihnen erm\u00f6glicht, Ihr Studioequipment bequem und sicher zu transportieren. Sie k\u00f6nnen sowohl Studiostative als auch Schirme darin unterbringen.<\/p>\n<p>Die Abdeckung f\u00fcr Studioequipment kann problemlos 2 Lichtstative oder 4 Schirme mit einer maximalen L\u00e4nge von 120 cm aufnehmen. Im Inneren der Abdeckung befinden sich zwei eingen\u00e4hte Taschen, die zus\u00e4tzlichen Schutz f\u00fcr die verpackten Gegenst\u00e4nde bieten. Die Abdeckung hat au\u00dferdem Griffe f\u00fcr den bequemen Transport per Hand.<\/p>\n","protected":false},"excerpt":{"rendered":"<p>Eine gro\u00dfe, runde Abdeckung, die es Ihnen erm\u00f6glicht, Ihr Studioequipment bequem und sicher zu transportieren. Sie k\u00f6nnen sowohl Studiostative als auch Schirme darin unterbringen. Die Abdeckung f\u00fcr Studioequipment kann problemlos 2 Lichtstative oder 4 Schirme mit einer maximalen L\u00e4nge von 120 cm aufnehmen. Im Inneren der Abdeckung befinden sich zwei eingen\u00e4hte Taschen, die zus\u00e4tzlichen Schutz [&hellip;]<\/p>\n","protected":false},"featured_media":13206,"template":"","meta":[],"product_brand":[],"product_cat":[445],"product_tag":[],"class_list":{"0":"post-13218","1":"product","2":"type-product","3":"status-publish","4":"has-post-thumbnail","6":"product_cat-zubehor-de","8":"first","9":"instock","10":"shipping-taxable","11":"product-type-simple"},"yoast_head":"<!-- This site is optimized with the Yoast SEO plugin v27.2 - https:\/\/yoast.com\/product\/yoast-seo-wordpress\/ -->\n<title>GlareOne Stand Bag 120x15 - GlareOne<\/title>\n<meta name=\"robots\" content=\"index, follow, max-snippet:-1, max-image-preview:large, max-video-preview:-1\" \/>\n<link rel=\"canonical\" href=\"https:\/\/glareone.eu\/de\/product\/glareone-stand-bag-120x15\/\" \/>\n<meta property=\"og:locale\" content=\"de_DE\" \/>\n<meta property=\"og:type\" content=\"article\" \/>\n<meta property=\"og:title\" content=\"GlareOne Stand Bag 120x15 - GlareOne\" \/>\n<meta property=\"og:description\" content=\"Eine gro\u00dfe, runde Abdeckung, die es Ihnen erm\u00f6glicht, Ihr Studioequipment bequem und sicher zu transportieren. Sie k\u00f6nnen sowohl Studiostative als auch Schirme darin unterbringen. Die Abdeckung f\u00fcr Studioequipment kann problemlos 2 Lichtstative oder 4 Schirme mit einer maximalen L\u00e4nge von 120 cm aufnehmen. Im Inneren der Abdeckung befinden sich zwei eingen\u00e4hte Taschen, die zus\u00e4tzlichen Schutz [&hellip;]\" \/>\n<meta property=\"og:url\" content=\"https:\/\/glareone.eu\/de\/product\/glareone-stand-bag-120x15\/\" \/>\n<meta property=\"og:site_name\" content=\"GlareOne\" \/>\n<meta property=\"article:publisher\" content=\"https:\/\/www.facebook.com\/GlareOneLighting\" \/>\n<meta property=\"article:modified_time\" content=\"2024-09-18T07:38:49+00:00\" \/>\n<meta property=\"og:image\" content=\"https:\/\/glareone.eu\/wp-content\/uploads\/2024\/09\/SCC120X15_01-min.jpg\" \/>\n\t<meta property=\"og:image:width\" content=\"1200\" \/>\n\t<meta property=\"og:image:height\" content=\"1200\" \/>\n\t<meta property=\"og:image:type\" content=\"image\/jpeg\" \/>\n<meta name=\"twitter:card\" content=\"summary_large_image\" \/>\n<meta name=\"twitter:label1\" content=\"Gesch\u00e4tzte Lesezeit\" \/>\n\t<meta name=\"twitter:data1\" content=\"1\u00a0Minute\" \/>\n<script type=\"application\/ld+json\" class=\"yoast-schema-graph\">{\"@context\":\"https:\/\/schema.org\",\"@graph\":[{\"@type\":\"WebPage\",\"@id\":\"https:\/\/glareone.eu\/de\/product\/glareone-stand-bag-120x15\/\",\"url\":\"https:\/\/glareone.eu\/de\/product\/glareone-stand-bag-120x15\/\",\"name\":\"GlareOne Stand Bag 120x15 - GlareOne\",\"isPartOf\":{\"@id\":\"https:\/\/glareone.eu\/de\/en\/#website\"},\"primaryImageOfPage\":{\"@id\":\"https:\/\/glareone.eu\/de\/product\/glareone-stand-bag-120x15\/#primaryimage\"},\"image\":{\"@id\":\"https:\/\/glareone.eu\/de\/product\/glareone-stand-bag-120x15\/#primaryimage\"},\"thumbnailUrl\":\"https:\/\/glareone.eu\/wp-content\/uploads\/2024\/09\/SCC120X15_01-min.jpg\",\"datePublished\":\"2024-09-18T07:37:15+00:00\",\"dateModified\":\"2024-09-18T07:38:49+00:00\",\"breadcrumb\":{\"@id\":\"https:\/\/glareone.eu\/de\/product\/glareone-stand-bag-120x15\/#breadcrumb\"},\"inLanguage\":\"de\",\"potentialAction\":[{\"@type\":\"ReadAction\",\"target\":[\"https:\/\/glareone.eu\/de\/product\/glareone-stand-bag-120x15\/\"]}]},{\"@type\":\"ImageObject\",\"inLanguage\":\"de\",\"@id\":\"https:\/\/glareone.eu\/de\/product\/glareone-stand-bag-120x15\/#primaryimage\",\"url\":\"https:\/\/glareone.eu\/wp-content\/uploads\/2024\/09\/SCC120X15_01-min.jpg\",\"contentUrl\":\"https:\/\/glareone.eu\/wp-content\/uploads\/2024\/09\/SCC120X15_01-min.jpg\",\"width\":1200,\"height\":1200},{\"@type\":\"BreadcrumbList\",\"@id\":\"https:\/\/glareone.eu\/de\/product\/glareone-stand-bag-120x15\/#breadcrumb\",\"itemListElement\":[{\"@type\":\"ListItem\",\"position\":1,\"name\":\"Strona g\u0142\u00f3wna\",\"item\":\"https:\/\/glareone.eu\/de\/\"},{\"@type\":\"ListItem\",\"position\":2,\"name\":\"Alle Produkte\",\"item\":\"https:\/\/glareone.eu\/de\/produkte\/alle-produkte\/\"},{\"@type\":\"ListItem\",\"position\":3,\"name\":\"GlareOne Stand Bag 120&#215;15\"}]},{\"@type\":\"WebSite\",\"@id\":\"https:\/\/glareone.eu\/de\/en\/#website\",\"url\":\"https:\/\/glareone.eu\/de\/en\/\",\"name\":\"GlareOne\",\"description\":\"Wyposa\u017cenie Studia\",\"publisher\":{\"@id\":\"https:\/\/glareone.eu\/de\/en\/#organization\"},\"potentialAction\":[{\"@type\":\"SearchAction\",\"target\":{\"@type\":\"EntryPoint\",\"urlTemplate\":\"https:\/\/glareone.eu\/de\/en\/?s={search_term_string}\"},\"query-input\":{\"@type\":\"PropertyValueSpecification\",\"valueRequired\":true,\"valueName\":\"search_term_string\"}}],\"inLanguage\":\"de\"},{\"@type\":\"Organization\",\"@id\":\"https:\/\/glareone.eu\/de\/en\/#organization\",\"name\":\"GlareOne\",\"url\":\"https:\/\/glareone.eu\/de\/en\/\",\"logo\":{\"@type\":\"ImageObject\",\"inLanguage\":\"de\",\"@id\":\"https:\/\/glareone.eu\/de\/en\/#\/schema\/logo\/image\/\",\"url\":\"http:\/\/glareone.eu\/wp-content\/uploads\/2024\/05\/glareone_logo2020_RGB-01-e1715773127189.png\",\"contentUrl\":\"http:\/\/glareone.eu\/wp-content\/uploads\/2024\/05\/glareone_logo2020_RGB-01-e1715773127189.png\",\"width\":1270,\"height\":321,\"caption\":\"GlareOne\"},\"image\":{\"@id\":\"https:\/\/glareone.eu\/de\/en\/#\/schema\/logo\/image\/\"},\"sameAs\":[\"https:\/\/www.facebook.com\/GlareOneLighting\",\"https:\/\/www.instagram.com\/glareonelighting\/\",\"https:\/\/www.youtube.com\/@GlareOneTV\"]}]}<\/script>\n<!-- \/ Yoast SEO plugin. -->","yoast_head_json":{"title":"GlareOne Stand Bag 120x15 - GlareOne","robots":{"index":"index","follow":"follow","max-snippet":"max-snippet:-1","max-image-preview":"max-image-preview:large","max-video-preview":"max-video-preview:-1"},"canonical":"https:\/\/glareone.eu\/de\/product\/glareone-stand-bag-120x15\/","og_locale":"de_DE","og_type":"article","og_title":"GlareOne Stand Bag 120x15 - GlareOne","og_description":"Eine gro\u00dfe, runde Abdeckung, die es Ihnen erm\u00f6glicht, Ihr Studioequipment bequem und sicher zu transportieren. Sie k\u00f6nnen sowohl Studiostative als auch Schirme darin unterbringen. Die Abdeckung f\u00fcr Studioequipment kann problemlos 2 Lichtstative oder 4 Schirme mit einer maximalen L\u00e4nge von 120 cm aufnehmen. Im Inneren der Abdeckung befinden sich zwei eingen\u00e4hte Taschen, die zus\u00e4tzlichen Schutz [&hellip;]","og_url":"https:\/\/glareone.eu\/de\/product\/glareone-stand-bag-120x15\/","og_site_name":"GlareOne","article_publisher":"https:\/\/www.facebook.com\/GlareOneLighting","article_modified_time":"2024-09-18T07:38:49+00:00","og_image":[{"width":1200,"height":1200,"url":"https:\/\/glareone.eu\/wp-content\/uploads\/2024\/09\/SCC120X15_01-min.jpg","type":"image\/jpeg"}],"twitter_card":"summary_large_image","twitter_misc":{"Gesch\u00e4tzte Lesezeit":"1\u00a0Minute"},"schema":{"@context":"https:\/\/schema.org","@graph":[{"@type":"WebPage","@id":"https:\/\/glareone.eu\/de\/product\/glareone-stand-bag-120x15\/","url":"https:\/\/glareone.eu\/de\/product\/glareone-stand-bag-120x15\/","name":"GlareOne Stand Bag 120x15 - GlareOne","isPartOf":{"@id":"https:\/\/glareone.eu\/de\/en\/#website"},"primaryImageOfPage":{"@id":"https:\/\/glareone.eu\/de\/product\/glareone-stand-bag-120x15\/#primaryimage"},"image":{"@id":"https:\/\/glareone.eu\/de\/product\/glareone-stand-bag-120x15\/#primaryimage"},"thumbnailUrl":"https:\/\/glareone.eu\/wp-content\/uploads\/2024\/09\/SCC120X15_01-min.jpg","datePublished":"2024-09-18T07:37:15+00:00","dateModified":"2024-09-18T07:38:49+00:00","breadcrumb":{"@id":"https:\/\/glareone.eu\/de\/product\/glareone-stand-bag-120x15\/#breadcrumb"},"inLanguage":"de","potentialAction":[{"@type":"ReadAction","target":["https:\/\/glareone.eu\/de\/product\/glareone-stand-bag-120x15\/"]}]},{"@type":"ImageObject","inLanguage":"de","@id":"https:\/\/glareone.eu\/de\/product\/glareone-stand-bag-120x15\/#primaryimage","url":"https:\/\/glareone.eu\/wp-content\/uploads\/2024\/09\/SCC120X15_01-min.jpg","contentUrl":"https:\/\/glareone.eu\/wp-content\/uploads\/2024\/09\/SCC120X15_01-min.jpg","width":1200,"height":1200},{"@type":"BreadcrumbList","@id":"https:\/\/glareone.eu\/de\/product\/glareone-stand-bag-120x15\/#breadcrumb","itemListElement":[{"@type":"ListItem","position":1,"name":"Strona g\u0142\u00f3wna","item":"https:\/\/glareone.eu\/de\/"},{"@type":"ListItem","position":2,"name":"Alle Produkte","item":"https:\/\/glareone.eu\/de\/produkte\/alle-produkte\/"},{"@type":"ListItem","position":3,"name":"GlareOne Stand Bag 120&#215;15"}]},{"@type":"WebSite","@id":"https:\/\/glareone.eu\/de\/en\/#website","url":"https:\/\/glareone.eu\/de\/en\/","name":"GlareOne","description":"Wyposa\u017cenie Studia","publisher":{"@id":"https:\/\/glareone.eu\/de\/en\/#organization"},"potentialAction":[{"@type":"SearchAction","target":{"@type":"EntryPoint","urlTemplate":"https:\/\/glareone.eu\/de\/en\/?s={search_term_string}"},"query-input":{"@type":"PropertyValueSpecification","valueRequired":true,"valueName":"search_term_string"}}],"inLanguage":"de"},{"@type":"Organization","@id":"https:\/\/glareone.eu\/de\/en\/#organization","name":"GlareOne","url":"https:\/\/glareone.eu\/de\/en\/","logo":{"@type":"ImageObject","inLanguage":"de","@id":"https:\/\/glareone.eu\/de\/en\/#\/schema\/logo\/image\/","url":"http:\/\/glareone.eu\/wp-content\/uploads\/2024\/05\/glareone_logo2020_RGB-01-e1715773127189.png","contentUrl":"http:\/\/glareone.eu\/wp-content\/uploads\/2024\/05\/glareone_logo2020_RGB-01-e1715773127189.png","width":1270,"height":321,"caption":"GlareOne"},"image":{"@id":"https:\/\/glareone.eu\/de\/en\/#\/schema\/logo\/image\/"},"sameAs":["https:\/\/www.facebook.com\/GlareOneLighting","https:\/\/www.instagram.com\/glareonelighting\/","https:\/\/www.youtube.com\/@GlareOneTV"]}]}},"_links":{"self":[{"href":"https:\/\/glareone.eu\/de\/wp-json\/wp\/v2\/product\/13218","targetHints":{"allow":["GET"]}}],"collection":[{"href":"https:\/\/glareone.eu\/de\/wp-json\/wp\/v2\/product"}],"about":[{"href":"https:\/\/glareone.eu\/de\/wp-json\/wp\/v2\/types\/product"}],"wp:featuredmedia":[{"embeddable":true,"href":"https:\/\/glareone.eu\/de\/wp-json\/wp\/v2\/media\/13206"}],"wp:attachment":[{"href":"https:\/\/glareone.eu\/de\/wp-json\/wp\/v2\/media?parent=13218"}],"wp:term":[{"taxonomy":"product_brand","embeddable":true,"href":"https:\/\/glareone.eu\/de\/wp-json\/wp\/v2\/product_brand?post=13218"},{"taxonomy":"product_cat","embeddable":true,"href":"https:\/\/glareone.eu\/de\/wp-json\/wp\/v2\/product_cat?post=13218"},{"taxonomy":"product_tag","embeddable":true,"href":"https:\/\/glareone.eu\/de\/wp-json\/wp\/v2\/product_tag?post=13218"}],"curies":[{"name":"wp","href":"https:\/\/api.w.org\/{rel}","templated":true}]}}