{"id":13159,"date":"2024-04-18T19:26:40","date_gmt":"2024-04-18T19:26:40","guid":{"rendered":"https:\/\/glareone.eu\/product\/glareone-air-glide-150\/"},"modified":"2024-09-18T07:24:41","modified_gmt":"2024-09-18T07:24:41","slug":"glareone-air-glide-150","status":"publish","type":"product","link":"https:\/\/glareone.eu\/de\/product\/glareone-air-glide-150\/","title":{"rendered":"GlareOne Air Glide 150"},"content":{"rendered":"<p>Zweiteiliges, luftgepolstertes Stativ, flach aufgestellt und mit Rollen ausgestattet.<\/p>\n<h3>Benutzerkomfort<\/h3>\n<p>Der gr\u00f6\u00dfte Vorteil des GlareOne Air Glide 150 St\u00e4nders ist der Benutzerkomfort. Die flache Basis erm\u00f6glicht es, den St\u00e4nder mit den mitgelieferten Rollen auszustatten, was ihn leicht, bequem und sicher in der Anwendung macht. Die geringe H\u00f6he der Basis erm\u00f6glicht ein einfaches Man\u00f6vrieren des Air Glide St\u00e4nders zwischen anderen St\u00e4ndern oder Set-Elementen. Der Air Glide eignet sich perfekt f\u00fcr Orte wie Foto- und Filmstudios, Sch\u00f6nheitssalons oder Tattoostudios.<\/p>\n<h3>St\u00e4nders\u00e4ule<\/h3>\n<p>Der GlareOne Air Glide 150 St\u00e4nder ist mit einer S\u00e4ule ausgestattet, die von den leichten St\u00e4ndern der Air-Serie abgeleitet ist. Die S\u00e4ule bietet eine Luftd\u00e4mpfung f\u00fcr jede Sektion des St\u00e4nders. Die Air Glide 150 Version l\u00e4sst sich bis zu einer maximalen H\u00f6he von 150 cm ausfahren (eine 275 cm Version, der Air Glide 275, ist ebenfalls erh\u00e4ltlich). Der Kopf der S\u00e4ule verf\u00fcgt \u00fcber einen abnehmbaren Montagezapfen, der vertikal oder horizontal positioniert werden kann, was die Vielseitigkeit des St\u00e4nders erh\u00f6ht.<\/p>\n<h3>Stabilit\u00e4t<\/h3>\n<p>Die S\u00e4ule ist auf einer flachen Basis mit drei Rollen montiert, was den Schwerpunkt senkt. Die Rollen sind 42 cm von der Achse der S\u00e4ule entfernt, was Stabilit\u00e4t und sichere Anwendung gew\u00e4hrleistet. Die Rollen mit einem Durchmesser von 75 mm erm\u00f6glichen eine einfache Bewegung des St\u00e4nders, selbst auf unebenen Oberfl\u00e4chen.<\/p>\n<h3>Produktmerkmale:<\/h3>\n<ul>\n<li>H\u00f6henverstellung im Bereich von 85 &#8211; 150 cm,<\/li>\n<li>ausgestattet mit Luftd\u00e4mpfung,<\/li>\n<li>verf\u00fcgt \u00fcber einen 3\/8&#8243; (16 mm) Montagezapfen und ein 1\/4&#8243; Gewinde,<\/li>\n<li>ausgestattet mit gro\u00dfen Rollen von 75 mm Durchmesser,<\/li>\n<li>Rollen mit Verriegelungsm\u00f6glichkeit,<\/li>\n<li>tr\u00e4gt bis zu 8 kg.<\/li>\n<\/ul>\n<h3>Was sicher auf dem Air Glide St\u00e4nder montiert werden kann:<\/h3>\n<table>\n<tbody>\n<tr>\n<td><\/td>\n<td><b>Air Glide 150<\/b><\/td>\n<td><span style=\"font-weight: 400;\">Air Glide 275<\/span><\/td>\n<\/tr>\n<tr>\n<td><span style=\"font-weight: 400;\">Speedlite lampen<\/span><\/td>\n<td><b>X<\/b><\/td>\n<td><span style=\"font-weight: 400;\">X<\/span><\/td>\n<\/tr>\n<tr>\n<td><span style=\"font-weight: 400;\">LED-Ringlichter<\/span><\/td>\n<td><b>X<\/b><\/td>\n<td><span style=\"font-weight: 400;\">X<\/span><\/td>\n<\/tr>\n<tr>\n<td><span style=\"font-weight: 400;\">Vega 200\/400 + parasol Orb 100<\/span><\/td>\n<td><b>X<\/b><\/td>\n<td><span style=\"font-weight: 400;\">X<\/span><\/td>\n<\/tr>\n<tr>\n<td><span style=\"font-weight: 400;\">Vega 200\/400 + parasol Orb 150<\/span><\/td>\n<td><b>X<\/b><\/td>\n<td><span style=\"font-weight: 400;\">X<\/span><\/td>\n<\/tr>\n<tr>\n<td><span style=\"font-weight: 400;\">Vega 200\/400 + Octa 100 Pro<\/span><\/td>\n<td><b>X<\/b><\/td>\n<td><span style=\"font-weight: 400;\">X<\/span><\/td>\n<\/tr>\n<tr>\n<td><span style=\"font-weight: 400;\">Vega 200\/400 + Octa 120 Pro<\/span><\/td>\n<td><\/td>\n<td><span style=\"font-weight: 400;\">X<\/span><\/td>\n<\/tr>\n<tr>\n<td><span style=\"font-weight: 400;\">LED 80\/120 + Octa 100 Pro\u00a0<\/span><\/td>\n<td><b>X<\/b><\/td>\n<td><span style=\"font-weight: 400;\">X<\/span><\/td>\n<\/tr>\n<tr>\n<td><span style=\"font-weight: 400;\">LED 80\/120 + Octa 120 Pro\u00a0<\/span><\/td>\n<td><\/td>\n<td><span style=\"font-weight: 400;\">X<\/span><\/td>\n<\/tr>\n<tr>\n<td><span style=\"font-weight: 400;\">Antares 600 + Octa 150 Pro<\/span><\/td>\n<td><\/td>\n<td><span style=\"font-weight: 400;\">X<\/span><\/td>\n<\/tr>\n<tr>\n<td><span style=\"font-weight: 400;\">Antares 600 + Hexa 120 Pro<\/span><\/td>\n<td><\/td>\n<td><span style=\"font-weight: 400;\">X<\/span><\/td>\n<\/tr>\n<tr>\n<td><span style=\"font-weight: 400;\">LED 160 + Octa 120 Pro<\/span><\/td>\n<td><b>X<\/b><\/td>\n<td><span style=\"font-weight: 400;\">X<\/span><\/td>\n<\/tr>\n<tr>\n<td><span style=\"font-weight: 400;\">LED 300 + Octa 150 Pro<\/span><\/td>\n<td><\/td>\n<td><span style=\"font-weight: 400;\">X<\/span><\/td>\n<\/tr>\n<tr>\n<td><span style=\"font-weight: 400;\">LED 300 + Hexa 120 Pro<\/span><\/td>\n<td><\/td>\n<td><span style=\"font-weight: 400;\">X<\/span><\/td>\n<\/tr>\n<\/tbody>\n<\/table>\n","protected":false},"excerpt":{"rendered":"<p>Zweiteiliges, luftgepolstertes Stativ, flach aufgestellt und mit Rollen ausgestattet. Benutzerkomfort Der gr\u00f6\u00dfte Vorteil des GlareOne Air Glide 150 St\u00e4nders ist der Benutzerkomfort. Die flache Basis erm\u00f6glicht es, den St\u00e4nder mit den mitgelieferten Rollen auszustatten, was ihn leicht, bequem und sicher in der Anwendung macht. Die geringe H\u00f6he der Basis erm\u00f6glicht ein einfaches Man\u00f6vrieren des Air [&hellip;]<\/p>\n","protected":false},"featured_media":13140,"template":"","meta":[],"product_brand":[],"product_cat":[474],"product_tag":[],"class_list":{"0":"post-13159","1":"product","2":"type-product","3":"status-publish","4":"has-post-thumbnail","6":"product_cat-klassische-stative","8":"first","9":"instock","10":"product-type-simple"},"yoast_head":"<!-- This site is optimized with the Yoast SEO plugin v27.2 - https:\/\/yoast.com\/product\/yoast-seo-wordpress\/ -->\n<title>GlareOne Air Glide 150<\/title>\n<meta name=\"description\" content=\"GlareOne Air Glide 150 - Zweiteiliges, luftgepolstertes Stativ, flach aufgestellt und mit Rollen ausgestattet.\" \/>\n<meta name=\"robots\" content=\"index, follow, max-snippet:-1, max-image-preview:large, max-video-preview:-1\" \/>\n<link rel=\"canonical\" href=\"https:\/\/glareone.eu\/de\/product\/glareone-air-glide-150\/\" \/>\n<meta property=\"og:locale\" content=\"de_DE\" \/>\n<meta property=\"og:type\" content=\"article\" \/>\n<meta property=\"og:title\" content=\"GlareOne Air Glide 150 - statyw z k\u00f3lkami i amortyzacj\u0105 powietrzn\u0105\" \/>\n<meta property=\"og:description\" content=\"GlareOne Air Glide 150 - Zweiteiliges, luftgepolstertes Stativ, flach aufgestellt und mit Rollen ausgestattet.\" \/>\n<meta property=\"og:url\" content=\"https:\/\/glareone.eu\/de\/product\/glareone-air-glide-150\/\" \/>\n<meta property=\"og:site_name\" content=\"GlareOne\" \/>\n<meta property=\"article:publisher\" content=\"https:\/\/www.facebook.com\/GlareOneLighting\" \/>\n<meta property=\"article:modified_time\" content=\"2024-09-18T07:24:41+00:00\" \/>\n<meta property=\"og:image\" content=\"https:\/\/glareone.eu\/wp-content\/uploads\/2024\/04\/SLSA150G_01-min.jpg\" \/>\n\t<meta property=\"og:image:width\" content=\"1200\" \/>\n\t<meta property=\"og:image:height\" content=\"1200\" \/>\n\t<meta property=\"og:image:type\" content=\"image\/jpeg\" \/>\n<meta name=\"twitter:card\" content=\"summary_large_image\" \/>\n<meta name=\"twitter:title\" content=\"GlareOne Air Glide 150 - statyw z k\u00f3lkami i amortyzacj\u0105 powietrzn\u0105\" \/>\n<meta name=\"twitter:label1\" content=\"Gesch\u00e4tzte Lesezeit\" \/>\n\t<meta name=\"twitter:data1\" content=\"2\u00a0Minuten\" \/>\n<script type=\"application\/ld+json\" class=\"yoast-schema-graph\">{\"@context\":\"https:\/\/schema.org\",\"@graph\":[{\"@type\":\"WebPage\",\"@id\":\"https:\/\/glareone.eu\/de\/product\/glareone-air-glide-150\/\",\"url\":\"https:\/\/glareone.eu\/de\/product\/glareone-air-glide-150\/\",\"name\":\"GlareOne Air Glide 150\",\"isPartOf\":{\"@id\":\"https:\/\/glareone.eu\/de\/en\/#website\"},\"primaryImageOfPage\":{\"@id\":\"https:\/\/glareone.eu\/de\/product\/glareone-air-glide-150\/#primaryimage\"},\"image\":{\"@id\":\"https:\/\/glareone.eu\/de\/product\/glareone-air-glide-150\/#primaryimage\"},\"thumbnailUrl\":\"https:\/\/glareone.eu\/wp-content\/uploads\/2024\/04\/SLSA150G_01-min.jpg\",\"datePublished\":\"2024-04-18T19:26:40+00:00\",\"dateModified\":\"2024-09-18T07:24:41+00:00\",\"description\":\"GlareOne Air Glide 150 - Zweiteiliges, luftgepolstertes Stativ, flach aufgestellt und mit Rollen ausgestattet.\",\"breadcrumb\":{\"@id\":\"https:\/\/glareone.eu\/de\/product\/glareone-air-glide-150\/#breadcrumb\"},\"inLanguage\":\"de\",\"potentialAction\":[{\"@type\":\"ReadAction\",\"target\":[\"https:\/\/glareone.eu\/de\/product\/glareone-air-glide-150\/\"]}]},{\"@type\":\"ImageObject\",\"inLanguage\":\"de\",\"@id\":\"https:\/\/glareone.eu\/de\/product\/glareone-air-glide-150\/#primaryimage\",\"url\":\"https:\/\/glareone.eu\/wp-content\/uploads\/2024\/04\/SLSA150G_01-min.jpg\",\"contentUrl\":\"https:\/\/glareone.eu\/wp-content\/uploads\/2024\/04\/SLSA150G_01-min.jpg\",\"width\":1200,\"height\":1200},{\"@type\":\"BreadcrumbList\",\"@id\":\"https:\/\/glareone.eu\/de\/product\/glareone-air-glide-150\/#breadcrumb\",\"itemListElement\":[{\"@type\":\"ListItem\",\"position\":1,\"name\":\"Strona g\u0142\u00f3wna\",\"item\":\"https:\/\/glareone.eu\/de\/\"},{\"@type\":\"ListItem\",\"position\":2,\"name\":\"Alle Produkte\",\"item\":\"https:\/\/glareone.eu\/de\/produkte\/alle-produkte\/\"},{\"@type\":\"ListItem\",\"position\":3,\"name\":\"GlareOne Air Glide 150\"}]},{\"@type\":\"WebSite\",\"@id\":\"https:\/\/glareone.eu\/de\/en\/#website\",\"url\":\"https:\/\/glareone.eu\/de\/en\/\",\"name\":\"GlareOne\",\"description\":\"Wyposa\u017cenie Studia\",\"publisher\":{\"@id\":\"https:\/\/glareone.eu\/de\/en\/#organization\"},\"potentialAction\":[{\"@type\":\"SearchAction\",\"target\":{\"@type\":\"EntryPoint\",\"urlTemplate\":\"https:\/\/glareone.eu\/de\/en\/?s={search_term_string}\"},\"query-input\":{\"@type\":\"PropertyValueSpecification\",\"valueRequired\":true,\"valueName\":\"search_term_string\"}}],\"inLanguage\":\"de\"},{\"@type\":\"Organization\",\"@id\":\"https:\/\/glareone.eu\/de\/en\/#organization\",\"name\":\"GlareOne\",\"url\":\"https:\/\/glareone.eu\/de\/en\/\",\"logo\":{\"@type\":\"ImageObject\",\"inLanguage\":\"de\",\"@id\":\"https:\/\/glareone.eu\/de\/en\/#\/schema\/logo\/image\/\",\"url\":\"http:\/\/glareone.eu\/wp-content\/uploads\/2024\/05\/glareone_logo2020_RGB-01-e1715773127189.png\",\"contentUrl\":\"http:\/\/glareone.eu\/wp-content\/uploads\/2024\/05\/glareone_logo2020_RGB-01-e1715773127189.png\",\"width\":1270,\"height\":321,\"caption\":\"GlareOne\"},\"image\":{\"@id\":\"https:\/\/glareone.eu\/de\/en\/#\/schema\/logo\/image\/\"},\"sameAs\":[\"https:\/\/www.facebook.com\/GlareOneLighting\",\"https:\/\/www.instagram.com\/glareonelighting\/\",\"https:\/\/www.youtube.com\/@GlareOneTV\"]}]}<\/script>\n<!-- \/ Yoast SEO plugin. -->","yoast_head_json":{"title":"GlareOne Air Glide 150","description":"GlareOne Air Glide 150 - Zweiteiliges, luftgepolstertes Stativ, flach aufgestellt und mit Rollen ausgestattet.","robots":{"index":"index","follow":"follow","max-snippet":"max-snippet:-1","max-image-preview":"max-image-preview:large","max-video-preview":"max-video-preview:-1"},"canonical":"https:\/\/glareone.eu\/de\/product\/glareone-air-glide-150\/","og_locale":"de_DE","og_type":"article","og_title":"GlareOne Air Glide 150 - statyw z k\u00f3lkami i amortyzacj\u0105 powietrzn\u0105","og_description":"GlareOne Air Glide 150 - Zweiteiliges, luftgepolstertes Stativ, flach aufgestellt und mit Rollen ausgestattet.","og_url":"https:\/\/glareone.eu\/de\/product\/glareone-air-glide-150\/","og_site_name":"GlareOne","article_publisher":"https:\/\/www.facebook.com\/GlareOneLighting","article_modified_time":"2024-09-18T07:24:41+00:00","og_image":[{"width":1200,"height":1200,"url":"https:\/\/glareone.eu\/wp-content\/uploads\/2024\/04\/SLSA150G_01-min.jpg","type":"image\/jpeg"}],"twitter_card":"summary_large_image","twitter_title":"GlareOne Air Glide 150 - statyw z k\u00f3lkami i amortyzacj\u0105 powietrzn\u0105","twitter_misc":{"Gesch\u00e4tzte Lesezeit":"2\u00a0Minuten"},"schema":{"@context":"https:\/\/schema.org","@graph":[{"@type":"WebPage","@id":"https:\/\/glareone.eu\/de\/product\/glareone-air-glide-150\/","url":"https:\/\/glareone.eu\/de\/product\/glareone-air-glide-150\/","name":"GlareOne Air Glide 150","isPartOf":{"@id":"https:\/\/glareone.eu\/de\/en\/#website"},"primaryImageOfPage":{"@id":"https:\/\/glareone.eu\/de\/product\/glareone-air-glide-150\/#primaryimage"},"image":{"@id":"https:\/\/glareone.eu\/de\/product\/glareone-air-glide-150\/#primaryimage"},"thumbnailUrl":"https:\/\/glareone.eu\/wp-content\/uploads\/2024\/04\/SLSA150G_01-min.jpg","datePublished":"2024-04-18T19:26:40+00:00","dateModified":"2024-09-18T07:24:41+00:00","description":"GlareOne Air Glide 150 - Zweiteiliges, luftgepolstertes Stativ, flach aufgestellt und mit Rollen ausgestattet.","breadcrumb":{"@id":"https:\/\/glareone.eu\/de\/product\/glareone-air-glide-150\/#breadcrumb"},"inLanguage":"de","potentialAction":[{"@type":"ReadAction","target":["https:\/\/glareone.eu\/de\/product\/glareone-air-glide-150\/"]}]},{"@type":"ImageObject","inLanguage":"de","@id":"https:\/\/glareone.eu\/de\/product\/glareone-air-glide-150\/#primaryimage","url":"https:\/\/glareone.eu\/wp-content\/uploads\/2024\/04\/SLSA150G_01-min.jpg","contentUrl":"https:\/\/glareone.eu\/wp-content\/uploads\/2024\/04\/SLSA150G_01-min.jpg","width":1200,"height":1200},{"@type":"BreadcrumbList","@id":"https:\/\/glareone.eu\/de\/product\/glareone-air-glide-150\/#breadcrumb","itemListElement":[{"@type":"ListItem","position":1,"name":"Strona g\u0142\u00f3wna","item":"https:\/\/glareone.eu\/de\/"},{"@type":"ListItem","position":2,"name":"Alle Produkte","item":"https:\/\/glareone.eu\/de\/produkte\/alle-produkte\/"},{"@type":"ListItem","position":3,"name":"GlareOne Air Glide 150"}]},{"@type":"WebSite","@id":"https:\/\/glareone.eu\/de\/en\/#website","url":"https:\/\/glareone.eu\/de\/en\/","name":"GlareOne","description":"Wyposa\u017cenie Studia","publisher":{"@id":"https:\/\/glareone.eu\/de\/en\/#organization"},"potentialAction":[{"@type":"SearchAction","target":{"@type":"EntryPoint","urlTemplate":"https:\/\/glareone.eu\/de\/en\/?s={search_term_string}"},"query-input":{"@type":"PropertyValueSpecification","valueRequired":true,"valueName":"search_term_string"}}],"inLanguage":"de"},{"@type":"Organization","@id":"https:\/\/glareone.eu\/de\/en\/#organization","name":"GlareOne","url":"https:\/\/glareone.eu\/de\/en\/","logo":{"@type":"ImageObject","inLanguage":"de","@id":"https:\/\/glareone.eu\/de\/en\/#\/schema\/logo\/image\/","url":"http:\/\/glareone.eu\/wp-content\/uploads\/2024\/05\/glareone_logo2020_RGB-01-e1715773127189.png","contentUrl":"http:\/\/glareone.eu\/wp-content\/uploads\/2024\/05\/glareone_logo2020_RGB-01-e1715773127189.png","width":1270,"height":321,"caption":"GlareOne"},"image":{"@id":"https:\/\/glareone.eu\/de\/en\/#\/schema\/logo\/image\/"},"sameAs":["https:\/\/www.facebook.com\/GlareOneLighting","https:\/\/www.instagram.com\/glareonelighting\/","https:\/\/www.youtube.com\/@GlareOneTV"]}]}},"_links":{"self":[{"href":"https:\/\/glareone.eu\/de\/wp-json\/wp\/v2\/product\/13159","targetHints":{"allow":["GET"]}}],"collection":[{"href":"https:\/\/glareone.eu\/de\/wp-json\/wp\/v2\/product"}],"about":[{"href":"https:\/\/glareone.eu\/de\/wp-json\/wp\/v2\/types\/product"}],"wp:featuredmedia":[{"embeddable":true,"href":"https:\/\/glareone.eu\/de\/wp-json\/wp\/v2\/media\/13140"}],"wp:attachment":[{"href":"https:\/\/glareone.eu\/de\/wp-json\/wp\/v2\/media?parent=13159"}],"wp:term":[{"taxonomy":"product_brand","embeddable":true,"href":"https:\/\/glareone.eu\/de\/wp-json\/wp\/v2\/product_brand?post=13159"},{"taxonomy":"product_cat","embeddable":true,"href":"https:\/\/glareone.eu\/de\/wp-json\/wp\/v2\/product_cat?post=13159"},{"taxonomy":"product_tag","embeddable":true,"href":"https:\/\/glareone.eu\/de\/wp-json\/wp\/v2\/product_tag?post=13159"}],"curies":[{"name":"wp","href":"https:\/\/api.w.org\/{rel}","templated":true}]}}