{"id":12465,"date":"2024-04-18T19:26:38","date_gmt":"2024-04-18T19:26:38","guid":{"rendered":"https:\/\/glareone.eu\/product\/glareone-pro-barndoor-kit\/"},"modified":"2024-07-25T08:38:23","modified_gmt":"2024-07-25T08:38:23","slug":"glareone-pro-barndoor-kit","status":"publish","type":"product","link":"https:\/\/glareone.eu\/de\/product\/glareone-pro-barndoor-kit\/","title":{"rendered":"GlareOne PRO Barndoor Kit"},"content":{"rendered":"<p>Scheunentore mit Filtern f\u00fcr den GlareOne PRO Reflektor mit einem Durchmesser von 24 cm<\/p>\n<p>Die Scheunentore mit schwarzen Klappen, die das Licht blockieren und verhindern, dass es bestimmte Teile der Szene erreicht. Das PRO Barndoor KIT enth\u00e4lt Farbfilter, die mit Magneten befestigt werden, so dass Sie dem Licht der Lampe ganz einfach bestimmte Farben hinzuf\u00fcgen k\u00f6nnen.<\/p>\n<h3>Produktmerkmale:<\/h3>\n<ul>\n<li>kompatibel mit dem GlareOne PRO Reflektor,<\/li>\n<li>Steuerung des Lichts mit vier Klappen,<\/li>\n<li>Farbfilter (5) enthalten,<\/li>\n<li>kann zusammen mit dem GlareOne PRO Reflector Grid Kit verwendet werden,<\/li>\n<li>hergestellt aus Aluminium.<\/li>\n<\/ul>\n","protected":false},"excerpt":{"rendered":"<p>Scheunentore mit Filtern f\u00fcr den GlareOne PRO Reflektor mit einem Durchmesser von 24 cm Die Scheunentore mit schwarzen Klappen, die das Licht blockieren und verhindern, dass es bestimmte Teile der Szene erreicht. Das PRO Barndoor KIT enth\u00e4lt Farbfilter, die mit Magneten befestigt werden, so dass Sie dem Licht der Lampe ganz einfach bestimmte Farben hinzuf\u00fcgen [&hellip;]<\/p>\n","protected":false},"featured_media":12462,"template":"","meta":[],"product_brand":[],"product_cat":[489],"product_tag":[],"class_list":{"0":"post-12465","1":"product","2":"type-product","3":"status-publish","4":"has-post-thumbnail","6":"product_cat-reflectors-de","8":"first","9":"instock","10":"product-type-simple"},"yoast_head":"<!-- This site is optimized with the Yoast SEO plugin v27.4 - https:\/\/yoast.com\/product\/yoast-seo-wordpress\/ -->\n<title>GlareOne PRO Barndoor Kit<\/title>\n<meta name=\"description\" content=\"GlareOne PRO Barndoor Kit - Scheunentore mit Filtern f\u00fcr den GlareOne PRO Reflektor mit einem Durchmesser von 24 cm\" \/>\n<meta name=\"robots\" content=\"index, follow, max-snippet:-1, max-image-preview:large, max-video-preview:-1\" \/>\n<link rel=\"canonical\" href=\"https:\/\/glareone.eu\/de\/product\/glareone-pro-barndoor-kit\/\" \/>\n<meta property=\"og:locale\" content=\"de_DE\" \/>\n<meta property=\"og:type\" content=\"article\" \/>\n<meta property=\"og:title\" content=\"GlareOne PRO Barndoor Kit\" \/>\n<meta property=\"og:description\" content=\"GlareOne PRO Barndoor Kit - Scheunentore mit Filtern f\u00fcr den GlareOne PRO Reflektor mit einem Durchmesser von 24 cm\" \/>\n<meta property=\"og:url\" content=\"https:\/\/glareone.eu\/de\/product\/glareone-pro-barndoor-kit\/\" \/>\n<meta property=\"og:site_name\" content=\"GlareOne\" \/>\n<meta property=\"article:publisher\" content=\"https:\/\/www.facebook.com\/GlareOneLighting\" \/>\n<meta property=\"article:modified_time\" content=\"2024-07-25T08:38:23+00:00\" \/>\n<meta property=\"og:image\" content=\"https:\/\/glareone.eu\/wp-content\/uploads\/2024\/04\/SREFPRO70BD_01-min.jpg\" \/>\n\t<meta property=\"og:image:width\" content=\"1200\" \/>\n\t<meta property=\"og:image:height\" content=\"1200\" \/>\n\t<meta property=\"og:image:type\" content=\"image\/jpeg\" \/>\n<meta name=\"twitter:card\" content=\"summary_large_image\" \/>\n<meta name=\"twitter:title\" content=\"GlareOne PRO Barndoor Kit\" \/>\n<meta name=\"twitter:label1\" content=\"Gesch\u00e4tzte Lesezeit\" \/>\n\t<meta name=\"twitter:data1\" content=\"1\u00a0Minute\" \/>\n<script type=\"application\/ld+json\" class=\"yoast-schema-graph\">{\"@context\":\"https:\\\/\\\/schema.org\",\"@graph\":[{\"@type\":\"WebPage\",\"@id\":\"https:\\\/\\\/glareone.eu\\\/de\\\/product\\\/glareone-pro-barndoor-kit\\\/\",\"url\":\"https:\\\/\\\/glareone.eu\\\/de\\\/product\\\/glareone-pro-barndoor-kit\\\/\",\"name\":\"GlareOne PRO Barndoor Kit\",\"isPartOf\":{\"@id\":\"https:\\\/\\\/glareone.eu\\\/de\\\/en\\\/#website\"},\"primaryImageOfPage\":{\"@id\":\"https:\\\/\\\/glareone.eu\\\/de\\\/product\\\/glareone-pro-barndoor-kit\\\/#primaryimage\"},\"image\":{\"@id\":\"https:\\\/\\\/glareone.eu\\\/de\\\/product\\\/glareone-pro-barndoor-kit\\\/#primaryimage\"},\"thumbnailUrl\":\"https:\\\/\\\/glareone.eu\\\/wp-content\\\/uploads\\\/2024\\\/04\\\/SREFPRO70BD_01-min.jpg\",\"datePublished\":\"2024-04-18T19:26:38+00:00\",\"dateModified\":\"2024-07-25T08:38:23+00:00\",\"description\":\"GlareOne PRO Barndoor Kit - Scheunentore mit Filtern f\u00fcr den GlareOne PRO Reflektor mit einem Durchmesser von 24 cm\",\"breadcrumb\":{\"@id\":\"https:\\\/\\\/glareone.eu\\\/de\\\/product\\\/glareone-pro-barndoor-kit\\\/#breadcrumb\"},\"inLanguage\":\"de\",\"potentialAction\":[{\"@type\":\"ReadAction\",\"target\":[\"https:\\\/\\\/glareone.eu\\\/de\\\/product\\\/glareone-pro-barndoor-kit\\\/\"]}]},{\"@type\":\"ImageObject\",\"inLanguage\":\"de\",\"@id\":\"https:\\\/\\\/glareone.eu\\\/de\\\/product\\\/glareone-pro-barndoor-kit\\\/#primaryimage\",\"url\":\"https:\\\/\\\/glareone.eu\\\/wp-content\\\/uploads\\\/2024\\\/04\\\/SREFPRO70BD_01-min.jpg\",\"contentUrl\":\"https:\\\/\\\/glareone.eu\\\/wp-content\\\/uploads\\\/2024\\\/04\\\/SREFPRO70BD_01-min.jpg\",\"width\":1200,\"height\":1200},{\"@type\":\"BreadcrumbList\",\"@id\":\"https:\\\/\\\/glareone.eu\\\/de\\\/product\\\/glareone-pro-barndoor-kit\\\/#breadcrumb\",\"itemListElement\":[{\"@type\":\"ListItem\",\"position\":1,\"name\":\"Strona g\u0142\u00f3wna\",\"item\":\"https:\\\/\\\/glareone.eu\\\/de\\\/\"},{\"@type\":\"ListItem\",\"position\":2,\"name\":\"Alle Produkte\",\"item\":\"https:\\\/\\\/glareone.eu\\\/de\\\/produkte\\\/alle-produkte\\\/\"},{\"@type\":\"ListItem\",\"position\":3,\"name\":\"GlareOne PRO Barndoor Kit\"}]},{\"@type\":\"WebSite\",\"@id\":\"https:\\\/\\\/glareone.eu\\\/de\\\/en\\\/#website\",\"url\":\"https:\\\/\\\/glareone.eu\\\/de\\\/en\\\/\",\"name\":\"GlareOne\",\"description\":\"Wyposa\u017cenie Studia\",\"publisher\":{\"@id\":\"https:\\\/\\\/glareone.eu\\\/de\\\/en\\\/#organization\"},\"potentialAction\":[{\"@type\":\"SearchAction\",\"target\":{\"@type\":\"EntryPoint\",\"urlTemplate\":\"https:\\\/\\\/glareone.eu\\\/de\\\/en\\\/?s={search_term_string}\"},\"query-input\":{\"@type\":\"PropertyValueSpecification\",\"valueRequired\":true,\"valueName\":\"search_term_string\"}}],\"inLanguage\":\"de\"},{\"@type\":\"Organization\",\"@id\":\"https:\\\/\\\/glareone.eu\\\/de\\\/en\\\/#organization\",\"name\":\"GlareOne\",\"url\":\"https:\\\/\\\/glareone.eu\\\/de\\\/en\\\/\",\"logo\":{\"@type\":\"ImageObject\",\"inLanguage\":\"de\",\"@id\":\"https:\\\/\\\/glareone.eu\\\/de\\\/en\\\/#\\\/schema\\\/logo\\\/image\\\/\",\"url\":\"http:\\\/\\\/glareone.eu\\\/wp-content\\\/uploads\\\/2024\\\/05\\\/glareone_logo2020_RGB-01-e1715773127189.png\",\"contentUrl\":\"http:\\\/\\\/glareone.eu\\\/wp-content\\\/uploads\\\/2024\\\/05\\\/glareone_logo2020_RGB-01-e1715773127189.png\",\"width\":1270,\"height\":321,\"caption\":\"GlareOne\"},\"image\":{\"@id\":\"https:\\\/\\\/glareone.eu\\\/de\\\/en\\\/#\\\/schema\\\/logo\\\/image\\\/\"},\"sameAs\":[\"https:\\\/\\\/www.facebook.com\\\/GlareOneLighting\",\"https:\\\/\\\/www.instagram.com\\\/glareonelighting\\\/\",\"https:\\\/\\\/www.youtube.com\\\/@GlareOneTV\"]}]}<\/script>\n<!-- \/ Yoast SEO plugin. -->","yoast_head_json":{"title":"GlareOne PRO Barndoor Kit","description":"GlareOne PRO Barndoor Kit - Scheunentore mit Filtern f\u00fcr den GlareOne PRO Reflektor mit einem Durchmesser von 24 cm","robots":{"index":"index","follow":"follow","max-snippet":"max-snippet:-1","max-image-preview":"max-image-preview:large","max-video-preview":"max-video-preview:-1"},"canonical":"https:\/\/glareone.eu\/de\/product\/glareone-pro-barndoor-kit\/","og_locale":"de_DE","og_type":"article","og_title":"GlareOne PRO Barndoor Kit","og_description":"GlareOne PRO Barndoor Kit - Scheunentore mit Filtern f\u00fcr den GlareOne PRO Reflektor mit einem Durchmesser von 24 cm","og_url":"https:\/\/glareone.eu\/de\/product\/glareone-pro-barndoor-kit\/","og_site_name":"GlareOne","article_publisher":"https:\/\/www.facebook.com\/GlareOneLighting","article_modified_time":"2024-07-25T08:38:23+00:00","og_image":[{"width":1200,"height":1200,"url":"https:\/\/glareone.eu\/wp-content\/uploads\/2024\/04\/SREFPRO70BD_01-min.jpg","type":"image\/jpeg"}],"twitter_card":"summary_large_image","twitter_title":"GlareOne PRO Barndoor Kit","twitter_misc":{"Gesch\u00e4tzte Lesezeit":"1\u00a0Minute"},"schema":{"@context":"https:\/\/schema.org","@graph":[{"@type":"WebPage","@id":"https:\/\/glareone.eu\/de\/product\/glareone-pro-barndoor-kit\/","url":"https:\/\/glareone.eu\/de\/product\/glareone-pro-barndoor-kit\/","name":"GlareOne PRO Barndoor Kit","isPartOf":{"@id":"https:\/\/glareone.eu\/de\/en\/#website"},"primaryImageOfPage":{"@id":"https:\/\/glareone.eu\/de\/product\/glareone-pro-barndoor-kit\/#primaryimage"},"image":{"@id":"https:\/\/glareone.eu\/de\/product\/glareone-pro-barndoor-kit\/#primaryimage"},"thumbnailUrl":"https:\/\/glareone.eu\/wp-content\/uploads\/2024\/04\/SREFPRO70BD_01-min.jpg","datePublished":"2024-04-18T19:26:38+00:00","dateModified":"2024-07-25T08:38:23+00:00","description":"GlareOne PRO Barndoor Kit - Scheunentore mit Filtern f\u00fcr den GlareOne PRO Reflektor mit einem Durchmesser von 24 cm","breadcrumb":{"@id":"https:\/\/glareone.eu\/de\/product\/glareone-pro-barndoor-kit\/#breadcrumb"},"inLanguage":"de","potentialAction":[{"@type":"ReadAction","target":["https:\/\/glareone.eu\/de\/product\/glareone-pro-barndoor-kit\/"]}]},{"@type":"ImageObject","inLanguage":"de","@id":"https:\/\/glareone.eu\/de\/product\/glareone-pro-barndoor-kit\/#primaryimage","url":"https:\/\/glareone.eu\/wp-content\/uploads\/2024\/04\/SREFPRO70BD_01-min.jpg","contentUrl":"https:\/\/glareone.eu\/wp-content\/uploads\/2024\/04\/SREFPRO70BD_01-min.jpg","width":1200,"height":1200},{"@type":"BreadcrumbList","@id":"https:\/\/glareone.eu\/de\/product\/glareone-pro-barndoor-kit\/#breadcrumb","itemListElement":[{"@type":"ListItem","position":1,"name":"Strona g\u0142\u00f3wna","item":"https:\/\/glareone.eu\/de\/"},{"@type":"ListItem","position":2,"name":"Alle Produkte","item":"https:\/\/glareone.eu\/de\/produkte\/alle-produkte\/"},{"@type":"ListItem","position":3,"name":"GlareOne PRO Barndoor Kit"}]},{"@type":"WebSite","@id":"https:\/\/glareone.eu\/de\/en\/#website","url":"https:\/\/glareone.eu\/de\/en\/","name":"GlareOne","description":"Wyposa\u017cenie Studia","publisher":{"@id":"https:\/\/glareone.eu\/de\/en\/#organization"},"potentialAction":[{"@type":"SearchAction","target":{"@type":"EntryPoint","urlTemplate":"https:\/\/glareone.eu\/de\/en\/?s={search_term_string}"},"query-input":{"@type":"PropertyValueSpecification","valueRequired":true,"valueName":"search_term_string"}}],"inLanguage":"de"},{"@type":"Organization","@id":"https:\/\/glareone.eu\/de\/en\/#organization","name":"GlareOne","url":"https:\/\/glareone.eu\/de\/en\/","logo":{"@type":"ImageObject","inLanguage":"de","@id":"https:\/\/glareone.eu\/de\/en\/#\/schema\/logo\/image\/","url":"http:\/\/glareone.eu\/wp-content\/uploads\/2024\/05\/glareone_logo2020_RGB-01-e1715773127189.png","contentUrl":"http:\/\/glareone.eu\/wp-content\/uploads\/2024\/05\/glareone_logo2020_RGB-01-e1715773127189.png","width":1270,"height":321,"caption":"GlareOne"},"image":{"@id":"https:\/\/glareone.eu\/de\/en\/#\/schema\/logo\/image\/"},"sameAs":["https:\/\/www.facebook.com\/GlareOneLighting","https:\/\/www.instagram.com\/glareonelighting\/","https:\/\/www.youtube.com\/@GlareOneTV"]}]}},"_links":{"self":[{"href":"https:\/\/glareone.eu\/de\/wp-json\/wp\/v2\/product\/12465","targetHints":{"allow":["GET"]}}],"collection":[{"href":"https:\/\/glareone.eu\/de\/wp-json\/wp\/v2\/product"}],"about":[{"href":"https:\/\/glareone.eu\/de\/wp-json\/wp\/v2\/types\/product"}],"wp:featuredmedia":[{"embeddable":true,"href":"https:\/\/glareone.eu\/de\/wp-json\/wp\/v2\/media\/12462"}],"wp:attachment":[{"href":"https:\/\/glareone.eu\/de\/wp-json\/wp\/v2\/media?parent=12465"}],"wp:term":[{"taxonomy":"product_brand","embeddable":true,"href":"https:\/\/glareone.eu\/de\/wp-json\/wp\/v2\/product_brand?post=12465"},{"taxonomy":"product_cat","embeddable":true,"href":"https:\/\/glareone.eu\/de\/wp-json\/wp\/v2\/product_cat?post=12465"},{"taxonomy":"product_tag","embeddable":true,"href":"https:\/\/glareone.eu\/de\/wp-json\/wp\/v2\/product_tag?post=12465"}],"curies":[{"name":"wp","href":"https:\/\/api.w.org\/{rel}","templated":true}]}}