{"id":12389,"date":"2024-04-18T19:26:38","date_gmt":"2024-04-18T19:26:38","guid":{"rendered":"https:\/\/glareone.eu\/product\/glareone-longbow-reflector-grid-kit\/"},"modified":"2024-07-25T08:01:59","modified_gmt":"2024-07-25T08:01:59","slug":"glareone-longbow-reflector-grid-kit","status":"publish","type":"product","link":"https:\/\/glareone.eu\/de\/product\/glareone-longbow-reflector-grid-kit\/","title":{"rendered":"GlareOne Longbow Reflector Grid Kit"},"content":{"rendered":"<p>Satz von 15\u00b0 und 30\u00b0 Grids f\u00fcr den GlareOne Longbow Reflektor mit einem Durchmesser von 28 cm.<\/p>\n<p>Das Longbow Grid Kit enth\u00e4lt zwei Grids, die es erm\u00f6glichen, den Lichtstrahl von den standardm\u00e4\u00dfigen 45\u00b0 des Longbow Reflektors auf 30\u00b0 oder 15\u00b0 zu verengen.<\/p>\n<p>Die Grids sind \u00fcberall dort n\u00fctzlich, wo die Kontrolle \u00fcber das Licht am Set entscheidend ist. Der Longbow-Reflektor in Kombination mit den Gittern erm\u00f6glicht eine selektive Beleuchtung der Silhouette des Modells oder der Szenerie auch aus gr\u00f6\u00dferer Entfernung.<\/p>\n<p>Die Gitter sind vollst\u00e4ndig aus Aluminium gefertigt, wodurch sie leicht und einfach zu handhaben sind. Die Montage ist denkbar einfach &#8211; das Gitter wird einfach in das Geh\u00e4use des Reflektors eingesetzt.<\/p>\n<h3>Produktmerkmale:<\/h3>\n<ul>\n<li>Kompatibel mit dem GlareOne Longbow-Reflektor,<\/li>\n<li>Verengung des Lichtstrahls des Reflektors,<\/li>\n<li>bessere Kontrolle \u00fcber das Licht am Set,<\/li>\n<li>einfach und schnell zu montieren,<\/li>\n<li>hergestellt aus Aluminium.<\/li>\n<\/ul>\n","protected":false},"excerpt":{"rendered":"<p>Satz von 15\u00b0 und 30\u00b0 Grids f\u00fcr den GlareOne Longbow Reflektor mit einem Durchmesser von 28 cm. Das Longbow Grid Kit enth\u00e4lt zwei Grids, die es erm\u00f6glichen, den Lichtstrahl von den standardm\u00e4\u00dfigen 45\u00b0 des Longbow Reflektors auf 30\u00b0 oder 15\u00b0 zu verengen. Die Grids sind \u00fcberall dort n\u00fctzlich, wo die Kontrolle \u00fcber das Licht am [&hellip;]<\/p>\n","protected":false},"featured_media":12374,"template":"","meta":[],"product_brand":[],"product_cat":[489],"product_tag":[],"class_list":{"0":"post-12389","1":"product","2":"type-product","3":"status-publish","4":"has-post-thumbnail","6":"product_cat-reflectors-de","8":"first","9":"instock","10":"product-type-simple"},"yoast_head":"<!-- This site is optimized with the Yoast SEO plugin v27.2 - https:\/\/yoast.com\/product\/yoast-seo-wordpress\/ -->\n<title>GlareOne Longbow Reflector Grid Kit<\/title>\n<meta name=\"description\" content=\"GlareOne Longbow Reflector Grid Kit - Satz von 15\u00b0 und 30\u00b0 Grids f\u00fcr den GlareOne Longbow Reflektor mit einem Durchmesser von 28 cm.\" \/>\n<meta name=\"robots\" content=\"index, follow, max-snippet:-1, max-image-preview:large, max-video-preview:-1\" \/>\n<link rel=\"canonical\" href=\"https:\/\/glareone.eu\/de\/product\/glareone-longbow-reflector-grid-kit\/\" \/>\n<meta property=\"og:locale\" content=\"de_DE\" \/>\n<meta property=\"og:type\" content=\"article\" \/>\n<meta property=\"og:title\" content=\"GlareOne Longbow Reflector Grid Kit\" \/>\n<meta property=\"og:description\" content=\"GlareOne Longbow Reflector Grid Kit - Satz von 15\u00b0 und 30\u00b0 Grids f\u00fcr den GlareOne Longbow Reflektor mit einem Durchmesser von 28 cm.\" \/>\n<meta property=\"og:url\" content=\"https:\/\/glareone.eu\/de\/product\/glareone-longbow-reflector-grid-kit\/\" \/>\n<meta property=\"og:site_name\" content=\"GlareOne\" \/>\n<meta property=\"article:publisher\" content=\"https:\/\/www.facebook.com\/GlareOneLighting\" \/>\n<meta property=\"article:modified_time\" content=\"2024-07-25T08:01:59+00:00\" \/>\n<meta property=\"og:image\" content=\"https:\/\/glareone.eu\/wp-content\/uploads\/2024\/04\/SREFLBOWK_01-min.jpg\" \/>\n\t<meta property=\"og:image:width\" content=\"1200\" \/>\n\t<meta property=\"og:image:height\" content=\"1200\" \/>\n\t<meta property=\"og:image:type\" content=\"image\/jpeg\" \/>\n<meta name=\"twitter:card\" content=\"summary_large_image\" \/>\n<meta name=\"twitter:title\" content=\"GlareOne Longbow Reflector Grid Kit\" \/>\n<meta name=\"twitter:label1\" content=\"Gesch\u00e4tzte Lesezeit\" \/>\n\t<meta name=\"twitter:data1\" content=\"1\u00a0Minute\" \/>\n<script type=\"application\/ld+json\" class=\"yoast-schema-graph\">{\"@context\":\"https:\/\/schema.org\",\"@graph\":[{\"@type\":\"WebPage\",\"@id\":\"https:\/\/glareone.eu\/de\/product\/glareone-longbow-reflector-grid-kit\/\",\"url\":\"https:\/\/glareone.eu\/de\/product\/glareone-longbow-reflector-grid-kit\/\",\"name\":\"GlareOne Longbow Reflector Grid Kit\",\"isPartOf\":{\"@id\":\"https:\/\/glareone.eu\/de\/en\/#website\"},\"primaryImageOfPage\":{\"@id\":\"https:\/\/glareone.eu\/de\/product\/glareone-longbow-reflector-grid-kit\/#primaryimage\"},\"image\":{\"@id\":\"https:\/\/glareone.eu\/de\/product\/glareone-longbow-reflector-grid-kit\/#primaryimage\"},\"thumbnailUrl\":\"https:\/\/glareone.eu\/wp-content\/uploads\/2024\/04\/SREFLBOWK_01-min.jpg\",\"datePublished\":\"2024-04-18T19:26:38+00:00\",\"dateModified\":\"2024-07-25T08:01:59+00:00\",\"description\":\"GlareOne Longbow Reflector Grid Kit - Satz von 15\u00b0 und 30\u00b0 Grids f\u00fcr den GlareOne Longbow Reflektor mit einem Durchmesser von 28 cm.\",\"breadcrumb\":{\"@id\":\"https:\/\/glareone.eu\/de\/product\/glareone-longbow-reflector-grid-kit\/#breadcrumb\"},\"inLanguage\":\"de\",\"potentialAction\":[{\"@type\":\"ReadAction\",\"target\":[\"https:\/\/glareone.eu\/de\/product\/glareone-longbow-reflector-grid-kit\/\"]}]},{\"@type\":\"ImageObject\",\"inLanguage\":\"de\",\"@id\":\"https:\/\/glareone.eu\/de\/product\/glareone-longbow-reflector-grid-kit\/#primaryimage\",\"url\":\"https:\/\/glareone.eu\/wp-content\/uploads\/2024\/04\/SREFLBOWK_01-min.jpg\",\"contentUrl\":\"https:\/\/glareone.eu\/wp-content\/uploads\/2024\/04\/SREFLBOWK_01-min.jpg\",\"width\":1200,\"height\":1200},{\"@type\":\"BreadcrumbList\",\"@id\":\"https:\/\/glareone.eu\/de\/product\/glareone-longbow-reflector-grid-kit\/#breadcrumb\",\"itemListElement\":[{\"@type\":\"ListItem\",\"position\":1,\"name\":\"Strona g\u0142\u00f3wna\",\"item\":\"https:\/\/glareone.eu\/de\/\"},{\"@type\":\"ListItem\",\"position\":2,\"name\":\"Alle Produkte\",\"item\":\"https:\/\/glareone.eu\/de\/produkte\/alle-produkte\/\"},{\"@type\":\"ListItem\",\"position\":3,\"name\":\"GlareOne Longbow Reflector Grid Kit\"}]},{\"@type\":\"WebSite\",\"@id\":\"https:\/\/glareone.eu\/de\/en\/#website\",\"url\":\"https:\/\/glareone.eu\/de\/en\/\",\"name\":\"GlareOne\",\"description\":\"Wyposa\u017cenie Studia\",\"publisher\":{\"@id\":\"https:\/\/glareone.eu\/de\/en\/#organization\"},\"potentialAction\":[{\"@type\":\"SearchAction\",\"target\":{\"@type\":\"EntryPoint\",\"urlTemplate\":\"https:\/\/glareone.eu\/de\/en\/?s={search_term_string}\"},\"query-input\":{\"@type\":\"PropertyValueSpecification\",\"valueRequired\":true,\"valueName\":\"search_term_string\"}}],\"inLanguage\":\"de\"},{\"@type\":\"Organization\",\"@id\":\"https:\/\/glareone.eu\/de\/en\/#organization\",\"name\":\"GlareOne\",\"url\":\"https:\/\/glareone.eu\/de\/en\/\",\"logo\":{\"@type\":\"ImageObject\",\"inLanguage\":\"de\",\"@id\":\"https:\/\/glareone.eu\/de\/en\/#\/schema\/logo\/image\/\",\"url\":\"http:\/\/glareone.eu\/wp-content\/uploads\/2024\/05\/glareone_logo2020_RGB-01-e1715773127189.png\",\"contentUrl\":\"http:\/\/glareone.eu\/wp-content\/uploads\/2024\/05\/glareone_logo2020_RGB-01-e1715773127189.png\",\"width\":1270,\"height\":321,\"caption\":\"GlareOne\"},\"image\":{\"@id\":\"https:\/\/glareone.eu\/de\/en\/#\/schema\/logo\/image\/\"},\"sameAs\":[\"https:\/\/www.facebook.com\/GlareOneLighting\",\"https:\/\/www.instagram.com\/glareonelighting\/\",\"https:\/\/www.youtube.com\/@GlareOneTV\"]}]}<\/script>\n<!-- \/ Yoast SEO plugin. -->","yoast_head_json":{"title":"GlareOne Longbow Reflector Grid Kit","description":"GlareOne Longbow Reflector Grid Kit - Satz von 15\u00b0 und 30\u00b0 Grids f\u00fcr den GlareOne Longbow Reflektor mit einem Durchmesser von 28 cm.","robots":{"index":"index","follow":"follow","max-snippet":"max-snippet:-1","max-image-preview":"max-image-preview:large","max-video-preview":"max-video-preview:-1"},"canonical":"https:\/\/glareone.eu\/de\/product\/glareone-longbow-reflector-grid-kit\/","og_locale":"de_DE","og_type":"article","og_title":"GlareOne Longbow Reflector Grid Kit","og_description":"GlareOne Longbow Reflector Grid Kit - Satz von 15\u00b0 und 30\u00b0 Grids f\u00fcr den GlareOne Longbow Reflektor mit einem Durchmesser von 28 cm.","og_url":"https:\/\/glareone.eu\/de\/product\/glareone-longbow-reflector-grid-kit\/","og_site_name":"GlareOne","article_publisher":"https:\/\/www.facebook.com\/GlareOneLighting","article_modified_time":"2024-07-25T08:01:59+00:00","og_image":[{"width":1200,"height":1200,"url":"https:\/\/glareone.eu\/wp-content\/uploads\/2024\/04\/SREFLBOWK_01-min.jpg","type":"image\/jpeg"}],"twitter_card":"summary_large_image","twitter_title":"GlareOne Longbow Reflector Grid Kit","twitter_misc":{"Gesch\u00e4tzte Lesezeit":"1\u00a0Minute"},"schema":{"@context":"https:\/\/schema.org","@graph":[{"@type":"WebPage","@id":"https:\/\/glareone.eu\/de\/product\/glareone-longbow-reflector-grid-kit\/","url":"https:\/\/glareone.eu\/de\/product\/glareone-longbow-reflector-grid-kit\/","name":"GlareOne Longbow Reflector Grid Kit","isPartOf":{"@id":"https:\/\/glareone.eu\/de\/en\/#website"},"primaryImageOfPage":{"@id":"https:\/\/glareone.eu\/de\/product\/glareone-longbow-reflector-grid-kit\/#primaryimage"},"image":{"@id":"https:\/\/glareone.eu\/de\/product\/glareone-longbow-reflector-grid-kit\/#primaryimage"},"thumbnailUrl":"https:\/\/glareone.eu\/wp-content\/uploads\/2024\/04\/SREFLBOWK_01-min.jpg","datePublished":"2024-04-18T19:26:38+00:00","dateModified":"2024-07-25T08:01:59+00:00","description":"GlareOne Longbow Reflector Grid Kit - Satz von 15\u00b0 und 30\u00b0 Grids f\u00fcr den GlareOne Longbow Reflektor mit einem Durchmesser von 28 cm.","breadcrumb":{"@id":"https:\/\/glareone.eu\/de\/product\/glareone-longbow-reflector-grid-kit\/#breadcrumb"},"inLanguage":"de","potentialAction":[{"@type":"ReadAction","target":["https:\/\/glareone.eu\/de\/product\/glareone-longbow-reflector-grid-kit\/"]}]},{"@type":"ImageObject","inLanguage":"de","@id":"https:\/\/glareone.eu\/de\/product\/glareone-longbow-reflector-grid-kit\/#primaryimage","url":"https:\/\/glareone.eu\/wp-content\/uploads\/2024\/04\/SREFLBOWK_01-min.jpg","contentUrl":"https:\/\/glareone.eu\/wp-content\/uploads\/2024\/04\/SREFLBOWK_01-min.jpg","width":1200,"height":1200},{"@type":"BreadcrumbList","@id":"https:\/\/glareone.eu\/de\/product\/glareone-longbow-reflector-grid-kit\/#breadcrumb","itemListElement":[{"@type":"ListItem","position":1,"name":"Strona g\u0142\u00f3wna","item":"https:\/\/glareone.eu\/de\/"},{"@type":"ListItem","position":2,"name":"Alle Produkte","item":"https:\/\/glareone.eu\/de\/produkte\/alle-produkte\/"},{"@type":"ListItem","position":3,"name":"GlareOne Longbow Reflector Grid Kit"}]},{"@type":"WebSite","@id":"https:\/\/glareone.eu\/de\/en\/#website","url":"https:\/\/glareone.eu\/de\/en\/","name":"GlareOne","description":"Wyposa\u017cenie Studia","publisher":{"@id":"https:\/\/glareone.eu\/de\/en\/#organization"},"potentialAction":[{"@type":"SearchAction","target":{"@type":"EntryPoint","urlTemplate":"https:\/\/glareone.eu\/de\/en\/?s={search_term_string}"},"query-input":{"@type":"PropertyValueSpecification","valueRequired":true,"valueName":"search_term_string"}}],"inLanguage":"de"},{"@type":"Organization","@id":"https:\/\/glareone.eu\/de\/en\/#organization","name":"GlareOne","url":"https:\/\/glareone.eu\/de\/en\/","logo":{"@type":"ImageObject","inLanguage":"de","@id":"https:\/\/glareone.eu\/de\/en\/#\/schema\/logo\/image\/","url":"http:\/\/glareone.eu\/wp-content\/uploads\/2024\/05\/glareone_logo2020_RGB-01-e1715773127189.png","contentUrl":"http:\/\/glareone.eu\/wp-content\/uploads\/2024\/05\/glareone_logo2020_RGB-01-e1715773127189.png","width":1270,"height":321,"caption":"GlareOne"},"image":{"@id":"https:\/\/glareone.eu\/de\/en\/#\/schema\/logo\/image\/"},"sameAs":["https:\/\/www.facebook.com\/GlareOneLighting","https:\/\/www.instagram.com\/glareonelighting\/","https:\/\/www.youtube.com\/@GlareOneTV"]}]}},"_links":{"self":[{"href":"https:\/\/glareone.eu\/de\/wp-json\/wp\/v2\/product\/12389","targetHints":{"allow":["GET"]}}],"collection":[{"href":"https:\/\/glareone.eu\/de\/wp-json\/wp\/v2\/product"}],"about":[{"href":"https:\/\/glareone.eu\/de\/wp-json\/wp\/v2\/types\/product"}],"wp:featuredmedia":[{"embeddable":true,"href":"https:\/\/glareone.eu\/de\/wp-json\/wp\/v2\/media\/12374"}],"wp:attachment":[{"href":"https:\/\/glareone.eu\/de\/wp-json\/wp\/v2\/media?parent=12389"}],"wp:term":[{"taxonomy":"product_brand","embeddable":true,"href":"https:\/\/glareone.eu\/de\/wp-json\/wp\/v2\/product_brand?post=12389"},{"taxonomy":"product_cat","embeddable":true,"href":"https:\/\/glareone.eu\/de\/wp-json\/wp\/v2\/product_cat?post=12389"},{"taxonomy":"product_tag","embeddable":true,"href":"https:\/\/glareone.eu\/de\/wp-json\/wp\/v2\/product_tag?post=12389"}],"curies":[{"name":"wp","href":"https:\/\/api.w.org\/{rel}","templated":true}]}}