{"id":7563,"date":"2024-04-18T21:51:02","date_gmt":"2024-04-18T21:51:02","guid":{"rendered":"http:\/\/glareone.eu\/o-marce\/"},"modified":"2024-05-23T10:56:12","modified_gmt":"2024-05-23T10:56:12","slug":"uber-uns","status":"publish","type":"page","link":"https:\/\/glareone.eu\/de\/uber-uns\/","title":{"rendered":"\u00dcber uns"},"content":{"rendered":"<div id='full_slider_1'  class='avia-fullwidth-slider main_color avia-shadow   avia-builder-el-0  el_before_av_one_full  avia-builder-el-first   container_wrap fullsize'  >\n<style type=\"text\/css\" data-created_by=\"avia_inline_auto\" id=\"style-css-av-b06b2c-40978eab623d2b7dcd9b5d2226c23140\">\n#top #wrap_all .avia-slideshow .av-slideshow-caption.av-b06b2c-40978eab623d2b7dcd9b5d2226c23140__0 .avia-caption-title{\nfont-size:35px;\n}\n#top .avia-slideshow .av-slideshow-caption.av-b06b2c-40978eab623d2b7dcd9b5d2226c23140__0 .avia-caption-content{\nfont-size:20px;\n}\n#top .avia-slideshow .av-slideshow-caption.av-b06b2c-40978eab623d2b7dcd9b5d2226c23140__0 .avia-caption-content p{\nfont-size:20px;\n}\n<\/style>\n<div  class='avia-slideshow av-b06b2c-40978eab623d2b7dcd9b5d2226c23140 avia-slideshow-featured av_slideshow_full avia-fade-slider av-slideshow-ui av-control-hidden av-no-slider-navigation av-hide-nav-arrows av-slideshow-manual av-loop-once av-loop-manual-endless av-default-height-applied   avia-slideshow-1' data-slideshow-options=\"{&quot;animation&quot;:&quot;fade&quot;,&quot;autoplay&quot;:false,&quot;loop_autoplay&quot;:&quot;once&quot;,&quot;interval&quot;:5,&quot;loop_manual&quot;:&quot;manual-endless&quot;,&quot;autoplay_stopper&quot;:false,&quot;noNavigation&quot;:true,&quot;bg_slider&quot;:false,&quot;keep_padding&quot;:false,&quot;hoverpause&quot;:false,&quot;show_slide_delay&quot;:0}\"  itemprop=\"image\" itemscope=\"itemscope\" itemtype=\"https:\/\/schema.org\/ImageObject\" ><ul class='avia-slideshow-inner ' style='padding-bottom: 28.666666666667%;'><li  class='avia-slideshow-slide av-b06b2c-40978eab623d2b7dcd9b5d2226c23140__0  av-single-slide slide-1 slide-odd'><div data-rel='slideshow-1' class='avia-slide-wrap '   ><img decoding=\"async\" fetchpriority=\"high\" class=\"wp-image-1481 avia-img-lazy-loading-not-1481\"  src=\"https:\/\/glareone.eu\/wp-content\/uploads\/2024\/04\/header_contact_glareone-1500x430.jpg\" width=\"1500\" height=\"430\" title='header_contact_glareone' alt=''  itemprop=\"thumbnailUrl\"  style='min-height:600px; min-width:2094px; ' srcset=\"https:\/\/glareone.eu\/wp-content\/uploads\/2024\/04\/header_contact_glareone-1500x429.jpg 1500w, https:\/\/glareone.eu\/wp-content\/uploads\/2024\/04\/header_contact_glareone-300x86.jpg 300w, https:\/\/glareone.eu\/wp-content\/uploads\/2024\/04\/header_contact_glareone-1030x295.jpg 1030w, https:\/\/glareone.eu\/wp-content\/uploads\/2024\/04\/header_contact_glareone-768x220.jpg 768w, https:\/\/glareone.eu\/wp-content\/uploads\/2024\/04\/header_contact_glareone-1536x439.jpg 1536w, https:\/\/glareone.eu\/wp-content\/uploads\/2024\/04\/header_contact_glareone-705x202.jpg 705w, https:\/\/glareone.eu\/wp-content\/uploads\/2024\/04\/header_contact_glareone-450x129.jpg 450w, https:\/\/glareone.eu\/wp-content\/uploads\/2024\/04\/header_contact_glareone-600x172.jpg 600w, https:\/\/glareone.eu\/wp-content\/uploads\/2024\/04\/header_contact_glareone.jpg 1920w\" sizes=\"(max-width: 1500px) 100vw, 1500px\" \/><\/div><\/li><\/ul><\/div><\/div><div id='after_full_slider_1'  class='main_color av_default_container_wrap container_wrap fullsize'  ><div class='container av-section-cont-open' ><div class='template-page content  av-content-full alpha units'><div class='post-entry post-entry-type-page post-entry-7563'><div class='entry-content-wrapper clearfix'>\n<div  class='flex_column av-13ozsz-973433db458d07393f12f42dead9515d av_one_full  avia-builder-el-1  el_after_av_slideshow_full  el_before_av_section  avia-builder-el-no-sibling  first flex_column_div  '     ><p>\n<style type=\"text\/css\" data-created_by=\"avia_inline_auto\" id=\"style-css-av-lv5qmd3r-27e77c9a866012c58c4994564f2e845d\">\n#top .av-special-heading.av-lv5qmd3r-27e77c9a866012c58c4994564f2e845d{\npadding-bottom:10px;\n}\nbody .av-special-heading.av-lv5qmd3r-27e77c9a866012c58c4994564f2e845d .av-special-heading-tag .heading-char{\nfont-size:25px;\n}\n.av-special-heading.av-lv5qmd3r-27e77c9a866012c58c4994564f2e845d .av-subheading{\nfont-size:15px;\n}\n<\/style>\n<div  class='av-special-heading av-lv5qmd3r-27e77c9a866012c58c4994564f2e845d av-special-heading-h2 blockquote modern-quote modern-centered  avia-builder-el-2  el_before_av_textblock  avia-builder-el-first '><h2 class='av-special-heading-tag'  itemprop=\"headline\"  >\u00dcber uns<\/h2><div class=\"special-heading-border\"><div class=\"special-heading-inner-border\"><\/div><\/div><\/div><br \/>\n<section  class='av_textblock_section av-lv5rr8zp-965991aeeee90f3703f72ae536ec6c0a '   itemscope=\"itemscope\" itemtype=\"https:\/\/schema.org\/CreativeWork\" ><div class='avia_textblock'  itemprop=\"text\" ><p style=\"text-align: center;\">In der Fotografie und im Film spielt Licht die Hauptrolle. Es erm\u00f6glicht es, Bilder zu malen, die begeistern und die Welt neu formen. Im Studio ben\u00f6tigen wir Zubeh\u00f6r, das zuverl\u00e4ssig, solide, aus guten Materialien gefertigt ist, aber vor allem qualitativ hochwertig ist, um wirklich gute Ergebnisse zu erzielen und das Licht effektiv zu beeinflussen, um die Realit\u00e4t zu formen. Dabei ist die Aufmerksamkeit f\u00fcr Details wichtig, denn letztendlich bestimmen die Details das Endergebnis.<\/p>\n<\/div><\/section><\/p><\/div><\/div><\/div><\/div><!-- close content main div --><\/div><\/div><div id='av_section_1'  class='avia-section av-lv5qrudv-b88820be8475e99a5220f727eb7502a0 alternate_color avia-section-default avia-no-border-styling  avia-builder-el-4  el_after_av_one_full  el_before_av_layout_row  avia-bg-style-scroll container_wrap fullsize'  ><div class='container av-section-cont-open' ><div class='template-page content  av-content-full alpha units'><div class='post-entry post-entry-type-page post-entry-7563'><div class='entry-content-wrapper clearfix'>\n<div  class='flex_column av-2lmfs3-b34f83ddab986082fc98ea9216ec6f55 av_one_fourth  avia-builder-el-5  el_before_av_one_fourth  avia-builder-el-first  first flex_column_div  '     ><p>\n<style type=\"text\/css\" data-created_by=\"avia_inline_auto\" id=\"style-css-av-lv5qw7bm-795579ec729de90c9e1320304392a76d\">\n.av_font_icon.av-lv5qw7bm-795579ec729de90c9e1320304392a76d{\ncolor:#191919;\nborder-color:#191919;\n}\n.av_font_icon.av-lv5qw7bm-795579ec729de90c9e1320304392a76d .av-icon-char{\nfont-size:50px;\nline-height:50px;\nwidth:50px;\n}\n<\/style>\n<span  class='av_font_icon av-lv5qw7bm-795579ec729de90c9e1320304392a76d avia_animate_when_visible av-icon-style-border avia-icon-pos-center avia-icon-animate'><span class='av-icon-char' aria-hidden='true' data-av_icon='\ue808' data-av_iconfont='entypo-fontello' data-avia-icon-tooltip=\"&lt;br \/&gt;\nBESTER PREIS&lt;br \/&gt;\nBESTE QUALIT\u00c4T&lt;br \/&gt;\n\"><\/span><span class='av_icon_caption av-special-font'>BESTER PREIS<br \/>\nBESTE QUALIT\u00c4T<\/span><\/span><br \/>\n<section  class='av_textblock_section av-lv5qx6d7-0cb36c1d7ca8ecb883568a87b6b051a1 '   itemscope=\"itemscope\" itemtype=\"https:\/\/schema.org\/CreativeWork\" ><div class='avia_textblock'  itemprop=\"text\" ><p style=\"text-align: center;\">Die Marke <strong>GlareOne<\/strong> wurde als Antwort auf die Marktnachfrage nach Studiozubeh\u00f6r geschaffen, das zu einem erschwinglichen Preis auch die richtige Qualit\u00e4t bieten kann.<\/p>\n<\/div><\/section><\/p><\/div><div  class='flex_column av-6xa7we-19312ce3e97f407bcb4d72ffba7e274f av_one_fourth  avia-builder-el-8  el_after_av_one_fourth  el_before_av_one_fourth  flex_column_div  '     ><p>\n<style type=\"text\/css\" data-created_by=\"avia_inline_auto\" id=\"style-css-av-lv5rtbx4-0216127b77aa185b348519ac1edf8e40\">\n.av_font_icon.av-lv5rtbx4-0216127b77aa185b348519ac1edf8e40{\ncolor:#191919;\nborder-color:#191919;\n}\n.av_font_icon.av-lv5rtbx4-0216127b77aa185b348519ac1edf8e40 .av-icon-char{\nfont-size:50px;\nline-height:50px;\nwidth:50px;\n}\n<\/style>\n<span  class='av_font_icon av-lv5rtbx4-0216127b77aa185b348519ac1edf8e40 avia_animate_when_visible av-icon-style-border avia-icon-pos-center avia-icon-animate'><span class='av-icon-char' aria-hidden='true' data-av_icon='\ue82b' data-av_iconfont='entypo-fontello' data-avia-icon-tooltip=\"&lt;br \/&gt;\nIDEALE&lt;br \/&gt;\nWAHL&lt;br \/&gt;\n\"><\/span><span class='av_icon_caption av-special-font'> IDEALE<br \/>\nWAHL<\/span><\/span><br \/>\n<section  class='av_textblock_section av-lv5rtgjl-734328ae31babe3942e7fc6141fdb7a2 '   itemscope=\"itemscope\" itemtype=\"https:\/\/schema.org\/CreativeWork\" ><div class='avia_textblock'  itemprop=\"text\" ><p style=\"text-align: center;\">Dank der umfangreichen Erfahrung in der Beleuchtungszubeh\u00f6rbranche ist es den Verantwortlichen f\u00fcr die Schaffung der Marke gelungen, Produkte auszuw\u00e4hlen, die sowohl den Hauptkriterien der Marke als auch den Anforderungen des Marktes entsprechen.<\/p>\n<\/div><\/section><\/p><\/div><div  class='flex_column av-6e84tq-796f387033d492bd8145e7b0f2bc708c av_one_fourth  avia-builder-el-11  el_after_av_one_fourth  el_before_av_one_fourth  flex_column_div  '     ><p>\n<style type=\"text\/css\" data-created_by=\"avia_inline_auto\" id=\"style-css-av-lv5ruewa-02f313e26b8aadf73ecfaacc48ee9daf\">\n.av_font_icon.av-lv5ruewa-02f313e26b8aadf73ecfaacc48ee9daf{\ncolor:#191919;\nborder-color:#191919;\n}\n.av_font_icon.av-lv5ruewa-02f313e26b8aadf73ecfaacc48ee9daf .av-icon-char{\nfont-size:50px;\nline-height:50px;\nwidth:50px;\n}\n<\/style>\n<span  class='av_font_icon av-lv5ruewa-02f313e26b8aadf73ecfaacc48ee9daf avia_animate_when_visible av-icon-style-border avia-icon-pos-center avia-icon-animate'><span class='av-icon-char' aria-hidden='true' data-av_icon='\ue8c5' data-av_iconfont='entypo-fontello' data-avia-icon-tooltip=\"&lt;br \/&gt;\nKONTINUIERLICHE&lt;br \/&gt;\nENTWICKLUNG&lt;br \/&gt;\n\"><\/span><span class='av_icon_caption av-special-font'>KONTINUIERLICHE<br \/>\nENTWICKLUNG<\/span><\/span><br \/>\n<section  class='av_textblock_section av-lv5rwdf3-ab3b82df4b23ba327d90707e488f22d9 '   itemscope=\"itemscope\" itemtype=\"https:\/\/schema.org\/CreativeWork\" ><div class='avia_textblock'  itemprop=\"text\" ><p style=\"text-align: center;\">Um das Sortiment der unter der Marke GlareOne angebotenen Produkte zu erweitern, testen wir kontinuierlich neue Produkte und f\u00fchren nur solche ein, die unseren Erwartungen hinsichtlich Qualit\u00e4t und Preis entsprechen.<\/p>\n<\/div><\/section><\/p><\/div><div  class='flex_column av-4dl1b2-b531d2ea4c9be5cb486105a18dd8ad52 av_one_fourth  avia-builder-el-14  el_after_av_one_fourth  avia-builder-el-last  flex_column_div  '     ><p>\n<style type=\"text\/css\" data-created_by=\"avia_inline_auto\" id=\"style-css-av-lv5rw4v9-9b527da464e0a68a21384e3e041d54b6\">\n.av_font_icon.av-lv5rw4v9-9b527da464e0a68a21384e3e041d54b6{\ncolor:#191919;\nborder-color:#191919;\n}\n.av_font_icon.av-lv5rw4v9-9b527da464e0a68a21384e3e041d54b6 .av-icon-char{\nfont-size:50px;\nline-height:50px;\nwidth:50px;\n}\n<\/style>\n<span  class='av_font_icon av-lv5rw4v9-9b527da464e0a68a21384e3e041d54b6 avia_animate_when_visible av-icon-style-border avia-icon-pos-center avia-icon-animate'><span class='av-icon-char' aria-hidden='true' data-av_icon='\ue8a8' data-av_iconfont='entypo-fontello' data-avia-icon-tooltip=\"&lt;br \/&gt;\nLANGE&lt;br \/&gt;\nGARANTIE&lt;br \/&gt;\n\"><\/span><span class='av_icon_caption av-special-font'>LANGE<br \/>\nGARANTIE<\/span><\/span><br \/>\n<section  class='av_textblock_section av-lv5rw9jn-5a6d98ced05cdf3afd3745507b8e5d10 '   itemscope=\"itemscope\" itemtype=\"https:\/\/schema.org\/CreativeWork\" ><div class='avia_textblock'  itemprop=\"text\" ><p style=\"text-align: center;\">Dank der Qualit\u00e4t unserer Produkte k\u00f6nnen wir unseren Kunden eine Garantie von 36 Monaten anbieten. Eine solch einzigartige Garantiefrist ist das Ergebnis der Auswahl geeigneter Materialien und eines Produktionskontrollprozesses, den wir von Monat zu Monat verbessern.<\/p>\n<\/div><\/section><\/p><\/div><\/div><\/div><\/div><!-- close content main div --><\/div><\/div><div id='av-layout-grid-1'  class='av-layout-grid-container av-2y3wce-9111960c2e281e8c57e14cc46afb9083 entry-content-wrapper main_color av-flex-cells  avia-builder-el-17  el_after_av_section  avia-builder-el-last  grid-row-not-first  container_wrap fullsize'  >\n\n<style type=\"text\/css\" data-created_by=\"avia_inline_auto\" id=\"style-css-av-lv5rxk0g-4fe7548422e269f6bd54aabb21682e31\">\n.flex_cell.av-lv5rxk0g-4fe7548422e269f6bd54aabb21682e31{\nvertical-align:top;\nbackground:url(https:\/\/glareone.eu\/wp-content\/uploads\/2024\/04\/moz-4.jpg) 0% 0% no-repeat scroll ;\n}\n.responsive #top #wrap_all .flex_cell.av-lv5rxk0g-4fe7548422e269f6bd54aabb21682e31{\npadding:200px 200px 200px 200px !important;\n}\n<\/style>\n<div class='flex_cell av-lv5rxk0g-4fe7548422e269f6bd54aabb21682e31 av-gridrow-cell av_one_half no_margin  avia-builder-el-18  el_before_av_cell_one_half  avia-builder-el-first '  ><div class='flex_cell_inner'><\/div><\/div>\n<style type=\"text\/css\" data-created_by=\"avia_inline_auto\" id=\"style-css-av-lv5rxwh0-71187d76a9db311e2a712703566e918a\">\n.flex_cell.av-lv5rxwh0-71187d76a9db311e2a712703566e918a{\nvertical-align:middle;\nbackground-color:#e2e2e2;\n}\n<\/style>\n<div class='flex_cell av-lv5rxwh0-71187d76a9db311e2a712703566e918a av-gridrow-cell av_one_half no_margin  avia-builder-el-19  el_after_av_cell_one_half  avia-builder-el-last '  ><div class='flex_cell_inner'><section  class='av_textblock_section av-lv5ryemb-7f379e8331d43c330384c1356381948f '   itemscope=\"itemscope\" itemtype=\"https:\/\/schema.org\/CreativeWork\" ><div class='avia_textblock'  itemprop=\"text\" ><div class=\"elementor-widget elementor-element elementor-element-497x3ox elementor-widget-heading\" style=\"text-align: center;\" data-element_type=\"heading\">\n<div class=\"elementor-widget-container\">\n<h3 class=\"elementor-heading-title elementor-size-medium none\" style=\"text-align: center;\">COOPERATION<\/h3>\n<\/div>\n<\/div>\n<div class=\"elementor-widget elementor-element elementor-element-l8aft5k elementor-widget-text-editor\" style=\"text-align: center;\" data-element_type=\"text-editor\">\n<div class=\"elementor-widget-container\">\n<div class=\"elementor-text-editor rte-content\">\n<p>Wenn Sie an einer kommerziellen Zusammenarbeit interessiert sind, laden wir Sie ein, Kontakt mit uns aufzunehmen!<\/p>\n<\/div>\n<div class=\"elementor-text-editor rte-content\"><\/div>\n<\/div>\n<\/div>\n<\/div><\/section><br \/>\n<div  class='avia-button-wrap av-lv5s00ko-0d30d31f1d63af3fde8ce73fe8f38b26-wrap avia-button-center  avia-builder-el-21  el_after_av_textblock  avia-builder-el-last '>\n<style type=\"text\/css\" data-created_by=\"avia_inline_auto\" id=\"style-css-av-lv5s00ko-0d30d31f1d63af3fde8ce73fe8f38b26\">\n@keyframes av_sonarEffect_av-lv5s00ko-0d30d31f1d63af3fde8ce73fe8f38b26 {\n  0% {opacity: 0.3;}\n 40% {opacity: 0.5; box-shadow: 0 0 0 2px rgba(255,255,255,0.1), 0 0 10px 10px #ffffff, 0 0 0 10px rgba(255,255,255,0.5);}\n100% {opacity: 0; box-shadow: 0 0 0 2px rgba(255,255,255,0.1), 0 0 10px 10px #ffffff, 0 0 0 10px rgba(255,255,255,0.5); transform: scale(1.5);}\n}\n#top #wrap_all .avia-button.av-lv5s00ko-0d30d31f1d63af3fde8ce73fe8f38b26{\nmargin:30px 0 0 0;\n}\n.avia-button.av-lv5s00ko-0d30d31f1d63af3fde8ce73fe8f38b26.avia-sonar-shadow:hover:after{\nanimation:av_sonarEffect_av-lv5s00ko-0d30d31f1d63af3fde8ce73fe8f38b26 1s ease-in-out;\n}\n<\/style>\n<a href='https:\/\/glareone.eu\/de\/kontakt\/'  class='avia-button av-lv5s00ko-0d30d31f1d63af3fde8ce73fe8f38b26 av-link-btn avia-icon_select-no avia-size-large avia-position-center avia-color-theme-color avia-sonar-shadow'  ><span class='avia_iconbox_title' >ICH BIN INTERESSIERT<\/span><\/a><\/div><\/p>\n<\/div><\/div><\/div><\/p>\n","protected":false},"excerpt":{"rendered":"","protected":false},"author":1,"featured_media":0,"parent":0,"menu_order":0,"comment_status":"open","ping_status":"closed","template":"","meta":{"footnotes":""},"class_list":["post-7563","page","type-page","status-publish","hentry"],"yoast_head":"<!-- This site is optimized with the Yoast SEO plugin v27.2 - https:\/\/yoast.com\/product\/yoast-seo-wordpress\/ -->\n<title>\u00dcber uns - GlareOne<\/title>\n<meta name=\"description\" content=\"GlareOne \u2013 Hersteller hochwertiger Beleuchtungsausr\u00fcstung f\u00fcr Fotografen und Filmemacher. Blitze, LEDs, Stative, Softboxen und mehr!\" \/>\n<meta name=\"robots\" content=\"index, follow, max-snippet:-1, max-image-preview:large, max-video-preview:-1\" \/>\n<link rel=\"canonical\" href=\"https:\/\/glareone.eu\/de\/uber-uns\/\" \/>\n<meta property=\"og:locale\" content=\"de_DE\" \/>\n<meta property=\"og:type\" content=\"article\" \/>\n<meta property=\"og:title\" content=\"\u00dcber uns - GlareOne\" \/>\n<meta property=\"og:description\" content=\"GlareOne \u2013 Hersteller hochwertiger Beleuchtungsausr\u00fcstung f\u00fcr Fotografen und Filmemacher. Blitze, LEDs, Stative, Softboxen und mehr!\" \/>\n<meta property=\"og:url\" content=\"https:\/\/glareone.eu\/de\/uber-uns\/\" \/>\n<meta property=\"og:site_name\" content=\"GlareOne\" \/>\n<meta property=\"article:publisher\" content=\"https:\/\/www.facebook.com\/GlareOneLighting\" \/>\n<meta property=\"article:modified_time\" content=\"2024-05-23T10:56:12+00:00\" \/>\n<meta name=\"twitter:card\" content=\"summary_large_image\" \/>\n<meta name=\"twitter:label1\" content=\"Gesch\u00e4tzte Lesezeit\" \/>\n\t<meta name=\"twitter:data1\" content=\"2\u00a0Minuten\" \/>\n<script type=\"application\/ld+json\" class=\"yoast-schema-graph\">{\"@context\":\"https:\/\/schema.org\",\"@graph\":[{\"@type\":\"WebPage\",\"@id\":\"https:\/\/glareone.eu\/de\/uber-uns\/\",\"url\":\"https:\/\/glareone.eu\/de\/uber-uns\/\",\"name\":\"\u00dcber uns - GlareOne\",\"isPartOf\":{\"@id\":\"https:\/\/glareone.eu\/de\/en\/#website\"},\"datePublished\":\"2024-04-18T21:51:02+00:00\",\"dateModified\":\"2024-05-23T10:56:12+00:00\",\"description\":\"GlareOne \u2013 Hersteller hochwertiger Beleuchtungsausr\u00fcstung f\u00fcr Fotografen und Filmemacher. Blitze, LEDs, Stative, Softboxen und mehr!\",\"breadcrumb\":{\"@id\":\"https:\/\/glareone.eu\/de\/uber-uns\/#breadcrumb\"},\"inLanguage\":\"de\",\"potentialAction\":[{\"@type\":\"ReadAction\",\"target\":[\"https:\/\/glareone.eu\/de\/uber-uns\/\"]}]},{\"@type\":\"BreadcrumbList\",\"@id\":\"https:\/\/glareone.eu\/de\/uber-uns\/#breadcrumb\",\"itemListElement\":[{\"@type\":\"ListItem\",\"position\":1,\"name\":\"Strona g\u0142\u00f3wna\",\"item\":\"https:\/\/glareone.eu\/de\/\"},{\"@type\":\"ListItem\",\"position\":2,\"name\":\"\u00dcber uns\"}]},{\"@type\":\"WebSite\",\"@id\":\"https:\/\/glareone.eu\/de\/en\/#website\",\"url\":\"https:\/\/glareone.eu\/de\/en\/\",\"name\":\"GlareOne\",\"description\":\"Wyposa\u017cenie Studia\",\"publisher\":{\"@id\":\"https:\/\/glareone.eu\/de\/en\/#organization\"},\"potentialAction\":[{\"@type\":\"SearchAction\",\"target\":{\"@type\":\"EntryPoint\",\"urlTemplate\":\"https:\/\/glareone.eu\/de\/en\/?s={search_term_string}\"},\"query-input\":{\"@type\":\"PropertyValueSpecification\",\"valueRequired\":true,\"valueName\":\"search_term_string\"}}],\"inLanguage\":\"de\"},{\"@type\":\"Organization\",\"@id\":\"https:\/\/glareone.eu\/de\/en\/#organization\",\"name\":\"GlareOne\",\"url\":\"https:\/\/glareone.eu\/de\/en\/\",\"logo\":{\"@type\":\"ImageObject\",\"inLanguage\":\"de\",\"@id\":\"https:\/\/glareone.eu\/de\/en\/#\/schema\/logo\/image\/\",\"url\":\"http:\/\/glareone.eu\/wp-content\/uploads\/2024\/05\/glareone_logo2020_RGB-01-e1715773127189.png\",\"contentUrl\":\"http:\/\/glareone.eu\/wp-content\/uploads\/2024\/05\/glareone_logo2020_RGB-01-e1715773127189.png\",\"width\":1270,\"height\":321,\"caption\":\"GlareOne\"},\"image\":{\"@id\":\"https:\/\/glareone.eu\/de\/en\/#\/schema\/logo\/image\/\"},\"sameAs\":[\"https:\/\/www.facebook.com\/GlareOneLighting\",\"https:\/\/www.instagram.com\/glareonelighting\/\",\"https:\/\/www.youtube.com\/@GlareOneTV\"]}]}<\/script>\n<!-- \/ Yoast SEO plugin. -->","yoast_head_json":{"title":"\u00dcber uns - GlareOne","description":"GlareOne \u2013 Hersteller hochwertiger Beleuchtungsausr\u00fcstung f\u00fcr Fotografen und Filmemacher. Blitze, LEDs, Stative, Softboxen und mehr!","robots":{"index":"index","follow":"follow","max-snippet":"max-snippet:-1","max-image-preview":"max-image-preview:large","max-video-preview":"max-video-preview:-1"},"canonical":"https:\/\/glareone.eu\/de\/uber-uns\/","og_locale":"de_DE","og_type":"article","og_title":"\u00dcber uns - GlareOne","og_description":"GlareOne \u2013 Hersteller hochwertiger Beleuchtungsausr\u00fcstung f\u00fcr Fotografen und Filmemacher. Blitze, LEDs, Stative, Softboxen und mehr!","og_url":"https:\/\/glareone.eu\/de\/uber-uns\/","og_site_name":"GlareOne","article_publisher":"https:\/\/www.facebook.com\/GlareOneLighting","article_modified_time":"2024-05-23T10:56:12+00:00","twitter_card":"summary_large_image","twitter_misc":{"Gesch\u00e4tzte Lesezeit":"2\u00a0Minuten"},"schema":{"@context":"https:\/\/schema.org","@graph":[{"@type":"WebPage","@id":"https:\/\/glareone.eu\/de\/uber-uns\/","url":"https:\/\/glareone.eu\/de\/uber-uns\/","name":"\u00dcber uns - GlareOne","isPartOf":{"@id":"https:\/\/glareone.eu\/de\/en\/#website"},"datePublished":"2024-04-18T21:51:02+00:00","dateModified":"2024-05-23T10:56:12+00:00","description":"GlareOne \u2013 Hersteller hochwertiger Beleuchtungsausr\u00fcstung f\u00fcr Fotografen und Filmemacher. Blitze, LEDs, Stative, Softboxen und mehr!","breadcrumb":{"@id":"https:\/\/glareone.eu\/de\/uber-uns\/#breadcrumb"},"inLanguage":"de","potentialAction":[{"@type":"ReadAction","target":["https:\/\/glareone.eu\/de\/uber-uns\/"]}]},{"@type":"BreadcrumbList","@id":"https:\/\/glareone.eu\/de\/uber-uns\/#breadcrumb","itemListElement":[{"@type":"ListItem","position":1,"name":"Strona g\u0142\u00f3wna","item":"https:\/\/glareone.eu\/de\/"},{"@type":"ListItem","position":2,"name":"\u00dcber uns"}]},{"@type":"WebSite","@id":"https:\/\/glareone.eu\/de\/en\/#website","url":"https:\/\/glareone.eu\/de\/en\/","name":"GlareOne","description":"Wyposa\u017cenie Studia","publisher":{"@id":"https:\/\/glareone.eu\/de\/en\/#organization"},"potentialAction":[{"@type":"SearchAction","target":{"@type":"EntryPoint","urlTemplate":"https:\/\/glareone.eu\/de\/en\/?s={search_term_string}"},"query-input":{"@type":"PropertyValueSpecification","valueRequired":true,"valueName":"search_term_string"}}],"inLanguage":"de"},{"@type":"Organization","@id":"https:\/\/glareone.eu\/de\/en\/#organization","name":"GlareOne","url":"https:\/\/glareone.eu\/de\/en\/","logo":{"@type":"ImageObject","inLanguage":"de","@id":"https:\/\/glareone.eu\/de\/en\/#\/schema\/logo\/image\/","url":"http:\/\/glareone.eu\/wp-content\/uploads\/2024\/05\/glareone_logo2020_RGB-01-e1715773127189.png","contentUrl":"http:\/\/glareone.eu\/wp-content\/uploads\/2024\/05\/glareone_logo2020_RGB-01-e1715773127189.png","width":1270,"height":321,"caption":"GlareOne"},"image":{"@id":"https:\/\/glareone.eu\/de\/en\/#\/schema\/logo\/image\/"},"sameAs":["https:\/\/www.facebook.com\/GlareOneLighting","https:\/\/www.instagram.com\/glareonelighting\/","https:\/\/www.youtube.com\/@GlareOneTV"]}]}},"_links":{"self":[{"href":"https:\/\/glareone.eu\/de\/wp-json\/wp\/v2\/pages\/7563","targetHints":{"allow":["GET"]}}],"collection":[{"href":"https:\/\/glareone.eu\/de\/wp-json\/wp\/v2\/pages"}],"about":[{"href":"https:\/\/glareone.eu\/de\/wp-json\/wp\/v2\/types\/page"}],"author":[{"embeddable":true,"href":"https:\/\/glareone.eu\/de\/wp-json\/wp\/v2\/users\/1"}],"replies":[{"embeddable":true,"href":"https:\/\/glareone.eu\/de\/wp-json\/wp\/v2\/comments?post=7563"}],"version-history":[{"count":2,"href":"https:\/\/glareone.eu\/de\/wp-json\/wp\/v2\/pages\/7563\/revisions"}],"predecessor-version":[{"id":11322,"href":"https:\/\/glareone.eu\/de\/wp-json\/wp\/v2\/pages\/7563\/revisions\/11322"}],"wp:attachment":[{"href":"https:\/\/glareone.eu\/de\/wp-json\/wp\/v2\/media?parent=7563"}],"curies":[{"name":"wp","href":"https:\/\/api.w.org\/{rel}","templated":true}]}}