{"id":7164,"date":"2024-05-08T07:55:15","date_gmt":"2024-05-08T07:55:15","guid":{"rendered":"http:\/\/glareone.eu\/produkte\/akcesoria\/"},"modified":"2025-02-05T14:37:53","modified_gmt":"2025-02-05T14:37:53","slug":"zubehoer","status":"publish","type":"page","link":"https:\/\/glareone.eu\/de\/produkte\/zubehoer\/","title":{"rendered":"Zubeh\u00f6r"},"content":{"rendered":"<div  class='flex_column av-1rw0ry-bea76e6eae6a4e5f4a58aa49434699e5 av_one_full  avia-builder-el-0  el_before_av_section  avia-builder-el-no-sibling  first flex_column_div  '     ><style type=\"text\/css\" data-created_by=\"avia_inline_auto\" id=\"style-css-av-luzojory-074fd17845a22cfe3f8e5b0f94837226\">\n#top .av-special-heading.av-luzojory-074fd17845a22cfe3f8e5b0f94837226{\npadding-bottom:10px;\n}\nbody .av-special-heading.av-luzojory-074fd17845a22cfe3f8e5b0f94837226 .av-special-heading-tag .heading-char{\nfont-size:25px;\n}\n.av-special-heading.av-luzojory-074fd17845a22cfe3f8e5b0f94837226 .av-subheading{\nfont-size:15px;\n}\n<\/style>\n<div  class='av-special-heading av-luzojory-074fd17845a22cfe3f8e5b0f94837226 av-special-heading-h2 blockquote modern-quote modern-centered  avia-builder-el-1  avia-builder-el-no-sibling '><h2 class='av-special-heading-tag'  itemprop=\"headline\"  >Zubeh\u00f6r<\/h2><div class=\"special-heading-border\"><div class=\"special-heading-inner-border\"><\/div><\/div><\/div><\/div>\n<\/div><\/div><\/div><!-- close content main div --><\/div><\/div><div id='homeproductcategorylist'  class='avia-section av-1lv8ri-94017da8535ef3245dc7c747be8a10d3 main_color avia-section-default avia-no-border-styling  avia-builder-el-2  el_after_av_one_full  el_before_av_section  avia-bg-style-scroll container_wrap fullsize'  ><div class='container av-section-cont-open' ><div class='template-page content  av-content-full alpha units'><div class='post-entry post-entry-type-page post-entry-7164'><div class='entry-content-wrapper clearfix'>\n\n<style type=\"text\/css\" data-created_by=\"avia_inline_auto\" id=\"style-css-av-2taz6h-3151ec9b2090b434b1104cd21240d124\">\n.flex_column.av-2taz6h-3151ec9b2090b434b1104cd21240d124{\nwidth:32%;\n}\n<\/style>\n<div  class='flex_column av-2taz6h-3151ec9b2090b434b1104cd21240d124 av_one_third  avia-builder-el-3  el_before_av_one_third  avia-builder-el-first  categoryBox first flex_column_div  '     ><p>\n<style type=\"text\/css\" data-created_by=\"avia_inline_auto\" id=\"style-css-av-lvf5s63k-b07c26eb7a2088d3adca8fc75418d0f3\">\n.avia-image-container.av-lvf5s63k-b07c26eb7a2088d3adca8fc75418d0f3 img.avia_image{\nbox-shadow:none;\n}\n.avia-image-container.av-lvf5s63k-b07c26eb7a2088d3adca8fc75418d0f3 .av-image-caption-overlay-center{\ncolor:#ffffff;\n}\n<\/style>\n<div  class='avia-image-container av-lvf5s63k-b07c26eb7a2088d3adca8fc75418d0f3 av-styling-no-styling av-img-linked avia-align-center  avia-builder-el-4  el_before_av_textblock  avia-builder-el-first  categoryBoxImage'   itemprop=\"image\" itemscope=\"itemscope\" itemtype=\"https:\/\/schema.org\/ImageObject\" ><div class=\"avia-image-container-inner\"><div class=\"avia-image-overlay-wrap\"><a href=\"https:\/\/glareone.eu\/de\/produkte\/zubehoer\/schattenlose-fotografie\/\" class='avia_image '  aria-label='st\u00f3\u0142 bezcieniowy'><img decoding=\"async\" fetchpriority=\"high\" class='wp-image-7065 avia-img-lazy-loading-not-7065 avia_image ' src=\"https:\/\/glareone.eu\/wp-content\/uploads\/2024\/05\/stol-bezcieniowy.png\" alt='' title='st\u00f3\u0142 bezcieniowy'  height=\"283\" width=\"260\"  itemprop=\"thumbnailUrl\"  \/><\/a><\/div><\/div><\/div><br \/>\n<section  class='av_textblock_section av-lvf5hao8-eacdacdb29df53783c6ddf9ee4af3ae8 '   itemscope=\"itemscope\" itemtype=\"https:\/\/schema.org\/CreativeWork\" ><div class='avia_textblock categoryBoxTitle'  itemprop=\"text\" ><h3 style=\"text-align: center;\"><a href=\"https:\/\/glareone.eu\/de\/produkte\/zubehoer\/schattenlose-fotografie\/\">Schattenlose Fotografie<\/a><\/h3>\n<\/div><\/section><\/p><\/div>\n<style type=\"text\/css\" data-created_by=\"avia_inline_auto\" id=\"style-css-av-dt5ya5-af025be00782cec9d3e2ff4c8a612139\">\n.flex_column.av-dt5ya5-af025be00782cec9d3e2ff4c8a612139{\nwidth:32%;\nmargin-left:2%;\n}\n<\/style>\n<div  class='flex_column av-dt5ya5-af025be00782cec9d3e2ff4c8a612139 av_one_third  avia-builder-el-6  el_after_av_one_third  el_before_av_one_third  categoryBox flex_column_div  '     ><p>\n<style type=\"text\/css\" data-created_by=\"avia_inline_auto\" id=\"style-css-av-cmg3ml-61e8df03495e1d484583ceb9d015ea61\">\n.avia-image-container.av-cmg3ml-61e8df03495e1d484583ceb9d015ea61 img.avia_image{\nbox-shadow:none;\n}\n.avia-image-container.av-cmg3ml-61e8df03495e1d484583ceb9d015ea61 .av-image-caption-overlay-center{\ncolor:#ffffff;\n}\n<\/style>\n<div  class='avia-image-container av-cmg3ml-61e8df03495e1d484583ceb9d015ea61 av-styling-no-styling av-img-linked avia-align-center  avia-builder-el-7  el_before_av_textblock  avia-builder-el-first  categoryBoxImage'   itemprop=\"image\" itemscope=\"itemscope\" itemtype=\"https:\/\/schema.org\/ImageObject\" ><div class=\"avia-image-container-inner\"><div class=\"avia-image-overlay-wrap\"><a href=\"https:\/\/glareone.eu\/de\/produkte\/zubehoer\/lichtstaender\/\" class='avia_image '  aria-label='fatboy'><img decoding=\"async\" fetchpriority=\"high\" class='wp-image-7069 avia-img-lazy-loading-not-7069 avia_image ' src=\"https:\/\/glareone.eu\/wp-content\/uploads\/2024\/05\/fatboy.png\" alt='' title='fatboy'  height=\"283\" width=\"260\"  itemprop=\"thumbnailUrl\"  \/><\/a><\/div><\/div><\/div><br \/>\n<section  class='av_textblock_section av-lvxiqcn3-987359e849c54f02c7f896c1536aa6c2 '   itemscope=\"itemscope\" itemtype=\"https:\/\/schema.org\/CreativeWork\" ><div class='avia_textblock categoryBoxTitle'  itemprop=\"text\" ><h3 style=\"text-align: center;\"><a href=\"https:\/\/glareone.eu\/de\/produkte\/zubehoer\/lichtstaender\/\">Lichtst\u00e4nder<\/a><\/h3>\n<\/div><\/section><\/p><\/div>\n<style type=\"text\/css\" data-created_by=\"avia_inline_auto\" id=\"style-css-av-aogt6l-0b60d73b18c93b4c6ed824146bd49b3d\">\n.flex_column.av-aogt6l-0b60d73b18c93b4c6ed824146bd49b3d{\nwidth:32%;\nmargin-left:2%;\n}\n<\/style>\n<div  class='flex_column av-aogt6l-0b60d73b18c93b4c6ed824146bd49b3d av_one_third  avia-builder-el-9  el_after_av_one_third  avia-builder-el-last  categoryBox flex_column_div  '     ><p>\n<style type=\"text\/css\" data-created_by=\"avia_inline_auto\" id=\"style-css-av-8ob2nx-21e361ee19a3968e3a5c4f432b5aa7f7\">\n.avia-image-container.av-8ob2nx-21e361ee19a3968e3a5c4f432b5aa7f7 img.avia_image{\nbox-shadow:none;\n}\n.avia-image-container.av-8ob2nx-21e361ee19a3968e3a5c4f432b5aa7f7 .av-image-caption-overlay-center{\ncolor:#ffffff;\n}\n<\/style>\n<div  class='avia-image-container av-8ob2nx-21e361ee19a3968e3a5c4f432b5aa7f7 av-styling-no-styling av-img-linked avia-align-center  avia-builder-el-10  el_before_av_textblock  avia-builder-el-first  categoryBoxImage'   itemprop=\"image\" itemscope=\"itemscope\" itemtype=\"https:\/\/schema.org\/ImageObject\" ><div class=\"avia-image-container-inner\"><div class=\"avia-image-overlay-wrap\"><a href=\"https:\/\/glareone.eu\/de\/produkte\/zubehoer\/hintergrundstuetzsysteme\/\" class='avia_image '  aria-label='system zawieszania t\u0142a'><img decoding=\"async\" fetchpriority=\"high\" class='wp-image-7073 avia-img-lazy-loading-not-7073 avia_image ' src=\"https:\/\/glareone.eu\/wp-content\/uploads\/2024\/05\/system-zawieszania-tla.png\" alt='' title='system zawieszania t\u0142a'  height=\"283\" width=\"260\"  itemprop=\"thumbnailUrl\"  \/><\/a><\/div><\/div><\/div><br \/>\n<section  class='av_textblock_section av-lvxiqju1-0a7aaed65cd1504957e44e7faaa83523 '   itemscope=\"itemscope\" itemtype=\"https:\/\/schema.org\/CreativeWork\" ><div class='avia_textblock categoryBoxTitle'  itemprop=\"text\" ><h3 style=\"text-align: center;\"><a href=\"https:\/\/glareone.eu\/de\/produkte\/zubehoer\/hintergrundstuetzsysteme\/\">Hintergrundst\u00fctzsysteme<\/a><\/h3>\n<\/div><\/section><\/p><\/div>\n\n<\/div><\/div><\/div><!-- close content main div --><\/div><\/div><div id='homeproductcategorylist'  class='avia-section av-7l1jbh-1cfa15dc7691cb0168b7190b42699c3e main_color avia-section-default avia-no-border-styling  avia-builder-el-12  el_after_av_section  avia-builder-el-last  avia-bg-style-scroll container_wrap fullsize'  ><div class='container av-section-cont-open' ><div class='template-page content  av-content-full alpha units'><div class='post-entry post-entry-type-page post-entry-7164'><div class='entry-content-wrapper clearfix'>\n\n<style type=\"text\/css\" data-created_by=\"avia_inline_auto\" id=\"style-css-av-5p04b1-917bfe34e69650f88cc4983313e2f178\">\n.flex_column.av-5p04b1-917bfe34e69650f88cc4983313e2f178{\nwidth:32%;\n}\n<\/style>\n<div  class='flex_column av-5p04b1-917bfe34e69650f88cc4983313e2f178 av_one_third  avia-builder-el-13  el_before_av_one_third  avia-builder-el-first  categoryBox first flex_column_div  '     ><p>\n<style type=\"text\/css\" data-created_by=\"avia_inline_auto\" id=\"style-css-av-lvxir3yn-fe150e7da3d49afabfa84378c667e984\">\n.avia-image-container.av-lvxir3yn-fe150e7da3d49afabfa84378c667e984 img.avia_image{\nbox-shadow:none;\n}\n.avia-image-container.av-lvxir3yn-fe150e7da3d49afabfa84378c667e984 .av-image-caption-overlay-center{\ncolor:#ffffff;\n}\n<\/style>\n<div  class='avia-image-container av-lvxir3yn-fe150e7da3d49afabfa84378c667e984 av-styling-no-styling av-img-linked avia-align-center  avia-builder-el-14  el_before_av_textblock  avia-builder-el-first  categoryBoxImage'   itemprop=\"image\" itemscope=\"itemscope\" itemtype=\"https:\/\/schema.org\/ImageObject\" ><div class=\"avia-image-container-inner\"><div class=\"avia-image-overlay-wrap\"><a href=\"https:\/\/glareone.eu\/de\/produkte\/zubehoer\/backdrops\/\" class='avia_image '  aria-label='t\u0142o'><img decoding=\"async\" fetchpriority=\"high\" class='wp-image-6852 avia-img-lazy-loading-not-6852 avia_image ' src=\"https:\/\/glareone.eu\/wp-content\/uploads\/2024\/05\/tlo.png\" alt='' title='t\u0142o'  height=\"283\" width=\"260\"  itemprop=\"thumbnailUrl\"  \/><\/a><\/div><\/div><\/div><br \/>\n<section  class='av_textblock_section av-lvxiqphj-16f6575a01a9c6a0b87596d9d7189bb9 '   itemscope=\"itemscope\" itemtype=\"https:\/\/schema.org\/CreativeWork\" ><div class='avia_textblock categoryBoxTitle'  itemprop=\"text\" ><h3 style=\"text-align: center;\"><a href=\"https:\/\/glareone.eu\/de\/produkte\/zubehoer\/backdrops\/\">Backdrops<\/a><\/h3>\n<\/div><\/section><\/p><\/div>\n<style type=\"text\/css\" data-created_by=\"avia_inline_auto\" id=\"style-css-av-4mminh-ec13ad49dc9fcd54d3be4bf3cd734c6d\">\n.flex_column.av-4mminh-ec13ad49dc9fcd54d3be4bf3cd734c6d{\nwidth:32%;\nmargin-left:2%;\n}\n<\/style>\n<div  class='flex_column av-4mminh-ec13ad49dc9fcd54d3be4bf3cd734c6d av_one_third  avia-builder-el-16  el_after_av_one_third  el_before_av_one_third  categoryBox flex_column_div  '     ><p>\n<style type=\"text\/css\" data-created_by=\"avia_inline_auto\" id=\"style-css-av-1z88e5-0eb7a5a033a92f12943e5598a4f0893f\">\n.avia-image-container.av-1z88e5-0eb7a5a033a92f12943e5598a4f0893f img.avia_image{\nbox-shadow:none;\n}\n.avia-image-container.av-1z88e5-0eb7a5a033a92f12943e5598a4f0893f .av-image-caption-overlay-center{\ncolor:#ffffff;\n}\n<\/style>\n<div  class='avia-image-container av-1z88e5-0eb7a5a033a92f12943e5598a4f0893f av-styling-no-styling av-img-linked avia-align-center  avia-builder-el-17  el_before_av_textblock  avia-builder-el-first  categoryBoxImage'   itemprop=\"image\" itemscope=\"itemscope\" itemtype=\"https:\/\/schema.org\/ImageObject\" ><div class=\"avia-image-container-inner\"><div class=\"avia-image-overlay-wrap\"><a href=\"https:\/\/glareone.eu\/de\/produkte\/zubehoer\/ersatzteile\/\" class='avia_image '  aria-label='Bez nazwy-1 (6)'><img decoding=\"async\" fetchpriority=\"high\" class='wp-image-15170 avia-img-lazy-loading-not-15170 avia_image ' src=\"https:\/\/glareone.eu\/wp-content\/uploads\/2025\/02\/Bez-nazwy-1-6.png\" alt='' title='Bez nazwy-1 (6)'  height=\"283\" width=\"260\"  itemprop=\"thumbnailUrl\"  \/><\/a><\/div><\/div><\/div><br \/>\n<section  class='av_textblock_section av-lvxiqsfr-d3b3152a584a16daf5b7c58c4787e077 '   itemscope=\"itemscope\" itemtype=\"https:\/\/schema.org\/CreativeWork\" ><div class='avia_textblock categoryBoxTitle'  itemprop=\"text\" ><h3 style=\"text-align: center;\"><a href=\"\/de\/produkte\/zubehoer\/ersatzteile\/\">Ersatzteile<\/a><\/h3>\n<\/div><\/section><\/p><\/div>\n<style type=\"text\/css\" data-created_by=\"avia_inline_auto\" id=\"style-css-av-av_one_third-6b2de20fae642ded6efde0f5889bc6e3\">\n.flex_column.av-av_one_third-6b2de20fae642ded6efde0f5889bc6e3{\nwidth:32%;\nmargin-left:2%;\n}\n<\/style>\n<div  class='flex_column av-av_one_third-6b2de20fae642ded6efde0f5889bc6e3 av_one_third  avia-builder-el-19  el_after_av_one_third  avia-builder-el-last  categoryBox flex_column_div  '     ><p>\n<style type=\"text\/css\" data-created_by=\"avia_inline_auto\" id=\"style-css-av-av_image-09eb3dc22f8f55d63928ae64c6147a3c\">\n.avia-image-container.av-av_image-09eb3dc22f8f55d63928ae64c6147a3c img.avia_image{\nbox-shadow:none;\n}\n.avia-image-container.av-av_image-09eb3dc22f8f55d63928ae64c6147a3c .av-image-caption-overlay-center{\ncolor:#ffffff;\n}\n<\/style>\n<div  class='avia-image-container av-av_image-09eb3dc22f8f55d63928ae64c6147a3c av-styling-no-styling av-img-linked avia-align-center  avia-builder-el-20  el_before_av_textblock  avia-builder-el-first  categoryBoxImage'   itemprop=\"image\" itemscope=\"itemscope\" itemtype=\"https:\/\/schema.org\/ImageObject\" ><div class=\"avia-image-container-inner\"><div class=\"avia-image-overlay-wrap\"><a href=\"https:\/\/glareone.eu\/de\/produkte\/zubehoer\/andere\/\" class='avia_image '  aria-label='akcesoria inne'><img decoding=\"async\" fetchpriority=\"high\" class='wp-image-7077 avia-img-lazy-loading-not-7077 avia_image ' src=\"https:\/\/glareone.eu\/wp-content\/uploads\/2024\/05\/akcesoria-inne.png\" alt='' title='akcesoria inne'  height=\"283\" width=\"260\"  itemprop=\"thumbnailUrl\"  \/><\/a><\/div><\/div><\/div><br \/>\n<section  class='av_textblock_section av-av_textblock-1db5a45079743dce0d8d4dcdda4c1e0d '   itemscope=\"itemscope\" itemtype=\"https:\/\/schema.org\/CreativeWork\" ><div class='avia_textblock categoryBoxTitle'  itemprop=\"text\" ><h3 style=\"text-align: center;\"><a href=\"https:\/\/glareone.eu\/de\/produkte\/zubehoer\/andere\/\">Andere<\/a><\/h3>\n<\/div><\/section><\/p><\/div>\n","protected":false},"excerpt":{"rendered":"","protected":false},"author":2,"featured_media":0,"parent":7129,"menu_order":0,"comment_status":"open","ping_status":"closed","template":"","meta":{"footnotes":""},"class_list":["post-7164","page","type-page","status-publish","hentry"],"yoast_head":"<!-- This site is optimized with the Yoast SEO plugin v27.2 - https:\/\/yoast.com\/product\/yoast-seo-wordpress\/ -->\n<title>Zubeh\u00f6r - GlareOne<\/title>\n<meta name=\"description\" content=\"GlareOne Studiozubeh\u00f6r. Stative, Hintergr\u00fcnde und Hintergrundaufh\u00e4ngungssysteme, Zubeh\u00f6r f\u00fcr schattenfreie Fotografie.\" \/>\n<meta name=\"robots\" content=\"index, follow, max-snippet:-1, max-image-preview:large, max-video-preview:-1\" \/>\n<link rel=\"canonical\" href=\"https:\/\/glareone.eu\/de\/produkte\/zubehoer\/\" \/>\n<meta property=\"og:locale\" content=\"de_DE\" \/>\n<meta property=\"og:type\" content=\"article\" \/>\n<meta property=\"og:title\" content=\"Zubeh\u00f6r - GlareOne\" \/>\n<meta property=\"og:description\" content=\"GlareOne Studiozubeh\u00f6r. Stative, Hintergr\u00fcnde und Hintergrundaufh\u00e4ngungssysteme, Zubeh\u00f6r f\u00fcr schattenfreie Fotografie.\" \/>\n<meta property=\"og:url\" content=\"https:\/\/glareone.eu\/de\/produkte\/zubehoer\/\" \/>\n<meta property=\"og:site_name\" content=\"GlareOne\" \/>\n<meta property=\"article:publisher\" content=\"https:\/\/www.facebook.com\/GlareOneLighting\" \/>\n<meta property=\"article:modified_time\" content=\"2025-02-05T14:37:53+00:00\" \/>\n<meta name=\"twitter:card\" content=\"summary_large_image\" \/>\n<meta name=\"twitter:label1\" content=\"Gesch\u00e4tzte Lesezeit\" \/>\n\t<meta name=\"twitter:data1\" content=\"2\u00a0Minuten\" \/>\n<script type=\"application\/ld+json\" class=\"yoast-schema-graph\">{\"@context\":\"https:\/\/schema.org\",\"@graph\":[{\"@type\":\"WebPage\",\"@id\":\"https:\/\/glareone.eu\/de\/produkte\/zubehoer\/\",\"url\":\"https:\/\/glareone.eu\/de\/produkte\/zubehoer\/\",\"name\":\"Zubeh\u00f6r - GlareOne\",\"isPartOf\":{\"@id\":\"https:\/\/glareone.eu\/de\/en\/#website\"},\"datePublished\":\"2024-05-08T07:55:15+00:00\",\"dateModified\":\"2025-02-05T14:37:53+00:00\",\"description\":\"GlareOne Studiozubeh\u00f6r. Stative, Hintergr\u00fcnde und Hintergrundaufh\u00e4ngungssysteme, Zubeh\u00f6r f\u00fcr schattenfreie Fotografie.\",\"breadcrumb\":{\"@id\":\"https:\/\/glareone.eu\/de\/produkte\/zubehoer\/#breadcrumb\"},\"inLanguage\":\"de\",\"potentialAction\":[{\"@type\":\"ReadAction\",\"target\":[\"https:\/\/glareone.eu\/de\/produkte\/zubehoer\/\"]}]},{\"@type\":\"BreadcrumbList\",\"@id\":\"https:\/\/glareone.eu\/de\/produkte\/zubehoer\/#breadcrumb\",\"itemListElement\":[{\"@type\":\"ListItem\",\"position\":1,\"name\":\"Strona g\u0142\u00f3wna\",\"item\":\"https:\/\/glareone.eu\/de\/\"},{\"@type\":\"ListItem\",\"position\":2,\"name\":\"Produkte\",\"item\":\"https:\/\/glareone.eu\/de\/produkte\/\"},{\"@type\":\"ListItem\",\"position\":3,\"name\":\"Zubeh\u00f6r\"}]},{\"@type\":\"WebSite\",\"@id\":\"https:\/\/glareone.eu\/de\/en\/#website\",\"url\":\"https:\/\/glareone.eu\/de\/en\/\",\"name\":\"GlareOne\",\"description\":\"Wyposa\u017cenie Studia\",\"publisher\":{\"@id\":\"https:\/\/glareone.eu\/de\/en\/#organization\"},\"potentialAction\":[{\"@type\":\"SearchAction\",\"target\":{\"@type\":\"EntryPoint\",\"urlTemplate\":\"https:\/\/glareone.eu\/de\/en\/?s={search_term_string}\"},\"query-input\":{\"@type\":\"PropertyValueSpecification\",\"valueRequired\":true,\"valueName\":\"search_term_string\"}}],\"inLanguage\":\"de\"},{\"@type\":\"Organization\",\"@id\":\"https:\/\/glareone.eu\/de\/en\/#organization\",\"name\":\"GlareOne\",\"url\":\"https:\/\/glareone.eu\/de\/en\/\",\"logo\":{\"@type\":\"ImageObject\",\"inLanguage\":\"de\",\"@id\":\"https:\/\/glareone.eu\/de\/en\/#\/schema\/logo\/image\/\",\"url\":\"http:\/\/glareone.eu\/wp-content\/uploads\/2024\/05\/glareone_logo2020_RGB-01-e1715773127189.png\",\"contentUrl\":\"http:\/\/glareone.eu\/wp-content\/uploads\/2024\/05\/glareone_logo2020_RGB-01-e1715773127189.png\",\"width\":1270,\"height\":321,\"caption\":\"GlareOne\"},\"image\":{\"@id\":\"https:\/\/glareone.eu\/de\/en\/#\/schema\/logo\/image\/\"},\"sameAs\":[\"https:\/\/www.facebook.com\/GlareOneLighting\",\"https:\/\/www.instagram.com\/glareonelighting\/\",\"https:\/\/www.youtube.com\/@GlareOneTV\"]}]}<\/script>\n<!-- \/ Yoast SEO plugin. -->","yoast_head_json":{"title":"Zubeh\u00f6r - GlareOne","description":"GlareOne Studiozubeh\u00f6r. Stative, Hintergr\u00fcnde und Hintergrundaufh\u00e4ngungssysteme, Zubeh\u00f6r f\u00fcr schattenfreie Fotografie.","robots":{"index":"index","follow":"follow","max-snippet":"max-snippet:-1","max-image-preview":"max-image-preview:large","max-video-preview":"max-video-preview:-1"},"canonical":"https:\/\/glareone.eu\/de\/produkte\/zubehoer\/","og_locale":"de_DE","og_type":"article","og_title":"Zubeh\u00f6r - GlareOne","og_description":"GlareOne Studiozubeh\u00f6r. Stative, Hintergr\u00fcnde und Hintergrundaufh\u00e4ngungssysteme, Zubeh\u00f6r f\u00fcr schattenfreie Fotografie.","og_url":"https:\/\/glareone.eu\/de\/produkte\/zubehoer\/","og_site_name":"GlareOne","article_publisher":"https:\/\/www.facebook.com\/GlareOneLighting","article_modified_time":"2025-02-05T14:37:53+00:00","twitter_card":"summary_large_image","twitter_misc":{"Gesch\u00e4tzte Lesezeit":"2\u00a0Minuten"},"schema":{"@context":"https:\/\/schema.org","@graph":[{"@type":"WebPage","@id":"https:\/\/glareone.eu\/de\/produkte\/zubehoer\/","url":"https:\/\/glareone.eu\/de\/produkte\/zubehoer\/","name":"Zubeh\u00f6r - GlareOne","isPartOf":{"@id":"https:\/\/glareone.eu\/de\/en\/#website"},"datePublished":"2024-05-08T07:55:15+00:00","dateModified":"2025-02-05T14:37:53+00:00","description":"GlareOne Studiozubeh\u00f6r. Stative, Hintergr\u00fcnde und Hintergrundaufh\u00e4ngungssysteme, Zubeh\u00f6r f\u00fcr schattenfreie Fotografie.","breadcrumb":{"@id":"https:\/\/glareone.eu\/de\/produkte\/zubehoer\/#breadcrumb"},"inLanguage":"de","potentialAction":[{"@type":"ReadAction","target":["https:\/\/glareone.eu\/de\/produkte\/zubehoer\/"]}]},{"@type":"BreadcrumbList","@id":"https:\/\/glareone.eu\/de\/produkte\/zubehoer\/#breadcrumb","itemListElement":[{"@type":"ListItem","position":1,"name":"Strona g\u0142\u00f3wna","item":"https:\/\/glareone.eu\/de\/"},{"@type":"ListItem","position":2,"name":"Produkte","item":"https:\/\/glareone.eu\/de\/produkte\/"},{"@type":"ListItem","position":3,"name":"Zubeh\u00f6r"}]},{"@type":"WebSite","@id":"https:\/\/glareone.eu\/de\/en\/#website","url":"https:\/\/glareone.eu\/de\/en\/","name":"GlareOne","description":"Wyposa\u017cenie Studia","publisher":{"@id":"https:\/\/glareone.eu\/de\/en\/#organization"},"potentialAction":[{"@type":"SearchAction","target":{"@type":"EntryPoint","urlTemplate":"https:\/\/glareone.eu\/de\/en\/?s={search_term_string}"},"query-input":{"@type":"PropertyValueSpecification","valueRequired":true,"valueName":"search_term_string"}}],"inLanguage":"de"},{"@type":"Organization","@id":"https:\/\/glareone.eu\/de\/en\/#organization","name":"GlareOne","url":"https:\/\/glareone.eu\/de\/en\/","logo":{"@type":"ImageObject","inLanguage":"de","@id":"https:\/\/glareone.eu\/de\/en\/#\/schema\/logo\/image\/","url":"http:\/\/glareone.eu\/wp-content\/uploads\/2024\/05\/glareone_logo2020_RGB-01-e1715773127189.png","contentUrl":"http:\/\/glareone.eu\/wp-content\/uploads\/2024\/05\/glareone_logo2020_RGB-01-e1715773127189.png","width":1270,"height":321,"caption":"GlareOne"},"image":{"@id":"https:\/\/glareone.eu\/de\/en\/#\/schema\/logo\/image\/"},"sameAs":["https:\/\/www.facebook.com\/GlareOneLighting","https:\/\/www.instagram.com\/glareonelighting\/","https:\/\/www.youtube.com\/@GlareOneTV"]}]}},"_links":{"self":[{"href":"https:\/\/glareone.eu\/de\/wp-json\/wp\/v2\/pages\/7164","targetHints":{"allow":["GET"]}}],"collection":[{"href":"https:\/\/glareone.eu\/de\/wp-json\/wp\/v2\/pages"}],"about":[{"href":"https:\/\/glareone.eu\/de\/wp-json\/wp\/v2\/types\/page"}],"author":[{"embeddable":true,"href":"https:\/\/glareone.eu\/de\/wp-json\/wp\/v2\/users\/2"}],"replies":[{"embeddable":true,"href":"https:\/\/glareone.eu\/de\/wp-json\/wp\/v2\/comments?post=7164"}],"version-history":[{"count":6,"href":"https:\/\/glareone.eu\/de\/wp-json\/wp\/v2\/pages\/7164\/revisions"}],"predecessor-version":[{"id":15192,"href":"https:\/\/glareone.eu\/de\/wp-json\/wp\/v2\/pages\/7164\/revisions\/15192"}],"up":[{"embeddable":true,"href":"https:\/\/glareone.eu\/de\/wp-json\/wp\/v2\/pages\/7129"}],"wp:attachment":[{"href":"https:\/\/glareone.eu\/de\/wp-json\/wp\/v2\/media?parent=7164"}],"curies":[{"name":"wp","href":"https:\/\/api.w.org\/{rel}","templated":true}]}}