{"id":22116,"date":"2025-08-06T12:49:33","date_gmt":"2025-08-06T12:49:33","guid":{"rendered":"https:\/\/glareone.eu\/faq\/"},"modified":"2025-08-14T10:09:28","modified_gmt":"2025-08-14T10:09:28","slug":"faq","status":"publish","type":"page","link":"https:\/\/glareone.eu\/de\/faq\/","title":{"rendered":"FAQ"},"content":{"rendered":"<div  class='flex_column av-16srxu7-64217729dec62258b5a5b4803f8ad76c av_one_full  avia-builder-el-0  el_before_av_one_full  avia-builder-el-first  first flex_column_div  '     ><style type=\"text\/css\" data-created_by=\"avia_inline_auto\" id=\"style-css-av-lxk5k2ha-e0906fe6ba2eccee38239f5c2669f9c0\">\n#top .av-special-heading.av-lxk5k2ha-e0906fe6ba2eccee38239f5c2669f9c0{\npadding-bottom:10px;\n}\nbody .av-special-heading.av-lxk5k2ha-e0906fe6ba2eccee38239f5c2669f9c0 .av-special-heading-tag .heading-char{\nfont-size:25px;\n}\n.av-special-heading.av-lxk5k2ha-e0906fe6ba2eccee38239f5c2669f9c0 .av-subheading{\nfont-size:15px;\n}\n<\/style>\n<div  class='av-special-heading av-lxk5k2ha-e0906fe6ba2eccee38239f5c2669f9c0 av-special-heading-h1 blockquote modern-quote modern-centered  avia-builder-el-1  avia-builder-el-no-sibling  av-thin-font'><h1 class='av-special-heading-tag'  itemprop=\"headline\"  ><strong>FAQ<\/strong><\/h1><div class=\"special-heading-border\"><div class=\"special-heading-inner-border\"><\/div><\/div><\/div><\/div>\n<div  class='flex_column av-rn20r3-5a03254e347d850bfca90071c05abe75 av_one_full  avia-builder-el-2  el_after_av_one_full  avia-builder-el-last  first flex_column_div  column-top-margin'     ><div  class='tabcontainer av-lxk5oqoe-d8bf4166c843fcec738c371573c8ebc7 sidebar_tab sidebar_tab_left  avia-builder-el-3  avia-builder-el-no-sibling  border_tabs' role='tablist'>\n<section class='av_tab_section av_tab_section av-meb7dodu-4c64fd1bf0fe2576345b93ea195d134f'  itemscope=\"itemscope\" itemtype=\"https:\/\/schema.org\/CreativeWork\" ><div class='tab active_tab' role='tab' tabindex='0' data-fake-id='#tab-id-1' aria-controls='tab-id-1-content'  itemprop=\"headline\" ><\/p>\n<p style=\"font-size: 16px;\"><strong>Batterie-Blitz<\/strong><\/p>\n<p><\/div><div id='tab-id-1-content' class='tab_content active_tab_content' aria-hidden=\"false\"><div class='tab_inner_content invers-color'  itemprop=\"text\" ><h4><b>1. Wie verbinde ich die Lampen GlareOne Vega und Antares mit den Sendern Polaris und Lynx?<\/b><\/h4>\n<p>\u00c4ndern Sie den Modus f\u00fcr die Fernaktivierung auf die Zahl 7. Die Lampen Vega und Antares sind werkseitig auf die Zahl 6 eingestellt. Den aktuellen Modus finden Sie in der oberen linken Ecke des Lampendisplays neben dem WLAN-Symbol.<\/p>\n<p>Eine Anleitung zum \u00c4ndern des Fernausl\u00f6sungsmodus finden Sie auf GlareOneTV:<\/p>\n<p><a href=\"https:\/\/www.youtube.com\/watch?v=UUdtJM5vupo&amp;t\"><strong>https:\/\/www.youtube.com\/watch?v=UUdtJM5vupo&amp;t<\/strong><\/a><\/p>\n<h4><b>2. Welche Sender sind mit den Akku-Blitzlampen von GlareOne kompatibel?<\/b><\/h4>\n<p>Die Akku-Blitzger\u00e4te sind mit den Sendern GlareOne Polaris, Lynx und Flash RC kompatibel.<\/p>\n<p>Beachten Sie, dass Flash RC ein Basissender f\u00fcr den zentralen Pin des Blitzschuhs ist und daher den Blitz im manuellen Modus bis maximal 1\/160 ohne TTL und HSS ausl\u00f6st.<\/p>\n<h4><b>3. Mit welchen Systemen sind die Akku-Blitzger\u00e4te von GlareOne kompatibel?<\/b><\/h4>\n<p>Die Blitzger\u00e4te Apus 48 und 80 sowie Botis 80 sind in zwei Versionen erh\u00e4ltlich \u2013 mit einem Universal-Blitzschuh, der mit den Systemen Canon, Nikon, Fujifilm, Lumix und OM SYSTEM kompatibel ist, oder mit einem Blitzschuh f\u00fcr Sony-Kameras. Das Blitzger\u00e4t Botis 200 ist mit allen Systemen kompatibel.<\/p>\n<h4><b>4. Mit welchen Systemen sind die Lynx- und Polaris-Sender kompatibel?<\/b><\/h4>\n<p>Die Polaris- und Lynx-Sender sind in zwei Versionen erh\u00e4ltlich \u2013 mit einem Universalfu\u00df, der mit den Systemen Canon, Nikon, Fujifilm, Lumix und OM SYSTEM kompatibel ist, oder mit einem Fu\u00df f\u00fcr Sony-Kameras. Die Botis 200-Blitzlampe ist mit allen Systemen kompatibel.<\/p>\n<p>Mit Pentax und Leica funktionieren sie nur \u00fcber die Blitzausl\u00f6sung bis 1\/160 \u00fcber den Zentralkontakt des Blitzschuhs, jedoch ohne TTL, ohne HSS und ohne Kommunikation mit der Kamera.<\/p>\n<h4><b>5. Unterst\u00fctzen die Blitzger\u00e4te den HSS-Modus?<\/b><\/h4>\n<p>Ja. Die Blitzger\u00e4te GlareOne Apus und Botis unterst\u00fctzen HSS (High-Speed Sync) f\u00fcr die Synchronisation mit kurzen Verschlusszeiten.<\/p>\n<h4><b>6. Unterst\u00fctzen die Blitzger\u00e4te den TTL-Modus?<\/b><\/h4>\n<p>Ja. Alle Modelle erm\u00f6glichen die automatische TTL-Belichtungsmessung und sind mit vielen Kamerasystemen wie Canon, Nikon, Fujifilm, Lumix und OM SYSTEM sowie Sony (gilt f\u00fcr Blitzger\u00e4te mit dem Zusatz \u201eS\u201d im Namen) kompatibel.<\/p>\n<h4><b>7. Welche Lampe soll ich w\u00e4hlen \u2013 Apus oder Botis?<\/b><\/h4>\n<p>Die wichtigsten Unterschiede zwischen Apus- und Botis-Lampen sind die Art des Brenners, die Leistung und die K\u00fchlung.<\/p>\n<p>Apus-Lampen sind mit traditionellen Fresnel-Linsen ausgestattet \u2013 es handelt sich um hochwertige Lampen mit einer klassischen Lichtquelle, die typisch f\u00fcr Reportagelampen ist.<\/p>\n<p>Botis-Lampen haben einen runden Brenner, wie in Studiolampen. Dadurch sind sie etwas gr\u00f6\u00dfer und erm\u00f6glichen die Befestigung von Lichtmodifikatoren mit Bowens-Aufnahme (mit Adapter), was eine gr\u00f6\u00dfere Vielseitigkeit und mehr Anwendungsm\u00f6glichkeiten bietet.<\/p>\n<p>Die K\u00fchlung der Botis-Lampen ist passiv, aber fortschrittlicher \u2013 bei dynamischen Reportagen k\u00f6nnen die Lampen etwa doppelt so viele Blitze ausl\u00f6sen wie die Apus 80 (oder andere konkurrierende Lampen in Standardausf\u00fchrung). Die Anzahl der Blitze wird auch durch den Hochstromakku beeinflusst.<\/p>\n<\/div><\/div><\/section>\n<section class='av_tab_section av_tab_section av-lxk5o568-2c28d536304857ca03caa3f9a0526a3f'  itemscope=\"itemscope\" itemtype=\"https:\/\/schema.org\/CreativeWork\" ><div class='tab' role='tab' tabindex='0' data-fake-id='#tab-id-2' aria-controls='tab-id-2-content'  itemprop=\"headline\" ><\/p>\n<p style=\"font-size: 16px;\"><strong>Studio-Blitz<\/strong><\/p>\n<p><\/div><div id='tab-id-2-content' class='tab_content' aria-hidden=\"true\"><div class='tab_inner_content invers-color'  itemprop=\"text\" ><h4><b>1. Ist die Lampe mit meiner Kamera kompatibel?<\/b><\/h4>\n<p>Die Lampen GlareOne Vega und Antares sind mit jeder Kamera mit ISO-Fu\u00df kompatibel, wenn der Ausl\u00f6ser GlareOne Flash RC verwendet wird.<\/p>\n<p>Das Angebot von GlareOne umfasst auch die fortschrittlicheren Sender GlareOne Lynx und GlareOne Polaris. Die universellen Sender passen zu Kameras der Marken Canon \/ Nikon \/ Fujifilm \/ Lumix \/ OM SYSTEM mit ISO-Fu\u00df. Sender mit dem Zusatz \u201eS\u201d sind f\u00fcr Sony-Kameras mit Sony Multi Interface-Fu\u00df vorgesehen.<\/p>\n<p>Dar\u00fcber hinaus verf\u00fcgen die Sender Lynx und Polaris \u00fcber eine 2,5-mm-Klinkenbuchse, \u00fcber die sie an Kameras mit Synchronisationsschuh ohne ISO-Fu\u00df angeschlossen werden k\u00f6nnen.<\/p>\n<h4><b>2. Kann ich die GlareOne-Blitzger\u00e4te fernsteuern?<\/b><\/h4>\n<p>GlareOne-Blitzger\u00e4te mit integriertem Bluetooth-Modul k\u00f6nnen \u00fcber die GlareOne-App gesteuert werden, w\u00e4hrend Blitzger\u00e4te mit integrierter Funksteuerung \u00fcber einen Sender gesteuert werden k\u00f6nnen \u2013 Blitzger\u00e4te \u00fcber den GlareOne Flash RC-Sender und LED-Blitzger\u00e4te \u00fcber den GlareOne LED RC-Sender.<\/p>\n<h4><b>3. Welchen Blitz sollte ich w\u00e4hlen \u2013 Vega oder Antares?<\/b><\/h4>\n<p>Die Blitzger\u00e4te Vega 200\/400 und Antares 600 sehen auf den ersten Blick \u00e4hnlich aus, aber der Unterschied liegt im Detail.<\/p>\n<p>Die Antares ist eine Lampe mit h\u00f6herer Leistung als die Vega 200\/400 und vollst\u00e4ndig aus Metall gefertigt. Der Bildschirm der Lampe wurde in einer OLED-\u00e4hnlichen Technologie hergestellt, wodurch der Bildwinkel bis zu 178 Grad lesbar ist und der Wert auf dem Bildschirm in fast jeder Position der Lampe genau zu sehen ist.<\/p>\n<p>Die Antares 600 eignet sich als Arbeitstier in einem gro\u00dfen Studio, w\u00e4hrend die Vega 200\/400 eine hervorragende Lampe f\u00fcr den Einstieg in die Welt des Blitzlichts ist.<\/p>\n<h4><b>4. Blitzlicht oder Dauerlicht?<\/b><\/h4>\n<p>Die Wahl zwischen Blitzlicht und Dauerlicht h\u00e4ngt von vielen Faktoren ab. Wir laden Sie ein, sich unseren Film auf dem YouTube-Kanal GlareOneTV anzusehen, in dem wir die Unterschiede und M\u00f6glichkeiten von Blitzlampen und LED-Lampen erl\u00e4utern:<\/p>\n<p><a href=\"https:\/\/youtu.be\/XRpi3OhuVeA?feature=shared\">https:\/\/youtu.be\/XRpi3OhuVeA?feature=shared<\/a><\/p>\n<h4><b>5. Welche Modifikatoren k\u00f6nnen an GlareOne-Lampen angebracht werden?<\/b><\/h4>\n<p>Die Studioleuchten von GlareOne verf\u00fcgen \u00fcber eine universelle Bowens-Halterung und sind mit allen Modifikatoren mit dieser Halterung kompatibel. Eine Ausnahme bilden m\u00f6glicherweise Blitzr\u00f6hre, die aufgrund ihrer Konstruktion und thermischen Best\u00e4ndigkeit f\u00fcr eine bestimmte Lampenleistung ausgelegt sind.<\/p>\n<\/div><\/div><\/section>\n<section class='av_tab_section av_tab_section av-lxk5oqd3-0886d8073421cd858904ab733f55486b'  itemscope=\"itemscope\" itemtype=\"https:\/\/schema.org\/CreativeWork\" ><div class='tab' role='tab' tabindex='0' data-fake-id='#tab-id-3' aria-controls='tab-id-3-content'  itemprop=\"headline\" ><\/p>\n<p style=\"font-size: 16px;\"><strong>Dauerlicht LED<\/strong><\/p>\n<p><\/div><div id='tab-id-3-content' class='tab_content' aria-hidden=\"true\"><div class='tab_inner_content invers-color'  itemprop=\"text\" ><h4><b>1. Blitzlicht oder Dauerlicht?<\/b><\/h4>\n<p>Die Wahl zwischen Blitzlicht und Dauerlicht h\u00e4ngt von vielen Faktoren ab. Sehen Sie sich dazu unser Video auf dem YouTube-Kanal von GlareOneTV an, in dem wir die Unterschiede und M\u00f6glichkeiten von Blitzleuchten und LED-Leuchten erl\u00e4utern:<\/p>\n<p><a href=\"https:\/\/youtu.be\/XRpi3OhuVeA?feature=shared\">https:\/\/youtu.be\/XRpi3OhuVeA?feature=shared<\/a><\/p>\n<h4><b>2. Kann ich GlareOne-Lampen fernsteuern?<\/b><\/h4>\n<p>GlareOne-Lampen mit integriertem Bluetooth-Modul k\u00f6nnen \u00fcber die GlareOne-App gesteuert werden, w\u00e4hrend Lampen mit integrierter Funksteuerung \u00fcber einen Sender gesteuert werden k\u00f6nnen \u2013 Blitzlampen \u00fcber den GlareOne Flash RC-Sender und LED-Lampen \u00fcber den GlareOne LED RC-Sender.<\/p>\n<h4><b>3. Welche Modifikatoren k\u00f6nnen an GlareOne-Lampen angebracht werden?<\/b><\/h4>\n<p>GlareOne-Studioleuchten verf\u00fcgen \u00fcber eine universelle Bowens-Halterung und sind mit allen Modifikatoren mit dieser Halterung kompatibel. Eine Ausnahme bilden m\u00f6glicherweise Blenden, die aufgrund ihrer Konstruktion und Temperaturbest\u00e4ndigkeit f\u00fcr eine bestimmte Lampenleistung ausgelegt sind.<\/p>\n<\/div><\/div><\/section>\n<section class='av_tab_section av_tab_section av-lxk5nw7v-f1ec85c446950bb92943d7c17cda83d4'  itemscope=\"itemscope\" itemtype=\"https:\/\/schema.org\/CreativeWork\" ><div class='tab' role='tab' tabindex='0' data-fake-id='#tab-id-4' aria-controls='tab-id-4-content'  itemprop=\"headline\" ><\/p>\n<p style=\"font-size: 16px;\"><strong>Spotlight<\/strong><\/p>\n<p><\/div><div id='tab-id-4-content' class='tab_content' aria-hidden=\"true\"><div class='tab_inner_content invers-color'  itemprop=\"text\" ><h4><b>1. Wie unterscheiden sich Projektionslinsen von Spotlight PRO?<\/b><\/h4>\n<p>Spotlight-Projektionslinsen sind speziell f\u00fcr die Spotlight-Flammenschutzvorrichtung konzipiert. Beim Kauf eines Spotlight-Geh\u00e4uses kann die Linse gegen eine andere ausgetauscht werden. Spotlight-Linsen erm\u00f6glichen in Verbindung mit der Spotlight-Flammenschutzvorrichtung den Einsatz von LED-Lampen bis 200 W und Blitzlampen bis 600 Ws.<\/p>\n<p>Der Spotlight PRO-Lichtblende verf\u00fcgt \u00fcber ein integriertes Objektiv, das zusammen mit der Lichtblende aus Materialien mit h\u00f6herer W\u00e4rmebest\u00e4ndigkeit gefertigt ist, wodurch LED-Lampen bis zu 300 W oder Blitzlampen bis zu 1000 Ws verwendet werden k\u00f6nnen. Durch das integrierte Objektiv ist das projizierte Bild nahezu frei von chromatischen Aberrationen und zudem sehr scharf.<\/p>\n<h4><b>2. PRO 20\u00b0 und 40\u00b0 \u2013 worin unterscheiden sie sich?<\/b><\/h4>\n<p>Die Wahl zwischen der PRO 20\u00b0 und der PRO 40\u00b0 l\u00e4sst sich mit der Wahl eines Objektivs f\u00fcr eine Kamera vergleichen. Es ist eine individuelle Entscheidung, welcher Winkel f\u00fcr Sie der richtige ist.<\/p>\n<p>Der projizierte Kreis mit dem PRO 20\u00b0-Strahler betr\u00e4gt:<\/p>\n<ul>\n<li>1 Meter \u2013 27 cm<\/li>\n<li>2 Meter \u2013 61 cm<\/li>\n<\/ul>\n<p>Mit dem PRO 40\u00b0-Strahler betr\u00e4gt er:<\/p>\n<ul>\n<li>1 Meter \u2013 53 cm<\/li>\n<li>2 Meter \u2013 110 cm<\/li>\n<\/ul>\n<h4><b>3. Mit welchen Lampen ist Spotlight PRO kompatibel?<\/b><\/h4>\n<p>Spotlight PRO-Lichtleitern sind wie Spotlight-Lichtleiter mit Blitzger\u00e4ten und LEDs mit Bowens-Halterung kompatibel. Der PRO-Lichtleiter h\u00e4lt im Vergleich zum Spotlight-Lichtleiter h\u00f6heren Temperaturen (bis zu 300 W) stand.<\/p>\n<p>Bei Verwendung mit einer LED-Lampe erzeugt die Lichtkanone ein gleichm\u00e4\u00dfig projiziertes Lichtbild. Bei Verwendung mit Blitzlampen wie Vega oder Antares kann der projizierte Lichtkreis aufgrund der physikalischen Beschaffenheit des Blitzbrenners in der Mitte etwas dunkler sein.<\/p>\n<h4><b>4. Mit welchen Lampen sind der K\u00f6rper und die Projektionslinsen kompatibel?<\/b><\/h4>\n<p>Spotlight-Strahler sind wie Spotlight PRO-Strahler mit Blitzlampen und LEDs mit Bowens-Halterung kompatibel. Der PRO-Strahler h\u00e4lt im Vergleich zum Spotlight PRO-Strahler niedrigeren Temperaturen (bis zu 200 W) stand.<\/p>\n<p>Bei Verwendung mit einer LED-Lampe erzeugt die Lichtquelle ein gleichm\u00e4\u00dfig projiziertes Lichtbild. Bei Verwendung mit Blitzlampen wie Vega oder Antares kann der projizierte Lichtkreis aufgrund der physikalischen Beschaffenheit des Blitzbrenners in der Mitte etwas dunkler sein.<\/p>\n<p>Die Verwendung von Objektiven von Drittanbietern anstelle von speziellen Objektiven kann zu Sch\u00e4den am Objektiv f\u00fchren, und die Verwendung des Spotlight mit einer Lampe mit einer Leistung von mehr als 200 W kann zum Schmelzen des Objektivs eines Drittanbieters f\u00fchren.<\/p>\n<\/div><\/div><\/section>\n<section class='av_tab_section av_tab_section av-lxk8gnbk-084520e7eecaa4c84a73c3650fd2a8f9'  itemscope=\"itemscope\" itemtype=\"https:\/\/schema.org\/CreativeWork\" ><div class='tab' role='tab' tabindex='0' data-fake-id='#tab-id-5' aria-controls='tab-id-5-content'  itemprop=\"headline\" ><\/p>\n<p style=\"font-size: 16px;\"><strong>Softboxen<\/strong><\/p>\n<p><\/div><div id='tab-id-5-content' class='tab_content' aria-hidden=\"true\"><div class='tab_inner_content invers-color'  itemprop=\"text\" ><h4><b>Welchen Softbox w\u00e4hlen? Unterschiede zwischen den Softboxen Pro, Easy Fold und Strappo<\/b><\/h4>\n<p>Die Softboxen Strappo sind die einfachsten Modifikatoren, die manuell mit Spannstangen auseinandergefaltet werden.<\/p>\n<p>Easy Fold Softboxen verf\u00fcgen \u00fcber einen Schnellaufbaumekanismus. Um die Softbox aufzubauen, muss der Diffusor teilweise abgenommen werden.<\/p>\n<p>PRO Softboxen sind aus widerstandsf\u00e4higem Material gefertigt und verf\u00fcgen \u00fcber einen Schnellaufbaumekanismus von au\u00dfen \u2013 der Diffusor muss nicht abgenommen werden.<\/p>\n<\/div><\/div><\/section>\n<section class='av_tab_section av_tab_section av-lxk8fswr-c9392c12d0171f0d6c6a4d921fd67e5b'  itemscope=\"itemscope\" itemtype=\"https:\/\/schema.org\/CreativeWork\" ><div class='tab' role='tab' tabindex='0' data-fake-id='#tab-id-6' aria-controls='tab-id-6-content'  itemprop=\"headline\" ><\/p>\n<p style=\"font-size: 16px;\"><strong>Flaggen<\/strong><\/p>\n<p><\/div><div id='tab-id-6-content' class='tab_content' aria-hidden=\"true\"><div class='tab_inner_content invers-color'  itemprop=\"text\" ><h4><b>Wie wird die Blende zusammengefaltet?<\/b><\/h4>\n<p>Sehen Sie sich dazu unser Video auf GlareOneTV auf YouTube an, in dem wir das Zusammenfalten der Blende zeigen:<\/p>\n<p><a href=\"https:\/\/youtu.be\/KzE_xnail60?feature=shared\">https:\/\/youtu.be\/KzE_xnail60?feature=shared<\/a><\/p>\n<\/div><\/div><\/section>\n<section class='av_tab_section av_tab_section av-lxk8gy81-dea6021e0af4d237d30299db3b1e172b'  itemscope=\"itemscope\" itemtype=\"https:\/\/schema.org\/CreativeWork\" ><div class='tab' role='tab' tabindex='0' data-fake-id='#tab-id-7' aria-controls='tab-id-7-content'  itemprop=\"headline\" ><\/p>\n<p style=\"font-size: 16px;\"><strong>Zubeh\u00f6r<\/strong><\/p>\n<p><\/div><div id='tab-id-7-content' class='tab_content' aria-hidden=\"true\"><div class='tab_inner_content invers-color'  itemprop=\"text\" ><h4><b>RC-Blitzausl\u00f6ser \u2013 mit welchen Kameras funktioniert er?<\/b><\/h4>\n<p>Der RC-Blitzausl\u00f6ser verf\u00fcgt \u00fcber einen universellen ISO-Fu\u00df, der mit den meisten Kameras auf dem Markt kompatibel ist. Einige Kameras, z. B. die Canon EOS R50, verf\u00fcgen nicht \u00fcber einen ISO-konformen Fu\u00df, weshalb der GlareOne Flash RC nicht mit ihnen kompatibel ist (\u00fcberpr\u00fcfen Sie vor dem Kauf, welchen Fu\u00df Ihre Kamera hat).<\/p>\n<\/div><\/div><\/section>\n<section class='av_tab_section av_tab_section av-lxk8i125-6e81cf075b08ba6cb9f60d8ff9ae51a8'  itemscope=\"itemscope\" itemtype=\"https:\/\/schema.org\/CreativeWork\" ><div class='tab' role='tab' tabindex='0' data-fake-id='#tab-id-8' aria-controls='tab-id-8-content'  itemprop=\"headline\" ><\/p>\n<p style=\"font-size: 16px;\"><strong>Stromversorgung<\/strong><\/p>\n<p><\/div><div id='tab-id-8-content' class='tab_content' aria-hidden=\"true\"><div class='tab_inner_content invers-color'  itemprop=\"text\" ><h4><b>Czy lampy GlareOne mog\u0105 by\u0107 zasilane bezprzewodowo?<\/b><\/h4>\n<p><span style=\"font-weight: 400;\">W ofercie GlareOne znajduje si\u0119 kilka modeli zasilanych bezprzewodowo.<\/span><\/p>\n<p><span style=\"font-weight: 400;\">Wszystkie lampy z mocowaniem Bowens i dopiskiem <\/span><b>\u201cD\u201d <\/b><span style=\"font-weight: 400;\">w nazwie maj\u0105 tak\u0105 mo\u017cliwo\u015b\u0107 oraz niekt\u00f3re inne lampy, takie jak m<\/span><span style=\"font-weight: 400;\">a\u0142y LED Panel 10 RGB, lampy LED Tube 8 RGB i LED Tube 24 RGB.<\/span><\/p>\n<\/div><\/div><\/section>\n<\/div><\/div>\n","protected":false},"excerpt":{"rendered":"","protected":false},"author":4,"featured_media":0,"parent":0,"menu_order":0,"comment_status":"closed","ping_status":"closed","template":"","meta":{"footnotes":""},"class_list":["post-22116","page","type-page","status-publish","hentry"],"yoast_head":"<!-- This site is optimized with the Yoast SEO plugin v27.2 - https:\/\/yoast.com\/product\/yoast-seo-wordpress\/ -->\n<title>FAQ - GlareOne<\/title>\n<meta name=\"robots\" content=\"index, follow, max-snippet:-1, max-image-preview:large, max-video-preview:-1\" \/>\n<link rel=\"canonical\" href=\"https:\/\/glareone.eu\/de\/faq\/\" \/>\n<meta property=\"og:locale\" content=\"de_DE\" \/>\n<meta property=\"og:type\" content=\"article\" \/>\n<meta property=\"og:title\" content=\"FAQ - GlareOne\" \/>\n<meta property=\"og:url\" content=\"https:\/\/glareone.eu\/de\/faq\/\" \/>\n<meta property=\"og:site_name\" content=\"GlareOne\" \/>\n<meta property=\"article:publisher\" content=\"https:\/\/www.facebook.com\/GlareOneLighting\" \/>\n<meta property=\"article:modified_time\" content=\"2025-08-14T10:09:28+00:00\" \/>\n<meta name=\"twitter:card\" content=\"summary_large_image\" \/>\n<meta name=\"twitter:label1\" content=\"Gesch\u00e4tzte Lesezeit\" \/>\n\t<meta name=\"twitter:data1\" content=\"6\u00a0Minuten\" \/>\n<script type=\"application\/ld+json\" class=\"yoast-schema-graph\">{\"@context\":\"https:\/\/schema.org\",\"@graph\":[{\"@type\":\"WebPage\",\"@id\":\"https:\/\/glareone.eu\/de\/faq\/\",\"url\":\"https:\/\/glareone.eu\/de\/faq\/\",\"name\":\"FAQ - GlareOne\",\"isPartOf\":{\"@id\":\"https:\/\/glareone.eu\/de\/en\/#website\"},\"datePublished\":\"2025-08-06T12:49:33+00:00\",\"dateModified\":\"2025-08-14T10:09:28+00:00\",\"breadcrumb\":{\"@id\":\"https:\/\/glareone.eu\/de\/faq\/#breadcrumb\"},\"inLanguage\":\"de\",\"potentialAction\":[{\"@type\":\"ReadAction\",\"target\":[\"https:\/\/glareone.eu\/de\/faq\/\"]}]},{\"@type\":\"BreadcrumbList\",\"@id\":\"https:\/\/glareone.eu\/de\/faq\/#breadcrumb\",\"itemListElement\":[{\"@type\":\"ListItem\",\"position\":1,\"name\":\"Strona g\u0142\u00f3wna\",\"item\":\"https:\/\/glareone.eu\/de\/\"},{\"@type\":\"ListItem\",\"position\":2,\"name\":\"FAQ\"}]},{\"@type\":\"WebSite\",\"@id\":\"https:\/\/glareone.eu\/de\/en\/#website\",\"url\":\"https:\/\/glareone.eu\/de\/en\/\",\"name\":\"GlareOne\",\"description\":\"Wyposa\u017cenie Studia\",\"publisher\":{\"@id\":\"https:\/\/glareone.eu\/de\/en\/#organization\"},\"potentialAction\":[{\"@type\":\"SearchAction\",\"target\":{\"@type\":\"EntryPoint\",\"urlTemplate\":\"https:\/\/glareone.eu\/de\/en\/?s={search_term_string}\"},\"query-input\":{\"@type\":\"PropertyValueSpecification\",\"valueRequired\":true,\"valueName\":\"search_term_string\"}}],\"inLanguage\":\"de\"},{\"@type\":\"Organization\",\"@id\":\"https:\/\/glareone.eu\/de\/en\/#organization\",\"name\":\"GlareOne\",\"url\":\"https:\/\/glareone.eu\/de\/en\/\",\"logo\":{\"@type\":\"ImageObject\",\"inLanguage\":\"de\",\"@id\":\"https:\/\/glareone.eu\/de\/en\/#\/schema\/logo\/image\/\",\"url\":\"http:\/\/glareone.eu\/wp-content\/uploads\/2024\/05\/glareone_logo2020_RGB-01-e1715773127189.png\",\"contentUrl\":\"http:\/\/glareone.eu\/wp-content\/uploads\/2024\/05\/glareone_logo2020_RGB-01-e1715773127189.png\",\"width\":1270,\"height\":321,\"caption\":\"GlareOne\"},\"image\":{\"@id\":\"https:\/\/glareone.eu\/de\/en\/#\/schema\/logo\/image\/\"},\"sameAs\":[\"https:\/\/www.facebook.com\/GlareOneLighting\",\"https:\/\/www.instagram.com\/glareonelighting\/\",\"https:\/\/www.youtube.com\/@GlareOneTV\"]}]}<\/script>\n<!-- \/ Yoast SEO plugin. -->","yoast_head_json":{"title":"FAQ - GlareOne","robots":{"index":"index","follow":"follow","max-snippet":"max-snippet:-1","max-image-preview":"max-image-preview:large","max-video-preview":"max-video-preview:-1"},"canonical":"https:\/\/glareone.eu\/de\/faq\/","og_locale":"de_DE","og_type":"article","og_title":"FAQ - GlareOne","og_url":"https:\/\/glareone.eu\/de\/faq\/","og_site_name":"GlareOne","article_publisher":"https:\/\/www.facebook.com\/GlareOneLighting","article_modified_time":"2025-08-14T10:09:28+00:00","twitter_card":"summary_large_image","twitter_misc":{"Gesch\u00e4tzte Lesezeit":"6\u00a0Minuten"},"schema":{"@context":"https:\/\/schema.org","@graph":[{"@type":"WebPage","@id":"https:\/\/glareone.eu\/de\/faq\/","url":"https:\/\/glareone.eu\/de\/faq\/","name":"FAQ - GlareOne","isPartOf":{"@id":"https:\/\/glareone.eu\/de\/en\/#website"},"datePublished":"2025-08-06T12:49:33+00:00","dateModified":"2025-08-14T10:09:28+00:00","breadcrumb":{"@id":"https:\/\/glareone.eu\/de\/faq\/#breadcrumb"},"inLanguage":"de","potentialAction":[{"@type":"ReadAction","target":["https:\/\/glareone.eu\/de\/faq\/"]}]},{"@type":"BreadcrumbList","@id":"https:\/\/glareone.eu\/de\/faq\/#breadcrumb","itemListElement":[{"@type":"ListItem","position":1,"name":"Strona g\u0142\u00f3wna","item":"https:\/\/glareone.eu\/de\/"},{"@type":"ListItem","position":2,"name":"FAQ"}]},{"@type":"WebSite","@id":"https:\/\/glareone.eu\/de\/en\/#website","url":"https:\/\/glareone.eu\/de\/en\/","name":"GlareOne","description":"Wyposa\u017cenie Studia","publisher":{"@id":"https:\/\/glareone.eu\/de\/en\/#organization"},"potentialAction":[{"@type":"SearchAction","target":{"@type":"EntryPoint","urlTemplate":"https:\/\/glareone.eu\/de\/en\/?s={search_term_string}"},"query-input":{"@type":"PropertyValueSpecification","valueRequired":true,"valueName":"search_term_string"}}],"inLanguage":"de"},{"@type":"Organization","@id":"https:\/\/glareone.eu\/de\/en\/#organization","name":"GlareOne","url":"https:\/\/glareone.eu\/de\/en\/","logo":{"@type":"ImageObject","inLanguage":"de","@id":"https:\/\/glareone.eu\/de\/en\/#\/schema\/logo\/image\/","url":"http:\/\/glareone.eu\/wp-content\/uploads\/2024\/05\/glareone_logo2020_RGB-01-e1715773127189.png","contentUrl":"http:\/\/glareone.eu\/wp-content\/uploads\/2024\/05\/glareone_logo2020_RGB-01-e1715773127189.png","width":1270,"height":321,"caption":"GlareOne"},"image":{"@id":"https:\/\/glareone.eu\/de\/en\/#\/schema\/logo\/image\/"},"sameAs":["https:\/\/www.facebook.com\/GlareOneLighting","https:\/\/www.instagram.com\/glareonelighting\/","https:\/\/www.youtube.com\/@GlareOneTV"]}]}},"_links":{"self":[{"href":"https:\/\/glareone.eu\/de\/wp-json\/wp\/v2\/pages\/22116","targetHints":{"allow":["GET"]}}],"collection":[{"href":"https:\/\/glareone.eu\/de\/wp-json\/wp\/v2\/pages"}],"about":[{"href":"https:\/\/glareone.eu\/de\/wp-json\/wp\/v2\/types\/page"}],"author":[{"embeddable":true,"href":"https:\/\/glareone.eu\/de\/wp-json\/wp\/v2\/users\/4"}],"replies":[{"embeddable":true,"href":"https:\/\/glareone.eu\/de\/wp-json\/wp\/v2\/comments?post=22116"}],"version-history":[{"count":2,"href":"https:\/\/glareone.eu\/de\/wp-json\/wp\/v2\/pages\/22116\/revisions"}],"predecessor-version":[{"id":22117,"href":"https:\/\/glareone.eu\/de\/wp-json\/wp\/v2\/pages\/22116\/revisions\/22117"}],"wp:attachment":[{"href":"https:\/\/glareone.eu\/de\/wp-json\/wp\/v2\/media?parent=22116"}],"curies":[{"name":"wp","href":"https:\/\/api.w.org\/{rel}","templated":true}]}}