{"id":24251,"date":"2026-03-12T11:01:21","date_gmt":"2026-03-12T11:01:21","guid":{"rendered":"https:\/\/glareone.eu\/?post_type=product&#038;p=24251"},"modified":"2026-03-12T11:55:20","modified_gmt":"2026-03-12T11:55:20","slug":"glareone-boom-arm-135-cm","status":"publish","type":"product","link":"https:\/\/glareone.eu\/cs\/produkt\/glareone-boom-arm-135-cm\/","title":{"rendered":"GlareOne Boom Arm 135 cm"},"content":{"rendered":"<p data-start=\"3817\" data-end=\"4003\"><span data-mce-type=\"bookmark\" style=\"display: inline-block; width: 0px; overflow: hidden; line-height: 0;\" class=\"mce_SELRES_start\">\ufeff<\/span>Boom rameno s maxim\u00e1ln\u00ed d\u00e9lkou 142 cm, ur\u010den\u00e9 k mont\u00e1\u017ei osv\u011btlen\u00ed nad fotografovan\u00fdm objektem. Sou\u010d\u00e1st\u00ed balen\u00ed je dr\u017e\u00e1k typu navij\u00e1k, kter\u00fd umo\u017e\u0148uje nastaven\u00ed \u00fahlu sklonu v rozsahu 180\u00b0.<\/p>\n<p data-start=\"4005\" data-end=\"4264\">Nosnost 1,5 kg umo\u017e\u0148uje mont\u00e1\u017e lehk\u00fdch lamp (nap\u0159. fotografick\u00fdch \u017e\u00e1rovek) nad fotografovan\u00fdm objektem. Rameno je zakon\u010deno 16mm trnem s 1\/4&#8243; z\u00e1vitem. V balen\u00ed je tak\u00e9 textiln\u00ed ta\u0161ka, kter\u00e1 po napln\u011bn\u00ed (nap\u0159. p\u00edskem) slou\u017e\u00ed jako protip\u00f3ly pro zav\u011b\u0161enou lampu.<\/p>\n<h4 data-start=\"4266\" data-end=\"4294\">V\u00fdhody boom ramene GlareOne:<\/h4>\n<ul>\n<li data-start=\"4297\" data-end=\"4322\">Nezbytn\u00e9 pro studio pr\u00e1ci<\/li>\n<li data-start=\"4325\" data-end=\"4392\">Vyrobeno z vysoce kvalitn\u00edho, lehk\u00e9ho a mechanicky odoln\u00e9ho hlin\u00edku<\/li>\n<li data-start=\"4395\" data-end=\"4481\">Skv\u011ble spolupracuje se st\u00ednozorn\u00fdmi stoly, osv\u011btlovac\u00edmi dr\u017e\u00e1ky a z\u00e1bleskov\u00fdmi lampami<\/li>\n<li data-start=\"4484\" data-end=\"4598\">Mal\u00e1 hmotnost a kompaktn\u00ed rozm\u011bry po slo\u017een\u00ed \u010din\u00ed rameno GlareOne bezprobl\u00e9mov\u00fdm spole\u010dn\u00edkem i na dlouh\u00fdch cest\u00e1ch<\/li>\n<li data-start=\"4601\" data-end=\"4653\">Vybaveno standardn\u00edm 16mm trnem s \u00bc palcov\u00fdm z\u00e1vitem<\/li>\n<\/ul>\n<h4 data-start=\"4655\" data-end=\"4671\"><strong data-start=\"4655\" data-end=\"4671\">Specifikace:<\/strong><\/h4>\n<ul>\n<li data-start=\"4674\" data-end=\"4688\">Po\u010det sekc\u00ed: 2<\/li>\n<li data-start=\"4691\" data-end=\"4717\">Pr\u016fm\u011br sekc\u00ed: 25 mm, 22 mm<\/li>\n<li data-start=\"4720\" data-end=\"4743\">Maxim\u00e1ln\u00ed \u0161\u00ed\u0159ka: 142 cm<\/li>\n<li data-start=\"4746\" data-end=\"4768\">Minim\u00e1ln\u00ed \u0161\u00ed\u0159ka: 78 cm<\/li>\n<li data-start=\"4771\" data-end=\"4797\">Velikost po slo\u017een\u00ed: 80 cm<\/li>\n<li data-start=\"4800\" data-end=\"4816\">Hmotnost: 0,7 kg<\/li>\n<li data-start=\"4819\" data-end=\"4834\">Nosnost: 1,5 kg<\/li>\n<li data-start=\"4837\" data-end=\"4888\">Mont\u00e1\u017e p\u0159\u00edslu\u0161enstv\u00ed: 16mm trn s \u00bc palcov\u00fdm z\u00e1vitem<\/li>\n<\/ul>\n","protected":false},"excerpt":{"rendered":"<p>\ufeffBoom rameno s maxim\u00e1ln\u00ed d\u00e9lkou 142 cm, ur\u010den\u00e9 k mont\u00e1\u017ei osv\u011btlen\u00ed nad fotografovan\u00fdm objektem. Sou\u010d\u00e1st\u00ed balen\u00ed je dr\u017e\u00e1k typu navij\u00e1k, kter\u00fd umo\u017e\u0148uje nastaven\u00ed \u00fahlu sklonu v rozsahu 180\u00b0. Nosnost 1,5 kg umo\u017e\u0148uje mont\u00e1\u017e lehk\u00fdch lamp (nap\u0159. fotografick\u00fdch \u017e\u00e1rovek) nad fotografovan\u00fdm objektem. Rameno je zakon\u010deno 16mm trnem s 1\/4&#8243; z\u00e1vitem. V balen\u00ed je tak\u00e9 textiln\u00ed ta\u0161ka, [&hellip;]<\/p>\n","protected":false},"featured_media":24256,"template":"","meta":[],"product_brand":[],"product_cat":[575],"product_tag":[],"class_list":{"0":"post-24251","1":"product","2":"type-product","3":"status-publish","4":"has-post-thumbnail","6":"product_cat-ostatni","8":"first","9":"instock","10":"shipping-taxable","11":"product-type-simple"},"yoast_head":"<!-- This site is optimized with the Yoast SEO plugin v27.2 - https:\/\/yoast.com\/product\/yoast-seo-wordpress\/ -->\n<title>GlareOne Boom Arm 135 cm - GlareOne<\/title>\n<meta name=\"robots\" content=\"index, follow, max-snippet:-1, max-image-preview:large, max-video-preview:-1\" \/>\n<link rel=\"canonical\" href=\"https:\/\/glareone.eu\/cs\/produkt\/glareone-boom-arm-135-cm\/\" \/>\n<meta property=\"og:locale\" content=\"cs_CZ\" \/>\n<meta property=\"og:type\" content=\"article\" \/>\n<meta property=\"og:title\" content=\"GlareOne Boom Arm 135 cm - GlareOne\" \/>\n<meta property=\"og:description\" content=\"\ufeffBoom rameno s maxim\u00e1ln\u00ed d\u00e9lkou 142 cm, ur\u010den\u00e9 k mont\u00e1\u017ei osv\u011btlen\u00ed nad fotografovan\u00fdm objektem. Sou\u010d\u00e1st\u00ed balen\u00ed je dr\u017e\u00e1k typu navij\u00e1k, kter\u00fd umo\u017e\u0148uje nastaven\u00ed \u00fahlu sklonu v rozsahu 180\u00b0. Nosnost 1,5 kg umo\u017e\u0148uje mont\u00e1\u017e lehk\u00fdch lamp (nap\u0159. fotografick\u00fdch \u017e\u00e1rovek) nad fotografovan\u00fdm objektem. Rameno je zakon\u010deno 16mm trnem s 1\/4&#8243; z\u00e1vitem. V balen\u00ed je tak\u00e9 textiln\u00ed ta\u0161ka, [&hellip;]\" \/>\n<meta property=\"og:url\" content=\"https:\/\/glareone.eu\/cs\/produkt\/glareone-boom-arm-135-cm\/\" \/>\n<meta property=\"og:site_name\" content=\"GlareOne\" \/>\n<meta property=\"article:publisher\" content=\"https:\/\/www.facebook.com\/GlareOneLighting\" \/>\n<meta property=\"article:modified_time\" content=\"2026-03-12T11:55:20+00:00\" \/>\n<meta property=\"og:image\" content=\"https:\/\/glareone.eu\/wp-content\/uploads\/2026\/03\/SBA135_01.jpg\" \/>\n\t<meta property=\"og:image:width\" content=\"1000\" \/>\n\t<meta property=\"og:image:height\" content=\"1000\" \/>\n\t<meta property=\"og:image:type\" content=\"image\/jpeg\" \/>\n<meta name=\"twitter:card\" content=\"summary_large_image\" \/>\n<script type=\"application\/ld+json\" class=\"yoast-schema-graph\">{\"@context\":\"https:\/\/schema.org\",\"@graph\":[{\"@type\":\"WebPage\",\"@id\":\"https:\/\/glareone.eu\/cs\/produkt\/glareone-boom-arm-135-cm\/\",\"url\":\"https:\/\/glareone.eu\/cs\/produkt\/glareone-boom-arm-135-cm\/\",\"name\":\"GlareOne Boom Arm 135 cm - GlareOne\",\"isPartOf\":{\"@id\":\"https:\/\/glareone.eu\/cs\/en\/#website\"},\"primaryImageOfPage\":{\"@id\":\"https:\/\/glareone.eu\/cs\/produkt\/glareone-boom-arm-135-cm\/#primaryimage\"},\"image\":{\"@id\":\"https:\/\/glareone.eu\/cs\/produkt\/glareone-boom-arm-135-cm\/#primaryimage\"},\"thumbnailUrl\":\"https:\/\/glareone.eu\/wp-content\/uploads\/2026\/03\/SBA135_01.jpg\",\"datePublished\":\"2026-03-12T11:01:21+00:00\",\"dateModified\":\"2026-03-12T11:55:20+00:00\",\"breadcrumb\":{\"@id\":\"https:\/\/glareone.eu\/cs\/produkt\/glareone-boom-arm-135-cm\/#breadcrumb\"},\"inLanguage\":\"cs\",\"potentialAction\":[{\"@type\":\"ReadAction\",\"target\":[\"https:\/\/glareone.eu\/cs\/produkt\/glareone-boom-arm-135-cm\/\"]}]},{\"@type\":\"ImageObject\",\"inLanguage\":\"cs\",\"@id\":\"https:\/\/glareone.eu\/cs\/produkt\/glareone-boom-arm-135-cm\/#primaryimage\",\"url\":\"https:\/\/glareone.eu\/wp-content\/uploads\/2026\/03\/SBA135_01.jpg\",\"contentUrl\":\"https:\/\/glareone.eu\/wp-content\/uploads\/2026\/03\/SBA135_01.jpg\",\"width\":1000,\"height\":1000},{\"@type\":\"BreadcrumbList\",\"@id\":\"https:\/\/glareone.eu\/cs\/produkt\/glareone-boom-arm-135-cm\/#breadcrumb\",\"itemListElement\":[{\"@type\":\"ListItem\",\"position\":1,\"name\":\"Strona g\u0142\u00f3wna\",\"item\":\"https:\/\/glareone.eu\/cs\/\"},{\"@type\":\"ListItem\",\"position\":2,\"name\":\"V\u0161echny produkty\",\"item\":\"https:\/\/glareone.eu\/cs\/produkty\/vsechny-produkty\/\"},{\"@type\":\"ListItem\",\"position\":3,\"name\":\"GlareOne Boom Arm 135 cm\"}]},{\"@type\":\"WebSite\",\"@id\":\"https:\/\/glareone.eu\/cs\/en\/#website\",\"url\":\"https:\/\/glareone.eu\/cs\/en\/\",\"name\":\"GlareOne\",\"description\":\"Wyposa\u017cenie Studia\",\"publisher\":{\"@id\":\"https:\/\/glareone.eu\/cs\/en\/#organization\"},\"potentialAction\":[{\"@type\":\"SearchAction\",\"target\":{\"@type\":\"EntryPoint\",\"urlTemplate\":\"https:\/\/glareone.eu\/cs\/en\/?s={search_term_string}\"},\"query-input\":{\"@type\":\"PropertyValueSpecification\",\"valueRequired\":true,\"valueName\":\"search_term_string\"}}],\"inLanguage\":\"cs\"},{\"@type\":\"Organization\",\"@id\":\"https:\/\/glareone.eu\/cs\/en\/#organization\",\"name\":\"GlareOne\",\"url\":\"https:\/\/glareone.eu\/cs\/en\/\",\"logo\":{\"@type\":\"ImageObject\",\"inLanguage\":\"cs\",\"@id\":\"https:\/\/glareone.eu\/cs\/en\/#\/schema\/logo\/image\/\",\"url\":\"http:\/\/glareone.eu\/wp-content\/uploads\/2024\/05\/glareone_logo2020_RGB-01-e1715773127189.png\",\"contentUrl\":\"http:\/\/glareone.eu\/wp-content\/uploads\/2024\/05\/glareone_logo2020_RGB-01-e1715773127189.png\",\"width\":1270,\"height\":321,\"caption\":\"GlareOne\"},\"image\":{\"@id\":\"https:\/\/glareone.eu\/cs\/en\/#\/schema\/logo\/image\/\"},\"sameAs\":[\"https:\/\/www.facebook.com\/GlareOneLighting\",\"https:\/\/www.instagram.com\/glareonelighting\/\",\"https:\/\/www.youtube.com\/@GlareOneTV\"]}]}<\/script>\n<!-- \/ Yoast SEO plugin. -->","yoast_head_json":{"title":"GlareOne Boom Arm 135 cm - GlareOne","robots":{"index":"index","follow":"follow","max-snippet":"max-snippet:-1","max-image-preview":"max-image-preview:large","max-video-preview":"max-video-preview:-1"},"canonical":"https:\/\/glareone.eu\/cs\/produkt\/glareone-boom-arm-135-cm\/","og_locale":"cs_CZ","og_type":"article","og_title":"GlareOne Boom Arm 135 cm - GlareOne","og_description":"\ufeffBoom rameno s maxim\u00e1ln\u00ed d\u00e9lkou 142 cm, ur\u010den\u00e9 k mont\u00e1\u017ei osv\u011btlen\u00ed nad fotografovan\u00fdm objektem. Sou\u010d\u00e1st\u00ed balen\u00ed je dr\u017e\u00e1k typu navij\u00e1k, kter\u00fd umo\u017e\u0148uje nastaven\u00ed \u00fahlu sklonu v rozsahu 180\u00b0. Nosnost 1,5 kg umo\u017e\u0148uje mont\u00e1\u017e lehk\u00fdch lamp (nap\u0159. fotografick\u00fdch \u017e\u00e1rovek) nad fotografovan\u00fdm objektem. Rameno je zakon\u010deno 16mm trnem s 1\/4&#8243; z\u00e1vitem. V balen\u00ed je tak\u00e9 textiln\u00ed ta\u0161ka, [&hellip;]","og_url":"https:\/\/glareone.eu\/cs\/produkt\/glareone-boom-arm-135-cm\/","og_site_name":"GlareOne","article_publisher":"https:\/\/www.facebook.com\/GlareOneLighting","article_modified_time":"2026-03-12T11:55:20+00:00","og_image":[{"width":1000,"height":1000,"url":"https:\/\/glareone.eu\/wp-content\/uploads\/2026\/03\/SBA135_01.jpg","type":"image\/jpeg"}],"twitter_card":"summary_large_image","schema":{"@context":"https:\/\/schema.org","@graph":[{"@type":"WebPage","@id":"https:\/\/glareone.eu\/cs\/produkt\/glareone-boom-arm-135-cm\/","url":"https:\/\/glareone.eu\/cs\/produkt\/glareone-boom-arm-135-cm\/","name":"GlareOne Boom Arm 135 cm - GlareOne","isPartOf":{"@id":"https:\/\/glareone.eu\/cs\/en\/#website"},"primaryImageOfPage":{"@id":"https:\/\/glareone.eu\/cs\/produkt\/glareone-boom-arm-135-cm\/#primaryimage"},"image":{"@id":"https:\/\/glareone.eu\/cs\/produkt\/glareone-boom-arm-135-cm\/#primaryimage"},"thumbnailUrl":"https:\/\/glareone.eu\/wp-content\/uploads\/2026\/03\/SBA135_01.jpg","datePublished":"2026-03-12T11:01:21+00:00","dateModified":"2026-03-12T11:55:20+00:00","breadcrumb":{"@id":"https:\/\/glareone.eu\/cs\/produkt\/glareone-boom-arm-135-cm\/#breadcrumb"},"inLanguage":"cs","potentialAction":[{"@type":"ReadAction","target":["https:\/\/glareone.eu\/cs\/produkt\/glareone-boom-arm-135-cm\/"]}]},{"@type":"ImageObject","inLanguage":"cs","@id":"https:\/\/glareone.eu\/cs\/produkt\/glareone-boom-arm-135-cm\/#primaryimage","url":"https:\/\/glareone.eu\/wp-content\/uploads\/2026\/03\/SBA135_01.jpg","contentUrl":"https:\/\/glareone.eu\/wp-content\/uploads\/2026\/03\/SBA135_01.jpg","width":1000,"height":1000},{"@type":"BreadcrumbList","@id":"https:\/\/glareone.eu\/cs\/produkt\/glareone-boom-arm-135-cm\/#breadcrumb","itemListElement":[{"@type":"ListItem","position":1,"name":"Strona g\u0142\u00f3wna","item":"https:\/\/glareone.eu\/cs\/"},{"@type":"ListItem","position":2,"name":"V\u0161echny produkty","item":"https:\/\/glareone.eu\/cs\/produkty\/vsechny-produkty\/"},{"@type":"ListItem","position":3,"name":"GlareOne Boom Arm 135 cm"}]},{"@type":"WebSite","@id":"https:\/\/glareone.eu\/cs\/en\/#website","url":"https:\/\/glareone.eu\/cs\/en\/","name":"GlareOne","description":"Wyposa\u017cenie Studia","publisher":{"@id":"https:\/\/glareone.eu\/cs\/en\/#organization"},"potentialAction":[{"@type":"SearchAction","target":{"@type":"EntryPoint","urlTemplate":"https:\/\/glareone.eu\/cs\/en\/?s={search_term_string}"},"query-input":{"@type":"PropertyValueSpecification","valueRequired":true,"valueName":"search_term_string"}}],"inLanguage":"cs"},{"@type":"Organization","@id":"https:\/\/glareone.eu\/cs\/en\/#organization","name":"GlareOne","url":"https:\/\/glareone.eu\/cs\/en\/","logo":{"@type":"ImageObject","inLanguage":"cs","@id":"https:\/\/glareone.eu\/cs\/en\/#\/schema\/logo\/image\/","url":"http:\/\/glareone.eu\/wp-content\/uploads\/2024\/05\/glareone_logo2020_RGB-01-e1715773127189.png","contentUrl":"http:\/\/glareone.eu\/wp-content\/uploads\/2024\/05\/glareone_logo2020_RGB-01-e1715773127189.png","width":1270,"height":321,"caption":"GlareOne"},"image":{"@id":"https:\/\/glareone.eu\/cs\/en\/#\/schema\/logo\/image\/"},"sameAs":["https:\/\/www.facebook.com\/GlareOneLighting","https:\/\/www.instagram.com\/glareonelighting\/","https:\/\/www.youtube.com\/@GlareOneTV"]}]}},"_links":{"self":[{"href":"https:\/\/glareone.eu\/cs\/wp-json\/wp\/v2\/product\/24251","targetHints":{"allow":["GET"]}}],"collection":[{"href":"https:\/\/glareone.eu\/cs\/wp-json\/wp\/v2\/product"}],"about":[{"href":"https:\/\/glareone.eu\/cs\/wp-json\/wp\/v2\/types\/product"}],"wp:featuredmedia":[{"embeddable":true,"href":"https:\/\/glareone.eu\/cs\/wp-json\/wp\/v2\/media\/24256"}],"wp:attachment":[{"href":"https:\/\/glareone.eu\/cs\/wp-json\/wp\/v2\/media?parent=24251"}],"wp:term":[{"taxonomy":"product_brand","embeddable":true,"href":"https:\/\/glareone.eu\/cs\/wp-json\/wp\/v2\/product_brand?post=24251"},{"taxonomy":"product_cat","embeddable":true,"href":"https:\/\/glareone.eu\/cs\/wp-json\/wp\/v2\/product_cat?post=24251"},{"taxonomy":"product_tag","embeddable":true,"href":"https:\/\/glareone.eu\/cs\/wp-json\/wp\/v2\/product_tag?post=24251"}],"curies":[{"name":"wp","href":"https:\/\/api.w.org\/{rel}","templated":true}]}}