{"id":23023,"date":"2025-12-11T14:12:00","date_gmt":"2025-12-11T14:12:00","guid":{"rendered":"https:\/\/glareone.eu\/product\/glareone-led-160-bicolor-d-ii\/"},"modified":"2025-12-15T11:33:57","modified_gmt":"2025-12-15T11:33:57","slug":"glareone-led-160-bicolor-d-ii","status":"publish","type":"product","link":"https:\/\/glareone.eu\/cs\/produkt\/glareone-led-160-bicolor-d-ii\/","title":{"rendered":"GlareOne LED 160 BiColor D II"},"content":{"rendered":"<p>GlareOne LED 160 BiColor D II je 160W sv\u011btlo s nastaviteln\u00fdm rozsahem barevn\u00e9 teploty 2700\u20136500 K a mo\u017enost\u00ed nap\u00e1jen\u00ed bu\u010f ze s\u00edt\u011b, nebo z bateri\u00ed V-mount pomoc\u00ed voliteln\u00e9ho adapt\u00e9ru GlareOne LEDAV. Sv\u011btlo poskytuje vynikaj\u00edc\u00ed p\u0159esnost barev (TLCI &gt; 98), vysokou \u00fa\u010dinnost a jas a podporuje pou\u017eit\u00ed r\u016fzn\u00fdch modifik\u00e1tor\u016f sv\u011btla.<\/p>\n<p style=\"margin: 1cm 4cm;\">\n<div class='avia-iframe-wrap'><iframe loading=\"lazy\" title=\"GlareOne LED 160 BiColor D II - prezentacja lampy\" width=\"1500\" height=\"844\" src=\"https:\/\/www.youtube.com\/embed\/GIjyG068_EM?feature=oembed\" frameborder=\"0\" allow=\"accelerometer; autoplay; clipboard-write; encrypted-media; gyroscope; picture-in-picture; web-share\" referrerpolicy=\"strict-origin-when-cross-origin\" allowfullscreen><\/iframe><\/div>\n<\/p>\n<h3>Nov\u00e1 generace \u0159ady LED<\/h3>\n<p>GlareOne LED 160 BiColor D II je druh\u00e1 generace modelu LED 160, kter\u00e1 se oproti sv\u00e9mu p\u0159edch\u016fdci vyzna\u010duje \u010detn\u00fdmi konstruk\u010dn\u00edmi vylep\u0161en\u00edmi. D\u00edky pou\u017eit\u00ed nejnov\u011bj\u0161\u00edch modul\u016f COB LED jsme dos\u00e1hli je\u0161t\u011b lep\u0161\u00ed kvality sv\u011btla a vy\u0161\u0161\u00ed \u00fa\u010dinnosti \u2013 a to p\u0159i zachov\u00e1n\u00ed stejn\u00e9ho v\u00fdkonu. Velikost samotn\u00e9 hlavy byla sn\u00ed\u017eena t\u00e9m\u011b\u0159 o polovinu d\u00edky modul\u00e1rn\u00ed konstrukci a pou\u017eit\u00ed nov\u00fdch, \u00fa\u010dinn\u011bj\u0161\u00edch chladi\u010d\u016f a ventil\u00e1tor\u016f. Toto zmen\u0161en\u00ed velikosti vedlo tak\u00e9 k v\u00fdrazn\u00e9mu sn\u00ed\u017een\u00ed hmotnosti, d\u00edky \u010demu\u017e je sv\u011btlo sn\u00e1ze p\u0159epraviteln\u00e9 na m\u00edsto a pohodln\u011bj\u0161\u00ed p\u0159i manipulaci b\u011bhem fotografov\u00e1n\u00ed nebo nat\u00e1\u010den\u00ed videa.<\/p>\n<h3>Barva na prvn\u00edm m\u00edst\u011b<\/h3>\n<p>Index TLCI (Television Lighting Consistency Index) tohoto modelu p\u0159esahuje 98, index CRI je vy\u0161\u0161\u00ed ne\u017e 97 a index TM-30 je vy\u0161\u0161\u00ed ne\u017e 96 \u2013 bez ohledu na zvolenou barevnou teplotu. D\u00edky t\u011bmto vynikaj\u00edc\u00edm hodnot\u00e1m sv\u00edtidlo perfektn\u011b funguje na place, a to jak pro video, tak pro fotografii, a zaji\u0161\u0165uje v\u011brn\u00e9 pod\u00e1n\u00ed barev.<\/p>\n<h3>Flexibilita<\/h3>\n<p>GlareOne LED 160 BiColor D II je vybaven syst\u00e9mem COB LED, kter\u00fd produkuje sv\u011btlo s barevnou teplotou v rozmez\u00ed od 2700 K do 6500 K. To poskytuje velkou flexibilitu p\u0159i pr\u00e1ci s r\u016fzn\u00fdmi podm\u00ednkami okoln\u00edho osv\u011btlen\u00ed, a\u0165 u\u017e p\u0159irozen\u00e9ho nebo um\u011bl\u00e9ho.<\/p>\n<h3>Stabilita<\/h3>\n<p>LED 160 BiColor D II je ide\u00e1ln\u00ed pro vysokorychlostn\u00ed sn\u00edm\u00e1n\u00ed, funguje bezchybn\u011b i p\u0159i sn\u00edmkov\u00e9 frekvenci a\u017e 1000 fps a eliminuje jak\u00fdkoli efekt blik\u00e1n\u00ed.<\/p>\n<h3>V\u00fdkon<\/h3>\n<p>GlareOne LED 160 BiColor D II nab\u00edz\u00ed vysokou \u00fa\u010dinnost a p\u016fsobiv\u00fd sv\u011bteln\u00fd v\u00fdkon. Je schopen produkovat osv\u011btlen\u00ed p\u0159es 66 200 lux\u016f, co\u017e umo\u017e\u0148uje snadn\u00e9 tvarov\u00e1n\u00ed sv\u011btla a odrazu pro dosa\u017een\u00ed po\u017eadovan\u00fdch efekt\u016f na place.<\/p>\n<h3>Tich\u00fd provoz<\/h3>\n<p>Sv\u011btlo je vybaveno chladic\u00edm syst\u00e9mem sest\u00e1vaj\u00edc\u00edm z chladi\u010de a ventil\u00e1toru, kter\u00fd pracuje ti\u0161e, s hlu\u010dnost\u00ed nep\u0159esahuj\u00edc\u00ed 30 dB. Takov\u00e1 n\u00edzk\u00e1 hlu\u010dnost usnad\u0148uje nahr\u00e1v\u00e1n\u00ed zvuku na place. Pokud je vy\u017eadov\u00e1no \u00fapln\u00e9 ticho, lze ventil\u00e1tor vypnout pomoc\u00ed tla\u010d\u00edtka na ovl\u00e1dac\u00edm panelu, \u010d\u00edm\u017e se lampa p\u0159epne do pasivn\u00edho re\u017eimu chlazen\u00ed (se sn\u00ed\u017een\u00fdm maxim\u00e1ln\u00edm v\u00fdkonem).<\/p>\n<h3>Sv\u011bteln\u00e9 efekty<\/h3>\n<p>Sv\u011btlo obsahuje dev\u011bt vestav\u011bn\u00fdch sv\u011bteln\u00fdch efekt\u016f, kter\u00e9 simuluj\u00ed r\u016fzn\u00e9 zdroje, jako je rozbit\u00e1 z\u00e1\u0159ivka, oh\u0148ostroj, blesk (ve t\u0159ech variant\u00e1ch), z\u00e1blesky (ve t\u0159ech variant\u00e1ch) a televizn\u00ed obrazovka.<\/p>\n<h3>Bluetooth a GlareOne Studio<\/h3>\n<p>Sv\u011btlo je vybaveno vestav\u011bn\u00fdm rozhran\u00edm Bluetooth a lze jej bezdr\u00e1tov\u011b ovl\u00e1dat pomoc\u00ed aplikace GlareOne Studio, kter\u00e1 je k dispozici pro za\u0159\u00edzen\u00ed se syst\u00e9mem Android i iOS.<\/p>\n<h3>Voliteln\u00e9 nap\u00e1jen\u00ed<\/h3>\n<p>GlareOne LED 160 BiColor D II nab\u00edz\u00ed dv\u011b mo\u017enosti nap\u00e1jen\u00ed \u2013 ze standardn\u00ed s\u00ed\u0165ov\u00e9 z\u00e1suvky pomoc\u00ed p\u0159ilo\u017een\u00e9ho nap\u00e1jec\u00edho kabelu nebo z bateri\u00ed V-mount s adapt\u00e9rem GlareOne LEDAV (prod\u00e1v\u00e1 se samostatn\u011b). Jedna baterie V-mount 14,8 V, 220 Wh umo\u017e\u0148uje provoz sv\u011btla na pln\u00fd v\u00fdkon po dobu a\u017e 100 minut, p\u0159i\u010dem\u017e skute\u010dn\u00e1 doba provozu se m\u016f\u017ee li\u0161it v z\u00e1vislosti na kvalit\u011b pou\u017eit\u00e9 baterie.<\/p>\n<h3>V\u0161estrannost<\/h3>\n<p>D\u00edky bajonetu typu Bowens je LED 160 BiColor D II kompatibiln\u00ed s t\u00e9m\u011b\u0159 v\u0161emi modifik\u00e1tory sv\u011btla dostupn\u00fdmi na trhu \u2013 jak od spole\u010dnosti GlareOne, tak od jin\u00fdch v\u00fdrobc\u016f. Lampu lze pou\u017e\u00edt s celou \u0159adou n\u00e1stroj\u016f, v\u010detn\u011b softbox\u016f, snoot\u016f, barndoor\u016f, reflektor\u016f, Fresnelov\u00fdch \u010do\u010dek a dal\u0161\u00edch.<\/p>\n<h3>Hlavn\u00ed vlastnosti GlareOne LED 160 BiColor D II:<\/h3>\n<p>Nastaviteln\u00e1 teplota barev (2700\u20136500 \u00b175 K)<br \/>\nPlynul\u00e9 nastaven\u00ed jasu<br \/>\nBowens mount<br \/>\nKompatibiln\u00ed s aplikac\u00ed GlareOne Studio<br \/>\n9 sv\u011bteln\u00fdch efekt\u016f<br \/>\nTich\u00fd a efektivn\u00ed aktivn\u00ed chladic\u00ed syst\u00e9m<br \/>\nDr\u017e\u00e1k de\u0161tn\u00edku<br \/>\nMo\u017enost nap\u00e1jen\u00ed z baterie (prost\u0159ednictv\u00edm adapt\u00e9ru LEDAV)<br \/>\nErgonomicky tvarovan\u00e1 rukoje\u0165 pro snadn\u00e9 nastaven\u00ed sklonu<\/p>\n","protected":false},"excerpt":{"rendered":"<p>GlareOne LED 160 BiColor D II je 160W sv\u011btlo s nastaviteln\u00fdm rozsahem barevn\u00e9 teploty 2700\u20136500 K a mo\u017enost\u00ed nap\u00e1jen\u00ed bu\u010f ze s\u00edt\u011b, nebo z bateri\u00ed V-mount pomoc\u00ed voliteln\u00e9ho adapt\u00e9ru GlareOne LEDAV. Sv\u011btlo poskytuje vynikaj\u00edc\u00ed p\u0159esnost barev (TLCI &gt; 98), vysokou \u00fa\u010dinnost a jas a podporuje pou\u017eit\u00ed r\u016fzn\u00fdch modifik\u00e1tor\u016f sv\u011btla. Nov\u00e1 generace \u0159ady LED GlareOne LED [&hellip;]<\/p>\n","protected":false},"featured_media":23127,"template":"","meta":[],"product_brand":[],"product_cat":[547],"product_tag":[],"class_list":{"0":"post-23023","1":"product","2":"type-product","3":"status-publish","4":"has-post-thumbnail","6":"product_cat-led-lampy-s-upevnenim-bowens","8":"first","9":"instock","10":"product-type-simple"},"yoast_head":"<!-- This site is optimized with the Yoast SEO plugin v27.2 - https:\/\/yoast.com\/product\/yoast-seo-wordpress\/ -->\n<title>GlareOne LED 160 BiColor D<\/title>\n<meta name=\"description\" content=\"GlareOne LED 160 BiColor D II\" \/>\n<meta name=\"robots\" content=\"index, follow, max-snippet:-1, max-image-preview:large, max-video-preview:-1\" \/>\n<link rel=\"canonical\" href=\"https:\/\/glareone.eu\/cs\/produkt\/glareone-led-160-bicolor-d-ii\/\" \/>\n<meta property=\"og:locale\" content=\"cs_CZ\" \/>\n<meta property=\"og:type\" content=\"article\" \/>\n<meta property=\"og:title\" content=\"GlareOne LED 160 BiColor D\" \/>\n<meta property=\"og:description\" content=\"GlareOne LED 160 BiColor D II\" \/>\n<meta property=\"og:url\" content=\"https:\/\/glareone.eu\/cs\/produkt\/glareone-led-160-bicolor-d-ii\/\" \/>\n<meta property=\"og:site_name\" content=\"GlareOne\" \/>\n<meta property=\"article:publisher\" content=\"https:\/\/www.facebook.com\/GlareOneLighting\" \/>\n<meta property=\"article:modified_time\" content=\"2025-12-15T11:33:57+00:00\" \/>\n<meta property=\"og:image\" content=\"https:\/\/glareone.eu\/wp-content\/uploads\/2025\/12\/SLED160BCD2_01-1.jpg\" \/>\n\t<meta property=\"og:image:width\" content=\"1200\" \/>\n\t<meta property=\"og:image:height\" content=\"1200\" \/>\n\t<meta property=\"og:image:type\" content=\"image\/jpeg\" \/>\n<meta name=\"twitter:card\" content=\"summary_large_image\" \/>\n<meta name=\"twitter:title\" content=\"GlareOne LED 160 BiColor D\" \/>\n<script type=\"application\/ld+json\" class=\"yoast-schema-graph\">{\"@context\":\"https:\/\/schema.org\",\"@graph\":[{\"@type\":\"WebPage\",\"@id\":\"https:\/\/glareone.eu\/cs\/produkt\/glareone-led-160-bicolor-d-ii\/\",\"url\":\"https:\/\/glareone.eu\/cs\/produkt\/glareone-led-160-bicolor-d-ii\/\",\"name\":\"GlareOne LED 160 BiColor D\",\"isPartOf\":{\"@id\":\"https:\/\/glareone.eu\/cs\/en\/#website\"},\"primaryImageOfPage\":{\"@id\":\"https:\/\/glareone.eu\/cs\/produkt\/glareone-led-160-bicolor-d-ii\/#primaryimage\"},\"image\":{\"@id\":\"https:\/\/glareone.eu\/cs\/produkt\/glareone-led-160-bicolor-d-ii\/#primaryimage\"},\"thumbnailUrl\":\"https:\/\/glareone.eu\/wp-content\/uploads\/2025\/12\/SLED160BCD2_01-1.jpg\",\"datePublished\":\"2025-12-11T14:12:00+00:00\",\"dateModified\":\"2025-12-15T11:33:57+00:00\",\"description\":\"GlareOne LED 160 BiColor D II\",\"breadcrumb\":{\"@id\":\"https:\/\/glareone.eu\/cs\/produkt\/glareone-led-160-bicolor-d-ii\/#breadcrumb\"},\"inLanguage\":\"cs\",\"potentialAction\":[{\"@type\":\"ReadAction\",\"target\":[\"https:\/\/glareone.eu\/cs\/produkt\/glareone-led-160-bicolor-d-ii\/\"]}]},{\"@type\":\"ImageObject\",\"inLanguage\":\"cs\",\"@id\":\"https:\/\/glareone.eu\/cs\/produkt\/glareone-led-160-bicolor-d-ii\/#primaryimage\",\"url\":\"https:\/\/glareone.eu\/wp-content\/uploads\/2025\/12\/SLED160BCD2_01-1.jpg\",\"contentUrl\":\"https:\/\/glareone.eu\/wp-content\/uploads\/2025\/12\/SLED160BCD2_01-1.jpg\",\"width\":1200,\"height\":1200},{\"@type\":\"BreadcrumbList\",\"@id\":\"https:\/\/glareone.eu\/cs\/produkt\/glareone-led-160-bicolor-d-ii\/#breadcrumb\",\"itemListElement\":[{\"@type\":\"ListItem\",\"position\":1,\"name\":\"Strona g\u0142\u00f3wna\",\"item\":\"https:\/\/glareone.eu\/cs\/\"},{\"@type\":\"ListItem\",\"position\":2,\"name\":\"V\u0161echny produkty\",\"item\":\"https:\/\/glareone.eu\/cs\/produkty\/vsechny-produkty\/\"},{\"@type\":\"ListItem\",\"position\":3,\"name\":\"GlareOne LED 160 BiColor D II\"}]},{\"@type\":\"WebSite\",\"@id\":\"https:\/\/glareone.eu\/cs\/en\/#website\",\"url\":\"https:\/\/glareone.eu\/cs\/en\/\",\"name\":\"GlareOne\",\"description\":\"Wyposa\u017cenie Studia\",\"publisher\":{\"@id\":\"https:\/\/glareone.eu\/cs\/en\/#organization\"},\"potentialAction\":[{\"@type\":\"SearchAction\",\"target\":{\"@type\":\"EntryPoint\",\"urlTemplate\":\"https:\/\/glareone.eu\/cs\/en\/?s={search_term_string}\"},\"query-input\":{\"@type\":\"PropertyValueSpecification\",\"valueRequired\":true,\"valueName\":\"search_term_string\"}}],\"inLanguage\":\"cs\"},{\"@type\":\"Organization\",\"@id\":\"https:\/\/glareone.eu\/cs\/en\/#organization\",\"name\":\"GlareOne\",\"url\":\"https:\/\/glareone.eu\/cs\/en\/\",\"logo\":{\"@type\":\"ImageObject\",\"inLanguage\":\"cs\",\"@id\":\"https:\/\/glareone.eu\/cs\/en\/#\/schema\/logo\/image\/\",\"url\":\"http:\/\/glareone.eu\/wp-content\/uploads\/2024\/05\/glareone_logo2020_RGB-01-e1715773127189.png\",\"contentUrl\":\"http:\/\/glareone.eu\/wp-content\/uploads\/2024\/05\/glareone_logo2020_RGB-01-e1715773127189.png\",\"width\":1270,\"height\":321,\"caption\":\"GlareOne\"},\"image\":{\"@id\":\"https:\/\/glareone.eu\/cs\/en\/#\/schema\/logo\/image\/\"},\"sameAs\":[\"https:\/\/www.facebook.com\/GlareOneLighting\",\"https:\/\/www.instagram.com\/glareonelighting\/\",\"https:\/\/www.youtube.com\/@GlareOneTV\"]}]}<\/script>\n<!-- \/ Yoast SEO plugin. -->","yoast_head_json":{"title":"GlareOne LED 160 BiColor D","description":"GlareOne LED 160 BiColor D II","robots":{"index":"index","follow":"follow","max-snippet":"max-snippet:-1","max-image-preview":"max-image-preview:large","max-video-preview":"max-video-preview:-1"},"canonical":"https:\/\/glareone.eu\/cs\/produkt\/glareone-led-160-bicolor-d-ii\/","og_locale":"cs_CZ","og_type":"article","og_title":"GlareOne LED 160 BiColor D","og_description":"GlareOne LED 160 BiColor D II","og_url":"https:\/\/glareone.eu\/cs\/produkt\/glareone-led-160-bicolor-d-ii\/","og_site_name":"GlareOne","article_publisher":"https:\/\/www.facebook.com\/GlareOneLighting","article_modified_time":"2025-12-15T11:33:57+00:00","og_image":[{"width":1200,"height":1200,"url":"https:\/\/glareone.eu\/wp-content\/uploads\/2025\/12\/SLED160BCD2_01-1.jpg","type":"image\/jpeg"}],"twitter_card":"summary_large_image","twitter_title":"GlareOne LED 160 BiColor D","schema":{"@context":"https:\/\/schema.org","@graph":[{"@type":"WebPage","@id":"https:\/\/glareone.eu\/cs\/produkt\/glareone-led-160-bicolor-d-ii\/","url":"https:\/\/glareone.eu\/cs\/produkt\/glareone-led-160-bicolor-d-ii\/","name":"GlareOne LED 160 BiColor D","isPartOf":{"@id":"https:\/\/glareone.eu\/cs\/en\/#website"},"primaryImageOfPage":{"@id":"https:\/\/glareone.eu\/cs\/produkt\/glareone-led-160-bicolor-d-ii\/#primaryimage"},"image":{"@id":"https:\/\/glareone.eu\/cs\/produkt\/glareone-led-160-bicolor-d-ii\/#primaryimage"},"thumbnailUrl":"https:\/\/glareone.eu\/wp-content\/uploads\/2025\/12\/SLED160BCD2_01-1.jpg","datePublished":"2025-12-11T14:12:00+00:00","dateModified":"2025-12-15T11:33:57+00:00","description":"GlareOne LED 160 BiColor D II","breadcrumb":{"@id":"https:\/\/glareone.eu\/cs\/produkt\/glareone-led-160-bicolor-d-ii\/#breadcrumb"},"inLanguage":"cs","potentialAction":[{"@type":"ReadAction","target":["https:\/\/glareone.eu\/cs\/produkt\/glareone-led-160-bicolor-d-ii\/"]}]},{"@type":"ImageObject","inLanguage":"cs","@id":"https:\/\/glareone.eu\/cs\/produkt\/glareone-led-160-bicolor-d-ii\/#primaryimage","url":"https:\/\/glareone.eu\/wp-content\/uploads\/2025\/12\/SLED160BCD2_01-1.jpg","contentUrl":"https:\/\/glareone.eu\/wp-content\/uploads\/2025\/12\/SLED160BCD2_01-1.jpg","width":1200,"height":1200},{"@type":"BreadcrumbList","@id":"https:\/\/glareone.eu\/cs\/produkt\/glareone-led-160-bicolor-d-ii\/#breadcrumb","itemListElement":[{"@type":"ListItem","position":1,"name":"Strona g\u0142\u00f3wna","item":"https:\/\/glareone.eu\/cs\/"},{"@type":"ListItem","position":2,"name":"V\u0161echny produkty","item":"https:\/\/glareone.eu\/cs\/produkty\/vsechny-produkty\/"},{"@type":"ListItem","position":3,"name":"GlareOne LED 160 BiColor D II"}]},{"@type":"WebSite","@id":"https:\/\/glareone.eu\/cs\/en\/#website","url":"https:\/\/glareone.eu\/cs\/en\/","name":"GlareOne","description":"Wyposa\u017cenie Studia","publisher":{"@id":"https:\/\/glareone.eu\/cs\/en\/#organization"},"potentialAction":[{"@type":"SearchAction","target":{"@type":"EntryPoint","urlTemplate":"https:\/\/glareone.eu\/cs\/en\/?s={search_term_string}"},"query-input":{"@type":"PropertyValueSpecification","valueRequired":true,"valueName":"search_term_string"}}],"inLanguage":"cs"},{"@type":"Organization","@id":"https:\/\/glareone.eu\/cs\/en\/#organization","name":"GlareOne","url":"https:\/\/glareone.eu\/cs\/en\/","logo":{"@type":"ImageObject","inLanguage":"cs","@id":"https:\/\/glareone.eu\/cs\/en\/#\/schema\/logo\/image\/","url":"http:\/\/glareone.eu\/wp-content\/uploads\/2024\/05\/glareone_logo2020_RGB-01-e1715773127189.png","contentUrl":"http:\/\/glareone.eu\/wp-content\/uploads\/2024\/05\/glareone_logo2020_RGB-01-e1715773127189.png","width":1270,"height":321,"caption":"GlareOne"},"image":{"@id":"https:\/\/glareone.eu\/cs\/en\/#\/schema\/logo\/image\/"},"sameAs":["https:\/\/www.facebook.com\/GlareOneLighting","https:\/\/www.instagram.com\/glareonelighting\/","https:\/\/www.youtube.com\/@GlareOneTV"]}]}},"_links":{"self":[{"href":"https:\/\/glareone.eu\/cs\/wp-json\/wp\/v2\/product\/23023","targetHints":{"allow":["GET"]}}],"collection":[{"href":"https:\/\/glareone.eu\/cs\/wp-json\/wp\/v2\/product"}],"about":[{"href":"https:\/\/glareone.eu\/cs\/wp-json\/wp\/v2\/types\/product"}],"wp:featuredmedia":[{"embeddable":true,"href":"https:\/\/glareone.eu\/cs\/wp-json\/wp\/v2\/media\/23127"}],"wp:attachment":[{"href":"https:\/\/glareone.eu\/cs\/wp-json\/wp\/v2\/media?parent=23023"}],"wp:term":[{"taxonomy":"product_brand","embeddable":true,"href":"https:\/\/glareone.eu\/cs\/wp-json\/wp\/v2\/product_brand?post=23023"},{"taxonomy":"product_cat","embeddable":true,"href":"https:\/\/glareone.eu\/cs\/wp-json\/wp\/v2\/product_cat?post=23023"},{"taxonomy":"product_tag","embeddable":true,"href":"https:\/\/glareone.eu\/cs\/wp-json\/wp\/v2\/product_tag?post=23023"}],"curies":[{"name":"wp","href":"https:\/\/api.w.org\/{rel}","templated":true}]}}