{"id":22823,"date":"2025-12-11T13:00:37","date_gmt":"2025-12-11T13:00:37","guid":{"rendered":"https:\/\/glareone.eu\/?post_type=product&#038;p=22823"},"modified":"2025-12-11T13:20:11","modified_gmt":"2025-12-11T13:20:11","slug":"glareone-antares-600-basic-kit","status":"publish","type":"product","link":"https:\/\/glareone.eu\/cs\/produkt\/glareone-antares-600-basic-kit\/","title":{"rendered":"GlareOne Antares 600 Basic Kit"},"content":{"rendered":"<p>Sada pro studiov\u00e9 fotografov\u00e1n\u00ed v\u010detn\u011b 2 lamp, 2 stojan\u016f, obd\u00e9ln\u00edkov\u00e9ho softboxu 60&#215;90 cm, osmi\u00faheln\u00edkov\u00e9ho softboxu 95 cm a r\u00e1diov\u00e9ho spou\u0161t\u011b\u010de.<\/p>\n<h3>Pou\u017eit\u00ed<\/h3>\n<p>Z\u00e1kladn\u00ed sada GlareOne Antares 600 v\u00e1m nejen umo\u017en\u00ed nau\u010dit se pracovat s bleskem, ale tak\u00e9 po\u0159\u00eddit fenomen\u00e1ln\u00ed fotografie. D\u00edky t\u00e9to sad\u011b z\u00edsk\u00e1te obrovskou svobodu p\u0159i roz\u0161i\u0159ov\u00e1n\u00ed sv\u00e9 v\u00fdbavy o nov\u00e9 mo\u017enosti, jako jsou streamery, reflektory, velk\u00e9 de\u0161tn\u00edky atd.<\/p>\n<p>Blesky Antares 600, kter\u00e9 tvo\u0159\u00ed j\u00e1dro sady, jsou profesion\u00e1ln\u00ed studiov\u00e9 blesky s v\u00fdkonem 600 Ws, vybaven\u00e9 LED pilotn\u00edm sv\u011btlem, dr\u017e\u00e1kem sv\u011bteln\u00fdch modifik\u00e1tor\u016f typu Bowens a r\u00e1diov\u00fdm ovl\u00e1d\u00e1n\u00edm. Jsou to vysoce efektivn\u00ed blesky, kter\u00e9 se perfektn\u011b hod\u00ed pro produktov\u00e9, portr\u00e9tn\u00ed i jin\u00e9 fotografick\u00e9 pr\u00e1ce. Jejich vysok\u00fd v\u00fdkon, vynikaj\u00edc\u00ed konzistence z\u00e1blesku a kr\u00e1tk\u00e1 doba nab\u00edjen\u00ed zaji\u0161\u0165uj\u00ed, \u017ee i dlouh\u00e1 a n\u00e1ro\u010dn\u00e1 focen\u00ed prob\u00edhaj\u00ed hladce.<\/p>\n<p>Softboxy disponuj\u00ed dvojit\u00fdm difuzorem pro zm\u011bk\u010den\u00ed sv\u011btla a mo\u017enost\u00ed p\u0159ipojen\u00ed vo\u0161tin (m\u0159\u00ed\u017eek), kter\u00e9 umo\u017e\u0148uj\u00ed skv\u011blou kontrolu nad sv\u011btlem na place (m\u0159\u00ed\u017eky jsou k dispozici samostatn\u011b). R\u00e1diov\u00fd ovlada\u010d GlareOne Flash RC v\u00e1m umo\u017en\u00ed nejen d\u00e1lkov\u011b spou\u0161t\u011bt blesk, ale tak\u00e9 nastavovat jeho v\u00fdkon. D\u016fle\u017eit\u00e9 je, \u017ee se jedn\u00e1 o univerz\u00e1ln\u00ed vys\u00edla\u010d, kter\u00fd funguje s jak\u00fdmkoli fotoapar\u00e1tem vybaven\u00fdm bleskovou patic\u00ed typu ISO.<\/p>\n<p>Pokud ji\u017e v\u00edte, \u017ee se chcete v\u011bnovat portr\u00e9tn\u00ed fotografii, pak je sada Antares Basic Kit pr\u00e1v\u011b pro v\u00e1s. Blesky Antares 600 v\u00e1m poskytnou velmi vysokou kvalitu sv\u011btla a osmi\u00faheln\u00edkov\u00fd softbox zajist\u00ed m\u011bkk\u00e9 sv\u011btlo a p\u0159irozen\u00e9 odlesky v o\u010d\u00edch fotografovan\u00e9 osoby. Softbox 60&#215;90 lze pou\u017e\u00edt pro osv\u011btlen\u00ed pozad\u00ed nebo jako dobr\u00fd zdroj dopl\u0148kov\u00e9ho sv\u011btla.<\/p>\n<p>Vlastnosti GlareOne Antares 600<\/p>\n<ul>\n<li>Profesion\u00e1ln\u00ed studiov\u00fd blesk 600 Ws nap\u00e1jen\u00fd ze s\u00edt\u011b<\/li>\n<li>Odoln\u00e1 a pevn\u00e1 celokovov\u00e1 konstrukce stojanu a krytu<\/li>\n<li>Zdroj vysoce kvalitn\u00edho sv\u011btla vyv\u00e1\u017een\u00e9ho denn\u00edm sv\u011btlem (5500 \u00b1 200 K) v cel\u00e9m rozsahu v\u00fdkonu<\/li>\n<li>Flexibiln\u00ed a p\u0159esn\u00e9 nastaven\u00ed v\u00fdkonu v rozsahu 6 clonov\u00fdch \u010d\u00edsel (60 krok\u016f po 0,1)<\/li>\n<li>Rychl\u00e1 doba recyklace p\u0159ibli\u017en\u011b 0,9 s p\u0159i pln\u00e9m v\u00fdkonu<\/li>\n<li>Vybaveno 25W LED modelovac\u00edm sv\u011btlem<\/li>\n<li>Vybaveno dr\u017e\u00e1kem Bowens pro \u0161irokou \u0161k\u00e1lu p\u0159\u00edslu\u0161enstv\u00ed pro tvarov\u00e1n\u00ed sv\u011btla<\/li>\n<li>Lze bezdr\u00e1tov\u011b ovl\u00e1dat pomoc\u00ed dal\u0161\u00edch d\u00e1lkov\u00fdch ovlada\u010d\u016f GlareOne<\/li>\n<li>A\u017e 32 r\u00e1diov\u00fdch kan\u00e1l\u016f a 16 skupin k dispozici v bezdr\u00e1tov\u00e9m ovl\u00e1d\u00e1n\u00ed<\/li>\n<li>Lze spou\u0161t\u011bt pomoc\u00ed optick\u00e9ho slave nebo standardn\u00edho 3,5mm synchroniza\u010dn\u00edho kabelu<\/li>\n<li>Vybaveno aktivn\u00edm chladic\u00edm syst\u00e9mem a automatickou ochranou proti p\u0159eh\u0159\u00e1t\u00ed<\/li>\n<li>Vestav\u011bn\u00e1 nakl\u00e1p\u011bc\u00ed hlava s integrovan\u00fdm dr\u017e\u00e1kem de\u0161tn\u00edku<\/li>\n<li>Pohodln\u00e1 rukoje\u0165 pro snadn\u00e9 nakl\u00e1p\u011bn\u00ed a p\u0159en\u00e1\u0161en\u00ed<\/li>\n<\/ul>\n<h3>Obsah sady:<\/h3>\n<ul>\n<li>GlareOne Antares 600 Basic Kit je kompletn\u00ed sada, kter\u00e1 v\u00e1m pom\u016f\u017ee vstoupit do sv\u011bta studiov\u00e9 fotografie. Obsahuje:<\/li>\n<li>2 kompaktn\u00ed sv\u011btla GlareOne Antares 600 s v\u00fdkonem 600 Ws. (nap\u00e1jec\u00ed kabel sou\u010d\u00e1st\u00ed balen\u00ed, reflektor nen\u00ed sou\u010d\u00e1st\u00ed sady Antares 600)<\/li>\n<li>GlareOne Flash RC vys\u00edla\u010d pro d\u00e1lkov\u00e9 ovl\u00e1d\u00e1n\u00ed a spou\u0161t\u011bn\u00ed lamp Antares.<\/li>\n<li>2 stojany GlareOne Black 280 s maxim\u00e1ln\u00ed v\u00fd\u0161kou 280 cm.<\/li>\n<li>GlareOne Standardn\u00ed reflektor.<\/li>\n<li>GlareOne Softbox 60&#215;90 cm.<\/li>\n<li>GlareOne Softbox Octa 95 cm.<\/li>\n<li>Kabel pro EU a UK<\/li>\n<\/ul>\n","protected":false},"excerpt":{"rendered":"<p>Sada pro studiov\u00e9 fotografov\u00e1n\u00ed v\u010detn\u011b 2 lamp, 2 stojan\u016f, obd\u00e9ln\u00edkov\u00e9ho softboxu 60&#215;90 cm, osmi\u00faheln\u00edkov\u00e9ho softboxu 95 cm a r\u00e1diov\u00e9ho spou\u0161t\u011b\u010de. Pou\u017eit\u00ed Z\u00e1kladn\u00ed sada GlareOne Antares 600 v\u00e1m nejen umo\u017en\u00ed nau\u010dit se pracovat s bleskem, ale tak\u00e9 po\u0159\u00eddit fenomen\u00e1ln\u00ed fotografie. D\u00edky t\u00e9to sad\u011b z\u00edsk\u00e1te obrovskou svobodu p\u0159i roz\u0161i\u0159ov\u00e1n\u00ed sv\u00e9 v\u00fdbavy o nov\u00e9 mo\u017enosti, jako jsou streamery, [&hellip;]<\/p>\n","protected":false},"featured_media":22828,"template":"","meta":[],"product_brand":[],"product_cat":[583],"product_tag":[],"class_list":{"0":"post-22823","1":"product","2":"type-product","3":"status-publish","4":"has-post-thumbnail","6":"product_cat-antares-cs","8":"first","9":"instock","10":"product-type-simple"},"yoast_head":"<!-- This site is optimized with the Yoast SEO plugin v27.2 - https:\/\/yoast.com\/product\/yoast-seo-wordpress\/ -->\n<title>GlareOne Antares 600 basic kit<\/title>\n<meta name=\"robots\" content=\"index, follow, max-snippet:-1, max-image-preview:large, max-video-preview:-1\" \/>\n<link rel=\"canonical\" href=\"https:\/\/glareone.eu\/cs\/produkt\/glareone-antares-600-basic-kit\/\" \/>\n<meta property=\"og:locale\" content=\"cs_CZ\" \/>\n<meta property=\"og:type\" content=\"article\" \/>\n<meta property=\"og:title\" content=\"GlareOne Antares 600\" \/>\n<meta property=\"og:description\" content=\"Sada pro studiov\u00e9 fotografov\u00e1n\u00ed v\u010detn\u011b 2 lamp, 2 stojan\u016f, obd\u00e9ln\u00edkov\u00e9ho softboxu 60&#215;90 cm, osmi\u00faheln\u00edkov\u00e9ho softboxu 95 cm a r\u00e1diov\u00e9ho spou\u0161t\u011b\u010de. Pou\u017eit\u00ed Z\u00e1kladn\u00ed sada GlareOne Antares 600 v\u00e1m nejen umo\u017en\u00ed nau\u010dit se pracovat s bleskem, ale tak\u00e9 po\u0159\u00eddit fenomen\u00e1ln\u00ed fotografie. D\u00edky t\u00e9to sad\u011b z\u00edsk\u00e1te obrovskou svobodu p\u0159i roz\u0161i\u0159ov\u00e1n\u00ed sv\u00e9 v\u00fdbavy o nov\u00e9 mo\u017enosti, jako jsou streamery, [&hellip;]\" \/>\n<meta property=\"og:url\" content=\"https:\/\/glareone.eu\/cs\/produkt\/glareone-antares-600-basic-kit\/\" \/>\n<meta property=\"og:site_name\" content=\"GlareOne\" \/>\n<meta property=\"article:publisher\" content=\"https:\/\/www.facebook.com\/GlareOneLighting\" \/>\n<meta property=\"article:modified_time\" content=\"2025-12-11T13:20:11+00:00\" \/>\n<meta property=\"og:image\" content=\"https:\/\/glareone.eu\/wp-content\/uploads\/2025\/12\/SANTARES600KITB_01.jpg\" \/>\n\t<meta property=\"og:image:width\" content=\"1200\" \/>\n\t<meta property=\"og:image:height\" content=\"1200\" \/>\n\t<meta property=\"og:image:type\" content=\"image\/jpeg\" \/>\n<meta name=\"twitter:card\" content=\"summary_large_image\" \/>\n<meta name=\"twitter:title\" content=\"GlareOne Antares 600\" \/>\n<meta name=\"twitter:label1\" content=\"Odhadovan\u00e1 doba \u010dten\u00ed\" \/>\n\t<meta name=\"twitter:data1\" content=\"2 minuty\" \/>\n<script type=\"application\/ld+json\" class=\"yoast-schema-graph\">{\"@context\":\"https:\/\/schema.org\",\"@graph\":[{\"@type\":\"WebPage\",\"@id\":\"https:\/\/glareone.eu\/cs\/produkt\/glareone-antares-600-basic-kit\/\",\"url\":\"https:\/\/glareone.eu\/cs\/produkt\/glareone-antares-600-basic-kit\/\",\"name\":\"GlareOne Antares 600 basic kit\",\"isPartOf\":{\"@id\":\"https:\/\/glareone.eu\/cs\/en\/#website\"},\"primaryImageOfPage\":{\"@id\":\"https:\/\/glareone.eu\/cs\/produkt\/glareone-antares-600-basic-kit\/#primaryimage\"},\"image\":{\"@id\":\"https:\/\/glareone.eu\/cs\/produkt\/glareone-antares-600-basic-kit\/#primaryimage\"},\"thumbnailUrl\":\"https:\/\/glareone.eu\/wp-content\/uploads\/2025\/12\/SANTARES600KITB_01.jpg\",\"datePublished\":\"2025-12-11T13:00:37+00:00\",\"dateModified\":\"2025-12-11T13:20:11+00:00\",\"breadcrumb\":{\"@id\":\"https:\/\/glareone.eu\/cs\/produkt\/glareone-antares-600-basic-kit\/#breadcrumb\"},\"inLanguage\":\"cs\",\"potentialAction\":[{\"@type\":\"ReadAction\",\"target\":[\"https:\/\/glareone.eu\/cs\/produkt\/glareone-antares-600-basic-kit\/\"]}]},{\"@type\":\"ImageObject\",\"inLanguage\":\"cs\",\"@id\":\"https:\/\/glareone.eu\/cs\/produkt\/glareone-antares-600-basic-kit\/#primaryimage\",\"url\":\"https:\/\/glareone.eu\/wp-content\/uploads\/2025\/12\/SANTARES600KITB_01.jpg\",\"contentUrl\":\"https:\/\/glareone.eu\/wp-content\/uploads\/2025\/12\/SANTARES600KITB_01.jpg\",\"width\":1200,\"height\":1200},{\"@type\":\"BreadcrumbList\",\"@id\":\"https:\/\/glareone.eu\/cs\/produkt\/glareone-antares-600-basic-kit\/#breadcrumb\",\"itemListElement\":[{\"@type\":\"ListItem\",\"position\":1,\"name\":\"Strona g\u0142\u00f3wna\",\"item\":\"https:\/\/glareone.eu\/cs\/\"},{\"@type\":\"ListItem\",\"position\":2,\"name\":\"V\u0161echny produkty\",\"item\":\"https:\/\/glareone.eu\/cs\/produkty\/vsechny-produkty\/\"},{\"@type\":\"ListItem\",\"position\":3,\"name\":\"GlareOne Antares 600 Basic Kit\"}]},{\"@type\":\"WebSite\",\"@id\":\"https:\/\/glareone.eu\/cs\/en\/#website\",\"url\":\"https:\/\/glareone.eu\/cs\/en\/\",\"name\":\"GlareOne\",\"description\":\"Wyposa\u017cenie Studia\",\"publisher\":{\"@id\":\"https:\/\/glareone.eu\/cs\/en\/#organization\"},\"potentialAction\":[{\"@type\":\"SearchAction\",\"target\":{\"@type\":\"EntryPoint\",\"urlTemplate\":\"https:\/\/glareone.eu\/cs\/en\/?s={search_term_string}\"},\"query-input\":{\"@type\":\"PropertyValueSpecification\",\"valueRequired\":true,\"valueName\":\"search_term_string\"}}],\"inLanguage\":\"cs\"},{\"@type\":\"Organization\",\"@id\":\"https:\/\/glareone.eu\/cs\/en\/#organization\",\"name\":\"GlareOne\",\"url\":\"https:\/\/glareone.eu\/cs\/en\/\",\"logo\":{\"@type\":\"ImageObject\",\"inLanguage\":\"cs\",\"@id\":\"https:\/\/glareone.eu\/cs\/en\/#\/schema\/logo\/image\/\",\"url\":\"http:\/\/glareone.eu\/wp-content\/uploads\/2024\/05\/glareone_logo2020_RGB-01-e1715773127189.png\",\"contentUrl\":\"http:\/\/glareone.eu\/wp-content\/uploads\/2024\/05\/glareone_logo2020_RGB-01-e1715773127189.png\",\"width\":1270,\"height\":321,\"caption\":\"GlareOne\"},\"image\":{\"@id\":\"https:\/\/glareone.eu\/cs\/en\/#\/schema\/logo\/image\/\"},\"sameAs\":[\"https:\/\/www.facebook.com\/GlareOneLighting\",\"https:\/\/www.instagram.com\/glareonelighting\/\",\"https:\/\/www.youtube.com\/@GlareOneTV\"]}]}<\/script>\n<!-- \/ Yoast SEO plugin. -->","yoast_head_json":{"title":"GlareOne Antares 600 basic kit","robots":{"index":"index","follow":"follow","max-snippet":"max-snippet:-1","max-image-preview":"max-image-preview:large","max-video-preview":"max-video-preview:-1"},"canonical":"https:\/\/glareone.eu\/cs\/produkt\/glareone-antares-600-basic-kit\/","og_locale":"cs_CZ","og_type":"article","og_title":"GlareOne Antares 600","og_description":"Sada pro studiov\u00e9 fotografov\u00e1n\u00ed v\u010detn\u011b 2 lamp, 2 stojan\u016f, obd\u00e9ln\u00edkov\u00e9ho softboxu 60&#215;90 cm, osmi\u00faheln\u00edkov\u00e9ho softboxu 95 cm a r\u00e1diov\u00e9ho spou\u0161t\u011b\u010de. Pou\u017eit\u00ed Z\u00e1kladn\u00ed sada GlareOne Antares 600 v\u00e1m nejen umo\u017en\u00ed nau\u010dit se pracovat s bleskem, ale tak\u00e9 po\u0159\u00eddit fenomen\u00e1ln\u00ed fotografie. D\u00edky t\u00e9to sad\u011b z\u00edsk\u00e1te obrovskou svobodu p\u0159i roz\u0161i\u0159ov\u00e1n\u00ed sv\u00e9 v\u00fdbavy o nov\u00e9 mo\u017enosti, jako jsou streamery, [&hellip;]","og_url":"https:\/\/glareone.eu\/cs\/produkt\/glareone-antares-600-basic-kit\/","og_site_name":"GlareOne","article_publisher":"https:\/\/www.facebook.com\/GlareOneLighting","article_modified_time":"2025-12-11T13:20:11+00:00","og_image":[{"width":1200,"height":1200,"url":"https:\/\/glareone.eu\/wp-content\/uploads\/2025\/12\/SANTARES600KITB_01.jpg","type":"image\/jpeg"}],"twitter_card":"summary_large_image","twitter_title":"GlareOne Antares 600","twitter_misc":{"Odhadovan\u00e1 doba \u010dten\u00ed":"2 minuty"},"schema":{"@context":"https:\/\/schema.org","@graph":[{"@type":"WebPage","@id":"https:\/\/glareone.eu\/cs\/produkt\/glareone-antares-600-basic-kit\/","url":"https:\/\/glareone.eu\/cs\/produkt\/glareone-antares-600-basic-kit\/","name":"GlareOne Antares 600 basic kit","isPartOf":{"@id":"https:\/\/glareone.eu\/cs\/en\/#website"},"primaryImageOfPage":{"@id":"https:\/\/glareone.eu\/cs\/produkt\/glareone-antares-600-basic-kit\/#primaryimage"},"image":{"@id":"https:\/\/glareone.eu\/cs\/produkt\/glareone-antares-600-basic-kit\/#primaryimage"},"thumbnailUrl":"https:\/\/glareone.eu\/wp-content\/uploads\/2025\/12\/SANTARES600KITB_01.jpg","datePublished":"2025-12-11T13:00:37+00:00","dateModified":"2025-12-11T13:20:11+00:00","breadcrumb":{"@id":"https:\/\/glareone.eu\/cs\/produkt\/glareone-antares-600-basic-kit\/#breadcrumb"},"inLanguage":"cs","potentialAction":[{"@type":"ReadAction","target":["https:\/\/glareone.eu\/cs\/produkt\/glareone-antares-600-basic-kit\/"]}]},{"@type":"ImageObject","inLanguage":"cs","@id":"https:\/\/glareone.eu\/cs\/produkt\/glareone-antares-600-basic-kit\/#primaryimage","url":"https:\/\/glareone.eu\/wp-content\/uploads\/2025\/12\/SANTARES600KITB_01.jpg","contentUrl":"https:\/\/glareone.eu\/wp-content\/uploads\/2025\/12\/SANTARES600KITB_01.jpg","width":1200,"height":1200},{"@type":"BreadcrumbList","@id":"https:\/\/glareone.eu\/cs\/produkt\/glareone-antares-600-basic-kit\/#breadcrumb","itemListElement":[{"@type":"ListItem","position":1,"name":"Strona g\u0142\u00f3wna","item":"https:\/\/glareone.eu\/cs\/"},{"@type":"ListItem","position":2,"name":"V\u0161echny produkty","item":"https:\/\/glareone.eu\/cs\/produkty\/vsechny-produkty\/"},{"@type":"ListItem","position":3,"name":"GlareOne Antares 600 Basic Kit"}]},{"@type":"WebSite","@id":"https:\/\/glareone.eu\/cs\/en\/#website","url":"https:\/\/glareone.eu\/cs\/en\/","name":"GlareOne","description":"Wyposa\u017cenie Studia","publisher":{"@id":"https:\/\/glareone.eu\/cs\/en\/#organization"},"potentialAction":[{"@type":"SearchAction","target":{"@type":"EntryPoint","urlTemplate":"https:\/\/glareone.eu\/cs\/en\/?s={search_term_string}"},"query-input":{"@type":"PropertyValueSpecification","valueRequired":true,"valueName":"search_term_string"}}],"inLanguage":"cs"},{"@type":"Organization","@id":"https:\/\/glareone.eu\/cs\/en\/#organization","name":"GlareOne","url":"https:\/\/glareone.eu\/cs\/en\/","logo":{"@type":"ImageObject","inLanguage":"cs","@id":"https:\/\/glareone.eu\/cs\/en\/#\/schema\/logo\/image\/","url":"http:\/\/glareone.eu\/wp-content\/uploads\/2024\/05\/glareone_logo2020_RGB-01-e1715773127189.png","contentUrl":"http:\/\/glareone.eu\/wp-content\/uploads\/2024\/05\/glareone_logo2020_RGB-01-e1715773127189.png","width":1270,"height":321,"caption":"GlareOne"},"image":{"@id":"https:\/\/glareone.eu\/cs\/en\/#\/schema\/logo\/image\/"},"sameAs":["https:\/\/www.facebook.com\/GlareOneLighting","https:\/\/www.instagram.com\/glareonelighting\/","https:\/\/www.youtube.com\/@GlareOneTV"]}]}},"_links":{"self":[{"href":"https:\/\/glareone.eu\/cs\/wp-json\/wp\/v2\/product\/22823","targetHints":{"allow":["GET"]}}],"collection":[{"href":"https:\/\/glareone.eu\/cs\/wp-json\/wp\/v2\/product"}],"about":[{"href":"https:\/\/glareone.eu\/cs\/wp-json\/wp\/v2\/types\/product"}],"wp:featuredmedia":[{"embeddable":true,"href":"https:\/\/glareone.eu\/cs\/wp-json\/wp\/v2\/media\/22828"}],"wp:attachment":[{"href":"https:\/\/glareone.eu\/cs\/wp-json\/wp\/v2\/media?parent=22823"}],"wp:term":[{"taxonomy":"product_brand","embeddable":true,"href":"https:\/\/glareone.eu\/cs\/wp-json\/wp\/v2\/product_brand?post=22823"},{"taxonomy":"product_cat","embeddable":true,"href":"https:\/\/glareone.eu\/cs\/wp-json\/wp\/v2\/product_cat?post=22823"},{"taxonomy":"product_tag","embeddable":true,"href":"https:\/\/glareone.eu\/cs\/wp-json\/wp\/v2\/product_tag?post=22823"}],"curies":[{"name":"wp","href":"https:\/\/api.w.org\/{rel}","templated":true}]}}