{"id":22476,"date":"2025-11-17T12:49:53","date_gmt":"2025-11-17T12:49:53","guid":{"rendered":"https:\/\/glareone.eu\/?post_type=product&#038;p=22476"},"modified":"2026-01-21T11:47:55","modified_gmt":"2026-01-21T11:47:55","slug":"glareone-talos","status":"publish","type":"product","link":"https:\/\/glareone.eu\/cs\/produkt\/glareone-talos\/","title":{"rendered":"GlareOne Talos"},"content":{"rendered":"<p>GlareOne Talos je nejmen\u0161\u00ed spou\u0161\u0165 v \u0159ad\u011b GlareOne, vybaven\u00e1 barevn\u00fdm dotykov\u00fdm OLED displejem. Podporuje vysokorychlostn\u00ed synchronizaci (HSS) a\u017e do 1\/8000 sekundy a provoz TTL.<\/p>\n<p style=\"margin: 1cm 4cm;\">\n<div class='avia-iframe-wrap'><iframe loading=\"lazy\" title=\"GlareOne Talos i Talos S - prezentacja nadajnika\" width=\"1500\" height=\"844\" src=\"https:\/\/www.youtube.com\/embed\/amlK6yGE4VM?feature=oembed\" frameborder=\"0\" allow=\"accelerometer; autoplay; clipboard-write; encrypted-media; gyroscope; picture-in-picture; web-share\" referrerpolicy=\"strict-origin-when-cross-origin\" allowfullscreen><\/iframe><\/div>\n<\/p>\n<h4>Miniaturn\u00ed velikost a dotykov\u00fd OLED displej<\/h4>\n<p>Vys\u00edla\u010d Talos se vyzna\u010duje kompaktn\u00edm designem a t\u00e9m\u011b\u0159 nepost\u0159ehnutelnou hmotnost\u00ed, co\u017e zaji\u0161\u0165uje pohodln\u00e9 pou\u017e\u00edv\u00e1n\u00ed a snadnou p\u0159epravu.<br \/>\nJe vybaven jasn\u00fdm dotykov\u00fdm OLED displejem, kter\u00fd umo\u017e\u0148uje rychl\u00fd p\u0159\u00edstup k nastaven\u00edm a informac\u00edm a nab\u00edz\u00ed pohodl\u00ed v jak\u00e9mkoli pracovn\u00edm prost\u0159ed\u00ed. Displej je pota\u017een antireflexn\u00ed vrstvou, je mimo\u0159\u00e1dn\u011b jasn\u00fd a dosahuje a\u017e 2500 nit\u016f. Barevn\u00e9 rozhran\u00ed je \u017eiv\u00e9 a lze jej p\u0159izp\u016fsobit v nab\u00eddce za\u0159\u00edzen\u00ed. D\u00edky tomu je ovl\u00e1d\u00e1n\u00ed vys\u00edla\u010de p\u0159\u00edjemn\u00e9 a intuitivn\u00ed.<\/p>\n<h4>Dosah a komunikace<\/h4>\n<p>Vys\u00edla\u010d pracuje na frekvenci 2,4 GHz, co\u017e umo\u017e\u0148uje stabiln\u00ed komunikaci s blesky v dosahu a\u017e 80 metr\u016f. Podporuje 6 skupin a 32 komunika\u010dn\u00edch kan\u00e1l\u016f, co\u017e umo\u017e\u0148uje p\u0159esn\u00e9 a spolehliv\u00e9 ovl\u00e1d\u00e1n\u00ed v\u00edce sv\u011bteln\u00fdch zdroj\u016f.<\/p>\n<h4>Kompatibilita a nap\u00e1jen\u00ed<\/h4>\n<p>GlareOne Talos je kompatibiln\u00ed s fotoapar\u00e1ty Canon, Nikon, Fujifilm, Lumix a OM SYSTEM, co\u017e z n\u011bj \u010din\u00ed univerz\u00e1ln\u00ed n\u00e1stroj pro fotografy pou\u017e\u00edvaj\u00edc\u00ed r\u016fzn\u00e9 syst\u00e9my. Za\u0159\u00edzen\u00ed je nap\u00e1jeno vestav\u011bnou bateri\u00ed a nab\u00edj\u00ed se p\u0159es USB-C, co\u017e zaji\u0161\u0165uje dlouhou dobu provozu a pohodln\u00e9 rychl\u00e9 dob\u00edjen\u00ed.<\/p>\n<h4>TTL a HSS<\/h4>\n<p>Vys\u00edla\u010d GlareOne Talos podporuje pokro\u010dil\u00e9 funkce, jako je vysokorychlostn\u00ed synchronizace (HSS) a\u017e do 1\/8000 sekundy a provoz TTL, co\u017e umo\u017e\u0148uje p\u0159esn\u00e9 a automatick\u00e9 p\u0159izp\u016fsoben\u00ed v\u00fdkonu blesku dan\u00e9 sv\u011bteln\u00e9 situaci.<\/p>\n<h4>Vlastnosti vys\u00edla\u010de GlareOne TALOS:<\/h4>\n<p>\u2022 1,43palcov\u00fd dotykov\u00fd displej OLED<br \/>\n\u2022 Pohodln\u00fd ovlada\u010d v\u00fdkonu<br \/>\n\u2022 Dosah a\u017e 80 m<br \/>\n\u2022 Frekvence 2,4 GHz<br \/>\n\u2022 Automatick\u00e9 sp\u00e1rov\u00e1n\u00ed s blesky<br \/>\n\u2022 16 skupin a 32 komunika\u010dn\u00edch kan\u00e1l\u016f<br \/>\n\u2022 Spolupracuje s lampami Vega, Antares, Apus, Botis<br \/>\n\u2022 Vestav\u011bn\u00e1 baterie poskytuj\u00edc\u00ed a\u017e 8 hodin nep\u0159etr\u017eit\u00e9ho provozu nebo 30 000 sn\u00edmk\u016f<br \/>\n\u2022 Nab\u00edjen\u00ed p\u0159es USB-C<br \/>\n\u2022 Kompatibiln\u00ed s fotoapar\u00e1ty Canon \/ Nikon \/ Fujifilm \/ Lumix \/ OM System<br \/>\n\u2022 Re\u017eim pln\u00e9 komunikace s kamerou nebo pln\u011b manu\u00e1ln\u00ed ovl\u00e1d\u00e1n\u00ed<br \/>\n\u2022 Podporuje automatick\u00fd re\u017eim TTL, HSS a\u017e do 1\/8000 s a re\u017eim MULTI.<br \/>\n\u2022 Podporuje funkci FREEZE<br \/>\n\u2022 P\u0159izp\u016fsobiteln\u00e1 barva rozhran\u00ed<\/p>\n<h4>Obsah balen\u00ed:<\/h4>\n<p>1x vys\u00edla\u010d<br \/>\n1x u\u017eivatelsk\u00e1 p\u0159\u00edru\u010dka<\/p>\n","protected":false},"excerpt":{"rendered":"<p>GlareOne Talos je nejmen\u0161\u00ed spou\u0161\u0165 v \u0159ad\u011b GlareOne, vybaven\u00e1 barevn\u00fdm dotykov\u00fdm OLED displejem. Podporuje vysokorychlostn\u00ed synchronizaci (HSS) a\u017e do 1\/8000 sekundy a provoz TTL. Miniaturn\u00ed velikost a dotykov\u00fd OLED displej Vys\u00edla\u010d Talos se vyzna\u010duje kompaktn\u00edm designem a t\u00e9m\u011b\u0159 nepost\u0159ehnutelnou hmotnost\u00ed, co\u017e zaji\u0161\u0165uje pohodln\u00e9 pou\u017e\u00edv\u00e1n\u00ed a snadnou p\u0159epravu. Je vybaven jasn\u00fdm dotykov\u00fdm OLED displejem, kter\u00fd umo\u017e\u0148uje [&hellip;]<\/p>\n","protected":false},"featured_media":22481,"template":"","meta":[],"product_brand":[],"product_cat":[584],"product_tag":[],"class_list":{"0":"post-22476","1":"product","2":"type-product","3":"status-publish","4":"has-post-thumbnail","6":"product_cat-akumulatorove-blesky","8":"first","9":"instock","10":"product-type-simple"},"yoast_head":"<!-- This site is optimized with the Yoast SEO plugin v27.2 - https:\/\/yoast.com\/product\/yoast-seo-wordpress\/ -->\n<title>GlareOne Talos<\/title>\n<meta name=\"description\" content=\"GlareOne Talos\" \/>\n<meta name=\"robots\" content=\"index, follow, max-snippet:-1, max-image-preview:large, max-video-preview:-1\" \/>\n<link rel=\"canonical\" href=\"https:\/\/glareone.eu\/cs\/produkt\/glareone-talos\/\" \/>\n<meta property=\"og:locale\" content=\"cs_CZ\" \/>\n<meta property=\"og:type\" content=\"article\" \/>\n<meta property=\"og:title\" content=\"GlareOne Botis 400\" \/>\n<meta property=\"og:description\" content=\"GlareOne Talos\" \/>\n<meta property=\"og:url\" content=\"https:\/\/glareone.eu\/cs\/produkt\/glareone-talos\/\" \/>\n<meta property=\"og:site_name\" content=\"GlareOne\" \/>\n<meta property=\"article:publisher\" content=\"https:\/\/www.facebook.com\/GlareOneLighting\" \/>\n<meta property=\"article:modified_time\" content=\"2026-01-21T11:47:55+00:00\" \/>\n<meta property=\"og:image\" content=\"https:\/\/glareone.eu\/wp-content\/uploads\/2025\/11\/SOTALOS_01.jpg\" \/>\n\t<meta property=\"og:image:width\" content=\"1200\" \/>\n\t<meta property=\"og:image:height\" content=\"1200\" \/>\n\t<meta property=\"og:image:type\" content=\"image\/jpeg\" \/>\n<meta name=\"twitter:card\" content=\"summary_large_image\" \/>\n<meta name=\"twitter:title\" content=\"GlareOne Botis 400\" \/>\n<meta name=\"twitter:label1\" content=\"Odhadovan\u00e1 doba \u010dten\u00ed\" \/>\n\t<meta name=\"twitter:data1\" content=\"2 minuty\" \/>\n<script type=\"application\/ld+json\" class=\"yoast-schema-graph\">{\"@context\":\"https:\/\/schema.org\",\"@graph\":[{\"@type\":\"WebPage\",\"@id\":\"https:\/\/glareone.eu\/cs\/produkt\/glareone-talos\/\",\"url\":\"https:\/\/glareone.eu\/cs\/produkt\/glareone-talos\/\",\"name\":\"GlareOne Talos\",\"isPartOf\":{\"@id\":\"https:\/\/glareone.eu\/cs\/en\/#website\"},\"primaryImageOfPage\":{\"@id\":\"https:\/\/glareone.eu\/cs\/produkt\/glareone-talos\/#primaryimage\"},\"image\":{\"@id\":\"https:\/\/glareone.eu\/cs\/produkt\/glareone-talos\/#primaryimage\"},\"thumbnailUrl\":\"https:\/\/glareone.eu\/wp-content\/uploads\/2025\/11\/SOTALOS_01.jpg\",\"datePublished\":\"2025-11-17T12:49:53+00:00\",\"dateModified\":\"2026-01-21T11:47:55+00:00\",\"description\":\"GlareOne Talos\",\"breadcrumb\":{\"@id\":\"https:\/\/glareone.eu\/cs\/produkt\/glareone-talos\/#breadcrumb\"},\"inLanguage\":\"cs\",\"potentialAction\":[{\"@type\":\"ReadAction\",\"target\":[\"https:\/\/glareone.eu\/cs\/produkt\/glareone-talos\/\"]}]},{\"@type\":\"ImageObject\",\"inLanguage\":\"cs\",\"@id\":\"https:\/\/glareone.eu\/cs\/produkt\/glareone-talos\/#primaryimage\",\"url\":\"https:\/\/glareone.eu\/wp-content\/uploads\/2025\/11\/SOTALOS_01.jpg\",\"contentUrl\":\"https:\/\/glareone.eu\/wp-content\/uploads\/2025\/11\/SOTALOS_01.jpg\",\"width\":1200,\"height\":1200},{\"@type\":\"BreadcrumbList\",\"@id\":\"https:\/\/glareone.eu\/cs\/produkt\/glareone-talos\/#breadcrumb\",\"itemListElement\":[{\"@type\":\"ListItem\",\"position\":1,\"name\":\"Strona g\u0142\u00f3wna\",\"item\":\"https:\/\/glareone.eu\/cs\/\"},{\"@type\":\"ListItem\",\"position\":2,\"name\":\"V\u0161echny produkty\",\"item\":\"https:\/\/glareone.eu\/cs\/produkty\/vsechny-produkty\/\"},{\"@type\":\"ListItem\",\"position\":3,\"name\":\"GlareOne Talos\"}]},{\"@type\":\"WebSite\",\"@id\":\"https:\/\/glareone.eu\/cs\/en\/#website\",\"url\":\"https:\/\/glareone.eu\/cs\/en\/\",\"name\":\"GlareOne\",\"description\":\"Wyposa\u017cenie Studia\",\"publisher\":{\"@id\":\"https:\/\/glareone.eu\/cs\/en\/#organization\"},\"potentialAction\":[{\"@type\":\"SearchAction\",\"target\":{\"@type\":\"EntryPoint\",\"urlTemplate\":\"https:\/\/glareone.eu\/cs\/en\/?s={search_term_string}\"},\"query-input\":{\"@type\":\"PropertyValueSpecification\",\"valueRequired\":true,\"valueName\":\"search_term_string\"}}],\"inLanguage\":\"cs\"},{\"@type\":\"Organization\",\"@id\":\"https:\/\/glareone.eu\/cs\/en\/#organization\",\"name\":\"GlareOne\",\"url\":\"https:\/\/glareone.eu\/cs\/en\/\",\"logo\":{\"@type\":\"ImageObject\",\"inLanguage\":\"cs\",\"@id\":\"https:\/\/glareone.eu\/cs\/en\/#\/schema\/logo\/image\/\",\"url\":\"http:\/\/glareone.eu\/wp-content\/uploads\/2024\/05\/glareone_logo2020_RGB-01-e1715773127189.png\",\"contentUrl\":\"http:\/\/glareone.eu\/wp-content\/uploads\/2024\/05\/glareone_logo2020_RGB-01-e1715773127189.png\",\"width\":1270,\"height\":321,\"caption\":\"GlareOne\"},\"image\":{\"@id\":\"https:\/\/glareone.eu\/cs\/en\/#\/schema\/logo\/image\/\"},\"sameAs\":[\"https:\/\/www.facebook.com\/GlareOneLighting\",\"https:\/\/www.instagram.com\/glareonelighting\/\",\"https:\/\/www.youtube.com\/@GlareOneTV\"]}]}<\/script>\n<!-- \/ Yoast SEO plugin. -->","yoast_head_json":{"title":"GlareOne Talos","description":"GlareOne Talos","robots":{"index":"index","follow":"follow","max-snippet":"max-snippet:-1","max-image-preview":"max-image-preview:large","max-video-preview":"max-video-preview:-1"},"canonical":"https:\/\/glareone.eu\/cs\/produkt\/glareone-talos\/","og_locale":"cs_CZ","og_type":"article","og_title":"GlareOne Botis 400","og_description":"GlareOne Talos","og_url":"https:\/\/glareone.eu\/cs\/produkt\/glareone-talos\/","og_site_name":"GlareOne","article_publisher":"https:\/\/www.facebook.com\/GlareOneLighting","article_modified_time":"2026-01-21T11:47:55+00:00","og_image":[{"width":1200,"height":1200,"url":"https:\/\/glareone.eu\/wp-content\/uploads\/2025\/11\/SOTALOS_01.jpg","type":"image\/jpeg"}],"twitter_card":"summary_large_image","twitter_title":"GlareOne Botis 400","twitter_misc":{"Odhadovan\u00e1 doba \u010dten\u00ed":"2 minuty"},"schema":{"@context":"https:\/\/schema.org","@graph":[{"@type":"WebPage","@id":"https:\/\/glareone.eu\/cs\/produkt\/glareone-talos\/","url":"https:\/\/glareone.eu\/cs\/produkt\/glareone-talos\/","name":"GlareOne Talos","isPartOf":{"@id":"https:\/\/glareone.eu\/cs\/en\/#website"},"primaryImageOfPage":{"@id":"https:\/\/glareone.eu\/cs\/produkt\/glareone-talos\/#primaryimage"},"image":{"@id":"https:\/\/glareone.eu\/cs\/produkt\/glareone-talos\/#primaryimage"},"thumbnailUrl":"https:\/\/glareone.eu\/wp-content\/uploads\/2025\/11\/SOTALOS_01.jpg","datePublished":"2025-11-17T12:49:53+00:00","dateModified":"2026-01-21T11:47:55+00:00","description":"GlareOne Talos","breadcrumb":{"@id":"https:\/\/glareone.eu\/cs\/produkt\/glareone-talos\/#breadcrumb"},"inLanguage":"cs","potentialAction":[{"@type":"ReadAction","target":["https:\/\/glareone.eu\/cs\/produkt\/glareone-talos\/"]}]},{"@type":"ImageObject","inLanguage":"cs","@id":"https:\/\/glareone.eu\/cs\/produkt\/glareone-talos\/#primaryimage","url":"https:\/\/glareone.eu\/wp-content\/uploads\/2025\/11\/SOTALOS_01.jpg","contentUrl":"https:\/\/glareone.eu\/wp-content\/uploads\/2025\/11\/SOTALOS_01.jpg","width":1200,"height":1200},{"@type":"BreadcrumbList","@id":"https:\/\/glareone.eu\/cs\/produkt\/glareone-talos\/#breadcrumb","itemListElement":[{"@type":"ListItem","position":1,"name":"Strona g\u0142\u00f3wna","item":"https:\/\/glareone.eu\/cs\/"},{"@type":"ListItem","position":2,"name":"V\u0161echny produkty","item":"https:\/\/glareone.eu\/cs\/produkty\/vsechny-produkty\/"},{"@type":"ListItem","position":3,"name":"GlareOne Talos"}]},{"@type":"WebSite","@id":"https:\/\/glareone.eu\/cs\/en\/#website","url":"https:\/\/glareone.eu\/cs\/en\/","name":"GlareOne","description":"Wyposa\u017cenie Studia","publisher":{"@id":"https:\/\/glareone.eu\/cs\/en\/#organization"},"potentialAction":[{"@type":"SearchAction","target":{"@type":"EntryPoint","urlTemplate":"https:\/\/glareone.eu\/cs\/en\/?s={search_term_string}"},"query-input":{"@type":"PropertyValueSpecification","valueRequired":true,"valueName":"search_term_string"}}],"inLanguage":"cs"},{"@type":"Organization","@id":"https:\/\/glareone.eu\/cs\/en\/#organization","name":"GlareOne","url":"https:\/\/glareone.eu\/cs\/en\/","logo":{"@type":"ImageObject","inLanguage":"cs","@id":"https:\/\/glareone.eu\/cs\/en\/#\/schema\/logo\/image\/","url":"http:\/\/glareone.eu\/wp-content\/uploads\/2024\/05\/glareone_logo2020_RGB-01-e1715773127189.png","contentUrl":"http:\/\/glareone.eu\/wp-content\/uploads\/2024\/05\/glareone_logo2020_RGB-01-e1715773127189.png","width":1270,"height":321,"caption":"GlareOne"},"image":{"@id":"https:\/\/glareone.eu\/cs\/en\/#\/schema\/logo\/image\/"},"sameAs":["https:\/\/www.facebook.com\/GlareOneLighting","https:\/\/www.instagram.com\/glareonelighting\/","https:\/\/www.youtube.com\/@GlareOneTV"]}]}},"_links":{"self":[{"href":"https:\/\/glareone.eu\/cs\/wp-json\/wp\/v2\/product\/22476","targetHints":{"allow":["GET"]}}],"collection":[{"href":"https:\/\/glareone.eu\/cs\/wp-json\/wp\/v2\/product"}],"about":[{"href":"https:\/\/glareone.eu\/cs\/wp-json\/wp\/v2\/types\/product"}],"wp:featuredmedia":[{"embeddable":true,"href":"https:\/\/glareone.eu\/cs\/wp-json\/wp\/v2\/media\/22481"}],"wp:attachment":[{"href":"https:\/\/glareone.eu\/cs\/wp-json\/wp\/v2\/media?parent=22476"}],"wp:term":[{"taxonomy":"product_brand","embeddable":true,"href":"https:\/\/glareone.eu\/cs\/wp-json\/wp\/v2\/product_brand?post=22476"},{"taxonomy":"product_cat","embeddable":true,"href":"https:\/\/glareone.eu\/cs\/wp-json\/wp\/v2\/product_cat?post=22476"},{"taxonomy":"product_tag","embeddable":true,"href":"https:\/\/glareone.eu\/cs\/wp-json\/wp\/v2\/product_tag?post=22476"}],"curies":[{"name":"wp","href":"https:\/\/api.w.org\/{rel}","templated":true}]}}