{"id":22421,"date":"2025-11-17T12:22:34","date_gmt":"2025-11-17T12:22:34","guid":{"rendered":"https:\/\/glareone.eu\/?post_type=product&#038;p=22421"},"modified":"2025-12-15T08:32:15","modified_gmt":"2025-12-15T08:32:15","slug":"glareone-botis-600","status":"publish","type":"product","link":"https:\/\/glareone.eu\/cs\/produkt\/glareone-botis-600\/","title":{"rendered":"GlareOne Botis 600"},"content":{"rendered":"<p><span style=\"font-weight: 400;\">GlareOne Botis 600 je blesk o v\u00fdkonu 600 Ws, kter\u00fd nab\u00edz\u00ed siln\u00e9 sv\u011btlo pro profesion\u00e1ly a je vybaven tak\u00e9 40 W BiColor LED modelovac\u00edm sv\u011btlem. D\u00edky \u00fa\u010dinn\u00e9 Li-Ion baterii m\u016f\u017ee jednotka na jedno nabit\u00ed poskytnout a\u017e 380 blesk\u016f na pln\u00fd v\u00fdkon. Vestav\u011bn\u00e9 funkce TTL a HSS zaji\u0161\u0165uj\u00ed p\u0159esnou expozici v ka\u017ed\u00e9 situaci.<\/span><\/p>\n<p style=\"margin: 1cm 4cm;\">\n<div class='avia-iframe-wrap'><iframe loading=\"lazy\" title=\"GlareOne Botis 400 i 600 - prezentacja lamp\" width=\"1500\" height=\"844\" src=\"https:\/\/www.youtube.com\/embed\/6ciD6qxtX40?feature=oembed\" frameborder=\"0\" allow=\"accelerometer; autoplay; clipboard-write; encrypted-media; gyroscope; picture-in-picture; web-share\" referrerpolicy=\"strict-origin-when-cross-origin\" allowfullscreen><\/iframe><\/div>\n<\/p>\n<h4>V\u00fdkon, \u00fa\u010dinnost a technologie<\/h4>\n<p><span style=\"font-weight: 400;\">GlareOne Botis 600 je bleskov\u00e1 jednotka s maxim\u00e1ln\u00edm v\u00fdkonem 600 Ws \u2013 ale jej\u00ed v\u00fdkon nen\u00ed d\u00e1n pouze \u010d\u00edslem na krytu. Skute\u010dn\u011b d\u016fle\u017eit\u00e9 je pokro\u010dil\u00e1 technologie zabudovan\u00e1 do za\u0159\u00edzen\u00ed a konstrukce bleskov\u00e9 trubice, kter\u00e1 umo\u017e\u0148uje dosahovat lep\u0161\u00edch v\u00fdsledk\u016f ne\u017e mnoho konkuren\u010dn\u00edch model\u016f s v\u00fdkonem 500 nebo dokonce 600 Ws. <\/span><\/p>\n<p><span style=\"font-weight: 400;\">V\u00fdkonn\u00fd sv\u011bteln\u00fd zdroj funguje perfektn\u011b jak p\u0159i n\u00e1ro\u010dn\u00fdch studiov\u00fdch sezen\u00edch, tak p\u0159i venkovn\u00edm fotografov\u00e1n\u00ed, zejm\u00e9na p\u0159i pou\u017eit\u00ed reflektor\u016f, kde je sv\u011bteln\u00e1 \u00fa\u010dinnost a\u017e o 1,5 EV*<\/span><span style=\"font-weight: 400;\"> vy\u0161\u0161\u00ed ve srovn\u00e1n\u00ed se sv\u011btly jin\u00fdch v\u00fdrobc\u016f. D\u00edky \u00fa\u010dinn\u00e9mu chladic\u00edmu syst\u00e9mu lze sv\u011btlo intenzivn\u011b pou\u017e\u00edvat p\u0159i dynamick\u00e9m fotografov\u00e1n\u00ed, co\u017e umo\u017e\u0148uje nep\u0159etr\u017eit\u00e9 spou\u0161t\u011bn\u00ed a\u017e 150 blesk\u016f na pln\u00fd v\u00fdkon bez p\u0159eru\u0161en\u00ed. Doba recyklace p\u0159i maxim\u00e1ln\u00edm nastaven\u00ed v\u00fdkonu je pouh\u00fdch 0,9 sekundy, co\u017e umo\u017e\u0148uje rychl\u00fd pracovn\u00ed postup bez ztr\u00e1ty jedin\u00e9ho sn\u00edmku.<\/span><\/p>\n<h4>Kvalita sv\u011btla<\/h4>\n<p><span style=\"font-weight: 400;\">Sv\u011btlo je vybaveno velkou, vy\u010dn\u00edvaj\u00edc\u00ed otev\u0159enou z\u00e1bleskovou trubic\u00ed, kter\u00e1 zaji\u0161\u0165uje rovnom\u011brn\u00e9 rozlo\u017een\u00ed sv\u011btla. D\u00edky tomu Botis 600 perfektn\u011b funguje s r\u016fzn\u00fdmi modifik\u00e1tory sv\u011btla, jako jsou softboxy, de\u0161tn\u00edky, reflektory, snooty a beauty disky. Barevn\u00e1 teplota a spektrum sv\u011btla odpov\u00eddaj\u00ed p\u0159irozen\u00e9mu denn\u00edmu sv\u011btlu, co\u017e zaji\u0161\u0165uje vynikaj\u00edc\u00ed p\u0159esnost barev a reprodukci detail\u016f na fotografi\u00edch. Sv\u011btlo tak\u00e9 nab\u00edz\u00ed vysokou stabilitu a konzistenci z\u00e1blesk\u016f. Z\u00e1bleskov\u00e1 trubice Botis 600 je chr\u00e1n\u011bna sklen\u011bnou kopul\u00ed, kter\u00e1 ji chr\u00e1n\u00ed p\u0159ed po\u0161kozen\u00edm.<\/span><\/p>\n<h4>Kr\u00e1tk\u00e1 doba trv\u00e1n\u00ed z\u00e1blesku<\/h4>\n<p><span style=\"font-weight: 400;\">Botis 600 je vybaven re\u017eimem Freeze, kter\u00fd umo\u017e\u0148uje nastaven\u00ed d\u00e9lky z\u00e1blesku od 1\/1000 s do 1\/27000 s (t0,5). Tato funkce je nezbytn\u00e1 pro zachycen\u00ed pohybu p\u0159i fotografov\u00e1n\u00ed s bleskem. Displej zobrazuje p\u0159esnou d\u00e9lku z\u00e1blesku odpov\u00eddaj\u00edc\u00ed zvolen\u00e9 \u00farovni v\u00fdkonu. Pou\u017eit\u00ed vhodn\u00e9 d\u00e9lky z\u00e1blesku zaji\u0161\u0165uje ostr\u00e9 sn\u00edmky, kdy\u017e je naprosto z\u00e1sadn\u00ed zachytit ten spr\u00e1vn\u00fd okam\u017eik.<\/span><\/p>\n<h4>P\u0159\u00edslu\u0161enstv\u00ed<\/h4>\n<p><span style=\"font-weight: 400;\">Botis 600 se dod\u00e1v\u00e1 jako sada s reflektorem, m\u0159\u00ed\u017ekou a barevn\u00fdmi filtry, kter\u00e9 umo\u017e\u0148uj\u00ed p\u0159esn\u00e9 ovl\u00e1d\u00e1n\u00ed sv\u011btla nebo kreativn\u00ed barevn\u00e9 efekty. Sou\u010d\u00e1st\u00ed balen\u00ed je tak\u00e9 praktick\u00e9 p\u0159enosn\u00e9 pouzdro pro bezpe\u010dnou a snadnou p\u0159epravu. Botis 600 je vybaven dr\u017e\u00e1kem typu Bowens, kter\u00fd je kompatibiln\u00ed s \u0161irokou \u0161k\u00e1lou modifik\u00e1tor\u016f a p\u0159\u00edslu\u0161enstv\u00ed nab\u00edzen\u00fdch spole\u010dnost\u00ed GlareOne i mnoha dal\u0161\u00edmi v\u00fdrobci.<\/span><\/p>\n<h4>Kompatibilita d\u00e1lkov\u00e9ho ovl\u00e1d\u00e1n\u00ed a spou\u0161t\u011b<\/h4>\n<p><span style=\"font-weight: 400;\">GlareOne Botis 600 disponuje re\u017eimem SLAVE, kter\u00fd umo\u017e\u0148uje jeho d\u00e1lkov\u00e9 spou\u0161t\u011bn\u00ed jin\u00fdmi za\u0159\u00edzen\u00edmi Master v r\u00e1mci syst\u00e9mu blesk\u016f GlareOne. To poskytuje \u00faplnou svobodu p\u0159i tvarov\u00e1n\u00ed osv\u011btlen\u00ed na place. Botis 600 je pln\u011b kompatibiln\u00ed se v\u0161emi spou\u0161t\u011b\u010di GlareOne, co\u017e usnad\u0148uje integraci s jin\u00fdmi sv\u011btly stejn\u00e9 zna\u010dky a zaji\u0161\u0165uje pohodln\u00e9 a flexibiln\u00ed ovl\u00e1d\u00e1n\u00ed.<\/span><\/p>\n<h4>Pokro\u010dil\u00e1 nastaven\u00ed kan\u00e1l\u016f a skupin<\/h4>\n<p><span style=\"font-weight: 400;\">GlareOne Botis 600 podporuje provoz v 16 skupin\u00e1ch a 32 kan\u00e1lech, co\u017e poskytuje \u0161irokou \u0161k\u00e1lu mo\u017enost\u00ed konfigurace a ovl\u00e1d\u00e1n\u00ed pro v\u00edce sv\u011btel v r\u016fzn\u00fdch podm\u00ednk\u00e1ch nat\u00e1\u010den\u00ed. To umo\u017e\u0148uje p\u0159esn\u00e9 nastaven\u00ed parametr\u016f osv\u011btlen\u00ed.<\/span><\/p>\n<h4>HSS a TTL<\/h4>\n<p><span style=\"font-weight: 400;\">Blesk podporuje funkci High-Speed Sync (HSS), kter\u00e1 umo\u017e\u0148uje synchronizaci s extr\u00e9mn\u011b kr\u00e1tk\u00fdmi \u010dasy z\u00e1v\u011brky \u2013 co\u017e je zvl\u00e1\u0161t\u011b u\u017eite\u010dn\u00e9 p\u0159i fotografov\u00e1n\u00ed venku a p\u0159i portr\u00e9tn\u00ed fotografii s malou hloubkou ostrosti. Automatick\u00e9 m\u011b\u0159en\u00ed expozice TTL zaji\u0161\u0165uje dokonalou expozici bez nutnosti ru\u010dn\u00edho nastavov\u00e1n\u00ed, co\u017e v\u00fdrazn\u011b usnad\u0148uje pr\u00e1ci a \u0161et\u0159\u00ed drahocenn\u00fd \u010das.<\/span><\/p>\n<h4>Baterie<\/h4>\n<p><span style=\"font-weight: 400;\">D\u00edky lithium-iontov\u00e9 baterii dok\u00e1\u017ee GlareOne Botis 600 na jedno nabit\u00ed poskytnout a\u017e 380 z\u00e1blesk\u016f, co\u017e zaru\u010duje dlouhodob\u00fd a spolehliv\u00fd v\u00fdkon i p\u0159i intenzivn\u00edm fotografov\u00e1n\u00ed.<\/span><\/p>\n<h4>Nastaven\u00ed v\u00fdkonu blesku<\/h4>\n<p><span style=\"font-weight: 400;\">Blesk nab\u00edz\u00ed nastaven\u00ed v\u00fdkonu blesku v 9 \u00farovn\u00edch clony, co\u017e umo\u017e\u0148uje p\u0159esn\u00e9 ovl\u00e1d\u00e1n\u00ed sv\u011bteln\u00e9ho v\u00fdkonu.<\/span><\/p>\n<h4>Vlastnosti GlareOne Botis 600 a rozd\u00edly oproti Botis 400:<\/h4>\n<p>&nbsp;<\/p>\n<table dir=\"ltr\" border=\"1\" cellspacing=\"0\" cellpadding=\"0\" data-sheets-root=\"1\" data-sheets-baot=\"1\">\n<colgroup>\n<col width=\"100\" \/>\n<col width=\"100\" \/><\/colgroup>\n<tbody>\n<tr>\n<td><strong>Botis 400<\/strong><\/td>\n<td><strong>Botis 600<\/strong><\/td>\n<\/tr>\n<tr>\n<td>\u2022 kompaktn\u00ed <strong>400 Ws<\/strong> blesk,<\/td>\n<td>\n<div>\n<div>\u2022 kompaktn\u00ed <strong>600 Ws<\/strong> blesk,<\/div>\n<\/div>\n<\/td>\n<\/tr>\n<tr>\n<td>\u2022 automatick\u00fd re\u017eim TTL a HSS a\u017e do 1\/8000 s,<\/td>\n<td>\n<div>\n<div>\u2022 automatick\u00fd re\u017eim TTL a HSS a\u017e do 1\/8000 s,<\/div>\n<\/div>\n<\/td>\n<\/tr>\n<tr>\n<td>\u2022 <strong>500<\/strong> pln\u00fdch z\u00e1blesk\u016f na jedno nabit\u00ed baterie,<\/td>\n<td>\n<div>\n<div>\u2022 <strong>380<\/strong> pln\u00fdch v\u00fdkon\u016f blesk\u016f na jedno nabit\u00ed baterie,<\/div>\n<\/div>\n<\/td>\n<\/tr>\n<tr>\n<td>\u2022 doba recyklace 0,01 \u2013 0,9 s,<\/td>\n<td>\n<div>\n<div>\u2022 doba recyklace 0,01 \u2013 0,9 s,<\/div>\n<\/div>\n<\/td>\n<\/tr>\n<tr>\n<td>\u2022 <strong>180<\/strong> po sob\u011b jdouc\u00edch z\u00e1blesk\u016f s pln\u00fdm v\u00fdkonem p\u0159i s\u00e9riov\u00e9m sn\u00edm\u00e1n\u00ed,<\/td>\n<td>\n<div>\n<div>\u2022 <strong>150<\/strong> po sob\u011b jdouc\u00edch z\u00e1blesk\u016f s pln\u00fdm v\u00fdkonem p\u0159i s\u00e9riov\u00e9m sn\u00edm\u00e1n\u00ed,<\/div>\n<\/div>\n<\/td>\n<\/tr>\n<tr>\n<td>\u2022 v\u00fdkonov\u00fd rozsah 2,0\u201310,0,<\/td>\n<td>\n<div>\n<div>\u2022 v\u00fdkonov\u00fd rozsah 2,0\u201310,0,<\/div>\n<\/div>\n<\/td>\n<\/tr>\n<tr>\n<td>\u2022 stabiln\u00ed teplota barev 5500 K \u00b1 75 K,<\/td>\n<td>\n<div>\n<div>\u2022 stabiln\u00ed teplota barev 5500 K \u00b1 75 K,<\/div>\n<\/div>\n<\/td>\n<\/tr>\n<tr>\n<td>\u2022 doba trv\u00e1n\u00ed blesku t0,5 = <strong>1\/530 \u2013 1\/20200<\/strong>,<\/td>\n<td>\n<div>\n<div>\u2022 doba trv\u00e1n\u00ed blesku t0,5 =<strong> 1\/1000 \u2013 1\/27000,<\/strong><\/div>\n<\/div>\n<\/td>\n<\/tr>\n<tr>\n<td>\u2022 t\u0159i re\u017eimy blesku: NORMAL, MULTI a FREEZE,<\/td>\n<td>\n<div>\n<div>\u2022 t\u0159i re\u017eimy blesku: NORMAL, MULTI a FREEZE,<\/div>\n<\/div>\n<\/td>\n<\/tr>\n<tr>\n<td>\u2022 Funkce maskov\u00e1n\u00ed objekt\u016f EasyCap,<\/td>\n<td>\n<div>\n<div>\u2022 Funkce maskov\u00e1n\u00ed objekt\u016f EasyCap,<\/div>\n<\/div>\n<\/td>\n<\/tr>\n<tr>\n<td>\u2022 kompatibiln\u00ed s bezdr\u00e1tov\u00fdm syst\u00e9mem GlareOne,<\/td>\n<td>\n<div>\n<div>\u2022 kompatibiln\u00ed s bezdr\u00e1tov\u00fdm syst\u00e9mem GlareOne,<\/div>\n<\/div>\n<\/td>\n<\/tr>\n<tr>\n<td>\u2022 16 skupin a 32 kan\u00e1l\u016f,<\/td>\n<td>\n<div>\n<div>\u2022 16 skupin a 32 kan\u00e1l\u016f,<\/div>\n<\/div>\n<\/td>\n<\/tr>\n<tr>\n<td>\u2022 vizu\u00e1ln\u00ed indik\u00e1tor skupiny na krytu sv\u011btla,<\/td>\n<td>\n<div>\n<div>\u2022 vizu\u00e1ln\u00ed indik\u00e1tor skupiny na krytu sv\u011btla,<\/div>\n<\/div>\n<\/td>\n<\/tr>\n<tr>\n<td>\u2022 <strong>30 W<\/strong> dvoubarevn\u00e1 LED (2700 K \u2013 6500 K \u00b1 200 K),<\/td>\n<td>\n<div>\n<div>\u2022 <strong>40 W<\/strong> dvoubarevn\u00e1 LED (2700 K \u2013 6500 K \u00b1 200 K),<\/div>\n<\/div>\n<\/td>\n<\/tr>\n<tr>\n<td>\u2022 Bowens\u016fv dr\u017e\u00e1k,<\/td>\n<td>\n<div>\n<div>\u2022 Bowens\u016fv dr\u017e\u00e1k,<\/div>\n<\/div>\n<\/td>\n<\/tr>\n<tr>\n<td>\u2022 dotykov\u00fd displej.<\/td>\n<td>\n<div>\n<div>\u2022 dotykov\u00fd displej.<\/div>\n<\/div>\n<\/td>\n<\/tr>\n<\/tbody>\n<\/table>\n<p>&nbsp;<\/p>\n<h4>Obsah balen\u00ed:<\/h4>\n<ul>\n<li>1x GlareOne Botis 600<\/li>\n<li>1x baterie B400600BP<\/li>\n<li>1x nab\u00edje\u010dka B400600CH<\/li>\n<li>1x nap\u00e1jec\u00ed kabel EU<\/li>\n<li>1x nap\u00e1jec\u00ed kabel pro Velkou Brit\u00e1nii<\/li>\n<li>1x reflektor<\/li>\n<li>1x sada barevn\u00fdch filtr\u016f<\/li>\n<li>1x u\u017eivatelsk\u00e1 p\u0159\u00edru\u010dka<\/li>\n<li>1x p\u0159epravn\u00ed kufr<\/li>\n<\/ul>\n<p>*<span style=\"font-weight: 400;\">\u00a0Na z\u00e1klad\u011b intern\u00edch test\u016f proveden\u00fdch porovn\u00e1n\u00edm n\u00e1sleduj\u00edc\u00edch model\u016f: Godox AD600 PRO TTL, Profoto B10, Elinchrom ELC 500, Quadralite Atlas 600 PRO TTL a Botis 400. Stav k 1. \u0159\u00edjnu 2025. Parametry m\u011b\u0159en\u00ed: Sekonic L858D (1\/125, ISO 100), 18 cm reflektor, vzd\u00e1lenost 1 m<\/span><span style=\"font-weight: 400;\">.\u00a0<\/span><\/p>\n","protected":false},"excerpt":{"rendered":"<p>GlareOne Botis 600 je blesk o v\u00fdkonu 600 Ws, kter\u00fd nab\u00edz\u00ed siln\u00e9 sv\u011btlo pro profesion\u00e1ly a je vybaven tak\u00e9 40 W BiColor LED modelovac\u00edm sv\u011btlem. D\u00edky \u00fa\u010dinn\u00e9 Li-Ion baterii m\u016f\u017ee jednotka na jedno nabit\u00ed poskytnout a\u017e 380 blesk\u016f na pln\u00fd v\u00fdkon. Vestav\u011bn\u00e9 funkce TTL a HSS zaji\u0161\u0165uj\u00ed p\u0159esnou expozici v ka\u017ed\u00e9 situaci. V\u00fdkon, \u00fa\u010dinnost a [&hellip;]<\/p>\n","protected":false},"featured_media":22426,"template":"","meta":[],"product_brand":[],"product_cat":[584],"product_tag":[],"class_list":{"0":"post-22421","1":"product","2":"type-product","3":"status-publish","4":"has-post-thumbnail","6":"product_cat-akumulatorove-blesky","8":"first","9":"instock","10":"product-type-simple"},"yoast_head":"<!-- This site is optimized with the Yoast SEO plugin v27.2 - https:\/\/yoast.com\/product\/yoast-seo-wordpress\/ -->\n<title>GlareOne Botis 600<\/title>\n<meta name=\"description\" content=\"GlareOne Botis 600\" \/>\n<meta name=\"robots\" content=\"index, follow, max-snippet:-1, max-image-preview:large, max-video-preview:-1\" \/>\n<link rel=\"canonical\" href=\"https:\/\/glareone.eu\/cs\/produkt\/glareone-botis-600\/\" \/>\n<meta property=\"og:locale\" content=\"cs_CZ\" \/>\n<meta property=\"og:type\" content=\"article\" \/>\n<meta property=\"og:title\" content=\"GlareOne Botis 400\" \/>\n<meta property=\"og:description\" content=\"GlareOne Botis 600\" \/>\n<meta property=\"og:url\" content=\"https:\/\/glareone.eu\/cs\/produkt\/glareone-botis-600\/\" \/>\n<meta property=\"og:site_name\" content=\"GlareOne\" \/>\n<meta property=\"article:publisher\" content=\"https:\/\/www.facebook.com\/GlareOneLighting\" \/>\n<meta property=\"article:modified_time\" content=\"2025-12-15T08:32:15+00:00\" \/>\n<meta property=\"og:image\" content=\"https:\/\/glareone.eu\/wp-content\/uploads\/2025\/11\/SBOTIS600_01.jpg\" \/>\n\t<meta property=\"og:image:width\" content=\"1200\" \/>\n\t<meta property=\"og:image:height\" content=\"1200\" \/>\n\t<meta property=\"og:image:type\" content=\"image\/jpeg\" \/>\n<meta name=\"twitter:card\" content=\"summary_large_image\" \/>\n<meta name=\"twitter:title\" content=\"GlareOne Botis 400\" \/>\n<script type=\"application\/ld+json\" class=\"yoast-schema-graph\">{\"@context\":\"https:\/\/schema.org\",\"@graph\":[{\"@type\":\"WebPage\",\"@id\":\"https:\/\/glareone.eu\/cs\/produkt\/glareone-botis-600\/\",\"url\":\"https:\/\/glareone.eu\/cs\/produkt\/glareone-botis-600\/\",\"name\":\"GlareOne Botis 600\",\"isPartOf\":{\"@id\":\"https:\/\/glareone.eu\/cs\/en\/#website\"},\"primaryImageOfPage\":{\"@id\":\"https:\/\/glareone.eu\/cs\/produkt\/glareone-botis-600\/#primaryimage\"},\"image\":{\"@id\":\"https:\/\/glareone.eu\/cs\/produkt\/glareone-botis-600\/#primaryimage\"},\"thumbnailUrl\":\"https:\/\/glareone.eu\/wp-content\/uploads\/2025\/11\/SBOTIS600_01.jpg\",\"datePublished\":\"2025-11-17T12:22:34+00:00\",\"dateModified\":\"2025-12-15T08:32:15+00:00\",\"description\":\"GlareOne Botis 600\",\"breadcrumb\":{\"@id\":\"https:\/\/glareone.eu\/cs\/produkt\/glareone-botis-600\/#breadcrumb\"},\"inLanguage\":\"cs\",\"potentialAction\":[{\"@type\":\"ReadAction\",\"target\":[\"https:\/\/glareone.eu\/cs\/produkt\/glareone-botis-600\/\"]}]},{\"@type\":\"ImageObject\",\"inLanguage\":\"cs\",\"@id\":\"https:\/\/glareone.eu\/cs\/produkt\/glareone-botis-600\/#primaryimage\",\"url\":\"https:\/\/glareone.eu\/wp-content\/uploads\/2025\/11\/SBOTIS600_01.jpg\",\"contentUrl\":\"https:\/\/glareone.eu\/wp-content\/uploads\/2025\/11\/SBOTIS600_01.jpg\",\"width\":1200,\"height\":1200},{\"@type\":\"BreadcrumbList\",\"@id\":\"https:\/\/glareone.eu\/cs\/produkt\/glareone-botis-600\/#breadcrumb\",\"itemListElement\":[{\"@type\":\"ListItem\",\"position\":1,\"name\":\"Strona g\u0142\u00f3wna\",\"item\":\"https:\/\/glareone.eu\/cs\/\"},{\"@type\":\"ListItem\",\"position\":2,\"name\":\"V\u0161echny produkty\",\"item\":\"https:\/\/glareone.eu\/cs\/produkty\/vsechny-produkty\/\"},{\"@type\":\"ListItem\",\"position\":3,\"name\":\"GlareOne Botis 600\"}]},{\"@type\":\"WebSite\",\"@id\":\"https:\/\/glareone.eu\/cs\/en\/#website\",\"url\":\"https:\/\/glareone.eu\/cs\/en\/\",\"name\":\"GlareOne\",\"description\":\"Wyposa\u017cenie Studia\",\"publisher\":{\"@id\":\"https:\/\/glareone.eu\/cs\/en\/#organization\"},\"potentialAction\":[{\"@type\":\"SearchAction\",\"target\":{\"@type\":\"EntryPoint\",\"urlTemplate\":\"https:\/\/glareone.eu\/cs\/en\/?s={search_term_string}\"},\"query-input\":{\"@type\":\"PropertyValueSpecification\",\"valueRequired\":true,\"valueName\":\"search_term_string\"}}],\"inLanguage\":\"cs\"},{\"@type\":\"Organization\",\"@id\":\"https:\/\/glareone.eu\/cs\/en\/#organization\",\"name\":\"GlareOne\",\"url\":\"https:\/\/glareone.eu\/cs\/en\/\",\"logo\":{\"@type\":\"ImageObject\",\"inLanguage\":\"cs\",\"@id\":\"https:\/\/glareone.eu\/cs\/en\/#\/schema\/logo\/image\/\",\"url\":\"http:\/\/glareone.eu\/wp-content\/uploads\/2024\/05\/glareone_logo2020_RGB-01-e1715773127189.png\",\"contentUrl\":\"http:\/\/glareone.eu\/wp-content\/uploads\/2024\/05\/glareone_logo2020_RGB-01-e1715773127189.png\",\"width\":1270,\"height\":321,\"caption\":\"GlareOne\"},\"image\":{\"@id\":\"https:\/\/glareone.eu\/cs\/en\/#\/schema\/logo\/image\/\"},\"sameAs\":[\"https:\/\/www.facebook.com\/GlareOneLighting\",\"https:\/\/www.instagram.com\/glareonelighting\/\",\"https:\/\/www.youtube.com\/@GlareOneTV\"]}]}<\/script>\n<!-- \/ Yoast SEO plugin. -->","yoast_head_json":{"title":"GlareOne Botis 600","description":"GlareOne Botis 600","robots":{"index":"index","follow":"follow","max-snippet":"max-snippet:-1","max-image-preview":"max-image-preview:large","max-video-preview":"max-video-preview:-1"},"canonical":"https:\/\/glareone.eu\/cs\/produkt\/glareone-botis-600\/","og_locale":"cs_CZ","og_type":"article","og_title":"GlareOne Botis 400","og_description":"GlareOne Botis 600","og_url":"https:\/\/glareone.eu\/cs\/produkt\/glareone-botis-600\/","og_site_name":"GlareOne","article_publisher":"https:\/\/www.facebook.com\/GlareOneLighting","article_modified_time":"2025-12-15T08:32:15+00:00","og_image":[{"width":1200,"height":1200,"url":"https:\/\/glareone.eu\/wp-content\/uploads\/2025\/11\/SBOTIS600_01.jpg","type":"image\/jpeg"}],"twitter_card":"summary_large_image","twitter_title":"GlareOne Botis 400","schema":{"@context":"https:\/\/schema.org","@graph":[{"@type":"WebPage","@id":"https:\/\/glareone.eu\/cs\/produkt\/glareone-botis-600\/","url":"https:\/\/glareone.eu\/cs\/produkt\/glareone-botis-600\/","name":"GlareOne Botis 600","isPartOf":{"@id":"https:\/\/glareone.eu\/cs\/en\/#website"},"primaryImageOfPage":{"@id":"https:\/\/glareone.eu\/cs\/produkt\/glareone-botis-600\/#primaryimage"},"image":{"@id":"https:\/\/glareone.eu\/cs\/produkt\/glareone-botis-600\/#primaryimage"},"thumbnailUrl":"https:\/\/glareone.eu\/wp-content\/uploads\/2025\/11\/SBOTIS600_01.jpg","datePublished":"2025-11-17T12:22:34+00:00","dateModified":"2025-12-15T08:32:15+00:00","description":"GlareOne Botis 600","breadcrumb":{"@id":"https:\/\/glareone.eu\/cs\/produkt\/glareone-botis-600\/#breadcrumb"},"inLanguage":"cs","potentialAction":[{"@type":"ReadAction","target":["https:\/\/glareone.eu\/cs\/produkt\/glareone-botis-600\/"]}]},{"@type":"ImageObject","inLanguage":"cs","@id":"https:\/\/glareone.eu\/cs\/produkt\/glareone-botis-600\/#primaryimage","url":"https:\/\/glareone.eu\/wp-content\/uploads\/2025\/11\/SBOTIS600_01.jpg","contentUrl":"https:\/\/glareone.eu\/wp-content\/uploads\/2025\/11\/SBOTIS600_01.jpg","width":1200,"height":1200},{"@type":"BreadcrumbList","@id":"https:\/\/glareone.eu\/cs\/produkt\/glareone-botis-600\/#breadcrumb","itemListElement":[{"@type":"ListItem","position":1,"name":"Strona g\u0142\u00f3wna","item":"https:\/\/glareone.eu\/cs\/"},{"@type":"ListItem","position":2,"name":"V\u0161echny produkty","item":"https:\/\/glareone.eu\/cs\/produkty\/vsechny-produkty\/"},{"@type":"ListItem","position":3,"name":"GlareOne Botis 600"}]},{"@type":"WebSite","@id":"https:\/\/glareone.eu\/cs\/en\/#website","url":"https:\/\/glareone.eu\/cs\/en\/","name":"GlareOne","description":"Wyposa\u017cenie Studia","publisher":{"@id":"https:\/\/glareone.eu\/cs\/en\/#organization"},"potentialAction":[{"@type":"SearchAction","target":{"@type":"EntryPoint","urlTemplate":"https:\/\/glareone.eu\/cs\/en\/?s={search_term_string}"},"query-input":{"@type":"PropertyValueSpecification","valueRequired":true,"valueName":"search_term_string"}}],"inLanguage":"cs"},{"@type":"Organization","@id":"https:\/\/glareone.eu\/cs\/en\/#organization","name":"GlareOne","url":"https:\/\/glareone.eu\/cs\/en\/","logo":{"@type":"ImageObject","inLanguage":"cs","@id":"https:\/\/glareone.eu\/cs\/en\/#\/schema\/logo\/image\/","url":"http:\/\/glareone.eu\/wp-content\/uploads\/2024\/05\/glareone_logo2020_RGB-01-e1715773127189.png","contentUrl":"http:\/\/glareone.eu\/wp-content\/uploads\/2024\/05\/glareone_logo2020_RGB-01-e1715773127189.png","width":1270,"height":321,"caption":"GlareOne"},"image":{"@id":"https:\/\/glareone.eu\/cs\/en\/#\/schema\/logo\/image\/"},"sameAs":["https:\/\/www.facebook.com\/GlareOneLighting","https:\/\/www.instagram.com\/glareonelighting\/","https:\/\/www.youtube.com\/@GlareOneTV"]}]}},"_links":{"self":[{"href":"https:\/\/glareone.eu\/cs\/wp-json\/wp\/v2\/product\/22421","targetHints":{"allow":["GET"]}}],"collection":[{"href":"https:\/\/glareone.eu\/cs\/wp-json\/wp\/v2\/product"}],"about":[{"href":"https:\/\/glareone.eu\/cs\/wp-json\/wp\/v2\/types\/product"}],"wp:featuredmedia":[{"embeddable":true,"href":"https:\/\/glareone.eu\/cs\/wp-json\/wp\/v2\/media\/22426"}],"wp:attachment":[{"href":"https:\/\/glareone.eu\/cs\/wp-json\/wp\/v2\/media?parent=22421"}],"wp:term":[{"taxonomy":"product_brand","embeddable":true,"href":"https:\/\/glareone.eu\/cs\/wp-json\/wp\/v2\/product_brand?post=22421"},{"taxonomy":"product_cat","embeddable":true,"href":"https:\/\/glareone.eu\/cs\/wp-json\/wp\/v2\/product_cat?post=22421"},{"taxonomy":"product_tag","embeddable":true,"href":"https:\/\/glareone.eu\/cs\/wp-json\/wp\/v2\/product_tag?post=22421"}],"curies":[{"name":"wp","href":"https:\/\/api.w.org\/{rel}","templated":true}]}}