{"id":20932,"date":"2024-04-18T19:26:24","date_gmt":"2024-04-18T19:26:24","guid":{"rendered":"https:\/\/glareone.eu\/product\/glareone-fatboy-c-stand\/"},"modified":"2025-07-09T14:38:46","modified_gmt":"2025-07-09T14:38:46","slug":"glareone-fatboy-c-stand","status":"publish","type":"product","link":"https:\/\/glareone.eu\/cs\/produkt\/glareone-fatboy-c-stand\/","title":{"rendered":"GlareOne Fatboy &#8211; statyw typu c-stand"},"content":{"rendered":"<h3>Odolnost<\/h3>\n<p>Fatboy je celochromov\u00fd stativ z nerezov\u00e9 oceli navr\u017een\u00fd pro dlouhou \u017eivotnost a pevnost. Pat\u0159\u00ed do skupiny stativ\u016f C-Stand, kter\u00e9 jsou ji\u017e des\u00edtky let standardn\u00edm vybaven\u00edm filmov\u00fdch, televizn\u00edch a fotografick\u00fdch studi\u00ed.<\/p>\n<h3>Stabilita<\/h3>\n<p>Fatboy m\u00e1 n\u00edzk\u00e9 t\u011b\u017ei\u0161t\u011b, d\u00edky \u010demu\u017e je velmi stabiln\u00ed i p\u0159i mont\u00e1\u017ei na lampu s hlubok\u00fdm \u0161estihrann\u00fdm softboxem. Tvar nohou je p\u0159izp\u016fsoben pro zav\u011b\u0161en\u00ed p\u0159\u00eddavn\u00e9ho z\u00e1va\u017e\u00ed, kter\u00e9 zvy\u0161uje stabilitu cel\u00e9 konstrukce. Nohy jsou zakon\u010deny patkami, kter\u00e9 sni\u017euj\u00ed klouz\u00e1n\u00ed po hladk\u00fdch povr\u0161\u00edch.<\/p>\n<h3>Nosnost<\/h3>\n<p>Maxim\u00e1ln\u00ed nosnost rozlo\u017een\u00e9ho st\u0159edov\u00e9ho sloupu Fatboy je 20 kg. Takov\u00e1 nosnost umo\u017e\u0148uje pohodlnou pr\u00e1ci i s velmi velk\u00fdmi softboxy o pr\u016fm\u011bru 150 cm nebo velk\u00fdmi de\u0161tn\u00edky.<\/p>\n<h3>Horsk\u00e1 noha<\/h3>\n<p>Poloha jedn\u00e9 z nohou stativu je nastaviteln\u00e1, co\u017e umo\u017e\u0148uje jeho um\u00edst\u011bn\u00ed na m\u00edstech, kde by b\u011b\u017en\u00e9 stativy nemohly bezpe\u010dn\u011b st\u00e1t. Mechanismus \u201ehorsk\u00e9 nohy\u201c usnad\u0148uje instalaci Fatboy na schodech nebo na svahu.<\/p>\n<h3>Trubka<\/h3>\n<p>Fatboy je vybaven ramenem, kter\u00e9 v\u00e1m umo\u017en\u00ed b\u00fdt kreativn\u00ed s osv\u011btlen\u00edm, proto\u017ee usnad\u0148uje um\u00edst\u011bn\u00ed sv\u011btel mimo osu stativu, nap\u0159. nad kameru nebo sc\u00e9nu. Konce trubky \u2013 jak se rameno tohoto stativu odborn\u011b naz\u00fdv\u00e1 \u2013 jsou dr\u00e1\u017ekovan\u00e9 a pod\u0159\u00edznut\u00e9 tak, aby se sn\u00ed\u017eila mo\u017enost ot\u00e1\u010den\u00ed a p\u00e1du lampy. Rameno lze tak\u00e9 pou\u017e\u00edt jako mal\u00fd v\u00fdlo\u017en\u00edk.<\/p>\n<h3>Hlava<\/h3>\n<p>Fatboy je vybaven sadou dvou vysoce kvalitn\u00edch hlav, kter\u00e9 slou\u017e\u00ed k p\u0159ipevn\u011bn\u00ed trubky ke st\u0159edov\u00e9mu sloupku a k r\u016fzn\u00e9mu p\u0159\u00edslu\u0161enstv\u00ed, jako jsou mix\u00e9ry, vlajky, ventily atd. Hlavy Fatboy se vyzna\u010duj\u00ed vysokou kvalitou zpracov\u00e1n\u00ed a ergonomicky tvarovan\u00fdmi up\u00ednac\u00edmi knofl\u00edky.<\/p>\n<h3>Vlastnosti produktu:<\/h3>\n<ul>\n<li>Stativ z pochromovan\u00e9 nerezov\u00e9 oceli<\/li>\n<li>Dod\u00e1v\u00e1no s ramenem a dv\u011bma hlavami<\/li>\n<li>V\u00fd\u0161kov\u00e9 nastaven\u00ed jedn\u00e9 z nohou<\/li>\n<li>Ergonomicky tvarovan\u00e9 up\u00ednac\u00ed knofl\u00edky<\/li>\n<li>Pogumovan\u00e9 konce nohou pro lep\u0161\u00ed p\u0159ilnavost na hladk\u00fdch povr\u0161\u00edch<\/li>\n<li>Dosahuje maxim\u00e1ln\u00ed v\u00fd\u0161ky 320 cm<\/li>\n<li>Lze dodate\u010dn\u011b vybavit kole\u010dky<\/li>\n<li>Lze slo\u017eit do ploch\u00e9ho tvaru<\/li>\n<li>Nosnost a\u017e 20 kg<\/li>\n<\/ul>\n","protected":false},"excerpt":{"rendered":"<p>Odolnost Fatboy je celochromov\u00fd stativ z nerezov\u00e9 oceli navr\u017een\u00fd pro dlouhou \u017eivotnost a pevnost. Pat\u0159\u00ed do skupiny stativ\u016f C-Stand, kter\u00e9 jsou ji\u017e des\u00edtky let standardn\u00edm vybaven\u00edm filmov\u00fdch, televizn\u00edch a fotografick\u00fdch studi\u00ed. Stabilita Fatboy m\u00e1 n\u00edzk\u00e9 t\u011b\u017ei\u0161t\u011b, d\u00edky \u010demu\u017e je velmi stabiln\u00ed i p\u0159i mont\u00e1\u017ei na lampu s hlubok\u00fdm \u0161estihrann\u00fdm softboxem. Tvar nohou je p\u0159izp\u016fsoben pro [&hellip;]<\/p>\n","protected":false},"featured_media":20933,"template":"","meta":[],"product_brand":[],"product_cat":[573],"product_tag":[],"class_list":{"0":"post-20932","1":"product","2":"type-product","3":"status-publish","4":"has-post-thumbnail","6":"product_cat-c-stand-cs","8":"first","9":"instock","10":"product-type-simple"},"yoast_head":"<!-- This site is optimized with the Yoast SEO plugin v27.2 - https:\/\/yoast.com\/product\/yoast-seo-wordpress\/ -->\n<title>GlareOne Fatboy - statyw typu c-stand<\/title>\n<meta name=\"description\" content=\"GlareOne Fatboy - statyw typu c-stand\" \/>\n<meta name=\"robots\" content=\"index, follow, max-snippet:-1, max-image-preview:large, max-video-preview:-1\" \/>\n<link rel=\"canonical\" href=\"https:\/\/glareone.eu\/cs\/produkt\/glareone-fatboy-c-stand\/\" \/>\n<meta property=\"og:locale\" content=\"cs_CZ\" \/>\n<meta property=\"og:type\" content=\"article\" \/>\n<meta property=\"og:title\" content=\"GlareOne Fatboy - statyw typu c-stand\" \/>\n<meta property=\"og:description\" content=\"GlareOne Fatboy - statyw typu c-stand\" \/>\n<meta property=\"og:url\" content=\"https:\/\/glareone.eu\/cs\/produkt\/glareone-fatboy-c-stand\/\" \/>\n<meta property=\"og:site_name\" content=\"GlareOne\" \/>\n<meta property=\"article:publisher\" content=\"https:\/\/www.facebook.com\/GlareOneLighting\" \/>\n<meta property=\"article:modified_time\" content=\"2025-07-09T14:38:46+00:00\" \/>\n<meta property=\"og:image\" content=\"https:\/\/glareone.eu\/wp-content\/uploads\/2024\/04\/GlareOne-Fatboy-17-1.jpg\" \/>\n\t<meta property=\"og:image:width\" content=\"1200\" \/>\n\t<meta property=\"og:image:height\" content=\"1200\" \/>\n\t<meta property=\"og:image:type\" content=\"image\/jpeg\" \/>\n<meta name=\"twitter:card\" content=\"summary_large_image\" \/>\n<meta name=\"twitter:title\" content=\"GlareOne Fatboy - statyw typu c-stand\" \/>\n<meta name=\"twitter:label1\" content=\"Odhadovan\u00e1 doba \u010dten\u00ed\" \/>\n\t<meta name=\"twitter:data1\" content=\"2 minuty\" \/>\n<script type=\"application\/ld+json\" class=\"yoast-schema-graph\">{\"@context\":\"https:\/\/schema.org\",\"@graph\":[{\"@type\":\"WebPage\",\"@id\":\"https:\/\/glareone.eu\/cs\/produkt\/glareone-fatboy-c-stand\/\",\"url\":\"https:\/\/glareone.eu\/cs\/produkt\/glareone-fatboy-c-stand\/\",\"name\":\"GlareOne Fatboy - statyw typu c-stand\",\"isPartOf\":{\"@id\":\"https:\/\/glareone.eu\/cs\/en\/#website\"},\"primaryImageOfPage\":{\"@id\":\"https:\/\/glareone.eu\/cs\/produkt\/glareone-fatboy-c-stand\/#primaryimage\"},\"image\":{\"@id\":\"https:\/\/glareone.eu\/cs\/produkt\/glareone-fatboy-c-stand\/#primaryimage\"},\"thumbnailUrl\":\"https:\/\/glareone.eu\/wp-content\/uploads\/2024\/04\/GlareOne-Fatboy-17-1.jpg\",\"datePublished\":\"2024-04-18T19:26:24+00:00\",\"dateModified\":\"2025-07-09T14:38:46+00:00\",\"description\":\"GlareOne Fatboy - statyw typu c-stand\",\"breadcrumb\":{\"@id\":\"https:\/\/glareone.eu\/cs\/produkt\/glareone-fatboy-c-stand\/#breadcrumb\"},\"inLanguage\":\"cs\",\"potentialAction\":[{\"@type\":\"ReadAction\",\"target\":[\"https:\/\/glareone.eu\/cs\/produkt\/glareone-fatboy-c-stand\/\"]}]},{\"@type\":\"ImageObject\",\"inLanguage\":\"cs\",\"@id\":\"https:\/\/glareone.eu\/cs\/produkt\/glareone-fatboy-c-stand\/#primaryimage\",\"url\":\"https:\/\/glareone.eu\/wp-content\/uploads\/2024\/04\/GlareOne-Fatboy-17-1.jpg\",\"contentUrl\":\"https:\/\/glareone.eu\/wp-content\/uploads\/2024\/04\/GlareOne-Fatboy-17-1.jpg\",\"width\":1200,\"height\":1200},{\"@type\":\"BreadcrumbList\",\"@id\":\"https:\/\/glareone.eu\/cs\/produkt\/glareone-fatboy-c-stand\/#breadcrumb\",\"itemListElement\":[{\"@type\":\"ListItem\",\"position\":1,\"name\":\"Strona g\u0142\u00f3wna\",\"item\":\"https:\/\/glareone.eu\/cs\/\"},{\"@type\":\"ListItem\",\"position\":2,\"name\":\"V\u0161echny produkty\",\"item\":\"https:\/\/glareone.eu\/cs\/produkty\/vsechny-produkty\/\"},{\"@type\":\"ListItem\",\"position\":3,\"name\":\"GlareOne Fatboy &#8211; statyw typu c-stand\"}]},{\"@type\":\"WebSite\",\"@id\":\"https:\/\/glareone.eu\/cs\/en\/#website\",\"url\":\"https:\/\/glareone.eu\/cs\/en\/\",\"name\":\"GlareOne\",\"description\":\"Wyposa\u017cenie Studia\",\"publisher\":{\"@id\":\"https:\/\/glareone.eu\/cs\/en\/#organization\"},\"potentialAction\":[{\"@type\":\"SearchAction\",\"target\":{\"@type\":\"EntryPoint\",\"urlTemplate\":\"https:\/\/glareone.eu\/cs\/en\/?s={search_term_string}\"},\"query-input\":{\"@type\":\"PropertyValueSpecification\",\"valueRequired\":true,\"valueName\":\"search_term_string\"}}],\"inLanguage\":\"cs\"},{\"@type\":\"Organization\",\"@id\":\"https:\/\/glareone.eu\/cs\/en\/#organization\",\"name\":\"GlareOne\",\"url\":\"https:\/\/glareone.eu\/cs\/en\/\",\"logo\":{\"@type\":\"ImageObject\",\"inLanguage\":\"cs\",\"@id\":\"https:\/\/glareone.eu\/cs\/en\/#\/schema\/logo\/image\/\",\"url\":\"http:\/\/glareone.eu\/wp-content\/uploads\/2024\/05\/glareone_logo2020_RGB-01-e1715773127189.png\",\"contentUrl\":\"http:\/\/glareone.eu\/wp-content\/uploads\/2024\/05\/glareone_logo2020_RGB-01-e1715773127189.png\",\"width\":1270,\"height\":321,\"caption\":\"GlareOne\"},\"image\":{\"@id\":\"https:\/\/glareone.eu\/cs\/en\/#\/schema\/logo\/image\/\"},\"sameAs\":[\"https:\/\/www.facebook.com\/GlareOneLighting\",\"https:\/\/www.instagram.com\/glareonelighting\/\",\"https:\/\/www.youtube.com\/@GlareOneTV\"]}]}<\/script>\n<!-- \/ Yoast SEO plugin. -->","yoast_head_json":{"title":"GlareOne Fatboy - statyw typu c-stand","description":"GlareOne Fatboy - statyw typu c-stand","robots":{"index":"index","follow":"follow","max-snippet":"max-snippet:-1","max-image-preview":"max-image-preview:large","max-video-preview":"max-video-preview:-1"},"canonical":"https:\/\/glareone.eu\/cs\/produkt\/glareone-fatboy-c-stand\/","og_locale":"cs_CZ","og_type":"article","og_title":"GlareOne Fatboy - statyw typu c-stand","og_description":"GlareOne Fatboy - statyw typu c-stand","og_url":"https:\/\/glareone.eu\/cs\/produkt\/glareone-fatboy-c-stand\/","og_site_name":"GlareOne","article_publisher":"https:\/\/www.facebook.com\/GlareOneLighting","article_modified_time":"2025-07-09T14:38:46+00:00","og_image":[{"width":1200,"height":1200,"url":"https:\/\/glareone.eu\/wp-content\/uploads\/2024\/04\/GlareOne-Fatboy-17-1.jpg","type":"image\/jpeg"}],"twitter_card":"summary_large_image","twitter_title":"GlareOne Fatboy - statyw typu c-stand","twitter_misc":{"Odhadovan\u00e1 doba \u010dten\u00ed":"2 minuty"},"schema":{"@context":"https:\/\/schema.org","@graph":[{"@type":"WebPage","@id":"https:\/\/glareone.eu\/cs\/produkt\/glareone-fatboy-c-stand\/","url":"https:\/\/glareone.eu\/cs\/produkt\/glareone-fatboy-c-stand\/","name":"GlareOne Fatboy - statyw typu c-stand","isPartOf":{"@id":"https:\/\/glareone.eu\/cs\/en\/#website"},"primaryImageOfPage":{"@id":"https:\/\/glareone.eu\/cs\/produkt\/glareone-fatboy-c-stand\/#primaryimage"},"image":{"@id":"https:\/\/glareone.eu\/cs\/produkt\/glareone-fatboy-c-stand\/#primaryimage"},"thumbnailUrl":"https:\/\/glareone.eu\/wp-content\/uploads\/2024\/04\/GlareOne-Fatboy-17-1.jpg","datePublished":"2024-04-18T19:26:24+00:00","dateModified":"2025-07-09T14:38:46+00:00","description":"GlareOne Fatboy - statyw typu c-stand","breadcrumb":{"@id":"https:\/\/glareone.eu\/cs\/produkt\/glareone-fatboy-c-stand\/#breadcrumb"},"inLanguage":"cs","potentialAction":[{"@type":"ReadAction","target":["https:\/\/glareone.eu\/cs\/produkt\/glareone-fatboy-c-stand\/"]}]},{"@type":"ImageObject","inLanguage":"cs","@id":"https:\/\/glareone.eu\/cs\/produkt\/glareone-fatboy-c-stand\/#primaryimage","url":"https:\/\/glareone.eu\/wp-content\/uploads\/2024\/04\/GlareOne-Fatboy-17-1.jpg","contentUrl":"https:\/\/glareone.eu\/wp-content\/uploads\/2024\/04\/GlareOne-Fatboy-17-1.jpg","width":1200,"height":1200},{"@type":"BreadcrumbList","@id":"https:\/\/glareone.eu\/cs\/produkt\/glareone-fatboy-c-stand\/#breadcrumb","itemListElement":[{"@type":"ListItem","position":1,"name":"Strona g\u0142\u00f3wna","item":"https:\/\/glareone.eu\/cs\/"},{"@type":"ListItem","position":2,"name":"V\u0161echny produkty","item":"https:\/\/glareone.eu\/cs\/produkty\/vsechny-produkty\/"},{"@type":"ListItem","position":3,"name":"GlareOne Fatboy &#8211; statyw typu c-stand"}]},{"@type":"WebSite","@id":"https:\/\/glareone.eu\/cs\/en\/#website","url":"https:\/\/glareone.eu\/cs\/en\/","name":"GlareOne","description":"Wyposa\u017cenie Studia","publisher":{"@id":"https:\/\/glareone.eu\/cs\/en\/#organization"},"potentialAction":[{"@type":"SearchAction","target":{"@type":"EntryPoint","urlTemplate":"https:\/\/glareone.eu\/cs\/en\/?s={search_term_string}"},"query-input":{"@type":"PropertyValueSpecification","valueRequired":true,"valueName":"search_term_string"}}],"inLanguage":"cs"},{"@type":"Organization","@id":"https:\/\/glareone.eu\/cs\/en\/#organization","name":"GlareOne","url":"https:\/\/glareone.eu\/cs\/en\/","logo":{"@type":"ImageObject","inLanguage":"cs","@id":"https:\/\/glareone.eu\/cs\/en\/#\/schema\/logo\/image\/","url":"http:\/\/glareone.eu\/wp-content\/uploads\/2024\/05\/glareone_logo2020_RGB-01-e1715773127189.png","contentUrl":"http:\/\/glareone.eu\/wp-content\/uploads\/2024\/05\/glareone_logo2020_RGB-01-e1715773127189.png","width":1270,"height":321,"caption":"GlareOne"},"image":{"@id":"https:\/\/glareone.eu\/cs\/en\/#\/schema\/logo\/image\/"},"sameAs":["https:\/\/www.facebook.com\/GlareOneLighting","https:\/\/www.instagram.com\/glareonelighting\/","https:\/\/www.youtube.com\/@GlareOneTV"]}]}},"_links":{"self":[{"href":"https:\/\/glareone.eu\/cs\/wp-json\/wp\/v2\/product\/20932","targetHints":{"allow":["GET"]}}],"collection":[{"href":"https:\/\/glareone.eu\/cs\/wp-json\/wp\/v2\/product"}],"about":[{"href":"https:\/\/glareone.eu\/cs\/wp-json\/wp\/v2\/types\/product"}],"wp:featuredmedia":[{"embeddable":true,"href":"https:\/\/glareone.eu\/cs\/wp-json\/wp\/v2\/media\/20933"}],"wp:attachment":[{"href":"https:\/\/glareone.eu\/cs\/wp-json\/wp\/v2\/media?parent=20932"}],"wp:term":[{"taxonomy":"product_brand","embeddable":true,"href":"https:\/\/glareone.eu\/cs\/wp-json\/wp\/v2\/product_brand?post=20932"},{"taxonomy":"product_cat","embeddable":true,"href":"https:\/\/glareone.eu\/cs\/wp-json\/wp\/v2\/product_cat?post=20932"},{"taxonomy":"product_tag","embeddable":true,"href":"https:\/\/glareone.eu\/cs\/wp-json\/wp\/v2\/product_tag?post=20932"}],"curies":[{"name":"wp","href":"https:\/\/api.w.org\/{rel}","templated":true}]}}