{"id":20919,"date":"2024-04-18T19:26:22","date_gmt":"2024-04-18T19:26:22","guid":{"rendered":"https:\/\/glareone.eu\/product\/glareone-arc-60x180-cm-4w1\/"},"modified":"2025-08-11T10:17:38","modified_gmt":"2025-08-11T10:17:38","slug":"glareone-arc-60x180-cm-4v1","status":"publish","type":"product","link":"https:\/\/glareone.eu\/cs\/produkt\/glareone-arc-60x180-cm-4v1\/","title":{"rendered":"GlareOne Arc 60&#215;180 cm &#8211; zak\u0159iven\u00e1 clona 4v1"},"content":{"rendered":"<h3>GlareOne Reflektor Arc 60&#215;180 cm<\/h3>\n<p>GlareOne Arc je zak\u0159iven\u00fd reflektor vytvo\u0159en\u00fd pro pou\u017eit\u00ed p\u0159i portr\u00e9tn\u00edm fotografov\u00e1n\u00ed, kter\u00fd dokonale vypl\u0148uje st\u00edny a zv\u00fdraz\u0148uje o\u010di fotografovan\u00e9 osoby. Je ide\u00e1ln\u00ed pro portr\u00e9tn\u00ed fotografov\u00e1n\u00ed, zejm\u00e9na pro fotografov\u00e1n\u00ed kr\u00e1sy.<\/p>\n<h3>Zak\u0159iven\u00fd povrch<\/h3>\n<p>Charakteristick\u00fd zak\u0159iven\u00fd tvar reflektoru zp\u016fsobuje, \u017ee sv\u011btlo odra\u017een\u00e9 od povrchu reflektoru je sm\u011brov\u00e1no na obli\u010dej portr\u00e9tovan\u00e9 osoby rovnom\u011brn\u011b nejen ze spodn\u00ed strany, ale i ze strany. T\u00edm je zaji\u0161t\u011bno rovnom\u011brn\u00e9 vypln\u011bn\u00ed st\u00edn\u016f.<\/p>\n<h3>Zv\u00fdraz\u0148uje o\u010di<\/h3>\n<p>Nejv\u011bt\u0161\u00ed v\u00fdhodou zak\u0159iven\u00e9ho odra\u017ee\u010de je, \u017ee d\u00edky sv\u00e9mu jedine\u010dn\u00e9mu tvaru dokonale zapad\u00e1 do kulat\u00e9 zornice oka. To zase zaji\u0161\u0165uje rovnom\u011brn\u00e9 osv\u011btlen\u00ed a lep\u0161\u00ed kontrast i barvy.<\/p>\n<h3>\u010cty\u0159i obrazovky<\/h3>\n<p>GlareOne Arc m\u00e1 a\u017e \u010dty\u0159i obrazovky, kter\u00e9 m\u016f\u017eete p\u0159i fotografov\u00e1n\u00ed pou\u017e\u00edt:<\/p>\n<ol>\n<li>B\u00edl\u00e1 obrazovka \u2013 jemn\u011b rozptyluje st\u00edny a osv\u011btluje o\u010di. M\u00e1 neutr\u00e1ln\u00ed barvu.<\/li>\n<li>St\u0159\u00edbrn\u00e1 obrazovka \u2013 poskytuje siln\u00fd odraz sv\u011btla a v\u011bt\u0161\u00ed kontrast ne\u017e b\u00edl\u00e1 obrazovka, d\u00edky \u010demu\u017e o\u010di v\u00edce z\u00e1\u0159\u00ed. M\u00e1 neutr\u00e1ln\u00ed barvu.<\/li>\n<li>St\u0159\u00edbrno-zlat\u00e1 obrazovka \u2013 poskytuje hodn\u011b sv\u011btla a zvy\u0161uje kontrast podobn\u011b jako st\u0159\u00edbrn\u00e1 obrazovka, ale ve srovn\u00e1n\u00ed s n\u00ed zoh\u0159\u00edv\u00e1 odra\u017een\u00e9 sv\u011btlo, co\u017e m\u016f\u017ee b\u00fdt pro portr\u00e9ty velmi v\u00fdhodn\u00e9, proto\u017ee zoh\u0159\u00edv\u00e1 t\u00f3ny pleti.<\/li>\n<li>\u010cern\u00e1 obrazovka \u2013 na rozd\u00edl od ostatn\u00edch obrazovek neslou\u017e\u00ed k odr\u00e1\u017een\u00ed sv\u011btla, ale k jeho tlumen\u00ed, \u010d\u00edm\u017e prohlubuje st\u00edny. Je neutr\u00e1ln\u00ed barvy.<\/li>\n<\/ol>\n<h3>Vlastnosti produktu:<\/h3>\n<ul>\n<li>Ide\u00e1ln\u00ed podlo\u017eka pro portr\u00e9tn\u00ed focen\u00ed<\/li>\n<li>Skv\u011ble zv\u00fdrazn\u00ed o\u010di<\/li>\n<li>Vybavena \u010dty\u0159mi odraziv\u00fdmi pl\u00e1tny<\/li>\n<li>Umo\u017e\u0148uje nastavit \u00fahel sklonu<\/li>\n<li>M\u00e1 kovov\u00fd r\u00e1m<\/li>\n<li>Hod\u00ed se na jak\u00fdkoli fotografick\u00fd stativ (\u215d&#8220; uchycen\u00ed)<\/li>\n<li>Dod\u00e1v\u00e1 se v praktick\u00e9m p\u0159enosn\u00e9m pouzd\u0159e<\/li>\n<\/ul>\n","protected":false},"excerpt":{"rendered":"<p>GlareOne Reflektor Arc 60&#215;180 cm GlareOne Arc je zak\u0159iven\u00fd reflektor vytvo\u0159en\u00fd pro pou\u017eit\u00ed p\u0159i portr\u00e9tn\u00edm fotografov\u00e1n\u00ed, kter\u00fd dokonale vypl\u0148uje st\u00edny a zv\u00fdraz\u0148uje o\u010di fotografovan\u00e9 osoby. Je ide\u00e1ln\u00ed pro portr\u00e9tn\u00ed fotografov\u00e1n\u00ed, zejm\u00e9na pro fotografov\u00e1n\u00ed kr\u00e1sy. Zak\u0159iven\u00fd povrch Charakteristick\u00fd zak\u0159iven\u00fd tvar reflektoru zp\u016fsobuje, \u017ee sv\u011btlo odra\u017een\u00e9 od povrchu reflektoru je sm\u011brov\u00e1no na obli\u010dej portr\u00e9tovan\u00e9 osoby rovnom\u011brn\u011b nejen [&hellip;]<\/p>\n","protected":false},"featured_media":20920,"template":"","meta":[],"product_brand":[],"product_cat":[578],"product_tag":[],"class_list":{"0":"post-20919","1":"product","2":"type-product","3":"status-publish","4":"has-post-thumbnail","6":"product_cat-reflektory-a-vlajky","8":"first","9":"instock","10":"product-type-simple"},"yoast_head":"<!-- This site is optimized with the Yoast SEO plugin v27.2 - https:\/\/yoast.com\/product\/yoast-seo-wordpress\/ -->\n<title>GlareOne Arc 60x180 cm - blenda zakrzywiona 4w1<\/title>\n<meta name=\"description\" content=\"GlareOne Arc 60x180 cm - blenda zakrzywiona 4w1\" \/>\n<meta name=\"robots\" content=\"index, follow, max-snippet:-1, max-image-preview:large, max-video-preview:-1\" \/>\n<link rel=\"canonical\" href=\"https:\/\/glareone.eu\/cs\/produkt\/glareone-arc-60x180-cm-4v1\/\" \/>\n<meta property=\"og:locale\" content=\"cs_CZ\" \/>\n<meta property=\"og:type\" content=\"article\" \/>\n<meta property=\"og:title\" content=\"GlareOne Arc 60x180 cm - blenda zakrzywiona 4w1\" \/>\n<meta property=\"og:description\" content=\"GlareOne Arc 60x180 cm - blenda zakrzywiona 4w1\" \/>\n<meta property=\"og:url\" content=\"https:\/\/glareone.eu\/cs\/produkt\/glareone-arc-60x180-cm-4v1\/\" \/>\n<meta property=\"og:site_name\" content=\"GlareOne\" \/>\n<meta property=\"article:publisher\" content=\"https:\/\/www.facebook.com\/GlareOneLighting\" \/>\n<meta property=\"article:modified_time\" content=\"2025-08-11T10:17:38+00:00\" \/>\n<meta property=\"og:image\" content=\"https:\/\/glareone.eu\/wp-content\/uploads\/2024\/04\/SBARC60X180_01.jpg\" \/>\n\t<meta property=\"og:image:width\" content=\"2000\" \/>\n\t<meta property=\"og:image:height\" content=\"2000\" \/>\n\t<meta property=\"og:image:type\" content=\"image\/jpeg\" \/>\n<meta name=\"twitter:card\" content=\"summary_large_image\" \/>\n<meta name=\"twitter:title\" content=\"GlareOne Arc 60x180 cm - blenda zakrzywiona 4w1\" \/>\n<meta name=\"twitter:label1\" content=\"Odhadovan\u00e1 doba \u010dten\u00ed\" \/>\n\t<meta name=\"twitter:data1\" content=\"1 minuta\" \/>\n<script type=\"application\/ld+json\" class=\"yoast-schema-graph\">{\"@context\":\"https:\/\/schema.org\",\"@graph\":[{\"@type\":\"WebPage\",\"@id\":\"https:\/\/glareone.eu\/cs\/produkt\/glareone-arc-60x180-cm-4v1\/\",\"url\":\"https:\/\/glareone.eu\/cs\/produkt\/glareone-arc-60x180-cm-4v1\/\",\"name\":\"GlareOne Arc 60x180 cm - blenda zakrzywiona 4w1\",\"isPartOf\":{\"@id\":\"https:\/\/glareone.eu\/cs\/en\/#website\"},\"primaryImageOfPage\":{\"@id\":\"https:\/\/glareone.eu\/cs\/produkt\/glareone-arc-60x180-cm-4v1\/#primaryimage\"},\"image\":{\"@id\":\"https:\/\/glareone.eu\/cs\/produkt\/glareone-arc-60x180-cm-4v1\/#primaryimage\"},\"thumbnailUrl\":\"https:\/\/glareone.eu\/wp-content\/uploads\/2024\/04\/SBARC60X180_01.jpg\",\"datePublished\":\"2024-04-18T19:26:22+00:00\",\"dateModified\":\"2025-08-11T10:17:38+00:00\",\"description\":\"GlareOne Arc 60x180 cm - blenda zakrzywiona 4w1\",\"breadcrumb\":{\"@id\":\"https:\/\/glareone.eu\/cs\/produkt\/glareone-arc-60x180-cm-4v1\/#breadcrumb\"},\"inLanguage\":\"cs\",\"potentialAction\":[{\"@type\":\"ReadAction\",\"target\":[\"https:\/\/glareone.eu\/cs\/produkt\/glareone-arc-60x180-cm-4v1\/\"]}]},{\"@type\":\"ImageObject\",\"inLanguage\":\"cs\",\"@id\":\"https:\/\/glareone.eu\/cs\/produkt\/glareone-arc-60x180-cm-4v1\/#primaryimage\",\"url\":\"https:\/\/glareone.eu\/wp-content\/uploads\/2024\/04\/SBARC60X180_01.jpg\",\"contentUrl\":\"https:\/\/glareone.eu\/wp-content\/uploads\/2024\/04\/SBARC60X180_01.jpg\",\"width\":2000,\"height\":2000},{\"@type\":\"BreadcrumbList\",\"@id\":\"https:\/\/glareone.eu\/cs\/produkt\/glareone-arc-60x180-cm-4v1\/#breadcrumb\",\"itemListElement\":[{\"@type\":\"ListItem\",\"position\":1,\"name\":\"Strona g\u0142\u00f3wna\",\"item\":\"https:\/\/glareone.eu\/cs\/\"},{\"@type\":\"ListItem\",\"position\":2,\"name\":\"V\u0161echny produkty\",\"item\":\"https:\/\/glareone.eu\/cs\/produkty\/vsechny-produkty\/\"},{\"@type\":\"ListItem\",\"position\":3,\"name\":\"GlareOne Arc 60&#215;180 cm &#8211; zak\u0159iven\u00e1 clona 4v1\"}]},{\"@type\":\"WebSite\",\"@id\":\"https:\/\/glareone.eu\/cs\/en\/#website\",\"url\":\"https:\/\/glareone.eu\/cs\/en\/\",\"name\":\"GlareOne\",\"description\":\"Wyposa\u017cenie Studia\",\"publisher\":{\"@id\":\"https:\/\/glareone.eu\/cs\/en\/#organization\"},\"potentialAction\":[{\"@type\":\"SearchAction\",\"target\":{\"@type\":\"EntryPoint\",\"urlTemplate\":\"https:\/\/glareone.eu\/cs\/en\/?s={search_term_string}\"},\"query-input\":{\"@type\":\"PropertyValueSpecification\",\"valueRequired\":true,\"valueName\":\"search_term_string\"}}],\"inLanguage\":\"cs\"},{\"@type\":\"Organization\",\"@id\":\"https:\/\/glareone.eu\/cs\/en\/#organization\",\"name\":\"GlareOne\",\"url\":\"https:\/\/glareone.eu\/cs\/en\/\",\"logo\":{\"@type\":\"ImageObject\",\"inLanguage\":\"cs\",\"@id\":\"https:\/\/glareone.eu\/cs\/en\/#\/schema\/logo\/image\/\",\"url\":\"http:\/\/glareone.eu\/wp-content\/uploads\/2024\/05\/glareone_logo2020_RGB-01-e1715773127189.png\",\"contentUrl\":\"http:\/\/glareone.eu\/wp-content\/uploads\/2024\/05\/glareone_logo2020_RGB-01-e1715773127189.png\",\"width\":1270,\"height\":321,\"caption\":\"GlareOne\"},\"image\":{\"@id\":\"https:\/\/glareone.eu\/cs\/en\/#\/schema\/logo\/image\/\"},\"sameAs\":[\"https:\/\/www.facebook.com\/GlareOneLighting\",\"https:\/\/www.instagram.com\/glareonelighting\/\",\"https:\/\/www.youtube.com\/@GlareOneTV\"]}]}<\/script>\n<!-- \/ Yoast SEO plugin. -->","yoast_head_json":{"title":"GlareOne Arc 60x180 cm - blenda zakrzywiona 4w1","description":"GlareOne Arc 60x180 cm - blenda zakrzywiona 4w1","robots":{"index":"index","follow":"follow","max-snippet":"max-snippet:-1","max-image-preview":"max-image-preview:large","max-video-preview":"max-video-preview:-1"},"canonical":"https:\/\/glareone.eu\/cs\/produkt\/glareone-arc-60x180-cm-4v1\/","og_locale":"cs_CZ","og_type":"article","og_title":"GlareOne Arc 60x180 cm - blenda zakrzywiona 4w1","og_description":"GlareOne Arc 60x180 cm - blenda zakrzywiona 4w1","og_url":"https:\/\/glareone.eu\/cs\/produkt\/glareone-arc-60x180-cm-4v1\/","og_site_name":"GlareOne","article_publisher":"https:\/\/www.facebook.com\/GlareOneLighting","article_modified_time":"2025-08-11T10:17:38+00:00","og_image":[{"width":2000,"height":2000,"url":"https:\/\/glareone.eu\/wp-content\/uploads\/2024\/04\/SBARC60X180_01.jpg","type":"image\/jpeg"}],"twitter_card":"summary_large_image","twitter_title":"GlareOne Arc 60x180 cm - blenda zakrzywiona 4w1","twitter_misc":{"Odhadovan\u00e1 doba \u010dten\u00ed":"1 minuta"},"schema":{"@context":"https:\/\/schema.org","@graph":[{"@type":"WebPage","@id":"https:\/\/glareone.eu\/cs\/produkt\/glareone-arc-60x180-cm-4v1\/","url":"https:\/\/glareone.eu\/cs\/produkt\/glareone-arc-60x180-cm-4v1\/","name":"GlareOne Arc 60x180 cm - blenda zakrzywiona 4w1","isPartOf":{"@id":"https:\/\/glareone.eu\/cs\/en\/#website"},"primaryImageOfPage":{"@id":"https:\/\/glareone.eu\/cs\/produkt\/glareone-arc-60x180-cm-4v1\/#primaryimage"},"image":{"@id":"https:\/\/glareone.eu\/cs\/produkt\/glareone-arc-60x180-cm-4v1\/#primaryimage"},"thumbnailUrl":"https:\/\/glareone.eu\/wp-content\/uploads\/2024\/04\/SBARC60X180_01.jpg","datePublished":"2024-04-18T19:26:22+00:00","dateModified":"2025-08-11T10:17:38+00:00","description":"GlareOne Arc 60x180 cm - blenda zakrzywiona 4w1","breadcrumb":{"@id":"https:\/\/glareone.eu\/cs\/produkt\/glareone-arc-60x180-cm-4v1\/#breadcrumb"},"inLanguage":"cs","potentialAction":[{"@type":"ReadAction","target":["https:\/\/glareone.eu\/cs\/produkt\/glareone-arc-60x180-cm-4v1\/"]}]},{"@type":"ImageObject","inLanguage":"cs","@id":"https:\/\/glareone.eu\/cs\/produkt\/glareone-arc-60x180-cm-4v1\/#primaryimage","url":"https:\/\/glareone.eu\/wp-content\/uploads\/2024\/04\/SBARC60X180_01.jpg","contentUrl":"https:\/\/glareone.eu\/wp-content\/uploads\/2024\/04\/SBARC60X180_01.jpg","width":2000,"height":2000},{"@type":"BreadcrumbList","@id":"https:\/\/glareone.eu\/cs\/produkt\/glareone-arc-60x180-cm-4v1\/#breadcrumb","itemListElement":[{"@type":"ListItem","position":1,"name":"Strona g\u0142\u00f3wna","item":"https:\/\/glareone.eu\/cs\/"},{"@type":"ListItem","position":2,"name":"V\u0161echny produkty","item":"https:\/\/glareone.eu\/cs\/produkty\/vsechny-produkty\/"},{"@type":"ListItem","position":3,"name":"GlareOne Arc 60&#215;180 cm &#8211; zak\u0159iven\u00e1 clona 4v1"}]},{"@type":"WebSite","@id":"https:\/\/glareone.eu\/cs\/en\/#website","url":"https:\/\/glareone.eu\/cs\/en\/","name":"GlareOne","description":"Wyposa\u017cenie Studia","publisher":{"@id":"https:\/\/glareone.eu\/cs\/en\/#organization"},"potentialAction":[{"@type":"SearchAction","target":{"@type":"EntryPoint","urlTemplate":"https:\/\/glareone.eu\/cs\/en\/?s={search_term_string}"},"query-input":{"@type":"PropertyValueSpecification","valueRequired":true,"valueName":"search_term_string"}}],"inLanguage":"cs"},{"@type":"Organization","@id":"https:\/\/glareone.eu\/cs\/en\/#organization","name":"GlareOne","url":"https:\/\/glareone.eu\/cs\/en\/","logo":{"@type":"ImageObject","inLanguage":"cs","@id":"https:\/\/glareone.eu\/cs\/en\/#\/schema\/logo\/image\/","url":"http:\/\/glareone.eu\/wp-content\/uploads\/2024\/05\/glareone_logo2020_RGB-01-e1715773127189.png","contentUrl":"http:\/\/glareone.eu\/wp-content\/uploads\/2024\/05\/glareone_logo2020_RGB-01-e1715773127189.png","width":1270,"height":321,"caption":"GlareOne"},"image":{"@id":"https:\/\/glareone.eu\/cs\/en\/#\/schema\/logo\/image\/"},"sameAs":["https:\/\/www.facebook.com\/GlareOneLighting","https:\/\/www.instagram.com\/glareonelighting\/","https:\/\/www.youtube.com\/@GlareOneTV"]}]}},"_links":{"self":[{"href":"https:\/\/glareone.eu\/cs\/wp-json\/wp\/v2\/product\/20919","targetHints":{"allow":["GET"]}}],"collection":[{"href":"https:\/\/glareone.eu\/cs\/wp-json\/wp\/v2\/product"}],"about":[{"href":"https:\/\/glareone.eu\/cs\/wp-json\/wp\/v2\/types\/product"}],"wp:featuredmedia":[{"embeddable":true,"href":"https:\/\/glareone.eu\/cs\/wp-json\/wp\/v2\/media\/20920"}],"wp:attachment":[{"href":"https:\/\/glareone.eu\/cs\/wp-json\/wp\/v2\/media?parent=20919"}],"wp:term":[{"taxonomy":"product_brand","embeddable":true,"href":"https:\/\/glareone.eu\/cs\/wp-json\/wp\/v2\/product_brand?post=20919"},{"taxonomy":"product_cat","embeddable":true,"href":"https:\/\/glareone.eu\/cs\/wp-json\/wp\/v2\/product_cat?post=20919"},{"taxonomy":"product_tag","embeddable":true,"href":"https:\/\/glareone.eu\/cs\/wp-json\/wp\/v2\/product_tag?post=20919"}],"curies":[{"name":"wp","href":"https:\/\/api.w.org\/{rel}","templated":true}]}}