{"id":20905,"date":"2024-04-18T19:26:22","date_gmt":"2024-04-18T19:26:22","guid":{"rendered":"https:\/\/glareone.eu\/product\/glareone-reflector-110x110-5w1\/"},"modified":"2025-07-09T14:33:55","modified_gmt":"2025-07-09T14:33:55","slug":"glareone-reflector-110x110-5v1","status":"publish","type":"product","link":"https:\/\/glareone.eu\/cs\/produkt\/glareone-reflector-110x110-5v1\/","title":{"rendered":"GlareOne Reflector 110&#215;110 &#8211; 5v1"},"content":{"rendered":"<h3>Ovl\u00e1d\u00e1n\u00ed sv\u011btla<\/h3>\n<p>Reflektory na pevn\u00fdch r\u00e1mech, na rozd\u00edl od sv\u00fdch skl\u00e1dac\u00edch prot\u011bj\u0161k\u016f, umo\u017e\u0148uj\u00ed pohodlnou pr\u00e1ci se sv\u011btlem nejen ve studiu, ale i venku. R\u00e1m je vyroben z hlin\u00edkov\u00fdch trubek a spojen ocelov\u00fdmi prvky, kter\u00e9 zabra\u0148uj\u00ed deformaci reflektoru n\u00e1razy v\u011btru. To usnad\u0148uje nasm\u011brov\u00e1n\u00ed odra\u017een\u00e9ho sv\u011btla na konkr\u00e9tn\u00ed m\u00edsto. Reflektor lze tak\u00e9 snadno um\u00edstit na stativ a zvednout vysoko nad hlavu.<\/p>\n<h3>Mnoho mo\u017enost\u00ed<\/h3>\n<p>Reflektor GlareOne je vybaven p\u011bti pl\u00e1tny:<\/p>\n<ul>\n<li>B\u00edl\u00e9 pl\u00e1tno \u2013 vypl\u0148uje st\u00edny a poskytuje m\u011bkk\u00e9 a rozpt\u00fdlen\u00e9 odra\u017een\u00e9 sv\u011btlo. M\u00e1 neutr\u00e1ln\u00ed barvu.<\/li>\n<li>St\u0159\u00edbrn\u00e9 pl\u00e1tno \u2013 poskytuje siln\u00fd odraz sv\u011btla a v\u011bt\u0161\u00ed kontrast ne\u017e b\u00edl\u00e9 pl\u00e1tno. M\u00e1 neutr\u00e1ln\u00ed barvu.<\/li>\n<li>Zlat\u00e9 pl\u00e1tno \u2013 poskytuje hodn\u011b sv\u011btla a zvy\u0161uje kontrast podobn\u011b jako st\u0159\u00edbrn\u00e9 pl\u00e1tno, ale ve srovn\u00e1n\u00ed s n\u00edm v\u00fdrazn\u011b zah\u0159\u00edv\u00e1 odra\u017een\u00e9 sv\u011btlo.<\/li>\n<li>\u010cern\u00e1 obrazovka \u2013 na rozd\u00edl od ostatn\u00edch obrazovek neslou\u017e\u00ed k odrazu sv\u011btla, ale k jeho tlumen\u00ed, \u010d\u00edm\u017e prohlubuje st\u00edny. Je barevn\u011b neutr\u00e1ln\u00ed.<\/li>\n<li>Difuzn\u00ed obrazovka \u2013 jedn\u00e1 se o b\u00edl\u00fd materi\u00e1l, kter\u00fd propou\u0161t\u00ed sv\u011btlo a velmi siln\u011b ho rozptyluje. Umo\u017e\u0148uje zm\u011bnit ostr\u00e9 sv\u011btlo na m\u011bkk\u00e9. Je barevn\u011b neutr\u00e1ln\u00ed.<\/li>\n<\/ul>\n<h3>Konstrukce<\/h3>\n<p>Reflektor GlareOne je zalo\u017een na r\u00e1mu, kter\u00fd mu dod\u00e1v\u00e1 pevnost a z\u00e1rove\u0148 je navr\u017een tak, aby se dal rychle a snadno rozlo\u017eit a slo\u017eit. Jeho prvky jsou trvale spojeny panty a z\u00e1mky, d\u00edky kter\u00fdm lze r\u00e1m rozlo\u017eit b\u011bhem n\u011bkolika vte\u0159in. Nen\u00ed t\u0159eba pou\u017e\u00edvat \u017e\u00e1dn\u00e9 dal\u0161\u00ed n\u00e1stroje ani sestavovat jednotliv\u00e9 prvky, co\u017e \u0161et\u0159\u00ed spoustu \u010dasu. St\u00edn\u00edtka se k r\u00e1mov\u00e9 konstrukci p\u0159ipev\u0148uj\u00ed pomoc\u00ed such\u00e9ho zipu nebo gumov\u00fdch p\u00e1sk\u016f. Po sestaven\u00ed lze difuz\u00e9r p\u0159ipevnit na stativ pomoc\u00ed dvoucestn\u00e9 hlavy (sou\u010d\u00e1st\u00ed balen\u00ed), kter\u00e1 m\u00e1 standardn\u00ed \u215d&#8220; stativov\u00fd z\u00e1vit a umo\u017e\u0148uje nastaven\u00ed \u00fahlu sklonu. Cel\u00fd difuz\u00e9r se vejde do p\u0159enosn\u00e9ho kuf\u0159\u00edku, kter\u00fd usnad\u0148uje jeho p\u0159epravu a skladov\u00e1n\u00ed.<\/p>\n<h3>Vlastnosti produktu:<\/h3>\n<ul>\n<li>Umo\u017e\u0148uje p\u0159em\u011bnit siln\u00e9 zdroje sv\u011btla na m\u011bkk\u00e9 a rozpt\u00fdlen\u00e9 zdroje sv\u011btla.<\/li>\n<li>Umo\u017e\u0148uje odr\u00e1\u017eet sv\u011btlo a nasm\u011brovat ho tam, kam pot\u0159ebujete.<\/li>\n<li>Lze pou\u017e\u00edt jako ventil blokuj\u00edc\u00ed sv\u011btlo.<\/li>\n<li>Dod\u00e1v\u00e1 se se sadou 5 obrazovek (st\u0159\u00edbrn\u00e1, zlat\u00e1, b\u00edl\u00e1, \u010dern\u00e1, difuzn\u00ed).<\/li>\n<li>Je vhodn\u00fd pro fotoateli\u00e9ry, filmov\u00e1 studia a pr\u00e1ci venku.<\/li>\n<li>D\u00edky pevn\u00e9mu r\u00e1mu poskytuje p\u0159esnou kontrolu sv\u011btla.<\/li>\n<li>R\u00e1m se snadno sestavuje, je lehk\u00fd a ve slo\u017een\u00e9m stavu zab\u00edr\u00e1 m\u00e1lo m\u00edsta.<\/li>\n<li>Neh\u00fdbe se ani p\u0159i n\u00e1razov\u00e9m v\u011btru.<\/li>\n<li>Konstrukce r\u00e1mu je vyrobena z hlin\u00edku a oceli.<\/li>\n<li>\u00dahel sklonu difuz\u00e9ru lze nastavit pomoc\u00ed p\u0159ilo\u017een\u00e9 hlavy.<\/li>\n<li>Dod\u00e1v\u00e1 se s praktick\u00fdm p\u0159enosn\u00fdm kuf\u0159\u00edkem.<\/li>\n<\/ul>\n","protected":false},"excerpt":{"rendered":"<p>Ovl\u00e1d\u00e1n\u00ed sv\u011btla Reflektory na pevn\u00fdch r\u00e1mech, na rozd\u00edl od sv\u00fdch skl\u00e1dac\u00edch prot\u011bj\u0161k\u016f, umo\u017e\u0148uj\u00ed pohodlnou pr\u00e1ci se sv\u011btlem nejen ve studiu, ale i venku. R\u00e1m je vyroben z hlin\u00edkov\u00fdch trubek a spojen ocelov\u00fdmi prvky, kter\u00e9 zabra\u0148uj\u00ed deformaci reflektoru n\u00e1razy v\u011btru. To usnad\u0148uje nasm\u011brov\u00e1n\u00ed odra\u017een\u00e9ho sv\u011btla na konkr\u00e9tn\u00ed m\u00edsto. Reflektor lze tak\u00e9 snadno um\u00edstit na stativ a [&hellip;]<\/p>\n","protected":false},"featured_media":20906,"template":"","meta":[],"product_brand":[],"product_cat":[578],"product_tag":[],"class_list":{"0":"post-20905","1":"product","2":"type-product","3":"status-publish","4":"has-post-thumbnail","6":"product_cat-reflektory-a-vlajky","8":"first","9":"instock","10":"product-type-simple"},"yoast_head":"<!-- This site is optimized with the Yoast SEO plugin v27.2 - https:\/\/yoast.com\/product\/yoast-seo-wordpress\/ -->\n<title>GlareOne Reflector 110x110 - blenda na ramie 5w1<\/title>\n<meta name=\"description\" content=\"GlareOne Reflector 110x110 - blenda na ramie 5w1\" \/>\n<meta name=\"robots\" content=\"index, follow, max-snippet:-1, max-image-preview:large, max-video-preview:-1\" \/>\n<link rel=\"canonical\" href=\"https:\/\/glareone.eu\/cs\/produkt\/glareone-reflector-110x110-5v1\/\" \/>\n<meta property=\"og:locale\" content=\"cs_CZ\" \/>\n<meta property=\"og:type\" content=\"article\" \/>\n<meta property=\"og:title\" content=\"GlareOne Reflector 110x110 - blenda na ramie 5w1\" \/>\n<meta property=\"og:description\" content=\"GlareOne Reflector 110x110 - blenda na ramie 5w1\" \/>\n<meta property=\"og:url\" content=\"https:\/\/glareone.eu\/cs\/produkt\/glareone-reflector-110x110-5v1\/\" \/>\n<meta property=\"og:site_name\" content=\"GlareOne\" \/>\n<meta property=\"article:publisher\" content=\"https:\/\/www.facebook.com\/GlareOneLighting\" \/>\n<meta property=\"article:modified_time\" content=\"2025-07-09T14:33:55+00:00\" \/>\n<meta property=\"og:image\" content=\"https:\/\/glareone.eu\/wp-content\/uploads\/2024\/04\/SBSPAN110X110-01.jpg\" \/>\n\t<meta property=\"og:image:width\" content=\"1200\" \/>\n\t<meta property=\"og:image:height\" content=\"1200\" \/>\n\t<meta property=\"og:image:type\" content=\"image\/jpeg\" \/>\n<meta name=\"twitter:card\" content=\"summary_large_image\" \/>\n<meta name=\"twitter:title\" content=\"GlareOne Reflector 110x110 - blenda na ramie 5w1\" \/>\n<meta name=\"twitter:label1\" content=\"Odhadovan\u00e1 doba \u010dten\u00ed\" \/>\n\t<meta name=\"twitter:data1\" content=\"2 minuty\" \/>\n<script type=\"application\/ld+json\" class=\"yoast-schema-graph\">{\"@context\":\"https:\/\/schema.org\",\"@graph\":[{\"@type\":\"WebPage\",\"@id\":\"https:\/\/glareone.eu\/cs\/produkt\/glareone-reflector-110x110-5v1\/\",\"url\":\"https:\/\/glareone.eu\/cs\/produkt\/glareone-reflector-110x110-5v1\/\",\"name\":\"GlareOne Reflector 110x110 - blenda na ramie 5w1\",\"isPartOf\":{\"@id\":\"https:\/\/glareone.eu\/cs\/en\/#website\"},\"primaryImageOfPage\":{\"@id\":\"https:\/\/glareone.eu\/cs\/produkt\/glareone-reflector-110x110-5v1\/#primaryimage\"},\"image\":{\"@id\":\"https:\/\/glareone.eu\/cs\/produkt\/glareone-reflector-110x110-5v1\/#primaryimage\"},\"thumbnailUrl\":\"https:\/\/glareone.eu\/wp-content\/uploads\/2024\/04\/SBSPAN110X110-01.jpg\",\"datePublished\":\"2024-04-18T19:26:22+00:00\",\"dateModified\":\"2025-07-09T14:33:55+00:00\",\"description\":\"GlareOne Reflector 110x110 - blenda na ramie 5w1\",\"breadcrumb\":{\"@id\":\"https:\/\/glareone.eu\/cs\/produkt\/glareone-reflector-110x110-5v1\/#breadcrumb\"},\"inLanguage\":\"cs\",\"potentialAction\":[{\"@type\":\"ReadAction\",\"target\":[\"https:\/\/glareone.eu\/cs\/produkt\/glareone-reflector-110x110-5v1\/\"]}]},{\"@type\":\"ImageObject\",\"inLanguage\":\"cs\",\"@id\":\"https:\/\/glareone.eu\/cs\/produkt\/glareone-reflector-110x110-5v1\/#primaryimage\",\"url\":\"https:\/\/glareone.eu\/wp-content\/uploads\/2024\/04\/SBSPAN110X110-01.jpg\",\"contentUrl\":\"https:\/\/glareone.eu\/wp-content\/uploads\/2024\/04\/SBSPAN110X110-01.jpg\",\"width\":1200,\"height\":1200},{\"@type\":\"BreadcrumbList\",\"@id\":\"https:\/\/glareone.eu\/cs\/produkt\/glareone-reflector-110x110-5v1\/#breadcrumb\",\"itemListElement\":[{\"@type\":\"ListItem\",\"position\":1,\"name\":\"Strona g\u0142\u00f3wna\",\"item\":\"https:\/\/glareone.eu\/cs\/\"},{\"@type\":\"ListItem\",\"position\":2,\"name\":\"V\u0161echny produkty\",\"item\":\"https:\/\/glareone.eu\/cs\/produkty\/vsechny-produkty\/\"},{\"@type\":\"ListItem\",\"position\":3,\"name\":\"GlareOne Reflector 110&#215;110 &#8211; 5v1\"}]},{\"@type\":\"WebSite\",\"@id\":\"https:\/\/glareone.eu\/cs\/en\/#website\",\"url\":\"https:\/\/glareone.eu\/cs\/en\/\",\"name\":\"GlareOne\",\"description\":\"Wyposa\u017cenie Studia\",\"publisher\":{\"@id\":\"https:\/\/glareone.eu\/cs\/en\/#organization\"},\"potentialAction\":[{\"@type\":\"SearchAction\",\"target\":{\"@type\":\"EntryPoint\",\"urlTemplate\":\"https:\/\/glareone.eu\/cs\/en\/?s={search_term_string}\"},\"query-input\":{\"@type\":\"PropertyValueSpecification\",\"valueRequired\":true,\"valueName\":\"search_term_string\"}}],\"inLanguage\":\"cs\"},{\"@type\":\"Organization\",\"@id\":\"https:\/\/glareone.eu\/cs\/en\/#organization\",\"name\":\"GlareOne\",\"url\":\"https:\/\/glareone.eu\/cs\/en\/\",\"logo\":{\"@type\":\"ImageObject\",\"inLanguage\":\"cs\",\"@id\":\"https:\/\/glareone.eu\/cs\/en\/#\/schema\/logo\/image\/\",\"url\":\"http:\/\/glareone.eu\/wp-content\/uploads\/2024\/05\/glareone_logo2020_RGB-01-e1715773127189.png\",\"contentUrl\":\"http:\/\/glareone.eu\/wp-content\/uploads\/2024\/05\/glareone_logo2020_RGB-01-e1715773127189.png\",\"width\":1270,\"height\":321,\"caption\":\"GlareOne\"},\"image\":{\"@id\":\"https:\/\/glareone.eu\/cs\/en\/#\/schema\/logo\/image\/\"},\"sameAs\":[\"https:\/\/www.facebook.com\/GlareOneLighting\",\"https:\/\/www.instagram.com\/glareonelighting\/\",\"https:\/\/www.youtube.com\/@GlareOneTV\"]}]}<\/script>\n<!-- \/ Yoast SEO plugin. -->","yoast_head_json":{"title":"GlareOne Reflector 110x110 - blenda na ramie 5w1","description":"GlareOne Reflector 110x110 - blenda na ramie 5w1","robots":{"index":"index","follow":"follow","max-snippet":"max-snippet:-1","max-image-preview":"max-image-preview:large","max-video-preview":"max-video-preview:-1"},"canonical":"https:\/\/glareone.eu\/cs\/produkt\/glareone-reflector-110x110-5v1\/","og_locale":"cs_CZ","og_type":"article","og_title":"GlareOne Reflector 110x110 - blenda na ramie 5w1","og_description":"GlareOne Reflector 110x110 - blenda na ramie 5w1","og_url":"https:\/\/glareone.eu\/cs\/produkt\/glareone-reflector-110x110-5v1\/","og_site_name":"GlareOne","article_publisher":"https:\/\/www.facebook.com\/GlareOneLighting","article_modified_time":"2025-07-09T14:33:55+00:00","og_image":[{"width":1200,"height":1200,"url":"https:\/\/glareone.eu\/wp-content\/uploads\/2024\/04\/SBSPAN110X110-01.jpg","type":"image\/jpeg"}],"twitter_card":"summary_large_image","twitter_title":"GlareOne Reflector 110x110 - blenda na ramie 5w1","twitter_misc":{"Odhadovan\u00e1 doba \u010dten\u00ed":"2 minuty"},"schema":{"@context":"https:\/\/schema.org","@graph":[{"@type":"WebPage","@id":"https:\/\/glareone.eu\/cs\/produkt\/glareone-reflector-110x110-5v1\/","url":"https:\/\/glareone.eu\/cs\/produkt\/glareone-reflector-110x110-5v1\/","name":"GlareOne Reflector 110x110 - blenda na ramie 5w1","isPartOf":{"@id":"https:\/\/glareone.eu\/cs\/en\/#website"},"primaryImageOfPage":{"@id":"https:\/\/glareone.eu\/cs\/produkt\/glareone-reflector-110x110-5v1\/#primaryimage"},"image":{"@id":"https:\/\/glareone.eu\/cs\/produkt\/glareone-reflector-110x110-5v1\/#primaryimage"},"thumbnailUrl":"https:\/\/glareone.eu\/wp-content\/uploads\/2024\/04\/SBSPAN110X110-01.jpg","datePublished":"2024-04-18T19:26:22+00:00","dateModified":"2025-07-09T14:33:55+00:00","description":"GlareOne Reflector 110x110 - blenda na ramie 5w1","breadcrumb":{"@id":"https:\/\/glareone.eu\/cs\/produkt\/glareone-reflector-110x110-5v1\/#breadcrumb"},"inLanguage":"cs","potentialAction":[{"@type":"ReadAction","target":["https:\/\/glareone.eu\/cs\/produkt\/glareone-reflector-110x110-5v1\/"]}]},{"@type":"ImageObject","inLanguage":"cs","@id":"https:\/\/glareone.eu\/cs\/produkt\/glareone-reflector-110x110-5v1\/#primaryimage","url":"https:\/\/glareone.eu\/wp-content\/uploads\/2024\/04\/SBSPAN110X110-01.jpg","contentUrl":"https:\/\/glareone.eu\/wp-content\/uploads\/2024\/04\/SBSPAN110X110-01.jpg","width":1200,"height":1200},{"@type":"BreadcrumbList","@id":"https:\/\/glareone.eu\/cs\/produkt\/glareone-reflector-110x110-5v1\/#breadcrumb","itemListElement":[{"@type":"ListItem","position":1,"name":"Strona g\u0142\u00f3wna","item":"https:\/\/glareone.eu\/cs\/"},{"@type":"ListItem","position":2,"name":"V\u0161echny produkty","item":"https:\/\/glareone.eu\/cs\/produkty\/vsechny-produkty\/"},{"@type":"ListItem","position":3,"name":"GlareOne Reflector 110&#215;110 &#8211; 5v1"}]},{"@type":"WebSite","@id":"https:\/\/glareone.eu\/cs\/en\/#website","url":"https:\/\/glareone.eu\/cs\/en\/","name":"GlareOne","description":"Wyposa\u017cenie Studia","publisher":{"@id":"https:\/\/glareone.eu\/cs\/en\/#organization"},"potentialAction":[{"@type":"SearchAction","target":{"@type":"EntryPoint","urlTemplate":"https:\/\/glareone.eu\/cs\/en\/?s={search_term_string}"},"query-input":{"@type":"PropertyValueSpecification","valueRequired":true,"valueName":"search_term_string"}}],"inLanguage":"cs"},{"@type":"Organization","@id":"https:\/\/glareone.eu\/cs\/en\/#organization","name":"GlareOne","url":"https:\/\/glareone.eu\/cs\/en\/","logo":{"@type":"ImageObject","inLanguage":"cs","@id":"https:\/\/glareone.eu\/cs\/en\/#\/schema\/logo\/image\/","url":"http:\/\/glareone.eu\/wp-content\/uploads\/2024\/05\/glareone_logo2020_RGB-01-e1715773127189.png","contentUrl":"http:\/\/glareone.eu\/wp-content\/uploads\/2024\/05\/glareone_logo2020_RGB-01-e1715773127189.png","width":1270,"height":321,"caption":"GlareOne"},"image":{"@id":"https:\/\/glareone.eu\/cs\/en\/#\/schema\/logo\/image\/"},"sameAs":["https:\/\/www.facebook.com\/GlareOneLighting","https:\/\/www.instagram.com\/glareonelighting\/","https:\/\/www.youtube.com\/@GlareOneTV"]}]}},"_links":{"self":[{"href":"https:\/\/glareone.eu\/cs\/wp-json\/wp\/v2\/product\/20905","targetHints":{"allow":["GET"]}}],"collection":[{"href":"https:\/\/glareone.eu\/cs\/wp-json\/wp\/v2\/product"}],"about":[{"href":"https:\/\/glareone.eu\/cs\/wp-json\/wp\/v2\/types\/product"}],"wp:featuredmedia":[{"embeddable":true,"href":"https:\/\/glareone.eu\/cs\/wp-json\/wp\/v2\/media\/20906"}],"wp:attachment":[{"href":"https:\/\/glareone.eu\/cs\/wp-json\/wp\/v2\/media?parent=20905"}],"wp:term":[{"taxonomy":"product_brand","embeddable":true,"href":"https:\/\/glareone.eu\/cs\/wp-json\/wp\/v2\/product_brand?post=20905"},{"taxonomy":"product_cat","embeddable":true,"href":"https:\/\/glareone.eu\/cs\/wp-json\/wp\/v2\/product_cat?post=20905"},{"taxonomy":"product_tag","embeddable":true,"href":"https:\/\/glareone.eu\/cs\/wp-json\/wp\/v2\/product_tag?post=20905"}],"curies":[{"name":"wp","href":"https:\/\/api.w.org\/{rel}","templated":true}]}}