{"id":20829,"date":"2024-04-18T19:26:18","date_gmt":"2024-04-18T19:26:18","guid":{"rendered":"https:\/\/glareone.eu\/product\/glareone-air-a-360\/"},"modified":"2025-07-09T14:23:18","modified_gmt":"2025-07-09T14:23:18","slug":"glareone-air-a-360","status":"publish","type":"product","link":"https:\/\/glareone.eu\/cs\/produkt\/glareone-air-a-360\/","title":{"rendered":"GlareOne Air A-360"},"content":{"rendered":"<p><span style=\"font-weight: 400;\">GlareOne Air A-360 je robustn\u00ed, n\u00e1razuvzdorn\u00fd, v\u00edce\u00fa\u010delov\u00fd studiov\u00fd stativ vybaven\u00fd oboustrann\u00fdm trnem, kter\u00fd se vyzna\u010duje velkou univerz\u00e1lnost\u00ed a kvalitn\u00edm zpracov\u00e1n\u00edm.<\/span><\/p>\n<p><span style=\"font-weight: 400;\">Osv\u011btlovac\u00ed stativy GlareOne. Jsou doporu\u010deny jak pro pr\u00e1ci ve studiu, tak pro venkovn\u00ed focen\u00ed. Odoln\u00e9 a spolehliv\u00e9 stativy jsou ide\u00e1ln\u00ed pro upevn\u011bn\u00ed blesk\u016f, sv\u011bteln\u00fdch zdroj\u016f s kontinu\u00e1ln\u00edm sv\u011btlem, dr\u017e\u00e1k\u016f filtr\u016f a syst\u00e9m\u016f pro zav\u011b\u0161en\u00ed pozad\u00ed. Nezbytn\u00e1 pom\u016fcka pro ka\u017ed\u00e9ho fotografa a filma\u0159e!<\/span><\/p>\n<h3><b>Vlastnosti produktu:<\/b><\/h3>\n<ul>\n<li style=\"font-weight: 400;\" aria-level=\"1\"><span style=\"font-weight: 400;\">3d\u00edln\u00fd st\u0159edov\u00fd sloup, zvy\u0161uje stabilitu stativu \u2013 \u010d\u00edm m\u00e9n\u011b d\u00edl\u016f, t\u00edm v\u011bt\u0161\u00ed stabilita<\/span><\/li>\n<li style=\"font-weight: 400;\" aria-level=\"1\"><span style=\"font-weight: 400;\">D\u00edky t\u0159\u00edd\u00edln\u00e9mu st\u0159edov\u00e9mu sloupu a vylep\u0161en\u00e9mu syst\u00e9mu aretace d\u00edl\u016f bylo mo\u017en\u00e9 pou\u017e\u00edt men\u0161\u00ed pr\u016fm\u011bry jednotliv\u00fdch d\u00edl\u016f stativu. T\u00edm se sn\u00ed\u017eila hmotnost stativu, ani\u017e by byla ovlivn\u011bna jeho stabilita a nosnost.<\/span><\/li>\n<li style=\"font-weight: 400;\" aria-level=\"1\"><span style=\"font-weight: 400;\">sou\u010d\u00e1st\u00ed sady je ta\u0161ka<\/span><\/li>\n<li style=\"font-weight: 400;\" aria-level=\"1\"><span style=\"font-weight: 400;\">v\u0161echny \u010d\u00e1sti stativu jsou vyrobeny z hlin\u00edku \/ oceli<\/span><\/li>\n<li style=\"font-weight: 400;\" aria-level=\"1\"><span style=\"font-weight: 400;\">vylep\u0161en\u00fd syst\u00e9m blokov\u00e1n\u00ed sekc\u00ed \/ stativ\u016f, st\u0159edov\u00fd sloup \u2013 s p\u0159\u00edtla\u010dnou deskou \u2013 zabra\u0148uje deformaci prvk\u016f st\u0159edov\u00e9ho sloupu, nap\u0159. p\u0159i p\u0159\u00edli\u0161n\u00e9m uta\u017een\u00ed, nem\u00e1 vadu uvoln\u011bn\u00ed blokov\u00e1n\u00ed sloupu jako jin\u00e9 stativy tohoto typu \u2013 u kter\u00fdch blokov\u00e1n\u00ed funguje na principu svorky \/ svorky<\/span><\/li>\n<li style=\"font-weight: 400;\" aria-level=\"1\"><span style=\"font-weight: 400;\">pr\u016fm\u011br sekc\u00ed 30, 25,20 mm, pr\u016fm\u011br nohou 22<\/span><\/li>\n<li style=\"font-weight: 400;\" aria-level=\"1\"><span style=\"font-weight: 400;\">vzduchov\u00e1 brzda chr\u00e1n\u00ed va\u0161e studiov\u00e9 vybaven\u00ed p\u0159ed mechanick\u00fdm po\u0161kozen\u00edm, nap\u0159. p\u0159i zm\u011bn\u011b v\u00fd\u0161ky<\/span><\/li>\n<li style=\"font-weight: 400;\" aria-level=\"1\"><span style=\"font-weight: 400;\">nepostradateln\u00fd p\u0159i pr\u00e1ci ve studiu i p\u0159i venkovn\u00edch focen\u00edch<\/span><\/li>\n<li style=\"font-weight: 400;\" aria-level=\"1\"><span style=\"font-weight: 400;\">vyrobeno z vysoce kvalitn\u00edch materi\u00e1l\u016f odoln\u00fdch proti mechanick\u00e9mu po\u0161kozen\u00ed<\/span><\/li>\n<li style=\"font-weight: 400;\" aria-level=\"1\"><span style=\"font-weight: 400;\">skv\u011ble funguje ve spolupr\u00e1ci se st\u00ednidly, osv\u011btlovac\u00edmi t\u011blesy a blesky<\/span><\/li>\n<li style=\"font-weight: 400;\" aria-level=\"1\"><span style=\"font-weight: 400;\">plynul\u00e1 regulace v\u00fd\u0161ky umo\u017e\u0148uje p\u0159izp\u016fsobit v\u00fd\u0161ku stativu individu\u00e1ln\u00edm pot\u0159eb\u00e1m fotografa<\/span><\/li>\n<li style=\"font-weight: 400;\" aria-level=\"1\"><span style=\"font-weight: 400;\">n\u00edzk\u00e1 hmotnost a kompaktn\u00ed rozm\u011bry po slo\u017een\u00ed d\u011blaj\u00ed ze stativ\u016f GlareOne bezprobl\u00e9mov\u00e9ho spole\u010dn\u00edka i na dlouh\u00fdch cest\u00e1ch<\/span><\/li>\n<li style=\"font-weight: 400;\" aria-level=\"1\"><span style=\"font-weight: 400;\">vybaveno ty\u010d\u00ed s dv\u011bma konci 1\/4 &#8211; 3\/8 palce<\/span><\/li>\n<\/ul>\n<h3><b>Dostupn\u00e9 verze GlareOne Air:<\/b><\/h3>\n<ul>\n<li style=\"font-weight: 400;\" aria-level=\"1\"><span style=\"font-weight: 400;\">osv\u011btlovac\u00ed stativ A-275 &#8211; 260 cm s odn\u00edmateln\u00fdm trnem<\/span><\/li>\n<li style=\"font-weight: 400;\" aria-level=\"1\"><span style=\"font-weight: 400;\">osv\u011btlovac\u00ed stativ A-360 &#8211; 360 cm s odn\u00edmateln\u00fdm trnem<\/span><\/li>\n<\/ul>\n","protected":false},"excerpt":{"rendered":"<p>GlareOne Air A-360 je robustn\u00ed, n\u00e1razuvzdorn\u00fd, v\u00edce\u00fa\u010delov\u00fd studiov\u00fd stativ vybaven\u00fd oboustrann\u00fdm trnem, kter\u00fd se vyzna\u010duje velkou univerz\u00e1lnost\u00ed a kvalitn\u00edm zpracov\u00e1n\u00edm. Osv\u011btlovac\u00ed stativy GlareOne. Jsou doporu\u010deny jak pro pr\u00e1ci ve studiu, tak pro venkovn\u00ed focen\u00ed. Odoln\u00e9 a spolehliv\u00e9 stativy jsou ide\u00e1ln\u00ed pro upevn\u011bn\u00ed blesk\u016f, sv\u011bteln\u00fdch zdroj\u016f s kontinu\u00e1ln\u00edm sv\u011btlem, dr\u017e\u00e1k\u016f filtr\u016f a syst\u00e9m\u016f pro zav\u011b\u0161en\u00ed pozad\u00ed. [&hellip;]<\/p>\n","protected":false},"featured_media":20831,"template":"","meta":[],"product_brand":[],"product_cat":[576],"product_tag":[],"class_list":{"0":"post-20829","1":"product","2":"type-product","3":"status-publish","4":"has-post-thumbnail","6":"product_cat-klasicke-stativy","8":"first","9":"instock","10":"product-type-simple"},"yoast_head":"<!-- This site is optimized with the Yoast SEO plugin v27.2 - https:\/\/yoast.com\/product\/yoast-seo-wordpress\/ -->\n<title>GlareOne Statyw o\u015bwietleniowy Air A-360 z hamulcem powietrznym<\/title>\n<meta name=\"description\" content=\"GlareOne Statyw o\u015bwietleniowy Air A-360 z hamulcem powietrznym\" \/>\n<meta name=\"robots\" content=\"index, follow, max-snippet:-1, max-image-preview:large, max-video-preview:-1\" \/>\n<link rel=\"canonical\" href=\"https:\/\/glareone.eu\/cs\/produkt\/glareone-air-a-360\/\" \/>\n<meta property=\"og:locale\" content=\"cs_CZ\" \/>\n<meta property=\"og:type\" content=\"article\" \/>\n<meta property=\"og:title\" content=\"GlareOne Statyw o\u015bwietleniowy Air A-360 z hamulcem powietrznym\" \/>\n<meta property=\"og:description\" content=\"GlareOne Statyw o\u015bwietleniowy Air A-360 z hamulcem powietrznym\" \/>\n<meta property=\"og:url\" content=\"https:\/\/glareone.eu\/cs\/produkt\/glareone-air-a-360\/\" \/>\n<meta property=\"og:site_name\" content=\"GlareOne\" \/>\n<meta property=\"article:publisher\" content=\"https:\/\/www.facebook.com\/GlareOneLighting\" \/>\n<meta property=\"article:modified_time\" content=\"2025-07-09T14:23:18+00:00\" \/>\n<meta property=\"og:image\" content=\"https:\/\/glareone.eu\/wp-content\/uploads\/2024\/04\/SLSA360_001.jpg\" \/>\n\t<meta property=\"og:image:width\" content=\"1000\" \/>\n\t<meta property=\"og:image:height\" content=\"1000\" \/>\n\t<meta property=\"og:image:type\" content=\"image\/jpeg\" \/>\n<meta name=\"twitter:card\" content=\"summary_large_image\" \/>\n<meta name=\"twitter:title\" content=\"GlareOne Statyw o\u015bwietleniowy Air A-360 z hamulcem powietrznym\" \/>\n<meta name=\"twitter:label1\" content=\"Odhadovan\u00e1 doba \u010dten\u00ed\" \/>\n\t<meta name=\"twitter:data1\" content=\"2 minuty\" \/>\n<script type=\"application\/ld+json\" class=\"yoast-schema-graph\">{\"@context\":\"https:\/\/schema.org\",\"@graph\":[{\"@type\":\"WebPage\",\"@id\":\"https:\/\/glareone.eu\/cs\/produkt\/glareone-air-a-360\/\",\"url\":\"https:\/\/glareone.eu\/cs\/produkt\/glareone-air-a-360\/\",\"name\":\"GlareOne Statyw o\u015bwietleniowy Air A-360 z hamulcem powietrznym\",\"isPartOf\":{\"@id\":\"https:\/\/glareone.eu\/cs\/en\/#website\"},\"primaryImageOfPage\":{\"@id\":\"https:\/\/glareone.eu\/cs\/produkt\/glareone-air-a-360\/#primaryimage\"},\"image\":{\"@id\":\"https:\/\/glareone.eu\/cs\/produkt\/glareone-air-a-360\/#primaryimage\"},\"thumbnailUrl\":\"https:\/\/glareone.eu\/wp-content\/uploads\/2024\/04\/SLSA360_001.jpg\",\"datePublished\":\"2024-04-18T19:26:18+00:00\",\"dateModified\":\"2025-07-09T14:23:18+00:00\",\"description\":\"GlareOne Statyw o\u015bwietleniowy Air A-360 z hamulcem powietrznym\",\"breadcrumb\":{\"@id\":\"https:\/\/glareone.eu\/cs\/produkt\/glareone-air-a-360\/#breadcrumb\"},\"inLanguage\":\"cs\",\"potentialAction\":[{\"@type\":\"ReadAction\",\"target\":[\"https:\/\/glareone.eu\/cs\/produkt\/glareone-air-a-360\/\"]}]},{\"@type\":\"ImageObject\",\"inLanguage\":\"cs\",\"@id\":\"https:\/\/glareone.eu\/cs\/produkt\/glareone-air-a-360\/#primaryimage\",\"url\":\"https:\/\/glareone.eu\/wp-content\/uploads\/2024\/04\/SLSA360_001.jpg\",\"contentUrl\":\"https:\/\/glareone.eu\/wp-content\/uploads\/2024\/04\/SLSA360_001.jpg\",\"width\":1000,\"height\":1000},{\"@type\":\"BreadcrumbList\",\"@id\":\"https:\/\/glareone.eu\/cs\/produkt\/glareone-air-a-360\/#breadcrumb\",\"itemListElement\":[{\"@type\":\"ListItem\",\"position\":1,\"name\":\"Strona g\u0142\u00f3wna\",\"item\":\"https:\/\/glareone.eu\/cs\/\"},{\"@type\":\"ListItem\",\"position\":2,\"name\":\"V\u0161echny produkty\",\"item\":\"https:\/\/glareone.eu\/cs\/produkty\/vsechny-produkty\/\"},{\"@type\":\"ListItem\",\"position\":3,\"name\":\"GlareOne Air A-360\"}]},{\"@type\":\"WebSite\",\"@id\":\"https:\/\/glareone.eu\/cs\/en\/#website\",\"url\":\"https:\/\/glareone.eu\/cs\/en\/\",\"name\":\"GlareOne\",\"description\":\"Wyposa\u017cenie Studia\",\"publisher\":{\"@id\":\"https:\/\/glareone.eu\/cs\/en\/#organization\"},\"potentialAction\":[{\"@type\":\"SearchAction\",\"target\":{\"@type\":\"EntryPoint\",\"urlTemplate\":\"https:\/\/glareone.eu\/cs\/en\/?s={search_term_string}\"},\"query-input\":{\"@type\":\"PropertyValueSpecification\",\"valueRequired\":true,\"valueName\":\"search_term_string\"}}],\"inLanguage\":\"cs\"},{\"@type\":\"Organization\",\"@id\":\"https:\/\/glareone.eu\/cs\/en\/#organization\",\"name\":\"GlareOne\",\"url\":\"https:\/\/glareone.eu\/cs\/en\/\",\"logo\":{\"@type\":\"ImageObject\",\"inLanguage\":\"cs\",\"@id\":\"https:\/\/glareone.eu\/cs\/en\/#\/schema\/logo\/image\/\",\"url\":\"http:\/\/glareone.eu\/wp-content\/uploads\/2024\/05\/glareone_logo2020_RGB-01-e1715773127189.png\",\"contentUrl\":\"http:\/\/glareone.eu\/wp-content\/uploads\/2024\/05\/glareone_logo2020_RGB-01-e1715773127189.png\",\"width\":1270,\"height\":321,\"caption\":\"GlareOne\"},\"image\":{\"@id\":\"https:\/\/glareone.eu\/cs\/en\/#\/schema\/logo\/image\/\"},\"sameAs\":[\"https:\/\/www.facebook.com\/GlareOneLighting\",\"https:\/\/www.instagram.com\/glareonelighting\/\",\"https:\/\/www.youtube.com\/@GlareOneTV\"]}]}<\/script>\n<!-- \/ Yoast SEO plugin. -->","yoast_head_json":{"title":"GlareOne Statyw o\u015bwietleniowy Air A-360 z hamulcem powietrznym","description":"GlareOne Statyw o\u015bwietleniowy Air A-360 z hamulcem powietrznym","robots":{"index":"index","follow":"follow","max-snippet":"max-snippet:-1","max-image-preview":"max-image-preview:large","max-video-preview":"max-video-preview:-1"},"canonical":"https:\/\/glareone.eu\/cs\/produkt\/glareone-air-a-360\/","og_locale":"cs_CZ","og_type":"article","og_title":"GlareOne Statyw o\u015bwietleniowy Air A-360 z hamulcem powietrznym","og_description":"GlareOne Statyw o\u015bwietleniowy Air A-360 z hamulcem powietrznym","og_url":"https:\/\/glareone.eu\/cs\/produkt\/glareone-air-a-360\/","og_site_name":"GlareOne","article_publisher":"https:\/\/www.facebook.com\/GlareOneLighting","article_modified_time":"2025-07-09T14:23:18+00:00","og_image":[{"width":1000,"height":1000,"url":"https:\/\/glareone.eu\/wp-content\/uploads\/2024\/04\/SLSA360_001.jpg","type":"image\/jpeg"}],"twitter_card":"summary_large_image","twitter_title":"GlareOne Statyw o\u015bwietleniowy Air A-360 z hamulcem powietrznym","twitter_misc":{"Odhadovan\u00e1 doba \u010dten\u00ed":"2 minuty"},"schema":{"@context":"https:\/\/schema.org","@graph":[{"@type":"WebPage","@id":"https:\/\/glareone.eu\/cs\/produkt\/glareone-air-a-360\/","url":"https:\/\/glareone.eu\/cs\/produkt\/glareone-air-a-360\/","name":"GlareOne Statyw o\u015bwietleniowy Air A-360 z hamulcem powietrznym","isPartOf":{"@id":"https:\/\/glareone.eu\/cs\/en\/#website"},"primaryImageOfPage":{"@id":"https:\/\/glareone.eu\/cs\/produkt\/glareone-air-a-360\/#primaryimage"},"image":{"@id":"https:\/\/glareone.eu\/cs\/produkt\/glareone-air-a-360\/#primaryimage"},"thumbnailUrl":"https:\/\/glareone.eu\/wp-content\/uploads\/2024\/04\/SLSA360_001.jpg","datePublished":"2024-04-18T19:26:18+00:00","dateModified":"2025-07-09T14:23:18+00:00","description":"GlareOne Statyw o\u015bwietleniowy Air A-360 z hamulcem powietrznym","breadcrumb":{"@id":"https:\/\/glareone.eu\/cs\/produkt\/glareone-air-a-360\/#breadcrumb"},"inLanguage":"cs","potentialAction":[{"@type":"ReadAction","target":["https:\/\/glareone.eu\/cs\/produkt\/glareone-air-a-360\/"]}]},{"@type":"ImageObject","inLanguage":"cs","@id":"https:\/\/glareone.eu\/cs\/produkt\/glareone-air-a-360\/#primaryimage","url":"https:\/\/glareone.eu\/wp-content\/uploads\/2024\/04\/SLSA360_001.jpg","contentUrl":"https:\/\/glareone.eu\/wp-content\/uploads\/2024\/04\/SLSA360_001.jpg","width":1000,"height":1000},{"@type":"BreadcrumbList","@id":"https:\/\/glareone.eu\/cs\/produkt\/glareone-air-a-360\/#breadcrumb","itemListElement":[{"@type":"ListItem","position":1,"name":"Strona g\u0142\u00f3wna","item":"https:\/\/glareone.eu\/cs\/"},{"@type":"ListItem","position":2,"name":"V\u0161echny produkty","item":"https:\/\/glareone.eu\/cs\/produkty\/vsechny-produkty\/"},{"@type":"ListItem","position":3,"name":"GlareOne Air A-360"}]},{"@type":"WebSite","@id":"https:\/\/glareone.eu\/cs\/en\/#website","url":"https:\/\/glareone.eu\/cs\/en\/","name":"GlareOne","description":"Wyposa\u017cenie Studia","publisher":{"@id":"https:\/\/glareone.eu\/cs\/en\/#organization"},"potentialAction":[{"@type":"SearchAction","target":{"@type":"EntryPoint","urlTemplate":"https:\/\/glareone.eu\/cs\/en\/?s={search_term_string}"},"query-input":{"@type":"PropertyValueSpecification","valueRequired":true,"valueName":"search_term_string"}}],"inLanguage":"cs"},{"@type":"Organization","@id":"https:\/\/glareone.eu\/cs\/en\/#organization","name":"GlareOne","url":"https:\/\/glareone.eu\/cs\/en\/","logo":{"@type":"ImageObject","inLanguage":"cs","@id":"https:\/\/glareone.eu\/cs\/en\/#\/schema\/logo\/image\/","url":"http:\/\/glareone.eu\/wp-content\/uploads\/2024\/05\/glareone_logo2020_RGB-01-e1715773127189.png","contentUrl":"http:\/\/glareone.eu\/wp-content\/uploads\/2024\/05\/glareone_logo2020_RGB-01-e1715773127189.png","width":1270,"height":321,"caption":"GlareOne"},"image":{"@id":"https:\/\/glareone.eu\/cs\/en\/#\/schema\/logo\/image\/"},"sameAs":["https:\/\/www.facebook.com\/GlareOneLighting","https:\/\/www.instagram.com\/glareonelighting\/","https:\/\/www.youtube.com\/@GlareOneTV"]}]}},"_links":{"self":[{"href":"https:\/\/glareone.eu\/cs\/wp-json\/wp\/v2\/product\/20829","targetHints":{"allow":["GET"]}}],"collection":[{"href":"https:\/\/glareone.eu\/cs\/wp-json\/wp\/v2\/product"}],"about":[{"href":"https:\/\/glareone.eu\/cs\/wp-json\/wp\/v2\/types\/product"}],"wp:featuredmedia":[{"embeddable":true,"href":"https:\/\/glareone.eu\/cs\/wp-json\/wp\/v2\/media\/20831"}],"wp:attachment":[{"href":"https:\/\/glareone.eu\/cs\/wp-json\/wp\/v2\/media?parent=20829"}],"wp:term":[{"taxonomy":"product_brand","embeddable":true,"href":"https:\/\/glareone.eu\/cs\/wp-json\/wp\/v2\/product_brand?post=20829"},{"taxonomy":"product_cat","embeddable":true,"href":"https:\/\/glareone.eu\/cs\/wp-json\/wp\/v2\/product_cat?post=20829"},{"taxonomy":"product_tag","embeddable":true,"href":"https:\/\/glareone.eu\/cs\/wp-json\/wp\/v2\/product_tag?post=20829"}],"curies":[{"name":"wp","href":"https:\/\/api.w.org\/{rel}","templated":true}]}}