{"id":20803,"date":"2024-04-18T19:26:18","date_gmt":"2024-04-18T19:26:18","guid":{"rendered":"https:\/\/glareone.eu\/product\/glareone-softbox-30x120-strappo\/"},"modified":"2025-07-09T14:17:44","modified_gmt":"2025-07-09T14:17:44","slug":"glareone-softbox-30x120-strappo","status":"publish","type":"product","link":"https:\/\/glareone.eu\/cs\/produkt\/glareone-softbox-30x120-strappo\/","title":{"rendered":"GlareOne Softbox 30&#215;120 Strappo"},"content":{"rendered":"<p><span style=\"font-weight: 400;\">Klasick\u00fd obd\u00e9ln\u00edkov\u00fd softbox o rozm\u011brech 30 x 120 cm, vybaven\u00fd dvojit\u00fdm odn\u00edmateln\u00fdm difuzorem a krytem.<\/span><\/p>\n<p><span style=\"font-weight: 400;\">Strappo je univerz\u00e1ln\u00ed softbox se standardn\u00ed konstrukc\u00ed zalo\u017eenou na ocelov\u00fdch ty\u010d\u00edch. Skl\u00e1d\u00e1n\u00ed modifik\u00e1toru usnad\u0148uj\u00ed odn\u00edmateln\u00e9 popruhy um\u00edst\u011bn\u00e9 v m\u00edstech uchycen\u00ed r\u00e1mu.<\/span><\/p>\n<p><span style=\"font-weight: 400;\">Je vybaven dv\u011bma odn\u00edmateln\u00fdmi difuz\u00e9ry \u2013 vnit\u0159n\u00edm a vn\u011bj\u0161\u00edm, kter\u00e9 n\u00e1m umo\u017e\u0148uj\u00ed nastavit m\u011bkkost sv\u011btla. M\u00e1 tak\u00e9 m\u00edsto pro m\u0159\u00ed\u017eku (vo\u0161tinu), kter\u00e1 umo\u017e\u0148uje lep\u0161\u00ed kontrolu sv\u011btla.<\/span><\/p>\n<h3><b>Vlastnosti produktu:<\/b><\/h3>\n<ul>\n<li style=\"font-weight: 400;\" aria-level=\"1\"><span style=\"font-weight: 400;\">Klasick\u00fd softbox pro portr\u00e9tn\u00ed a produktov\u00e9 focen\u00ed<\/span><\/li>\n<li style=\"font-weight: 400;\" aria-level=\"1\"><span style=\"font-weight: 400;\">Hlin\u00edkov\u00fd mont\u00e1\u017en\u00ed krou\u017eek v standardu Bowens s mo\u017enost\u00ed oto\u010den\u00ed namontovan\u00e9ho softboxu o 360 stup\u0148\u016f, p\u0159\u00edtla\u010dn\u00e1 \u0161roub je um\u00edst\u011bna na vn\u011bj\u0161\u00ed stran\u011b softboxu<\/span><\/li>\n<li style=\"font-weight: 400;\" aria-level=\"1\"><span style=\"font-weight: 400;\">M\u00e1 dvojit\u00fd odn\u00edmateln\u00fd difuz\u00e9r<\/span><\/li>\n<li style=\"font-weight: 400;\" aria-level=\"1\"><span style=\"font-weight: 400;\">Lze doplnit o vo\u0161tinovou m\u0159\u00ed\u017eku<\/span><\/li>\n<li style=\"font-weight: 400;\" aria-level=\"1\"><span style=\"font-weight: 400;\">Konstruk\u010dn\u00ed ocelov\u00e9 ty\u010de<\/span><\/li>\n<li style=\"font-weight: 400;\" aria-level=\"1\"><span style=\"font-weight: 400;\">Dod\u00e1v\u00e1 se v praktick\u00e9m p\u0159enosn\u00e9m kuf\u0159\u00edku<\/span><\/li>\n<\/ul>\n","protected":false},"excerpt":{"rendered":"<p>Klasick\u00fd obd\u00e9ln\u00edkov\u00fd softbox o rozm\u011brech 30 x 120 cm, vybaven\u00fd dvojit\u00fdm odn\u00edmateln\u00fdm difuzorem a krytem. Strappo je univerz\u00e1ln\u00ed softbox se standardn\u00ed konstrukc\u00ed zalo\u017eenou na ocelov\u00fdch ty\u010d\u00edch. Skl\u00e1d\u00e1n\u00ed modifik\u00e1toru usnad\u0148uj\u00ed odn\u00edmateln\u00e9 popruhy um\u00edst\u011bn\u00e9 v m\u00edstech uchycen\u00ed r\u00e1mu. Je vybaven dv\u011bma odn\u00edmateln\u00fdmi difuz\u00e9ry \u2013 vnit\u0159n\u00edm a vn\u011bj\u0161\u00edm, kter\u00e9 n\u00e1m umo\u017e\u0148uj\u00ed nastavit m\u011bkkost sv\u011btla. M\u00e1 tak\u00e9 m\u00edsto pro [&hellip;]<\/p>\n","protected":false},"featured_media":20804,"template":"","meta":[],"product_brand":[],"product_cat":[562],"product_tag":[],"class_list":{"0":"post-20803","1":"product","2":"type-product","3":"status-publish","4":"has-post-thumbnail","6":"product_cat-strappo-cs","8":"first","9":"instock","10":"product-type-simple"},"yoast_head":"<!-- This site is optimized with the Yoast SEO plugin v27.2 - https:\/\/yoast.com\/product\/yoast-seo-wordpress\/ -->\n<title>GlareOne Softbox 30x120 Strappo<\/title>\n<meta name=\"description\" content=\"GlareOne Softbox 30x120 Strappo\" \/>\n<meta name=\"robots\" content=\"index, follow, max-snippet:-1, max-image-preview:large, max-video-preview:-1\" \/>\n<link rel=\"canonical\" href=\"https:\/\/glareone.eu\/cs\/produkt\/glareone-softbox-30x120-strappo\/\" \/>\n<meta property=\"og:locale\" content=\"cs_CZ\" \/>\n<meta property=\"og:type\" content=\"article\" \/>\n<meta property=\"og:title\" content=\"GlareOne Softbox 30x120 Strappo\" \/>\n<meta property=\"og:description\" content=\"GlareOne Softbox 30x120 Strappo\" \/>\n<meta property=\"og:url\" content=\"https:\/\/glareone.eu\/cs\/produkt\/glareone-softbox-30x120-strappo\/\" \/>\n<meta property=\"og:site_name\" content=\"GlareOne\" \/>\n<meta property=\"article:publisher\" content=\"https:\/\/www.facebook.com\/GlareOneLighting\" \/>\n<meta property=\"article:modified_time\" content=\"2025-07-09T14:17:44+00:00\" \/>\n<meta property=\"og:image\" content=\"https:\/\/glareone.eu\/wp-content\/uploads\/2024\/04\/SSOFT30X120B_001.jpg\" \/>\n\t<meta property=\"og:image:width\" content=\"2200\" \/>\n\t<meta property=\"og:image:height\" content=\"2200\" \/>\n\t<meta property=\"og:image:type\" content=\"image\/jpeg\" \/>\n<meta name=\"twitter:card\" content=\"summary_large_image\" \/>\n<meta name=\"twitter:title\" content=\"GlareOne Softbox 30x120 Strappo\" \/>\n<meta name=\"twitter:label1\" content=\"Odhadovan\u00e1 doba \u010dten\u00ed\" \/>\n\t<meta name=\"twitter:data1\" content=\"1 minuta\" \/>\n<script type=\"application\/ld+json\" class=\"yoast-schema-graph\">{\"@context\":\"https:\/\/schema.org\",\"@graph\":[{\"@type\":\"WebPage\",\"@id\":\"https:\/\/glareone.eu\/cs\/produkt\/glareone-softbox-30x120-strappo\/\",\"url\":\"https:\/\/glareone.eu\/cs\/produkt\/glareone-softbox-30x120-strappo\/\",\"name\":\"GlareOne Softbox 30x120 Strappo\",\"isPartOf\":{\"@id\":\"https:\/\/glareone.eu\/cs\/en\/#website\"},\"primaryImageOfPage\":{\"@id\":\"https:\/\/glareone.eu\/cs\/produkt\/glareone-softbox-30x120-strappo\/#primaryimage\"},\"image\":{\"@id\":\"https:\/\/glareone.eu\/cs\/produkt\/glareone-softbox-30x120-strappo\/#primaryimage\"},\"thumbnailUrl\":\"https:\/\/glareone.eu\/wp-content\/uploads\/2024\/04\/SSOFT30X120B_001.jpg\",\"datePublished\":\"2024-04-18T19:26:18+00:00\",\"dateModified\":\"2025-07-09T14:17:44+00:00\",\"description\":\"GlareOne Softbox 30x120 Strappo\",\"breadcrumb\":{\"@id\":\"https:\/\/glareone.eu\/cs\/produkt\/glareone-softbox-30x120-strappo\/#breadcrumb\"},\"inLanguage\":\"cs\",\"potentialAction\":[{\"@type\":\"ReadAction\",\"target\":[\"https:\/\/glareone.eu\/cs\/produkt\/glareone-softbox-30x120-strappo\/\"]}]},{\"@type\":\"ImageObject\",\"inLanguage\":\"cs\",\"@id\":\"https:\/\/glareone.eu\/cs\/produkt\/glareone-softbox-30x120-strappo\/#primaryimage\",\"url\":\"https:\/\/glareone.eu\/wp-content\/uploads\/2024\/04\/SSOFT30X120B_001.jpg\",\"contentUrl\":\"https:\/\/glareone.eu\/wp-content\/uploads\/2024\/04\/SSOFT30X120B_001.jpg\",\"width\":2200,\"height\":2200},{\"@type\":\"BreadcrumbList\",\"@id\":\"https:\/\/glareone.eu\/cs\/produkt\/glareone-softbox-30x120-strappo\/#breadcrumb\",\"itemListElement\":[{\"@type\":\"ListItem\",\"position\":1,\"name\":\"Strona g\u0142\u00f3wna\",\"item\":\"https:\/\/glareone.eu\/cs\/\"},{\"@type\":\"ListItem\",\"position\":2,\"name\":\"V\u0161echny produkty\",\"item\":\"https:\/\/glareone.eu\/cs\/produkty\/vsechny-produkty\/\"},{\"@type\":\"ListItem\",\"position\":3,\"name\":\"GlareOne Softbox 30&#215;120 Strappo\"}]},{\"@type\":\"WebSite\",\"@id\":\"https:\/\/glareone.eu\/cs\/en\/#website\",\"url\":\"https:\/\/glareone.eu\/cs\/en\/\",\"name\":\"GlareOne\",\"description\":\"Wyposa\u017cenie Studia\",\"publisher\":{\"@id\":\"https:\/\/glareone.eu\/cs\/en\/#organization\"},\"potentialAction\":[{\"@type\":\"SearchAction\",\"target\":{\"@type\":\"EntryPoint\",\"urlTemplate\":\"https:\/\/glareone.eu\/cs\/en\/?s={search_term_string}\"},\"query-input\":{\"@type\":\"PropertyValueSpecification\",\"valueRequired\":true,\"valueName\":\"search_term_string\"}}],\"inLanguage\":\"cs\"},{\"@type\":\"Organization\",\"@id\":\"https:\/\/glareone.eu\/cs\/en\/#organization\",\"name\":\"GlareOne\",\"url\":\"https:\/\/glareone.eu\/cs\/en\/\",\"logo\":{\"@type\":\"ImageObject\",\"inLanguage\":\"cs\",\"@id\":\"https:\/\/glareone.eu\/cs\/en\/#\/schema\/logo\/image\/\",\"url\":\"http:\/\/glareone.eu\/wp-content\/uploads\/2024\/05\/glareone_logo2020_RGB-01-e1715773127189.png\",\"contentUrl\":\"http:\/\/glareone.eu\/wp-content\/uploads\/2024\/05\/glareone_logo2020_RGB-01-e1715773127189.png\",\"width\":1270,\"height\":321,\"caption\":\"GlareOne\"},\"image\":{\"@id\":\"https:\/\/glareone.eu\/cs\/en\/#\/schema\/logo\/image\/\"},\"sameAs\":[\"https:\/\/www.facebook.com\/GlareOneLighting\",\"https:\/\/www.instagram.com\/glareonelighting\/\",\"https:\/\/www.youtube.com\/@GlareOneTV\"]}]}<\/script>\n<!-- \/ Yoast SEO plugin. -->","yoast_head_json":{"title":"GlareOne Softbox 30x120 Strappo","description":"GlareOne Softbox 30x120 Strappo","robots":{"index":"index","follow":"follow","max-snippet":"max-snippet:-1","max-image-preview":"max-image-preview:large","max-video-preview":"max-video-preview:-1"},"canonical":"https:\/\/glareone.eu\/cs\/produkt\/glareone-softbox-30x120-strappo\/","og_locale":"cs_CZ","og_type":"article","og_title":"GlareOne Softbox 30x120 Strappo","og_description":"GlareOne Softbox 30x120 Strappo","og_url":"https:\/\/glareone.eu\/cs\/produkt\/glareone-softbox-30x120-strappo\/","og_site_name":"GlareOne","article_publisher":"https:\/\/www.facebook.com\/GlareOneLighting","article_modified_time":"2025-07-09T14:17:44+00:00","og_image":[{"width":2200,"height":2200,"url":"https:\/\/glareone.eu\/wp-content\/uploads\/2024\/04\/SSOFT30X120B_001.jpg","type":"image\/jpeg"}],"twitter_card":"summary_large_image","twitter_title":"GlareOne Softbox 30x120 Strappo","twitter_misc":{"Odhadovan\u00e1 doba \u010dten\u00ed":"1 minuta"},"schema":{"@context":"https:\/\/schema.org","@graph":[{"@type":"WebPage","@id":"https:\/\/glareone.eu\/cs\/produkt\/glareone-softbox-30x120-strappo\/","url":"https:\/\/glareone.eu\/cs\/produkt\/glareone-softbox-30x120-strappo\/","name":"GlareOne Softbox 30x120 Strappo","isPartOf":{"@id":"https:\/\/glareone.eu\/cs\/en\/#website"},"primaryImageOfPage":{"@id":"https:\/\/glareone.eu\/cs\/produkt\/glareone-softbox-30x120-strappo\/#primaryimage"},"image":{"@id":"https:\/\/glareone.eu\/cs\/produkt\/glareone-softbox-30x120-strappo\/#primaryimage"},"thumbnailUrl":"https:\/\/glareone.eu\/wp-content\/uploads\/2024\/04\/SSOFT30X120B_001.jpg","datePublished":"2024-04-18T19:26:18+00:00","dateModified":"2025-07-09T14:17:44+00:00","description":"GlareOne Softbox 30x120 Strappo","breadcrumb":{"@id":"https:\/\/glareone.eu\/cs\/produkt\/glareone-softbox-30x120-strappo\/#breadcrumb"},"inLanguage":"cs","potentialAction":[{"@type":"ReadAction","target":["https:\/\/glareone.eu\/cs\/produkt\/glareone-softbox-30x120-strappo\/"]}]},{"@type":"ImageObject","inLanguage":"cs","@id":"https:\/\/glareone.eu\/cs\/produkt\/glareone-softbox-30x120-strappo\/#primaryimage","url":"https:\/\/glareone.eu\/wp-content\/uploads\/2024\/04\/SSOFT30X120B_001.jpg","contentUrl":"https:\/\/glareone.eu\/wp-content\/uploads\/2024\/04\/SSOFT30X120B_001.jpg","width":2200,"height":2200},{"@type":"BreadcrumbList","@id":"https:\/\/glareone.eu\/cs\/produkt\/glareone-softbox-30x120-strappo\/#breadcrumb","itemListElement":[{"@type":"ListItem","position":1,"name":"Strona g\u0142\u00f3wna","item":"https:\/\/glareone.eu\/cs\/"},{"@type":"ListItem","position":2,"name":"V\u0161echny produkty","item":"https:\/\/glareone.eu\/cs\/produkty\/vsechny-produkty\/"},{"@type":"ListItem","position":3,"name":"GlareOne Softbox 30&#215;120 Strappo"}]},{"@type":"WebSite","@id":"https:\/\/glareone.eu\/cs\/en\/#website","url":"https:\/\/glareone.eu\/cs\/en\/","name":"GlareOne","description":"Wyposa\u017cenie Studia","publisher":{"@id":"https:\/\/glareone.eu\/cs\/en\/#organization"},"potentialAction":[{"@type":"SearchAction","target":{"@type":"EntryPoint","urlTemplate":"https:\/\/glareone.eu\/cs\/en\/?s={search_term_string}"},"query-input":{"@type":"PropertyValueSpecification","valueRequired":true,"valueName":"search_term_string"}}],"inLanguage":"cs"},{"@type":"Organization","@id":"https:\/\/glareone.eu\/cs\/en\/#organization","name":"GlareOne","url":"https:\/\/glareone.eu\/cs\/en\/","logo":{"@type":"ImageObject","inLanguage":"cs","@id":"https:\/\/glareone.eu\/cs\/en\/#\/schema\/logo\/image\/","url":"http:\/\/glareone.eu\/wp-content\/uploads\/2024\/05\/glareone_logo2020_RGB-01-e1715773127189.png","contentUrl":"http:\/\/glareone.eu\/wp-content\/uploads\/2024\/05\/glareone_logo2020_RGB-01-e1715773127189.png","width":1270,"height":321,"caption":"GlareOne"},"image":{"@id":"https:\/\/glareone.eu\/cs\/en\/#\/schema\/logo\/image\/"},"sameAs":["https:\/\/www.facebook.com\/GlareOneLighting","https:\/\/www.instagram.com\/glareonelighting\/","https:\/\/www.youtube.com\/@GlareOneTV"]}]}},"_links":{"self":[{"href":"https:\/\/glareone.eu\/cs\/wp-json\/wp\/v2\/product\/20803","targetHints":{"allow":["GET"]}}],"collection":[{"href":"https:\/\/glareone.eu\/cs\/wp-json\/wp\/v2\/product"}],"about":[{"href":"https:\/\/glareone.eu\/cs\/wp-json\/wp\/v2\/types\/product"}],"wp:featuredmedia":[{"embeddable":true,"href":"https:\/\/glareone.eu\/cs\/wp-json\/wp\/v2\/media\/20804"}],"wp:attachment":[{"href":"https:\/\/glareone.eu\/cs\/wp-json\/wp\/v2\/media?parent=20803"}],"wp:term":[{"taxonomy":"product_brand","embeddable":true,"href":"https:\/\/glareone.eu\/cs\/wp-json\/wp\/v2\/product_brand?post=20803"},{"taxonomy":"product_cat","embeddable":true,"href":"https:\/\/glareone.eu\/cs\/wp-json\/wp\/v2\/product_cat?post=20803"},{"taxonomy":"product_tag","embeddable":true,"href":"https:\/\/glareone.eu\/cs\/wp-json\/wp\/v2\/product_tag?post=20803"}],"curies":[{"name":"wp","href":"https:\/\/api.w.org\/{rel}","templated":true}]}}