{"id":20761,"date":"2024-04-18T19:26:24","date_gmt":"2024-04-18T19:26:24","guid":{"rendered":"https:\/\/glareone.eu\/product\/glareone-heavy-glide-statyw-typu-boom\/"},"modified":"2025-07-09T14:07:47","modified_gmt":"2025-07-09T14:07:47","slug":"glareone-heavy-glide-stativ-typu-boom","status":"publish","type":"product","link":"https:\/\/glareone.eu\/cs\/produkt\/glareone-heavy-glide-stativ-typu-boom\/","title":{"rendered":"GlareOne Heavy Glide &#8211; stativ typu boom"},"content":{"rendered":"<h3>Odolnost<\/h3>\n<p>Heavy Glide je stativ vyroben\u00fd v\u00fdhradn\u011b z pochromovan\u00e9 nerezov\u00e9 oceli, navr\u017een\u00fd pro dlouhou \u017eivotnost a pevnost. V\u0161echny svorky a jejich knofl\u00edky, spojovac\u00ed ty\u010de nohou, mechanismus aretace st\u0159edov\u00e9ho sloupku a odpru\u017een\u00ed kole\u010dek jsou kovov\u00e9.<\/p>\n<h3>Stabilita<\/h3>\n<p>Heavy Glide je t\u011b\u017ek\u00fd stativ o hmotnosti t\u00e9m\u011b\u0159 20 kg s trubkami z tlust\u00e9 oceli. Nohy jsou vyrobeny z uzav\u0159en\u00fdch profil\u016f o rozm\u011brech 25 x 25 mm, kter\u00e9 v kombinaci s kole\u010dky poskytuj\u00ed z\u00e1kladnu o rozp\u011bt\u00ed 144 cm. To v kombinaci s ocelov\u00fdmi spojkami a svorkami \u010din\u00ed Heavy Glide velmi stabiln\u00edm stativem.<\/p>\n<h3>Nosnost<\/h3>\n<p>St\u0159edov\u00fd sloupek unese a\u017e 30 kg. M\u016f\u017ee un\u00e9st a\u017e 30 kg, co\u017e usnad\u0148uje pou\u017eit\u00ed i s nejv\u011bt\u0161\u00edmi softboxy a de\u0161tn\u00edky. Pokud pot\u0159ebujete osv\u011btlit fotografick\u00e9 studio shora pomoc\u00ed lampy se softboxem o pr\u016fm\u011bru 120 cm (nebo v\u011bt\u0161\u00edm), GlareOne Heavy Glide bude tou nejlep\u0161\u00ed volbou.<\/p>\n<h3>Boom<\/h3>\n<p>Heavy Glide je vybaven mechanismem pro rozlo\u017een\u00ed st\u0159edov\u00e9ho sloupu, d\u00edky \u010demu\u017e je to stativ 2 v 1. P\u0159i vertik\u00e1ln\u00edm pou\u017eit\u00ed dosahuje st\u0159edov\u00fd sloup maxim\u00e1ln\u00ed v\u00fd\u0161ky 530 cm. Tento typ stativu by nem\u011bl chyb\u011bt v \u017e\u00e1dn\u00e9m fotoateli\u00e9ru ani filmov\u00e9m studiu, proto\u017ee umo\u017e\u0148uje bezpe\u010dn\u011b um\u00edstit lampu nad sc\u00e9nu pro osv\u011btlen\u00ed shora. Je tak\u00e9 u\u017eite\u010dn\u00fd, kdy\u017e je t\u0159eba lampu zav\u011bsit nad fotoapar\u00e1t nebo kameru, co\u017e m\u016f\u017ee b\u00fdt s b\u011b\u017en\u00fdm stativem obt\u00ed\u017en\u00e9 nebo dokonce nemo\u017en\u00e9.<\/p>\n<h3>Horsk\u00e1 noha<\/h3>\n<p>D\u00e9lku jedn\u00e9 z nohou lze nastavit, co\u017e umo\u017e\u0148uje postavit stativ na m\u00edstech, kde by b\u011b\u017en\u00e9 stativy nemohly bezpe\u010dn\u011b st\u00e1t. Mechanismus \u201ehorsk\u00e9 nohy\u201c usnad\u0148uje um\u00edst\u011bn\u00ed Heavy Glide na svahu a jeho spr\u00e1vn\u00e9 vyrovn\u00e1n\u00ed, co\u017e je velmi dobr\u00e9 pro bezpe\u010dnost na sc\u00e9n\u011b.<\/p>\n<h3>Hlava<\/h3>\n<p>Heavy Glide je zakon\u010den robustn\u00ed hlavou vybavenou 29mm junior socketem a 16mm stylusem pro p\u0159\u00edm\u00e9 upevn\u011bn\u00ed lampy. Trn lze skr\u00fdt uvnit\u0159 hlavy nebo namontovat kolmo a rovnob\u011b\u017en\u011b s jej\u00ed osou. Aby se zabr\u00e1nilo ot\u00e1\u010den\u00ed lampy namontovan\u00e9 na je\u0159\u00e1bu b\u011bhem provozu, je d\u0159\u00edk dr\u00e1\u017ekovan\u00fd. Hlava je vybavena m\u00edstem pro p\u0159ipevn\u011bn\u00ed kotv\u00edc\u00edch lan, kter\u00e1 slou\u017e\u00ed ke stabilizaci p\u0159i pr\u00e1ci ve v\u00fd\u0161k\u00e1ch, p\u0159i instalaci na nerovn\u00e9m povrchu nebo ke stabilizaci p\u0159i n\u00e1razech v\u011btru na voln\u00e9m prostranstv\u00ed.<\/p>\n<h3>Detaily<\/h3>\n<p>T\u00e9m\u011b\u0159 v\u0161echny spoje tohoto stativu jsou vyrobeny pomoc\u00ed \u0161roub\u016f a nikoli n\u00fdt\u016f, kter\u00e9 se obvykle pou\u017e\u00edvaj\u00ed u levn\u011bj\u0161\u00edch stativ\u016f. Heavy Glide je dod\u00e1v\u00e1n se sadou kl\u00ed\u010d\u016f, kter\u00e9 jsou pot\u0159ebn\u00e9 k p\u0159ipevn\u011bn\u00ed kole\u010dek a uta\u017een\u00ed \u0161roub\u016f v p\u0159\u00edpad\u011b pot\u0159eby. Mechanismus nakl\u00e1p\u011bn\u00ed ramena je vybaven velkou rukojet\u00ed, kter\u00e1 zaru\u010duje pevn\u00fd \u00fachop, tak d\u016fle\u017eit\u00fd pro bezpe\u010dnou pr\u00e1ci. Druh\u00fd konec ramena je opat\u0159en smy\u010dkou pro zav\u011b\u0161en\u00ed protiz\u00e1va\u017e\u00ed. Kole\u010dka maj\u00ed velk\u00fd pr\u016fm\u011br (10 mm) a jsou vybavena brzdami. V\u0161echny \u010d\u00e1sti stativu jsou odpru\u017eeny pru\u017einami.<\/p>\n<h3>Vlastnosti produktu:<\/h3>\n<ul>\n<li>Odoln\u00fd, celokovov\u00fd stativ pro speci\u00e1ln\u00ed \u00fakoly<\/li>\n<li>D\u00edky sklopn\u00e9mu st\u0159edov\u00e9mu sloupu lze pou\u017e\u00edt jako v\u00fdlo\u017en\u00edk<\/li>\n<li>Ide\u00e1ln\u00ed pro pou\u017eit\u00ed se studiovou lampou a velk\u00fdm softboxem<\/li>\n<li>Dosahuje maxim\u00e1ln\u00ed v\u00fd\u0161ky p\u0159es 5 metr\u016f<\/li>\n<li>M\u00e1 velmi \u0161irokou z\u00e1kladnu nohou, kter\u00e1 zaji\u0161\u0165uje vysokou stabilitu<\/li>\n<li>Spojovac\u00ed svorky a mechanismus ramena jsou kovov\u00e9<\/li>\n<li>M\u00e1 hlavu s v\u00fdsuvn\u00fdm \u010depem 3\/8\u201e (16 mm) a juniorovou obj\u00edmkou 29,5\u201c (29,5 mm)<\/li>\n<li>Up\u00ednac\u00ed knofl\u00edky jsou velk\u00e9 a ergonomicky tvarovan\u00e9<\/li>\n<li>Maxim\u00e1ln\u00ed d\u00e9lka ramena je 240 cm<\/li>\n<li>Je vybaven kole\u010dky<\/li>\n<li>M\u016f\u017ee zvednout a\u017e 30 kg<\/li>\n<li>Je vybaven pru\u017einov\u00fdm odpru\u017een\u00edm sekc\u00ed<\/li>\n<li>Dod\u00e1v\u00e1 se s kl\u00ed\u010di pot\u0159ebn\u00fdmi pro mont\u00e1\u017e, kole\u010dky a protiz\u00e1va\u017e\u00edm<\/li>\n<\/ul>\n","protected":false},"excerpt":{"rendered":"<p>Odolnost Heavy Glide je stativ vyroben\u00fd v\u00fdhradn\u011b z pochromovan\u00e9 nerezov\u00e9 oceli, navr\u017een\u00fd pro dlouhou \u017eivotnost a pevnost. V\u0161echny svorky a jejich knofl\u00edky, spojovac\u00ed ty\u010de nohou, mechanismus aretace st\u0159edov\u00e9ho sloupku a odpru\u017een\u00ed kole\u010dek jsou kovov\u00e9. Stabilita Heavy Glide je t\u011b\u017ek\u00fd stativ o hmotnosti t\u00e9m\u011b\u0159 20 kg s trubkami z tlust\u00e9 oceli. Nohy jsou vyrobeny z uzav\u0159en\u00fdch [&hellip;]<\/p>\n","protected":false},"featured_media":19936,"template":"","meta":[],"product_brand":[],"product_cat":[574],"product_tag":[],"class_list":{"0":"post-20761","1":"product","2":"type-product","3":"status-publish","4":"has-post-thumbnail","6":"product_cat-glide-cs","8":"first","9":"instock","10":"product-type-simple"},"yoast_head":"<!-- This site is optimized with the Yoast SEO plugin v27.2 - https:\/\/yoast.com\/product\/yoast-seo-wordpress\/ -->\n<title>GlareOne Heavy Glide - statyw typu boom<\/title>\n<meta name=\"description\" content=\"GlareOne Heavy Glide - statyw typu boom\" \/>\n<meta name=\"robots\" content=\"index, follow, max-snippet:-1, max-image-preview:large, max-video-preview:-1\" \/>\n<link rel=\"canonical\" href=\"https:\/\/glareone.eu\/cs\/produkt\/glareone-heavy-glide-stativ-typu-boom\/\" \/>\n<meta property=\"og:locale\" content=\"cs_CZ\" \/>\n<meta property=\"og:type\" content=\"article\" \/>\n<meta property=\"og:title\" content=\"GlareOne Heavy Glide - statyw typu boom\" \/>\n<meta property=\"og:description\" content=\"GlareOne Heavy Glide - statyw typu boom\" \/>\n<meta property=\"og:url\" content=\"https:\/\/glareone.eu\/cs\/produkt\/glareone-heavy-glide-stativ-typu-boom\/\" \/>\n<meta property=\"og:site_name\" content=\"GlareOne\" \/>\n<meta property=\"article:publisher\" content=\"https:\/\/www.facebook.com\/GlareOneLighting\" \/>\n<meta property=\"article:modified_time\" content=\"2025-07-09T14:07:47+00:00\" \/>\n<meta property=\"og:image\" content=\"https:\/\/glareone.eu\/wp-content\/uploads\/2024\/04\/GlareOne-Heavy-Glide-10-6.jpg\" \/>\n\t<meta property=\"og:image:width\" content=\"1200\" \/>\n\t<meta property=\"og:image:height\" content=\"1200\" \/>\n\t<meta property=\"og:image:type\" content=\"image\/jpeg\" \/>\n<meta name=\"twitter:card\" content=\"summary_large_image\" \/>\n<meta name=\"twitter:title\" content=\"GlareOne Heavy Glide - statyw typu boom\" \/>\n<meta name=\"twitter:label1\" content=\"Odhadovan\u00e1 doba \u010dten\u00ed\" \/>\n\t<meta name=\"twitter:data1\" content=\"3 minuty\" \/>\n<script type=\"application\/ld+json\" class=\"yoast-schema-graph\">{\"@context\":\"https:\/\/schema.org\",\"@graph\":[{\"@type\":\"WebPage\",\"@id\":\"https:\/\/glareone.eu\/cs\/produkt\/glareone-heavy-glide-stativ-typu-boom\/\",\"url\":\"https:\/\/glareone.eu\/cs\/produkt\/glareone-heavy-glide-stativ-typu-boom\/\",\"name\":\"GlareOne Heavy Glide - statyw typu boom\",\"isPartOf\":{\"@id\":\"https:\/\/glareone.eu\/cs\/en\/#website\"},\"primaryImageOfPage\":{\"@id\":\"https:\/\/glareone.eu\/cs\/produkt\/glareone-heavy-glide-stativ-typu-boom\/#primaryimage\"},\"image\":{\"@id\":\"https:\/\/glareone.eu\/cs\/produkt\/glareone-heavy-glide-stativ-typu-boom\/#primaryimage\"},\"thumbnailUrl\":\"https:\/\/glareone.eu\/wp-content\/uploads\/2024\/04\/GlareOne-Heavy-Glide-10-6.jpg\",\"datePublished\":\"2024-04-18T19:26:24+00:00\",\"dateModified\":\"2025-07-09T14:07:47+00:00\",\"description\":\"GlareOne Heavy Glide - statyw typu boom\",\"breadcrumb\":{\"@id\":\"https:\/\/glareone.eu\/cs\/produkt\/glareone-heavy-glide-stativ-typu-boom\/#breadcrumb\"},\"inLanguage\":\"cs\",\"potentialAction\":[{\"@type\":\"ReadAction\",\"target\":[\"https:\/\/glareone.eu\/cs\/produkt\/glareone-heavy-glide-stativ-typu-boom\/\"]}]},{\"@type\":\"ImageObject\",\"inLanguage\":\"cs\",\"@id\":\"https:\/\/glareone.eu\/cs\/produkt\/glareone-heavy-glide-stativ-typu-boom\/#primaryimage\",\"url\":\"https:\/\/glareone.eu\/wp-content\/uploads\/2024\/04\/GlareOne-Heavy-Glide-10-6.jpg\",\"contentUrl\":\"https:\/\/glareone.eu\/wp-content\/uploads\/2024\/04\/GlareOne-Heavy-Glide-10-6.jpg\",\"width\":1200,\"height\":1200},{\"@type\":\"BreadcrumbList\",\"@id\":\"https:\/\/glareone.eu\/cs\/produkt\/glareone-heavy-glide-stativ-typu-boom\/#breadcrumb\",\"itemListElement\":[{\"@type\":\"ListItem\",\"position\":1,\"name\":\"Strona g\u0142\u00f3wna\",\"item\":\"https:\/\/glareone.eu\/cs\/\"},{\"@type\":\"ListItem\",\"position\":2,\"name\":\"V\u0161echny produkty\",\"item\":\"https:\/\/glareone.eu\/cs\/produkty\/vsechny-produkty\/\"},{\"@type\":\"ListItem\",\"position\":3,\"name\":\"GlareOne Heavy Glide &#8211; stativ typu boom\"}]},{\"@type\":\"WebSite\",\"@id\":\"https:\/\/glareone.eu\/cs\/en\/#website\",\"url\":\"https:\/\/glareone.eu\/cs\/en\/\",\"name\":\"GlareOne\",\"description\":\"Wyposa\u017cenie Studia\",\"publisher\":{\"@id\":\"https:\/\/glareone.eu\/cs\/en\/#organization\"},\"potentialAction\":[{\"@type\":\"SearchAction\",\"target\":{\"@type\":\"EntryPoint\",\"urlTemplate\":\"https:\/\/glareone.eu\/cs\/en\/?s={search_term_string}\"},\"query-input\":{\"@type\":\"PropertyValueSpecification\",\"valueRequired\":true,\"valueName\":\"search_term_string\"}}],\"inLanguage\":\"cs\"},{\"@type\":\"Organization\",\"@id\":\"https:\/\/glareone.eu\/cs\/en\/#organization\",\"name\":\"GlareOne\",\"url\":\"https:\/\/glareone.eu\/cs\/en\/\",\"logo\":{\"@type\":\"ImageObject\",\"inLanguage\":\"cs\",\"@id\":\"https:\/\/glareone.eu\/cs\/en\/#\/schema\/logo\/image\/\",\"url\":\"http:\/\/glareone.eu\/wp-content\/uploads\/2024\/05\/glareone_logo2020_RGB-01-e1715773127189.png\",\"contentUrl\":\"http:\/\/glareone.eu\/wp-content\/uploads\/2024\/05\/glareone_logo2020_RGB-01-e1715773127189.png\",\"width\":1270,\"height\":321,\"caption\":\"GlareOne\"},\"image\":{\"@id\":\"https:\/\/glareone.eu\/cs\/en\/#\/schema\/logo\/image\/\"},\"sameAs\":[\"https:\/\/www.facebook.com\/GlareOneLighting\",\"https:\/\/www.instagram.com\/glareonelighting\/\",\"https:\/\/www.youtube.com\/@GlareOneTV\"]}]}<\/script>\n<!-- \/ Yoast SEO plugin. -->","yoast_head_json":{"title":"GlareOne Heavy Glide - statyw typu boom","description":"GlareOne Heavy Glide - statyw typu boom","robots":{"index":"index","follow":"follow","max-snippet":"max-snippet:-1","max-image-preview":"max-image-preview:large","max-video-preview":"max-video-preview:-1"},"canonical":"https:\/\/glareone.eu\/cs\/produkt\/glareone-heavy-glide-stativ-typu-boom\/","og_locale":"cs_CZ","og_type":"article","og_title":"GlareOne Heavy Glide - statyw typu boom","og_description":"GlareOne Heavy Glide - statyw typu boom","og_url":"https:\/\/glareone.eu\/cs\/produkt\/glareone-heavy-glide-stativ-typu-boom\/","og_site_name":"GlareOne","article_publisher":"https:\/\/www.facebook.com\/GlareOneLighting","article_modified_time":"2025-07-09T14:07:47+00:00","og_image":[{"width":1200,"height":1200,"url":"https:\/\/glareone.eu\/wp-content\/uploads\/2024\/04\/GlareOne-Heavy-Glide-10-6.jpg","type":"image\/jpeg"}],"twitter_card":"summary_large_image","twitter_title":"GlareOne Heavy Glide - statyw typu boom","twitter_misc":{"Odhadovan\u00e1 doba \u010dten\u00ed":"3 minuty"},"schema":{"@context":"https:\/\/schema.org","@graph":[{"@type":"WebPage","@id":"https:\/\/glareone.eu\/cs\/produkt\/glareone-heavy-glide-stativ-typu-boom\/","url":"https:\/\/glareone.eu\/cs\/produkt\/glareone-heavy-glide-stativ-typu-boom\/","name":"GlareOne Heavy Glide - statyw typu boom","isPartOf":{"@id":"https:\/\/glareone.eu\/cs\/en\/#website"},"primaryImageOfPage":{"@id":"https:\/\/glareone.eu\/cs\/produkt\/glareone-heavy-glide-stativ-typu-boom\/#primaryimage"},"image":{"@id":"https:\/\/glareone.eu\/cs\/produkt\/glareone-heavy-glide-stativ-typu-boom\/#primaryimage"},"thumbnailUrl":"https:\/\/glareone.eu\/wp-content\/uploads\/2024\/04\/GlareOne-Heavy-Glide-10-6.jpg","datePublished":"2024-04-18T19:26:24+00:00","dateModified":"2025-07-09T14:07:47+00:00","description":"GlareOne Heavy Glide - statyw typu boom","breadcrumb":{"@id":"https:\/\/glareone.eu\/cs\/produkt\/glareone-heavy-glide-stativ-typu-boom\/#breadcrumb"},"inLanguage":"cs","potentialAction":[{"@type":"ReadAction","target":["https:\/\/glareone.eu\/cs\/produkt\/glareone-heavy-glide-stativ-typu-boom\/"]}]},{"@type":"ImageObject","inLanguage":"cs","@id":"https:\/\/glareone.eu\/cs\/produkt\/glareone-heavy-glide-stativ-typu-boom\/#primaryimage","url":"https:\/\/glareone.eu\/wp-content\/uploads\/2024\/04\/GlareOne-Heavy-Glide-10-6.jpg","contentUrl":"https:\/\/glareone.eu\/wp-content\/uploads\/2024\/04\/GlareOne-Heavy-Glide-10-6.jpg","width":1200,"height":1200},{"@type":"BreadcrumbList","@id":"https:\/\/glareone.eu\/cs\/produkt\/glareone-heavy-glide-stativ-typu-boom\/#breadcrumb","itemListElement":[{"@type":"ListItem","position":1,"name":"Strona g\u0142\u00f3wna","item":"https:\/\/glareone.eu\/cs\/"},{"@type":"ListItem","position":2,"name":"V\u0161echny produkty","item":"https:\/\/glareone.eu\/cs\/produkty\/vsechny-produkty\/"},{"@type":"ListItem","position":3,"name":"GlareOne Heavy Glide &#8211; stativ typu boom"}]},{"@type":"WebSite","@id":"https:\/\/glareone.eu\/cs\/en\/#website","url":"https:\/\/glareone.eu\/cs\/en\/","name":"GlareOne","description":"Wyposa\u017cenie Studia","publisher":{"@id":"https:\/\/glareone.eu\/cs\/en\/#organization"},"potentialAction":[{"@type":"SearchAction","target":{"@type":"EntryPoint","urlTemplate":"https:\/\/glareone.eu\/cs\/en\/?s={search_term_string}"},"query-input":{"@type":"PropertyValueSpecification","valueRequired":true,"valueName":"search_term_string"}}],"inLanguage":"cs"},{"@type":"Organization","@id":"https:\/\/glareone.eu\/cs\/en\/#organization","name":"GlareOne","url":"https:\/\/glareone.eu\/cs\/en\/","logo":{"@type":"ImageObject","inLanguage":"cs","@id":"https:\/\/glareone.eu\/cs\/en\/#\/schema\/logo\/image\/","url":"http:\/\/glareone.eu\/wp-content\/uploads\/2024\/05\/glareone_logo2020_RGB-01-e1715773127189.png","contentUrl":"http:\/\/glareone.eu\/wp-content\/uploads\/2024\/05\/glareone_logo2020_RGB-01-e1715773127189.png","width":1270,"height":321,"caption":"GlareOne"},"image":{"@id":"https:\/\/glareone.eu\/cs\/en\/#\/schema\/logo\/image\/"},"sameAs":["https:\/\/www.facebook.com\/GlareOneLighting","https:\/\/www.instagram.com\/glareonelighting\/","https:\/\/www.youtube.com\/@GlareOneTV"]}]}},"_links":{"self":[{"href":"https:\/\/glareone.eu\/cs\/wp-json\/wp\/v2\/product\/20761","targetHints":{"allow":["GET"]}}],"collection":[{"href":"https:\/\/glareone.eu\/cs\/wp-json\/wp\/v2\/product"}],"about":[{"href":"https:\/\/glareone.eu\/cs\/wp-json\/wp\/v2\/types\/product"}],"wp:featuredmedia":[{"embeddable":true,"href":"https:\/\/glareone.eu\/cs\/wp-json\/wp\/v2\/media\/19936"}],"wp:attachment":[{"href":"https:\/\/glareone.eu\/cs\/wp-json\/wp\/v2\/media?parent=20761"}],"wp:term":[{"taxonomy":"product_brand","embeddable":true,"href":"https:\/\/glareone.eu\/cs\/wp-json\/wp\/v2\/product_brand?post=20761"},{"taxonomy":"product_cat","embeddable":true,"href":"https:\/\/glareone.eu\/cs\/wp-json\/wp\/v2\/product_cat?post=20761"},{"taxonomy":"product_tag","embeddable":true,"href":"https:\/\/glareone.eu\/cs\/wp-json\/wp\/v2\/product_tag?post=20761"}],"curies":[{"name":"wp","href":"https:\/\/api.w.org\/{rel}","templated":true}]}}