{"id":20751,"date":"2024-04-18T19:26:20","date_gmt":"2024-04-18T19:26:20","guid":{"rendered":"https:\/\/glareone.eu\/product\/glareone-stork-395-statyw-studyjny\/"},"modified":"2025-07-09T14:03:52","modified_gmt":"2025-07-09T14:03:52","slug":"glareone-stork-395-studiovy-stativ","status":"publish","type":"product","link":"https:\/\/glareone.eu\/cs\/produkt\/glareone-stork-395-studiovy-stativ\/","title":{"rendered":"GlareOne Stork 395 \u2013 studiov\u00fd stativ"},"content":{"rendered":"<p><span style=\"font-weight: 400;\">GlareOne Stork 395 je odoln\u00fd, vzduchov\u011b odpru\u017een\u00fd, univerz\u00e1ln\u00ed studiov\u00fd sv\u011bteln\u00fd stojan vybaven\u00fd 5\/8&#8243; oto\u010dn\u00fdm \u010depem, kter\u00fd se vyzna\u010duje vysokou univerz\u00e1lnost\u00ed a vysokou kvalitou. Jedn\u00e1 se o dokonal\u00fd kompaktn\u00ed sv\u011bteln\u00fd stojan pro ka\u017edou dom\u00e1cnost i profesion\u00e1ln\u00ed studio.<\/span><\/p>\n<h3><b>Multifunk\u010dn\u00ed<\/b><\/h3>\n<p><span style=\"font-weight: 400;\">GlareOne Stork lze pou\u017e\u00edt jako podp\u011bru pro jak\u00fdkoli druh osv\u011btlen\u00ed, v\u010detn\u011b kompaktn\u00edch studiov\u00fdch blesk\u016f, bleskov\u00fdch hlav, velk\u00fdch LED sv\u011btel a panel\u016f, speedlite blesk\u016f a dal\u0161\u00edch. D\u00edky oto\u010dn\u00e9mu \u010depu vybaven\u00e9mu \u0161rouby 1\/4\u201e-20 a 3\/8\u201c m\u016f\u017eete p\u0159ipevnit \u0159adu p\u0159\u00edslu\u0161enstv\u00ed, v\u010detn\u011b dr\u017e\u00e1k\u016f, svorek a dal\u0161\u00edch. V kombinaci s ramenem GlareOne Kenku 130 jej lze pou\u017e\u00edt jako dr\u017e\u00e1k reflektoru nebo dokonce jako v\u00fdsuvn\u00fd stojan pro mal\u00e1 sv\u011btla. Pokud m\u00e1te k dispozici dva stojany, m\u016f\u017eete p\u0159ipevnit p\u0159\u00ed\u010dku (prod\u00e1v\u00e1 se samostatn\u011b) a pou\u017e\u00edt je jako mobiln\u00ed podp\u011bru pro jak\u00e9koli pap\u00edrov\u00e9 nebo mu\u0161el\u00ednov\u00e9 pozad\u00ed.<\/span><\/p>\n<h3><b>Vzduchov\u00e9 odpru\u017een\u00ed<\/b><\/h3>\n<p><span style=\"font-weight: 400;\">Pou\u017eit\u00ed vzduchov\u00e9ho odpru\u017een\u00ed zvy\u0161uje u\u017eivatelsk\u00fd komfort, ale tak\u00e9 chr\u00e1n\u00ed samotn\u00e9 lampy, zejm\u00e9na v situac\u00edch, kdy jsou k nim p\u0159ipevn\u011bny velk\u00e9 modifik\u00e1tory sv\u011btla. Vzduchov\u00e9 odpru\u017een\u00ed zabra\u0148uje n\u00e1hl\u00e9mu a nekontrolovan\u00e9mu p\u00e1du lampy po odem\u010den\u00ed knofl\u00edku spojovac\u00edho prvku st\u0159edov\u00e9ho sloupu.<\/span><\/p>\n<h3><b>Vysoce kvalitn\u00ed materi\u00e1ly<\/b><\/h3>\n<p><span style=\"font-weight: 400;\">St\u0159edov\u00fd sloup a nohy jsou vyrobeny z eloxovan\u00fdch hlin\u00edkov\u00fdch trubek, kter\u00e9 zaji\u0161\u0165uj\u00ed n\u00edzkou hmotnost a z\u00e1rove\u0148 vysokou tuhost a stabilitu. Zaji\u0161\u0165ovac\u00ed krou\u017eky jsou tak\u00e9 vyrobeny z kovu, aby byla zaji\u0161t\u011bna dobr\u00e1 p\u0159ilnavost a bezpe\u010dnost i po dlouh\u00e9m pou\u017e\u00edv\u00e1n\u00ed. Jedin\u00e9 nekovov\u00e9 \u010d\u00e1sti jsou zaji\u0161\u0165ovac\u00ed knofl\u00edky, kter\u00e9 jsou vyrobeny z vysoce kvalitn\u00edho plastu.<\/span><\/p>\n<h3><b>Chytr\u00fd design<\/b><\/h3>\n<p><span style=\"font-weight: 400;\">Knofl\u00edky jsou ergonomicky tvarovan\u00e9 a dostate\u010dn\u011b velk\u00e9, aby zajistily dobr\u00fd \u00fachop a zabr\u00e1nily sk\u0159\u00edpnut\u00ed prst\u016f p\u0159i nastavov\u00e1n\u00ed v\u00fd\u0161ky. Konce nohou jsou vybaveny gumov\u00fdmi koncovkami, kter\u00e9 minimalizuj\u00ed klouz\u00e1n\u00ed po hladk\u00fdch povr\u0161\u00edch. Horn\u00ed \u010d\u00e1st stojanu je vybavena hlavou umo\u017e\u0148uj\u00edc\u00ed kolm\u00e9 upevn\u011bn\u00ed studu. Nohy jsou p\u0159ipraveny pro pou\u017eit\u00ed se samostatn\u011b dostupn\u00fdmi kole\u010dky pro v\u011bt\u0161\u00ed pohodl\u00ed p\u0159i pr\u00e1ci s velk\u00fdmi sv\u011bteln\u00fdmi modifik\u00e1tory.<\/span><\/p>\n<h3><b>Vlastnosti:<\/b><\/h3>\n<ul>\n<li style=\"font-weight: 400;\" aria-level=\"1\"><span style=\"font-weight: 400;\">Lehk\u00fd a robustn\u00ed univerz\u00e1ln\u00ed studiov\u00fd sv\u011bteln\u00fd stojan<\/span><\/li>\n<li style=\"font-weight: 400;\" aria-level=\"1\"><span style=\"font-weight: 400;\">Hlin\u00edkov\u00e1 konstrukce pro n\u00edzkou hmotnost a dlouhou \u017eivotnost<\/span><\/li>\n<li style=\"font-weight: 400;\" aria-level=\"1\"><span style=\"font-weight: 400;\">Vzduchov\u00e9 odpru\u017een\u00ed pro v\u011bt\u0161\u00ed bezpe\u010dnost p\u0159i spou\u0161t\u011bn\u00ed<\/span><\/li>\n<li style=\"font-weight: 400;\" aria-level=\"1\"><span style=\"font-weight: 400;\">Velk\u00e1 z\u00e1kladna nohou pro vysokou stabilitu<\/span><\/li>\n<li style=\"font-weight: 400;\" aria-level=\"1\"><span style=\"font-weight: 400;\">Pevn\u00e9 uzamykac\u00ed krou\u017eky z lit\u00e9ho hlin\u00edku pro bezpe\u010dn\u00e9 uchopen\u00ed<\/span><\/li>\n<li style=\"font-weight: 400;\" aria-level=\"1\"><span style=\"font-weight: 400;\">Oto\u010dn\u00fd \u0161roub 1\/4\u201e-20 a 3\/8\u201c na standardn\u00edm \u010depu 5\/8&#8243;<\/span><\/li>\n<li style=\"font-weight: 400;\" aria-level=\"1\"><span style=\"font-weight: 400;\">Z\u00e1mkov\u00e9 obj\u00edmky s knofl\u00edkem pro snadn\u00e9 nastaven\u00ed v\u00fd\u0161ky<\/span><\/li>\n<li style=\"font-weight: 400;\" aria-level=\"1\"><span style=\"font-weight: 400;\">Nohy s gumov\u00fdmi koncovkami pro lep\u0161\u00ed p\u0159ilnavost na hladk\u00fdch povr\u0161\u00edch<\/span><\/li>\n<li style=\"font-weight: 400;\" aria-level=\"1\"><span style=\"font-weight: 400;\">Maxim\u00e1ln\u00ed v\u00fd\u0161ka 395 cm a 123 cm v nejni\u017e\u0161\u00ed poloze<\/span><\/li>\n<li style=\"font-weight: 400;\" aria-level=\"1\"><span style=\"font-weight: 400;\">D\u00e9lka ve slo\u017een\u00e9m stavu 110 cm<\/span><\/li>\n<li style=\"font-weight: 400;\" aria-level=\"1\"><span style=\"font-weight: 400;\">Nosnost a\u017e 7 kg<\/span><\/li>\n<\/ul>\n","protected":false},"excerpt":{"rendered":"<p>GlareOne Stork 395 je odoln\u00fd, vzduchov\u011b odpru\u017een\u00fd, univerz\u00e1ln\u00ed studiov\u00fd sv\u011bteln\u00fd stojan vybaven\u00fd 5\/8&#8243; oto\u010dn\u00fdm \u010depem, kter\u00fd se vyzna\u010duje vysokou univerz\u00e1lnost\u00ed a vysokou kvalitou. Jedn\u00e1 se o dokonal\u00fd kompaktn\u00ed sv\u011bteln\u00fd stojan pro ka\u017edou dom\u00e1cnost i profesion\u00e1ln\u00ed studio. Multifunk\u010dn\u00ed GlareOne Stork lze pou\u017e\u00edt jako podp\u011bru pro jak\u00fdkoli druh osv\u011btlen\u00ed, v\u010detn\u011b kompaktn\u00edch studiov\u00fdch blesk\u016f, bleskov\u00fdch hlav, velk\u00fdch LED [&hellip;]<\/p>\n","protected":false},"featured_media":20758,"template":"","meta":[],"product_brand":[],"product_cat":[576],"product_tag":[],"class_list":{"0":"post-20751","1":"product","2":"type-product","3":"status-publish","4":"has-post-thumbnail","6":"product_cat-klasicke-stativy","8":"first","9":"instock","10":"product-type-simple"},"yoast_head":"<!-- This site is optimized with the Yoast SEO plugin v27.2 - https:\/\/yoast.com\/product\/yoast-seo-wordpress\/ -->\n<title>Statyw GlareOne Stork 395<\/title>\n<meta name=\"description\" content=\"GlareOne Stork 395 to wytrzyma\u0142y, amortyzowany, uniwersalny statyw studyjny. Wysoka jako\u015b\u0107, wielofunkcyjno\u015b\u0107. Lekki statyw do ka\u017cdego studia.\" \/>\n<meta name=\"robots\" content=\"index, follow, max-snippet:-1, max-image-preview:large, max-video-preview:-1\" \/>\n<link rel=\"canonical\" href=\"https:\/\/glareone.eu\/cs\/produkt\/glareone-stork-395-studiovy-stativ\/\" \/>\n<meta property=\"og:locale\" content=\"cs_CZ\" \/>\n<meta property=\"og:type\" content=\"article\" \/>\n<meta property=\"og:title\" content=\"GlareOne Stork 395 - statyw studyjny\" \/>\n<meta property=\"og:description\" content=\"GlareOne Stork 395 to wytrzyma\u0142y, amortyzowany, uniwersalny statyw studyjny. Wysoka jako\u015b\u0107, wielofunkcyjno\u015b\u0107. Lekki statyw do ka\u017cdego studia.\" \/>\n<meta property=\"og:url\" content=\"https:\/\/glareone.eu\/cs\/produkt\/glareone-stork-395-studiovy-stativ\/\" \/>\n<meta property=\"og:site_name\" content=\"GlareOne\" \/>\n<meta property=\"article:publisher\" content=\"https:\/\/www.facebook.com\/GlareOneLighting\" \/>\n<meta property=\"article:modified_time\" content=\"2025-07-09T14:03:52+00:00\" \/>\n<meta property=\"og:image\" content=\"https:\/\/glareone.eu\/wp-content\/uploads\/2024\/04\/SLSA395-GlareOne-Stork-395-002-scaled.jpg\" \/>\n\t<meta property=\"og:image:width\" content=\"2560\" \/>\n\t<meta property=\"og:image:height\" content=\"2560\" \/>\n\t<meta property=\"og:image:type\" content=\"image\/jpeg\" \/>\n<meta name=\"twitter:card\" content=\"summary_large_image\" \/>\n<meta name=\"twitter:title\" content=\"GlareOne Stork 395 - statyw studyjny\" \/>\n<meta name=\"twitter:label1\" content=\"Odhadovan\u00e1 doba \u010dten\u00ed\" \/>\n\t<meta name=\"twitter:data1\" content=\"2 minuty\" \/>\n<script type=\"application\/ld+json\" class=\"yoast-schema-graph\">{\"@context\":\"https:\/\/schema.org\",\"@graph\":[{\"@type\":\"WebPage\",\"@id\":\"https:\/\/glareone.eu\/cs\/produkt\/glareone-stork-395-studiovy-stativ\/\",\"url\":\"https:\/\/glareone.eu\/cs\/produkt\/glareone-stork-395-studiovy-stativ\/\",\"name\":\"Statyw GlareOne Stork 395\",\"isPartOf\":{\"@id\":\"https:\/\/glareone.eu\/cs\/en\/#website\"},\"primaryImageOfPage\":{\"@id\":\"https:\/\/glareone.eu\/cs\/produkt\/glareone-stork-395-studiovy-stativ\/#primaryimage\"},\"image\":{\"@id\":\"https:\/\/glareone.eu\/cs\/produkt\/glareone-stork-395-studiovy-stativ\/#primaryimage\"},\"thumbnailUrl\":\"https:\/\/glareone.eu\/wp-content\/uploads\/2024\/04\/SLSA395-GlareOne-Stork-395-002-scaled.jpg\",\"datePublished\":\"2024-04-18T19:26:20+00:00\",\"dateModified\":\"2025-07-09T14:03:52+00:00\",\"description\":\"GlareOne Stork 395 to wytrzyma\u0142y, amortyzowany, uniwersalny statyw studyjny. Wysoka jako\u015b\u0107, wielofunkcyjno\u015b\u0107. Lekki statyw do ka\u017cdego studia.\",\"breadcrumb\":{\"@id\":\"https:\/\/glareone.eu\/cs\/produkt\/glareone-stork-395-studiovy-stativ\/#breadcrumb\"},\"inLanguage\":\"cs\",\"potentialAction\":[{\"@type\":\"ReadAction\",\"target\":[\"https:\/\/glareone.eu\/cs\/produkt\/glareone-stork-395-studiovy-stativ\/\"]}]},{\"@type\":\"ImageObject\",\"inLanguage\":\"cs\",\"@id\":\"https:\/\/glareone.eu\/cs\/produkt\/glareone-stork-395-studiovy-stativ\/#primaryimage\",\"url\":\"https:\/\/glareone.eu\/wp-content\/uploads\/2024\/04\/SLSA395-GlareOne-Stork-395-002-scaled.jpg\",\"contentUrl\":\"https:\/\/glareone.eu\/wp-content\/uploads\/2024\/04\/SLSA395-GlareOne-Stork-395-002-scaled.jpg\",\"width\":2560,\"height\":2560},{\"@type\":\"BreadcrumbList\",\"@id\":\"https:\/\/glareone.eu\/cs\/produkt\/glareone-stork-395-studiovy-stativ\/#breadcrumb\",\"itemListElement\":[{\"@type\":\"ListItem\",\"position\":1,\"name\":\"Strona g\u0142\u00f3wna\",\"item\":\"https:\/\/glareone.eu\/cs\/\"},{\"@type\":\"ListItem\",\"position\":2,\"name\":\"V\u0161echny produkty\",\"item\":\"https:\/\/glareone.eu\/cs\/produkty\/vsechny-produkty\/\"},{\"@type\":\"ListItem\",\"position\":3,\"name\":\"GlareOne Stork 395 \u2013 studiov\u00fd stativ\"}]},{\"@type\":\"WebSite\",\"@id\":\"https:\/\/glareone.eu\/cs\/en\/#website\",\"url\":\"https:\/\/glareone.eu\/cs\/en\/\",\"name\":\"GlareOne\",\"description\":\"Wyposa\u017cenie Studia\",\"publisher\":{\"@id\":\"https:\/\/glareone.eu\/cs\/en\/#organization\"},\"potentialAction\":[{\"@type\":\"SearchAction\",\"target\":{\"@type\":\"EntryPoint\",\"urlTemplate\":\"https:\/\/glareone.eu\/cs\/en\/?s={search_term_string}\"},\"query-input\":{\"@type\":\"PropertyValueSpecification\",\"valueRequired\":true,\"valueName\":\"search_term_string\"}}],\"inLanguage\":\"cs\"},{\"@type\":\"Organization\",\"@id\":\"https:\/\/glareone.eu\/cs\/en\/#organization\",\"name\":\"GlareOne\",\"url\":\"https:\/\/glareone.eu\/cs\/en\/\",\"logo\":{\"@type\":\"ImageObject\",\"inLanguage\":\"cs\",\"@id\":\"https:\/\/glareone.eu\/cs\/en\/#\/schema\/logo\/image\/\",\"url\":\"http:\/\/glareone.eu\/wp-content\/uploads\/2024\/05\/glareone_logo2020_RGB-01-e1715773127189.png\",\"contentUrl\":\"http:\/\/glareone.eu\/wp-content\/uploads\/2024\/05\/glareone_logo2020_RGB-01-e1715773127189.png\",\"width\":1270,\"height\":321,\"caption\":\"GlareOne\"},\"image\":{\"@id\":\"https:\/\/glareone.eu\/cs\/en\/#\/schema\/logo\/image\/\"},\"sameAs\":[\"https:\/\/www.facebook.com\/GlareOneLighting\",\"https:\/\/www.instagram.com\/glareonelighting\/\",\"https:\/\/www.youtube.com\/@GlareOneTV\"]}]}<\/script>\n<!-- \/ Yoast SEO plugin. -->","yoast_head_json":{"title":"Statyw GlareOne Stork 395","description":"GlareOne Stork 395 to wytrzyma\u0142y, amortyzowany, uniwersalny statyw studyjny. Wysoka jako\u015b\u0107, wielofunkcyjno\u015b\u0107. Lekki statyw do ka\u017cdego studia.","robots":{"index":"index","follow":"follow","max-snippet":"max-snippet:-1","max-image-preview":"max-image-preview:large","max-video-preview":"max-video-preview:-1"},"canonical":"https:\/\/glareone.eu\/cs\/produkt\/glareone-stork-395-studiovy-stativ\/","og_locale":"cs_CZ","og_type":"article","og_title":"GlareOne Stork 395 - statyw studyjny","og_description":"GlareOne Stork 395 to wytrzyma\u0142y, amortyzowany, uniwersalny statyw studyjny. Wysoka jako\u015b\u0107, wielofunkcyjno\u015b\u0107. Lekki statyw do ka\u017cdego studia.","og_url":"https:\/\/glareone.eu\/cs\/produkt\/glareone-stork-395-studiovy-stativ\/","og_site_name":"GlareOne","article_publisher":"https:\/\/www.facebook.com\/GlareOneLighting","article_modified_time":"2025-07-09T14:03:52+00:00","og_image":[{"width":2560,"height":2560,"url":"https:\/\/glareone.eu\/wp-content\/uploads\/2024\/04\/SLSA395-GlareOne-Stork-395-002-scaled.jpg","type":"image\/jpeg"}],"twitter_card":"summary_large_image","twitter_title":"GlareOne Stork 395 - statyw studyjny","twitter_misc":{"Odhadovan\u00e1 doba \u010dten\u00ed":"2 minuty"},"schema":{"@context":"https:\/\/schema.org","@graph":[{"@type":"WebPage","@id":"https:\/\/glareone.eu\/cs\/produkt\/glareone-stork-395-studiovy-stativ\/","url":"https:\/\/glareone.eu\/cs\/produkt\/glareone-stork-395-studiovy-stativ\/","name":"Statyw GlareOne Stork 395","isPartOf":{"@id":"https:\/\/glareone.eu\/cs\/en\/#website"},"primaryImageOfPage":{"@id":"https:\/\/glareone.eu\/cs\/produkt\/glareone-stork-395-studiovy-stativ\/#primaryimage"},"image":{"@id":"https:\/\/glareone.eu\/cs\/produkt\/glareone-stork-395-studiovy-stativ\/#primaryimage"},"thumbnailUrl":"https:\/\/glareone.eu\/wp-content\/uploads\/2024\/04\/SLSA395-GlareOne-Stork-395-002-scaled.jpg","datePublished":"2024-04-18T19:26:20+00:00","dateModified":"2025-07-09T14:03:52+00:00","description":"GlareOne Stork 395 to wytrzyma\u0142y, amortyzowany, uniwersalny statyw studyjny. Wysoka jako\u015b\u0107, wielofunkcyjno\u015b\u0107. Lekki statyw do ka\u017cdego studia.","breadcrumb":{"@id":"https:\/\/glareone.eu\/cs\/produkt\/glareone-stork-395-studiovy-stativ\/#breadcrumb"},"inLanguage":"cs","potentialAction":[{"@type":"ReadAction","target":["https:\/\/glareone.eu\/cs\/produkt\/glareone-stork-395-studiovy-stativ\/"]}]},{"@type":"ImageObject","inLanguage":"cs","@id":"https:\/\/glareone.eu\/cs\/produkt\/glareone-stork-395-studiovy-stativ\/#primaryimage","url":"https:\/\/glareone.eu\/wp-content\/uploads\/2024\/04\/SLSA395-GlareOne-Stork-395-002-scaled.jpg","contentUrl":"https:\/\/glareone.eu\/wp-content\/uploads\/2024\/04\/SLSA395-GlareOne-Stork-395-002-scaled.jpg","width":2560,"height":2560},{"@type":"BreadcrumbList","@id":"https:\/\/glareone.eu\/cs\/produkt\/glareone-stork-395-studiovy-stativ\/#breadcrumb","itemListElement":[{"@type":"ListItem","position":1,"name":"Strona g\u0142\u00f3wna","item":"https:\/\/glareone.eu\/cs\/"},{"@type":"ListItem","position":2,"name":"V\u0161echny produkty","item":"https:\/\/glareone.eu\/cs\/produkty\/vsechny-produkty\/"},{"@type":"ListItem","position":3,"name":"GlareOne Stork 395 \u2013 studiov\u00fd stativ"}]},{"@type":"WebSite","@id":"https:\/\/glareone.eu\/cs\/en\/#website","url":"https:\/\/glareone.eu\/cs\/en\/","name":"GlareOne","description":"Wyposa\u017cenie Studia","publisher":{"@id":"https:\/\/glareone.eu\/cs\/en\/#organization"},"potentialAction":[{"@type":"SearchAction","target":{"@type":"EntryPoint","urlTemplate":"https:\/\/glareone.eu\/cs\/en\/?s={search_term_string}"},"query-input":{"@type":"PropertyValueSpecification","valueRequired":true,"valueName":"search_term_string"}}],"inLanguage":"cs"},{"@type":"Organization","@id":"https:\/\/glareone.eu\/cs\/en\/#organization","name":"GlareOne","url":"https:\/\/glareone.eu\/cs\/en\/","logo":{"@type":"ImageObject","inLanguage":"cs","@id":"https:\/\/glareone.eu\/cs\/en\/#\/schema\/logo\/image\/","url":"http:\/\/glareone.eu\/wp-content\/uploads\/2024\/05\/glareone_logo2020_RGB-01-e1715773127189.png","contentUrl":"http:\/\/glareone.eu\/wp-content\/uploads\/2024\/05\/glareone_logo2020_RGB-01-e1715773127189.png","width":1270,"height":321,"caption":"GlareOne"},"image":{"@id":"https:\/\/glareone.eu\/cs\/en\/#\/schema\/logo\/image\/"},"sameAs":["https:\/\/www.facebook.com\/GlareOneLighting","https:\/\/www.instagram.com\/glareonelighting\/","https:\/\/www.youtube.com\/@GlareOneTV"]}]}},"_links":{"self":[{"href":"https:\/\/glareone.eu\/cs\/wp-json\/wp\/v2\/product\/20751","targetHints":{"allow":["GET"]}}],"collection":[{"href":"https:\/\/glareone.eu\/cs\/wp-json\/wp\/v2\/product"}],"about":[{"href":"https:\/\/glareone.eu\/cs\/wp-json\/wp\/v2\/types\/product"}],"wp:featuredmedia":[{"embeddable":true,"href":"https:\/\/glareone.eu\/cs\/wp-json\/wp\/v2\/media\/20758"}],"wp:attachment":[{"href":"https:\/\/glareone.eu\/cs\/wp-json\/wp\/v2\/media?parent=20751"}],"wp:term":[{"taxonomy":"product_brand","embeddable":true,"href":"https:\/\/glareone.eu\/cs\/wp-json\/wp\/v2\/product_brand?post=20751"},{"taxonomy":"product_cat","embeddable":true,"href":"https:\/\/glareone.eu\/cs\/wp-json\/wp\/v2\/product_cat?post=20751"},{"taxonomy":"product_tag","embeddable":true,"href":"https:\/\/glareone.eu\/cs\/wp-json\/wp\/v2\/product_tag?post=20751"}],"curies":[{"name":"wp","href":"https:\/\/api.w.org\/{rel}","templated":true}]}}