{"id":20724,"date":"2024-04-18T19:26:24","date_gmt":"2024-04-18T19:26:24","guid":{"rendered":"https:\/\/glareone.eu\/product\/glareone-led-1000\/"},"modified":"2025-07-09T13:50:23","modified_gmt":"2025-07-09T13:50:23","slug":"glareone-led-1000","status":"publish","type":"product","link":"https:\/\/glareone.eu\/cs\/produkt\/glareone-led-1000\/","title":{"rendered":"GlareOne LED 1000"},"content":{"rendered":"<p>Studiov\u00e1 lampa s nep\u0159etr\u017eit\u00fdm sv\u011btlem vyu\u017e\u00edvaj\u00edc\u00ed 100W LED matici, charakteristick\u00e1 velmi dobr\u00fdm pod\u00e1n\u00edm barev (CRI&gt;96), vysokou \u00fa\u010dinnost\u00ed a jasem, dr\u017e\u00e1kem pro modifik\u00e1tory sv\u011btla typu Bowens, sadou sv\u011bteln\u00fdch efekt\u016f a d\u00e1lkov\u00fdm ovl\u00e1d\u00e1n\u00edm p\u0159es Bluetooth.<\/p>\n<h3>Denn\u00ed sv\u011btlo<\/h3>\n<p>GlareOne LED 1000 je vybaven LED matic\u00ed slo\u017eenou ze 143 SMD modul\u016f, kter\u00e9 jsou uspo\u0159\u00e1d\u00e1ny uvnit\u0159 bajonetu pro uchycen\u00ed modifik\u00e1toru sv\u011btla. D\u00edky nim je lampa schopna produkovat sv\u011btlo, kter\u00e9 z hlediska barev odpov\u00edd\u00e1 denn\u00ed teplot\u011b 5500 stup\u0148\u016f Kelvina. GlareOne LED 1000 lze snadno pou\u017e\u00edt spole\u010dn\u011b s denn\u00edm sv\u011btlem p\u0159ich\u00e1zej\u00edc\u00edm z oken, a to jak v dom\u00e1c\u00edch, tak ve studiov\u00fdch podm\u00ednk\u00e1ch.<\/p>\n<h3>Vysok\u00fd v\u00fdkon<\/h3>\n<p>Maxim\u00e1ln\u00ed v\u00fdkon lampy je 100 W, co\u017e v\u00e1m d\u00e1v\u00e1 velkou volnost p\u0159i v\u00fdb\u011bru sv\u011bteln\u00fdch modifik\u00e1tor\u016f a zaji\u0161\u0165uje zna\u010dn\u00fd komfort b\u011bhem focen\u00ed. Lampa snadno osv\u011btl\u00ed osmi\u00faheln\u00edkov\u00fd softbox o pr\u016fm\u011bru 120 cm nebo de\u0161tn\u00edk o pr\u016fm\u011bru 165 cm. S p\u0159ipojen\u00fdm reflektorem GlareOne LED 1000 je schopna produkovat sv\u011btlo s intenzitou p\u0159es 12500 lux\u016f (ze vzd\u00e1lenosti 1 metru), co\u017e odpov\u00edd\u00e1 clon\u011b f\/13 (ISO 100, 1\/60 s). P\u0159i pou\u017eit\u00ed softboxu 60&#215;90 z\u00edsk\u00e1te clonu f\/5,6, co\u017e je dobr\u00fd v\u00fdchoz\u00ed bod pro portr\u00e9ty, fotografov\u00e1n\u00ed novorozenc\u016f nebo dokonce beauty fotografii.<\/p>\n<h3>Dobr\u00e9 barvy<\/h3>\n<p>Sv\u011btlo vych\u00e1zej\u00edc\u00ed z lampy zaji\u0161\u0165uje velmi dobrou reprodukci barev objekt\u016f, kter\u00e9 budou zachyceny na filmu nebo fotografii. S hodnotou TLCI (Television Lighting Consistency Index) &gt;98 je to skv\u011bl\u00e1 volba pro osv\u011btlen\u00ed studia.<\/p>\n<h3>Sv\u011bteln\u00e9 efekty<\/h3>\n<p>Blesk je vybaven 9 sv\u011bteln\u00fdmi efekty, kter\u00e9 umo\u017e\u0148uj\u00ed simulovat sv\u011btlo vych\u00e1zej\u00edc\u00ed z rozbit\u00e9 z\u00e1\u0159ivky, oh\u0148ostroje, blesku, televizn\u00ed obrazovky a dal\u0161\u00edch zdroj\u016f. Tyto efekty se mohou hodit pro ty, kte\u0159\u00ed cht\u011bj\u00ed GlareOne LED 1000 pou\u017e\u00edvat pro pr\u00e1ci na place.<\/p>\n<h3>V\u0161estrannost<\/h3>\n<p>D\u00edky dr\u017e\u00e1ku p\u0159\u00edslu\u0161enstv\u00ed typu Bowens lze blesk pou\u017e\u00edt s t\u00e9m\u011b\u0159 v\u0161emi modifik\u00e1tory sv\u011btla dostupn\u00fdmi na trhu, a\u0165 u\u017e od spole\u010dnosti GlareOne nebo od mnoha jin\u00fdch zna\u010dek. Blesk lze pou\u017e\u00edt s celou \u0159adou softbox\u016f, difuz\u00e9r\u016f, klapek, reflektor\u016f, Fresnelov\u00fdch \u010do\u010dek atd.<br \/>\nv\u0161e v jednom<\/p>\n<p>Kompaktn\u00ed konfigurace lampy se vyzna\u010duje kompaktn\u00edm jednod\u00edln\u00fdm designem, kter\u00fd usnad\u0148uje nejen p\u0159epravu, ale i skladov\u00e1n\u00ed.<\/p>\n<h3>Vlastnosti GlareOne LED 1000:<\/h3>\n<ul>\n<li>vhodn\u00e9 pro fotografov\u00e1n\u00ed i nat\u00e1\u010den\u00ed<\/li>\n<li>lehk\u00e9, kompaktn\u00ed a snadno p\u0159enosn\u00e9 (v\u00e1\u017e\u00ed pouze 1,25 kg)<\/li>\n<li>sv\u011btlo p\u0159izp\u016fsoben\u00e9 barevn\u00e9 teplot\u011b denn\u00edho sv\u011btla (5500\u00b1200K)<\/li>\n<li>vybaveno matic\u00ed 143 COB LED diod o celkov\u00e9m v\u00fdkonu 100 W<\/li>\n<li>vysok\u00e9 parametry barevn\u00e9ho pod\u00e1n\u00ed (CRI &gt;96, TLCI &gt;98)<\/li>\n<li>plynul\u00e9 nastaven\u00ed jasu (0~100 %)<\/li>\n<li>Dr\u017e\u00e1k pro modifik\u00e1tor sv\u011btla typu Bowens<\/li>\n<li>9 sv\u011bteln\u00fdch efekt\u016f simuluj\u00edc\u00edch blesk, televizn\u00ed obrazovku, rozbitou z\u00e1\u0159ivku atd.<\/li>\n<li>tich\u00fd a \u00fa\u010dinn\u00fd aktivn\u00ed chladic\u00ed syst\u00e9m (&lt;35 dB)<\/li>\n<li>integrovan\u00fd dr\u017e\u00e1k de\u0161tn\u00edku<\/li>\n<li>ergonomicky tvarovan\u00e1 rukoje\u0165 umo\u017e\u0148uj\u00edc\u00ed nastaven\u00ed \u00fahlu sklonu<\/li>\n<li>dod\u00e1v\u00e1no s nap\u00e1jec\u00edm kabelem, reflektorem a ochrann\u00fdm krytem<\/li>\n<\/ul>\n","protected":false},"excerpt":{"rendered":"<p>Studiov\u00e1 lampa s nep\u0159etr\u017eit\u00fdm sv\u011btlem vyu\u017e\u00edvaj\u00edc\u00ed 100W LED matici, charakteristick\u00e1 velmi dobr\u00fdm pod\u00e1n\u00edm barev (CRI&gt;96), vysokou \u00fa\u010dinnost\u00ed a jasem, dr\u017e\u00e1kem pro modifik\u00e1tory sv\u011btla typu Bowens, sadou sv\u011bteln\u00fdch efekt\u016f a d\u00e1lkov\u00fdm ovl\u00e1d\u00e1n\u00edm p\u0159es Bluetooth. Denn\u00ed sv\u011btlo GlareOne LED 1000 je vybaven LED matic\u00ed slo\u017eenou ze 143 SMD modul\u016f, kter\u00e9 jsou uspo\u0159\u00e1d\u00e1ny uvnit\u0159 bajonetu pro uchycen\u00ed modifik\u00e1toru [&hellip;]<\/p>\n","protected":false},"featured_media":20726,"template":"","meta":[],"product_brand":[],"product_cat":[547],"product_tag":[],"class_list":{"0":"post-20724","1":"product","2":"type-product","3":"status-publish","4":"has-post-thumbnail","6":"product_cat-led-lampy-s-upevnenim-bowens","8":"first","9":"instock","10":"product-type-simple"},"yoast_head":"<!-- This site is optimized with the Yoast SEO plugin v27.2 - https:\/\/yoast.com\/product\/yoast-seo-wordpress\/ -->\n<title>GlareOne LED 1000<\/title>\n<meta name=\"description\" content=\"GlareOne LED 1000\" \/>\n<meta name=\"robots\" content=\"index, follow, max-snippet:-1, max-image-preview:large, max-video-preview:-1\" \/>\n<link rel=\"canonical\" href=\"https:\/\/glareone.eu\/cs\/produkt\/glareone-led-1000\/\" \/>\n<meta property=\"og:locale\" content=\"cs_CZ\" \/>\n<meta property=\"og:type\" content=\"article\" \/>\n<meta property=\"og:title\" content=\"GlareOne LED 1000\" \/>\n<meta property=\"og:description\" content=\"GlareOne LED 1000\" \/>\n<meta property=\"og:url\" content=\"https:\/\/glareone.eu\/cs\/produkt\/glareone-led-1000\/\" \/>\n<meta property=\"og:site_name\" content=\"GlareOne\" \/>\n<meta property=\"article:publisher\" content=\"https:\/\/www.facebook.com\/GlareOneLighting\" \/>\n<meta property=\"article:modified_time\" content=\"2025-07-09T13:50:23+00:00\" \/>\n<meta property=\"og:image\" content=\"https:\/\/glareone.eu\/wp-content\/uploads\/2024\/04\/GlareOne-LED1000-01.jpg\" \/>\n\t<meta property=\"og:image:width\" content=\"1200\" \/>\n\t<meta property=\"og:image:height\" content=\"1200\" \/>\n\t<meta property=\"og:image:type\" content=\"image\/jpeg\" \/>\n<meta name=\"twitter:card\" content=\"summary_large_image\" \/>\n<meta name=\"twitter:title\" content=\"GlareOne LED 1000\" \/>\n<meta name=\"twitter:label1\" content=\"Odhadovan\u00e1 doba \u010dten\u00ed\" \/>\n\t<meta name=\"twitter:data1\" content=\"2 minuty\" \/>\n<script type=\"application\/ld+json\" class=\"yoast-schema-graph\">{\"@context\":\"https:\/\/schema.org\",\"@graph\":[{\"@type\":\"WebPage\",\"@id\":\"https:\/\/glareone.eu\/cs\/produkt\/glareone-led-1000\/\",\"url\":\"https:\/\/glareone.eu\/cs\/produkt\/glareone-led-1000\/\",\"name\":\"GlareOne LED 1000\",\"isPartOf\":{\"@id\":\"https:\/\/glareone.eu\/cs\/en\/#website\"},\"primaryImageOfPage\":{\"@id\":\"https:\/\/glareone.eu\/cs\/produkt\/glareone-led-1000\/#primaryimage\"},\"image\":{\"@id\":\"https:\/\/glareone.eu\/cs\/produkt\/glareone-led-1000\/#primaryimage\"},\"thumbnailUrl\":\"https:\/\/glareone.eu\/wp-content\/uploads\/2024\/04\/GlareOne-LED1000-01.jpg\",\"datePublished\":\"2024-04-18T19:26:24+00:00\",\"dateModified\":\"2025-07-09T13:50:23+00:00\",\"description\":\"GlareOne LED 1000\",\"breadcrumb\":{\"@id\":\"https:\/\/glareone.eu\/cs\/produkt\/glareone-led-1000\/#breadcrumb\"},\"inLanguage\":\"cs\",\"potentialAction\":[{\"@type\":\"ReadAction\",\"target\":[\"https:\/\/glareone.eu\/cs\/produkt\/glareone-led-1000\/\"]}]},{\"@type\":\"ImageObject\",\"inLanguage\":\"cs\",\"@id\":\"https:\/\/glareone.eu\/cs\/produkt\/glareone-led-1000\/#primaryimage\",\"url\":\"https:\/\/glareone.eu\/wp-content\/uploads\/2024\/04\/GlareOne-LED1000-01.jpg\",\"contentUrl\":\"https:\/\/glareone.eu\/wp-content\/uploads\/2024\/04\/GlareOne-LED1000-01.jpg\",\"width\":1200,\"height\":1200},{\"@type\":\"BreadcrumbList\",\"@id\":\"https:\/\/glareone.eu\/cs\/produkt\/glareone-led-1000\/#breadcrumb\",\"itemListElement\":[{\"@type\":\"ListItem\",\"position\":1,\"name\":\"Strona g\u0142\u00f3wna\",\"item\":\"https:\/\/glareone.eu\/cs\/\"},{\"@type\":\"ListItem\",\"position\":2,\"name\":\"V\u0161echny produkty\",\"item\":\"https:\/\/glareone.eu\/cs\/produkty\/vsechny-produkty\/\"},{\"@type\":\"ListItem\",\"position\":3,\"name\":\"GlareOne LED 1000\"}]},{\"@type\":\"WebSite\",\"@id\":\"https:\/\/glareone.eu\/cs\/en\/#website\",\"url\":\"https:\/\/glareone.eu\/cs\/en\/\",\"name\":\"GlareOne\",\"description\":\"Wyposa\u017cenie Studia\",\"publisher\":{\"@id\":\"https:\/\/glareone.eu\/cs\/en\/#organization\"},\"potentialAction\":[{\"@type\":\"SearchAction\",\"target\":{\"@type\":\"EntryPoint\",\"urlTemplate\":\"https:\/\/glareone.eu\/cs\/en\/?s={search_term_string}\"},\"query-input\":{\"@type\":\"PropertyValueSpecification\",\"valueRequired\":true,\"valueName\":\"search_term_string\"}}],\"inLanguage\":\"cs\"},{\"@type\":\"Organization\",\"@id\":\"https:\/\/glareone.eu\/cs\/en\/#organization\",\"name\":\"GlareOne\",\"url\":\"https:\/\/glareone.eu\/cs\/en\/\",\"logo\":{\"@type\":\"ImageObject\",\"inLanguage\":\"cs\",\"@id\":\"https:\/\/glareone.eu\/cs\/en\/#\/schema\/logo\/image\/\",\"url\":\"http:\/\/glareone.eu\/wp-content\/uploads\/2024\/05\/glareone_logo2020_RGB-01-e1715773127189.png\",\"contentUrl\":\"http:\/\/glareone.eu\/wp-content\/uploads\/2024\/05\/glareone_logo2020_RGB-01-e1715773127189.png\",\"width\":1270,\"height\":321,\"caption\":\"GlareOne\"},\"image\":{\"@id\":\"https:\/\/glareone.eu\/cs\/en\/#\/schema\/logo\/image\/\"},\"sameAs\":[\"https:\/\/www.facebook.com\/GlareOneLighting\",\"https:\/\/www.instagram.com\/glareonelighting\/\",\"https:\/\/www.youtube.com\/@GlareOneTV\"]}]}<\/script>\n<!-- \/ Yoast SEO plugin. -->","yoast_head_json":{"title":"GlareOne LED 1000","description":"GlareOne LED 1000","robots":{"index":"index","follow":"follow","max-snippet":"max-snippet:-1","max-image-preview":"max-image-preview:large","max-video-preview":"max-video-preview:-1"},"canonical":"https:\/\/glareone.eu\/cs\/produkt\/glareone-led-1000\/","og_locale":"cs_CZ","og_type":"article","og_title":"GlareOne LED 1000","og_description":"GlareOne LED 1000","og_url":"https:\/\/glareone.eu\/cs\/produkt\/glareone-led-1000\/","og_site_name":"GlareOne","article_publisher":"https:\/\/www.facebook.com\/GlareOneLighting","article_modified_time":"2025-07-09T13:50:23+00:00","og_image":[{"width":1200,"height":1200,"url":"https:\/\/glareone.eu\/wp-content\/uploads\/2024\/04\/GlareOne-LED1000-01.jpg","type":"image\/jpeg"}],"twitter_card":"summary_large_image","twitter_title":"GlareOne LED 1000","twitter_misc":{"Odhadovan\u00e1 doba \u010dten\u00ed":"2 minuty"},"schema":{"@context":"https:\/\/schema.org","@graph":[{"@type":"WebPage","@id":"https:\/\/glareone.eu\/cs\/produkt\/glareone-led-1000\/","url":"https:\/\/glareone.eu\/cs\/produkt\/glareone-led-1000\/","name":"GlareOne LED 1000","isPartOf":{"@id":"https:\/\/glareone.eu\/cs\/en\/#website"},"primaryImageOfPage":{"@id":"https:\/\/glareone.eu\/cs\/produkt\/glareone-led-1000\/#primaryimage"},"image":{"@id":"https:\/\/glareone.eu\/cs\/produkt\/glareone-led-1000\/#primaryimage"},"thumbnailUrl":"https:\/\/glareone.eu\/wp-content\/uploads\/2024\/04\/GlareOne-LED1000-01.jpg","datePublished":"2024-04-18T19:26:24+00:00","dateModified":"2025-07-09T13:50:23+00:00","description":"GlareOne LED 1000","breadcrumb":{"@id":"https:\/\/glareone.eu\/cs\/produkt\/glareone-led-1000\/#breadcrumb"},"inLanguage":"cs","potentialAction":[{"@type":"ReadAction","target":["https:\/\/glareone.eu\/cs\/produkt\/glareone-led-1000\/"]}]},{"@type":"ImageObject","inLanguage":"cs","@id":"https:\/\/glareone.eu\/cs\/produkt\/glareone-led-1000\/#primaryimage","url":"https:\/\/glareone.eu\/wp-content\/uploads\/2024\/04\/GlareOne-LED1000-01.jpg","contentUrl":"https:\/\/glareone.eu\/wp-content\/uploads\/2024\/04\/GlareOne-LED1000-01.jpg","width":1200,"height":1200},{"@type":"BreadcrumbList","@id":"https:\/\/glareone.eu\/cs\/produkt\/glareone-led-1000\/#breadcrumb","itemListElement":[{"@type":"ListItem","position":1,"name":"Strona g\u0142\u00f3wna","item":"https:\/\/glareone.eu\/cs\/"},{"@type":"ListItem","position":2,"name":"V\u0161echny produkty","item":"https:\/\/glareone.eu\/cs\/produkty\/vsechny-produkty\/"},{"@type":"ListItem","position":3,"name":"GlareOne LED 1000"}]},{"@type":"WebSite","@id":"https:\/\/glareone.eu\/cs\/en\/#website","url":"https:\/\/glareone.eu\/cs\/en\/","name":"GlareOne","description":"Wyposa\u017cenie Studia","publisher":{"@id":"https:\/\/glareone.eu\/cs\/en\/#organization"},"potentialAction":[{"@type":"SearchAction","target":{"@type":"EntryPoint","urlTemplate":"https:\/\/glareone.eu\/cs\/en\/?s={search_term_string}"},"query-input":{"@type":"PropertyValueSpecification","valueRequired":true,"valueName":"search_term_string"}}],"inLanguage":"cs"},{"@type":"Organization","@id":"https:\/\/glareone.eu\/cs\/en\/#organization","name":"GlareOne","url":"https:\/\/glareone.eu\/cs\/en\/","logo":{"@type":"ImageObject","inLanguage":"cs","@id":"https:\/\/glareone.eu\/cs\/en\/#\/schema\/logo\/image\/","url":"http:\/\/glareone.eu\/wp-content\/uploads\/2024\/05\/glareone_logo2020_RGB-01-e1715773127189.png","contentUrl":"http:\/\/glareone.eu\/wp-content\/uploads\/2024\/05\/glareone_logo2020_RGB-01-e1715773127189.png","width":1270,"height":321,"caption":"GlareOne"},"image":{"@id":"https:\/\/glareone.eu\/cs\/en\/#\/schema\/logo\/image\/"},"sameAs":["https:\/\/www.facebook.com\/GlareOneLighting","https:\/\/www.instagram.com\/glareonelighting\/","https:\/\/www.youtube.com\/@GlareOneTV"]}]}},"_links":{"self":[{"href":"https:\/\/glareone.eu\/cs\/wp-json\/wp\/v2\/product\/20724","targetHints":{"allow":["GET"]}}],"collection":[{"href":"https:\/\/glareone.eu\/cs\/wp-json\/wp\/v2\/product"}],"about":[{"href":"https:\/\/glareone.eu\/cs\/wp-json\/wp\/v2\/types\/product"}],"wp:featuredmedia":[{"embeddable":true,"href":"https:\/\/glareone.eu\/cs\/wp-json\/wp\/v2\/media\/20726"}],"wp:attachment":[{"href":"https:\/\/glareone.eu\/cs\/wp-json\/wp\/v2\/media?parent=20724"}],"wp:term":[{"taxonomy":"product_brand","embeddable":true,"href":"https:\/\/glareone.eu\/cs\/wp-json\/wp\/v2\/product_brand?post=20724"},{"taxonomy":"product_cat","embeddable":true,"href":"https:\/\/glareone.eu\/cs\/wp-json\/wp\/v2\/product_cat?post=20724"},{"taxonomy":"product_tag","embeddable":true,"href":"https:\/\/glareone.eu\/cs\/wp-json\/wp\/v2\/product_tag?post=20724"}],"curies":[{"name":"wp","href":"https:\/\/api.w.org\/{rel}","templated":true}]}}