{"id":20712,"date":"2024-04-18T19:26:31","date_gmt":"2024-04-18T19:26:31","guid":{"rendered":"https:\/\/glareone.eu\/product\/glareone-spotlight-korpus-strumienicy\/"},"modified":"2025-08-11T10:22:17","modified_gmt":"2025-08-11T10:22:17","slug":"glareone-spotlight-snoot-base","status":"publish","type":"product","link":"https:\/\/glareone.eu\/cs\/produkt\/glareone-spotlight-snoot-base\/","title":{"rendered":"GlareOne Spotlight &#8211; snoot base"},"content":{"rendered":"<p>GlareOne Spotlight je optick\u00fd difuz\u00e9r, kter\u00fd vznikl ve spolupr\u00e1ci s Piotrem Wernerem \u2013 dlouholet\u00fdm ambasadorem zna\u010dky GlareOne. Piotr Werner vytv\u00e1\u0159\u00ed obrazy, kter\u00e9 maj\u00ed charakter a hraje si p\u0159itom se sv\u011btlem. GlareOne Spotlight umo\u017e\u0148uje experimentovat se sv\u011btlem a dos\u00e1hnout zaj\u00edmav\u00fdch efekt\u016f na fotografi\u00edch.<\/p>\n<p>T\u011blo sv\u011btlometu je kompatibiln\u00ed s objektivy GlareOne 50, 85 a 150 mm. Je vybaven clonami, kter\u00e9 umo\u017e\u0148uj\u00ed tvarovat sv\u011bteln\u00fd paprsek, a mo\u017enost\u00ed mont\u00e1\u017ee gobo masek. T\u011blo sv\u011btlometu je vyrobeno z kovu a umo\u017e\u0148uje pou\u017eit\u00ed blesk\u016f do 600 Ws nebo LED diod o v\u00fdkonu do 200 W.<\/p>\n<h3><strong>Objektivy GlareOne<\/strong><\/h3>\n<p>V optick\u00e9 sv\u011btlomety, jako je Spotlight, je nejd\u016fle\u017eit\u011bj\u0161\u00ed objektiv. Objektivy v nab\u00eddce GlareOne jsou \u0161estielementov\u00e9 apochromatick\u00e9 objektivy s ohniskovou vzd\u00e1lenost\u00ed 50, 85 a 150 mm. Umo\u017e\u0148uj\u00ed dos\u00e1hnout velmi ostr\u00fdch okraj\u016f sv\u011btla a st\u00ednu. To je velmi d\u016fle\u017eit\u00e9, pokud chcete m\u00edt plnou kontrolu nad osv\u011btlen\u00edm na fotografick\u00e9m pl\u00e1nu. Objektivy jsou nav\u00edc navr\u017eeny tak, aby minimalizovaly chromatickou aberaci, kter\u00e1 m\u016f\u017ee zp\u016fsobit barevn\u00e9 zabarven\u00ed. Objektiv je t\u0159eba zakoupit samostatn\u011b, nen\u00ed sou\u010d\u00e1st\u00ed sady.<\/p>\n<h3>Kompatibilita<\/h3>\n<p>Optick\u00e9 trysky doporu\u010dujeme pou\u017e\u00edvat s lampami s trval\u00fdm sv\u011btlem. S LED lampami poskytuj\u00ed rovnom\u011brn\u011b prom\u00edtan\u00fd obraz sv\u011btla. Reflektory Spotlight lze tak\u00e9 pou\u017e\u00edt s bleskov\u00fdmi lampami. Je v\u0161ak t\u0159eba v\u011bd\u011bt, \u017ee p\u0159i pou\u017eit\u00ed reflektoru s bleskov\u00fdmi lampami, jako jsou nap\u0159\u00edklad Vega nebo Antares, m\u016f\u017ee b\u00fdt prom\u00edtan\u00fd kruh sv\u011btla v d\u016fsledku fyzick\u00e9 konstrukce bleskov\u00e9ho ho\u0159\u00e1ku v prost\u0159edn\u00ed \u010d\u00e1sti m\u00edrn\u011b tmav\u0161\u00ed.<\/p>\n<h3><strong>Z\u00e1v\u011brky<\/strong><\/h3>\n<p>Sou\u010d\u00e1st\u00ed t\u011bla reflektor\u016f Spotlight je sada \u010dty\u0159 z\u00e1v\u011brek, pomoc\u00ed kter\u00fdch lze tvarovat sv\u011bteln\u00fd paprsek prom\u00edtan\u00fd objektivem tak, aby p\u0159esn\u011b osv\u011btloval pouze vybran\u00e9 \u010d\u00e1sti fotografovan\u00fdch nebo filmovan\u00fdch objekt\u016f. Z\u00e1v\u011brky lze pou\u017e\u00edvat nez\u00e1visle na pou\u017eit\u00e9m objektivu.<\/p>\n<h3><strong>Masky<\/strong><\/h3>\n<p>Spotlight je vybaven dr\u017e\u00e1kem pro efektov\u00e9 masky (tzv. gobo), kter\u00e9 umo\u017e\u0148uj\u00ed imitovat nap\u0159. sv\u011btlo proch\u00e1zej\u00edc\u00ed okenn\u00edmi \u017ealuziemi nebo prom\u00edtat r\u016fzn\u00e9 vzory a tvary. V nab\u00eddce GlareOne jsou k dispozici 3 r\u016fzn\u00e9 sady masek Gobo.<\/p>\n<h3><strong>Vym\u011bniteln\u00fd bajonet<\/strong><\/h3>\n<p>Sv\u011btlomet je z v\u00fdroby vybaven bajonetem typu Bowens, ale je mo\u017en\u00e9 jej vym\u011bnit. V nab\u00eddce GlareOne jsou k dispozici odpov\u00eddaj\u00edc\u00ed bajonety Profoto, Broncolor a Elinchrom ze s\u00e9rie 152.<\/p>\n<h3><strong>Vlastnosti produktu:<\/strong><\/h3>\n<ul>\n<li>T\u011blo sv\u011btlometu m\u00e1 bajonet s uchycen\u00edm objektiv\u016f typu Canon EF.<\/li>\n<li>Je vybaven \u010dty\u0159mi klapkami, kter\u00e9 umo\u017e\u0148uj\u00ed p\u0159esn\u00e9 tvarov\u00e1n\u00ed sv\u011bteln\u00e9ho paprsku.<\/li>\n<li>V tov\u00e1rn\u011b vybaven dr\u017e\u00e1kem typu Bowens, kter\u00fd lze vym\u011bnit za uchycen\u00ed pro lampy Profoto, Broncolor nebo Elinchrom (bajonety jsou k dispozici samostatn\u011b).<\/li>\n<li>Ur\u010deno pro pou\u017eit\u00ed s blesky (do 600 Ws) a LED lampami s trval\u00fdm sv\u011btlem (do 200 W)*.<\/li>\n<\/ul>\n","protected":false},"excerpt":{"rendered":"<p>GlareOne Spotlight je optick\u00fd difuz\u00e9r, kter\u00fd vznikl ve spolupr\u00e1ci s Piotrem Wernerem \u2013 dlouholet\u00fdm ambasadorem zna\u010dky GlareOne. Piotr Werner vytv\u00e1\u0159\u00ed obrazy, kter\u00e9 maj\u00ed charakter a hraje si p\u0159itom se sv\u011btlem. GlareOne Spotlight umo\u017e\u0148uje experimentovat se sv\u011btlem a dos\u00e1hnout zaj\u00edmav\u00fdch efekt\u016f na fotografi\u00edch. T\u011blo sv\u011btlometu je kompatibiln\u00ed s objektivy GlareOne 50, 85 a 150 mm. Je [&hellip;]<\/p>\n","protected":false},"featured_media":20715,"template":"","meta":[],"product_brand":[],"product_cat":[565],"product_tag":[],"class_list":{"0":"post-20712","1":"product","2":"type-product","3":"status-publish","4":"has-post-thumbnail","6":"product_cat-korpus-a-projekcni-objektivy","8":"first","9":"instock","10":"product-type-simple"},"yoast_head":"<!-- This site is optimized with the Yoast SEO plugin v27.2 - https:\/\/yoast.com\/product\/yoast-seo-wordpress\/ -->\n<title>GlareOne Spotlight - korpus strumienicy<\/title>\n<meta name=\"description\" content=\"GlareOne Spotlight - korpus strumienicy\" \/>\n<meta name=\"robots\" content=\"index, follow, max-snippet:-1, max-image-preview:large, max-video-preview:-1\" \/>\n<link rel=\"canonical\" href=\"https:\/\/glareone.eu\/cs\/produkt\/glareone-spotlight-snoot-base\/\" \/>\n<meta property=\"og:locale\" content=\"cs_CZ\" \/>\n<meta property=\"og:type\" content=\"article\" \/>\n<meta property=\"og:title\" content=\"GlareOne Spotlight - korpus strumienicy\" \/>\n<meta property=\"og:description\" content=\"GlareOne Spotlight - korpus strumienicy\" \/>\n<meta property=\"og:url\" content=\"https:\/\/glareone.eu\/cs\/produkt\/glareone-spotlight-snoot-base\/\" \/>\n<meta property=\"og:site_name\" content=\"GlareOne\" \/>\n<meta property=\"article:publisher\" content=\"https:\/\/www.facebook.com\/GlareOneLighting\" \/>\n<meta property=\"article:modified_time\" content=\"2025-08-11T10:22:17+00:00\" \/>\n<meta property=\"og:image\" content=\"https:\/\/glareone.eu\/wp-content\/uploads\/2024\/04\/SSPOTLIGHTM_01.jpg\" \/>\n\t<meta property=\"og:image:width\" content=\"1200\" \/>\n\t<meta property=\"og:image:height\" content=\"1200\" \/>\n\t<meta property=\"og:image:type\" content=\"image\/jpeg\" \/>\n<meta name=\"twitter:card\" content=\"summary_large_image\" \/>\n<meta name=\"twitter:title\" content=\"GlareOne Spotlight - korpus strumienicy\" \/>\n<meta name=\"twitter:label1\" content=\"Odhadovan\u00e1 doba \u010dten\u00ed\" \/>\n\t<meta name=\"twitter:data1\" content=\"2 minuty\" \/>\n<script type=\"application\/ld+json\" class=\"yoast-schema-graph\">{\"@context\":\"https:\/\/schema.org\",\"@graph\":[{\"@type\":\"WebPage\",\"@id\":\"https:\/\/glareone.eu\/cs\/produkt\/glareone-spotlight-snoot-base\/\",\"url\":\"https:\/\/glareone.eu\/cs\/produkt\/glareone-spotlight-snoot-base\/\",\"name\":\"GlareOne Spotlight - korpus strumienicy\",\"isPartOf\":{\"@id\":\"https:\/\/glareone.eu\/cs\/en\/#website\"},\"primaryImageOfPage\":{\"@id\":\"https:\/\/glareone.eu\/cs\/produkt\/glareone-spotlight-snoot-base\/#primaryimage\"},\"image\":{\"@id\":\"https:\/\/glareone.eu\/cs\/produkt\/glareone-spotlight-snoot-base\/#primaryimage\"},\"thumbnailUrl\":\"https:\/\/glareone.eu\/wp-content\/uploads\/2024\/04\/SSPOTLIGHTM_01.jpg\",\"datePublished\":\"2024-04-18T19:26:31+00:00\",\"dateModified\":\"2025-08-11T10:22:17+00:00\",\"description\":\"GlareOne Spotlight - korpus strumienicy\",\"breadcrumb\":{\"@id\":\"https:\/\/glareone.eu\/cs\/produkt\/glareone-spotlight-snoot-base\/#breadcrumb\"},\"inLanguage\":\"cs\",\"potentialAction\":[{\"@type\":\"ReadAction\",\"target\":[\"https:\/\/glareone.eu\/cs\/produkt\/glareone-spotlight-snoot-base\/\"]}]},{\"@type\":\"ImageObject\",\"inLanguage\":\"cs\",\"@id\":\"https:\/\/glareone.eu\/cs\/produkt\/glareone-spotlight-snoot-base\/#primaryimage\",\"url\":\"https:\/\/glareone.eu\/wp-content\/uploads\/2024\/04\/SSPOTLIGHTM_01.jpg\",\"contentUrl\":\"https:\/\/glareone.eu\/wp-content\/uploads\/2024\/04\/SSPOTLIGHTM_01.jpg\",\"width\":1200,\"height\":1200},{\"@type\":\"BreadcrumbList\",\"@id\":\"https:\/\/glareone.eu\/cs\/produkt\/glareone-spotlight-snoot-base\/#breadcrumb\",\"itemListElement\":[{\"@type\":\"ListItem\",\"position\":1,\"name\":\"Strona g\u0142\u00f3wna\",\"item\":\"https:\/\/glareone.eu\/cs\/\"},{\"@type\":\"ListItem\",\"position\":2,\"name\":\"V\u0161echny produkty\",\"item\":\"https:\/\/glareone.eu\/cs\/produkty\/vsechny-produkty\/\"},{\"@type\":\"ListItem\",\"position\":3,\"name\":\"GlareOne Spotlight &#8211; snoot base\"}]},{\"@type\":\"WebSite\",\"@id\":\"https:\/\/glareone.eu\/cs\/en\/#website\",\"url\":\"https:\/\/glareone.eu\/cs\/en\/\",\"name\":\"GlareOne\",\"description\":\"Wyposa\u017cenie Studia\",\"publisher\":{\"@id\":\"https:\/\/glareone.eu\/cs\/en\/#organization\"},\"potentialAction\":[{\"@type\":\"SearchAction\",\"target\":{\"@type\":\"EntryPoint\",\"urlTemplate\":\"https:\/\/glareone.eu\/cs\/en\/?s={search_term_string}\"},\"query-input\":{\"@type\":\"PropertyValueSpecification\",\"valueRequired\":true,\"valueName\":\"search_term_string\"}}],\"inLanguage\":\"cs\"},{\"@type\":\"Organization\",\"@id\":\"https:\/\/glareone.eu\/cs\/en\/#organization\",\"name\":\"GlareOne\",\"url\":\"https:\/\/glareone.eu\/cs\/en\/\",\"logo\":{\"@type\":\"ImageObject\",\"inLanguage\":\"cs\",\"@id\":\"https:\/\/glareone.eu\/cs\/en\/#\/schema\/logo\/image\/\",\"url\":\"http:\/\/glareone.eu\/wp-content\/uploads\/2024\/05\/glareone_logo2020_RGB-01-e1715773127189.png\",\"contentUrl\":\"http:\/\/glareone.eu\/wp-content\/uploads\/2024\/05\/glareone_logo2020_RGB-01-e1715773127189.png\",\"width\":1270,\"height\":321,\"caption\":\"GlareOne\"},\"image\":{\"@id\":\"https:\/\/glareone.eu\/cs\/en\/#\/schema\/logo\/image\/\"},\"sameAs\":[\"https:\/\/www.facebook.com\/GlareOneLighting\",\"https:\/\/www.instagram.com\/glareonelighting\/\",\"https:\/\/www.youtube.com\/@GlareOneTV\"]}]}<\/script>\n<!-- \/ Yoast SEO plugin. -->","yoast_head_json":{"title":"GlareOne Spotlight - korpus strumienicy","description":"GlareOne Spotlight - korpus strumienicy","robots":{"index":"index","follow":"follow","max-snippet":"max-snippet:-1","max-image-preview":"max-image-preview:large","max-video-preview":"max-video-preview:-1"},"canonical":"https:\/\/glareone.eu\/cs\/produkt\/glareone-spotlight-snoot-base\/","og_locale":"cs_CZ","og_type":"article","og_title":"GlareOne Spotlight - korpus strumienicy","og_description":"GlareOne Spotlight - korpus strumienicy","og_url":"https:\/\/glareone.eu\/cs\/produkt\/glareone-spotlight-snoot-base\/","og_site_name":"GlareOne","article_publisher":"https:\/\/www.facebook.com\/GlareOneLighting","article_modified_time":"2025-08-11T10:22:17+00:00","og_image":[{"width":1200,"height":1200,"url":"https:\/\/glareone.eu\/wp-content\/uploads\/2024\/04\/SSPOTLIGHTM_01.jpg","type":"image\/jpeg"}],"twitter_card":"summary_large_image","twitter_title":"GlareOne Spotlight - korpus strumienicy","twitter_misc":{"Odhadovan\u00e1 doba \u010dten\u00ed":"2 minuty"},"schema":{"@context":"https:\/\/schema.org","@graph":[{"@type":"WebPage","@id":"https:\/\/glareone.eu\/cs\/produkt\/glareone-spotlight-snoot-base\/","url":"https:\/\/glareone.eu\/cs\/produkt\/glareone-spotlight-snoot-base\/","name":"GlareOne Spotlight - korpus strumienicy","isPartOf":{"@id":"https:\/\/glareone.eu\/cs\/en\/#website"},"primaryImageOfPage":{"@id":"https:\/\/glareone.eu\/cs\/produkt\/glareone-spotlight-snoot-base\/#primaryimage"},"image":{"@id":"https:\/\/glareone.eu\/cs\/produkt\/glareone-spotlight-snoot-base\/#primaryimage"},"thumbnailUrl":"https:\/\/glareone.eu\/wp-content\/uploads\/2024\/04\/SSPOTLIGHTM_01.jpg","datePublished":"2024-04-18T19:26:31+00:00","dateModified":"2025-08-11T10:22:17+00:00","description":"GlareOne Spotlight - korpus strumienicy","breadcrumb":{"@id":"https:\/\/glareone.eu\/cs\/produkt\/glareone-spotlight-snoot-base\/#breadcrumb"},"inLanguage":"cs","potentialAction":[{"@type":"ReadAction","target":["https:\/\/glareone.eu\/cs\/produkt\/glareone-spotlight-snoot-base\/"]}]},{"@type":"ImageObject","inLanguage":"cs","@id":"https:\/\/glareone.eu\/cs\/produkt\/glareone-spotlight-snoot-base\/#primaryimage","url":"https:\/\/glareone.eu\/wp-content\/uploads\/2024\/04\/SSPOTLIGHTM_01.jpg","contentUrl":"https:\/\/glareone.eu\/wp-content\/uploads\/2024\/04\/SSPOTLIGHTM_01.jpg","width":1200,"height":1200},{"@type":"BreadcrumbList","@id":"https:\/\/glareone.eu\/cs\/produkt\/glareone-spotlight-snoot-base\/#breadcrumb","itemListElement":[{"@type":"ListItem","position":1,"name":"Strona g\u0142\u00f3wna","item":"https:\/\/glareone.eu\/cs\/"},{"@type":"ListItem","position":2,"name":"V\u0161echny produkty","item":"https:\/\/glareone.eu\/cs\/produkty\/vsechny-produkty\/"},{"@type":"ListItem","position":3,"name":"GlareOne Spotlight &#8211; snoot base"}]},{"@type":"WebSite","@id":"https:\/\/glareone.eu\/cs\/en\/#website","url":"https:\/\/glareone.eu\/cs\/en\/","name":"GlareOne","description":"Wyposa\u017cenie Studia","publisher":{"@id":"https:\/\/glareone.eu\/cs\/en\/#organization"},"potentialAction":[{"@type":"SearchAction","target":{"@type":"EntryPoint","urlTemplate":"https:\/\/glareone.eu\/cs\/en\/?s={search_term_string}"},"query-input":{"@type":"PropertyValueSpecification","valueRequired":true,"valueName":"search_term_string"}}],"inLanguage":"cs"},{"@type":"Organization","@id":"https:\/\/glareone.eu\/cs\/en\/#organization","name":"GlareOne","url":"https:\/\/glareone.eu\/cs\/en\/","logo":{"@type":"ImageObject","inLanguage":"cs","@id":"https:\/\/glareone.eu\/cs\/en\/#\/schema\/logo\/image\/","url":"http:\/\/glareone.eu\/wp-content\/uploads\/2024\/05\/glareone_logo2020_RGB-01-e1715773127189.png","contentUrl":"http:\/\/glareone.eu\/wp-content\/uploads\/2024\/05\/glareone_logo2020_RGB-01-e1715773127189.png","width":1270,"height":321,"caption":"GlareOne"},"image":{"@id":"https:\/\/glareone.eu\/cs\/en\/#\/schema\/logo\/image\/"},"sameAs":["https:\/\/www.facebook.com\/GlareOneLighting","https:\/\/www.instagram.com\/glareonelighting\/","https:\/\/www.youtube.com\/@GlareOneTV"]}]}},"_links":{"self":[{"href":"https:\/\/glareone.eu\/cs\/wp-json\/wp\/v2\/product\/20712","targetHints":{"allow":["GET"]}}],"collection":[{"href":"https:\/\/glareone.eu\/cs\/wp-json\/wp\/v2\/product"}],"about":[{"href":"https:\/\/glareone.eu\/cs\/wp-json\/wp\/v2\/types\/product"}],"wp:featuredmedia":[{"embeddable":true,"href":"https:\/\/glareone.eu\/cs\/wp-json\/wp\/v2\/media\/20715"}],"wp:attachment":[{"href":"https:\/\/glareone.eu\/cs\/wp-json\/wp\/v2\/media?parent=20712"}],"wp:term":[{"taxonomy":"product_brand","embeddable":true,"href":"https:\/\/glareone.eu\/cs\/wp-json\/wp\/v2\/product_brand?post=20712"},{"taxonomy":"product_cat","embeddable":true,"href":"https:\/\/glareone.eu\/cs\/wp-json\/wp\/v2\/product_cat?post=20712"},{"taxonomy":"product_tag","embeddable":true,"href":"https:\/\/glareone.eu\/cs\/wp-json\/wp\/v2\/product_tag?post=20712"}],"curies":[{"name":"wp","href":"https:\/\/api.w.org\/{rel}","templated":true}]}}