{"id":20700,"date":"2024-04-18T19:26:33","date_gmt":"2024-04-18T19:26:33","guid":{"rendered":"https:\/\/glareone.eu\/product\/glareone-halo-led-panel-110-bicolor-d\/"},"modified":"2025-07-09T13:45:20","modified_gmt":"2025-07-09T13:45:20","slug":"glareone-halo-led-panel-110-bicolor-d","status":"publish","type":"product","link":"https:\/\/glareone.eu\/cs\/produkt\/glareone-halo-led-panel-110-bicolor-d\/","title":{"rendered":"GlareOne Halo LED Panel 110 BiColor D"},"content":{"rendered":"<p>Kulat\u00fd LED panel, kter\u00fd vyza\u0159uje konstantn\u00ed sv\u011bteln\u00fd v\u00fdkon 110 W. Vyzna\u010duje se mo\u017enost\u00ed nastaven\u00ed barevn\u00e9 teploty od 2500 do 8500 K, co\u017e umo\u017e\u0148uje imitovat studen\u00e9 i tepl\u00e9 sv\u011btlo. Panel poskytuje vynikaj\u00edc\u00ed reprodukci barev (TLCI &gt;98), d\u00edky \u010demu\u017e je ide\u00e1ln\u00ed pro foto a video nat\u00e1\u010den\u00ed, kdy je v\u011brn\u00e1 reprodukce barev nesm\u00edrn\u011b d\u016fle\u017eit\u00e1 \u2013 nap\u0159\u00edklad p\u0159i portr\u00e9tn\u00edm nebo produktov\u00e9m focen\u00ed.<\/p>\n<p>Halo LED Panel 110 BiColor D zajist\u00ed osv\u011btlen\u00ed ve studiu i venku. M\u016f\u017ee b\u00fdt nap\u00e1jen jak ze s\u00edt\u011b, tak z bateri\u00ed s V-mount, tak\u017ee se skv\u011ble hod\u00ed na m\u00edsta, kde je p\u0159\u00edstup k elekt\u0159in\u011b obt\u00ed\u017en\u00fd. Velkou v\u00fdhodou panelu je absence blik\u00e1n\u00ed (flickering), d\u00edky \u010demu\u017e je sv\u011btlo vhodn\u00e9 pro studiov\u00e9 nahr\u00e1v\u00e1n\u00ed, vlogov\u00e1n\u00ed nebo rozhovory. Panel umo\u017e\u0148uje nahr\u00e1v\u00e1n\u00ed a\u017e 400 sn\u00edmk\u016f za sekundu. Sv\u011btlo m\u00e1 vestav\u011bn\u00fd dr\u017e\u00e1k pro studiov\u00fd stativ o pr\u016fm\u011bru 5\/8 palce. Sou\u010d\u00e1st\u00ed balen\u00ed je d\u00e1lkov\u00e9 ovl\u00e1d\u00e1n\u00ed pro pohodln\u00e9 ovl\u00e1d\u00e1n\u00ed. Krom\u011b toho je mo\u017en\u00e9 ovl\u00e1d\u00e1n\u00ed p\u0159es syst\u00e9m DMX. LED panel Halo je k dispozici tak\u00e9 ve verz\u00edch 35 W a 70 W.<\/p>\n<h3>P\u0159edev\u0161\u00edm m\u011bkk\u00e9 sv\u011btlo<\/h3>\n<p>Konstrukce LED panelu Halo umo\u017e\u0148uje m\u011bkk\u00e9 a p\u0159\u00edjemn\u00e9 osv\u011btlen\u00ed. Vestav\u011bn\u00fd difuz\u00e9r \u00fa\u010dinn\u011b rozptyluje sv\u011btlo a jeho velk\u00e1 plocha \u010din\u00ed sv\u011btlo m\u011bk\u010d\u00edm ne\u017e u b\u011b\u017en\u00fdch obd\u00e9ln\u00edkov\u00fdch panel\u016f. Krom\u011b toho d\u00edky kulat\u00e9mu tvaru LED panelu Halo vypad\u00e1 odraz sv\u011btla v o\u010d\u00edch fotografovan\u00e9 nebo filmovan\u00e9 osoby p\u0159irozen\u011b.<\/p>\n<h3>Barva na prvn\u00edm m\u00edst\u011b<\/h3>\n<p>Index TLCI (Television Lighting Consistency Index) tohoto modelu p\u0159esahuje &gt;98 a index CRI (Color Rendering Index) je vy\u0161\u0161\u00ed ne\u017e 95, a to bez ohledu na nastaven\u00ed barevn\u00e9 teploty. D\u00edky tomu je sv\u011btlo ide\u00e1ln\u00ed pro osv\u011btlen\u00ed sc\u00e9n b\u011bhem nat\u00e1\u010den\u00ed a fotografov\u00e1n\u00ed a zaji\u0161\u0165uje p\u0159esnou reprodukci barev.<\/p>\n<h3>Flexibilita<\/h3>\n<p>Sv\u011btlo GlareOne Halo LED Panel 110 BiColor D je vybaveno LED \u010dipem, kter\u00fd umo\u017e\u0148uje nastavit barevnou teplotu od 2500 K do 8500 K. To poskytuje flexibilitu p\u0159i pr\u00e1ci s r\u016fzn\u00fdmi zdroji sv\u011btla, a\u0165 u\u017e se jedn\u00e1 o p\u0159irozen\u00e9 nebo um\u011bl\u00e9 sv\u011btlo.<\/p>\n<h3>Stabilita<\/h3>\n<p>Halo LED osv\u011btlovac\u00ed panel 110 BiColor D je ide\u00e1ln\u00ed pro osv\u011btlen\u00ed filmov\u00fdch sc\u00e9n, a to i p\u0159i nat\u00e1\u010den\u00ed maxim\u00e1ln\u00ed rychlost\u00ed 400 sn\u00edmk\u016f za sekundu, bez rizika blik\u00e1n\u00ed (flickering).<\/p>\n<h3>Tich\u00fd provoz<\/h3>\n<p>Sv\u011btlo vyu\u017e\u00edv\u00e1 bezhlu\u010dn\u00fd pasivn\u00ed chladic\u00ed syst\u00e9m, co\u017e znamen\u00e1, \u017ee b\u011bhem nahr\u00e1v\u00e1n\u00ed zvuku je na sc\u00e9n\u011b \u00fapln\u00e9 ticho.<\/p>\n<h3>D\u00e1lkov\u00e9 ovl\u00e1d\u00e1n\u00ed<\/h3>\n<p>Je vybaven vestav\u011bn\u00fdm r\u00e1diov\u00fdm p\u0159ij\u00edma\u010dem kompatibiln\u00edm s dod\u00e1van\u00fdm d\u00e1lkov\u00fdm ovl\u00e1d\u00e1n\u00edm. M\u016f\u017eete jej pou\u017e\u00edt ke zm\u011bn\u011b barevn\u00e9 teploty, jasu a nastaven\u00ed kan\u00e1lu a skupiny.<\/p>\n<h3>Bezdr\u00e1tov\u00e9 nap\u00e1jen\u00ed<\/h3>\n<p>Sv\u011btlo GlareOne Halo LED Panel 110 BiColor D lze nap\u00e1jet dv\u011bma zp\u016fsoby \u2013 ze s\u00ed\u0165ov\u00e9 z\u00e1suvky pomoc\u00ed dod\u00e1van\u00e9ho nap\u00e1jec\u00edho adapt\u00e9ru nebo pomoc\u00ed bateri\u00ed s V-mount. P\u0159i pou\u017eit\u00ed baterie V-mount 98,6 Wh bude sv\u011btlo sv\u00edtit na 100 % v\u00fdkonu po dobu p\u0159ibli\u017en\u011b 50 minut.<\/p>\n<h3>Odolnost<\/h3>\n<p>Kl\u00ed\u010dov\u00e9 \u010d\u00e1sti, jako je stativov\u00fd dr\u017e\u00e1k, r\u00e1m a kryt, jsou vyrobeny z hlin\u00edku nebo oceli pro odolnost a pohodl\u00ed. Ostatn\u00ed \u010d\u00e1sti, jako je ovl\u00e1dac\u00ed panel a ovl\u00e1dac\u00ed knofl\u00edky, jsou vyrobeny z odoln\u00e9ho, vysoce kvalitn\u00edho plastu.<\/p>\n<h3>Vlastnosti GlareOne Halo LED Panel 110 BiColor D:<\/h3>\n<ul>\n<li>kompaktn\u00ed a robustn\u00ed kryt<\/li>\n<li>variabiln\u00ed barevn\u00e1 teplota v rozmez\u00ed 2500~8500K<\/li>\n<li>v\u00fdkon 110 watt\u016f<\/li>\n<li>jas 2500 lux<\/li>\n<li>velmi dobr\u00e1 reprodukce barev (CRI &gt;95, TLCI &gt;98)<\/li>\n<li>mo\u017enost nap\u00e1jen\u00ed z bateri\u00ed s V-mount<\/li>\n<li>regulace jasu od 1 do 100 % v\u00fdkonu<\/li>\n<li>bez blik\u00e1n\u00ed a\u017e do 400 fps<\/li>\n<li>d\u00e1lkov\u00e9 ovl\u00e1d\u00e1n\u00ed pomoc\u00ed d\u00e1lkov\u00e9ho ovlada\u010de dod\u00e1van\u00e9ho se sv\u011btlem<\/li>\n<li>dod\u00e1v\u00e1no s nap\u00e1jec\u00edm adapt\u00e9rem, p\u0159enosn\u00fdm kuf\u0159\u00edkem a d\u00e1lkov\u00fdm ovlada\u010dem<\/li>\n<li>ovl\u00e1d\u00e1n\u00ed DMX<\/li>\n<\/ul>\n","protected":false},"excerpt":{"rendered":"<p>Kulat\u00fd LED panel, kter\u00fd vyza\u0159uje konstantn\u00ed sv\u011bteln\u00fd v\u00fdkon 110 W. Vyzna\u010duje se mo\u017enost\u00ed nastaven\u00ed barevn\u00e9 teploty od 2500 do 8500 K, co\u017e umo\u017e\u0148uje imitovat studen\u00e9 i tepl\u00e9 sv\u011btlo. Panel poskytuje vynikaj\u00edc\u00ed reprodukci barev (TLCI &gt;98), d\u00edky \u010demu\u017e je ide\u00e1ln\u00ed pro foto a video nat\u00e1\u010den\u00ed, kdy je v\u011brn\u00e1 reprodukce barev nesm\u00edrn\u011b d\u016fle\u017eit\u00e1 \u2013 nap\u0159\u00edklad p\u0159i portr\u00e9tn\u00edm [&hellip;]<\/p>\n","protected":false},"featured_media":20701,"template":"","meta":[],"product_brand":[],"product_cat":[553],"product_tag":[],"class_list":{"0":"post-20700","1":"product","2":"type-product","3":"status-publish","4":"has-post-thumbnail","6":"product_cat-halo-led-cs","8":"first","9":"instock","10":"product-type-simple"},"yoast_head":"<!-- This site is optimized with the Yoast SEO plugin v27.2 - https:\/\/yoast.com\/product\/yoast-seo-wordpress\/ -->\n<title>GlareOne Halo LED Panel 110 BiColor D<\/title>\n<meta name=\"description\" content=\"GlareOne Halo LED Panel 110 BiColor D\" \/>\n<meta name=\"robots\" content=\"index, follow, max-snippet:-1, max-image-preview:large, max-video-preview:-1\" \/>\n<link rel=\"canonical\" href=\"https:\/\/glareone.eu\/cs\/produkt\/glareone-halo-led-panel-110-bicolor-d\/\" \/>\n<meta property=\"og:locale\" content=\"cs_CZ\" \/>\n<meta property=\"og:type\" content=\"article\" \/>\n<meta property=\"og:title\" content=\"GlareOne Halo LED Panel 110 BiColor D\" \/>\n<meta property=\"og:description\" content=\"GlareOne Halo LED Panel 110 BiColor D\" \/>\n<meta property=\"og:url\" content=\"https:\/\/glareone.eu\/cs\/produkt\/glareone-halo-led-panel-110-bicolor-d\/\" \/>\n<meta property=\"og:site_name\" content=\"GlareOne\" \/>\n<meta property=\"article:publisher\" content=\"https:\/\/www.facebook.com\/GlareOneLighting\" \/>\n<meta property=\"article:modified_time\" content=\"2025-07-09T13:45:20+00:00\" \/>\n<meta property=\"og:image\" content=\"https:\/\/glareone.eu\/wp-content\/uploads\/2024\/04\/SLEDPHALO110BCD_01.jpg\" \/>\n\t<meta property=\"og:image:width\" content=\"1200\" \/>\n\t<meta property=\"og:image:height\" content=\"1200\" \/>\n\t<meta property=\"og:image:type\" content=\"image\/jpeg\" \/>\n<meta name=\"twitter:card\" content=\"summary_large_image\" \/>\n<meta name=\"twitter:title\" content=\"GlareOne Halo LED Panel 110 BiColor D\" \/>\n<meta name=\"twitter:label1\" content=\"Odhadovan\u00e1 doba \u010dten\u00ed\" \/>\n\t<meta name=\"twitter:data1\" content=\"3 minuty\" \/>\n<script type=\"application\/ld+json\" class=\"yoast-schema-graph\">{\"@context\":\"https:\/\/schema.org\",\"@graph\":[{\"@type\":\"WebPage\",\"@id\":\"https:\/\/glareone.eu\/cs\/produkt\/glareone-halo-led-panel-110-bicolor-d\/\",\"url\":\"https:\/\/glareone.eu\/cs\/produkt\/glareone-halo-led-panel-110-bicolor-d\/\",\"name\":\"GlareOne Halo LED Panel 110 BiColor D\",\"isPartOf\":{\"@id\":\"https:\/\/glareone.eu\/cs\/en\/#website\"},\"primaryImageOfPage\":{\"@id\":\"https:\/\/glareone.eu\/cs\/produkt\/glareone-halo-led-panel-110-bicolor-d\/#primaryimage\"},\"image\":{\"@id\":\"https:\/\/glareone.eu\/cs\/produkt\/glareone-halo-led-panel-110-bicolor-d\/#primaryimage\"},\"thumbnailUrl\":\"https:\/\/glareone.eu\/wp-content\/uploads\/2024\/04\/SLEDPHALO110BCD_01.jpg\",\"datePublished\":\"2024-04-18T19:26:33+00:00\",\"dateModified\":\"2025-07-09T13:45:20+00:00\",\"description\":\"GlareOne Halo LED Panel 110 BiColor D\",\"breadcrumb\":{\"@id\":\"https:\/\/glareone.eu\/cs\/produkt\/glareone-halo-led-panel-110-bicolor-d\/#breadcrumb\"},\"inLanguage\":\"cs\",\"potentialAction\":[{\"@type\":\"ReadAction\",\"target\":[\"https:\/\/glareone.eu\/cs\/produkt\/glareone-halo-led-panel-110-bicolor-d\/\"]}]},{\"@type\":\"ImageObject\",\"inLanguage\":\"cs\",\"@id\":\"https:\/\/glareone.eu\/cs\/produkt\/glareone-halo-led-panel-110-bicolor-d\/#primaryimage\",\"url\":\"https:\/\/glareone.eu\/wp-content\/uploads\/2024\/04\/SLEDPHALO110BCD_01.jpg\",\"contentUrl\":\"https:\/\/glareone.eu\/wp-content\/uploads\/2024\/04\/SLEDPHALO110BCD_01.jpg\",\"width\":1200,\"height\":1200},{\"@type\":\"BreadcrumbList\",\"@id\":\"https:\/\/glareone.eu\/cs\/produkt\/glareone-halo-led-panel-110-bicolor-d\/#breadcrumb\",\"itemListElement\":[{\"@type\":\"ListItem\",\"position\":1,\"name\":\"Strona g\u0142\u00f3wna\",\"item\":\"https:\/\/glareone.eu\/cs\/\"},{\"@type\":\"ListItem\",\"position\":2,\"name\":\"V\u0161echny produkty\",\"item\":\"https:\/\/glareone.eu\/cs\/produkty\/vsechny-produkty\/\"},{\"@type\":\"ListItem\",\"position\":3,\"name\":\"GlareOne Halo LED Panel 110 BiColor D\"}]},{\"@type\":\"WebSite\",\"@id\":\"https:\/\/glareone.eu\/cs\/en\/#website\",\"url\":\"https:\/\/glareone.eu\/cs\/en\/\",\"name\":\"GlareOne\",\"description\":\"Wyposa\u017cenie Studia\",\"publisher\":{\"@id\":\"https:\/\/glareone.eu\/cs\/en\/#organization\"},\"potentialAction\":[{\"@type\":\"SearchAction\",\"target\":{\"@type\":\"EntryPoint\",\"urlTemplate\":\"https:\/\/glareone.eu\/cs\/en\/?s={search_term_string}\"},\"query-input\":{\"@type\":\"PropertyValueSpecification\",\"valueRequired\":true,\"valueName\":\"search_term_string\"}}],\"inLanguage\":\"cs\"},{\"@type\":\"Organization\",\"@id\":\"https:\/\/glareone.eu\/cs\/en\/#organization\",\"name\":\"GlareOne\",\"url\":\"https:\/\/glareone.eu\/cs\/en\/\",\"logo\":{\"@type\":\"ImageObject\",\"inLanguage\":\"cs\",\"@id\":\"https:\/\/glareone.eu\/cs\/en\/#\/schema\/logo\/image\/\",\"url\":\"http:\/\/glareone.eu\/wp-content\/uploads\/2024\/05\/glareone_logo2020_RGB-01-e1715773127189.png\",\"contentUrl\":\"http:\/\/glareone.eu\/wp-content\/uploads\/2024\/05\/glareone_logo2020_RGB-01-e1715773127189.png\",\"width\":1270,\"height\":321,\"caption\":\"GlareOne\"},\"image\":{\"@id\":\"https:\/\/glareone.eu\/cs\/en\/#\/schema\/logo\/image\/\"},\"sameAs\":[\"https:\/\/www.facebook.com\/GlareOneLighting\",\"https:\/\/www.instagram.com\/glareonelighting\/\",\"https:\/\/www.youtube.com\/@GlareOneTV\"]}]}<\/script>\n<!-- \/ Yoast SEO plugin. -->","yoast_head_json":{"title":"GlareOne Halo LED Panel 110 BiColor D","description":"GlareOne Halo LED Panel 110 BiColor D","robots":{"index":"index","follow":"follow","max-snippet":"max-snippet:-1","max-image-preview":"max-image-preview:large","max-video-preview":"max-video-preview:-1"},"canonical":"https:\/\/glareone.eu\/cs\/produkt\/glareone-halo-led-panel-110-bicolor-d\/","og_locale":"cs_CZ","og_type":"article","og_title":"GlareOne Halo LED Panel 110 BiColor D","og_description":"GlareOne Halo LED Panel 110 BiColor D","og_url":"https:\/\/glareone.eu\/cs\/produkt\/glareone-halo-led-panel-110-bicolor-d\/","og_site_name":"GlareOne","article_publisher":"https:\/\/www.facebook.com\/GlareOneLighting","article_modified_time":"2025-07-09T13:45:20+00:00","og_image":[{"width":1200,"height":1200,"url":"https:\/\/glareone.eu\/wp-content\/uploads\/2024\/04\/SLEDPHALO110BCD_01.jpg","type":"image\/jpeg"}],"twitter_card":"summary_large_image","twitter_title":"GlareOne Halo LED Panel 110 BiColor D","twitter_misc":{"Odhadovan\u00e1 doba \u010dten\u00ed":"3 minuty"},"schema":{"@context":"https:\/\/schema.org","@graph":[{"@type":"WebPage","@id":"https:\/\/glareone.eu\/cs\/produkt\/glareone-halo-led-panel-110-bicolor-d\/","url":"https:\/\/glareone.eu\/cs\/produkt\/glareone-halo-led-panel-110-bicolor-d\/","name":"GlareOne Halo LED Panel 110 BiColor D","isPartOf":{"@id":"https:\/\/glareone.eu\/cs\/en\/#website"},"primaryImageOfPage":{"@id":"https:\/\/glareone.eu\/cs\/produkt\/glareone-halo-led-panel-110-bicolor-d\/#primaryimage"},"image":{"@id":"https:\/\/glareone.eu\/cs\/produkt\/glareone-halo-led-panel-110-bicolor-d\/#primaryimage"},"thumbnailUrl":"https:\/\/glareone.eu\/wp-content\/uploads\/2024\/04\/SLEDPHALO110BCD_01.jpg","datePublished":"2024-04-18T19:26:33+00:00","dateModified":"2025-07-09T13:45:20+00:00","description":"GlareOne Halo LED Panel 110 BiColor D","breadcrumb":{"@id":"https:\/\/glareone.eu\/cs\/produkt\/glareone-halo-led-panel-110-bicolor-d\/#breadcrumb"},"inLanguage":"cs","potentialAction":[{"@type":"ReadAction","target":["https:\/\/glareone.eu\/cs\/produkt\/glareone-halo-led-panel-110-bicolor-d\/"]}]},{"@type":"ImageObject","inLanguage":"cs","@id":"https:\/\/glareone.eu\/cs\/produkt\/glareone-halo-led-panel-110-bicolor-d\/#primaryimage","url":"https:\/\/glareone.eu\/wp-content\/uploads\/2024\/04\/SLEDPHALO110BCD_01.jpg","contentUrl":"https:\/\/glareone.eu\/wp-content\/uploads\/2024\/04\/SLEDPHALO110BCD_01.jpg","width":1200,"height":1200},{"@type":"BreadcrumbList","@id":"https:\/\/glareone.eu\/cs\/produkt\/glareone-halo-led-panel-110-bicolor-d\/#breadcrumb","itemListElement":[{"@type":"ListItem","position":1,"name":"Strona g\u0142\u00f3wna","item":"https:\/\/glareone.eu\/cs\/"},{"@type":"ListItem","position":2,"name":"V\u0161echny produkty","item":"https:\/\/glareone.eu\/cs\/produkty\/vsechny-produkty\/"},{"@type":"ListItem","position":3,"name":"GlareOne Halo LED Panel 110 BiColor D"}]},{"@type":"WebSite","@id":"https:\/\/glareone.eu\/cs\/en\/#website","url":"https:\/\/glareone.eu\/cs\/en\/","name":"GlareOne","description":"Wyposa\u017cenie Studia","publisher":{"@id":"https:\/\/glareone.eu\/cs\/en\/#organization"},"potentialAction":[{"@type":"SearchAction","target":{"@type":"EntryPoint","urlTemplate":"https:\/\/glareone.eu\/cs\/en\/?s={search_term_string}"},"query-input":{"@type":"PropertyValueSpecification","valueRequired":true,"valueName":"search_term_string"}}],"inLanguage":"cs"},{"@type":"Organization","@id":"https:\/\/glareone.eu\/cs\/en\/#organization","name":"GlareOne","url":"https:\/\/glareone.eu\/cs\/en\/","logo":{"@type":"ImageObject","inLanguage":"cs","@id":"https:\/\/glareone.eu\/cs\/en\/#\/schema\/logo\/image\/","url":"http:\/\/glareone.eu\/wp-content\/uploads\/2024\/05\/glareone_logo2020_RGB-01-e1715773127189.png","contentUrl":"http:\/\/glareone.eu\/wp-content\/uploads\/2024\/05\/glareone_logo2020_RGB-01-e1715773127189.png","width":1270,"height":321,"caption":"GlareOne"},"image":{"@id":"https:\/\/glareone.eu\/cs\/en\/#\/schema\/logo\/image\/"},"sameAs":["https:\/\/www.facebook.com\/GlareOneLighting","https:\/\/www.instagram.com\/glareonelighting\/","https:\/\/www.youtube.com\/@GlareOneTV"]}]}},"_links":{"self":[{"href":"https:\/\/glareone.eu\/cs\/wp-json\/wp\/v2\/product\/20700","targetHints":{"allow":["GET"]}}],"collection":[{"href":"https:\/\/glareone.eu\/cs\/wp-json\/wp\/v2\/product"}],"about":[{"href":"https:\/\/glareone.eu\/cs\/wp-json\/wp\/v2\/types\/product"}],"wp:featuredmedia":[{"embeddable":true,"href":"https:\/\/glareone.eu\/cs\/wp-json\/wp\/v2\/media\/20701"}],"wp:attachment":[{"href":"https:\/\/glareone.eu\/cs\/wp-json\/wp\/v2\/media?parent=20700"}],"wp:term":[{"taxonomy":"product_brand","embeddable":true,"href":"https:\/\/glareone.eu\/cs\/wp-json\/wp\/v2\/product_brand?post=20700"},{"taxonomy":"product_cat","embeddable":true,"href":"https:\/\/glareone.eu\/cs\/wp-json\/wp\/v2\/product_cat?post=20700"},{"taxonomy":"product_tag","embeddable":true,"href":"https:\/\/glareone.eu\/cs\/wp-json\/wp\/v2\/product_tag?post=20700"}],"curies":[{"name":"wp","href":"https:\/\/api.w.org\/{rel}","templated":true}]}}