{"id":20666,"date":"2024-04-18T19:26:33","date_gmt":"2024-04-18T19:26:33","guid":{"rendered":"https:\/\/glareone.eu\/product\/glareone-spotlight-pro-20\/"},"modified":"2025-07-09T13:36:42","modified_gmt":"2025-07-09T13:36:42","slug":"glareone-spotlight-pro-20","status":"publish","type":"product","link":"https:\/\/glareone.eu\/cs\/produkt\/glareone-spotlight-pro-20\/","title":{"rendered":"GlareOne Spotlight PRO 20\u00b0 &#8211; strumienica projekcyjna"},"content":{"rendered":"<p><span style=\"font-weight: 400;\">GlareOne Spotlight PRO 20\u00b0 je profesion\u00e1ln\u00ed optick\u00fd snoot ur\u010den\u00fd pro LED sv\u011btla s maxim\u00e1ln\u00edm v\u00fdkonem 300 W a studiov\u00e9 blesky a\u017e do 1000 Ws. M\u00e1 objektiv s \u00fahlem 20 stup\u0148\u016f a \u010dty\u0159i vnit\u0159n\u00ed clony, kter\u00e9 umo\u017e\u0148uj\u00ed tvarovat sv\u011bteln\u00fd paprsek. Je vybaven sadou 5 barevn\u00fdch filtr\u016f, 16 gob a p\u0159epravn\u00ed ta\u0161kou.<\/span><\/p>\n<h3><b>Konstrukce<\/b><\/h3>\n<p><span style=\"font-weight: 400;\">T\u011blo Spotlight PRO je vyrobeno z hlin\u00edku a tepeln\u011b odoln\u00e9ho plastu, tak\u017ee je nejen odoln\u00e9, ale tak\u00e9 bezpe\u010dn\u00e9 p\u0159i pou\u017e\u00edv\u00e1n\u00ed. Ned\u00edlnou sou\u010d\u00e1st\u00ed pouzdra je hlin\u00edkov\u00fd tepeln\u00fd \u0161t\u00edt, kter\u00fd slou\u017e\u00ed tak\u00e9 jako chladi\u010d. Objektiv a r\u00e1m clonov\u00fdch lamel jsou vyrobeny z tepeln\u011b odoln\u00e9ho polyamidov\u00e9ho plastu, kter\u00fd umo\u017e\u0148uje pohodlnou pr\u00e1ci. Se za\u0159\u00edzen\u00edm Spotlight PRO m\u016f\u017eete pou\u017e\u00edvat 300 W LED sv\u011btla a 1000 Ws studiov\u00e9 blesky.<\/span><\/p>\n<h3><b>Kompatibilita<\/b><\/h3>\n<p><span style=\"font-weight: 400;\">Optick\u00e9 snooty se doporu\u010duj\u00ed pro pou\u017eit\u00ed s nep\u0159etr\u017eit\u00fdm sv\u011btlem. S LED sv\u011btly poskytuj\u00ed rovnom\u011brn\u011b prom\u00edtan\u00fd sv\u011bteln\u00fd obraz. Spotlight lze pou\u017e\u00edt tak\u00e9 s bleskov\u00fdmi sv\u011btly. Je v\u0161ak d\u016fle\u017eit\u00e9 v\u011bd\u011bt, \u017ee p\u0159i pou\u017eit\u00ed Spotlightu s bleskov\u00fdmi sv\u011btly, jako jsou Vega nebo Antares, m\u016f\u017ee b\u00fdt prom\u00edtan\u00fd kruh sv\u011btla v d\u016fsledku fyzick\u00e9 struktury bleskov\u00e9 trubice ve st\u0159edn\u00ed \u010d\u00e1sti m\u00edrn\u011b tmav\u0161\u00ed.<\/span><\/p>\n<h3><b>Objektiv<\/b><\/h3>\n<p><span style=\"font-weight: 400;\">Objektiv Spotlight PRO m\u00e1 rychlou clonu f\/1,8, d\u00edky kter\u00e9 je propustnost sv\u011btla velmi vysok\u00e1. Objektiv je optimalizov\u00e1n pro n\u00edzkou chromatickou aberaci, tak\u017ee m\u016f\u017eete dos\u00e1hnout velmi ostr\u00fdch a definovan\u00fdch okraj\u016f. D\u00edky clonov\u00fdm lamel\u00e1m a gob\u016fm m\u016f\u017eete sv\u00e9mu obrazu dodat jedine\u010dn\u00fd n\u00e1dech a atmosf\u00e9ru a tvarovat sv\u011btlo p\u0159esn\u011b podle sv\u00fdch p\u0159edstav. Krom\u011b toho je do p\u0159edn\u00ed \u010d\u00e1sti tubusu zabudov\u00e1n dr\u017e\u00e1k barevn\u00fdch gel\u016f (v dod\u00e1vce je 5 r\u016fzn\u00fdch gel\u016f).<\/span><\/p>\n<h3><b>Clonov\u00e9 lamely<\/b><\/h3>\n<p><span style=\"font-weight: 400;\">Ned\u00edlnou sou\u010d\u00e1st\u00ed Spotlight PRO je sada \u010dty\u0159 clonov\u00fdch lamel. Jsou ur\u010deny k p\u0159esn\u00e9mu nastaven\u00ed rozptylu sv\u011btla a umo\u017e\u0148uj\u00ed p\u0159esn\u011b osv\u011btlit pe\u010dliv\u011b vybran\u00e9 \u010d\u00e1sti obrazu. Clonov\u00e9 lamely lze pou\u017e\u00edt tak\u00e9 spole\u010dn\u011b s goby a barevn\u00fdmi gely.<\/span><\/p>\n<h3><b>Goby<\/b><\/h3>\n<p><span style=\"font-weight: 400;\">Spotlight PRO pou\u017e\u00edv\u00e1 standardn\u00ed goba velikosti M (pr\u016fm\u011br 66 mm) a je dod\u00e1v\u00e1n se sadou 16 gob a r\u00e1me\u010dkem, kter\u00fd umo\u017e\u0148uje rychl\u00e9 a snadn\u00e9 pou\u017eit\u00ed r\u016fzn\u00fdch sv\u011bteln\u00fdch efekt\u016f. Goba lze pou\u017e\u00edt sou\u010dasn\u011b s clonov\u00fdmi lamelami a dr\u017e\u00e1kem barevn\u00fdch gel\u016f.<\/span><\/p>\n<h3><b>Barvy<\/b><\/h3>\n<p><span style=\"font-weight: 400;\">Spotlight PRO se dod\u00e1v\u00e1 se sadou 5 z\u00e1kladn\u00edch barevn\u00fdch gel\u016f a speci\u00e1ln\u011b navr\u017een\u00fdm dr\u017e\u00e1kem, kter\u00fd umo\u017e\u0148uje jejich p\u0159ipevn\u011bn\u00ed k p\u0159edn\u00ed \u010d\u00e1sti objektivu.<\/span><\/p>\n<h3><b>Vlastnosti produktu:<\/b><\/h3>\n<ul>\n<li style=\"font-weight: 400;\" aria-level=\"1\"><span style=\"font-weight: 400;\">Ur\u010deno pro pou\u017eit\u00ed s bleskov\u00fdmi jednotkami (do 1000 Ws) a LED jednotkami s trval\u00fdm sv\u011btlem (do 300 W)*.<\/span><\/li>\n<li style=\"font-weight: 400;\" aria-level=\"1\"><span style=\"font-weight: 400;\">Vybaveno vysoce kvalitn\u00edm objektivem s vysokou sv\u011btelnost\u00ed f\/1,8 (T2).<\/span><\/li>\n<li style=\"font-weight: 400;\" aria-level=\"1\"><span style=\"font-weight: 400;\">Minim\u00e1ln\u00ed zaost\u0159ovac\u00ed vzd\u00e1lenost 120 cm.<\/span><\/li>\n<li style=\"font-weight: 400;\" aria-level=\"1\"><span style=\"font-weight: 400;\">Vybaven 4 \u010dty\u0159lamelovou clonou pro p\u0159esn\u00e9 ovl\u00e1d\u00e1n\u00ed sv\u011btla<\/span><\/li>\n<li style=\"font-weight: 400;\" aria-level=\"1\"><span style=\"font-weight: 400;\">16 gob a r\u00e1me\u010dek goba v balen\u00ed<\/span><\/li>\n<li style=\"font-weight: 400;\" aria-level=\"1\"><span style=\"font-weight: 400;\">Dod\u00e1v\u00e1no s 5 barevn\u00fdmi filtry a dr\u017e\u00e1kem<\/span><\/li>\n<li style=\"font-weight: 400;\" aria-level=\"1\"><span style=\"font-weight: 400;\">Kompatibiln\u00ed s bajonetem Bowens<\/span><\/li>\n<li style=\"font-weight: 400;\" aria-level=\"1\"><span style=\"font-weight: 400;\">Dod\u00e1v\u00e1no s praktick\u00fdm p\u0159enosn\u00fdm kuf\u0159\u00edkem<\/span><\/li>\n<\/ul>\n<h3><b>Obsah balen\u00ed:<\/b><\/h3>\n<p><span style=\"font-weight: 400;\">1x Spotlight PRO 20\u00b0<\/span><\/p>\n<p><span style=\"font-weight: 400;\">5x barevn\u00fd filtr<\/span><\/p>\n<p><span style=\"font-weight: 400;\">1x dr\u017e\u00e1k barevn\u00fdch filtr\u016f<\/span><\/p>\n<p><span style=\"font-weight: 400;\">16x gobo maska<\/span><\/p>\n<p><span style=\"font-weight: 400;\">1x kuf\u0159\u00edk<\/span><\/p>\n","protected":false},"excerpt":{"rendered":"<p>GlareOne Spotlight PRO 20\u00b0 je profesion\u00e1ln\u00ed optick\u00fd snoot ur\u010den\u00fd pro LED sv\u011btla s maxim\u00e1ln\u00edm v\u00fdkonem 300 W a studiov\u00e9 blesky a\u017e do 1000 Ws. M\u00e1 objektiv s \u00fahlem 20 stup\u0148\u016f a \u010dty\u0159i vnit\u0159n\u00ed clony, kter\u00e9 umo\u017e\u0148uj\u00ed tvarovat sv\u011bteln\u00fd paprsek. Je vybaven sadou 5 barevn\u00fdch filtr\u016f, 16 gob a p\u0159epravn\u00ed ta\u0161kou. Konstrukce T\u011blo Spotlight PRO je [&hellip;]<\/p>\n","protected":false},"featured_media":20667,"template":"","meta":[],"product_brand":[],"product_cat":[566],"product_tag":[],"class_list":{"0":"post-20666","1":"product","2":"type-product","3":"status-publish","4":"has-post-thumbnail","6":"product_cat-spotlight-pro-cs","8":"first","9":"instock","10":"product-type-simple"},"yoast_head":"<!-- This site is optimized with the Yoast SEO plugin v27.2 - https:\/\/yoast.com\/product\/yoast-seo-wordpress\/ -->\n<title>GlareOne Spotlight PRO 20\u00b0 - strumienica projekcyjna<\/title>\n<meta name=\"description\" content=\"GlareOne Spotlight PRO 20\u00b0 - strumienica projekcyjna\" \/>\n<meta name=\"robots\" content=\"index, follow, max-snippet:-1, max-image-preview:large, max-video-preview:-1\" \/>\n<link rel=\"canonical\" href=\"https:\/\/glareone.eu\/cs\/produkt\/glareone-spotlight-pro-20\/\" \/>\n<meta property=\"og:locale\" content=\"cs_CZ\" \/>\n<meta property=\"og:type\" content=\"article\" \/>\n<meta property=\"og:title\" content=\"GlareOne Spotlight PRO 20\u00b0 - strumienica projekcyjna\" \/>\n<meta property=\"og:description\" content=\"GlareOne Spotlight PRO 20\u00b0 - strumienica projekcyjna\" \/>\n<meta property=\"og:url\" content=\"https:\/\/glareone.eu\/cs\/produkt\/glareone-spotlight-pro-20\/\" \/>\n<meta property=\"og:site_name\" content=\"GlareOne\" \/>\n<meta property=\"article:publisher\" content=\"https:\/\/www.facebook.com\/GlareOneLighting\" \/>\n<meta property=\"article:modified_time\" content=\"2025-07-09T13:36:42+00:00\" \/>\n<meta property=\"og:image\" content=\"https:\/\/glareone.eu\/wp-content\/uploads\/2024\/04\/SSPOTLIGHTPRO20_01.jpg\" \/>\n\t<meta property=\"og:image:width\" content=\"1200\" \/>\n\t<meta property=\"og:image:height\" content=\"1200\" \/>\n\t<meta property=\"og:image:type\" content=\"image\/jpeg\" \/>\n<meta name=\"twitter:card\" content=\"summary_large_image\" \/>\n<meta name=\"twitter:title\" content=\"GlareOne Spotlight PRO 20\u00b0 - strumienica projekcyjna\" \/>\n<meta name=\"twitter:label1\" content=\"Odhadovan\u00e1 doba \u010dten\u00ed\" \/>\n\t<meta name=\"twitter:data1\" content=\"3 minuty\" \/>\n<script type=\"application\/ld+json\" class=\"yoast-schema-graph\">{\"@context\":\"https:\/\/schema.org\",\"@graph\":[{\"@type\":\"WebPage\",\"@id\":\"https:\/\/glareone.eu\/cs\/produkt\/glareone-spotlight-pro-20\/\",\"url\":\"https:\/\/glareone.eu\/cs\/produkt\/glareone-spotlight-pro-20\/\",\"name\":\"GlareOne Spotlight PRO 20\u00b0 - strumienica projekcyjna\",\"isPartOf\":{\"@id\":\"https:\/\/glareone.eu\/cs\/en\/#website\"},\"primaryImageOfPage\":{\"@id\":\"https:\/\/glareone.eu\/cs\/produkt\/glareone-spotlight-pro-20\/#primaryimage\"},\"image\":{\"@id\":\"https:\/\/glareone.eu\/cs\/produkt\/glareone-spotlight-pro-20\/#primaryimage\"},\"thumbnailUrl\":\"https:\/\/glareone.eu\/wp-content\/uploads\/2024\/04\/SSPOTLIGHTPRO20_01.jpg\",\"datePublished\":\"2024-04-18T19:26:33+00:00\",\"dateModified\":\"2025-07-09T13:36:42+00:00\",\"description\":\"GlareOne Spotlight PRO 20\u00b0 - strumienica projekcyjna\",\"breadcrumb\":{\"@id\":\"https:\/\/glareone.eu\/cs\/produkt\/glareone-spotlight-pro-20\/#breadcrumb\"},\"inLanguage\":\"cs\",\"potentialAction\":[{\"@type\":\"ReadAction\",\"target\":[\"https:\/\/glareone.eu\/cs\/produkt\/glareone-spotlight-pro-20\/\"]}]},{\"@type\":\"ImageObject\",\"inLanguage\":\"cs\",\"@id\":\"https:\/\/glareone.eu\/cs\/produkt\/glareone-spotlight-pro-20\/#primaryimage\",\"url\":\"https:\/\/glareone.eu\/wp-content\/uploads\/2024\/04\/SSPOTLIGHTPRO20_01.jpg\",\"contentUrl\":\"https:\/\/glareone.eu\/wp-content\/uploads\/2024\/04\/SSPOTLIGHTPRO20_01.jpg\",\"width\":1200,\"height\":1200},{\"@type\":\"BreadcrumbList\",\"@id\":\"https:\/\/glareone.eu\/cs\/produkt\/glareone-spotlight-pro-20\/#breadcrumb\",\"itemListElement\":[{\"@type\":\"ListItem\",\"position\":1,\"name\":\"Strona g\u0142\u00f3wna\",\"item\":\"https:\/\/glareone.eu\/cs\/\"},{\"@type\":\"ListItem\",\"position\":2,\"name\":\"V\u0161echny produkty\",\"item\":\"https:\/\/glareone.eu\/cs\/produkty\/vsechny-produkty\/\"},{\"@type\":\"ListItem\",\"position\":3,\"name\":\"GlareOne Spotlight PRO 20\u00b0 &#8211; strumienica projekcyjna\"}]},{\"@type\":\"WebSite\",\"@id\":\"https:\/\/glareone.eu\/cs\/en\/#website\",\"url\":\"https:\/\/glareone.eu\/cs\/en\/\",\"name\":\"GlareOne\",\"description\":\"Wyposa\u017cenie Studia\",\"publisher\":{\"@id\":\"https:\/\/glareone.eu\/cs\/en\/#organization\"},\"potentialAction\":[{\"@type\":\"SearchAction\",\"target\":{\"@type\":\"EntryPoint\",\"urlTemplate\":\"https:\/\/glareone.eu\/cs\/en\/?s={search_term_string}\"},\"query-input\":{\"@type\":\"PropertyValueSpecification\",\"valueRequired\":true,\"valueName\":\"search_term_string\"}}],\"inLanguage\":\"cs\"},{\"@type\":\"Organization\",\"@id\":\"https:\/\/glareone.eu\/cs\/en\/#organization\",\"name\":\"GlareOne\",\"url\":\"https:\/\/glareone.eu\/cs\/en\/\",\"logo\":{\"@type\":\"ImageObject\",\"inLanguage\":\"cs\",\"@id\":\"https:\/\/glareone.eu\/cs\/en\/#\/schema\/logo\/image\/\",\"url\":\"http:\/\/glareone.eu\/wp-content\/uploads\/2024\/05\/glareone_logo2020_RGB-01-e1715773127189.png\",\"contentUrl\":\"http:\/\/glareone.eu\/wp-content\/uploads\/2024\/05\/glareone_logo2020_RGB-01-e1715773127189.png\",\"width\":1270,\"height\":321,\"caption\":\"GlareOne\"},\"image\":{\"@id\":\"https:\/\/glareone.eu\/cs\/en\/#\/schema\/logo\/image\/\"},\"sameAs\":[\"https:\/\/www.facebook.com\/GlareOneLighting\",\"https:\/\/www.instagram.com\/glareonelighting\/\",\"https:\/\/www.youtube.com\/@GlareOneTV\"]}]}<\/script>\n<!-- \/ Yoast SEO plugin. -->","yoast_head_json":{"title":"GlareOne Spotlight PRO 20\u00b0 - strumienica projekcyjna","description":"GlareOne Spotlight PRO 20\u00b0 - strumienica projekcyjna","robots":{"index":"index","follow":"follow","max-snippet":"max-snippet:-1","max-image-preview":"max-image-preview:large","max-video-preview":"max-video-preview:-1"},"canonical":"https:\/\/glareone.eu\/cs\/produkt\/glareone-spotlight-pro-20\/","og_locale":"cs_CZ","og_type":"article","og_title":"GlareOne Spotlight PRO 20\u00b0 - strumienica projekcyjna","og_description":"GlareOne Spotlight PRO 20\u00b0 - strumienica projekcyjna","og_url":"https:\/\/glareone.eu\/cs\/produkt\/glareone-spotlight-pro-20\/","og_site_name":"GlareOne","article_publisher":"https:\/\/www.facebook.com\/GlareOneLighting","article_modified_time":"2025-07-09T13:36:42+00:00","og_image":[{"width":1200,"height":1200,"url":"https:\/\/glareone.eu\/wp-content\/uploads\/2024\/04\/SSPOTLIGHTPRO20_01.jpg","type":"image\/jpeg"}],"twitter_card":"summary_large_image","twitter_title":"GlareOne Spotlight PRO 20\u00b0 - strumienica projekcyjna","twitter_misc":{"Odhadovan\u00e1 doba \u010dten\u00ed":"3 minuty"},"schema":{"@context":"https:\/\/schema.org","@graph":[{"@type":"WebPage","@id":"https:\/\/glareone.eu\/cs\/produkt\/glareone-spotlight-pro-20\/","url":"https:\/\/glareone.eu\/cs\/produkt\/glareone-spotlight-pro-20\/","name":"GlareOne Spotlight PRO 20\u00b0 - strumienica projekcyjna","isPartOf":{"@id":"https:\/\/glareone.eu\/cs\/en\/#website"},"primaryImageOfPage":{"@id":"https:\/\/glareone.eu\/cs\/produkt\/glareone-spotlight-pro-20\/#primaryimage"},"image":{"@id":"https:\/\/glareone.eu\/cs\/produkt\/glareone-spotlight-pro-20\/#primaryimage"},"thumbnailUrl":"https:\/\/glareone.eu\/wp-content\/uploads\/2024\/04\/SSPOTLIGHTPRO20_01.jpg","datePublished":"2024-04-18T19:26:33+00:00","dateModified":"2025-07-09T13:36:42+00:00","description":"GlareOne Spotlight PRO 20\u00b0 - strumienica projekcyjna","breadcrumb":{"@id":"https:\/\/glareone.eu\/cs\/produkt\/glareone-spotlight-pro-20\/#breadcrumb"},"inLanguage":"cs","potentialAction":[{"@type":"ReadAction","target":["https:\/\/glareone.eu\/cs\/produkt\/glareone-spotlight-pro-20\/"]}]},{"@type":"ImageObject","inLanguage":"cs","@id":"https:\/\/glareone.eu\/cs\/produkt\/glareone-spotlight-pro-20\/#primaryimage","url":"https:\/\/glareone.eu\/wp-content\/uploads\/2024\/04\/SSPOTLIGHTPRO20_01.jpg","contentUrl":"https:\/\/glareone.eu\/wp-content\/uploads\/2024\/04\/SSPOTLIGHTPRO20_01.jpg","width":1200,"height":1200},{"@type":"BreadcrumbList","@id":"https:\/\/glareone.eu\/cs\/produkt\/glareone-spotlight-pro-20\/#breadcrumb","itemListElement":[{"@type":"ListItem","position":1,"name":"Strona g\u0142\u00f3wna","item":"https:\/\/glareone.eu\/cs\/"},{"@type":"ListItem","position":2,"name":"V\u0161echny produkty","item":"https:\/\/glareone.eu\/cs\/produkty\/vsechny-produkty\/"},{"@type":"ListItem","position":3,"name":"GlareOne Spotlight PRO 20\u00b0 &#8211; strumienica projekcyjna"}]},{"@type":"WebSite","@id":"https:\/\/glareone.eu\/cs\/en\/#website","url":"https:\/\/glareone.eu\/cs\/en\/","name":"GlareOne","description":"Wyposa\u017cenie Studia","publisher":{"@id":"https:\/\/glareone.eu\/cs\/en\/#organization"},"potentialAction":[{"@type":"SearchAction","target":{"@type":"EntryPoint","urlTemplate":"https:\/\/glareone.eu\/cs\/en\/?s={search_term_string}"},"query-input":{"@type":"PropertyValueSpecification","valueRequired":true,"valueName":"search_term_string"}}],"inLanguage":"cs"},{"@type":"Organization","@id":"https:\/\/glareone.eu\/cs\/en\/#organization","name":"GlareOne","url":"https:\/\/glareone.eu\/cs\/en\/","logo":{"@type":"ImageObject","inLanguage":"cs","@id":"https:\/\/glareone.eu\/cs\/en\/#\/schema\/logo\/image\/","url":"http:\/\/glareone.eu\/wp-content\/uploads\/2024\/05\/glareone_logo2020_RGB-01-e1715773127189.png","contentUrl":"http:\/\/glareone.eu\/wp-content\/uploads\/2024\/05\/glareone_logo2020_RGB-01-e1715773127189.png","width":1270,"height":321,"caption":"GlareOne"},"image":{"@id":"https:\/\/glareone.eu\/cs\/en\/#\/schema\/logo\/image\/"},"sameAs":["https:\/\/www.facebook.com\/GlareOneLighting","https:\/\/www.instagram.com\/glareonelighting\/","https:\/\/www.youtube.com\/@GlareOneTV"]}]}},"_links":{"self":[{"href":"https:\/\/glareone.eu\/cs\/wp-json\/wp\/v2\/product\/20666","targetHints":{"allow":["GET"]}}],"collection":[{"href":"https:\/\/glareone.eu\/cs\/wp-json\/wp\/v2\/product"}],"about":[{"href":"https:\/\/glareone.eu\/cs\/wp-json\/wp\/v2\/types\/product"}],"wp:featuredmedia":[{"embeddable":true,"href":"https:\/\/glareone.eu\/cs\/wp-json\/wp\/v2\/media\/20667"}],"wp:attachment":[{"href":"https:\/\/glareone.eu\/cs\/wp-json\/wp\/v2\/media?parent=20666"}],"wp:term":[{"taxonomy":"product_brand","embeddable":true,"href":"https:\/\/glareone.eu\/cs\/wp-json\/wp\/v2\/product_brand?post=20666"},{"taxonomy":"product_cat","embeddable":true,"href":"https:\/\/glareone.eu\/cs\/wp-json\/wp\/v2\/product_cat?post=20666"},{"taxonomy":"product_tag","embeddable":true,"href":"https:\/\/glareone.eu\/cs\/wp-json\/wp\/v2\/product_tag?post=20666"}],"curies":[{"name":"wp","href":"https:\/\/api.w.org\/{rel}","templated":true}]}}