{"id":20638,"date":"2024-04-18T19:26:33","date_gmt":"2024-04-18T19:26:33","guid":{"rendered":"https:\/\/glareone.eu\/product\/glareone-beauty-dish-softbox-85-pro\/"},"modified":"2025-07-09T13:19:40","modified_gmt":"2025-07-09T13:19:40","slug":"glareone-beauty-dish-softbox-85-pro","status":"publish","type":"product","link":"https:\/\/glareone.eu\/cs\/produkt\/glareone-beauty-dish-softbox-85-pro\/","title":{"rendered":"GlareOne Beauty Dish Softbox 85 PRO"},"content":{"rendered":"<p><span style=\"font-weight: 400;\">Skl\u00e1dac\u00ed beauty dish se st\u0159\u00edbrn\u00fdm reflektorem, pr\u016fm\u011br 85 cm, vybaven\u00fd difuz\u00e9rem, mechanismem Easy Fold II pro rychl\u00e9 slo\u017een\u00ed a p\u0159epravn\u00ed ta\u0161kou.<\/span><\/p>\n<h3><b>Univerz\u00e1ln\u00ed<\/b><\/h3>\n<p><span style=\"font-weight: 400;\">Beauty Dish Softbox je univerz\u00e1ln\u00ed n\u00e1stroj \u2013 skute\u010dn\u00fd \u0161v\u00fdcarsk\u00fd arm\u00e1dn\u00ed n\u016f\u017e \u2013 kter\u00fd lze pou\u017e\u00edt mnoha zp\u016fsoby:<\/span><\/p>\n<ul>\n<li style=\"font-weight: 400;\" aria-level=\"1\"><span style=\"font-weight: 400;\">Jako reflektor \u2013 v z\u00e1kladn\u00ed verzi bez p\u0159ipojen\u00e9ho difuz\u00e9ru a centr\u00e1ln\u00edho deflektoru lze pou\u017e\u00edt jako \u0161iroko\u00fahl\u00fd reflektor poskytuj\u00edc\u00ed ostr\u00e9 sv\u011btlo.<\/span><\/li>\n<li style=\"font-weight: 400;\" aria-level=\"1\"><span style=\"font-weight: 400;\">Jako beauty dish \u2013 p\u0159i pou\u017eit\u00ed centr\u00e1ln\u00edho deflektoru (ale bez p\u0159ipojen\u00e9ho difuz\u00e9ru) m\u016f\u017ee nahradit klasick\u00fd pevn\u00fd reflektor beauty dish, kter\u00fd poskytuje sv\u011btlo mezi m\u011bkk\u00fdm a ostr\u00fdm.<\/span><\/li>\n<li style=\"font-weight: 400;\" aria-level=\"1\"><span style=\"font-weight: 400;\">Jako softbox \u2013 pokud pot\u0159ebujete velmi m\u011bkk\u00e9 sv\u011btlo, sta\u010d\u00ed p\u0159ipojit difuz\u00e9r a z\u00edsk\u00e1te plnohodnotn\u00fd softbox o pr\u016fm\u011bru 85 cm, kter\u00fd je ide\u00e1ln\u00ed pro portr\u00e9ty.<\/span><\/li>\n<\/ul>\n<h3><b>Snadn\u00e9 pou\u017eit\u00ed<\/b><\/h3>\n<p><span style=\"font-weight: 400;\">Softbox Beauty-dish je zalo\u017een na r\u00e1mu Easy Fold II, kter\u00fd umo\u017e\u0148uje rychl\u00e9 a snadn\u00e9 slo\u017een\u00ed a rozlo\u017een\u00ed. Nav\u00edc je vybaven such\u00fdm zipem, kter\u00fd umo\u017e\u0148uje pou\u017eit\u00ed vo\u0161tinov\u00e9 m\u0159\u00ed\u017eky, co\u017e je u\u017eite\u010dn\u00e9, kdy\u017e pot\u0159ebujete s velkou p\u0159esnost\u00ed ovl\u00e1dat sv\u011btlo na sc\u00e9n\u011b.<\/span><\/p>\n<h3><b>Praktick\u00fd<\/b><\/h3>\n<p><span style=\"font-weight: 400;\">Tvar softboxu je navr\u017een tak, aby umo\u017e\u0148oval rovnom\u011brn\u00e9 osv\u011btlen\u00ed sc\u00e9ny a z\u00e1rove\u0148 zaji\u0161\u0165oval snadnou pr\u00e1ci i v omezen\u00e9m prostoru. D\u00edky sv\u00e9 m\u011blk\u00e9 konstrukci lze softbox Beauty-dish snadno zav\u011bsit na stativ s ramenem nebo pou\u017e\u00edt v omezen\u00e9m prostoru. Dod\u00e1van\u00e9 pouzdro usnad\u0148uje p\u0159epravu a skladov\u00e1n\u00ed softboxu.<\/span><\/p>\n<h3><b>Sofistikovan\u00fd<\/b><\/h3>\n<p><span style=\"font-weight: 400;\">Kryt softboxu je vyroben z velmi lehk\u00e9ho, ale odoln\u00e9ho nylonu 300D ripstop. Pou\u017eit\u00ed ripstopov\u00e9 vazby zvy\u0161uje odolnost materi\u00e1lu proti roztr\u017een\u00ed a z\u00e1rove\u0148 zachov\u00e1v\u00e1 relativn\u011b n\u00edzkou hmotnost. Difuzory jsou vyrobeny ze stejn\u00e9ho materi\u00e1lu s ni\u017e\u0161\u00ed hustotou (190D). Reflexn\u00ed s\u00ed\u0165 je laminov\u00e1na na kryc\u00ed materi\u00e1l, co\u017e zaji\u0161\u0165uje dlouhou \u017eivotnost a sni\u017euje propustnost sv\u011btla. V\u0161echny materi\u00e1ly jsou vybr\u00e1ny tak, aby byla zachov\u00e1na jejich barevn\u00e1 neutralita, co\u017e vede k softboxu, kter\u00fd nem\u00e1 nep\u0159\u00edzniv\u00fd vliv na kvalitu sv\u011btla z lampy. Mont\u00e1\u017en\u00ed krou\u017eek a mechanismus Easy Fold II jsou vyrobeny z eloxovan\u00e9ho hlin\u00edku, zat\u00edmco r\u00e1mov\u00e9 ty\u010de jsou ocelov\u00e9.<\/span><\/p>\n<h3><b>Vlastnosti produktu:<\/b><\/h3>\n<ul>\n<li style=\"font-weight: 400;\" aria-level=\"1\"><span style=\"font-weight: 400;\">Ide\u00e1ln\u00ed pro osv\u011btlen\u00ed portr\u00e9t\u016f \u2013 zejm\u00e9na portr\u00e9t\u016f typu beauty<\/span><\/li>\n<li style=\"font-weight: 400;\" aria-level=\"1\"><span style=\"font-weight: 400;\">Lze pou\u017e\u00edt jako beauty dish, reflektor nebo softbox<\/span><\/li>\n<li style=\"font-weight: 400;\" aria-level=\"1\"><span style=\"font-weight: 400;\">Poskytuje \u0161irok\u00e9 spektrum sv\u011btla od m\u011bkk\u00e9ho po ostr\u00e9<\/span><\/li>\n<li style=\"font-weight: 400;\" aria-level=\"1\"><span style=\"font-weight: 400;\">Rychl\u00e1 a snadn\u00e1 instalace<\/span><\/li>\n<li style=\"font-weight: 400;\" aria-level=\"1\"><span style=\"font-weight: 400;\">M\u00e1 centr\u00e1ln\u00ed deflektor a odn\u00edmateln\u00fd difuz\u00e9r<\/span><\/li>\n<li style=\"font-weight: 400;\" aria-level=\"1\"><span style=\"font-weight: 400;\">Lze doplnit o vo\u0161tinovou m\u0159\u00ed\u017eku<\/span><\/li>\n<li style=\"font-weight: 400;\" aria-level=\"1\"><span style=\"font-weight: 400;\">M\u00e1 m\u011blk\u00fd (sf\u00e9rick\u00fd) profil<\/span><\/li>\n<li style=\"font-weight: 400;\" aria-level=\"1\"><span style=\"font-weight: 400;\">Je vyroben z vysoce kvalitn\u00edch materi\u00e1l\u016f<\/span><\/li>\n<li style=\"font-weight: 400;\" aria-level=\"1\"><span style=\"font-weight: 400;\">Dod\u00e1v\u00e1 se v praktick\u00e9m p\u0159enosn\u00e9m kuf\u0159\u00edku<\/span><\/li>\n<\/ul>\n","protected":false},"excerpt":{"rendered":"<p>Skl\u00e1dac\u00ed beauty dish se st\u0159\u00edbrn\u00fdm reflektorem, pr\u016fm\u011br 85 cm, vybaven\u00fd difuz\u00e9rem, mechanismem Easy Fold II pro rychl\u00e9 slo\u017een\u00ed a p\u0159epravn\u00ed ta\u0161kou. Univerz\u00e1ln\u00ed Beauty Dish Softbox je univerz\u00e1ln\u00ed n\u00e1stroj \u2013 skute\u010dn\u00fd \u0161v\u00fdcarsk\u00fd arm\u00e1dn\u00ed n\u016f\u017e \u2013 kter\u00fd lze pou\u017e\u00edt mnoha zp\u016fsoby: Jako reflektor \u2013 v z\u00e1kladn\u00ed verzi bez p\u0159ipojen\u00e9ho difuz\u00e9ru a centr\u00e1ln\u00edho deflektoru lze pou\u017e\u00edt jako \u0161iroko\u00fahl\u00fd [&hellip;]<\/p>\n","protected":false},"featured_media":20639,"template":"","meta":[],"product_brand":[],"product_cat":[561],"product_tag":[],"class_list":{"0":"post-20638","1":"product","2":"type-product","3":"status-publish","4":"has-post-thumbnail","6":"product_cat-pro-cs","8":"first","9":"instock","10":"product-type-simple"},"yoast_head":"<!-- This site is optimized with the Yoast SEO plugin v27.2 - https:\/\/yoast.com\/product\/yoast-seo-wordpress\/ -->\n<title>GlareOne Beauty Dish Softbox 85 PRO<\/title>\n<meta name=\"description\" content=\"GlareOne Beauty Dish Softbox 85 PRO\" \/>\n<meta name=\"robots\" content=\"index, follow, max-snippet:-1, max-image-preview:large, max-video-preview:-1\" \/>\n<link rel=\"canonical\" href=\"https:\/\/glareone.eu\/cs\/produkt\/glareone-beauty-dish-softbox-85-pro\/\" \/>\n<meta property=\"og:locale\" content=\"cs_CZ\" \/>\n<meta property=\"og:type\" content=\"article\" \/>\n<meta property=\"og:title\" content=\"GlareOne Beauty Dish Softbox 85 PRO\" \/>\n<meta property=\"og:description\" content=\"GlareOne Beauty Dish Softbox 85 PRO\" \/>\n<meta property=\"og:url\" content=\"https:\/\/glareone.eu\/cs\/produkt\/glareone-beauty-dish-softbox-85-pro\/\" \/>\n<meta property=\"og:site_name\" content=\"GlareOne\" \/>\n<meta property=\"article:publisher\" content=\"https:\/\/www.facebook.com\/GlareOneLighting\" \/>\n<meta property=\"article:modified_time\" content=\"2025-07-09T13:19:40+00:00\" \/>\n<meta property=\"og:image\" content=\"https:\/\/glareone.eu\/wp-content\/uploads\/2024\/04\/SOFTPRO85BD_01.jpg\" \/>\n\t<meta property=\"og:image:width\" content=\"1200\" \/>\n\t<meta property=\"og:image:height\" content=\"1200\" \/>\n\t<meta property=\"og:image:type\" content=\"image\/jpeg\" \/>\n<meta name=\"twitter:card\" content=\"summary_large_image\" \/>\n<meta name=\"twitter:title\" content=\"GlareOne Beauty Dish Softbox 85 PRO\" \/>\n<meta name=\"twitter:label1\" content=\"Odhadovan\u00e1 doba \u010dten\u00ed\" \/>\n\t<meta name=\"twitter:data1\" content=\"2 minuty\" \/>\n<script type=\"application\/ld+json\" class=\"yoast-schema-graph\">{\"@context\":\"https:\/\/schema.org\",\"@graph\":[{\"@type\":\"WebPage\",\"@id\":\"https:\/\/glareone.eu\/cs\/produkt\/glareone-beauty-dish-softbox-85-pro\/\",\"url\":\"https:\/\/glareone.eu\/cs\/produkt\/glareone-beauty-dish-softbox-85-pro\/\",\"name\":\"GlareOne Beauty Dish Softbox 85 PRO\",\"isPartOf\":{\"@id\":\"https:\/\/glareone.eu\/cs\/en\/#website\"},\"primaryImageOfPage\":{\"@id\":\"https:\/\/glareone.eu\/cs\/produkt\/glareone-beauty-dish-softbox-85-pro\/#primaryimage\"},\"image\":{\"@id\":\"https:\/\/glareone.eu\/cs\/produkt\/glareone-beauty-dish-softbox-85-pro\/#primaryimage\"},\"thumbnailUrl\":\"https:\/\/glareone.eu\/wp-content\/uploads\/2024\/04\/SOFTPRO85BD_01.jpg\",\"datePublished\":\"2024-04-18T19:26:33+00:00\",\"dateModified\":\"2025-07-09T13:19:40+00:00\",\"description\":\"GlareOne Beauty Dish Softbox 85 PRO\",\"breadcrumb\":{\"@id\":\"https:\/\/glareone.eu\/cs\/produkt\/glareone-beauty-dish-softbox-85-pro\/#breadcrumb\"},\"inLanguage\":\"cs\",\"potentialAction\":[{\"@type\":\"ReadAction\",\"target\":[\"https:\/\/glareone.eu\/cs\/produkt\/glareone-beauty-dish-softbox-85-pro\/\"]}]},{\"@type\":\"ImageObject\",\"inLanguage\":\"cs\",\"@id\":\"https:\/\/glareone.eu\/cs\/produkt\/glareone-beauty-dish-softbox-85-pro\/#primaryimage\",\"url\":\"https:\/\/glareone.eu\/wp-content\/uploads\/2024\/04\/SOFTPRO85BD_01.jpg\",\"contentUrl\":\"https:\/\/glareone.eu\/wp-content\/uploads\/2024\/04\/SOFTPRO85BD_01.jpg\",\"width\":1200,\"height\":1200},{\"@type\":\"BreadcrumbList\",\"@id\":\"https:\/\/glareone.eu\/cs\/produkt\/glareone-beauty-dish-softbox-85-pro\/#breadcrumb\",\"itemListElement\":[{\"@type\":\"ListItem\",\"position\":1,\"name\":\"Strona g\u0142\u00f3wna\",\"item\":\"https:\/\/glareone.eu\/cs\/\"},{\"@type\":\"ListItem\",\"position\":2,\"name\":\"V\u0161echny produkty\",\"item\":\"https:\/\/glareone.eu\/cs\/produkty\/vsechny-produkty\/\"},{\"@type\":\"ListItem\",\"position\":3,\"name\":\"GlareOne Beauty Dish Softbox 85 PRO\"}]},{\"@type\":\"WebSite\",\"@id\":\"https:\/\/glareone.eu\/cs\/en\/#website\",\"url\":\"https:\/\/glareone.eu\/cs\/en\/\",\"name\":\"GlareOne\",\"description\":\"Wyposa\u017cenie Studia\",\"publisher\":{\"@id\":\"https:\/\/glareone.eu\/cs\/en\/#organization\"},\"potentialAction\":[{\"@type\":\"SearchAction\",\"target\":{\"@type\":\"EntryPoint\",\"urlTemplate\":\"https:\/\/glareone.eu\/cs\/en\/?s={search_term_string}\"},\"query-input\":{\"@type\":\"PropertyValueSpecification\",\"valueRequired\":true,\"valueName\":\"search_term_string\"}}],\"inLanguage\":\"cs\"},{\"@type\":\"Organization\",\"@id\":\"https:\/\/glareone.eu\/cs\/en\/#organization\",\"name\":\"GlareOne\",\"url\":\"https:\/\/glareone.eu\/cs\/en\/\",\"logo\":{\"@type\":\"ImageObject\",\"inLanguage\":\"cs\",\"@id\":\"https:\/\/glareone.eu\/cs\/en\/#\/schema\/logo\/image\/\",\"url\":\"http:\/\/glareone.eu\/wp-content\/uploads\/2024\/05\/glareone_logo2020_RGB-01-e1715773127189.png\",\"contentUrl\":\"http:\/\/glareone.eu\/wp-content\/uploads\/2024\/05\/glareone_logo2020_RGB-01-e1715773127189.png\",\"width\":1270,\"height\":321,\"caption\":\"GlareOne\"},\"image\":{\"@id\":\"https:\/\/glareone.eu\/cs\/en\/#\/schema\/logo\/image\/\"},\"sameAs\":[\"https:\/\/www.facebook.com\/GlareOneLighting\",\"https:\/\/www.instagram.com\/glareonelighting\/\",\"https:\/\/www.youtube.com\/@GlareOneTV\"]}]}<\/script>\n<!-- \/ Yoast SEO plugin. -->","yoast_head_json":{"title":"GlareOne Beauty Dish Softbox 85 PRO","description":"GlareOne Beauty Dish Softbox 85 PRO","robots":{"index":"index","follow":"follow","max-snippet":"max-snippet:-1","max-image-preview":"max-image-preview:large","max-video-preview":"max-video-preview:-1"},"canonical":"https:\/\/glareone.eu\/cs\/produkt\/glareone-beauty-dish-softbox-85-pro\/","og_locale":"cs_CZ","og_type":"article","og_title":"GlareOne Beauty Dish Softbox 85 PRO","og_description":"GlareOne Beauty Dish Softbox 85 PRO","og_url":"https:\/\/glareone.eu\/cs\/produkt\/glareone-beauty-dish-softbox-85-pro\/","og_site_name":"GlareOne","article_publisher":"https:\/\/www.facebook.com\/GlareOneLighting","article_modified_time":"2025-07-09T13:19:40+00:00","og_image":[{"width":1200,"height":1200,"url":"https:\/\/glareone.eu\/wp-content\/uploads\/2024\/04\/SOFTPRO85BD_01.jpg","type":"image\/jpeg"}],"twitter_card":"summary_large_image","twitter_title":"GlareOne Beauty Dish Softbox 85 PRO","twitter_misc":{"Odhadovan\u00e1 doba \u010dten\u00ed":"2 minuty"},"schema":{"@context":"https:\/\/schema.org","@graph":[{"@type":"WebPage","@id":"https:\/\/glareone.eu\/cs\/produkt\/glareone-beauty-dish-softbox-85-pro\/","url":"https:\/\/glareone.eu\/cs\/produkt\/glareone-beauty-dish-softbox-85-pro\/","name":"GlareOne Beauty Dish Softbox 85 PRO","isPartOf":{"@id":"https:\/\/glareone.eu\/cs\/en\/#website"},"primaryImageOfPage":{"@id":"https:\/\/glareone.eu\/cs\/produkt\/glareone-beauty-dish-softbox-85-pro\/#primaryimage"},"image":{"@id":"https:\/\/glareone.eu\/cs\/produkt\/glareone-beauty-dish-softbox-85-pro\/#primaryimage"},"thumbnailUrl":"https:\/\/glareone.eu\/wp-content\/uploads\/2024\/04\/SOFTPRO85BD_01.jpg","datePublished":"2024-04-18T19:26:33+00:00","dateModified":"2025-07-09T13:19:40+00:00","description":"GlareOne Beauty Dish Softbox 85 PRO","breadcrumb":{"@id":"https:\/\/glareone.eu\/cs\/produkt\/glareone-beauty-dish-softbox-85-pro\/#breadcrumb"},"inLanguage":"cs","potentialAction":[{"@type":"ReadAction","target":["https:\/\/glareone.eu\/cs\/produkt\/glareone-beauty-dish-softbox-85-pro\/"]}]},{"@type":"ImageObject","inLanguage":"cs","@id":"https:\/\/glareone.eu\/cs\/produkt\/glareone-beauty-dish-softbox-85-pro\/#primaryimage","url":"https:\/\/glareone.eu\/wp-content\/uploads\/2024\/04\/SOFTPRO85BD_01.jpg","contentUrl":"https:\/\/glareone.eu\/wp-content\/uploads\/2024\/04\/SOFTPRO85BD_01.jpg","width":1200,"height":1200},{"@type":"BreadcrumbList","@id":"https:\/\/glareone.eu\/cs\/produkt\/glareone-beauty-dish-softbox-85-pro\/#breadcrumb","itemListElement":[{"@type":"ListItem","position":1,"name":"Strona g\u0142\u00f3wna","item":"https:\/\/glareone.eu\/cs\/"},{"@type":"ListItem","position":2,"name":"V\u0161echny produkty","item":"https:\/\/glareone.eu\/cs\/produkty\/vsechny-produkty\/"},{"@type":"ListItem","position":3,"name":"GlareOne Beauty Dish Softbox 85 PRO"}]},{"@type":"WebSite","@id":"https:\/\/glareone.eu\/cs\/en\/#website","url":"https:\/\/glareone.eu\/cs\/en\/","name":"GlareOne","description":"Wyposa\u017cenie Studia","publisher":{"@id":"https:\/\/glareone.eu\/cs\/en\/#organization"},"potentialAction":[{"@type":"SearchAction","target":{"@type":"EntryPoint","urlTemplate":"https:\/\/glareone.eu\/cs\/en\/?s={search_term_string}"},"query-input":{"@type":"PropertyValueSpecification","valueRequired":true,"valueName":"search_term_string"}}],"inLanguage":"cs"},{"@type":"Organization","@id":"https:\/\/glareone.eu\/cs\/en\/#organization","name":"GlareOne","url":"https:\/\/glareone.eu\/cs\/en\/","logo":{"@type":"ImageObject","inLanguage":"cs","@id":"https:\/\/glareone.eu\/cs\/en\/#\/schema\/logo\/image\/","url":"http:\/\/glareone.eu\/wp-content\/uploads\/2024\/05\/glareone_logo2020_RGB-01-e1715773127189.png","contentUrl":"http:\/\/glareone.eu\/wp-content\/uploads\/2024\/05\/glareone_logo2020_RGB-01-e1715773127189.png","width":1270,"height":321,"caption":"GlareOne"},"image":{"@id":"https:\/\/glareone.eu\/cs\/en\/#\/schema\/logo\/image\/"},"sameAs":["https:\/\/www.facebook.com\/GlareOneLighting","https:\/\/www.instagram.com\/glareonelighting\/","https:\/\/www.youtube.com\/@GlareOneTV"]}]}},"_links":{"self":[{"href":"https:\/\/glareone.eu\/cs\/wp-json\/wp\/v2\/product\/20638","targetHints":{"allow":["GET"]}}],"collection":[{"href":"https:\/\/glareone.eu\/cs\/wp-json\/wp\/v2\/product"}],"about":[{"href":"https:\/\/glareone.eu\/cs\/wp-json\/wp\/v2\/types\/product"}],"wp:featuredmedia":[{"embeddable":true,"href":"https:\/\/glareone.eu\/cs\/wp-json\/wp\/v2\/media\/20639"}],"wp:attachment":[{"href":"https:\/\/glareone.eu\/cs\/wp-json\/wp\/v2\/media?parent=20638"}],"wp:term":[{"taxonomy":"product_brand","embeddable":true,"href":"https:\/\/glareone.eu\/cs\/wp-json\/wp\/v2\/product_brand?post=20638"},{"taxonomy":"product_cat","embeddable":true,"href":"https:\/\/glareone.eu\/cs\/wp-json\/wp\/v2\/product_cat?post=20638"},{"taxonomy":"product_tag","embeddable":true,"href":"https:\/\/glareone.eu\/cs\/wp-json\/wp\/v2\/product_tag?post=20638"}],"curies":[{"name":"wp","href":"https:\/\/api.w.org\/{rel}","templated":true}]}}