{"id":20619,"date":"2024-04-18T19:26:33","date_gmt":"2024-04-18T19:26:33","guid":{"rendered":"https:\/\/glareone.eu\/product\/glareone-led-panel-10-rgb\/"},"modified":"2025-07-09T13:14:50","modified_gmt":"2025-07-09T13:14:50","slug":"glareone-led-panel-10-rgb","status":"publish","type":"product","link":"https:\/\/glareone.eu\/cs\/produkt\/glareone-led-panel-10-rgb\/","title":{"rendered":"GlareOne LED Panel 10 RGB"},"content":{"rendered":"<p>10W kapesn\u00ed LED panel, kter\u00fd umo\u017e\u0148uje nastavit barvu sv\u011btla v rozsahu RGB (s 360 odst\u00edny), barevnou teplotu od 2 700 do 10 000 K a poskytuje vysoce kvalitn\u00ed reprodukci barev (CRI &gt;96, TLCI &gt;98). Je to ide\u00e1ln\u00ed osv\u011btlen\u00ed pro vlogov\u00e1n\u00ed, videop\u0159enosy nebo fotografov\u00e1n\u00ed.<\/p>\n<h3>Snadn\u00e9 pou\u017eit\u00ed<\/h3>\n<p>Panel GlareOne je lampa s pevn\u00fdm sv\u011btlem, tak\u017ee m\u00e1 mnoho mo\u017enost\u00ed praktick\u00e9ho pou\u017eit\u00ed. Nen\u00ed t\u0159eba pou\u017e\u00edvat dal\u0161\u00ed, \u010dasto drah\u00e9 expozimetry k jemn\u00e9mu dolad\u011bn\u00ed expozi\u010dn\u00edch parametr\u016f. S LED panelem GlareOne 10 RGB fotoapar\u00e1t automaticky m\u011b\u0159\u00ed sv\u011btlo a upravuje expozici, co\u017e velmi zjednodu\u0161uje proces komponov\u00e1n\u00ed a vytv\u00e1\u0159en\u00ed osv\u011btlen\u00ed. Je\u0161t\u011b p\u0159ed stisknut\u00edm spou\u0161t\u011b m\u016f\u017eeme vid\u011bt, jak bude fotografie vypadat.<\/p>\n<h3>Multifunk\u010dnost<\/h3>\n<p>Mo\u017enosti pou\u017eit\u00ed tohoto panelu jsou prakticky nekone\u010dn\u00e9 a jeho velkou v\u00fdhodou je mo\u017enost rychl\u00e9ho p\u0159izp\u016fsoben\u00ed r\u016fzn\u00fdm typ\u016fm fotografov\u00e1n\u00ed. Panel m\u016f\u017eeme pou\u017e\u00edt pro efektn\u00ed portr\u00e9tn\u00ed osv\u011btlen\u00ed a b\u011bhem n\u011bkolika okam\u017eik\u016f jej p\u0159izp\u016fsobit pro produktovou fotografii nebo makrofotografii.<\/p>\n<p>Panel je vybaven dv\u011bma stativov\u00fdmi z\u00e1vity a obsahuje dr\u017e\u00e1k pro studen\u00e9 blesky, kter\u00fd umo\u017e\u0148uje jeho p\u0159ipevn\u011bn\u00ed p\u0159\u00edmo na videokameru nebo kameru pro nat\u00e1\u010den\u00ed pohybliv\u00fdch sc\u00e9n. Panel lze tak\u00e9 p\u0159ipevnit na stativ pro pokro\u010dilej\u0161\u00ed pou\u017eit\u00ed, nap\u0159\u00edklad p\u0159i nahr\u00e1v\u00e1n\u00ed rozhovor\u016f.<\/p>\n<h3>Spolehliv\u011b reprodukovan\u00e9 barvy<\/h3>\n<p>Panel GlareOne generuje sv\u011btlo, kter\u00e9 p\u0159esn\u011b reprodukuje barvy. M\u00e1 index barevn\u00e9ho pod\u00e1n\u00ed (CRI) a\u017e 96, d\u00edky \u010demu\u017e je lampa vhodn\u00e1 pro \u0161irokou \u0161k\u00e1lu aplikac\u00ed. Skv\u011ble se hod\u00ed do situac\u00ed, kde je p\u0159esnost barev rozhoduj\u00edc\u00ed pro kvalitu vizu\u00e1ln\u00edho materi\u00e1lu. To je d\u016fle\u017eit\u00e9 zejm\u00e9na p\u0159i fotografov\u00e1n\u00ed a nat\u00e1\u010den\u00ed lid\u00ed, kdy je spolehliv\u00e1 reprodukce t\u00f3n\u016f pleti z\u00e1sadn\u00ed.<\/p>\n<h3>Barvy RGB<\/h3>\n<p>Lampa pou\u017e\u00edv\u00e1 barevn\u00e9 LED diody, kter\u00e9 umo\u017e\u0148uj\u00ed a\u017e 360 odst\u00edn\u016f na \u0161k\u00e1le RGB. To n\u00e1m d\u00e1v\u00e1 obrovsk\u00e9 mo\u017enosti v\u00fdb\u011bru barev a nastaven\u00ed sytosti. V\u00fdb\u011br barev se prov\u00e1d\u00ed v modelu HSI, kter\u00fd umo\u017e\u0148uje p\u0159esn\u011b vybrat po\u017eadovanou barvu sv\u011btla spolu s jeho sytost\u00ed a jasem.<\/p>\n<h3>Nastaviteln\u00e1 teplota barev<\/h3>\n<p>LED diody RGB tak\u00e9 umo\u017e\u0148uj\u00ed pohodln\u00e9 a plynul\u00e9 nastaven\u00ed teploty barev v rozmez\u00ed 2 700 a\u017e 10 000 K. D\u00edky tomu m\u016f\u017ee panel napodobovat tepl\u00e9 sv\u00ed\u010dky i p\u0159irozen\u00e9 slune\u010dn\u00ed sv\u011btlo, podle va\u0161ich aktu\u00e1ln\u00edch pot\u0159eb.<\/p>\n<h3>Nap\u00e1jen\u00ed<\/h3>\n<p>LED panel GlareOne lze nap\u00e1jet dv\u011bma r\u016fzn\u00fdmi zp\u016fsoby \u2013 ze s\u00ed\u0165ov\u00e9 z\u00e1suvky, pomoc\u00ed USB nab\u00edje\u010dky nebo z vestav\u011bn\u00e9 dob\u00edjec\u00ed baterie. D\u00edky t\u00e9to univerz\u00e1lnosti nap\u00e1jen\u00ed je LED panel GlareOne mimo\u0159\u00e1dn\u011b praktick\u00fd a flexibiln\u00ed. Lze jej libovoln\u011b p\u0159ipevnit na vysok\u00fd stativ nebo um\u00edstit na m\u00edsto, kde je p\u0159\u00edstup k s\u00ed\u0165ov\u00e9mu nap\u00e1jen\u00ed omezen\u00fd. D\u00edky tomu je lampa vhodn\u00e1 pro fotografov\u00e1n\u00ed i nat\u00e1\u010den\u00ed v nejr\u016fzn\u011bj\u0161\u00edch podm\u00ednk\u00e1ch.<\/p>\n<h3>Sv\u011bteln\u00e9 efekty<\/h3>\n<p>Lampa je vybavena 19 r\u016fzn\u00fdmi sv\u011bteln\u00fdmi efekty, kter\u00e9 umo\u017e\u0148uj\u00ed reprodukovat r\u016fzn\u00e9 zdroje sv\u011btla, jako je nap\u0159\u00edklad sv\u011btlo z\u00e1\u0159ivky v poruchov\u00e9m stavu, oh\u0148ostroj, blesky (ve t\u0159ech r\u016fzn\u00fdch stylech), blesky fotoapar\u00e1tu (tak\u00e9 ve t\u0159ech r\u016fzn\u00fdch stylech) a televizn\u00ed efekt.<\/p>\n<h3>Vlastnosti LED Panel GlareOne 10 RGB<\/h3>\n<ul>\n<li>Snadno pou\u017eiteln\u00e1 a univerz\u00e1ln\u00ed lampa pro fotografov\u00e1n\u00ed a nat\u00e1\u010den\u00ed,<\/li>\n<li>mal\u00e9 rozm\u011bry a hmotnost,<\/li>\n<li>360 barev sv\u011btla z rozsahu RGB (HSI),<\/li>\n<li>nastaviteln\u00e1 sytost barev,<\/li>\n<li>prom\u011bnn\u00e1 teplota barev v rozsahu 2700~10000 K,<\/li>\n<li>maxim\u00e1ln\u00ed v\u00fdkon 10 W (ekvivalent asi 100 W halogenov\u00e9 \u017e\u00e1rovky),<\/li>\n<li>vysok\u00e9 parametry reprodukce barev (CRI &gt;96),<\/li>\n<li>mo\u017enost nap\u00e1jen\u00ed z elektrick\u00e9 s\u00edt\u011b nebo z vestav\u011bn\u00e9 baterie,<\/li>\n<li>plynul\u00e9, bezstup\u0148ov\u00e9 nastaven\u00ed jasu,<\/li>\n<li>pasivn\u00ed (tich\u00fd) syst\u00e9m chlazen\u00ed,<\/li>\n<li>vybaveno dv\u011bma stativov\u00fdmi \u00fachyty se z\u00e1vitem 1\/4&#8243;-20 a studnou patkou,<\/li>\n<li>m\u00e1 vestav\u011bn\u00fd difuz\u00e9r,<\/li>\n<li>vybaveno 19 sv\u011bteln\u00fdmi efekty,<\/li>\n<li>vestav\u011bn\u00e9 dva magnety v t\u011ble lampy.<\/li>\n<\/ul>\n<h3>Obsah balen\u00ed<\/h3>\n<ul>\n<li>1x lampa,<\/li>\n<li>1x nab\u00edjec\u00ed kabel,<\/li>\n<li>1x pouzdro,<\/li>\n<li>1x mini hlava,<\/li>\n<li>1x u\u017eivatelsk\u00e1 p\u0159\u00edru\u010dka.<\/li>\n<\/ul>\n","protected":false},"excerpt":{"rendered":"<p>10W kapesn\u00ed LED panel, kter\u00fd umo\u017e\u0148uje nastavit barvu sv\u011btla v rozsahu RGB (s 360 odst\u00edny), barevnou teplotu od 2 700 do 10 000 K a poskytuje vysoce kvalitn\u00ed reprodukci barev (CRI &gt;96, TLCI &gt;98). Je to ide\u00e1ln\u00ed osv\u011btlen\u00ed pro vlogov\u00e1n\u00ed, videop\u0159enosy nebo fotografov\u00e1n\u00ed. Snadn\u00e9 pou\u017eit\u00ed Panel GlareOne je lampa s pevn\u00fdm sv\u011btlem, tak\u017ee m\u00e1 mnoho [&hellip;]<\/p>\n","protected":false},"featured_media":20620,"template":"","meta":[],"product_brand":[],"product_cat":[554],"product_tag":[],"class_list":{"0":"post-20619","1":"product","2":"type-product","3":"status-publish","4":"has-post-thumbnail","6":"product_cat-led-tube-panel-cs","8":"first","9":"instock","10":"product-type-simple"},"yoast_head":"<!-- This site is optimized with the Yoast SEO plugin v27.2 - https:\/\/yoast.com\/product\/yoast-seo-wordpress\/ -->\n<title>GlareOne LED Panel 10 RGB<\/title>\n<meta name=\"description\" content=\"GlareOne LED Panel 10 RGB\" \/>\n<meta name=\"robots\" content=\"index, follow, max-snippet:-1, max-image-preview:large, max-video-preview:-1\" \/>\n<link rel=\"canonical\" href=\"https:\/\/glareone.eu\/cs\/produkt\/glareone-led-panel-10-rgb\/\" \/>\n<meta property=\"og:locale\" content=\"cs_CZ\" \/>\n<meta property=\"og:type\" content=\"article\" \/>\n<meta property=\"og:title\" content=\"GlareOne LED Panel 10 RGB\" \/>\n<meta property=\"og:description\" content=\"GlareOne LED Panel 10 RGB\" \/>\n<meta property=\"og:url\" content=\"https:\/\/glareone.eu\/cs\/produkt\/glareone-led-panel-10-rgb\/\" \/>\n<meta property=\"og:site_name\" content=\"GlareOne\" \/>\n<meta property=\"article:publisher\" content=\"https:\/\/www.facebook.com\/GlareOneLighting\" \/>\n<meta property=\"article:modified_time\" content=\"2025-07-09T13:14:50+00:00\" \/>\n<meta property=\"og:image\" content=\"https:\/\/glareone.eu\/wp-content\/uploads\/2024\/04\/SLEDP10RGB_01.jpg\" \/>\n\t<meta property=\"og:image:width\" content=\"1200\" \/>\n\t<meta property=\"og:image:height\" content=\"1200\" \/>\n\t<meta property=\"og:image:type\" content=\"image\/jpeg\" \/>\n<meta name=\"twitter:card\" content=\"summary_large_image\" \/>\n<meta name=\"twitter:title\" content=\"GlareOne LED Panel 10 RGB\" \/>\n<meta name=\"twitter:label1\" content=\"Odhadovan\u00e1 doba \u010dten\u00ed\" \/>\n\t<meta name=\"twitter:data1\" content=\"3 minuty\" \/>\n<script type=\"application\/ld+json\" class=\"yoast-schema-graph\">{\"@context\":\"https:\/\/schema.org\",\"@graph\":[{\"@type\":\"WebPage\",\"@id\":\"https:\/\/glareone.eu\/cs\/produkt\/glareone-led-panel-10-rgb\/\",\"url\":\"https:\/\/glareone.eu\/cs\/produkt\/glareone-led-panel-10-rgb\/\",\"name\":\"GlareOne LED Panel 10 RGB\",\"isPartOf\":{\"@id\":\"https:\/\/glareone.eu\/cs\/en\/#website\"},\"primaryImageOfPage\":{\"@id\":\"https:\/\/glareone.eu\/cs\/produkt\/glareone-led-panel-10-rgb\/#primaryimage\"},\"image\":{\"@id\":\"https:\/\/glareone.eu\/cs\/produkt\/glareone-led-panel-10-rgb\/#primaryimage\"},\"thumbnailUrl\":\"https:\/\/glareone.eu\/wp-content\/uploads\/2024\/04\/SLEDP10RGB_01.jpg\",\"datePublished\":\"2024-04-18T19:26:33+00:00\",\"dateModified\":\"2025-07-09T13:14:50+00:00\",\"description\":\"GlareOne LED Panel 10 RGB\",\"breadcrumb\":{\"@id\":\"https:\/\/glareone.eu\/cs\/produkt\/glareone-led-panel-10-rgb\/#breadcrumb\"},\"inLanguage\":\"cs\",\"potentialAction\":[{\"@type\":\"ReadAction\",\"target\":[\"https:\/\/glareone.eu\/cs\/produkt\/glareone-led-panel-10-rgb\/\"]}]},{\"@type\":\"ImageObject\",\"inLanguage\":\"cs\",\"@id\":\"https:\/\/glareone.eu\/cs\/produkt\/glareone-led-panel-10-rgb\/#primaryimage\",\"url\":\"https:\/\/glareone.eu\/wp-content\/uploads\/2024\/04\/SLEDP10RGB_01.jpg\",\"contentUrl\":\"https:\/\/glareone.eu\/wp-content\/uploads\/2024\/04\/SLEDP10RGB_01.jpg\",\"width\":1200,\"height\":1200},{\"@type\":\"BreadcrumbList\",\"@id\":\"https:\/\/glareone.eu\/cs\/produkt\/glareone-led-panel-10-rgb\/#breadcrumb\",\"itemListElement\":[{\"@type\":\"ListItem\",\"position\":1,\"name\":\"Strona g\u0142\u00f3wna\",\"item\":\"https:\/\/glareone.eu\/cs\/\"},{\"@type\":\"ListItem\",\"position\":2,\"name\":\"V\u0161echny produkty\",\"item\":\"https:\/\/glareone.eu\/cs\/produkty\/vsechny-produkty\/\"},{\"@type\":\"ListItem\",\"position\":3,\"name\":\"GlareOne LED Panel 10 RGB\"}]},{\"@type\":\"WebSite\",\"@id\":\"https:\/\/glareone.eu\/cs\/en\/#website\",\"url\":\"https:\/\/glareone.eu\/cs\/en\/\",\"name\":\"GlareOne\",\"description\":\"Wyposa\u017cenie Studia\",\"publisher\":{\"@id\":\"https:\/\/glareone.eu\/cs\/en\/#organization\"},\"potentialAction\":[{\"@type\":\"SearchAction\",\"target\":{\"@type\":\"EntryPoint\",\"urlTemplate\":\"https:\/\/glareone.eu\/cs\/en\/?s={search_term_string}\"},\"query-input\":{\"@type\":\"PropertyValueSpecification\",\"valueRequired\":true,\"valueName\":\"search_term_string\"}}],\"inLanguage\":\"cs\"},{\"@type\":\"Organization\",\"@id\":\"https:\/\/glareone.eu\/cs\/en\/#organization\",\"name\":\"GlareOne\",\"url\":\"https:\/\/glareone.eu\/cs\/en\/\",\"logo\":{\"@type\":\"ImageObject\",\"inLanguage\":\"cs\",\"@id\":\"https:\/\/glareone.eu\/cs\/en\/#\/schema\/logo\/image\/\",\"url\":\"http:\/\/glareone.eu\/wp-content\/uploads\/2024\/05\/glareone_logo2020_RGB-01-e1715773127189.png\",\"contentUrl\":\"http:\/\/glareone.eu\/wp-content\/uploads\/2024\/05\/glareone_logo2020_RGB-01-e1715773127189.png\",\"width\":1270,\"height\":321,\"caption\":\"GlareOne\"},\"image\":{\"@id\":\"https:\/\/glareone.eu\/cs\/en\/#\/schema\/logo\/image\/\"},\"sameAs\":[\"https:\/\/www.facebook.com\/GlareOneLighting\",\"https:\/\/www.instagram.com\/glareonelighting\/\",\"https:\/\/www.youtube.com\/@GlareOneTV\"]}]}<\/script>\n<!-- \/ Yoast SEO plugin. -->","yoast_head_json":{"title":"GlareOne LED Panel 10 RGB","description":"GlareOne LED Panel 10 RGB","robots":{"index":"index","follow":"follow","max-snippet":"max-snippet:-1","max-image-preview":"max-image-preview:large","max-video-preview":"max-video-preview:-1"},"canonical":"https:\/\/glareone.eu\/cs\/produkt\/glareone-led-panel-10-rgb\/","og_locale":"cs_CZ","og_type":"article","og_title":"GlareOne LED Panel 10 RGB","og_description":"GlareOne LED Panel 10 RGB","og_url":"https:\/\/glareone.eu\/cs\/produkt\/glareone-led-panel-10-rgb\/","og_site_name":"GlareOne","article_publisher":"https:\/\/www.facebook.com\/GlareOneLighting","article_modified_time":"2025-07-09T13:14:50+00:00","og_image":[{"width":1200,"height":1200,"url":"https:\/\/glareone.eu\/wp-content\/uploads\/2024\/04\/SLEDP10RGB_01.jpg","type":"image\/jpeg"}],"twitter_card":"summary_large_image","twitter_title":"GlareOne LED Panel 10 RGB","twitter_misc":{"Odhadovan\u00e1 doba \u010dten\u00ed":"3 minuty"},"schema":{"@context":"https:\/\/schema.org","@graph":[{"@type":"WebPage","@id":"https:\/\/glareone.eu\/cs\/produkt\/glareone-led-panel-10-rgb\/","url":"https:\/\/glareone.eu\/cs\/produkt\/glareone-led-panel-10-rgb\/","name":"GlareOne LED Panel 10 RGB","isPartOf":{"@id":"https:\/\/glareone.eu\/cs\/en\/#website"},"primaryImageOfPage":{"@id":"https:\/\/glareone.eu\/cs\/produkt\/glareone-led-panel-10-rgb\/#primaryimage"},"image":{"@id":"https:\/\/glareone.eu\/cs\/produkt\/glareone-led-panel-10-rgb\/#primaryimage"},"thumbnailUrl":"https:\/\/glareone.eu\/wp-content\/uploads\/2024\/04\/SLEDP10RGB_01.jpg","datePublished":"2024-04-18T19:26:33+00:00","dateModified":"2025-07-09T13:14:50+00:00","description":"GlareOne LED Panel 10 RGB","breadcrumb":{"@id":"https:\/\/glareone.eu\/cs\/produkt\/glareone-led-panel-10-rgb\/#breadcrumb"},"inLanguage":"cs","potentialAction":[{"@type":"ReadAction","target":["https:\/\/glareone.eu\/cs\/produkt\/glareone-led-panel-10-rgb\/"]}]},{"@type":"ImageObject","inLanguage":"cs","@id":"https:\/\/glareone.eu\/cs\/produkt\/glareone-led-panel-10-rgb\/#primaryimage","url":"https:\/\/glareone.eu\/wp-content\/uploads\/2024\/04\/SLEDP10RGB_01.jpg","contentUrl":"https:\/\/glareone.eu\/wp-content\/uploads\/2024\/04\/SLEDP10RGB_01.jpg","width":1200,"height":1200},{"@type":"BreadcrumbList","@id":"https:\/\/glareone.eu\/cs\/produkt\/glareone-led-panel-10-rgb\/#breadcrumb","itemListElement":[{"@type":"ListItem","position":1,"name":"Strona g\u0142\u00f3wna","item":"https:\/\/glareone.eu\/cs\/"},{"@type":"ListItem","position":2,"name":"V\u0161echny produkty","item":"https:\/\/glareone.eu\/cs\/produkty\/vsechny-produkty\/"},{"@type":"ListItem","position":3,"name":"GlareOne LED Panel 10 RGB"}]},{"@type":"WebSite","@id":"https:\/\/glareone.eu\/cs\/en\/#website","url":"https:\/\/glareone.eu\/cs\/en\/","name":"GlareOne","description":"Wyposa\u017cenie Studia","publisher":{"@id":"https:\/\/glareone.eu\/cs\/en\/#organization"},"potentialAction":[{"@type":"SearchAction","target":{"@type":"EntryPoint","urlTemplate":"https:\/\/glareone.eu\/cs\/en\/?s={search_term_string}"},"query-input":{"@type":"PropertyValueSpecification","valueRequired":true,"valueName":"search_term_string"}}],"inLanguage":"cs"},{"@type":"Organization","@id":"https:\/\/glareone.eu\/cs\/en\/#organization","name":"GlareOne","url":"https:\/\/glareone.eu\/cs\/en\/","logo":{"@type":"ImageObject","inLanguage":"cs","@id":"https:\/\/glareone.eu\/cs\/en\/#\/schema\/logo\/image\/","url":"http:\/\/glareone.eu\/wp-content\/uploads\/2024\/05\/glareone_logo2020_RGB-01-e1715773127189.png","contentUrl":"http:\/\/glareone.eu\/wp-content\/uploads\/2024\/05\/glareone_logo2020_RGB-01-e1715773127189.png","width":1270,"height":321,"caption":"GlareOne"},"image":{"@id":"https:\/\/glareone.eu\/cs\/en\/#\/schema\/logo\/image\/"},"sameAs":["https:\/\/www.facebook.com\/GlareOneLighting","https:\/\/www.instagram.com\/glareonelighting\/","https:\/\/www.youtube.com\/@GlareOneTV"]}]}},"_links":{"self":[{"href":"https:\/\/glareone.eu\/cs\/wp-json\/wp\/v2\/product\/20619","targetHints":{"allow":["GET"]}}],"collection":[{"href":"https:\/\/glareone.eu\/cs\/wp-json\/wp\/v2\/product"}],"about":[{"href":"https:\/\/glareone.eu\/cs\/wp-json\/wp\/v2\/types\/product"}],"wp:featuredmedia":[{"embeddable":true,"href":"https:\/\/glareone.eu\/cs\/wp-json\/wp\/v2\/media\/20620"}],"wp:attachment":[{"href":"https:\/\/glareone.eu\/cs\/wp-json\/wp\/v2\/media?parent=20619"}],"wp:term":[{"taxonomy":"product_brand","embeddable":true,"href":"https:\/\/glareone.eu\/cs\/wp-json\/wp\/v2\/product_brand?post=20619"},{"taxonomy":"product_cat","embeddable":true,"href":"https:\/\/glareone.eu\/cs\/wp-json\/wp\/v2\/product_cat?post=20619"},{"taxonomy":"product_tag","embeddable":true,"href":"https:\/\/glareone.eu\/cs\/wp-json\/wp\/v2\/product_tag?post=20619"}],"curies":[{"name":"wp","href":"https:\/\/api.w.org\/{rel}","templated":true}]}}