{"id":20606,"date":"2024-04-18T19:26:33","date_gmt":"2024-04-18T19:26:33","guid":{"rendered":"https:\/\/glareone.eu\/product\/glareone-led-tube-24-rgb\/"},"modified":"2025-07-09T13:09:29","modified_gmt":"2025-07-09T13:09:29","slug":"glareone-led-tube-24-rgb","status":"publish","type":"product","link":"https:\/\/glareone.eu\/cs\/produkt\/glareone-led-tube-24-rgb\/","title":{"rendered":"GlareOne LED Tube 24 RGB"},"content":{"rendered":"<p>24W LED sv\u011bteln\u00fd me\u010d m\u00e1 vysok\u00fd index pod\u00e1n\u00ed barev (CRI&gt;96, TLCI&gt;98) a mo\u017enost nastaven\u00ed barvy sv\u011btla v rozsahu RGB (s 360 odst\u00edny) a barevn\u00e9 teploty od 2000 do 7500 K.<\/p>\n<h3>Snadn\u00e9 pou\u017eit\u00ed<\/h3>\n<p>Sv\u011bteln\u00fd me\u010d GlareOne je lampa s konstantn\u00edm sv\u011btlem, tak\u017ee m\u00e1 mnoho mo\u017enost\u00ed praktick\u00e9ho pou\u017eit\u00ed. Pro p\u0159esn\u00e9 nastaven\u00ed expozi\u010dn\u00edch parametr\u016f nen\u00ed nutn\u00e9 pou\u017e\u00edvat dal\u0161\u00ed, \u010dasto drah\u00e9 expozimetry. S GlareOne LED Tube 24 RGB fotoapar\u00e1t automaticky m\u011b\u0159\u00ed sv\u011btlo a upravuje expozici. Proces komponov\u00e1n\u00ed a budov\u00e1n\u00ed osv\u011btlen\u00ed je velmi snadn\u00fd, proto\u017ee je\u0161t\u011b p\u0159ed stisknut\u00edm spou\u0161t\u011b vid\u00edme, co bude na fotografii.<\/p>\n<h3>Multifunk\u010dnost<\/h3>\n<p>Sv\u011bteln\u00fd me\u010d GlareOne m\u00e1 prakticky neomezen\u00e9 mo\u017enosti pou\u017eit\u00ed a jeho velkou v\u00fdhodou je mo\u017enost rychl\u00e9ho p\u0159izp\u016fsoben\u00ed r\u016fzn\u00fdm typ\u016fm fotografov\u00e1n\u00ed. M\u016f\u017eete jej pou\u017e\u00edt pro efektn\u00ed osv\u011btlen\u00ed portr\u00e9tn\u00edch objekt\u016f a pot\u00e9 jej b\u011bhem n\u011bkolika okam\u017eik\u016f p\u0159izp\u016fsobit pro produktovou fotografii nebo makrofotografii. M\u00e1 dva z\u00e1vity pro p\u0159ipevn\u011bn\u00ed ke stativ\u016fm, co\u017e je ide\u00e1ln\u00ed pro n\u00e1ro\u010dn\u011bj\u0161\u00ed \u00fakoly, jako je nap\u0159\u00edklad nahr\u00e1v\u00e1n\u00ed rozhovor\u016f.<\/p>\n<h3>Spolehliv\u011b reprodukovan\u00e9 barvy<\/h3>\n<p>Sv\u011bteln\u00fd me\u010d GlareOne generuje sv\u011btlo, kter\u00e9 p\u0159esn\u011b reprodukuje barvy. Index barevn\u00e9ho pod\u00e1n\u00ed (CRI) modelu LED Tube 24 RGB je a\u017e 96, d\u00edky \u010demu\u017e je lampa vhodn\u00e1 pro \u0161irokou \u0161k\u00e1lu aplikac\u00ed. Skv\u011ble se hod\u00ed do situac\u00ed, kde je p\u0159esnost barev rozhoduj\u00edc\u00ed pro kvalitu vizu\u00e1ln\u00edho materi\u00e1lu. To je d\u016fle\u017eit\u00e9 zejm\u00e9na p\u0159i fotografov\u00e1n\u00ed a nat\u00e1\u010den\u00ed lid\u00ed, kdy je spolehliv\u00e1 reprodukce t\u00f3n\u016f pleti z\u00e1sadn\u00ed.<\/p>\n<h3>RGB barvy<\/h3>\n<p>Lampa pou\u017e\u00edv\u00e1 barevn\u00e9 LED diody, kter\u00e9 umo\u017e\u0148uj\u00ed a\u017e 360 odst\u00edn\u016f na RGB \u0161k\u00e1le. To n\u00e1m d\u00e1v\u00e1 obrovsk\u00e9 mo\u017enosti v\u00fdb\u011bru barev a nastaven\u00ed sytosti. V\u00fdb\u011br barev se prov\u00e1d\u00ed v modelu HSI, kter\u00fd umo\u017e\u0148uje p\u0159esn\u011b vybrat po\u017eadovanou barvu sv\u011btla spolu s jeho sytost\u00ed a jasem.<\/p>\n<h3>Nastaviteln\u00e1 teplota barev<\/h3>\n<p>Pou\u017eit\u00ed RGB LED diod umo\u017e\u0148uje pohodln\u011b nastavit teplotu barev od 2000 do 7500 K. To v\u00e1m umo\u017en\u00ed simulovat tepl\u00e9 sv\u011btlo sv\u00ed\u010dky nebo p\u0159izp\u016fsobit osv\u011btlen\u00ed podm\u00ednk\u00e1m, kter\u00e9 najdete, nap\u0159\u00edklad slune\u010dn\u00edmu sv\u011btlu.<\/p>\n<h3>Nap\u00e1jen\u00ed<\/h3>\n<p>LED trubice GlareOne m\u016f\u017ee b\u00fdt nap\u00e1jena ze dvou zdroj\u016f \u2013 ze z\u00e1suvky pomoc\u00ed dodan\u00e9ho nap\u00e1jec\u00edho adapt\u00e9ru nebo pomoc\u00ed dodan\u00fdch bateri\u00ed 26650 5000 mAh. Tato flexibilita p\u0159i v\u00fdb\u011bru zdroje nap\u00e1jen\u00ed \u010din\u00ed LED trubici GlareOne 24 extr\u00e9mn\u011b u\u017eite\u010dnou a v\u0161estrannou. Lze ji snadno p\u0159ipevnit na vysok\u00fd stativ nebo pou\u017e\u00edt v m\u00edstech, kde je omezen p\u0159\u00edstup k s\u00ed\u0165ov\u00e9mu nap\u00e1jen\u00ed. D\u00edky tomu je lampa vhodn\u00e1 pro fotografov\u00e1n\u00ed i nat\u00e1\u010den\u00ed v r\u016fzn\u00fdch podm\u00ednk\u00e1ch.<\/p>\n<h3>Sv\u011bteln\u00e9 efekty<\/h3>\n<p>Lampa obsahuje 20 r\u016fzn\u00fdch sv\u011bteln\u00fdch efekt\u016f, kter\u00e9 umo\u017e\u0148uj\u00ed nap\u0159\u00edklad imitovat sv\u011btlo vych\u00e1zej\u00edc\u00ed z rozbit\u00e9 z\u00e1\u0159ivky, ohe\u0148, blesk (ve t\u0159ech variant\u00e1ch), bleskov\u00e9 efekty (tak\u00e9 ve t\u0159ech variant\u00e1ch) a televizn\u00ed obrazovku.<\/p>\n<h3>Vlastnosti GlareOne LED Tube 24 RGB<\/h3>\n<ul>\n<li>Snadno pou\u017eiteln\u00e1 a univerz\u00e1ln\u00ed lampa pro fotografov\u00e1n\u00ed a nat\u00e1\u010den\u00ed,<\/li>\n<li>360 barev sv\u011btla z rozsahu RGB (HSI),<\/li>\n<li>nastaviteln\u00e1 sytost barev,<\/li>\n<li>variabiln\u00ed teplota barev v rozsahu 2000~7500 K,<\/li>\n<li>maxim\u00e1ln\u00ed v\u00fdkon 24 W,<\/li>\n<li>vysok\u00e9 parametry barevn\u00e9ho pod\u00e1n\u00ed (CRI &gt;96),<\/li>\n<li>mo\u017enost nap\u00e1jen\u00ed ze s\u00edt\u011b nebo z p\u0159ilo\u017een\u00e9 baterie,<\/li>\n<li>plynul\u00e9, bezstup\u0148ov\u00e9 nastaven\u00ed jasu,<\/li>\n<li>pasivn\u00ed (tich\u00fd) syst\u00e9m chlazen\u00ed,<\/li>\n<li>vybaveno stativov\u00fdm dr\u017e\u00e1kem se z\u00e1vitem 1\/4&#8243;-20,<\/li>\n<li>m\u00e1 vestav\u011bn\u00fd difuz\u00e9r,<\/li>\n<li>vybaveno 20 sv\u011bteln\u00fdmi efekty.<\/li>\n<\/ul>\n<h3>Obsah balen\u00ed<\/h3>\n<ul>\n<li>1x lampa,<\/li>\n<li>1x klapka,<\/li>\n<li>1x nap\u00e1jec\u00ed zdroj,<\/li>\n<li>1x p\u0159epravn\u00ed ta\u0161ka,<\/li>\n<li>1x n\u00e1vod k pou\u017eit\u00ed,<\/li>\n<li>2x baterie 26650 5000 mAh.<\/li>\n<\/ul>\n","protected":false},"excerpt":{"rendered":"<p>24W LED sv\u011bteln\u00fd me\u010d m\u00e1 vysok\u00fd index pod\u00e1n\u00ed barev (CRI&gt;96, TLCI&gt;98) a mo\u017enost nastaven\u00ed barvy sv\u011btla v rozsahu RGB (s 360 odst\u00edny) a barevn\u00e9 teploty od 2000 do 7500 K. Snadn\u00e9 pou\u017eit\u00ed Sv\u011bteln\u00fd me\u010d GlareOne je lampa s konstantn\u00edm sv\u011btlem, tak\u017ee m\u00e1 mnoho mo\u017enost\u00ed praktick\u00e9ho pou\u017eit\u00ed. Pro p\u0159esn\u00e9 nastaven\u00ed expozi\u010dn\u00edch parametr\u016f nen\u00ed nutn\u00e9 pou\u017e\u00edvat dal\u0161\u00ed, [&hellip;]<\/p>\n","protected":false},"featured_media":20607,"template":"","meta":[],"product_brand":[],"product_cat":[554],"product_tag":[],"class_list":{"0":"post-20606","1":"product","2":"type-product","3":"status-publish","4":"has-post-thumbnail","6":"product_cat-led-tube-panel-cs","8":"first","9":"instock","10":"product-type-simple"},"yoast_head":"<!-- This site is optimized with the Yoast SEO plugin v27.2 - https:\/\/yoast.com\/product\/yoast-seo-wordpress\/ -->\n<title>GlareOne LED Tube 24 RGB<\/title>\n<meta name=\"description\" content=\"GlareOne LED Tube 24 RGB\" \/>\n<meta name=\"robots\" content=\"index, follow, max-snippet:-1, max-image-preview:large, max-video-preview:-1\" \/>\n<link rel=\"canonical\" href=\"https:\/\/glareone.eu\/cs\/produkt\/glareone-led-tube-24-rgb\/\" \/>\n<meta property=\"og:locale\" content=\"cs_CZ\" \/>\n<meta property=\"og:type\" content=\"article\" \/>\n<meta property=\"og:title\" content=\"GlareOne LED Tube 24 RGB\" \/>\n<meta property=\"og:description\" content=\"GlareOne LED Tube 24 RGB\" \/>\n<meta property=\"og:url\" content=\"https:\/\/glareone.eu\/cs\/produkt\/glareone-led-tube-24-rgb\/\" \/>\n<meta property=\"og:site_name\" content=\"GlareOne\" \/>\n<meta property=\"article:publisher\" content=\"https:\/\/www.facebook.com\/GlareOneLighting\" \/>\n<meta property=\"article:modified_time\" content=\"2025-07-09T13:09:29+00:00\" \/>\n<meta property=\"og:image\" content=\"https:\/\/glareone.eu\/wp-content\/uploads\/2024\/04\/SLEDT24RGB_01.jpg\" \/>\n\t<meta property=\"og:image:width\" content=\"1200\" \/>\n\t<meta property=\"og:image:height\" content=\"1200\" \/>\n\t<meta property=\"og:image:type\" content=\"image\/jpeg\" \/>\n<meta name=\"twitter:card\" content=\"summary_large_image\" \/>\n<meta name=\"twitter:title\" content=\"GlareOne LED Tube 24 RGB\" \/>\n<meta name=\"twitter:label1\" content=\"Odhadovan\u00e1 doba \u010dten\u00ed\" \/>\n\t<meta name=\"twitter:data1\" content=\"3 minuty\" \/>\n<script type=\"application\/ld+json\" class=\"yoast-schema-graph\">{\"@context\":\"https:\/\/schema.org\",\"@graph\":[{\"@type\":\"WebPage\",\"@id\":\"https:\/\/glareone.eu\/cs\/produkt\/glareone-led-tube-24-rgb\/\",\"url\":\"https:\/\/glareone.eu\/cs\/produkt\/glareone-led-tube-24-rgb\/\",\"name\":\"GlareOne LED Tube 24 RGB\",\"isPartOf\":{\"@id\":\"https:\/\/glareone.eu\/cs\/en\/#website\"},\"primaryImageOfPage\":{\"@id\":\"https:\/\/glareone.eu\/cs\/produkt\/glareone-led-tube-24-rgb\/#primaryimage\"},\"image\":{\"@id\":\"https:\/\/glareone.eu\/cs\/produkt\/glareone-led-tube-24-rgb\/#primaryimage\"},\"thumbnailUrl\":\"https:\/\/glareone.eu\/wp-content\/uploads\/2024\/04\/SLEDT24RGB_01.jpg\",\"datePublished\":\"2024-04-18T19:26:33+00:00\",\"dateModified\":\"2025-07-09T13:09:29+00:00\",\"description\":\"GlareOne LED Tube 24 RGB\",\"breadcrumb\":{\"@id\":\"https:\/\/glareone.eu\/cs\/produkt\/glareone-led-tube-24-rgb\/#breadcrumb\"},\"inLanguage\":\"cs\",\"potentialAction\":[{\"@type\":\"ReadAction\",\"target\":[\"https:\/\/glareone.eu\/cs\/produkt\/glareone-led-tube-24-rgb\/\"]}]},{\"@type\":\"ImageObject\",\"inLanguage\":\"cs\",\"@id\":\"https:\/\/glareone.eu\/cs\/produkt\/glareone-led-tube-24-rgb\/#primaryimage\",\"url\":\"https:\/\/glareone.eu\/wp-content\/uploads\/2024\/04\/SLEDT24RGB_01.jpg\",\"contentUrl\":\"https:\/\/glareone.eu\/wp-content\/uploads\/2024\/04\/SLEDT24RGB_01.jpg\",\"width\":1200,\"height\":1200},{\"@type\":\"BreadcrumbList\",\"@id\":\"https:\/\/glareone.eu\/cs\/produkt\/glareone-led-tube-24-rgb\/#breadcrumb\",\"itemListElement\":[{\"@type\":\"ListItem\",\"position\":1,\"name\":\"Strona g\u0142\u00f3wna\",\"item\":\"https:\/\/glareone.eu\/cs\/\"},{\"@type\":\"ListItem\",\"position\":2,\"name\":\"V\u0161echny produkty\",\"item\":\"https:\/\/glareone.eu\/cs\/produkty\/vsechny-produkty\/\"},{\"@type\":\"ListItem\",\"position\":3,\"name\":\"GlareOne LED Tube 24 RGB\"}]},{\"@type\":\"WebSite\",\"@id\":\"https:\/\/glareone.eu\/cs\/en\/#website\",\"url\":\"https:\/\/glareone.eu\/cs\/en\/\",\"name\":\"GlareOne\",\"description\":\"Wyposa\u017cenie Studia\",\"publisher\":{\"@id\":\"https:\/\/glareone.eu\/cs\/en\/#organization\"},\"potentialAction\":[{\"@type\":\"SearchAction\",\"target\":{\"@type\":\"EntryPoint\",\"urlTemplate\":\"https:\/\/glareone.eu\/cs\/en\/?s={search_term_string}\"},\"query-input\":{\"@type\":\"PropertyValueSpecification\",\"valueRequired\":true,\"valueName\":\"search_term_string\"}}],\"inLanguage\":\"cs\"},{\"@type\":\"Organization\",\"@id\":\"https:\/\/glareone.eu\/cs\/en\/#organization\",\"name\":\"GlareOne\",\"url\":\"https:\/\/glareone.eu\/cs\/en\/\",\"logo\":{\"@type\":\"ImageObject\",\"inLanguage\":\"cs\",\"@id\":\"https:\/\/glareone.eu\/cs\/en\/#\/schema\/logo\/image\/\",\"url\":\"http:\/\/glareone.eu\/wp-content\/uploads\/2024\/05\/glareone_logo2020_RGB-01-e1715773127189.png\",\"contentUrl\":\"http:\/\/glareone.eu\/wp-content\/uploads\/2024\/05\/glareone_logo2020_RGB-01-e1715773127189.png\",\"width\":1270,\"height\":321,\"caption\":\"GlareOne\"},\"image\":{\"@id\":\"https:\/\/glareone.eu\/cs\/en\/#\/schema\/logo\/image\/\"},\"sameAs\":[\"https:\/\/www.facebook.com\/GlareOneLighting\",\"https:\/\/www.instagram.com\/glareonelighting\/\",\"https:\/\/www.youtube.com\/@GlareOneTV\"]}]}<\/script>\n<!-- \/ Yoast SEO plugin. -->","yoast_head_json":{"title":"GlareOne LED Tube 24 RGB","description":"GlareOne LED Tube 24 RGB","robots":{"index":"index","follow":"follow","max-snippet":"max-snippet:-1","max-image-preview":"max-image-preview:large","max-video-preview":"max-video-preview:-1"},"canonical":"https:\/\/glareone.eu\/cs\/produkt\/glareone-led-tube-24-rgb\/","og_locale":"cs_CZ","og_type":"article","og_title":"GlareOne LED Tube 24 RGB","og_description":"GlareOne LED Tube 24 RGB","og_url":"https:\/\/glareone.eu\/cs\/produkt\/glareone-led-tube-24-rgb\/","og_site_name":"GlareOne","article_publisher":"https:\/\/www.facebook.com\/GlareOneLighting","article_modified_time":"2025-07-09T13:09:29+00:00","og_image":[{"width":1200,"height":1200,"url":"https:\/\/glareone.eu\/wp-content\/uploads\/2024\/04\/SLEDT24RGB_01.jpg","type":"image\/jpeg"}],"twitter_card":"summary_large_image","twitter_title":"GlareOne LED Tube 24 RGB","twitter_misc":{"Odhadovan\u00e1 doba \u010dten\u00ed":"3 minuty"},"schema":{"@context":"https:\/\/schema.org","@graph":[{"@type":"WebPage","@id":"https:\/\/glareone.eu\/cs\/produkt\/glareone-led-tube-24-rgb\/","url":"https:\/\/glareone.eu\/cs\/produkt\/glareone-led-tube-24-rgb\/","name":"GlareOne LED Tube 24 RGB","isPartOf":{"@id":"https:\/\/glareone.eu\/cs\/en\/#website"},"primaryImageOfPage":{"@id":"https:\/\/glareone.eu\/cs\/produkt\/glareone-led-tube-24-rgb\/#primaryimage"},"image":{"@id":"https:\/\/glareone.eu\/cs\/produkt\/glareone-led-tube-24-rgb\/#primaryimage"},"thumbnailUrl":"https:\/\/glareone.eu\/wp-content\/uploads\/2024\/04\/SLEDT24RGB_01.jpg","datePublished":"2024-04-18T19:26:33+00:00","dateModified":"2025-07-09T13:09:29+00:00","description":"GlareOne LED Tube 24 RGB","breadcrumb":{"@id":"https:\/\/glareone.eu\/cs\/produkt\/glareone-led-tube-24-rgb\/#breadcrumb"},"inLanguage":"cs","potentialAction":[{"@type":"ReadAction","target":["https:\/\/glareone.eu\/cs\/produkt\/glareone-led-tube-24-rgb\/"]}]},{"@type":"ImageObject","inLanguage":"cs","@id":"https:\/\/glareone.eu\/cs\/produkt\/glareone-led-tube-24-rgb\/#primaryimage","url":"https:\/\/glareone.eu\/wp-content\/uploads\/2024\/04\/SLEDT24RGB_01.jpg","contentUrl":"https:\/\/glareone.eu\/wp-content\/uploads\/2024\/04\/SLEDT24RGB_01.jpg","width":1200,"height":1200},{"@type":"BreadcrumbList","@id":"https:\/\/glareone.eu\/cs\/produkt\/glareone-led-tube-24-rgb\/#breadcrumb","itemListElement":[{"@type":"ListItem","position":1,"name":"Strona g\u0142\u00f3wna","item":"https:\/\/glareone.eu\/cs\/"},{"@type":"ListItem","position":2,"name":"V\u0161echny produkty","item":"https:\/\/glareone.eu\/cs\/produkty\/vsechny-produkty\/"},{"@type":"ListItem","position":3,"name":"GlareOne LED Tube 24 RGB"}]},{"@type":"WebSite","@id":"https:\/\/glareone.eu\/cs\/en\/#website","url":"https:\/\/glareone.eu\/cs\/en\/","name":"GlareOne","description":"Wyposa\u017cenie Studia","publisher":{"@id":"https:\/\/glareone.eu\/cs\/en\/#organization"},"potentialAction":[{"@type":"SearchAction","target":{"@type":"EntryPoint","urlTemplate":"https:\/\/glareone.eu\/cs\/en\/?s={search_term_string}"},"query-input":{"@type":"PropertyValueSpecification","valueRequired":true,"valueName":"search_term_string"}}],"inLanguage":"cs"},{"@type":"Organization","@id":"https:\/\/glareone.eu\/cs\/en\/#organization","name":"GlareOne","url":"https:\/\/glareone.eu\/cs\/en\/","logo":{"@type":"ImageObject","inLanguage":"cs","@id":"https:\/\/glareone.eu\/cs\/en\/#\/schema\/logo\/image\/","url":"http:\/\/glareone.eu\/wp-content\/uploads\/2024\/05\/glareone_logo2020_RGB-01-e1715773127189.png","contentUrl":"http:\/\/glareone.eu\/wp-content\/uploads\/2024\/05\/glareone_logo2020_RGB-01-e1715773127189.png","width":1270,"height":321,"caption":"GlareOne"},"image":{"@id":"https:\/\/glareone.eu\/cs\/en\/#\/schema\/logo\/image\/"},"sameAs":["https:\/\/www.facebook.com\/GlareOneLighting","https:\/\/www.instagram.com\/glareonelighting\/","https:\/\/www.youtube.com\/@GlareOneTV"]}]}},"_links":{"self":[{"href":"https:\/\/glareone.eu\/cs\/wp-json\/wp\/v2\/product\/20606","targetHints":{"allow":["GET"]}}],"collection":[{"href":"https:\/\/glareone.eu\/cs\/wp-json\/wp\/v2\/product"}],"about":[{"href":"https:\/\/glareone.eu\/cs\/wp-json\/wp\/v2\/types\/product"}],"wp:featuredmedia":[{"embeddable":true,"href":"https:\/\/glareone.eu\/cs\/wp-json\/wp\/v2\/media\/20607"}],"wp:attachment":[{"href":"https:\/\/glareone.eu\/cs\/wp-json\/wp\/v2\/media?parent=20606"}],"wp:term":[{"taxonomy":"product_brand","embeddable":true,"href":"https:\/\/glareone.eu\/cs\/wp-json\/wp\/v2\/product_brand?post=20606"},{"taxonomy":"product_cat","embeddable":true,"href":"https:\/\/glareone.eu\/cs\/wp-json\/wp\/v2\/product_cat?post=20606"},{"taxonomy":"product_tag","embeddable":true,"href":"https:\/\/glareone.eu\/cs\/wp-json\/wp\/v2\/product_tag?post=20606"}],"curies":[{"name":"wp","href":"https:\/\/api.w.org\/{rel}","templated":true}]}}