{"id":20597,"date":"2024-04-18T19:26:33","date_gmt":"2024-04-18T19:26:33","guid":{"rendered":"https:\/\/glareone.eu\/product\/glareone-led-tube-8-rgb\/"},"modified":"2025-07-09T13:06:33","modified_gmt":"2025-07-09T13:06:33","slug":"glareone-led-tube-8-rgb","status":"publish","type":"product","link":"https:\/\/glareone.eu\/cs\/produkt\/glareone-led-tube-8-rgb\/","title":{"rendered":"GlareOne LED Tube 8 RGB"},"content":{"rendered":"<p>GlareOne LED Tube 8 RGB je 8W LED trubice, kter\u00e1 umo\u017e\u0148uje m\u011bnit barvy sv\u011btla v rozsahu RGB (s 360 odst\u00edny), nastavitelnou teplotu barev od 2 000 do 10 000 K a vysokou kvalitu reprodukce barev (CRI &gt;96, TLCI &gt;98).<\/p>\n<h3>Snadn\u00e9 pou\u017eit\u00ed<\/h3>\n<p>LED trubice GlareOne je lampa s konstantn\u00edm sv\u011btlem, tak\u017ee m\u00e1 mnoho mo\u017enost\u00ed praktick\u00e9ho pou\u017eit\u00ed. Pro p\u0159esn\u00e9 nastaven\u00ed expozi\u010dn\u00edch parametr\u016f nen\u00ed t\u0159eba pou\u017e\u00edvat dal\u0161\u00ed, \u010dasto drah\u00e9 expozimetry. S LED trubic\u00ed GlareOne 8 RGB fotoapar\u00e1t automaticky m\u011b\u0159\u00ed sv\u011btlo a upravuje expozici. Proces komponov\u00e1n\u00ed a budov\u00e1n\u00ed osv\u011btlen\u00ed je velmi snadn\u00fd, proto\u017ee je\u0161t\u011b p\u0159ed stisknut\u00edm spou\u0161t\u011b vid\u00edme, co bude na fotografii.<\/p>\n<h3>Multifunk\u010dnost<\/h3>\n<p>LED trubice GlareOne m\u00e1 prakticky neomezen\u00e9 mo\u017enosti pou\u017eit\u00ed a jej\u00ed velkou v\u00fdhodou je mo\u017enost rychl\u00e9ho p\u0159izp\u016fsoben\u00ed r\u016fzn\u00fdm typ\u016fm fotografov\u00e1n\u00ed. Lampu m\u016f\u017eete pou\u017e\u00edt pro efektn\u00ed osv\u011btlen\u00ed portr\u00e9tn\u00edch objekt\u016f a b\u011bhem n\u011bkolika okam\u017eik\u016f ji p\u0159izp\u016fsobit pro produktovou nebo makro fotografii.<br \/>\nSpolehliv\u011b reprodukovan\u00e9 barvy.<\/p>\n<p>Lampa generuje sv\u011btlo, kter\u00e9 p\u0159esn\u011b reprodukuje barvy. Index barevn\u00e9ho pod\u00e1n\u00ed (CRI) modelu LED Tube 8 RGB je a\u017e 96, d\u00edky \u010demu\u017e je lampa vhodn\u00e1 pro \u0161irokou \u0161k\u00e1lu aplikac\u00ed. Skv\u011ble se hod\u00ed do situac\u00ed, kde je p\u0159esnost barev rozhoduj\u00edc\u00ed pro kvalitu vizu\u00e1ln\u00edho materi\u00e1lu. To je d\u016fle\u017eit\u00e9 zejm\u00e9na p\u0159i fotografov\u00e1n\u00ed a nat\u00e1\u010den\u00ed lid\u00ed, kdy je spolehliv\u00e1 reprodukce t\u00f3n\u016f pleti z\u00e1sadn\u00ed.<\/p>\n<h3>RGB barvy<\/h3>\n<p>Lampa pou\u017e\u00edv\u00e1 barevn\u00e9 LED diody, kter\u00e9 umo\u017e\u0148uj\u00ed a\u017e 360 odst\u00edn\u016f na RGB \u0161k\u00e1le. To n\u00e1m d\u00e1v\u00e1 obrovsk\u00e9 mo\u017enosti v\u00fdb\u011bru barev a nastaven\u00ed sytosti. V\u00fdb\u011br barev se prov\u00e1d\u00ed v modelu HSI, kter\u00fd umo\u017e\u0148uje p\u0159esn\u011b vybrat po\u017eadovanou barvu sv\u011btla spolu s jeho sytost\u00ed a jasem.<\/p>\n<h3>Nastaviteln\u00e1 teplota barev<\/h3>\n<p>LED trubice v\u00e1m umo\u017e\u0148uje nastavit teplotu barev od 2 000 do 10 000 K. To v\u00e1m umo\u017en\u00ed simulovat tepl\u00e9 sv\u011btlo sv\u00ed\u010dky nebo p\u0159izp\u016fsobit osv\u011btlen\u00ed okoln\u00edmu sv\u011btlu.<\/p>\n<h4>Nap\u00e1jen\u00ed<\/h4>\n<p>LED trubice GlareOne m\u016f\u017ee b\u00fdt nap\u00e1jena ze dvou zdroj\u016f \u2013 ze z\u00e1suvky, p\u0159es USB nab\u00edje\u010dku nebo pomoc\u00ed dob\u00edjec\u00ed baterie 18650 (sou\u010d\u00e1st\u00ed balen\u00ed). Tato flexibilita p\u0159i v\u00fdb\u011bru zdroje nap\u00e1jen\u00ed \u010din\u00ed z LED trubice GlareOne 8 extr\u00e9mn\u011b u\u017eite\u010dn\u00fd a v\u0161estrann\u00fd n\u00e1stroj. Lze ji snadno p\u0159ipevnit na vysok\u00fd stativ nebo pou\u017e\u00edt na m\u00edstech, kde je omezen\u00fd p\u0159\u00edstup k s\u00ed\u0165ov\u00e9mu nap\u00e1jen\u00ed. D\u00edky tomu je lampa vhodn\u00e1 pro fotografov\u00e1n\u00ed i nat\u00e1\u010den\u00ed v r\u016fzn\u00fdch podm\u00ednk\u00e1ch.<\/p>\n<h3>Sv\u011bteln\u00e9 efekty<\/h3>\n<p>Lampa obsahuje 20 r\u016fzn\u00fdch sv\u011bteln\u00fdch efekt\u016f, kter\u00e9 umo\u017e\u0148uj\u00ed nap\u0159\u00edklad imitovat sv\u011btlo vych\u00e1zej\u00edc\u00ed z rozbit\u00e9 z\u00e1\u0159ivky, ohe\u0148, blesk (ve t\u0159ech variant\u00e1ch), bleskov\u00e9 efekty (tak\u00e9 ve t\u0159ech variant\u00e1ch) a televizn\u00ed obrazovku.<\/p>\n<h3>Vlastnosti GlareOne LED Tube 8 RGB<\/h3>\n<ul>\n<li>snadno pou\u017eiteln\u00e1 a univerz\u00e1ln\u00ed lampa pro fotografov\u00e1n\u00ed a nat\u00e1\u010den\u00ed,<\/li>\n<li>kompaktn\u00ed rozm\u011bry a hmotnost,<\/li>\n<li>360 barev sv\u011btla z rozsahu RGB (HSI),<\/li>\n<li>nastaviteln\u00e1 sytost barev,<\/li>\n<li>prom\u011bnn\u00e1 teplota barev v rozsahu 2000~10000 K (s korekc\u00ed zelen\u00e9\/magenta),<\/li>\n<li>maxim\u00e1ln\u00ed v\u00fdkon 8 W,<\/li>\n<li>vysok\u00e9 parametry reprodukce barev (CRI &gt;96),<\/li>\n<li>mo\u017enost nap\u00e1jen\u00ed z elektrick\u00e9 s\u00edt\u011b p\u0159es konektor USB-C,<\/li>\n<li>plynul\u00e9, bezstup\u0148ov\u00e9 nastaven\u00ed jasu,<\/li>\n<li>pasivn\u00ed (tich\u00fd) syst\u00e9m chlazen\u00ed,<\/li>\n<li>vybaveno dv\u011bma stativov\u00fdmi \u00fachyty se z\u00e1vitem 1\/4&#8243;-20,<\/li>\n<li>m\u00e1 vestav\u011bn\u00fd difuz\u00e9r,<\/li>\n<li>vybaveno 20 sv\u011bteln\u00fdmi efekty.<\/li>\n<\/ul>\n<h3>Obsah balen\u00ed<\/h3>\n<ul>\n<li>1x lampa,<\/li>\n<li>1x pouzdro,<\/li>\n<li>1x nab\u00edjec\u00ed kabel,<\/li>\n<li>1x u\u017eivatelsk\u00e1 p\u0159\u00edru\u010dka,<\/li>\n<li>1x baterie 18650,<\/li>\n<li>2x kovov\u00e1 desti\u010dka.<\/li>\n<\/ul>\n","protected":false},"excerpt":{"rendered":"<p>GlareOne LED Tube 8 RGB je 8W LED trubice, kter\u00e1 umo\u017e\u0148uje m\u011bnit barvy sv\u011btla v rozsahu RGB (s 360 odst\u00edny), nastavitelnou teplotu barev od 2 000 do 10 000 K a vysokou kvalitu reprodukce barev (CRI &gt;96, TLCI &gt;98). Snadn\u00e9 pou\u017eit\u00ed LED trubice GlareOne je lampa s konstantn\u00edm sv\u011btlem, tak\u017ee m\u00e1 mnoho mo\u017enost\u00ed praktick\u00e9ho pou\u017eit\u00ed. [&hellip;]<\/p>\n","protected":false},"featured_media":20603,"template":"","meta":[],"product_brand":[],"product_cat":[554],"product_tag":[],"class_list":{"0":"post-20597","1":"product","2":"type-product","3":"status-publish","4":"has-post-thumbnail","6":"product_cat-led-tube-panel-cs","8":"first","9":"instock","10":"product-type-simple"},"yoast_head":"<!-- This site is optimized with the Yoast SEO plugin v27.2 - https:\/\/yoast.com\/product\/yoast-seo-wordpress\/ -->\n<title>GlareOne LED Tube 8 RGB<\/title>\n<meta name=\"description\" content=\"GlareOne LED Tube 8 RGB\" \/>\n<meta name=\"robots\" content=\"index, follow, max-snippet:-1, max-image-preview:large, max-video-preview:-1\" \/>\n<link rel=\"canonical\" href=\"https:\/\/glareone.eu\/cs\/produkt\/glareone-led-tube-8-rgb\/\" \/>\n<meta property=\"og:locale\" content=\"cs_CZ\" \/>\n<meta property=\"og:type\" content=\"article\" \/>\n<meta property=\"og:title\" content=\"GlareOne LED Tube 8 RGB\" \/>\n<meta property=\"og:description\" content=\"GlareOne LED Tube 8 RGB\" \/>\n<meta property=\"og:url\" content=\"https:\/\/glareone.eu\/cs\/produkt\/glareone-led-tube-8-rgb\/\" \/>\n<meta property=\"og:site_name\" content=\"GlareOne\" \/>\n<meta property=\"article:publisher\" content=\"https:\/\/www.facebook.com\/GlareOneLighting\" \/>\n<meta property=\"article:modified_time\" content=\"2025-07-09T13:06:33+00:00\" \/>\n<meta property=\"og:image\" content=\"https:\/\/glareone.eu\/wp-content\/uploads\/2024\/04\/SLEDT8RGB_02.jpg\" \/>\n\t<meta property=\"og:image:width\" content=\"1200\" \/>\n\t<meta property=\"og:image:height\" content=\"1200\" \/>\n\t<meta property=\"og:image:type\" content=\"image\/jpeg\" \/>\n<meta name=\"twitter:card\" content=\"summary_large_image\" \/>\n<meta name=\"twitter:title\" content=\"GlareOne LED Tube 8 RGB\" \/>\n<meta name=\"twitter:label1\" content=\"Odhadovan\u00e1 doba \u010dten\u00ed\" \/>\n\t<meta name=\"twitter:data1\" content=\"3 minuty\" \/>\n<script type=\"application\/ld+json\" class=\"yoast-schema-graph\">{\"@context\":\"https:\/\/schema.org\",\"@graph\":[{\"@type\":\"WebPage\",\"@id\":\"https:\/\/glareone.eu\/cs\/produkt\/glareone-led-tube-8-rgb\/\",\"url\":\"https:\/\/glareone.eu\/cs\/produkt\/glareone-led-tube-8-rgb\/\",\"name\":\"GlareOne LED Tube 8 RGB\",\"isPartOf\":{\"@id\":\"https:\/\/glareone.eu\/cs\/en\/#website\"},\"primaryImageOfPage\":{\"@id\":\"https:\/\/glareone.eu\/cs\/produkt\/glareone-led-tube-8-rgb\/#primaryimage\"},\"image\":{\"@id\":\"https:\/\/glareone.eu\/cs\/produkt\/glareone-led-tube-8-rgb\/#primaryimage\"},\"thumbnailUrl\":\"https:\/\/glareone.eu\/wp-content\/uploads\/2024\/04\/SLEDT8RGB_02.jpg\",\"datePublished\":\"2024-04-18T19:26:33+00:00\",\"dateModified\":\"2025-07-09T13:06:33+00:00\",\"description\":\"GlareOne LED Tube 8 RGB\",\"breadcrumb\":{\"@id\":\"https:\/\/glareone.eu\/cs\/produkt\/glareone-led-tube-8-rgb\/#breadcrumb\"},\"inLanguage\":\"cs\",\"potentialAction\":[{\"@type\":\"ReadAction\",\"target\":[\"https:\/\/glareone.eu\/cs\/produkt\/glareone-led-tube-8-rgb\/\"]}]},{\"@type\":\"ImageObject\",\"inLanguage\":\"cs\",\"@id\":\"https:\/\/glareone.eu\/cs\/produkt\/glareone-led-tube-8-rgb\/#primaryimage\",\"url\":\"https:\/\/glareone.eu\/wp-content\/uploads\/2024\/04\/SLEDT8RGB_02.jpg\",\"contentUrl\":\"https:\/\/glareone.eu\/wp-content\/uploads\/2024\/04\/SLEDT8RGB_02.jpg\",\"width\":1200,\"height\":1200},{\"@type\":\"BreadcrumbList\",\"@id\":\"https:\/\/glareone.eu\/cs\/produkt\/glareone-led-tube-8-rgb\/#breadcrumb\",\"itemListElement\":[{\"@type\":\"ListItem\",\"position\":1,\"name\":\"Strona g\u0142\u00f3wna\",\"item\":\"https:\/\/glareone.eu\/cs\/\"},{\"@type\":\"ListItem\",\"position\":2,\"name\":\"V\u0161echny produkty\",\"item\":\"https:\/\/glareone.eu\/cs\/produkty\/vsechny-produkty\/\"},{\"@type\":\"ListItem\",\"position\":3,\"name\":\"GlareOne LED Tube 8 RGB\"}]},{\"@type\":\"WebSite\",\"@id\":\"https:\/\/glareone.eu\/cs\/en\/#website\",\"url\":\"https:\/\/glareone.eu\/cs\/en\/\",\"name\":\"GlareOne\",\"description\":\"Wyposa\u017cenie Studia\",\"publisher\":{\"@id\":\"https:\/\/glareone.eu\/cs\/en\/#organization\"},\"potentialAction\":[{\"@type\":\"SearchAction\",\"target\":{\"@type\":\"EntryPoint\",\"urlTemplate\":\"https:\/\/glareone.eu\/cs\/en\/?s={search_term_string}\"},\"query-input\":{\"@type\":\"PropertyValueSpecification\",\"valueRequired\":true,\"valueName\":\"search_term_string\"}}],\"inLanguage\":\"cs\"},{\"@type\":\"Organization\",\"@id\":\"https:\/\/glareone.eu\/cs\/en\/#organization\",\"name\":\"GlareOne\",\"url\":\"https:\/\/glareone.eu\/cs\/en\/\",\"logo\":{\"@type\":\"ImageObject\",\"inLanguage\":\"cs\",\"@id\":\"https:\/\/glareone.eu\/cs\/en\/#\/schema\/logo\/image\/\",\"url\":\"http:\/\/glareone.eu\/wp-content\/uploads\/2024\/05\/glareone_logo2020_RGB-01-e1715773127189.png\",\"contentUrl\":\"http:\/\/glareone.eu\/wp-content\/uploads\/2024\/05\/glareone_logo2020_RGB-01-e1715773127189.png\",\"width\":1270,\"height\":321,\"caption\":\"GlareOne\"},\"image\":{\"@id\":\"https:\/\/glareone.eu\/cs\/en\/#\/schema\/logo\/image\/\"},\"sameAs\":[\"https:\/\/www.facebook.com\/GlareOneLighting\",\"https:\/\/www.instagram.com\/glareonelighting\/\",\"https:\/\/www.youtube.com\/@GlareOneTV\"]}]}<\/script>\n<!-- \/ Yoast SEO plugin. -->","yoast_head_json":{"title":"GlareOne LED Tube 8 RGB","description":"GlareOne LED Tube 8 RGB","robots":{"index":"index","follow":"follow","max-snippet":"max-snippet:-1","max-image-preview":"max-image-preview:large","max-video-preview":"max-video-preview:-1"},"canonical":"https:\/\/glareone.eu\/cs\/produkt\/glareone-led-tube-8-rgb\/","og_locale":"cs_CZ","og_type":"article","og_title":"GlareOne LED Tube 8 RGB","og_description":"GlareOne LED Tube 8 RGB","og_url":"https:\/\/glareone.eu\/cs\/produkt\/glareone-led-tube-8-rgb\/","og_site_name":"GlareOne","article_publisher":"https:\/\/www.facebook.com\/GlareOneLighting","article_modified_time":"2025-07-09T13:06:33+00:00","og_image":[{"width":1200,"height":1200,"url":"https:\/\/glareone.eu\/wp-content\/uploads\/2024\/04\/SLEDT8RGB_02.jpg","type":"image\/jpeg"}],"twitter_card":"summary_large_image","twitter_title":"GlareOne LED Tube 8 RGB","twitter_misc":{"Odhadovan\u00e1 doba \u010dten\u00ed":"3 minuty"},"schema":{"@context":"https:\/\/schema.org","@graph":[{"@type":"WebPage","@id":"https:\/\/glareone.eu\/cs\/produkt\/glareone-led-tube-8-rgb\/","url":"https:\/\/glareone.eu\/cs\/produkt\/glareone-led-tube-8-rgb\/","name":"GlareOne LED Tube 8 RGB","isPartOf":{"@id":"https:\/\/glareone.eu\/cs\/en\/#website"},"primaryImageOfPage":{"@id":"https:\/\/glareone.eu\/cs\/produkt\/glareone-led-tube-8-rgb\/#primaryimage"},"image":{"@id":"https:\/\/glareone.eu\/cs\/produkt\/glareone-led-tube-8-rgb\/#primaryimage"},"thumbnailUrl":"https:\/\/glareone.eu\/wp-content\/uploads\/2024\/04\/SLEDT8RGB_02.jpg","datePublished":"2024-04-18T19:26:33+00:00","dateModified":"2025-07-09T13:06:33+00:00","description":"GlareOne LED Tube 8 RGB","breadcrumb":{"@id":"https:\/\/glareone.eu\/cs\/produkt\/glareone-led-tube-8-rgb\/#breadcrumb"},"inLanguage":"cs","potentialAction":[{"@type":"ReadAction","target":["https:\/\/glareone.eu\/cs\/produkt\/glareone-led-tube-8-rgb\/"]}]},{"@type":"ImageObject","inLanguage":"cs","@id":"https:\/\/glareone.eu\/cs\/produkt\/glareone-led-tube-8-rgb\/#primaryimage","url":"https:\/\/glareone.eu\/wp-content\/uploads\/2024\/04\/SLEDT8RGB_02.jpg","contentUrl":"https:\/\/glareone.eu\/wp-content\/uploads\/2024\/04\/SLEDT8RGB_02.jpg","width":1200,"height":1200},{"@type":"BreadcrumbList","@id":"https:\/\/glareone.eu\/cs\/produkt\/glareone-led-tube-8-rgb\/#breadcrumb","itemListElement":[{"@type":"ListItem","position":1,"name":"Strona g\u0142\u00f3wna","item":"https:\/\/glareone.eu\/cs\/"},{"@type":"ListItem","position":2,"name":"V\u0161echny produkty","item":"https:\/\/glareone.eu\/cs\/produkty\/vsechny-produkty\/"},{"@type":"ListItem","position":3,"name":"GlareOne LED Tube 8 RGB"}]},{"@type":"WebSite","@id":"https:\/\/glareone.eu\/cs\/en\/#website","url":"https:\/\/glareone.eu\/cs\/en\/","name":"GlareOne","description":"Wyposa\u017cenie Studia","publisher":{"@id":"https:\/\/glareone.eu\/cs\/en\/#organization"},"potentialAction":[{"@type":"SearchAction","target":{"@type":"EntryPoint","urlTemplate":"https:\/\/glareone.eu\/cs\/en\/?s={search_term_string}"},"query-input":{"@type":"PropertyValueSpecification","valueRequired":true,"valueName":"search_term_string"}}],"inLanguage":"cs"},{"@type":"Organization","@id":"https:\/\/glareone.eu\/cs\/en\/#organization","name":"GlareOne","url":"https:\/\/glareone.eu\/cs\/en\/","logo":{"@type":"ImageObject","inLanguage":"cs","@id":"https:\/\/glareone.eu\/cs\/en\/#\/schema\/logo\/image\/","url":"http:\/\/glareone.eu\/wp-content\/uploads\/2024\/05\/glareone_logo2020_RGB-01-e1715773127189.png","contentUrl":"http:\/\/glareone.eu\/wp-content\/uploads\/2024\/05\/glareone_logo2020_RGB-01-e1715773127189.png","width":1270,"height":321,"caption":"GlareOne"},"image":{"@id":"https:\/\/glareone.eu\/cs\/en\/#\/schema\/logo\/image\/"},"sameAs":["https:\/\/www.facebook.com\/GlareOneLighting","https:\/\/www.instagram.com\/glareonelighting\/","https:\/\/www.youtube.com\/@GlareOneTV"]}]}},"_links":{"self":[{"href":"https:\/\/glareone.eu\/cs\/wp-json\/wp\/v2\/product\/20597","targetHints":{"allow":["GET"]}}],"collection":[{"href":"https:\/\/glareone.eu\/cs\/wp-json\/wp\/v2\/product"}],"about":[{"href":"https:\/\/glareone.eu\/cs\/wp-json\/wp\/v2\/types\/product"}],"wp:featuredmedia":[{"embeddable":true,"href":"https:\/\/glareone.eu\/cs\/wp-json\/wp\/v2\/media\/20603"}],"wp:attachment":[{"href":"https:\/\/glareone.eu\/cs\/wp-json\/wp\/v2\/media?parent=20597"}],"wp:term":[{"taxonomy":"product_brand","embeddable":true,"href":"https:\/\/glareone.eu\/cs\/wp-json\/wp\/v2\/product_brand?post=20597"},{"taxonomy":"product_cat","embeddable":true,"href":"https:\/\/glareone.eu\/cs\/wp-json\/wp\/v2\/product_cat?post=20597"},{"taxonomy":"product_tag","embeddable":true,"href":"https:\/\/glareone.eu\/cs\/wp-json\/wp\/v2\/product_tag?post=20597"}],"curies":[{"name":"wp","href":"https:\/\/api.w.org\/{rel}","templated":true}]}}