{"id":20573,"date":"2024-04-18T19:26:33","date_gmt":"2024-04-18T19:26:33","guid":{"rendered":"https:\/\/glareone.eu\/product\/glareone-led-120-bicolor-d\/"},"modified":"2025-07-09T12:59:36","modified_gmt":"2025-07-09T12:59:36","slug":"glareone-led-120-bicolor-d","status":"publish","type":"product","link":"https:\/\/glareone.eu\/cs\/produkt\/glareone-led-120-bicolor-d\/","title":{"rendered":"GlareOne LED 120 BiColor D"},"content":{"rendered":"<p>120W LED studiov\u00e1 lampa nab\u00edz\u00ed nastavitelnou barevnou teplotu od 2700 do 6500 K a mo\u017enost nap\u00e1jen\u00ed ze s\u00edt\u011b i z bateri\u00ed s V-mount konektorem pomoc\u00ed adapt\u00e9ru GlareOne LEDAHV.<\/p>\n<h3>Bezdr\u00e1tov\u00e9 nap\u00e1jen\u00ed<\/h3>\n<p>Lampa GlareOne LED 120 BiColor D m\u00e1 dv\u011b mo\u017enosti nap\u00e1jen\u00ed. M\u016f\u017eete ji p\u0159ipojit k s\u00ed\u0165ov\u00e9 z\u00e1suvce pomoc\u00ed dodan\u00e9ho nap\u00e1jec\u00edho kabelu nebo pou\u017e\u00edt baterie s V-mount pomoc\u00ed samostatn\u00e9ho adapt\u00e9ru GlareOne LEDAHV. P\u0159i pln\u00e9m v\u00fdkonu poskytuje jedna nabit\u00e1 baterie s V-mount s nap\u011bt\u00edm 14,8 V a kapacitou 95 Wh 60 minut provozu lampy LED 120.<\/p>\n<h3>V\u0161estrannost<\/h3>\n<p>D\u00edky uchycen\u00ed Bowens je lampa LED 120 BiColor D p\u0159ipravena pro pou\u017eit\u00ed s \u0161irokou \u0161k\u00e1lou sv\u011bteln\u00fdch modifik\u00e1tor\u016f dostupn\u00fdch na trhu, a\u0165 u\u017e od spole\u010dnosti GlareOne nebo od jin\u00fdch renomovan\u00fdch zna\u010dek. Tuto lampu m\u016f\u017eete pou\u017e\u00edt s r\u016fzn\u00fdmi typy softbox\u016f, m\u0159\u00ed\u017eek, klapek, Fresnelov\u00fdch modifik\u00e1tor\u016f, objektiv\u016f a mnoha dal\u0161\u00edch dopl\u0148k\u016f.<\/p>\n<h3>Barva sv\u011btla<\/h3>\n<p>Index TLCI (Television Lighting Consistency Index) tohoto modelu je p\u0159es 98 a index CRI (Color Rendering Index) p\u0159es 97, a to bez ohledu na aktu\u00e1ln\u011b nastavenou teplotu barev. D\u00edky tomu je lampa ide\u00e1ln\u00ed pro osv\u011btlen\u00ed filmov\u00fdch sc\u00e9n i focen\u00ed a zaji\u0161\u0165uje p\u0159esn\u00e9 pod\u00e1n\u00ed barev.<\/p>\n<h3>Flexibilita<\/h3>\n<p>Lampa GlareOne LED 120 BiColor D je vybavena \u010dipem COB LED, kter\u00fd umo\u017e\u0148uje nastavit barevnou teplotu od 2700 K do 6500 K. To poskytuje zna\u010dnou flexibilitu p\u0159i pr\u00e1ci s r\u016fzn\u00fdmi zdroji sv\u011btla, a\u0165 u\u017e p\u0159irozen\u00e9ho nebo um\u011bl\u00e9ho.<\/p>\n<h3>Stabilita<\/h3>\n<p>Lampa BiColor D LED 120 je ide\u00e1ln\u00ed pro osv\u011btlen\u00ed nat\u00e1\u010dec\u00edho studia p\u0159i rychlosti z\u00e1znamu a\u017e 400 sn\u00edmk\u016f za sekundu bez efektu blik\u00e1n\u00ed.<\/p>\n<h3>V\u00fdkon<\/h3>\n<p>Lampa GlareOne LED 120 BiColor D se vyzna\u010duje zna\u010dn\u00fdm v\u00fdkonem a vysokou sv\u00edtivost\u00ed. Je schopna poskytovat intenzivn\u00ed sv\u011bteln\u00fd v\u00fdkon v\u00edce ne\u017e 77 800 lux\u016f, co\u017e umo\u017e\u0148uje flexibiln\u00ed nastaven\u00ed a manipulaci se sv\u011btlem pro dosa\u017een\u00ed po\u017eadovan\u00fdch efekt\u016f na sc\u00e9n\u011b.<\/p>\n<h3>Tich\u00fd provoz<\/h3>\n<p>Lampa je vybavena chladic\u00edm syst\u00e9mem, kter\u00fd zahrnuje chladi\u010d a tich\u00fd ventil\u00e1tor s hlu\u010dnost\u00ed ni\u017e\u0161\u00ed ne\u017e 30 dB. D\u00edky n\u00edzk\u00e9 hlu\u010dnosti je snaz\u0161\u00ed nahr\u00e1vat zvuk na sc\u00e9n\u011b.<\/p>\n<h3>Sv\u011bteln\u00e9 efekty<\/h3>\n<p>Lampa m\u00e1 9 r\u016fzn\u00fdch sv\u011bteln\u00fdch efekt\u016f, kter\u00e9 simuluj\u00ed r\u016fzn\u00e9 zdroje sv\u011btla, jako je rozbit\u00e1 z\u00e1\u0159ivka, oh\u0148ostroj, blesk (ve t\u0159ech variant\u00e1ch), z\u00e1blesky (ve t\u0159ech variant\u00e1ch) a televizn\u00ed efekt.<\/p>\n<h3>Vlastnosti GlareOne LED 120 BiColor D:<\/h3>\n<ul>\n<li>Kompaktn\u00ed a robustn\u00ed pouzdro.<\/li>\n<li>Variabiln\u00ed barevn\u00e1 teplota v rozmez\u00ed 2700~6500 K.<\/li>\n<li>Kruhov\u00e1 COB dioda s v\u00fdkonem 120 W.<\/li>\n<li>Vysok\u00fd v\u00fdkon a jas (&gt;77800 lux).<\/li>\n<li>Velmi dobr\u00e1 barevn\u00e1 reprodukce (CRI &gt;97, TLCI &gt;98).<\/li>\n<li>Lze nap\u00e1jet z bateri\u00ed V-mount pomoc\u00ed adapt\u00e9ru GlareOne LEDAHV (k dispozici v sad\u011b Location Kit).<\/li>\n<li>Nastaviteln\u00fd jas od 0 do 100 % v\u00fdkonu.<\/li>\n<li>\u017d\u00e1dn\u00e9 blik\u00e1n\u00ed ani p\u0159i 400 fps.<\/li>\n<li>Dr\u017e\u00e1k pro modifik\u00e1tor sv\u011btla typu Bowens.<\/li>\n<li>Spolupracuje s aplikac\u00ed GlareOne Studio, kter\u00e1 umo\u017e\u0148uje ovl\u00e1d\u00e1n\u00ed z telefonu nebo tabletu.<\/li>\n<li>9 re\u017eim\u016f osv\u011btlen\u00ed simuluj\u00edc\u00edch mimo jin\u00e9 blesk, televizn\u00ed obrazovku nebo rozbitou z\u00e1\u0159ivku.<\/li>\n<li>Tich\u00fd a \u00fa\u010dinn\u00fd aktivn\u00ed chladic\u00ed syst\u00e9m (&lt;30 dB).<\/li>\n<li>Integrovan\u00fd dr\u017e\u00e1k de\u0161tn\u00edku.<\/li>\n<li>Ergonomicky tvarovan\u00e1 rukoje\u0165 pro snadn\u00e9 nastaven\u00ed \u00fahlu.<\/li>\n<\/ul>\n<h3>Obsah balen\u00ed:<\/h3>\n<ul>\n<li>1x lampa,<\/li>\n<li>1x nap\u00e1jec\u00ed zdroj,<\/li>\n<li>1x p\u0159epravn\u00ed obal,<\/li>\n<li>1x n\u00e1vod k pou\u017eit\u00ed,<\/li>\n<li>1x adapt\u00e9r LEDAHV,<\/li>\n<li>1x reflektor,<\/li>\n<li>1x ta\u0161ka.<\/li>\n<\/ul>\n","protected":false},"excerpt":{"rendered":"<p>120W LED studiov\u00e1 lampa nab\u00edz\u00ed nastavitelnou barevnou teplotu od 2700 do 6500 K a mo\u017enost nap\u00e1jen\u00ed ze s\u00edt\u011b i z bateri\u00ed s V-mount konektorem pomoc\u00ed adapt\u00e9ru GlareOne LEDAHV. Bezdr\u00e1tov\u00e9 nap\u00e1jen\u00ed Lampa GlareOne LED 120 BiColor D m\u00e1 dv\u011b mo\u017enosti nap\u00e1jen\u00ed. M\u016f\u017eete ji p\u0159ipojit k s\u00ed\u0165ov\u00e9 z\u00e1suvce pomoc\u00ed dodan\u00e9ho nap\u00e1jec\u00edho kabelu nebo pou\u017e\u00edt baterie s V-mount [&hellip;]<\/p>\n","protected":false},"featured_media":20574,"template":"","meta":[],"product_brand":[],"product_cat":[547],"product_tag":[],"class_list":{"0":"post-20573","1":"product","2":"type-product","3":"status-publish","4":"has-post-thumbnail","6":"product_cat-led-lampy-s-upevnenim-bowens","8":"first","9":"instock","10":"product-type-simple"},"yoast_head":"<!-- This site is optimized with the Yoast SEO plugin v27.2 - https:\/\/yoast.com\/product\/yoast-seo-wordpress\/ -->\n<title>GlareOne LED 120 BiColor D<\/title>\n<meta name=\"description\" content=\"GlareOne LED 120 BiColor D\" \/>\n<meta name=\"robots\" content=\"index, follow, max-snippet:-1, max-image-preview:large, max-video-preview:-1\" \/>\n<link rel=\"canonical\" href=\"https:\/\/glareone.eu\/cs\/produkt\/glareone-led-120-bicolor-d\/\" \/>\n<meta property=\"og:locale\" content=\"cs_CZ\" \/>\n<meta property=\"og:type\" content=\"article\" \/>\n<meta property=\"og:title\" content=\"GlareOne LED 120 BiColor D\" \/>\n<meta property=\"og:description\" content=\"GlareOne LED 120 BiColor D\" \/>\n<meta property=\"og:url\" content=\"https:\/\/glareone.eu\/cs\/produkt\/glareone-led-120-bicolor-d\/\" \/>\n<meta property=\"og:site_name\" content=\"GlareOne\" \/>\n<meta property=\"article:publisher\" content=\"https:\/\/www.facebook.com\/GlareOneLighting\" \/>\n<meta property=\"article:modified_time\" content=\"2025-07-09T12:59:36+00:00\" \/>\n<meta property=\"og:image\" content=\"https:\/\/glareone.eu\/wp-content\/uploads\/2024\/04\/SLED120BCD_01.jpg\" \/>\n\t<meta property=\"og:image:width\" content=\"1200\" \/>\n\t<meta property=\"og:image:height\" content=\"1200\" \/>\n\t<meta property=\"og:image:type\" content=\"image\/jpeg\" \/>\n<meta name=\"twitter:card\" content=\"summary_large_image\" \/>\n<meta name=\"twitter:title\" content=\"GlareOne LED 120 BiColor D\" \/>\n<meta name=\"twitter:label1\" content=\"Odhadovan\u00e1 doba \u010dten\u00ed\" \/>\n\t<meta name=\"twitter:data1\" content=\"3 minuty\" \/>\n<script type=\"application\/ld+json\" class=\"yoast-schema-graph\">{\"@context\":\"https:\/\/schema.org\",\"@graph\":[{\"@type\":\"WebPage\",\"@id\":\"https:\/\/glareone.eu\/cs\/produkt\/glareone-led-120-bicolor-d\/\",\"url\":\"https:\/\/glareone.eu\/cs\/produkt\/glareone-led-120-bicolor-d\/\",\"name\":\"GlareOne LED 120 BiColor D\",\"isPartOf\":{\"@id\":\"https:\/\/glareone.eu\/cs\/en\/#website\"},\"primaryImageOfPage\":{\"@id\":\"https:\/\/glareone.eu\/cs\/produkt\/glareone-led-120-bicolor-d\/#primaryimage\"},\"image\":{\"@id\":\"https:\/\/glareone.eu\/cs\/produkt\/glareone-led-120-bicolor-d\/#primaryimage\"},\"thumbnailUrl\":\"https:\/\/glareone.eu\/wp-content\/uploads\/2024\/04\/SLED120BCD_01.jpg\",\"datePublished\":\"2024-04-18T19:26:33+00:00\",\"dateModified\":\"2025-07-09T12:59:36+00:00\",\"description\":\"GlareOne LED 120 BiColor D\",\"breadcrumb\":{\"@id\":\"https:\/\/glareone.eu\/cs\/produkt\/glareone-led-120-bicolor-d\/#breadcrumb\"},\"inLanguage\":\"cs\",\"potentialAction\":[{\"@type\":\"ReadAction\",\"target\":[\"https:\/\/glareone.eu\/cs\/produkt\/glareone-led-120-bicolor-d\/\"]}]},{\"@type\":\"ImageObject\",\"inLanguage\":\"cs\",\"@id\":\"https:\/\/glareone.eu\/cs\/produkt\/glareone-led-120-bicolor-d\/#primaryimage\",\"url\":\"https:\/\/glareone.eu\/wp-content\/uploads\/2024\/04\/SLED120BCD_01.jpg\",\"contentUrl\":\"https:\/\/glareone.eu\/wp-content\/uploads\/2024\/04\/SLED120BCD_01.jpg\",\"width\":1200,\"height\":1200},{\"@type\":\"BreadcrumbList\",\"@id\":\"https:\/\/glareone.eu\/cs\/produkt\/glareone-led-120-bicolor-d\/#breadcrumb\",\"itemListElement\":[{\"@type\":\"ListItem\",\"position\":1,\"name\":\"Strona g\u0142\u00f3wna\",\"item\":\"https:\/\/glareone.eu\/cs\/\"},{\"@type\":\"ListItem\",\"position\":2,\"name\":\"V\u0161echny produkty\",\"item\":\"https:\/\/glareone.eu\/cs\/produkty\/vsechny-produkty\/\"},{\"@type\":\"ListItem\",\"position\":3,\"name\":\"GlareOne LED 120 BiColor D\"}]},{\"@type\":\"WebSite\",\"@id\":\"https:\/\/glareone.eu\/cs\/en\/#website\",\"url\":\"https:\/\/glareone.eu\/cs\/en\/\",\"name\":\"GlareOne\",\"description\":\"Wyposa\u017cenie Studia\",\"publisher\":{\"@id\":\"https:\/\/glareone.eu\/cs\/en\/#organization\"},\"potentialAction\":[{\"@type\":\"SearchAction\",\"target\":{\"@type\":\"EntryPoint\",\"urlTemplate\":\"https:\/\/glareone.eu\/cs\/en\/?s={search_term_string}\"},\"query-input\":{\"@type\":\"PropertyValueSpecification\",\"valueRequired\":true,\"valueName\":\"search_term_string\"}}],\"inLanguage\":\"cs\"},{\"@type\":\"Organization\",\"@id\":\"https:\/\/glareone.eu\/cs\/en\/#organization\",\"name\":\"GlareOne\",\"url\":\"https:\/\/glareone.eu\/cs\/en\/\",\"logo\":{\"@type\":\"ImageObject\",\"inLanguage\":\"cs\",\"@id\":\"https:\/\/glareone.eu\/cs\/en\/#\/schema\/logo\/image\/\",\"url\":\"http:\/\/glareone.eu\/wp-content\/uploads\/2024\/05\/glareone_logo2020_RGB-01-e1715773127189.png\",\"contentUrl\":\"http:\/\/glareone.eu\/wp-content\/uploads\/2024\/05\/glareone_logo2020_RGB-01-e1715773127189.png\",\"width\":1270,\"height\":321,\"caption\":\"GlareOne\"},\"image\":{\"@id\":\"https:\/\/glareone.eu\/cs\/en\/#\/schema\/logo\/image\/\"},\"sameAs\":[\"https:\/\/www.facebook.com\/GlareOneLighting\",\"https:\/\/www.instagram.com\/glareonelighting\/\",\"https:\/\/www.youtube.com\/@GlareOneTV\"]}]}<\/script>\n<!-- \/ Yoast SEO plugin. -->","yoast_head_json":{"title":"GlareOne LED 120 BiColor D","description":"GlareOne LED 120 BiColor D","robots":{"index":"index","follow":"follow","max-snippet":"max-snippet:-1","max-image-preview":"max-image-preview:large","max-video-preview":"max-video-preview:-1"},"canonical":"https:\/\/glareone.eu\/cs\/produkt\/glareone-led-120-bicolor-d\/","og_locale":"cs_CZ","og_type":"article","og_title":"GlareOne LED 120 BiColor D","og_description":"GlareOne LED 120 BiColor D","og_url":"https:\/\/glareone.eu\/cs\/produkt\/glareone-led-120-bicolor-d\/","og_site_name":"GlareOne","article_publisher":"https:\/\/www.facebook.com\/GlareOneLighting","article_modified_time":"2025-07-09T12:59:36+00:00","og_image":[{"width":1200,"height":1200,"url":"https:\/\/glareone.eu\/wp-content\/uploads\/2024\/04\/SLED120BCD_01.jpg","type":"image\/jpeg"}],"twitter_card":"summary_large_image","twitter_title":"GlareOne LED 120 BiColor D","twitter_misc":{"Odhadovan\u00e1 doba \u010dten\u00ed":"3 minuty"},"schema":{"@context":"https:\/\/schema.org","@graph":[{"@type":"WebPage","@id":"https:\/\/glareone.eu\/cs\/produkt\/glareone-led-120-bicolor-d\/","url":"https:\/\/glareone.eu\/cs\/produkt\/glareone-led-120-bicolor-d\/","name":"GlareOne LED 120 BiColor D","isPartOf":{"@id":"https:\/\/glareone.eu\/cs\/en\/#website"},"primaryImageOfPage":{"@id":"https:\/\/glareone.eu\/cs\/produkt\/glareone-led-120-bicolor-d\/#primaryimage"},"image":{"@id":"https:\/\/glareone.eu\/cs\/produkt\/glareone-led-120-bicolor-d\/#primaryimage"},"thumbnailUrl":"https:\/\/glareone.eu\/wp-content\/uploads\/2024\/04\/SLED120BCD_01.jpg","datePublished":"2024-04-18T19:26:33+00:00","dateModified":"2025-07-09T12:59:36+00:00","description":"GlareOne LED 120 BiColor D","breadcrumb":{"@id":"https:\/\/glareone.eu\/cs\/produkt\/glareone-led-120-bicolor-d\/#breadcrumb"},"inLanguage":"cs","potentialAction":[{"@type":"ReadAction","target":["https:\/\/glareone.eu\/cs\/produkt\/glareone-led-120-bicolor-d\/"]}]},{"@type":"ImageObject","inLanguage":"cs","@id":"https:\/\/glareone.eu\/cs\/produkt\/glareone-led-120-bicolor-d\/#primaryimage","url":"https:\/\/glareone.eu\/wp-content\/uploads\/2024\/04\/SLED120BCD_01.jpg","contentUrl":"https:\/\/glareone.eu\/wp-content\/uploads\/2024\/04\/SLED120BCD_01.jpg","width":1200,"height":1200},{"@type":"BreadcrumbList","@id":"https:\/\/glareone.eu\/cs\/produkt\/glareone-led-120-bicolor-d\/#breadcrumb","itemListElement":[{"@type":"ListItem","position":1,"name":"Strona g\u0142\u00f3wna","item":"https:\/\/glareone.eu\/cs\/"},{"@type":"ListItem","position":2,"name":"V\u0161echny produkty","item":"https:\/\/glareone.eu\/cs\/produkty\/vsechny-produkty\/"},{"@type":"ListItem","position":3,"name":"GlareOne LED 120 BiColor D"}]},{"@type":"WebSite","@id":"https:\/\/glareone.eu\/cs\/en\/#website","url":"https:\/\/glareone.eu\/cs\/en\/","name":"GlareOne","description":"Wyposa\u017cenie Studia","publisher":{"@id":"https:\/\/glareone.eu\/cs\/en\/#organization"},"potentialAction":[{"@type":"SearchAction","target":{"@type":"EntryPoint","urlTemplate":"https:\/\/glareone.eu\/cs\/en\/?s={search_term_string}"},"query-input":{"@type":"PropertyValueSpecification","valueRequired":true,"valueName":"search_term_string"}}],"inLanguage":"cs"},{"@type":"Organization","@id":"https:\/\/glareone.eu\/cs\/en\/#organization","name":"GlareOne","url":"https:\/\/glareone.eu\/cs\/en\/","logo":{"@type":"ImageObject","inLanguage":"cs","@id":"https:\/\/glareone.eu\/cs\/en\/#\/schema\/logo\/image\/","url":"http:\/\/glareone.eu\/wp-content\/uploads\/2024\/05\/glareone_logo2020_RGB-01-e1715773127189.png","contentUrl":"http:\/\/glareone.eu\/wp-content\/uploads\/2024\/05\/glareone_logo2020_RGB-01-e1715773127189.png","width":1270,"height":321,"caption":"GlareOne"},"image":{"@id":"https:\/\/glareone.eu\/cs\/en\/#\/schema\/logo\/image\/"},"sameAs":["https:\/\/www.facebook.com\/GlareOneLighting","https:\/\/www.instagram.com\/glareonelighting\/","https:\/\/www.youtube.com\/@GlareOneTV"]}]}},"_links":{"self":[{"href":"https:\/\/glareone.eu\/cs\/wp-json\/wp\/v2\/product\/20573","targetHints":{"allow":["GET"]}}],"collection":[{"href":"https:\/\/glareone.eu\/cs\/wp-json\/wp\/v2\/product"}],"about":[{"href":"https:\/\/glareone.eu\/cs\/wp-json\/wp\/v2\/types\/product"}],"wp:featuredmedia":[{"embeddable":true,"href":"https:\/\/glareone.eu\/cs\/wp-json\/wp\/v2\/media\/20574"}],"wp:attachment":[{"href":"https:\/\/glareone.eu\/cs\/wp-json\/wp\/v2\/media?parent=20573"}],"wp:term":[{"taxonomy":"product_brand","embeddable":true,"href":"https:\/\/glareone.eu\/cs\/wp-json\/wp\/v2\/product_brand?post=20573"},{"taxonomy":"product_cat","embeddable":true,"href":"https:\/\/glareone.eu\/cs\/wp-json\/wp\/v2\/product_cat?post=20573"},{"taxonomy":"product_tag","embeddable":true,"href":"https:\/\/glareone.eu\/cs\/wp-json\/wp\/v2\/product_tag?post=20573"}],"curies":[{"name":"wp","href":"https:\/\/api.w.org\/{rel}","templated":true}]}}