{"id":20549,"date":"2024-04-18T19:26:31","date_gmt":"2024-04-18T19:26:31","guid":{"rendered":"https:\/\/glareone.eu\/product\/glareone-led-160-bicolor-d\/"},"modified":"2025-10-30T09:11:50","modified_gmt":"2025-10-30T09:11:50","slug":"glareone-led-160-bicolor-d","status":"publish","type":"product","link":"https:\/\/glareone.eu\/cs\/produkt\/glareone-led-160-bicolor-d\/","title":{"rendered":"GlareOne LED 160 BiColor D"},"content":{"rendered":"<p>Profesion\u00e1ln\u00ed dvoubarevn\u00e9 LED sv\u011btlo o v\u00fdkonu 160 W s dv\u011bma mo\u017enostmi nap\u00e1jen\u00ed: ze s\u00edt\u011b nebo z bateri\u00ed V-mount pomoc\u00ed p\u0159\u00eddavn\u00e9ho adapt\u00e9ru GlareOne LEDAV, kter\u00e9 zaji\u0161\u0165uje mobilitu a v\u0161estrannost ve studiu i na place. Sv\u011btlo se nav\u00edc vyzna\u010duje velmi vysok\u00fdm pod\u00e1n\u00edm barev (CRI\/TLCI &gt;97), vysokou \u00fa\u010dinnost\u00ed a jasem a tak\u00e9 vestav\u011bn\u00fdm dr\u017e\u00e1kem pro modifik\u00e1tory sv\u011btla typu Bowens.<\/p>\n<h3>V\u011brnost barev<\/h3>\n<p>Index TLCI (Television Lighting Consistency Index) pro tento model je &gt;98, CRI je &gt;97 a TM-30 bez ohledu na aktu\u00e1ln\u00ed nastaven\u00ed barevn\u00e9 teploty. D\u00edky tomu je lampa ide\u00e1ln\u00ed pro osv\u011btlen\u00ed sc\u00e9ny p\u0159i nat\u00e1\u010den\u00ed i fotografov\u00e1n\u00ed a umo\u017e\u0148uje vynikaj\u00edc\u00ed reprodukci barev.<\/p>\n<h3>Adaptivn\u00ed<\/h3>\n<p>Sv\u011btlo je vybaveno \u010dipem COB LED, kter\u00fd je schopen produkovat sv\u011btlo s barevnou teplotou v rozmez\u00ed od 2700 K a\u017e po 6500 K. To poskytuje velkou flexibilitu p\u0159i pr\u00e1ci s okoln\u00edm sv\u011btlem r\u016fzn\u00e9ho p\u016fvodu \u2013 p\u0159irozen\u00fdm i um\u011bl\u00fdm.<\/p>\n<h3>Bez blik\u00e1n\u00ed<\/h3>\n<p>Sv\u011btlo lze \u00fasp\u011b\u0161n\u011b pou\u017e\u00edt k osv\u011btlen\u00ed sc\u00e9ny zaznamenan\u00e9 s maxim\u00e1ln\u00ed sn\u00edmkovou frekvenc\u00ed a\u017e 400 sn\u00edmk\u016f za sekundu, a to bez blik\u00e1n\u00ed.<\/p>\n<h3>V\u00fdkon<\/h3>\n<p>GlareOne LED 160 BiColor D se vyzna\u010duje vysokou \u00fa\u010dinnost\u00ed a vysok\u00fdm v\u00fdkonem generovan\u00e9ho sv\u011btla. Lampa je schopna poskytnout sv\u011bteln\u00fd v\u00fdkon a\u017e &gt;55000 lux\u016f, co\u017e se prom\u00edt\u00e1 do schopnosti snadno modifikovat a odr\u00e1\u017eet sv\u011btlo pro dosa\u017een\u00ed po\u017eadovan\u00fdch efekt\u016f na sc\u00e9n\u011b.<\/p>\n<h3>Bezhlu\u010dn\u00fd provoz<\/h3>\n<p>Sv\u011btlo je vybaveno chladic\u00edm syst\u00e9mem, kter\u00fd se skl\u00e1d\u00e1 z chladi\u010de a ventil\u00e1toru, kter\u00fd pracuje extr\u00e9mn\u011b ti\u0161e, proto\u017ee nep\u0159esahuje 30 dB. Tato n\u00edzk\u00e1 hlu\u010dnost usnad\u0148uje nahr\u00e1v\u00e1n\u00ed zvuku na place. V situac\u00edch, kdy je vy\u017eadov\u00e1na absolutn\u00ed ticho, lze ventil\u00e1tor vypnout pomoc\u00ed tla\u010d\u00edtka na ovl\u00e1dac\u00edm panelu a pou\u017e\u00edvat pouze v pasivn\u00edm re\u017eimu chlazen\u00ed (se sn\u00ed\u017een\u00fdm maxim\u00e1ln\u00edm v\u00fdkonem).<\/p>\n<h3>Sv\u011bteln\u00e9 efekty<\/h3>\n<p>LED 160 BiColor je vybaven 9 sv\u011bteln\u00fdmi efekty, kter\u00e9 umo\u017e\u0148uj\u00ed simulovat sv\u011btlo vych\u00e1zej\u00edc\u00ed z rozbit\u00e9 z\u00e1\u0159ivky, oh\u0148ostroje, blesku (ve t\u0159ech variant\u00e1ch), bleskov\u00fdch \u017e\u00e1rovek (ve t\u0159ech variant\u00e1ch) a televize.<\/p>\n<h3>D\u00e1lkov\u00e9 ovl\u00e1d\u00e1n\u00ed<\/h3>\n<p>Do jednotky je zabudov\u00e1n r\u00e1diov\u00fd p\u0159ij\u00edma\u010d kompatibiln\u00ed s d\u00e1lkov\u00fdm ovl\u00e1d\u00e1n\u00edm GlareOne LED RC. Sv\u011btlo lze nav\u00edc ovl\u00e1dat bezdr\u00e1tov\u011b pomoc\u00ed aplikace GlareOne Studio.<\/p>\n<h3>Nap\u00e1jen\u00ed<\/h3>\n<p>GlareOne LED 160 BiColor D lze nap\u00e1jet ze dvou zdroj\u016f \u2013 ze s\u00edt\u011b AC pomoc\u00ed nap\u00e1jec\u00edho kabelu (sou\u010d\u00e1st\u00ed balen\u00ed) nebo pomoc\u00ed bateri\u00ed V-mount p\u0159es adapt\u00e9r GlareOne LEDAV (k dispozici samostatn\u011b). Jedna baterie V-mount (14,8 V) s kapacitou 220 Wh nap\u00e1j\u00ed lampu sv\u00edt\u00edc\u00ed na pln\u00fd v\u00fdkon po dobu a\u017e 100 minut (doba z\u00e1vis\u00ed do zna\u010dn\u00e9 m\u00edry na kvalit\u011b pou\u017eit\u00e9 baterie).<\/p>\n<h3>V\u0161estrannost<\/h3>\n<p>D\u00edky dr\u017e\u00e1ku p\u0159\u00edslu\u0161enstv\u00ed typu Bowens lze sv\u011btlo pou\u017e\u00edt s t\u00e9m\u011b\u0159 v\u0161emi modifik\u00e1tory sv\u011btla dostupn\u00fdmi na trhu, a\u0165 u\u017e od spole\u010dnosti GlareOne nebo od mnoha jin\u00fdch zna\u010dek. LED 160 lze pou\u017e\u00edt s celou \u0159adou softbox\u016f, snoot\u016f, klapek, reflektor\u016f, Fresnelov\u00fdch \u010do\u010dek atd.<\/p>\n<h3>Odolnost<\/h3>\n<p>Prvky rozhoduj\u00edc\u00ed pro dlouhou \u017eivotnost a vysok\u00fd komfort, tj. stativov\u00fd \u00fachyt a kryt, jsou vyrobeny z hlin\u00edku nebo oceli. Ostatn\u00ed \u010d\u00e1sti, jako je rukoje\u0165 a ovl\u00e1dac\u00ed knofl\u00edky, jsou vyrobeny z vysoce kvalitn\u00edho plastu pro dobrou ergonomii a pohodln\u00e9 ovl\u00e1d\u00e1n\u00ed.<\/p>\n<h3>V\u0161e v jednom<\/h3>\n<p>LED 160 se vyzna\u010duje kompaktn\u00edm jednod\u00edln\u00fdm designem, kter\u00fd usnad\u0148uje nejen p\u0159epravu, ale i skladov\u00e1n\u00ed.<\/p>\n<h3>Vlastnosti GlareOne LED 160 BiColor D:<\/h3>\n<ul>\n<li>kompaktn\u00ed a odoln\u00e9 pouzdro<\/li>\n<li>variabiln\u00ed barevn\u00e1 teplota v rozmez\u00ed 2700~6500K<\/li>\n<li>160W LED typu COB<\/li>\n<li>vysok\u00e1 \u00fa\u010dinnost a jas (&gt;55000 lux)<\/li>\n<li>velmi dobr\u00e1 barevn\u00e1 reprodukce (CRI &gt;97, TLCI &gt;98)<\/li>\n<li>mo\u017enost nap\u00e1jen\u00ed z bateri\u00ed s V-mount pomoc\u00ed adapt\u00e9ru GlareOne LEDAV (k dispozici samostatn\u011b)<\/li>\n<li>regulace jasu od 0 do 100 % v\u00fdkonu<\/li>\n<li>\u017e\u00e1dn\u00e9 blik\u00e1n\u00ed ani p\u0159i 400 fps<\/li>\n<li>vybaveno dr\u017e\u00e1kem Bowens<\/li>\n<li>d\u00e1lkov\u00e9 ovl\u00e1d\u00e1n\u00ed pomoc\u00ed GlareOne LED RC remote (k dispozici samostatn\u011b)<\/li>\n<li>kompatibiln\u00ed s aplikac\u00ed GlareOne Studio<\/li>\n<li>9 re\u017eim\u016f osv\u011btlen\u00ed simuluj\u00edc\u00edch blesk, televizn\u00ed obrazovku, rozbitou z\u00e1\u0159ivku atd.<\/li>\n<li>tich\u00fd a \u00fa\u010dinn\u00fd aktivn\u00ed chladic\u00ed syst\u00e9m (&lt;30 dB) s mo\u017enost\u00ed vypnut\u00ed ventil\u00e1toru<\/li>\n<li>integrovan\u00fd dr\u017e\u00e1k de\u0161tn\u00edku<\/li>\n<li>ergonomicky tvarovan\u00e1 rukoje\u0165 pro snadn\u00e9 nastaven\u00ed \u00fahlu<\/li>\n<\/ul>\n","protected":false},"excerpt":{"rendered":"<p><span style=\"color: #ff0000;\">Archivovan\u00fd produkt.<\/span><\/p>\n","protected":false},"featured_media":20551,"template":"","meta":[],"product_brand":[],"product_cat":[547],"product_tag":[],"class_list":{"0":"post-20549","1":"product","2":"type-product","3":"status-publish","4":"has-post-thumbnail","6":"product_cat-led-lampy-s-upevnenim-bowens","8":"first","9":"instock","10":"product-type-simple"},"yoast_head":"<!-- This site is optimized with the Yoast SEO plugin v27.2 - https:\/\/yoast.com\/product\/yoast-seo-wordpress\/ -->\n<title>GlareOne LED 160 BiColor D<\/title>\n<meta name=\"description\" content=\"GlareOne LED 160 BiColor D\" \/>\n<meta name=\"robots\" content=\"index, follow, max-snippet:-1, max-image-preview:large, max-video-preview:-1\" \/>\n<link rel=\"canonical\" href=\"https:\/\/glareone.eu\/cs\/produkt\/glareone-led-160-bicolor-d\/\" \/>\n<meta property=\"og:locale\" content=\"cs_CZ\" \/>\n<meta property=\"og:type\" content=\"article\" \/>\n<meta property=\"og:title\" content=\"GlareOne LED 160 BiColor D\" \/>\n<meta property=\"og:description\" content=\"GlareOne LED 160 BiColor D\" \/>\n<meta property=\"og:url\" content=\"https:\/\/glareone.eu\/cs\/produkt\/glareone-led-160-bicolor-d\/\" \/>\n<meta property=\"og:site_name\" content=\"GlareOne\" \/>\n<meta property=\"article:publisher\" content=\"https:\/\/www.facebook.com\/GlareOneLighting\" \/>\n<meta property=\"article:modified_time\" content=\"2025-10-30T09:11:50+00:00\" \/>\n<meta property=\"og:image\" content=\"https:\/\/glareone.eu\/wp-content\/uploads\/2024\/04\/GlareOne-LED-160-BiColor-002.jpg\" \/>\n\t<meta property=\"og:image:width\" content=\"1200\" \/>\n\t<meta property=\"og:image:height\" content=\"1200\" \/>\n\t<meta property=\"og:image:type\" content=\"image\/jpeg\" \/>\n<meta name=\"twitter:card\" content=\"summary_large_image\" \/>\n<meta name=\"twitter:title\" content=\"GlareOne LED 160 BiColor D\" \/>\n<meta name=\"twitter:label1\" content=\"Odhadovan\u00e1 doba \u010dten\u00ed\" \/>\n\t<meta name=\"twitter:data1\" content=\"3 minuty\" \/>\n<script type=\"application\/ld+json\" class=\"yoast-schema-graph\">{\"@context\":\"https:\/\/schema.org\",\"@graph\":[{\"@type\":\"WebPage\",\"@id\":\"https:\/\/glareone.eu\/cs\/produkt\/glareone-led-160-bicolor-d\/\",\"url\":\"https:\/\/glareone.eu\/cs\/produkt\/glareone-led-160-bicolor-d\/\",\"name\":\"GlareOne LED 160 BiColor D\",\"isPartOf\":{\"@id\":\"https:\/\/glareone.eu\/cs\/en\/#website\"},\"primaryImageOfPage\":{\"@id\":\"https:\/\/glareone.eu\/cs\/produkt\/glareone-led-160-bicolor-d\/#primaryimage\"},\"image\":{\"@id\":\"https:\/\/glareone.eu\/cs\/produkt\/glareone-led-160-bicolor-d\/#primaryimage\"},\"thumbnailUrl\":\"https:\/\/glareone.eu\/wp-content\/uploads\/2024\/04\/GlareOne-LED-160-BiColor-002.jpg\",\"datePublished\":\"2024-04-18T19:26:31+00:00\",\"dateModified\":\"2025-10-30T09:11:50+00:00\",\"description\":\"GlareOne LED 160 BiColor D\",\"breadcrumb\":{\"@id\":\"https:\/\/glareone.eu\/cs\/produkt\/glareone-led-160-bicolor-d\/#breadcrumb\"},\"inLanguage\":\"cs\",\"potentialAction\":[{\"@type\":\"ReadAction\",\"target\":[\"https:\/\/glareone.eu\/cs\/produkt\/glareone-led-160-bicolor-d\/\"]}]},{\"@type\":\"ImageObject\",\"inLanguage\":\"cs\",\"@id\":\"https:\/\/glareone.eu\/cs\/produkt\/glareone-led-160-bicolor-d\/#primaryimage\",\"url\":\"https:\/\/glareone.eu\/wp-content\/uploads\/2024\/04\/GlareOne-LED-160-BiColor-002.jpg\",\"contentUrl\":\"https:\/\/glareone.eu\/wp-content\/uploads\/2024\/04\/GlareOne-LED-160-BiColor-002.jpg\",\"width\":1200,\"height\":1200},{\"@type\":\"BreadcrumbList\",\"@id\":\"https:\/\/glareone.eu\/cs\/produkt\/glareone-led-160-bicolor-d\/#breadcrumb\",\"itemListElement\":[{\"@type\":\"ListItem\",\"position\":1,\"name\":\"Strona g\u0142\u00f3wna\",\"item\":\"https:\/\/glareone.eu\/cs\/\"},{\"@type\":\"ListItem\",\"position\":2,\"name\":\"V\u0161echny produkty\",\"item\":\"https:\/\/glareone.eu\/cs\/produkty\/vsechny-produkty\/\"},{\"@type\":\"ListItem\",\"position\":3,\"name\":\"GlareOne LED 160 BiColor D\"}]},{\"@type\":\"WebSite\",\"@id\":\"https:\/\/glareone.eu\/cs\/en\/#website\",\"url\":\"https:\/\/glareone.eu\/cs\/en\/\",\"name\":\"GlareOne\",\"description\":\"Wyposa\u017cenie Studia\",\"publisher\":{\"@id\":\"https:\/\/glareone.eu\/cs\/en\/#organization\"},\"potentialAction\":[{\"@type\":\"SearchAction\",\"target\":{\"@type\":\"EntryPoint\",\"urlTemplate\":\"https:\/\/glareone.eu\/cs\/en\/?s={search_term_string}\"},\"query-input\":{\"@type\":\"PropertyValueSpecification\",\"valueRequired\":true,\"valueName\":\"search_term_string\"}}],\"inLanguage\":\"cs\"},{\"@type\":\"Organization\",\"@id\":\"https:\/\/glareone.eu\/cs\/en\/#organization\",\"name\":\"GlareOne\",\"url\":\"https:\/\/glareone.eu\/cs\/en\/\",\"logo\":{\"@type\":\"ImageObject\",\"inLanguage\":\"cs\",\"@id\":\"https:\/\/glareone.eu\/cs\/en\/#\/schema\/logo\/image\/\",\"url\":\"http:\/\/glareone.eu\/wp-content\/uploads\/2024\/05\/glareone_logo2020_RGB-01-e1715773127189.png\",\"contentUrl\":\"http:\/\/glareone.eu\/wp-content\/uploads\/2024\/05\/glareone_logo2020_RGB-01-e1715773127189.png\",\"width\":1270,\"height\":321,\"caption\":\"GlareOne\"},\"image\":{\"@id\":\"https:\/\/glareone.eu\/cs\/en\/#\/schema\/logo\/image\/\"},\"sameAs\":[\"https:\/\/www.facebook.com\/GlareOneLighting\",\"https:\/\/www.instagram.com\/glareonelighting\/\",\"https:\/\/www.youtube.com\/@GlareOneTV\"]}]}<\/script>\n<!-- \/ Yoast SEO plugin. -->","yoast_head_json":{"title":"GlareOne LED 160 BiColor D","description":"GlareOne LED 160 BiColor D","robots":{"index":"index","follow":"follow","max-snippet":"max-snippet:-1","max-image-preview":"max-image-preview:large","max-video-preview":"max-video-preview:-1"},"canonical":"https:\/\/glareone.eu\/cs\/produkt\/glareone-led-160-bicolor-d\/","og_locale":"cs_CZ","og_type":"article","og_title":"GlareOne LED 160 BiColor D","og_description":"GlareOne LED 160 BiColor D","og_url":"https:\/\/glareone.eu\/cs\/produkt\/glareone-led-160-bicolor-d\/","og_site_name":"GlareOne","article_publisher":"https:\/\/www.facebook.com\/GlareOneLighting","article_modified_time":"2025-10-30T09:11:50+00:00","og_image":[{"width":1200,"height":1200,"url":"https:\/\/glareone.eu\/wp-content\/uploads\/2024\/04\/GlareOne-LED-160-BiColor-002.jpg","type":"image\/jpeg"}],"twitter_card":"summary_large_image","twitter_title":"GlareOne LED 160 BiColor D","twitter_misc":{"Odhadovan\u00e1 doba \u010dten\u00ed":"3 minuty"},"schema":{"@context":"https:\/\/schema.org","@graph":[{"@type":"WebPage","@id":"https:\/\/glareone.eu\/cs\/produkt\/glareone-led-160-bicolor-d\/","url":"https:\/\/glareone.eu\/cs\/produkt\/glareone-led-160-bicolor-d\/","name":"GlareOne LED 160 BiColor D","isPartOf":{"@id":"https:\/\/glareone.eu\/cs\/en\/#website"},"primaryImageOfPage":{"@id":"https:\/\/glareone.eu\/cs\/produkt\/glareone-led-160-bicolor-d\/#primaryimage"},"image":{"@id":"https:\/\/glareone.eu\/cs\/produkt\/glareone-led-160-bicolor-d\/#primaryimage"},"thumbnailUrl":"https:\/\/glareone.eu\/wp-content\/uploads\/2024\/04\/GlareOne-LED-160-BiColor-002.jpg","datePublished":"2024-04-18T19:26:31+00:00","dateModified":"2025-10-30T09:11:50+00:00","description":"GlareOne LED 160 BiColor D","breadcrumb":{"@id":"https:\/\/glareone.eu\/cs\/produkt\/glareone-led-160-bicolor-d\/#breadcrumb"},"inLanguage":"cs","potentialAction":[{"@type":"ReadAction","target":["https:\/\/glareone.eu\/cs\/produkt\/glareone-led-160-bicolor-d\/"]}]},{"@type":"ImageObject","inLanguage":"cs","@id":"https:\/\/glareone.eu\/cs\/produkt\/glareone-led-160-bicolor-d\/#primaryimage","url":"https:\/\/glareone.eu\/wp-content\/uploads\/2024\/04\/GlareOne-LED-160-BiColor-002.jpg","contentUrl":"https:\/\/glareone.eu\/wp-content\/uploads\/2024\/04\/GlareOne-LED-160-BiColor-002.jpg","width":1200,"height":1200},{"@type":"BreadcrumbList","@id":"https:\/\/glareone.eu\/cs\/produkt\/glareone-led-160-bicolor-d\/#breadcrumb","itemListElement":[{"@type":"ListItem","position":1,"name":"Strona g\u0142\u00f3wna","item":"https:\/\/glareone.eu\/cs\/"},{"@type":"ListItem","position":2,"name":"V\u0161echny produkty","item":"https:\/\/glareone.eu\/cs\/produkty\/vsechny-produkty\/"},{"@type":"ListItem","position":3,"name":"GlareOne LED 160 BiColor D"}]},{"@type":"WebSite","@id":"https:\/\/glareone.eu\/cs\/en\/#website","url":"https:\/\/glareone.eu\/cs\/en\/","name":"GlareOne","description":"Wyposa\u017cenie Studia","publisher":{"@id":"https:\/\/glareone.eu\/cs\/en\/#organization"},"potentialAction":[{"@type":"SearchAction","target":{"@type":"EntryPoint","urlTemplate":"https:\/\/glareone.eu\/cs\/en\/?s={search_term_string}"},"query-input":{"@type":"PropertyValueSpecification","valueRequired":true,"valueName":"search_term_string"}}],"inLanguage":"cs"},{"@type":"Organization","@id":"https:\/\/glareone.eu\/cs\/en\/#organization","name":"GlareOne","url":"https:\/\/glareone.eu\/cs\/en\/","logo":{"@type":"ImageObject","inLanguage":"cs","@id":"https:\/\/glareone.eu\/cs\/en\/#\/schema\/logo\/image\/","url":"http:\/\/glareone.eu\/wp-content\/uploads\/2024\/05\/glareone_logo2020_RGB-01-e1715773127189.png","contentUrl":"http:\/\/glareone.eu\/wp-content\/uploads\/2024\/05\/glareone_logo2020_RGB-01-e1715773127189.png","width":1270,"height":321,"caption":"GlareOne"},"image":{"@id":"https:\/\/glareone.eu\/cs\/en\/#\/schema\/logo\/image\/"},"sameAs":["https:\/\/www.facebook.com\/GlareOneLighting","https:\/\/www.instagram.com\/glareonelighting\/","https:\/\/www.youtube.com\/@GlareOneTV"]}]}},"_links":{"self":[{"href":"https:\/\/glareone.eu\/cs\/wp-json\/wp\/v2\/product\/20549","targetHints":{"allow":["GET"]}}],"collection":[{"href":"https:\/\/glareone.eu\/cs\/wp-json\/wp\/v2\/product"}],"about":[{"href":"https:\/\/glareone.eu\/cs\/wp-json\/wp\/v2\/types\/product"}],"wp:featuredmedia":[{"embeddable":true,"href":"https:\/\/glareone.eu\/cs\/wp-json\/wp\/v2\/media\/20551"}],"wp:attachment":[{"href":"https:\/\/glareone.eu\/cs\/wp-json\/wp\/v2\/media?parent=20549"}],"wp:term":[{"taxonomy":"product_brand","embeddable":true,"href":"https:\/\/glareone.eu\/cs\/wp-json\/wp\/v2\/product_brand?post=20549"},{"taxonomy":"product_cat","embeddable":true,"href":"https:\/\/glareone.eu\/cs\/wp-json\/wp\/v2\/product_cat?post=20549"},{"taxonomy":"product_tag","embeddable":true,"href":"https:\/\/glareone.eu\/cs\/wp-json\/wp\/v2\/product_tag?post=20549"}],"curies":[{"name":"wp","href":"https:\/\/api.w.org\/{rel}","templated":true}]}}