{"id":20525,"date":"2024-04-18T19:26:31","date_gmt":"2024-04-18T19:26:31","guid":{"rendered":"https:\/\/glareone.eu\/product\/glareone-spotlight-150mm\/"},"modified":"2025-07-09T12:14:33","modified_gmt":"2025-07-09T12:14:33","slug":"glareone-spotlight-150mm","status":"publish","type":"product","link":"https:\/\/glareone.eu\/cs\/produkt\/glareone-spotlight-150mm\/","title":{"rendered":"GlareOne Spotlight 150mm"},"content":{"rendered":"<p><span style=\"font-weight: 400;\">GlareOne Spotlight 150 mm je objektiv, kter\u00fd byl vytvo\u0159en ve spolupr\u00e1ci s Piotrem Wernerem, dlouholet\u00fdm ambasadorem zna\u010dky GlareOne. Piotr Werner vytv\u00e1\u0159\u00ed sn\u00edmky s velk\u00fdm charakterem a p\u0159i jejich tvorb\u011b si hraje se sv\u011btlem. GlareOne Spotlight 150 mm umo\u017e\u0148uje experimentovat se sv\u011btlem a dosahovat zaj\u00edmav\u00fdch efekt\u016f na fotografi\u00edch.<\/span><\/p>\n<p><span style=\"font-weight: 400;\">Objektiv je kompatibiln\u00ed se z\u00e1kladnou GlareOne Spotlight snoot. Konstrukce je vyrobena z kovu a umo\u017e\u0148uje nastaven\u00ed zaost\u0159en\u00ed prom\u00edtan\u00e9ho obrazu.<\/span><\/p>\n<h3><b>Objektivy GlareOne<\/b><\/h3>\n<p><span style=\"font-weight: 400;\">Objektivy v nab\u00eddce GlareOne jsou \u0161estielementov\u00e9 apochromatick\u00e9 objektivy s ohniskovou vzd\u00e1lenost\u00ed 50, 85 a 150 mm, kter\u00e9 umo\u017e\u0148uj\u00ed velmi ostr\u00e9 hrany sv\u011btla a st\u00edn\u016f. To je velmi d\u016fle\u017eit\u00e9, pokud chcete m\u00edt plnou kontrolu nad osv\u011btlen\u00edm na place. Objektiv je nav\u00edc navr\u017een tak, aby minimalizoval chromatickou aberaci, kter\u00e1 m\u016f\u017ee zp\u016fsobit zabarven\u00ed barev.<\/span><\/p>\n<h3><b>Kompatibilita<\/b><\/h3>\n<p><span style=\"font-weight: 400;\">Optick\u00e9 snooty se doporu\u010duj\u00ed pro pou\u017eit\u00ed s kontinu\u00e1ln\u00edm sv\u011btlem. S LED sv\u011btly poskytuj\u00ed rovnom\u011brn\u011b prom\u00edtan\u00fd sv\u011bteln\u00fd obraz. Spotlight lze pou\u017e\u00edt tak\u00e9 s bleskov\u00fdmi sv\u011btly. Je v\u0161ak d\u016fle\u017eit\u00e9 v\u011bd\u011bt, \u017ee p\u0159i pou\u017eit\u00ed reflektoru se z\u00e1bleskov\u00fdmi sv\u011btly, jako jsou Vega nebo Antares, m\u016f\u017ee b\u00fdt prom\u00edtan\u00fd kruh sv\u011btla v d\u016fsledku fyzick\u00e9 struktury z\u00e1bleskov\u00e9 trubice ve st\u0159edn\u00ed \u010d\u00e1sti m\u00edrn\u011b tmav\u0161\u00ed.<\/span><\/p>\n<h3><b>Barvy<\/b><\/h3>\n<p><span style=\"font-weight: 400;\">Objektiv je dod\u00e1v\u00e1n se sadou p\u011bti z\u00e1kladn\u00edch barevn\u00fdch filtr\u016f a speci\u00e1ln\u011b navr\u017een\u00fdm dr\u017e\u00e1kem filtr\u016f, kter\u00fd umo\u017e\u0148uje jejich p\u0159ipevn\u011bn\u00ed k p\u0159edn\u00ed \u010d\u00e1sti objektivu. To usnad\u0148uje pou\u017eit\u00ed filtr\u016f se zasouvac\u00edmi a efektn\u00edmi maskami.<\/span><\/p>\n<h3><b>Bajonet EF<\/b><\/h3>\n<p><span style=\"font-weight: 400;\">Objektivy GlareOne maj\u00ed bajonet EF a jsou kompatibiln\u00ed se z\u00e1kladnou snootu GlareOne Spotlight.<\/span><\/p>\n<h3><b>Vlastnosti produktu:<\/b><\/h3>\n<ul>\n<li style=\"font-weight: 400;\" aria-level=\"1\"><span style=\"font-weight: 400;\">150 mm apochromatick\u00fd objektiv<\/span><\/li>\n<li style=\"font-weight: 400;\" aria-level=\"1\"><span style=\"font-weight: 400;\">minim\u00e1ln\u00ed zaost\u0159ovac\u00ed vzd\u00e1lenost 100 cm<\/span><\/li>\n<li style=\"font-weight: 400;\" aria-level=\"1\"><span style=\"font-weight: 400;\">minim\u00e1ln\u00ed chromatick\u00e1 aberace a vysok\u00e1 ostrost<\/span><\/li>\n<\/ul>\n<ul>\n<li style=\"font-weight: 400;\" aria-level=\"1\"><span style=\"font-weight: 400;\">dod\u00e1v\u00e1no s p\u011bti barevn\u00fdmi filtry a dr\u017e\u00e1kem<\/span><\/li>\n<\/ul>\n<ul>\n<li style=\"font-weight: 400;\" aria-level=\"1\"><span style=\"font-weight: 400;\">pouzdro sou\u010d\u00e1st\u00ed objektivu<\/span><\/li>\n<\/ul>\n","protected":false},"excerpt":{"rendered":"<p>GlareOne Spotlight 150 mm je objektiv, kter\u00fd byl vytvo\u0159en ve spolupr\u00e1ci s Piotrem Wernerem, dlouholet\u00fdm ambasadorem zna\u010dky GlareOne. Piotr Werner vytv\u00e1\u0159\u00ed sn\u00edmky s velk\u00fdm charakterem a p\u0159i jejich tvorb\u011b si hraje se sv\u011btlem. GlareOne Spotlight 150 mm umo\u017e\u0148uje experimentovat se sv\u011btlem a dosahovat zaj\u00edmav\u00fdch efekt\u016f na fotografi\u00edch. Objektiv je kompatibiln\u00ed se z\u00e1kladnou GlareOne Spotlight snoot. [&hellip;]<\/p>\n","protected":false},"featured_media":20530,"template":"","meta":[],"product_brand":[],"product_cat":[565],"product_tag":[],"class_list":{"0":"post-20525","1":"product","2":"type-product","3":"status-publish","4":"has-post-thumbnail","6":"product_cat-korpus-a-projekcni-objektivy","8":"first","9":"instock","10":"product-type-simple"},"yoast_head":"<!-- This site is optimized with the Yoast SEO plugin v27.2 - https:\/\/yoast.com\/product\/yoast-seo-wordpress\/ -->\n<title>GlareOne Spotlight 150mm - obiektyw projekcyjny<\/title>\n<meta name=\"description\" content=\"GlareOne Spotlight 150mm - obiektyw projekcyjny\" \/>\n<meta name=\"robots\" content=\"index, follow, max-snippet:-1, max-image-preview:large, max-video-preview:-1\" \/>\n<link rel=\"canonical\" href=\"https:\/\/glareone.eu\/cs\/produkt\/glareone-spotlight-150mm\/\" \/>\n<meta property=\"og:locale\" content=\"cs_CZ\" \/>\n<meta property=\"og:type\" content=\"article\" \/>\n<meta property=\"og:title\" content=\"GlareOne Spotlight 150mm - obiektyw projekcyjny\" \/>\n<meta property=\"og:description\" content=\"GlareOne Spotlight 150mm - obiektyw projekcyjny\" \/>\n<meta property=\"og:url\" content=\"https:\/\/glareone.eu\/cs\/produkt\/glareone-spotlight-150mm\/\" \/>\n<meta property=\"og:site_name\" content=\"GlareOne\" \/>\n<meta property=\"article:publisher\" content=\"https:\/\/www.facebook.com\/GlareOneLighting\" \/>\n<meta property=\"article:modified_time\" content=\"2025-07-09T12:14:33+00:00\" \/>\n<meta property=\"og:image\" content=\"https:\/\/glareone.eu\/wp-content\/uploads\/2024\/04\/SSPOTLIGHT150L_01.jpg\" \/>\n\t<meta property=\"og:image:width\" content=\"1200\" \/>\n\t<meta property=\"og:image:height\" content=\"1200\" \/>\n\t<meta property=\"og:image:type\" content=\"image\/jpeg\" \/>\n<meta name=\"twitter:card\" content=\"summary_large_image\" \/>\n<meta name=\"twitter:title\" content=\"GlareOne Spotlight 150mm - obiektyw projekcyjny\" \/>\n<meta name=\"twitter:label1\" content=\"Odhadovan\u00e1 doba \u010dten\u00ed\" \/>\n\t<meta name=\"twitter:data1\" content=\"2 minuty\" \/>\n<script type=\"application\/ld+json\" class=\"yoast-schema-graph\">{\"@context\":\"https:\/\/schema.org\",\"@graph\":[{\"@type\":\"WebPage\",\"@id\":\"https:\/\/glareone.eu\/cs\/produkt\/glareone-spotlight-150mm\/\",\"url\":\"https:\/\/glareone.eu\/cs\/produkt\/glareone-spotlight-150mm\/\",\"name\":\"GlareOne Spotlight 150mm - obiektyw projekcyjny\",\"isPartOf\":{\"@id\":\"https:\/\/glareone.eu\/cs\/en\/#website\"},\"primaryImageOfPage\":{\"@id\":\"https:\/\/glareone.eu\/cs\/produkt\/glareone-spotlight-150mm\/#primaryimage\"},\"image\":{\"@id\":\"https:\/\/glareone.eu\/cs\/produkt\/glareone-spotlight-150mm\/#primaryimage\"},\"thumbnailUrl\":\"https:\/\/glareone.eu\/wp-content\/uploads\/2024\/04\/SSPOTLIGHT150L_01.jpg\",\"datePublished\":\"2024-04-18T19:26:31+00:00\",\"dateModified\":\"2025-07-09T12:14:33+00:00\",\"description\":\"GlareOne Spotlight 150mm - obiektyw projekcyjny\",\"breadcrumb\":{\"@id\":\"https:\/\/glareone.eu\/cs\/produkt\/glareone-spotlight-150mm\/#breadcrumb\"},\"inLanguage\":\"cs\",\"potentialAction\":[{\"@type\":\"ReadAction\",\"target\":[\"https:\/\/glareone.eu\/cs\/produkt\/glareone-spotlight-150mm\/\"]}]},{\"@type\":\"ImageObject\",\"inLanguage\":\"cs\",\"@id\":\"https:\/\/glareone.eu\/cs\/produkt\/glareone-spotlight-150mm\/#primaryimage\",\"url\":\"https:\/\/glareone.eu\/wp-content\/uploads\/2024\/04\/SSPOTLIGHT150L_01.jpg\",\"contentUrl\":\"https:\/\/glareone.eu\/wp-content\/uploads\/2024\/04\/SSPOTLIGHT150L_01.jpg\",\"width\":1200,\"height\":1200},{\"@type\":\"BreadcrumbList\",\"@id\":\"https:\/\/glareone.eu\/cs\/produkt\/glareone-spotlight-150mm\/#breadcrumb\",\"itemListElement\":[{\"@type\":\"ListItem\",\"position\":1,\"name\":\"Strona g\u0142\u00f3wna\",\"item\":\"https:\/\/glareone.eu\/cs\/\"},{\"@type\":\"ListItem\",\"position\":2,\"name\":\"V\u0161echny produkty\",\"item\":\"https:\/\/glareone.eu\/cs\/produkty\/vsechny-produkty\/\"},{\"@type\":\"ListItem\",\"position\":3,\"name\":\"GlareOne Spotlight 150mm\"}]},{\"@type\":\"WebSite\",\"@id\":\"https:\/\/glareone.eu\/cs\/en\/#website\",\"url\":\"https:\/\/glareone.eu\/cs\/en\/\",\"name\":\"GlareOne\",\"description\":\"Wyposa\u017cenie Studia\",\"publisher\":{\"@id\":\"https:\/\/glareone.eu\/cs\/en\/#organization\"},\"potentialAction\":[{\"@type\":\"SearchAction\",\"target\":{\"@type\":\"EntryPoint\",\"urlTemplate\":\"https:\/\/glareone.eu\/cs\/en\/?s={search_term_string}\"},\"query-input\":{\"@type\":\"PropertyValueSpecification\",\"valueRequired\":true,\"valueName\":\"search_term_string\"}}],\"inLanguage\":\"cs\"},{\"@type\":\"Organization\",\"@id\":\"https:\/\/glareone.eu\/cs\/en\/#organization\",\"name\":\"GlareOne\",\"url\":\"https:\/\/glareone.eu\/cs\/en\/\",\"logo\":{\"@type\":\"ImageObject\",\"inLanguage\":\"cs\",\"@id\":\"https:\/\/glareone.eu\/cs\/en\/#\/schema\/logo\/image\/\",\"url\":\"http:\/\/glareone.eu\/wp-content\/uploads\/2024\/05\/glareone_logo2020_RGB-01-e1715773127189.png\",\"contentUrl\":\"http:\/\/glareone.eu\/wp-content\/uploads\/2024\/05\/glareone_logo2020_RGB-01-e1715773127189.png\",\"width\":1270,\"height\":321,\"caption\":\"GlareOne\"},\"image\":{\"@id\":\"https:\/\/glareone.eu\/cs\/en\/#\/schema\/logo\/image\/\"},\"sameAs\":[\"https:\/\/www.facebook.com\/GlareOneLighting\",\"https:\/\/www.instagram.com\/glareonelighting\/\",\"https:\/\/www.youtube.com\/@GlareOneTV\"]}]}<\/script>\n<!-- \/ Yoast SEO plugin. -->","yoast_head_json":{"title":"GlareOne Spotlight 150mm - obiektyw projekcyjny","description":"GlareOne Spotlight 150mm - obiektyw projekcyjny","robots":{"index":"index","follow":"follow","max-snippet":"max-snippet:-1","max-image-preview":"max-image-preview:large","max-video-preview":"max-video-preview:-1"},"canonical":"https:\/\/glareone.eu\/cs\/produkt\/glareone-spotlight-150mm\/","og_locale":"cs_CZ","og_type":"article","og_title":"GlareOne Spotlight 150mm - obiektyw projekcyjny","og_description":"GlareOne Spotlight 150mm - obiektyw projekcyjny","og_url":"https:\/\/glareone.eu\/cs\/produkt\/glareone-spotlight-150mm\/","og_site_name":"GlareOne","article_publisher":"https:\/\/www.facebook.com\/GlareOneLighting","article_modified_time":"2025-07-09T12:14:33+00:00","og_image":[{"width":1200,"height":1200,"url":"https:\/\/glareone.eu\/wp-content\/uploads\/2024\/04\/SSPOTLIGHT150L_01.jpg","type":"image\/jpeg"}],"twitter_card":"summary_large_image","twitter_title":"GlareOne Spotlight 150mm - obiektyw projekcyjny","twitter_misc":{"Odhadovan\u00e1 doba \u010dten\u00ed":"2 minuty"},"schema":{"@context":"https:\/\/schema.org","@graph":[{"@type":"WebPage","@id":"https:\/\/glareone.eu\/cs\/produkt\/glareone-spotlight-150mm\/","url":"https:\/\/glareone.eu\/cs\/produkt\/glareone-spotlight-150mm\/","name":"GlareOne Spotlight 150mm - obiektyw projekcyjny","isPartOf":{"@id":"https:\/\/glareone.eu\/cs\/en\/#website"},"primaryImageOfPage":{"@id":"https:\/\/glareone.eu\/cs\/produkt\/glareone-spotlight-150mm\/#primaryimage"},"image":{"@id":"https:\/\/glareone.eu\/cs\/produkt\/glareone-spotlight-150mm\/#primaryimage"},"thumbnailUrl":"https:\/\/glareone.eu\/wp-content\/uploads\/2024\/04\/SSPOTLIGHT150L_01.jpg","datePublished":"2024-04-18T19:26:31+00:00","dateModified":"2025-07-09T12:14:33+00:00","description":"GlareOne Spotlight 150mm - obiektyw projekcyjny","breadcrumb":{"@id":"https:\/\/glareone.eu\/cs\/produkt\/glareone-spotlight-150mm\/#breadcrumb"},"inLanguage":"cs","potentialAction":[{"@type":"ReadAction","target":["https:\/\/glareone.eu\/cs\/produkt\/glareone-spotlight-150mm\/"]}]},{"@type":"ImageObject","inLanguage":"cs","@id":"https:\/\/glareone.eu\/cs\/produkt\/glareone-spotlight-150mm\/#primaryimage","url":"https:\/\/glareone.eu\/wp-content\/uploads\/2024\/04\/SSPOTLIGHT150L_01.jpg","contentUrl":"https:\/\/glareone.eu\/wp-content\/uploads\/2024\/04\/SSPOTLIGHT150L_01.jpg","width":1200,"height":1200},{"@type":"BreadcrumbList","@id":"https:\/\/glareone.eu\/cs\/produkt\/glareone-spotlight-150mm\/#breadcrumb","itemListElement":[{"@type":"ListItem","position":1,"name":"Strona g\u0142\u00f3wna","item":"https:\/\/glareone.eu\/cs\/"},{"@type":"ListItem","position":2,"name":"V\u0161echny produkty","item":"https:\/\/glareone.eu\/cs\/produkty\/vsechny-produkty\/"},{"@type":"ListItem","position":3,"name":"GlareOne Spotlight 150mm"}]},{"@type":"WebSite","@id":"https:\/\/glareone.eu\/cs\/en\/#website","url":"https:\/\/glareone.eu\/cs\/en\/","name":"GlareOne","description":"Wyposa\u017cenie Studia","publisher":{"@id":"https:\/\/glareone.eu\/cs\/en\/#organization"},"potentialAction":[{"@type":"SearchAction","target":{"@type":"EntryPoint","urlTemplate":"https:\/\/glareone.eu\/cs\/en\/?s={search_term_string}"},"query-input":{"@type":"PropertyValueSpecification","valueRequired":true,"valueName":"search_term_string"}}],"inLanguage":"cs"},{"@type":"Organization","@id":"https:\/\/glareone.eu\/cs\/en\/#organization","name":"GlareOne","url":"https:\/\/glareone.eu\/cs\/en\/","logo":{"@type":"ImageObject","inLanguage":"cs","@id":"https:\/\/glareone.eu\/cs\/en\/#\/schema\/logo\/image\/","url":"http:\/\/glareone.eu\/wp-content\/uploads\/2024\/05\/glareone_logo2020_RGB-01-e1715773127189.png","contentUrl":"http:\/\/glareone.eu\/wp-content\/uploads\/2024\/05\/glareone_logo2020_RGB-01-e1715773127189.png","width":1270,"height":321,"caption":"GlareOne"},"image":{"@id":"https:\/\/glareone.eu\/cs\/en\/#\/schema\/logo\/image\/"},"sameAs":["https:\/\/www.facebook.com\/GlareOneLighting","https:\/\/www.instagram.com\/glareonelighting\/","https:\/\/www.youtube.com\/@GlareOneTV"]}]}},"_links":{"self":[{"href":"https:\/\/glareone.eu\/cs\/wp-json\/wp\/v2\/product\/20525","targetHints":{"allow":["GET"]}}],"collection":[{"href":"https:\/\/glareone.eu\/cs\/wp-json\/wp\/v2\/product"}],"about":[{"href":"https:\/\/glareone.eu\/cs\/wp-json\/wp\/v2\/types\/product"}],"wp:featuredmedia":[{"embeddable":true,"href":"https:\/\/glareone.eu\/cs\/wp-json\/wp\/v2\/media\/20530"}],"wp:attachment":[{"href":"https:\/\/glareone.eu\/cs\/wp-json\/wp\/v2\/media?parent=20525"}],"wp:term":[{"taxonomy":"product_brand","embeddable":true,"href":"https:\/\/glareone.eu\/cs\/wp-json\/wp\/v2\/product_brand?post=20525"},{"taxonomy":"product_cat","embeddable":true,"href":"https:\/\/glareone.eu\/cs\/wp-json\/wp\/v2\/product_cat?post=20525"},{"taxonomy":"product_tag","embeddable":true,"href":"https:\/\/glareone.eu\/cs\/wp-json\/wp\/v2\/product_tag?post=20525"}],"curies":[{"name":"wp","href":"https:\/\/api.w.org\/{rel}","templated":true}]}}