{"id":20507,"date":"2024-04-18T19:26:31","date_gmt":"2024-04-18T19:26:31","guid":{"rendered":"https:\/\/glareone.eu\/product\/glareone-lantern-softbox-120-pro\/"},"modified":"2025-07-09T12:08:48","modified_gmt":"2025-07-09T12:08:48","slug":"glareone-lantern-softbox-120-pro","status":"publish","type":"product","link":"https:\/\/glareone.eu\/cs\/produkt\/glareone-lantern-softbox-120-pro\/","title":{"rendered":"GlareOne Lantern Softbox 120 PRO"},"content":{"rendered":"<p><span style=\"font-weight: 400;\">Sf\u00e9rick\u00fd softbox vybaven\u00fd mechanismem pro rychl\u00e9 uvoln\u011bn\u00ed, sukn\u00ed pro omezen\u00ed rozptylu sv\u011btla a krytem.<\/span><\/p>\n<h3><b>Sf\u00e9rick\u00fd<\/b><\/h3>\n<p><span style=\"font-weight: 400;\">Lantern vynik\u00e1 svou jedine\u010dnou sf\u00e9rickou konstrukc\u00ed, kter\u00e1 se v\u00fdrazn\u011b li\u0161\u00ed od ostatn\u00edch softbox\u016f. Tento tvar zaji\u0161\u0165uje rovnom\u011brn\u00e9 rozpt\u00fdlen\u00ed sv\u011btla na velkou plochu, d\u00edky \u010demu\u017e je Lantern ide\u00e1ln\u00ed jako zdroj dopl\u0148kov\u00e9ho sv\u011btla.<\/span><\/p>\n<h3><b>Ovl\u00e1d\u00e1n\u00ed sv\u011btla<\/b><\/h3>\n<p><span style=\"font-weight: 400;\">Hlavn\u00ed funkc\u00ed softboxu, jako je Lantern, je poskytovat v\u0161esm\u011brov\u00e9 dopl\u0148kov\u00e9 sv\u011btlo, kter\u00e9 je pot\u0159ebn\u00e9 na ka\u017ed\u00e9m nat\u00e1\u010den\u00ed. Z\u00e1rove\u0148 je nutn\u00e9 dobr\u00e9 ovl\u00e1d\u00e1n\u00ed rozptylu sv\u011btla, proto je Lantern vybaven sukn\u00ed. Tato funkce v\u00e1m umo\u017en\u00ed ovl\u00e1dat rozptyl sv\u011btla a zakr\u00fdt konkr\u00e9tn\u00ed \u010d\u00e1sti sc\u00e9ny. Sukn\u011b nen\u00ed z jednoho kusu l\u00e1tky, ale je tvo\u0159ena \u010dty\u0159mi samostatn\u00fdmi panely, kter\u00e9 lze podle situace zav\u00edrat a otev\u00edrat.<\/span><\/p>\n<h3><b>Snadn\u00e9 pou\u017eit\u00ed<\/b><\/h3>\n<p><span style=\"font-weight: 400;\">Lantern je zalo\u017een na snadno sestaviteln\u00e9m r\u00e1mu ve stylu de\u0161tn\u00edku. Sukn\u011b je p\u0159ipevn\u011bna such\u00fdm zipem, co\u017e zaru\u010duje rychlost a jednoduchost pou\u017eit\u00ed. Softbox je dod\u00e1v\u00e1n s praktick\u00fdm p\u0159enosn\u00fdm pouzdrem.<\/span><\/p>\n<h3><b>Vylep\u0161en\u00e9<\/b><\/h3>\n<p><span style=\"font-weight: 400;\">Sukn\u011b je z vnit\u0159n\u00ed strany laminov\u00e1na st\u0159\u00edbrnou reflexn\u00ed f\u00f3li\u00ed. Vn\u011bj\u0161\u00ed povrch je \u010dern\u00fd (matn\u00fd). Difuzor zodpov\u011bdn\u00fd za rozptyl sv\u011btla je vyroben z lehk\u00e9ho a odoln\u00e9ho ripstopov\u00e9ho nylonu. V\u0161echny materi\u00e1ly jsou vyb\u00edr\u00e1ny individu\u00e1ln\u011b. Je zachov\u00e1na jejich barevn\u00e1 neutralita, tak\u017ee softbox nem\u00e1 negativn\u00ed vliv na kvalitu sv\u011btla. Mont\u00e1\u017en\u00ed krou\u017eek je vyroben z eloxovan\u00e9ho hlin\u00edku a r\u00e1mov\u00e9 ty\u010de jsou ocelov\u00e9.<\/span><\/p>\n<h3><b>Vlastnosti produktu:<\/b><\/h3>\n<ul>\n<li style=\"font-weight: 400;\" aria-level=\"1\"><span style=\"font-weight: 400;\">snadn\u00e9 a rychl\u00e9 sestaven\u00ed<\/span><\/li>\n<li style=\"font-weight: 400;\" aria-level=\"1\"><span style=\"font-weight: 400;\">poskytuje m\u011bkk\u00e9 a siln\u011b rozpt\u00fdlen\u00e9 sv\u011btlo<\/span><\/li>\n<li style=\"font-weight: 400;\" aria-level=\"1\"><span style=\"font-weight: 400;\">Pr\u016fm\u011br 120 cm a sf\u00e9rick\u00fd tvar<\/span><\/li>\n<li style=\"font-weight: 400;\" aria-level=\"1\"><span style=\"font-weight: 400;\">Vybaveno sukn\u00ed, kter\u00e1 umo\u017e\u0148uje kontrolu nad distribuc\u00ed sv\u011btla<\/span><\/li>\n<li style=\"font-weight: 400;\" aria-level=\"1\"><span style=\"font-weight: 400;\">Vyrobeno z vysoce kvalitn\u00edch materi\u00e1l\u016f<\/span><\/li>\n<li style=\"font-weight: 400;\" aria-level=\"1\"><span style=\"font-weight: 400;\">R\u00e1m je cel\u00fd kovov\u00fd<\/span><\/li>\n<li style=\"font-weight: 400;\" aria-level=\"1\"><span style=\"font-weight: 400;\">M\u00e1 \u00fachyt typu Bowens<\/span><\/li>\n<li style=\"font-weight: 400;\" aria-level=\"1\"><span style=\"font-weight: 400;\">Dod\u00e1v\u00e1no v praktick\u00e9m p\u0159enosn\u00e9m pouzd\u0159e<\/span><\/li>\n<\/ul>\n","protected":false},"excerpt":{"rendered":"<p>Sf\u00e9rick\u00fd softbox vybaven\u00fd mechanismem pro rychl\u00e9 uvoln\u011bn\u00ed, sukn\u00ed pro omezen\u00ed rozptylu sv\u011btla a krytem. Sf\u00e9rick\u00fd Lantern vynik\u00e1 svou jedine\u010dnou sf\u00e9rickou konstrukc\u00ed, kter\u00e1 se v\u00fdrazn\u011b li\u0161\u00ed od ostatn\u00edch softbox\u016f. Tento tvar zaji\u0161\u0165uje rovnom\u011brn\u00e9 rozpt\u00fdlen\u00ed sv\u011btla na velkou plochu, d\u00edky \u010demu\u017e je Lantern ide\u00e1ln\u00ed jako zdroj dopl\u0148kov\u00e9ho sv\u011btla. Ovl\u00e1d\u00e1n\u00ed sv\u011btla Hlavn\u00ed funkc\u00ed softboxu, jako je Lantern, je [&hellip;]<\/p>\n","protected":false},"featured_media":20508,"template":"","meta":[],"product_brand":[],"product_cat":[561],"product_tag":[],"class_list":{"0":"post-20507","1":"product","2":"type-product","3":"status-publish","4":"has-post-thumbnail","6":"product_cat-pro-cs","8":"first","9":"instock","10":"product-type-simple"},"yoast_head":"<!-- This site is optimized with the Yoast SEO plugin v27.2 - https:\/\/yoast.com\/product\/yoast-seo-wordpress\/ -->\n<title>GlareOne Lantern Softbox 120 PRO - zestaw z fartuchem<\/title>\n<meta name=\"description\" content=\"GlareOne Lantern Softbox 120 PRO - zestaw z fartuchem\" \/>\n<meta name=\"robots\" content=\"index, follow, max-snippet:-1, max-image-preview:large, max-video-preview:-1\" \/>\n<link rel=\"canonical\" href=\"https:\/\/glareone.eu\/cs\/produkt\/glareone-lantern-softbox-120-pro\/\" \/>\n<meta property=\"og:locale\" content=\"cs_CZ\" \/>\n<meta property=\"og:type\" content=\"article\" \/>\n<meta property=\"og:title\" content=\"GlareOne Lantern Softbox 120 PRO - zestaw z fartuchem\" \/>\n<meta property=\"og:description\" content=\"GlareOne Lantern Softbox 120 PRO - zestaw z fartuchem\" \/>\n<meta property=\"og:url\" content=\"https:\/\/glareone.eu\/cs\/produkt\/glareone-lantern-softbox-120-pro\/\" \/>\n<meta property=\"og:site_name\" content=\"GlareOne\" \/>\n<meta property=\"article:publisher\" content=\"https:\/\/www.facebook.com\/GlareOneLighting\" \/>\n<meta property=\"article:modified_time\" content=\"2025-07-09T12:08:48+00:00\" \/>\n<meta property=\"og:image\" content=\"https:\/\/glareone.eu\/wp-content\/uploads\/2024\/04\/GlareOne-Lantern-Softbox-120-PRO-01.jpg\" \/>\n\t<meta property=\"og:image:width\" content=\"1200\" \/>\n\t<meta property=\"og:image:height\" content=\"1200\" \/>\n\t<meta property=\"og:image:type\" content=\"image\/jpeg\" \/>\n<meta name=\"twitter:card\" content=\"summary_large_image\" \/>\n<meta name=\"twitter:title\" content=\"GlareOne Lantern Softbox 120 PRO - zestaw z fartuchem\" \/>\n<meta name=\"twitter:label1\" content=\"Odhadovan\u00e1 doba \u010dten\u00ed\" \/>\n\t<meta name=\"twitter:data1\" content=\"2 minuty\" \/>\n<script type=\"application\/ld+json\" class=\"yoast-schema-graph\">{\"@context\":\"https:\/\/schema.org\",\"@graph\":[{\"@type\":\"WebPage\",\"@id\":\"https:\/\/glareone.eu\/cs\/produkt\/glareone-lantern-softbox-120-pro\/\",\"url\":\"https:\/\/glareone.eu\/cs\/produkt\/glareone-lantern-softbox-120-pro\/\",\"name\":\"GlareOne Lantern Softbox 120 PRO - zestaw z fartuchem\",\"isPartOf\":{\"@id\":\"https:\/\/glareone.eu\/cs\/en\/#website\"},\"primaryImageOfPage\":{\"@id\":\"https:\/\/glareone.eu\/cs\/produkt\/glareone-lantern-softbox-120-pro\/#primaryimage\"},\"image\":{\"@id\":\"https:\/\/glareone.eu\/cs\/produkt\/glareone-lantern-softbox-120-pro\/#primaryimage\"},\"thumbnailUrl\":\"https:\/\/glareone.eu\/wp-content\/uploads\/2024\/04\/GlareOne-Lantern-Softbox-120-PRO-01.jpg\",\"datePublished\":\"2024-04-18T19:26:31+00:00\",\"dateModified\":\"2025-07-09T12:08:48+00:00\",\"description\":\"GlareOne Lantern Softbox 120 PRO - zestaw z fartuchem\",\"breadcrumb\":{\"@id\":\"https:\/\/glareone.eu\/cs\/produkt\/glareone-lantern-softbox-120-pro\/#breadcrumb\"},\"inLanguage\":\"cs\",\"potentialAction\":[{\"@type\":\"ReadAction\",\"target\":[\"https:\/\/glareone.eu\/cs\/produkt\/glareone-lantern-softbox-120-pro\/\"]}]},{\"@type\":\"ImageObject\",\"inLanguage\":\"cs\",\"@id\":\"https:\/\/glareone.eu\/cs\/produkt\/glareone-lantern-softbox-120-pro\/#primaryimage\",\"url\":\"https:\/\/glareone.eu\/wp-content\/uploads\/2024\/04\/GlareOne-Lantern-Softbox-120-PRO-01.jpg\",\"contentUrl\":\"https:\/\/glareone.eu\/wp-content\/uploads\/2024\/04\/GlareOne-Lantern-Softbox-120-PRO-01.jpg\",\"width\":1200,\"height\":1200},{\"@type\":\"BreadcrumbList\",\"@id\":\"https:\/\/glareone.eu\/cs\/produkt\/glareone-lantern-softbox-120-pro\/#breadcrumb\",\"itemListElement\":[{\"@type\":\"ListItem\",\"position\":1,\"name\":\"Strona g\u0142\u00f3wna\",\"item\":\"https:\/\/glareone.eu\/cs\/\"},{\"@type\":\"ListItem\",\"position\":2,\"name\":\"V\u0161echny produkty\",\"item\":\"https:\/\/glareone.eu\/cs\/produkty\/vsechny-produkty\/\"},{\"@type\":\"ListItem\",\"position\":3,\"name\":\"GlareOne Lantern Softbox 120 PRO\"}]},{\"@type\":\"WebSite\",\"@id\":\"https:\/\/glareone.eu\/cs\/en\/#website\",\"url\":\"https:\/\/glareone.eu\/cs\/en\/\",\"name\":\"GlareOne\",\"description\":\"Wyposa\u017cenie Studia\",\"publisher\":{\"@id\":\"https:\/\/glareone.eu\/cs\/en\/#organization\"},\"potentialAction\":[{\"@type\":\"SearchAction\",\"target\":{\"@type\":\"EntryPoint\",\"urlTemplate\":\"https:\/\/glareone.eu\/cs\/en\/?s={search_term_string}\"},\"query-input\":{\"@type\":\"PropertyValueSpecification\",\"valueRequired\":true,\"valueName\":\"search_term_string\"}}],\"inLanguage\":\"cs\"},{\"@type\":\"Organization\",\"@id\":\"https:\/\/glareone.eu\/cs\/en\/#organization\",\"name\":\"GlareOne\",\"url\":\"https:\/\/glareone.eu\/cs\/en\/\",\"logo\":{\"@type\":\"ImageObject\",\"inLanguage\":\"cs\",\"@id\":\"https:\/\/glareone.eu\/cs\/en\/#\/schema\/logo\/image\/\",\"url\":\"http:\/\/glareone.eu\/wp-content\/uploads\/2024\/05\/glareone_logo2020_RGB-01-e1715773127189.png\",\"contentUrl\":\"http:\/\/glareone.eu\/wp-content\/uploads\/2024\/05\/glareone_logo2020_RGB-01-e1715773127189.png\",\"width\":1270,\"height\":321,\"caption\":\"GlareOne\"},\"image\":{\"@id\":\"https:\/\/glareone.eu\/cs\/en\/#\/schema\/logo\/image\/\"},\"sameAs\":[\"https:\/\/www.facebook.com\/GlareOneLighting\",\"https:\/\/www.instagram.com\/glareonelighting\/\",\"https:\/\/www.youtube.com\/@GlareOneTV\"]}]}<\/script>\n<!-- \/ Yoast SEO plugin. -->","yoast_head_json":{"title":"GlareOne Lantern Softbox 120 PRO - zestaw z fartuchem","description":"GlareOne Lantern Softbox 120 PRO - zestaw z fartuchem","robots":{"index":"index","follow":"follow","max-snippet":"max-snippet:-1","max-image-preview":"max-image-preview:large","max-video-preview":"max-video-preview:-1"},"canonical":"https:\/\/glareone.eu\/cs\/produkt\/glareone-lantern-softbox-120-pro\/","og_locale":"cs_CZ","og_type":"article","og_title":"GlareOne Lantern Softbox 120 PRO - zestaw z fartuchem","og_description":"GlareOne Lantern Softbox 120 PRO - zestaw z fartuchem","og_url":"https:\/\/glareone.eu\/cs\/produkt\/glareone-lantern-softbox-120-pro\/","og_site_name":"GlareOne","article_publisher":"https:\/\/www.facebook.com\/GlareOneLighting","article_modified_time":"2025-07-09T12:08:48+00:00","og_image":[{"width":1200,"height":1200,"url":"https:\/\/glareone.eu\/wp-content\/uploads\/2024\/04\/GlareOne-Lantern-Softbox-120-PRO-01.jpg","type":"image\/jpeg"}],"twitter_card":"summary_large_image","twitter_title":"GlareOne Lantern Softbox 120 PRO - zestaw z fartuchem","twitter_misc":{"Odhadovan\u00e1 doba \u010dten\u00ed":"2 minuty"},"schema":{"@context":"https:\/\/schema.org","@graph":[{"@type":"WebPage","@id":"https:\/\/glareone.eu\/cs\/produkt\/glareone-lantern-softbox-120-pro\/","url":"https:\/\/glareone.eu\/cs\/produkt\/glareone-lantern-softbox-120-pro\/","name":"GlareOne Lantern Softbox 120 PRO - zestaw z fartuchem","isPartOf":{"@id":"https:\/\/glareone.eu\/cs\/en\/#website"},"primaryImageOfPage":{"@id":"https:\/\/glareone.eu\/cs\/produkt\/glareone-lantern-softbox-120-pro\/#primaryimage"},"image":{"@id":"https:\/\/glareone.eu\/cs\/produkt\/glareone-lantern-softbox-120-pro\/#primaryimage"},"thumbnailUrl":"https:\/\/glareone.eu\/wp-content\/uploads\/2024\/04\/GlareOne-Lantern-Softbox-120-PRO-01.jpg","datePublished":"2024-04-18T19:26:31+00:00","dateModified":"2025-07-09T12:08:48+00:00","description":"GlareOne Lantern Softbox 120 PRO - zestaw z fartuchem","breadcrumb":{"@id":"https:\/\/glareone.eu\/cs\/produkt\/glareone-lantern-softbox-120-pro\/#breadcrumb"},"inLanguage":"cs","potentialAction":[{"@type":"ReadAction","target":["https:\/\/glareone.eu\/cs\/produkt\/glareone-lantern-softbox-120-pro\/"]}]},{"@type":"ImageObject","inLanguage":"cs","@id":"https:\/\/glareone.eu\/cs\/produkt\/glareone-lantern-softbox-120-pro\/#primaryimage","url":"https:\/\/glareone.eu\/wp-content\/uploads\/2024\/04\/GlareOne-Lantern-Softbox-120-PRO-01.jpg","contentUrl":"https:\/\/glareone.eu\/wp-content\/uploads\/2024\/04\/GlareOne-Lantern-Softbox-120-PRO-01.jpg","width":1200,"height":1200},{"@type":"BreadcrumbList","@id":"https:\/\/glareone.eu\/cs\/produkt\/glareone-lantern-softbox-120-pro\/#breadcrumb","itemListElement":[{"@type":"ListItem","position":1,"name":"Strona g\u0142\u00f3wna","item":"https:\/\/glareone.eu\/cs\/"},{"@type":"ListItem","position":2,"name":"V\u0161echny produkty","item":"https:\/\/glareone.eu\/cs\/produkty\/vsechny-produkty\/"},{"@type":"ListItem","position":3,"name":"GlareOne Lantern Softbox 120 PRO"}]},{"@type":"WebSite","@id":"https:\/\/glareone.eu\/cs\/en\/#website","url":"https:\/\/glareone.eu\/cs\/en\/","name":"GlareOne","description":"Wyposa\u017cenie Studia","publisher":{"@id":"https:\/\/glareone.eu\/cs\/en\/#organization"},"potentialAction":[{"@type":"SearchAction","target":{"@type":"EntryPoint","urlTemplate":"https:\/\/glareone.eu\/cs\/en\/?s={search_term_string}"},"query-input":{"@type":"PropertyValueSpecification","valueRequired":true,"valueName":"search_term_string"}}],"inLanguage":"cs"},{"@type":"Organization","@id":"https:\/\/glareone.eu\/cs\/en\/#organization","name":"GlareOne","url":"https:\/\/glareone.eu\/cs\/en\/","logo":{"@type":"ImageObject","inLanguage":"cs","@id":"https:\/\/glareone.eu\/cs\/en\/#\/schema\/logo\/image\/","url":"http:\/\/glareone.eu\/wp-content\/uploads\/2024\/05\/glareone_logo2020_RGB-01-e1715773127189.png","contentUrl":"http:\/\/glareone.eu\/wp-content\/uploads\/2024\/05\/glareone_logo2020_RGB-01-e1715773127189.png","width":1270,"height":321,"caption":"GlareOne"},"image":{"@id":"https:\/\/glareone.eu\/cs\/en\/#\/schema\/logo\/image\/"},"sameAs":["https:\/\/www.facebook.com\/GlareOneLighting","https:\/\/www.instagram.com\/glareonelighting\/","https:\/\/www.youtube.com\/@GlareOneTV"]}]}},"_links":{"self":[{"href":"https:\/\/glareone.eu\/cs\/wp-json\/wp\/v2\/product\/20507","targetHints":{"allow":["GET"]}}],"collection":[{"href":"https:\/\/glareone.eu\/cs\/wp-json\/wp\/v2\/product"}],"about":[{"href":"https:\/\/glareone.eu\/cs\/wp-json\/wp\/v2\/types\/product"}],"wp:featuredmedia":[{"embeddable":true,"href":"https:\/\/glareone.eu\/cs\/wp-json\/wp\/v2\/media\/20508"}],"wp:attachment":[{"href":"https:\/\/glareone.eu\/cs\/wp-json\/wp\/v2\/media?parent=20507"}],"wp:term":[{"taxonomy":"product_brand","embeddable":true,"href":"https:\/\/glareone.eu\/cs\/wp-json\/wp\/v2\/product_brand?post=20507"},{"taxonomy":"product_cat","embeddable":true,"href":"https:\/\/glareone.eu\/cs\/wp-json\/wp\/v2\/product_cat?post=20507"},{"taxonomy":"product_tag","embeddable":true,"href":"https:\/\/glareone.eu\/cs\/wp-json\/wp\/v2\/product_tag?post=20507"}],"curies":[{"name":"wp","href":"https:\/\/api.w.org\/{rel}","templated":true}]}}