{"id":20468,"date":"2024-04-18T19:26:29","date_gmt":"2024-04-18T19:26:29","guid":{"rendered":"https:\/\/glareone.eu\/product\/glareone-vega-400-starter-kit\/"},"modified":"2025-07-09T11:49:52","modified_gmt":"2025-07-09T11:49:52","slug":"glareone-vega-400-starter-kit","status":"publish","type":"product","link":"https:\/\/glareone.eu\/cs\/produkt\/glareone-vega-400-starter-kit\/","title":{"rendered":"GlareOne Vega 400 Starter Kit"},"content":{"rendered":"<p>Startovac\u00ed sada pro studiov\u00e9 fotografov\u00e1n\u00ed v\u010detn\u011b 2 sv\u011btel, r\u00e1diov\u00e9ho vys\u00edla\u010de Flash RC, 2 stojan\u016f, standardn\u00edho reflektoru GlareOne, b\u00edl\u00e9ho de\u0161tn\u00edku 100 cm a pr\u016fhledn\u00e9ho de\u0161tn\u00edku 100 cm.<\/p>\n<p>Startovac\u00ed sada GlareOne Vega 400 je kompletn\u00ed sada pro vstup do sv\u011bta studiov\u00e9 fotografie. Obsahuje:<\/p>\n<ul>\n<li>2 kompaktn\u00ed lampy GlareOne Vega 400 s v\u00fdkonem 400 Ws. (nap\u00e1jec\u00ed kabel je sou\u010d\u00e1st\u00ed balen\u00ed, reflektor nen\u00ed sou\u010d\u00e1st\u00ed balen\u00ed Vega 400)<\/li>\n<li>Vys\u00edla\u010d GlareOne Flash RC pro d\u00e1lkov\u00e9 ovl\u00e1d\u00e1n\u00ed a spou\u0161t\u011bn\u00ed lamp Vega.<\/li>\n<li>2 stojany GlareOne Black 220 s maxim\u00e1ln\u00ed v\u00fd\u0161kou 220 cm.<\/li>\n<li>Standardn\u00ed reflektor GlareOne.<\/li>\n<li>B\u00edl\u00fd de\u0161tn\u00edk 100 cm.<\/li>\n<li>Pr\u016fhledn\u00fd de\u0161tn\u00edk 100 cm.<\/li>\n<li>Kabel pro EU a UK<\/li>\n<\/ul>\n<h3>Po\u017eit\u00ed<\/h3>\n<p>GlareOne Vega 400 Starter Kit v\u00e1m umo\u017en\u00ed nau\u010dit se z\u00e1klady studiov\u00e9 fotografie. Je ide\u00e1ln\u00ed pro dom\u00e1c\u00ed studio a lze jej roz\u0161\u00ed\u0159it o dal\u0161\u00ed p\u0159\u00edslu\u0161enstv\u00ed pro modelov\u00e1n\u00ed sv\u011btla, jako jsou reflektory nebo klapky. M\u016f\u017eete jej pou\u017e\u00edt k po\u0159izov\u00e1n\u00ed \u00fa\u017easn\u00fdch portr\u00e9t\u016f osv\u011btlen\u00fdch m\u011bkk\u00fdm sv\u011btlem, z\u00e1ti\u0161\u00ed a produktov\u00fdch fotografi\u00ed. Pokud za\u010d\u00edn\u00e1te s fotografov\u00e1n\u00edm ve studiu a je\u0161t\u011b nev\u00edte, jak\u00fdm druhem fotografie se budete zab\u00fdvat, bude pro v\u00e1s Vega Starter Kit ide\u00e1ln\u00ed volbou.<\/p>\n<h3>Vlastnosti GlareOne Vega 400<\/h3>\n<ul>\n<li>Snadno pou\u017eiteln\u00fd a univerz\u00e1ln\u00ed blesk 400 Ws<\/li>\n<li>Lehk\u00fd, extr\u00e9mn\u011b kompaktn\u00ed a snadno p\u0159enosn\u00fd<\/li>\n<li>Stabiln\u00ed barevn\u00e1 teplota (5500 \u00b1 200 K) v cel\u00e9m rozsahu nastaven\u00ed v\u00fdkonu blesku<\/li>\n<li>Nastaviteln\u00fd v\u00fdkon v 6 \u00farovn\u00edch clony (1\/1~1\/32)<\/li>\n<li>Velmi kr\u00e1tk\u00e1 doba nab\u00edjen\u00ed \u2013 pouze 0,9 s p\u0159i pln\u00e9m v\u00fdkonu<\/li>\n<li>M\u00e1 15W LED kontrolku (ekvivalentn\u00ed halogenov\u00e9 \u017e\u00e1rovce o v\u00fdkonu p\u0159ibli\u017en\u011b 150 W)<\/li>\n<li>Vybaveno dr\u017e\u00e1kem pro modifik\u00e1tory sv\u011btla typu Bowens<\/li>\n<li>Vestav\u011bn\u00fd r\u00e1diov\u00fd p\u0159ij\u00edma\u010d kompatibiln\u00ed se spou\u0161t\u011b\u010dem GlareOne Flash RC (k dispozici samostatn\u011b)<\/li>\n<li>Lze p\u0159i\u0159adit do jedn\u00e9 ze 16 skupin lamp s 32 komunika\u010dn\u00edmi kan\u00e1ly<\/li>\n<li>Vybaven fotobu\u0148kou a standardn\u00ed 3,5mm synchroniza\u010dn\u00ed z\u00e1suvkou<\/li>\n<li>V\u00fdkonn\u00fd aktivn\u00ed chladic\u00ed syst\u00e9m a teplotn\u00ed pojistka<\/li>\n<li>Dr\u017e\u00e1k de\u0161tn\u00edku integrovan\u00fd do stativov\u00e9ho \u00fachytu<\/li>\n<li>Ergonomicky tvarovan\u00e1 rukoje\u0165 umo\u017e\u0148uj\u00edc\u00ed nastaven\u00ed \u00fahlu<\/li>\n<li>Dod\u00e1v\u00e1no s nap\u00e1jec\u00edm kabelem, ochrann\u00fdm krytem a n\u00e1vodem k pou\u017eit\u00ed<\/li>\n<\/ul>\n","protected":false},"excerpt":{"rendered":"<p>Startovac\u00ed sada pro studiov\u00e9 fotografov\u00e1n\u00ed v\u010detn\u011b 2 sv\u011btel, r\u00e1diov\u00e9ho vys\u00edla\u010de Flash RC, 2 stojan\u016f, standardn\u00edho reflektoru GlareOne, b\u00edl\u00e9ho de\u0161tn\u00edku 100 cm a pr\u016fhledn\u00e9ho de\u0161tn\u00edku 100 cm. Startovac\u00ed sada GlareOne Vega 400 je kompletn\u00ed sada pro vstup do sv\u011bta studiov\u00e9 fotografie. Obsahuje: 2 kompaktn\u00ed lampy GlareOne Vega 400 s v\u00fdkonem 400 Ws. (nap\u00e1jec\u00ed kabel je sou\u010d\u00e1st\u00ed [&hellip;]<\/p>\n","protected":false},"featured_media":20476,"template":"","meta":[],"product_brand":[],"product_cat":[568],"product_tag":[],"class_list":{"0":"post-20468","1":"product","2":"type-product","3":"status-publish","4":"has-post-thumbnail","6":"product_cat-vega-cs","8":"first","9":"instock","10":"product-type-simple"},"yoast_head":"<!-- This site is optimized with the Yoast SEO plugin v27.2 - https:\/\/yoast.com\/product\/yoast-seo-wordpress\/ -->\n<title>GlareOne Vega 400 Starter Kit - zestaw o\u015bwietlenia studyjnego<\/title>\n<meta name=\"description\" content=\"GlareOne Vega 400 Starter Kit - zestaw o\u015bwietlenia studyjnego\" \/>\n<meta name=\"robots\" content=\"index, follow, max-snippet:-1, max-image-preview:large, max-video-preview:-1\" \/>\n<link rel=\"canonical\" href=\"https:\/\/glareone.eu\/cs\/produkt\/glareone-vega-400-starter-kit\/\" \/>\n<meta property=\"og:locale\" content=\"cs_CZ\" \/>\n<meta property=\"og:type\" content=\"article\" \/>\n<meta property=\"og:title\" content=\"GlareOne Vega 400 Starter Kit - zestaw o\u015bwietlenia studyjnego\" \/>\n<meta property=\"og:description\" content=\"GlareOne Vega 400 Starter Kit - zestaw o\u015bwietlenia studyjnego\" \/>\n<meta property=\"og:url\" content=\"https:\/\/glareone.eu\/cs\/produkt\/glareone-vega-400-starter-kit\/\" \/>\n<meta property=\"og:site_name\" content=\"GlareOne\" \/>\n<meta property=\"article:publisher\" content=\"https:\/\/www.facebook.com\/GlareOneLighting\" \/>\n<meta property=\"article:modified_time\" content=\"2025-07-09T11:49:52+00:00\" \/>\n<meta property=\"og:image\" content=\"https:\/\/glareone.eu\/wp-content\/uploads\/2024\/04\/SVEGA400KITS_01-min.jpg\" \/>\n\t<meta property=\"og:image:width\" content=\"1200\" \/>\n\t<meta property=\"og:image:height\" content=\"1200\" \/>\n\t<meta property=\"og:image:type\" content=\"image\/jpeg\" \/>\n<meta name=\"twitter:card\" content=\"summary_large_image\" \/>\n<meta name=\"twitter:title\" content=\"GlareOne Vega 400 Starter Kit - zestaw o\u015bwietlenia studyjnego\" \/>\n<meta name=\"twitter:label1\" content=\"Odhadovan\u00e1 doba \u010dten\u00ed\" \/>\n\t<meta name=\"twitter:data1\" content=\"2 minuty\" \/>\n<script type=\"application\/ld+json\" class=\"yoast-schema-graph\">{\"@context\":\"https:\/\/schema.org\",\"@graph\":[{\"@type\":\"WebPage\",\"@id\":\"https:\/\/glareone.eu\/cs\/produkt\/glareone-vega-400-starter-kit\/\",\"url\":\"https:\/\/glareone.eu\/cs\/produkt\/glareone-vega-400-starter-kit\/\",\"name\":\"GlareOne Vega 400 Starter Kit - zestaw o\u015bwietlenia studyjnego\",\"isPartOf\":{\"@id\":\"https:\/\/glareone.eu\/cs\/en\/#website\"},\"primaryImageOfPage\":{\"@id\":\"https:\/\/glareone.eu\/cs\/produkt\/glareone-vega-400-starter-kit\/#primaryimage\"},\"image\":{\"@id\":\"https:\/\/glareone.eu\/cs\/produkt\/glareone-vega-400-starter-kit\/#primaryimage\"},\"thumbnailUrl\":\"https:\/\/glareone.eu\/wp-content\/uploads\/2024\/04\/SVEGA400KITS_01-min.jpg\",\"datePublished\":\"2024-04-18T19:26:29+00:00\",\"dateModified\":\"2025-07-09T11:49:52+00:00\",\"description\":\"GlareOne Vega 400 Starter Kit - zestaw o\u015bwietlenia studyjnego\",\"breadcrumb\":{\"@id\":\"https:\/\/glareone.eu\/cs\/produkt\/glareone-vega-400-starter-kit\/#breadcrumb\"},\"inLanguage\":\"cs\",\"potentialAction\":[{\"@type\":\"ReadAction\",\"target\":[\"https:\/\/glareone.eu\/cs\/produkt\/glareone-vega-400-starter-kit\/\"]}]},{\"@type\":\"ImageObject\",\"inLanguage\":\"cs\",\"@id\":\"https:\/\/glareone.eu\/cs\/produkt\/glareone-vega-400-starter-kit\/#primaryimage\",\"url\":\"https:\/\/glareone.eu\/wp-content\/uploads\/2024\/04\/SVEGA400KITS_01-min.jpg\",\"contentUrl\":\"https:\/\/glareone.eu\/wp-content\/uploads\/2024\/04\/SVEGA400KITS_01-min.jpg\",\"width\":1200,\"height\":1200},{\"@type\":\"BreadcrumbList\",\"@id\":\"https:\/\/glareone.eu\/cs\/produkt\/glareone-vega-400-starter-kit\/#breadcrumb\",\"itemListElement\":[{\"@type\":\"ListItem\",\"position\":1,\"name\":\"Strona g\u0142\u00f3wna\",\"item\":\"https:\/\/glareone.eu\/cs\/\"},{\"@type\":\"ListItem\",\"position\":2,\"name\":\"V\u0161echny produkty\",\"item\":\"https:\/\/glareone.eu\/cs\/produkty\/vsechny-produkty\/\"},{\"@type\":\"ListItem\",\"position\":3,\"name\":\"GlareOne Vega 400 Starter Kit\"}]},{\"@type\":\"WebSite\",\"@id\":\"https:\/\/glareone.eu\/cs\/en\/#website\",\"url\":\"https:\/\/glareone.eu\/cs\/en\/\",\"name\":\"GlareOne\",\"description\":\"Wyposa\u017cenie Studia\",\"publisher\":{\"@id\":\"https:\/\/glareone.eu\/cs\/en\/#organization\"},\"potentialAction\":[{\"@type\":\"SearchAction\",\"target\":{\"@type\":\"EntryPoint\",\"urlTemplate\":\"https:\/\/glareone.eu\/cs\/en\/?s={search_term_string}\"},\"query-input\":{\"@type\":\"PropertyValueSpecification\",\"valueRequired\":true,\"valueName\":\"search_term_string\"}}],\"inLanguage\":\"cs\"},{\"@type\":\"Organization\",\"@id\":\"https:\/\/glareone.eu\/cs\/en\/#organization\",\"name\":\"GlareOne\",\"url\":\"https:\/\/glareone.eu\/cs\/en\/\",\"logo\":{\"@type\":\"ImageObject\",\"inLanguage\":\"cs\",\"@id\":\"https:\/\/glareone.eu\/cs\/en\/#\/schema\/logo\/image\/\",\"url\":\"http:\/\/glareone.eu\/wp-content\/uploads\/2024\/05\/glareone_logo2020_RGB-01-e1715773127189.png\",\"contentUrl\":\"http:\/\/glareone.eu\/wp-content\/uploads\/2024\/05\/glareone_logo2020_RGB-01-e1715773127189.png\",\"width\":1270,\"height\":321,\"caption\":\"GlareOne\"},\"image\":{\"@id\":\"https:\/\/glareone.eu\/cs\/en\/#\/schema\/logo\/image\/\"},\"sameAs\":[\"https:\/\/www.facebook.com\/GlareOneLighting\",\"https:\/\/www.instagram.com\/glareonelighting\/\",\"https:\/\/www.youtube.com\/@GlareOneTV\"]}]}<\/script>\n<!-- \/ Yoast SEO plugin. -->","yoast_head_json":{"title":"GlareOne Vega 400 Starter Kit - zestaw o\u015bwietlenia studyjnego","description":"GlareOne Vega 400 Starter Kit - zestaw o\u015bwietlenia studyjnego","robots":{"index":"index","follow":"follow","max-snippet":"max-snippet:-1","max-image-preview":"max-image-preview:large","max-video-preview":"max-video-preview:-1"},"canonical":"https:\/\/glareone.eu\/cs\/produkt\/glareone-vega-400-starter-kit\/","og_locale":"cs_CZ","og_type":"article","og_title":"GlareOne Vega 400 Starter Kit - zestaw o\u015bwietlenia studyjnego","og_description":"GlareOne Vega 400 Starter Kit - zestaw o\u015bwietlenia studyjnego","og_url":"https:\/\/glareone.eu\/cs\/produkt\/glareone-vega-400-starter-kit\/","og_site_name":"GlareOne","article_publisher":"https:\/\/www.facebook.com\/GlareOneLighting","article_modified_time":"2025-07-09T11:49:52+00:00","og_image":[{"width":1200,"height":1200,"url":"https:\/\/glareone.eu\/wp-content\/uploads\/2024\/04\/SVEGA400KITS_01-min.jpg","type":"image\/jpeg"}],"twitter_card":"summary_large_image","twitter_title":"GlareOne Vega 400 Starter Kit - zestaw o\u015bwietlenia studyjnego","twitter_misc":{"Odhadovan\u00e1 doba \u010dten\u00ed":"2 minuty"},"schema":{"@context":"https:\/\/schema.org","@graph":[{"@type":"WebPage","@id":"https:\/\/glareone.eu\/cs\/produkt\/glareone-vega-400-starter-kit\/","url":"https:\/\/glareone.eu\/cs\/produkt\/glareone-vega-400-starter-kit\/","name":"GlareOne Vega 400 Starter Kit - zestaw o\u015bwietlenia studyjnego","isPartOf":{"@id":"https:\/\/glareone.eu\/cs\/en\/#website"},"primaryImageOfPage":{"@id":"https:\/\/glareone.eu\/cs\/produkt\/glareone-vega-400-starter-kit\/#primaryimage"},"image":{"@id":"https:\/\/glareone.eu\/cs\/produkt\/glareone-vega-400-starter-kit\/#primaryimage"},"thumbnailUrl":"https:\/\/glareone.eu\/wp-content\/uploads\/2024\/04\/SVEGA400KITS_01-min.jpg","datePublished":"2024-04-18T19:26:29+00:00","dateModified":"2025-07-09T11:49:52+00:00","description":"GlareOne Vega 400 Starter Kit - zestaw o\u015bwietlenia studyjnego","breadcrumb":{"@id":"https:\/\/glareone.eu\/cs\/produkt\/glareone-vega-400-starter-kit\/#breadcrumb"},"inLanguage":"cs","potentialAction":[{"@type":"ReadAction","target":["https:\/\/glareone.eu\/cs\/produkt\/glareone-vega-400-starter-kit\/"]}]},{"@type":"ImageObject","inLanguage":"cs","@id":"https:\/\/glareone.eu\/cs\/produkt\/glareone-vega-400-starter-kit\/#primaryimage","url":"https:\/\/glareone.eu\/wp-content\/uploads\/2024\/04\/SVEGA400KITS_01-min.jpg","contentUrl":"https:\/\/glareone.eu\/wp-content\/uploads\/2024\/04\/SVEGA400KITS_01-min.jpg","width":1200,"height":1200},{"@type":"BreadcrumbList","@id":"https:\/\/glareone.eu\/cs\/produkt\/glareone-vega-400-starter-kit\/#breadcrumb","itemListElement":[{"@type":"ListItem","position":1,"name":"Strona g\u0142\u00f3wna","item":"https:\/\/glareone.eu\/cs\/"},{"@type":"ListItem","position":2,"name":"V\u0161echny produkty","item":"https:\/\/glareone.eu\/cs\/produkty\/vsechny-produkty\/"},{"@type":"ListItem","position":3,"name":"GlareOne Vega 400 Starter Kit"}]},{"@type":"WebSite","@id":"https:\/\/glareone.eu\/cs\/en\/#website","url":"https:\/\/glareone.eu\/cs\/en\/","name":"GlareOne","description":"Wyposa\u017cenie Studia","publisher":{"@id":"https:\/\/glareone.eu\/cs\/en\/#organization"},"potentialAction":[{"@type":"SearchAction","target":{"@type":"EntryPoint","urlTemplate":"https:\/\/glareone.eu\/cs\/en\/?s={search_term_string}"},"query-input":{"@type":"PropertyValueSpecification","valueRequired":true,"valueName":"search_term_string"}}],"inLanguage":"cs"},{"@type":"Organization","@id":"https:\/\/glareone.eu\/cs\/en\/#organization","name":"GlareOne","url":"https:\/\/glareone.eu\/cs\/en\/","logo":{"@type":"ImageObject","inLanguage":"cs","@id":"https:\/\/glareone.eu\/cs\/en\/#\/schema\/logo\/image\/","url":"http:\/\/glareone.eu\/wp-content\/uploads\/2024\/05\/glareone_logo2020_RGB-01-e1715773127189.png","contentUrl":"http:\/\/glareone.eu\/wp-content\/uploads\/2024\/05\/glareone_logo2020_RGB-01-e1715773127189.png","width":1270,"height":321,"caption":"GlareOne"},"image":{"@id":"https:\/\/glareone.eu\/cs\/en\/#\/schema\/logo\/image\/"},"sameAs":["https:\/\/www.facebook.com\/GlareOneLighting","https:\/\/www.instagram.com\/glareonelighting\/","https:\/\/www.youtube.com\/@GlareOneTV"]}]}},"_links":{"self":[{"href":"https:\/\/glareone.eu\/cs\/wp-json\/wp\/v2\/product\/20468","targetHints":{"allow":["GET"]}}],"collection":[{"href":"https:\/\/glareone.eu\/cs\/wp-json\/wp\/v2\/product"}],"about":[{"href":"https:\/\/glareone.eu\/cs\/wp-json\/wp\/v2\/types\/product"}],"wp:featuredmedia":[{"embeddable":true,"href":"https:\/\/glareone.eu\/cs\/wp-json\/wp\/v2\/media\/20476"}],"wp:attachment":[{"href":"https:\/\/glareone.eu\/cs\/wp-json\/wp\/v2\/media?parent=20468"}],"wp:term":[{"taxonomy":"product_brand","embeddable":true,"href":"https:\/\/glareone.eu\/cs\/wp-json\/wp\/v2\/product_brand?post=20468"},{"taxonomy":"product_cat","embeddable":true,"href":"https:\/\/glareone.eu\/cs\/wp-json\/wp\/v2\/product_cat?post=20468"},{"taxonomy":"product_tag","embeddable":true,"href":"https:\/\/glareone.eu\/cs\/wp-json\/wp\/v2\/product_tag?post=20468"}],"curies":[{"name":"wp","href":"https:\/\/api.w.org\/{rel}","templated":true}]}}