{"id":20417,"date":"2024-04-18T19:26:31","date_gmt":"2024-04-18T19:26:31","guid":{"rendered":"https:\/\/glareone.eu\/product\/glareone-antares-600\/"},"modified":"2025-07-09T11:02:15","modified_gmt":"2025-07-09T11:02:15","slug":"glareone-antares-600","status":"publish","type":"product","link":"https:\/\/glareone.eu\/cs\/produkt\/glareone-antares-600\/","title":{"rendered":"GlareOne Antares 600"},"content":{"rendered":"<p>Profesion\u00e1ln\u00ed studiov\u00fd blesk o v\u00fdkonu 600 Ws vybaven\u00fd LED modelovac\u00edm sv\u011btlem, 6stup\u0148ov\u00fdm nastaven\u00edm v\u00fdkonu, pevn\u00fdm a odoln\u00fdm t\u011blem, dr\u017e\u00e1kem Bowens a integrovan\u00fdm bezdr\u00e1tov\u00fdm ovl\u00e1d\u00e1n\u00edm a spou\u0161t\u011bn\u00edm.<\/p>\n<h3>Vysok\u00fd v\u00fdkon<\/h3>\n<p>Antares 600 je vysoce \u00fa\u010dinn\u00fd studiov\u00fd blesk, kter\u00fd je ide\u00e1ln\u00ed pro profesion\u00e1ln\u00ed pou\u017eit\u00ed. D\u00edky vysok\u00e9mu v\u00fdkonu, stabiln\u00edmu v\u00fdstupu a kr\u00e1tk\u00e9 dob\u011b nab\u00edjen\u00ed prob\u011bhnou i dlouh\u00e9 a n\u00e1ro\u010dn\u00e9 focen\u00ed hladce.<\/p>\n<h3>V\u0161estrannost<\/h3>\n<p>Rozsah nastaven\u00ed v\u00fdkonu blesku pokr\u00fdv\u00e1 6 clonov\u00fdch \u010d\u00edsel. M\u016f\u017eete snadno nastavit v\u00fdkon blesku tak, aby osv\u011btlil objekt p\u0159esn\u011b nastaven\u00fdm mno\u017estv\u00edm sv\u011btla, a pomoc\u00ed \u0161irok\u00e9ho nastaven\u00ed clony objektivu dos\u00e1hnout mal\u00e9 hloubky ostrosti. Sou\u010dasn\u011b m\u016f\u017eete pou\u017e\u00edt uzav\u0159enou clonu, kdy\u017e je rozhoduj\u00edc\u00ed velk\u00e1 hloubka ostrosti. V\u00fdkonov\u00e1 stupnice m\u00e1 60 krok\u016f po 0,1 cl, tak\u017ee m\u016f\u017eete v\u00fdkon p\u0159esn\u011b nastavit podle sv\u00fdch pot\u0159eb.<\/p>\n<h3>R\u00e1diov\u00e9 ovl\u00e1d\u00e1n\u00ed<\/h3>\n<p>Antares 600 je vybaven p\u0159ij\u00edma\u010dem, kter\u00fd komunikuje p\u0159\u00edmo s vys\u00edla\u010dem GlareOne Flash. Nen\u00ed t\u0159eba p\u0159ipojovat \u017e\u00e1dn\u00e9 dal\u0161\u00ed dongly ani kabely. V\u00fdkon blesku m\u016f\u017eete nastavit na d\u00e1lku na vys\u00edla\u010di p\u0159ipojen\u00e9m k fotoapar\u00e1tu. Po stisknut\u00ed spou\u0161t\u011b fotoapar\u00e1t automaticky spust\u00ed blesk, tak\u017ee va\u0161e pr\u00e1ce je plynul\u00e1 a efektivn\u00ed.<\/p>\n<h3>LED kontrolka<\/h3>\n<p>Blesk je vybaven LED kontrolkou s maxim\u00e1ln\u00edm v\u00fdkonem 25 W. Jedn\u00e1 se o modern\u00ed \u0159e\u0161en\u00ed, kter\u00e9 je \u00fa\u010dinn\u011bj\u0161\u00ed, men\u0161\u00ed, odoln\u011bj\u0161\u00ed a p\u0159edev\u0161\u00edm bezpe\u010dn\u011bj\u0161\u00ed ne\u017e \u0161iroce pou\u017e\u00edvan\u00e9 halogenov\u00e9 \u017e\u00e1rovky. Kontrolka Antares m\u016f\u017ee pracovat v proporcion\u00e1ln\u00edm re\u017eimu, kter\u00fd souvis\u00ed s nastavenou energi\u00ed blesku, ale lze ji tak\u00e9 trvale nastavit na pln\u00fd v\u00fdkon nebo zcela vypnout.<br \/>\njednoduchost<\/p>\n<p>Zadn\u00ed panel je vybaven jasn\u00fdm a p\u0159ehledn\u00fdm LCD displejem, kter\u00fd zobrazuje nejd\u016fle\u017eit\u011bj\u0161\u00ed parametry. Z\u00e1kladn\u00ed ovl\u00e1d\u00e1n\u00ed je intuitivn\u00ed a velmi snadno se nau\u010d\u00edte. Zm\u011bna nastaven\u00ed energie blesku nebo provozn\u00edho re\u017eimu kontrolky se prov\u00e1d\u00ed pomoc\u00ed oto\u010dn\u00e9ho knofl\u00edku a n\u011bkolika tla\u010d\u00edtek. D\u00edky tomu se ovl\u00e1d\u00e1n\u00ed lampy nau\u010d\u00edte velmi rychle.<\/p>\n<h3>Modifik\u00e1tory sv\u011btla<\/h3>\n<p>Antares 600 je vybaven dr\u017e\u00e1kem typu Bowens, kter\u00fd umo\u017e\u0148uje pou\u017eit\u00ed \u0161irok\u00e9 \u0161k\u00e1ly p\u0159\u00edslu\u0161enstv\u00ed a n\u00e1stroj\u016f pro tvarov\u00e1n\u00ed sv\u011btla. M\u016f\u017eete pou\u017e\u00edt softboxy r\u016fzn\u00fdch velikost\u00ed a tvar\u016f, reflektory, snooty, barndoory a mnoho dal\u0161\u00edch p\u0159\u00edslu\u0161enstv\u00ed. D\u00edky integrovan\u00e9mu dr\u017e\u00e1ku de\u0161tn\u00edku m\u016f\u017eete Antares 600 pou\u017e\u00edt tak\u00e9 s de\u0161tn\u00edky jak\u00e9koli velikosti.<\/p>\n<h3>Odoln\u00fd a dob\u0159e navr\u017een\u00fd<\/h3>\n<p>V\u0161echny \u010d\u00e1sti krytu, kter\u00e9 jsou rozhoduj\u00edc\u00ed pro dlouhou \u017eivotnost a celkovou odolnost blesku, jsou vyrobeny z kovu. P\u00e1\u010dka pro upevn\u011bn\u00ed modifik\u00e1toru sv\u011btla je velk\u00e1 a v p\u0159\u00edpad\u011b pot\u0159eby se snadno uvol\u0148uje. Rukoje\u0165 blesku je ergonomicky tvarovan\u00e1, aby v\u00e1m p\u0159i fotografov\u00e1n\u00ed dob\u0159e padla do ruky. LCD displej je nejen velk\u00fd, ale tak\u00e9 snadno \u010diteln\u00fd z jak\u00e9hokoli \u00fahlu. To se hod\u00ed zejm\u00e9na v p\u0159\u00edpad\u011b, \u017ee je blesk um\u00edst\u011bn na ramenu nebo upevn\u011bn na stropn\u00edm dr\u017e\u00e1ku vysoko nad va\u0161\u00ed hlavou.<\/p>\n<h3>Vlastnosti GlareOne Antares 600:<\/h3>\n<ul>\n<li>Profesion\u00e1ln\u00ed studiov\u00fd blesk 600 Ws nap\u00e1jen\u00fd ze s\u00edt\u011b<\/li>\n<li>Odoln\u00e1 a pevn\u00e1 celokovov\u00e1 konstrukce stojanu a krytu<\/li>\n<li>Zdroj vysoce kvalitn\u00edho sv\u011btla vyv\u00e1\u017een\u00e9ho denn\u00edm sv\u011btlem (5500 \u00b1 200 K) v cel\u00e9m rozsahu v\u00fdkonu<\/li>\n<li>Flexibiln\u00ed a p\u0159esn\u00e9 nastaven\u00ed v\u00fdkonu v rozsahu 6 clonov\u00fdch \u010d\u00edsel (60 krok\u016f po 0,1)<\/li>\n<li>Rychl\u00e1 doba recyklace p\u0159ibli\u017en\u011b 0,9 s p\u0159i pln\u00e9m v\u00fdkonu<\/li>\n<li>Vybaveno 25W LED modelovac\u00edm sv\u011btlem<\/li>\n<li>Vybaveno dr\u017e\u00e1kem Bowens pro \u0161irokou \u0161k\u00e1lu p\u0159\u00edslu\u0161enstv\u00ed pro tvarov\u00e1n\u00ed sv\u011btla<\/li>\n<li>Lze bezdr\u00e1tov\u011b ovl\u00e1dat pomoc\u00ed dal\u0161\u00edch d\u00e1lkov\u00fdch ovlada\u010d\u016f GlareOne<\/li>\n<li>A\u017e 32 r\u00e1diov\u00fdch kan\u00e1l\u016f a 16 skupin k dispozici v bezdr\u00e1tov\u00e9m ovl\u00e1d\u00e1n\u00ed<\/li>\n<li>Lze spou\u0161t\u011bt pomoc\u00ed optick\u00e9ho slave nebo standardn\u00edho 3,5mm synchroniza\u010dn\u00edho kabelu<\/li>\n<li>Vybaveno aktivn\u00edm chladic\u00edm syst\u00e9mem a automatickou ochranou proti p\u0159eh\u0159\u00e1t\u00ed<\/li>\n<li>Vestav\u011bn\u00e1 nakl\u00e1p\u011bc\u00ed hlava s integrovan\u00fdm dr\u017e\u00e1kem de\u0161tn\u00edku<\/li>\n<li>Pohodln\u00e1 rukoje\u0165 pro snadn\u00e9 nakl\u00e1p\u011bn\u00ed a p\u0159en\u00e1\u0161en\u00ed<\/li>\n<\/ul>\n","protected":false},"excerpt":{"rendered":"<p>Profesion\u00e1ln\u00ed studiov\u00fd blesk o v\u00fdkonu 600 Ws vybaven\u00fd LED modelovac\u00edm sv\u011btlem, 6stup\u0148ov\u00fdm nastaven\u00edm v\u00fdkonu, pevn\u00fdm a odoln\u00fdm t\u011blem, dr\u017e\u00e1kem Bowens a integrovan\u00fdm bezdr\u00e1tov\u00fdm ovl\u00e1d\u00e1n\u00edm a spou\u0161t\u011bn\u00edm. Vysok\u00fd v\u00fdkon Antares 600 je vysoce \u00fa\u010dinn\u00fd studiov\u00fd blesk, kter\u00fd je ide\u00e1ln\u00ed pro profesion\u00e1ln\u00ed pou\u017eit\u00ed. D\u00edky vysok\u00e9mu v\u00fdkonu, stabiln\u00edmu v\u00fdstupu a kr\u00e1tk\u00e9 dob\u011b nab\u00edjen\u00ed prob\u011bhnou i dlouh\u00e9 a n\u00e1ro\u010dn\u00e9 [&hellip;]<\/p>\n","protected":false},"featured_media":20418,"template":"","meta":[],"product_brand":[],"product_cat":[583],"product_tag":[],"class_list":{"0":"post-20417","1":"product","2":"type-product","3":"status-publish","4":"has-post-thumbnail","6":"product_cat-antares-cs","8":"first","9":"instock","10":"product-type-simple"},"yoast_head":"<!-- This site is optimized with the Yoast SEO plugin v27.2 - https:\/\/yoast.com\/product\/yoast-seo-wordpress\/ -->\n<title>GlareOne Antares 600<\/title>\n<meta name=\"description\" content=\"GlareOne Antares 600 to profesjonalna, b\u0142yskowa lampa studyjna o mocy 600 Ws, wyposa\u017cona w \u015bwiat\u0142o pilotuj\u0105ce LED oraz mocowanie typu Bowens.\" \/>\n<meta name=\"robots\" content=\"index, follow, max-snippet:-1, max-image-preview:large, max-video-preview:-1\" \/>\n<link rel=\"canonical\" href=\"https:\/\/glareone.eu\/cs\/produkt\/glareone-antares-600\/\" \/>\n<meta property=\"og:locale\" content=\"cs_CZ\" \/>\n<meta property=\"og:type\" content=\"article\" \/>\n<meta property=\"og:title\" content=\"GlareOne Antares 600\" \/>\n<meta property=\"og:description\" content=\"GlareOne Antares 600 to profesjonalna, b\u0142yskowa lampa studyjna o mocy 600 Ws, wyposa\u017cona w \u015bwiat\u0142o pilotuj\u0105ce LED oraz mocowanie typu Bowens.\" \/>\n<meta property=\"og:url\" content=\"https:\/\/glareone.eu\/cs\/produkt\/glareone-antares-600\/\" \/>\n<meta property=\"og:site_name\" content=\"GlareOne\" \/>\n<meta property=\"article:publisher\" content=\"https:\/\/www.facebook.com\/GlareOneLighting\" \/>\n<meta property=\"article:modified_time\" content=\"2025-07-09T11:02:15+00:00\" \/>\n<meta property=\"og:image\" content=\"https:\/\/glareone.eu\/wp-content\/uploads\/2024\/04\/GlareOne-Antares-600-01.jpg\" \/>\n\t<meta property=\"og:image:width\" content=\"1200\" \/>\n\t<meta property=\"og:image:height\" content=\"1200\" \/>\n\t<meta property=\"og:image:type\" content=\"image\/jpeg\" \/>\n<meta name=\"twitter:card\" content=\"summary_large_image\" \/>\n<meta name=\"twitter:title\" content=\"GlareOne Antares 600\" \/>\n<meta name=\"twitter:label1\" content=\"Odhadovan\u00e1 doba \u010dten\u00ed\" \/>\n\t<meta name=\"twitter:data1\" content=\"3 minuty\" \/>\n<script type=\"application\/ld+json\" class=\"yoast-schema-graph\">{\"@context\":\"https:\/\/schema.org\",\"@graph\":[{\"@type\":\"WebPage\",\"@id\":\"https:\/\/glareone.eu\/cs\/produkt\/glareone-antares-600\/\",\"url\":\"https:\/\/glareone.eu\/cs\/produkt\/glareone-antares-600\/\",\"name\":\"GlareOne Antares 600\",\"isPartOf\":{\"@id\":\"https:\/\/glareone.eu\/cs\/en\/#website\"},\"primaryImageOfPage\":{\"@id\":\"https:\/\/glareone.eu\/cs\/produkt\/glareone-antares-600\/#primaryimage\"},\"image\":{\"@id\":\"https:\/\/glareone.eu\/cs\/produkt\/glareone-antares-600\/#primaryimage\"},\"thumbnailUrl\":\"https:\/\/glareone.eu\/wp-content\/uploads\/2024\/04\/GlareOne-Antares-600-01.jpg\",\"datePublished\":\"2024-04-18T19:26:31+00:00\",\"dateModified\":\"2025-07-09T11:02:15+00:00\",\"description\":\"GlareOne Antares 600 to profesjonalna, b\u0142yskowa lampa studyjna o mocy 600 Ws, wyposa\u017cona w \u015bwiat\u0142o pilotuj\u0105ce LED oraz mocowanie typu Bowens.\",\"breadcrumb\":{\"@id\":\"https:\/\/glareone.eu\/cs\/produkt\/glareone-antares-600\/#breadcrumb\"},\"inLanguage\":\"cs\",\"potentialAction\":[{\"@type\":\"ReadAction\",\"target\":[\"https:\/\/glareone.eu\/cs\/produkt\/glareone-antares-600\/\"]}]},{\"@type\":\"ImageObject\",\"inLanguage\":\"cs\",\"@id\":\"https:\/\/glareone.eu\/cs\/produkt\/glareone-antares-600\/#primaryimage\",\"url\":\"https:\/\/glareone.eu\/wp-content\/uploads\/2024\/04\/GlareOne-Antares-600-01.jpg\",\"contentUrl\":\"https:\/\/glareone.eu\/wp-content\/uploads\/2024\/04\/GlareOne-Antares-600-01.jpg\",\"width\":1200,\"height\":1200},{\"@type\":\"BreadcrumbList\",\"@id\":\"https:\/\/glareone.eu\/cs\/produkt\/glareone-antares-600\/#breadcrumb\",\"itemListElement\":[{\"@type\":\"ListItem\",\"position\":1,\"name\":\"Strona g\u0142\u00f3wna\",\"item\":\"https:\/\/glareone.eu\/cs\/\"},{\"@type\":\"ListItem\",\"position\":2,\"name\":\"V\u0161echny produkty\",\"item\":\"https:\/\/glareone.eu\/cs\/produkty\/vsechny-produkty\/\"},{\"@type\":\"ListItem\",\"position\":3,\"name\":\"GlareOne Antares 600\"}]},{\"@type\":\"WebSite\",\"@id\":\"https:\/\/glareone.eu\/cs\/en\/#website\",\"url\":\"https:\/\/glareone.eu\/cs\/en\/\",\"name\":\"GlareOne\",\"description\":\"Wyposa\u017cenie Studia\",\"publisher\":{\"@id\":\"https:\/\/glareone.eu\/cs\/en\/#organization\"},\"potentialAction\":[{\"@type\":\"SearchAction\",\"target\":{\"@type\":\"EntryPoint\",\"urlTemplate\":\"https:\/\/glareone.eu\/cs\/en\/?s={search_term_string}\"},\"query-input\":{\"@type\":\"PropertyValueSpecification\",\"valueRequired\":true,\"valueName\":\"search_term_string\"}}],\"inLanguage\":\"cs\"},{\"@type\":\"Organization\",\"@id\":\"https:\/\/glareone.eu\/cs\/en\/#organization\",\"name\":\"GlareOne\",\"url\":\"https:\/\/glareone.eu\/cs\/en\/\",\"logo\":{\"@type\":\"ImageObject\",\"inLanguage\":\"cs\",\"@id\":\"https:\/\/glareone.eu\/cs\/en\/#\/schema\/logo\/image\/\",\"url\":\"http:\/\/glareone.eu\/wp-content\/uploads\/2024\/05\/glareone_logo2020_RGB-01-e1715773127189.png\",\"contentUrl\":\"http:\/\/glareone.eu\/wp-content\/uploads\/2024\/05\/glareone_logo2020_RGB-01-e1715773127189.png\",\"width\":1270,\"height\":321,\"caption\":\"GlareOne\"},\"image\":{\"@id\":\"https:\/\/glareone.eu\/cs\/en\/#\/schema\/logo\/image\/\"},\"sameAs\":[\"https:\/\/www.facebook.com\/GlareOneLighting\",\"https:\/\/www.instagram.com\/glareonelighting\/\",\"https:\/\/www.youtube.com\/@GlareOneTV\"]}]}<\/script>\n<!-- \/ Yoast SEO plugin. -->","yoast_head_json":{"title":"GlareOne Antares 600","description":"GlareOne Antares 600 to profesjonalna, b\u0142yskowa lampa studyjna o mocy 600 Ws, wyposa\u017cona w \u015bwiat\u0142o pilotuj\u0105ce LED oraz mocowanie typu Bowens.","robots":{"index":"index","follow":"follow","max-snippet":"max-snippet:-1","max-image-preview":"max-image-preview:large","max-video-preview":"max-video-preview:-1"},"canonical":"https:\/\/glareone.eu\/cs\/produkt\/glareone-antares-600\/","og_locale":"cs_CZ","og_type":"article","og_title":"GlareOne Antares 600","og_description":"GlareOne Antares 600 to profesjonalna, b\u0142yskowa lampa studyjna o mocy 600 Ws, wyposa\u017cona w \u015bwiat\u0142o pilotuj\u0105ce LED oraz mocowanie typu Bowens.","og_url":"https:\/\/glareone.eu\/cs\/produkt\/glareone-antares-600\/","og_site_name":"GlareOne","article_publisher":"https:\/\/www.facebook.com\/GlareOneLighting","article_modified_time":"2025-07-09T11:02:15+00:00","og_image":[{"width":1200,"height":1200,"url":"https:\/\/glareone.eu\/wp-content\/uploads\/2024\/04\/GlareOne-Antares-600-01.jpg","type":"image\/jpeg"}],"twitter_card":"summary_large_image","twitter_title":"GlareOne Antares 600","twitter_misc":{"Odhadovan\u00e1 doba \u010dten\u00ed":"3 minuty"},"schema":{"@context":"https:\/\/schema.org","@graph":[{"@type":"WebPage","@id":"https:\/\/glareone.eu\/cs\/produkt\/glareone-antares-600\/","url":"https:\/\/glareone.eu\/cs\/produkt\/glareone-antares-600\/","name":"GlareOne Antares 600","isPartOf":{"@id":"https:\/\/glareone.eu\/cs\/en\/#website"},"primaryImageOfPage":{"@id":"https:\/\/glareone.eu\/cs\/produkt\/glareone-antares-600\/#primaryimage"},"image":{"@id":"https:\/\/glareone.eu\/cs\/produkt\/glareone-antares-600\/#primaryimage"},"thumbnailUrl":"https:\/\/glareone.eu\/wp-content\/uploads\/2024\/04\/GlareOne-Antares-600-01.jpg","datePublished":"2024-04-18T19:26:31+00:00","dateModified":"2025-07-09T11:02:15+00:00","description":"GlareOne Antares 600 to profesjonalna, b\u0142yskowa lampa studyjna o mocy 600 Ws, wyposa\u017cona w \u015bwiat\u0142o pilotuj\u0105ce LED oraz mocowanie typu Bowens.","breadcrumb":{"@id":"https:\/\/glareone.eu\/cs\/produkt\/glareone-antares-600\/#breadcrumb"},"inLanguage":"cs","potentialAction":[{"@type":"ReadAction","target":["https:\/\/glareone.eu\/cs\/produkt\/glareone-antares-600\/"]}]},{"@type":"ImageObject","inLanguage":"cs","@id":"https:\/\/glareone.eu\/cs\/produkt\/glareone-antares-600\/#primaryimage","url":"https:\/\/glareone.eu\/wp-content\/uploads\/2024\/04\/GlareOne-Antares-600-01.jpg","contentUrl":"https:\/\/glareone.eu\/wp-content\/uploads\/2024\/04\/GlareOne-Antares-600-01.jpg","width":1200,"height":1200},{"@type":"BreadcrumbList","@id":"https:\/\/glareone.eu\/cs\/produkt\/glareone-antares-600\/#breadcrumb","itemListElement":[{"@type":"ListItem","position":1,"name":"Strona g\u0142\u00f3wna","item":"https:\/\/glareone.eu\/cs\/"},{"@type":"ListItem","position":2,"name":"V\u0161echny produkty","item":"https:\/\/glareone.eu\/cs\/produkty\/vsechny-produkty\/"},{"@type":"ListItem","position":3,"name":"GlareOne Antares 600"}]},{"@type":"WebSite","@id":"https:\/\/glareone.eu\/cs\/en\/#website","url":"https:\/\/glareone.eu\/cs\/en\/","name":"GlareOne","description":"Wyposa\u017cenie Studia","publisher":{"@id":"https:\/\/glareone.eu\/cs\/en\/#organization"},"potentialAction":[{"@type":"SearchAction","target":{"@type":"EntryPoint","urlTemplate":"https:\/\/glareone.eu\/cs\/en\/?s={search_term_string}"},"query-input":{"@type":"PropertyValueSpecification","valueRequired":true,"valueName":"search_term_string"}}],"inLanguage":"cs"},{"@type":"Organization","@id":"https:\/\/glareone.eu\/cs\/en\/#organization","name":"GlareOne","url":"https:\/\/glareone.eu\/cs\/en\/","logo":{"@type":"ImageObject","inLanguage":"cs","@id":"https:\/\/glareone.eu\/cs\/en\/#\/schema\/logo\/image\/","url":"http:\/\/glareone.eu\/wp-content\/uploads\/2024\/05\/glareone_logo2020_RGB-01-e1715773127189.png","contentUrl":"http:\/\/glareone.eu\/wp-content\/uploads\/2024\/05\/glareone_logo2020_RGB-01-e1715773127189.png","width":1270,"height":321,"caption":"GlareOne"},"image":{"@id":"https:\/\/glareone.eu\/cs\/en\/#\/schema\/logo\/image\/"},"sameAs":["https:\/\/www.facebook.com\/GlareOneLighting","https:\/\/www.instagram.com\/glareonelighting\/","https:\/\/www.youtube.com\/@GlareOneTV"]}]}},"_links":{"self":[{"href":"https:\/\/glareone.eu\/cs\/wp-json\/wp\/v2\/product\/20417","targetHints":{"allow":["GET"]}}],"collection":[{"href":"https:\/\/glareone.eu\/cs\/wp-json\/wp\/v2\/product"}],"about":[{"href":"https:\/\/glareone.eu\/cs\/wp-json\/wp\/v2\/types\/product"}],"wp:featuredmedia":[{"embeddable":true,"href":"https:\/\/glareone.eu\/cs\/wp-json\/wp\/v2\/media\/20418"}],"wp:attachment":[{"href":"https:\/\/glareone.eu\/cs\/wp-json\/wp\/v2\/media?parent=20417"}],"wp:term":[{"taxonomy":"product_brand","embeddable":true,"href":"https:\/\/glareone.eu\/cs\/wp-json\/wp\/v2\/product_brand?post=20417"},{"taxonomy":"product_cat","embeddable":true,"href":"https:\/\/glareone.eu\/cs\/wp-json\/wp\/v2\/product_cat?post=20417"},{"taxonomy":"product_tag","embeddable":true,"href":"https:\/\/glareone.eu\/cs\/wp-json\/wp\/v2\/product_tag?post=20417"}],"curies":[{"name":"wp","href":"https:\/\/api.w.org\/{rel}","templated":true}]}}