{"id":20394,"date":"2024-04-18T19:26:27","date_gmt":"2024-04-18T19:26:27","guid":{"rendered":"https:\/\/glareone.eu\/product\/glareone-softbox-hexa-90-pro\/"},"modified":"2025-07-09T10:53:27","modified_gmt":"2025-07-09T10:53:27","slug":"glareone-softbox-hexa-90-pro","status":"publish","type":"product","link":"https:\/\/glareone.eu\/cs\/produkt\/glareone-softbox-hexa-90-pro\/","title":{"rendered":"GlareOne Softbox Hexa 90 PRO"},"content":{"rendered":"<p><span style=\"font-weight: 400;\">Hlubok\u00fd \u0161esti\u00faheln\u00edkov\u00fd softbox s dvojit\u00fdm difuzorem, rychloup\u00ednac\u00edm mechanismem Easy Fold II a p\u0159epravn\u00edm pouzdrem.<\/span><\/p>\n<h3><b>Sv\u011bteln\u00fd<\/b><\/h3>\n<p><span style=\"font-weight: 400;\">D\u00edky sv\u00e9mu charakteristick\u00e9mu, velmi hlubok\u00e9mu profilu dok\u00e1\u017ee mnohem p\u0159esn\u011bji sm\u011b\u0159ovat sv\u011btlo z lampy ne\u017e jeho m\u011blk\u00e9 prot\u011bj\u0161ky. Bez difuzor\u016f funguje jako velk\u00fd sm\u011brov\u00fd reflektor a po jejich instalaci poskytuje m\u011bkk\u00e9, velmi p\u0159\u00edjemn\u00e9 sv\u011btlo.<\/span><\/p>\n<h3><b>\u0160esti\u00faheln\u00edkov\u00fd<\/b><\/h3>\n<p><span style=\"font-weight: 400;\">Jeho tvar nen\u00ed v\u00fdsledkem design\u00e9rsk\u00e9 fantazie, ale skute\u010dnosti, \u017ee softbox odr\u00e1\u017eej\u00edc\u00ed se v o\u010d\u00edch fotografovan\u00e9 nebo filmovan\u00e9 osoby vytv\u00e1\u0159\u00ed velmi p\u0159irozen\u00fd odraz. Pou\u017eit\u00ed konstrukce se 16 st\u011bnami zaji\u0161\u0165uje t\u00e9m\u011b\u0159 kruhov\u00fd odraz, a proto byste m\u011bli pou\u017e\u00edvat pr\u00e1v\u011b tento typ konstrukce.<\/span><\/p>\n<h3><b>Snadn\u00e9 pou\u017eit\u00ed a praktick\u00fd<\/b><\/h3>\n<p><span style=\"font-weight: 400;\">Softbox Hexa je postaven na r\u00e1mu Easy Fold II, kter\u00fd umo\u017e\u0148uje rychl\u00e9 a snadn\u00e9 slo\u017een\u00ed a rozlo\u017een\u00ed. Je tak\u00e9 vybaven such\u00fdm zipem, kter\u00fd umo\u017e\u0148uje pou\u017eit\u00ed vo\u0161tinov\u00e9 m\u0159\u00ed\u017eky, co\u017e je u\u017eite\u010dn\u00e9, kdy\u017e pot\u0159ebujete velmi p\u0159esn\u011b ovl\u00e1dat sv\u011btlo na place. Sou\u010d\u00e1st\u00ed balen\u00ed je p\u0159enosn\u00e1 ta\u0161ka, kter\u00e1 usnad\u0148uje p\u0159epravu a skladov\u00e1n\u00ed.<\/span><\/p>\n<h3><b>Sofistikovan\u00fd<\/b><\/h3>\n<p><span style=\"font-weight: 400;\">Potah softboxu je vyroben z velmi lehk\u00e9ho, ale odoln\u00e9ho nylonu 300D ripstop. Pou\u017eit\u00ed ripstopov\u00e9 vazby zvy\u0161uje odolnost materi\u00e1lu proti roztr\u017een\u00ed p\u0159i zachov\u00e1n\u00ed relativn\u011b n\u00edzk\u00e9 hmotnosti. Difuz\u00e9ry jsou vyrobeny ze stejn\u00e9ho materi\u00e1lu s ni\u017e\u0161\u00ed hustotou (190D). Reflexn\u00ed plocha je laminov\u00e1na na kryc\u00ed materi\u00e1l, co\u017e zaji\u0161\u0165uje dlouhou \u017eivotnost a sni\u017euje propustnost sv\u011btla. V\u0161echny materi\u00e1ly jsou vybr\u00e1ny tak, aby zachovaly barevnou neutralitu, tak\u017ee softbox nem\u00e1 nep\u0159\u00edzniv\u00fd vliv na kvalitu sv\u011btla z lampy. Mont\u00e1\u017en\u00ed krou\u017eek a mechanismus Easy Fold II jsou vyrobeny z eloxovan\u00e9ho hlin\u00edku, zat\u00edmco r\u00e1mov\u00e9 ty\u010de jsou ocelov\u00e9.<\/span><\/p>\n<h3><b>Vlastnosti produktu:<\/b><\/h3>\n<ul>\n<li style=\"font-weight: 400;\" aria-level=\"1\"><span style=\"font-weight: 400;\">Ide\u00e1ln\u00ed pro portr\u00e9tn\u00ed osv\u011btlen\u00ed<\/span><\/li>\n<li style=\"font-weight: 400;\" aria-level=\"1\"><span style=\"font-weight: 400;\">Lze pou\u017e\u00edt jako hlubok\u00fd reflektor nebo softbox<\/span><\/li>\n<li style=\"font-weight: 400;\" aria-level=\"1\"><span style=\"font-weight: 400;\">Velmi snadn\u00e1 a rychl\u00e1 instalace<\/span><\/li>\n<li style=\"font-weight: 400;\" aria-level=\"1\"><span style=\"font-weight: 400;\">M\u00e1 dvojit\u00fd odn\u00edmateln\u00fd difuz\u00e9r<\/span><\/li>\n<li style=\"font-weight: 400;\" aria-level=\"1\"><span style=\"font-weight: 400;\">Lze doplnit o vo\u0161tinovou m\u0159\u00ed\u017eku<\/span><\/li>\n<li style=\"font-weight: 400;\" aria-level=\"1\"><span style=\"font-weight: 400;\">M\u00e1 hlubok\u00fd (parabolick\u00fd) profil<\/span><\/li>\n<li style=\"font-weight: 400;\" aria-level=\"1\"><span style=\"font-weight: 400;\">Je vyroben z vysoce kvalitn\u00edch materi\u00e1l\u016f<\/span><\/li>\n<li style=\"font-weight: 400;\" aria-level=\"1\"><span style=\"font-weight: 400;\">Dod\u00e1v\u00e1 se v praktick\u00e9m p\u0159enosn\u00e9m kuf\u0159\u00edku<\/span><\/li>\n<\/ul>\n","protected":false},"excerpt":{"rendered":"<p>Hlubok\u00fd \u0161esti\u00faheln\u00edkov\u00fd softbox s dvojit\u00fdm difuzorem, rychloup\u00ednac\u00edm mechanismem Easy Fold II a p\u0159epravn\u00edm pouzdrem. Sv\u011bteln\u00fd D\u00edky sv\u00e9mu charakteristick\u00e9mu, velmi hlubok\u00e9mu profilu dok\u00e1\u017ee mnohem p\u0159esn\u011bji sm\u011b\u0159ovat sv\u011btlo z lampy ne\u017e jeho m\u011blk\u00e9 prot\u011bj\u0161ky. Bez difuzor\u016f funguje jako velk\u00fd sm\u011brov\u00fd reflektor a po jejich instalaci poskytuje m\u011bkk\u00e9, velmi p\u0159\u00edjemn\u00e9 sv\u011btlo. \u0160esti\u00faheln\u00edkov\u00fd Jeho tvar nen\u00ed v\u00fdsledkem design\u00e9rsk\u00e9 fantazie, [&hellip;]<\/p>\n","protected":false},"featured_media":20395,"template":"","meta":[],"product_brand":[],"product_cat":[561],"product_tag":[],"class_list":{"0":"post-20394","1":"product","2":"type-product","3":"status-publish","4":"has-post-thumbnail","6":"product_cat-pro-cs","8":"first","9":"instock","10":"product-type-simple"},"yoast_head":"<!-- This site is optimized with the Yoast SEO plugin v27.2 - https:\/\/yoast.com\/product\/yoast-seo-wordpress\/ -->\n<title>GlareOne Softbox Hexa 90 PRO<\/title>\n<meta name=\"description\" content=\"GlareOne Softbox Hexa 90 PRO\" \/>\n<meta name=\"robots\" content=\"index, follow, max-snippet:-1, max-image-preview:large, max-video-preview:-1\" \/>\n<link rel=\"canonical\" href=\"https:\/\/glareone.eu\/cs\/produkt\/glareone-softbox-hexa-90-pro\/\" \/>\n<meta property=\"og:locale\" content=\"cs_CZ\" \/>\n<meta property=\"og:type\" content=\"article\" \/>\n<meta property=\"og:title\" content=\"GlareOne Softbox Hexa 90 PRO\" \/>\n<meta property=\"og:description\" content=\"GlareOne Softbox Hexa 90 PRO\" \/>\n<meta property=\"og:url\" content=\"https:\/\/glareone.eu\/cs\/produkt\/glareone-softbox-hexa-90-pro\/\" \/>\n<meta property=\"og:site_name\" content=\"GlareOne\" \/>\n<meta property=\"article:publisher\" content=\"https:\/\/www.facebook.com\/GlareOneLighting\" \/>\n<meta property=\"article:modified_time\" content=\"2025-07-09T10:53:27+00:00\" \/>\n<meta property=\"og:image\" content=\"https:\/\/glareone.eu\/wp-content\/uploads\/2024\/04\/GlareOne-Softbox-Hexa-90-PRO-01.jpg\" \/>\n\t<meta property=\"og:image:width\" content=\"1200\" \/>\n\t<meta property=\"og:image:height\" content=\"1200\" \/>\n\t<meta property=\"og:image:type\" content=\"image\/jpeg\" \/>\n<meta name=\"twitter:card\" content=\"summary_large_image\" \/>\n<meta name=\"twitter:title\" content=\"GlareOne Softbox Hexa 90 PRO\" \/>\n<meta name=\"twitter:label1\" content=\"Odhadovan\u00e1 doba \u010dten\u00ed\" \/>\n\t<meta name=\"twitter:data1\" content=\"2 minuty\" \/>\n<script type=\"application\/ld+json\" class=\"yoast-schema-graph\">{\"@context\":\"https:\/\/schema.org\",\"@graph\":[{\"@type\":\"WebPage\",\"@id\":\"https:\/\/glareone.eu\/cs\/produkt\/glareone-softbox-hexa-90-pro\/\",\"url\":\"https:\/\/glareone.eu\/cs\/produkt\/glareone-softbox-hexa-90-pro\/\",\"name\":\"GlareOne Softbox Hexa 90 PRO\",\"isPartOf\":{\"@id\":\"https:\/\/glareone.eu\/cs\/en\/#website\"},\"primaryImageOfPage\":{\"@id\":\"https:\/\/glareone.eu\/cs\/produkt\/glareone-softbox-hexa-90-pro\/#primaryimage\"},\"image\":{\"@id\":\"https:\/\/glareone.eu\/cs\/produkt\/glareone-softbox-hexa-90-pro\/#primaryimage\"},\"thumbnailUrl\":\"https:\/\/glareone.eu\/wp-content\/uploads\/2024\/04\/GlareOne-Softbox-Hexa-90-PRO-01.jpg\",\"datePublished\":\"2024-04-18T19:26:27+00:00\",\"dateModified\":\"2025-07-09T10:53:27+00:00\",\"description\":\"GlareOne Softbox Hexa 90 PRO\",\"breadcrumb\":{\"@id\":\"https:\/\/glareone.eu\/cs\/produkt\/glareone-softbox-hexa-90-pro\/#breadcrumb\"},\"inLanguage\":\"cs\",\"potentialAction\":[{\"@type\":\"ReadAction\",\"target\":[\"https:\/\/glareone.eu\/cs\/produkt\/glareone-softbox-hexa-90-pro\/\"]}]},{\"@type\":\"ImageObject\",\"inLanguage\":\"cs\",\"@id\":\"https:\/\/glareone.eu\/cs\/produkt\/glareone-softbox-hexa-90-pro\/#primaryimage\",\"url\":\"https:\/\/glareone.eu\/wp-content\/uploads\/2024\/04\/GlareOne-Softbox-Hexa-90-PRO-01.jpg\",\"contentUrl\":\"https:\/\/glareone.eu\/wp-content\/uploads\/2024\/04\/GlareOne-Softbox-Hexa-90-PRO-01.jpg\",\"width\":1200,\"height\":1200},{\"@type\":\"BreadcrumbList\",\"@id\":\"https:\/\/glareone.eu\/cs\/produkt\/glareone-softbox-hexa-90-pro\/#breadcrumb\",\"itemListElement\":[{\"@type\":\"ListItem\",\"position\":1,\"name\":\"Strona g\u0142\u00f3wna\",\"item\":\"https:\/\/glareone.eu\/cs\/\"},{\"@type\":\"ListItem\",\"position\":2,\"name\":\"V\u0161echny produkty\",\"item\":\"https:\/\/glareone.eu\/cs\/produkty\/vsechny-produkty\/\"},{\"@type\":\"ListItem\",\"position\":3,\"name\":\"GlareOne Softbox Hexa 90 PRO\"}]},{\"@type\":\"WebSite\",\"@id\":\"https:\/\/glareone.eu\/cs\/en\/#website\",\"url\":\"https:\/\/glareone.eu\/cs\/en\/\",\"name\":\"GlareOne\",\"description\":\"Wyposa\u017cenie Studia\",\"publisher\":{\"@id\":\"https:\/\/glareone.eu\/cs\/en\/#organization\"},\"potentialAction\":[{\"@type\":\"SearchAction\",\"target\":{\"@type\":\"EntryPoint\",\"urlTemplate\":\"https:\/\/glareone.eu\/cs\/en\/?s={search_term_string}\"},\"query-input\":{\"@type\":\"PropertyValueSpecification\",\"valueRequired\":true,\"valueName\":\"search_term_string\"}}],\"inLanguage\":\"cs\"},{\"@type\":\"Organization\",\"@id\":\"https:\/\/glareone.eu\/cs\/en\/#organization\",\"name\":\"GlareOne\",\"url\":\"https:\/\/glareone.eu\/cs\/en\/\",\"logo\":{\"@type\":\"ImageObject\",\"inLanguage\":\"cs\",\"@id\":\"https:\/\/glareone.eu\/cs\/en\/#\/schema\/logo\/image\/\",\"url\":\"http:\/\/glareone.eu\/wp-content\/uploads\/2024\/05\/glareone_logo2020_RGB-01-e1715773127189.png\",\"contentUrl\":\"http:\/\/glareone.eu\/wp-content\/uploads\/2024\/05\/glareone_logo2020_RGB-01-e1715773127189.png\",\"width\":1270,\"height\":321,\"caption\":\"GlareOne\"},\"image\":{\"@id\":\"https:\/\/glareone.eu\/cs\/en\/#\/schema\/logo\/image\/\"},\"sameAs\":[\"https:\/\/www.facebook.com\/GlareOneLighting\",\"https:\/\/www.instagram.com\/glareonelighting\/\",\"https:\/\/www.youtube.com\/@GlareOneTV\"]}]}<\/script>\n<!-- \/ Yoast SEO plugin. -->","yoast_head_json":{"title":"GlareOne Softbox Hexa 90 PRO","description":"GlareOne Softbox Hexa 90 PRO","robots":{"index":"index","follow":"follow","max-snippet":"max-snippet:-1","max-image-preview":"max-image-preview:large","max-video-preview":"max-video-preview:-1"},"canonical":"https:\/\/glareone.eu\/cs\/produkt\/glareone-softbox-hexa-90-pro\/","og_locale":"cs_CZ","og_type":"article","og_title":"GlareOne Softbox Hexa 90 PRO","og_description":"GlareOne Softbox Hexa 90 PRO","og_url":"https:\/\/glareone.eu\/cs\/produkt\/glareone-softbox-hexa-90-pro\/","og_site_name":"GlareOne","article_publisher":"https:\/\/www.facebook.com\/GlareOneLighting","article_modified_time":"2025-07-09T10:53:27+00:00","og_image":[{"width":1200,"height":1200,"url":"https:\/\/glareone.eu\/wp-content\/uploads\/2024\/04\/GlareOne-Softbox-Hexa-90-PRO-01.jpg","type":"image\/jpeg"}],"twitter_card":"summary_large_image","twitter_title":"GlareOne Softbox Hexa 90 PRO","twitter_misc":{"Odhadovan\u00e1 doba \u010dten\u00ed":"2 minuty"},"schema":{"@context":"https:\/\/schema.org","@graph":[{"@type":"WebPage","@id":"https:\/\/glareone.eu\/cs\/produkt\/glareone-softbox-hexa-90-pro\/","url":"https:\/\/glareone.eu\/cs\/produkt\/glareone-softbox-hexa-90-pro\/","name":"GlareOne Softbox Hexa 90 PRO","isPartOf":{"@id":"https:\/\/glareone.eu\/cs\/en\/#website"},"primaryImageOfPage":{"@id":"https:\/\/glareone.eu\/cs\/produkt\/glareone-softbox-hexa-90-pro\/#primaryimage"},"image":{"@id":"https:\/\/glareone.eu\/cs\/produkt\/glareone-softbox-hexa-90-pro\/#primaryimage"},"thumbnailUrl":"https:\/\/glareone.eu\/wp-content\/uploads\/2024\/04\/GlareOne-Softbox-Hexa-90-PRO-01.jpg","datePublished":"2024-04-18T19:26:27+00:00","dateModified":"2025-07-09T10:53:27+00:00","description":"GlareOne Softbox Hexa 90 PRO","breadcrumb":{"@id":"https:\/\/glareone.eu\/cs\/produkt\/glareone-softbox-hexa-90-pro\/#breadcrumb"},"inLanguage":"cs","potentialAction":[{"@type":"ReadAction","target":["https:\/\/glareone.eu\/cs\/produkt\/glareone-softbox-hexa-90-pro\/"]}]},{"@type":"ImageObject","inLanguage":"cs","@id":"https:\/\/glareone.eu\/cs\/produkt\/glareone-softbox-hexa-90-pro\/#primaryimage","url":"https:\/\/glareone.eu\/wp-content\/uploads\/2024\/04\/GlareOne-Softbox-Hexa-90-PRO-01.jpg","contentUrl":"https:\/\/glareone.eu\/wp-content\/uploads\/2024\/04\/GlareOne-Softbox-Hexa-90-PRO-01.jpg","width":1200,"height":1200},{"@type":"BreadcrumbList","@id":"https:\/\/glareone.eu\/cs\/produkt\/glareone-softbox-hexa-90-pro\/#breadcrumb","itemListElement":[{"@type":"ListItem","position":1,"name":"Strona g\u0142\u00f3wna","item":"https:\/\/glareone.eu\/cs\/"},{"@type":"ListItem","position":2,"name":"V\u0161echny produkty","item":"https:\/\/glareone.eu\/cs\/produkty\/vsechny-produkty\/"},{"@type":"ListItem","position":3,"name":"GlareOne Softbox Hexa 90 PRO"}]},{"@type":"WebSite","@id":"https:\/\/glareone.eu\/cs\/en\/#website","url":"https:\/\/glareone.eu\/cs\/en\/","name":"GlareOne","description":"Wyposa\u017cenie Studia","publisher":{"@id":"https:\/\/glareone.eu\/cs\/en\/#organization"},"potentialAction":[{"@type":"SearchAction","target":{"@type":"EntryPoint","urlTemplate":"https:\/\/glareone.eu\/cs\/en\/?s={search_term_string}"},"query-input":{"@type":"PropertyValueSpecification","valueRequired":true,"valueName":"search_term_string"}}],"inLanguage":"cs"},{"@type":"Organization","@id":"https:\/\/glareone.eu\/cs\/en\/#organization","name":"GlareOne","url":"https:\/\/glareone.eu\/cs\/en\/","logo":{"@type":"ImageObject","inLanguage":"cs","@id":"https:\/\/glareone.eu\/cs\/en\/#\/schema\/logo\/image\/","url":"http:\/\/glareone.eu\/wp-content\/uploads\/2024\/05\/glareone_logo2020_RGB-01-e1715773127189.png","contentUrl":"http:\/\/glareone.eu\/wp-content\/uploads\/2024\/05\/glareone_logo2020_RGB-01-e1715773127189.png","width":1270,"height":321,"caption":"GlareOne"},"image":{"@id":"https:\/\/glareone.eu\/cs\/en\/#\/schema\/logo\/image\/"},"sameAs":["https:\/\/www.facebook.com\/GlareOneLighting","https:\/\/www.instagram.com\/glareonelighting\/","https:\/\/www.youtube.com\/@GlareOneTV"]}]}},"_links":{"self":[{"href":"https:\/\/glareone.eu\/cs\/wp-json\/wp\/v2\/product\/20394","targetHints":{"allow":["GET"]}}],"collection":[{"href":"https:\/\/glareone.eu\/cs\/wp-json\/wp\/v2\/product"}],"about":[{"href":"https:\/\/glareone.eu\/cs\/wp-json\/wp\/v2\/types\/product"}],"wp:featuredmedia":[{"embeddable":true,"href":"https:\/\/glareone.eu\/cs\/wp-json\/wp\/v2\/media\/20395"}],"wp:attachment":[{"href":"https:\/\/glareone.eu\/cs\/wp-json\/wp\/v2\/media?parent=20394"}],"wp:term":[{"taxonomy":"product_brand","embeddable":true,"href":"https:\/\/glareone.eu\/cs\/wp-json\/wp\/v2\/product_brand?post=20394"},{"taxonomy":"product_cat","embeddable":true,"href":"https:\/\/glareone.eu\/cs\/wp-json\/wp\/v2\/product_cat?post=20394"},{"taxonomy":"product_tag","embeddable":true,"href":"https:\/\/glareone.eu\/cs\/wp-json\/wp\/v2\/product_tag?post=20394"}],"curies":[{"name":"wp","href":"https:\/\/api.w.org\/{rel}","templated":true}]}}