{"id":20344,"date":"2024-04-18T19:26:24","date_gmt":"2024-04-18T19:26:24","guid":{"rendered":"https:\/\/glareone.eu\/product\/glareone-softbox-35x140-pro-zestaw-z-gridem\/"},"modified":"2025-07-09T10:06:08","modified_gmt":"2025-07-09T10:06:08","slug":"glareone-softbox-35x140-pro-sada-s-mrizkou","status":"publish","type":"product","link":"https:\/\/glareone.eu\/cs\/produkt\/glareone-softbox-35x140-pro-sada-s-mrizkou\/","title":{"rendered":"GlareOne Softbox 35&#215;140 PRO &#8211; sada s m\u0159\u00ed\u017ekou"},"content":{"rendered":"<p>Obd\u00e9ln\u00edkov\u00fd softbox vybaven\u00fd dvojit\u00fdm difuzorem, rychloup\u00ednac\u00edm mechanismem Easy Fold II, m\u0159\u00ed\u017ekou a krytem.<\/p>\n<h3>Snadn\u00e9 pou\u017eit\u00ed<\/h3>\n<p>Softbox je postaven na r\u00e1mu Easy Fold II, kter\u00fd umo\u017e\u0148uje rychl\u00e9 a snadn\u00e9 slo\u017een\u00ed a rozlo\u017een\u00ed. Je tak\u00e9 vybaven such\u00fdm zipem, kter\u00fd umo\u017e\u0148uje pou\u017eit\u00ed vo\u0161tinov\u00e9 m\u0159\u00ed\u017eky, co\u017e je u\u017eite\u010dn\u00e9, kdy\u017e pot\u0159ebujete ovl\u00e1dat sv\u011btlo na sc\u00e9n\u011b.<\/p>\n<h3>Praktick\u00fd<\/h3>\n<p>Softbox je tvarov\u00e1n tak, aby umo\u017e\u0148oval rovnom\u011brn\u00e9 osv\u011btlen\u00ed sc\u00e9ny a z\u00e1rove\u0148 zaji\u0161\u0165oval snadnou obsluhu i v mal\u00e9m prostoru. D\u00edky sv\u00e9 m\u011blk\u00e9 konstrukci se velmi snadno zav\u011b\u0161uje na stativ s ramenem nebo pou\u017e\u00edv\u00e1 v omezen\u00fdch prostorech. Dod\u00e1van\u00e9 p\u0159enosn\u00e9 pouzdro usnad\u0148uje p\u0159epravu a skladov\u00e1n\u00ed softboxu.<\/p>\n<h3>Sofistikovan\u00fd<\/h3>\n<p>Kryt softboxu je vyroben z velmi lehk\u00e9ho, ale odoln\u00e9ho nylonu 300D ripstop. Pou\u017eit\u00ed ripstopov\u00e9 vazby zvy\u0161uje odolnost materi\u00e1lu proti roztr\u017een\u00ed a z\u00e1rove\u0148 zachov\u00e1v\u00e1 relativn\u011b n\u00edzkou hmotnost. Difuz\u00e9ry jsou vyrobeny ze stejn\u00e9ho materi\u00e1lu s ni\u017e\u0161\u00ed hustotou (190D). Reflexn\u00ed s\u00ed\u0165 je laminov\u00e1na na kryc\u00ed materi\u00e1l, co\u017e zaji\u0161\u0165uje dlouhou \u017eivotnost a sni\u017euje propustnost sv\u011btla. V\u0161echny materi\u00e1ly jsou vybr\u00e1ny tak, aby zachovaly barevnou neutralitu, tak\u017ee softbox nem\u00e1 nep\u0159\u00edzniv\u00fd vliv na kvalitu sv\u011btla z lampy. Mont\u00e1\u017en\u00ed krou\u017eek a mechanismus Easy Fold II jsou vyrobeny z eloxovan\u00e9ho hlin\u00edku, zat\u00edmco r\u00e1mov\u00e9 ty\u010de jsou ocelov\u00e9.<\/p>\n<h3>M\u0159\u00ed\u017eka v balen\u00ed<\/h3>\n<p>Softbox je dod\u00e1v\u00e1n s vo\u0161tinovou m\u0159\u00ed\u017ekou, kter\u00e1 umo\u017e\u0148uje lep\u0161\u00ed kontrolu sv\u011btla. Usnad\u0148uje pr\u00e1ci v omezen\u00fdch prostorech nebo v p\u0159\u00edpad\u011b, \u017ee pot\u0159ebujete velmi p\u0159esn\u011b nasm\u011brovan\u00e9, ale m\u011bkk\u00e9 osv\u011btlen\u00ed.<\/p>\n<h3>Vlastnosti produktu<\/h3>\n<ul>\n<li>Nezbytn\u00fd pro produktov\u00e9 a m\u00f3dn\u00ed focen\u00ed<\/li>\n<li>Velmi snadn\u00e9 a rychl\u00e9 nastaven\u00ed<\/li>\n<li>M\u00e1 dvojit\u00fd odn\u00edmateln\u00fd difuz\u00e9r<\/li>\n<li>Dod\u00e1v\u00e1 se s vo\u0161tinou (m\u0159\u00ed\u017ekou)<\/li>\n<li>Je vyroben z vysoce kvalitn\u00edch materi\u00e1l\u016f<\/li>\n<li>Dod\u00e1v\u00e1 se v praktick\u00e9m p\u0159enosn\u00e9m kuf\u0159\u00edku<\/li>\n<\/ul>\n","protected":false},"excerpt":{"rendered":"<p>Obd\u00e9ln\u00edkov\u00fd softbox vybaven\u00fd dvojit\u00fdm difuzorem, rychloup\u00ednac\u00edm mechanismem Easy Fold II, m\u0159\u00ed\u017ekou a krytem. Snadn\u00e9 pou\u017eit\u00ed Softbox je postaven na r\u00e1mu Easy Fold II, kter\u00fd umo\u017e\u0148uje rychl\u00e9 a snadn\u00e9 slo\u017een\u00ed a rozlo\u017een\u00ed. Je tak\u00e9 vybaven such\u00fdm zipem, kter\u00fd umo\u017e\u0148uje pou\u017eit\u00ed vo\u0161tinov\u00e9 m\u0159\u00ed\u017eky, co\u017e je u\u017eite\u010dn\u00e9, kdy\u017e pot\u0159ebujete ovl\u00e1dat sv\u011btlo na sc\u00e9n\u011b. Praktick\u00fd Softbox je tvarov\u00e1n tak, [&hellip;]<\/p>\n","protected":false},"featured_media":20345,"template":"","meta":[],"product_brand":[],"product_cat":[561],"product_tag":[],"class_list":{"0":"post-20344","1":"product","2":"type-product","3":"status-publish","4":"has-post-thumbnail","6":"product_cat-pro-cs","8":"first","9":"instock","10":"product-type-simple"},"yoast_head":"<!-- This site is optimized with the Yoast SEO plugin v27.2 - https:\/\/yoast.com\/product\/yoast-seo-wordpress\/ -->\n<title>GlareOne Softbox 35x140 PRO - zestaw z gridem<\/title>\n<meta name=\"description\" content=\"GlareOne Softbox 35x140 PRO - zestaw z gridem\" \/>\n<meta name=\"robots\" content=\"index, follow, max-snippet:-1, max-image-preview:large, max-video-preview:-1\" \/>\n<link rel=\"canonical\" href=\"https:\/\/glareone.eu\/cs\/produkt\/glareone-softbox-35x140-pro-sada-s-mrizkou\/\" \/>\n<meta property=\"og:locale\" content=\"cs_CZ\" \/>\n<meta property=\"og:type\" content=\"article\" \/>\n<meta property=\"og:title\" content=\"GlareOne Softbox 35x140 PRO - zestaw z gridem\" \/>\n<meta property=\"og:description\" content=\"GlareOne Softbox 35x140 PRO - zestaw z gridem\" \/>\n<meta property=\"og:url\" content=\"https:\/\/glareone.eu\/cs\/produkt\/glareone-softbox-35x140-pro-sada-s-mrizkou\/\" \/>\n<meta property=\"og:site_name\" content=\"GlareOne\" \/>\n<meta property=\"article:publisher\" content=\"https:\/\/www.facebook.com\/GlareOneLighting\" \/>\n<meta property=\"article:modified_time\" content=\"2025-07-09T10:06:08+00:00\" \/>\n<meta property=\"og:image\" content=\"https:\/\/glareone.eu\/wp-content\/uploads\/2024\/04\/GlareOne-Softbox-35x140-PRO-01.jpg\" \/>\n\t<meta property=\"og:image:width\" content=\"1200\" \/>\n\t<meta property=\"og:image:height\" content=\"1200\" \/>\n\t<meta property=\"og:image:type\" content=\"image\/jpeg\" \/>\n<meta name=\"twitter:card\" content=\"summary_large_image\" \/>\n<meta name=\"twitter:title\" content=\"GlareOne Softbox 35x140 PRO - zestaw z gridem\" \/>\n<meta name=\"twitter:label1\" content=\"Odhadovan\u00e1 doba \u010dten\u00ed\" \/>\n\t<meta name=\"twitter:data1\" content=\"2 minuty\" \/>\n<script type=\"application\/ld+json\" class=\"yoast-schema-graph\">{\"@context\":\"https:\/\/schema.org\",\"@graph\":[{\"@type\":\"WebPage\",\"@id\":\"https:\/\/glareone.eu\/cs\/produkt\/glareone-softbox-35x140-pro-sada-s-mrizkou\/\",\"url\":\"https:\/\/glareone.eu\/cs\/produkt\/glareone-softbox-35x140-pro-sada-s-mrizkou\/\",\"name\":\"GlareOne Softbox 35x140 PRO - zestaw z gridem\",\"isPartOf\":{\"@id\":\"https:\/\/glareone.eu\/cs\/en\/#website\"},\"primaryImageOfPage\":{\"@id\":\"https:\/\/glareone.eu\/cs\/produkt\/glareone-softbox-35x140-pro-sada-s-mrizkou\/#primaryimage\"},\"image\":{\"@id\":\"https:\/\/glareone.eu\/cs\/produkt\/glareone-softbox-35x140-pro-sada-s-mrizkou\/#primaryimage\"},\"thumbnailUrl\":\"https:\/\/glareone.eu\/wp-content\/uploads\/2024\/04\/GlareOne-Softbox-35x140-PRO-01.jpg\",\"datePublished\":\"2024-04-18T19:26:24+00:00\",\"dateModified\":\"2025-07-09T10:06:08+00:00\",\"description\":\"GlareOne Softbox 35x140 PRO - zestaw z gridem\",\"breadcrumb\":{\"@id\":\"https:\/\/glareone.eu\/cs\/produkt\/glareone-softbox-35x140-pro-sada-s-mrizkou\/#breadcrumb\"},\"inLanguage\":\"cs\",\"potentialAction\":[{\"@type\":\"ReadAction\",\"target\":[\"https:\/\/glareone.eu\/cs\/produkt\/glareone-softbox-35x140-pro-sada-s-mrizkou\/\"]}]},{\"@type\":\"ImageObject\",\"inLanguage\":\"cs\",\"@id\":\"https:\/\/glareone.eu\/cs\/produkt\/glareone-softbox-35x140-pro-sada-s-mrizkou\/#primaryimage\",\"url\":\"https:\/\/glareone.eu\/wp-content\/uploads\/2024\/04\/GlareOne-Softbox-35x140-PRO-01.jpg\",\"contentUrl\":\"https:\/\/glareone.eu\/wp-content\/uploads\/2024\/04\/GlareOne-Softbox-35x140-PRO-01.jpg\",\"width\":1200,\"height\":1200},{\"@type\":\"BreadcrumbList\",\"@id\":\"https:\/\/glareone.eu\/cs\/produkt\/glareone-softbox-35x140-pro-sada-s-mrizkou\/#breadcrumb\",\"itemListElement\":[{\"@type\":\"ListItem\",\"position\":1,\"name\":\"Strona g\u0142\u00f3wna\",\"item\":\"https:\/\/glareone.eu\/cs\/\"},{\"@type\":\"ListItem\",\"position\":2,\"name\":\"V\u0161echny produkty\",\"item\":\"https:\/\/glareone.eu\/cs\/produkty\/vsechny-produkty\/\"},{\"@type\":\"ListItem\",\"position\":3,\"name\":\"GlareOne Softbox 35&#215;140 PRO &#8211; sada s m\u0159\u00ed\u017ekou\"}]},{\"@type\":\"WebSite\",\"@id\":\"https:\/\/glareone.eu\/cs\/en\/#website\",\"url\":\"https:\/\/glareone.eu\/cs\/en\/\",\"name\":\"GlareOne\",\"description\":\"Wyposa\u017cenie Studia\",\"publisher\":{\"@id\":\"https:\/\/glareone.eu\/cs\/en\/#organization\"},\"potentialAction\":[{\"@type\":\"SearchAction\",\"target\":{\"@type\":\"EntryPoint\",\"urlTemplate\":\"https:\/\/glareone.eu\/cs\/en\/?s={search_term_string}\"},\"query-input\":{\"@type\":\"PropertyValueSpecification\",\"valueRequired\":true,\"valueName\":\"search_term_string\"}}],\"inLanguage\":\"cs\"},{\"@type\":\"Organization\",\"@id\":\"https:\/\/glareone.eu\/cs\/en\/#organization\",\"name\":\"GlareOne\",\"url\":\"https:\/\/glareone.eu\/cs\/en\/\",\"logo\":{\"@type\":\"ImageObject\",\"inLanguage\":\"cs\",\"@id\":\"https:\/\/glareone.eu\/cs\/en\/#\/schema\/logo\/image\/\",\"url\":\"http:\/\/glareone.eu\/wp-content\/uploads\/2024\/05\/glareone_logo2020_RGB-01-e1715773127189.png\",\"contentUrl\":\"http:\/\/glareone.eu\/wp-content\/uploads\/2024\/05\/glareone_logo2020_RGB-01-e1715773127189.png\",\"width\":1270,\"height\":321,\"caption\":\"GlareOne\"},\"image\":{\"@id\":\"https:\/\/glareone.eu\/cs\/en\/#\/schema\/logo\/image\/\"},\"sameAs\":[\"https:\/\/www.facebook.com\/GlareOneLighting\",\"https:\/\/www.instagram.com\/glareonelighting\/\",\"https:\/\/www.youtube.com\/@GlareOneTV\"]}]}<\/script>\n<!-- \/ Yoast SEO plugin. -->","yoast_head_json":{"title":"GlareOne Softbox 35x140 PRO - zestaw z gridem","description":"GlareOne Softbox 35x140 PRO - zestaw z gridem","robots":{"index":"index","follow":"follow","max-snippet":"max-snippet:-1","max-image-preview":"max-image-preview:large","max-video-preview":"max-video-preview:-1"},"canonical":"https:\/\/glareone.eu\/cs\/produkt\/glareone-softbox-35x140-pro-sada-s-mrizkou\/","og_locale":"cs_CZ","og_type":"article","og_title":"GlareOne Softbox 35x140 PRO - zestaw z gridem","og_description":"GlareOne Softbox 35x140 PRO - zestaw z gridem","og_url":"https:\/\/glareone.eu\/cs\/produkt\/glareone-softbox-35x140-pro-sada-s-mrizkou\/","og_site_name":"GlareOne","article_publisher":"https:\/\/www.facebook.com\/GlareOneLighting","article_modified_time":"2025-07-09T10:06:08+00:00","og_image":[{"width":1200,"height":1200,"url":"https:\/\/glareone.eu\/wp-content\/uploads\/2024\/04\/GlareOne-Softbox-35x140-PRO-01.jpg","type":"image\/jpeg"}],"twitter_card":"summary_large_image","twitter_title":"GlareOne Softbox 35x140 PRO - zestaw z gridem","twitter_misc":{"Odhadovan\u00e1 doba \u010dten\u00ed":"2 minuty"},"schema":{"@context":"https:\/\/schema.org","@graph":[{"@type":"WebPage","@id":"https:\/\/glareone.eu\/cs\/produkt\/glareone-softbox-35x140-pro-sada-s-mrizkou\/","url":"https:\/\/glareone.eu\/cs\/produkt\/glareone-softbox-35x140-pro-sada-s-mrizkou\/","name":"GlareOne Softbox 35x140 PRO - zestaw z gridem","isPartOf":{"@id":"https:\/\/glareone.eu\/cs\/en\/#website"},"primaryImageOfPage":{"@id":"https:\/\/glareone.eu\/cs\/produkt\/glareone-softbox-35x140-pro-sada-s-mrizkou\/#primaryimage"},"image":{"@id":"https:\/\/glareone.eu\/cs\/produkt\/glareone-softbox-35x140-pro-sada-s-mrizkou\/#primaryimage"},"thumbnailUrl":"https:\/\/glareone.eu\/wp-content\/uploads\/2024\/04\/GlareOne-Softbox-35x140-PRO-01.jpg","datePublished":"2024-04-18T19:26:24+00:00","dateModified":"2025-07-09T10:06:08+00:00","description":"GlareOne Softbox 35x140 PRO - zestaw z gridem","breadcrumb":{"@id":"https:\/\/glareone.eu\/cs\/produkt\/glareone-softbox-35x140-pro-sada-s-mrizkou\/#breadcrumb"},"inLanguage":"cs","potentialAction":[{"@type":"ReadAction","target":["https:\/\/glareone.eu\/cs\/produkt\/glareone-softbox-35x140-pro-sada-s-mrizkou\/"]}]},{"@type":"ImageObject","inLanguage":"cs","@id":"https:\/\/glareone.eu\/cs\/produkt\/glareone-softbox-35x140-pro-sada-s-mrizkou\/#primaryimage","url":"https:\/\/glareone.eu\/wp-content\/uploads\/2024\/04\/GlareOne-Softbox-35x140-PRO-01.jpg","contentUrl":"https:\/\/glareone.eu\/wp-content\/uploads\/2024\/04\/GlareOne-Softbox-35x140-PRO-01.jpg","width":1200,"height":1200},{"@type":"BreadcrumbList","@id":"https:\/\/glareone.eu\/cs\/produkt\/glareone-softbox-35x140-pro-sada-s-mrizkou\/#breadcrumb","itemListElement":[{"@type":"ListItem","position":1,"name":"Strona g\u0142\u00f3wna","item":"https:\/\/glareone.eu\/cs\/"},{"@type":"ListItem","position":2,"name":"V\u0161echny produkty","item":"https:\/\/glareone.eu\/cs\/produkty\/vsechny-produkty\/"},{"@type":"ListItem","position":3,"name":"GlareOne Softbox 35&#215;140 PRO &#8211; sada s m\u0159\u00ed\u017ekou"}]},{"@type":"WebSite","@id":"https:\/\/glareone.eu\/cs\/en\/#website","url":"https:\/\/glareone.eu\/cs\/en\/","name":"GlareOne","description":"Wyposa\u017cenie Studia","publisher":{"@id":"https:\/\/glareone.eu\/cs\/en\/#organization"},"potentialAction":[{"@type":"SearchAction","target":{"@type":"EntryPoint","urlTemplate":"https:\/\/glareone.eu\/cs\/en\/?s={search_term_string}"},"query-input":{"@type":"PropertyValueSpecification","valueRequired":true,"valueName":"search_term_string"}}],"inLanguage":"cs"},{"@type":"Organization","@id":"https:\/\/glareone.eu\/cs\/en\/#organization","name":"GlareOne","url":"https:\/\/glareone.eu\/cs\/en\/","logo":{"@type":"ImageObject","inLanguage":"cs","@id":"https:\/\/glareone.eu\/cs\/en\/#\/schema\/logo\/image\/","url":"http:\/\/glareone.eu\/wp-content\/uploads\/2024\/05\/glareone_logo2020_RGB-01-e1715773127189.png","contentUrl":"http:\/\/glareone.eu\/wp-content\/uploads\/2024\/05\/glareone_logo2020_RGB-01-e1715773127189.png","width":1270,"height":321,"caption":"GlareOne"},"image":{"@id":"https:\/\/glareone.eu\/cs\/en\/#\/schema\/logo\/image\/"},"sameAs":["https:\/\/www.facebook.com\/GlareOneLighting","https:\/\/www.instagram.com\/glareonelighting\/","https:\/\/www.youtube.com\/@GlareOneTV"]}]}},"_links":{"self":[{"href":"https:\/\/glareone.eu\/cs\/wp-json\/wp\/v2\/product\/20344","targetHints":{"allow":["GET"]}}],"collection":[{"href":"https:\/\/glareone.eu\/cs\/wp-json\/wp\/v2\/product"}],"about":[{"href":"https:\/\/glareone.eu\/cs\/wp-json\/wp\/v2\/types\/product"}],"wp:featuredmedia":[{"embeddable":true,"href":"https:\/\/glareone.eu\/cs\/wp-json\/wp\/v2\/media\/20345"}],"wp:attachment":[{"href":"https:\/\/glareone.eu\/cs\/wp-json\/wp\/v2\/media?parent=20344"}],"wp:term":[{"taxonomy":"product_brand","embeddable":true,"href":"https:\/\/glareone.eu\/cs\/wp-json\/wp\/v2\/product_brand?post=20344"},{"taxonomy":"product_cat","embeddable":true,"href":"https:\/\/glareone.eu\/cs\/wp-json\/wp\/v2\/product_cat?post=20344"},{"taxonomy":"product_tag","embeddable":true,"href":"https:\/\/glareone.eu\/cs\/wp-json\/wp\/v2\/product_tag?post=20344"}],"curies":[{"name":"wp","href":"https:\/\/api.w.org\/{rel}","templated":true}]}}