{"id":20232,"date":"2024-04-18T19:26:33","date_gmt":"2024-04-18T19:26:33","guid":{"rendered":"https:\/\/glareone.eu\/product\/glareone-led-300-bicolor-d\/"},"modified":"2025-07-09T09:32:35","modified_gmt":"2025-07-09T09:32:35","slug":"glareone-led-300-bicolor-d","status":"publish","type":"product","link":"https:\/\/glareone.eu\/cs\/produkt\/glareone-led-300-bicolor-d\/","title":{"rendered":"GlareOne LED 300 BiColor D"},"content":{"rendered":"<p>300W LED studiov\u00e1 lampy s nep\u0159etr\u017eit\u00fdm sv\u011btlem se vyzna\u010duje variabiln\u00ed barevnou teplotou v rozmez\u00ed 2700~6500K a mo\u017enost\u00ed nap\u00e1jen\u00ed ze s\u00edt\u011b nebo z V-mount bateri\u00ed pomoc\u00ed p\u0159\u00eddavn\u00e9ho adapt\u00e9ru GlareOne LEDAV. LED 300 BiColor D se vyzna\u010duje velmi dobrou reprodukc\u00ed barev (TLCI &gt;98), vysokou \u00fa\u010dinnost\u00ed a jasem a vestav\u011bn\u00fdm dr\u017e\u00e1kem pro modifik\u00e1tory sv\u011btla typu Bowens.<\/p>\n<h3>Barva na prvn\u00edm m\u00edst\u011b<\/h3>\n<p>Index TLCI (Television Lighting Consistency Index) tohoto modelu je &gt;98 a CRI je &gt;97 bez ohledu na aktu\u00e1ln\u00ed nastaven\u00ed barevn\u00e9 teploty. D\u00edky tomu je lampa ide\u00e1ln\u00ed pro osv\u011btlen\u00ed studia p\u0159i nat\u00e1\u010den\u00ed i fotografov\u00e1n\u00ed a umo\u017e\u0148uje spr\u00e1vnou reprodukci barev.<\/p>\n<h3>Flexibilita<\/h3>\n<p>GlareOne LED 300 BiColor D je vybaven \u010dipem COB LED, kter\u00fd je schopen produkovat sv\u011btlo s barevnou teplotou v rozmez\u00ed od 2700 K a\u017e po 6500 K. To poskytuje velkou flexibilitu p\u0159i pr\u00e1ci se z\u00e1kladn\u00edm sv\u011btlem r\u016fzn\u00e9ho p\u016fvodu \u2013 p\u0159irozen\u00fdm i um\u011bl\u00fdm.<\/p>\n<h3>Stabilita<\/h3>\n<p>LED 300 BiColor D lze \u00fasp\u011b\u0161n\u011b pou\u017e\u00edt k osv\u011btlen\u00ed nat\u00e1\u010dec\u00edho studia s maxim\u00e1ln\u00ed sn\u00edmkovou frekvenc\u00ed a\u017e 1 000 sn\u00edmk\u016f za sekundu bez blik\u00e1n\u00ed (flickering).<\/p>\n<h3>V\u00fdkon<\/h3>\n<p>GlareOne LED 300 BiColor D se vyzna\u010duje vysokou \u00fa\u010dinnost\u00ed a vysok\u00fdm v\u00fdkonem generovan\u00e9ho sv\u011btla. Lampa je schopna poskytnout sv\u011bteln\u00fd v\u00fdkon a\u017e &gt;170000 lux\u016f, co\u017e se prom\u00edt\u00e1 do mo\u017enosti snadn\u00e9 modifikace a odrazu sv\u011btla pro dosa\u017een\u00ed po\u017eadovan\u00fdch efekt\u016f na sc\u00e9n\u011b.<\/p>\n<h3>Tich\u00fd provoz<\/h3>\n<p>Lampa je vybavena chladic\u00edm syst\u00e9mem, kter\u00fd se skl\u00e1d\u00e1 z chladi\u010de a extr\u00e9mn\u011b tich\u00e9ho ventil\u00e1toru, jeho\u017e hlu\u010dnost nep\u0159esahuje 30 dB. Tato n\u00edzk\u00e1 hlu\u010dnost v\u00fdrazn\u011b usnad\u0148uje nahr\u00e1v\u00e1n\u00ed zvuku na place.<\/p>\n<p>V situac\u00edch, kdy je vy\u017eadov\u00e1na absolutn\u00ed ticho, lze ventil\u00e1tor vypnout pomoc\u00ed tla\u010d\u00edtka na ovl\u00e1dac\u00edm panelu lampy a pou\u017e\u00edvat ji pouze v pasivn\u00edm re\u017eimu chlazen\u00ed (se sn\u00ed\u017een\u00fdm maxim\u00e1ln\u00edm v\u00fdkonem).<\/p>\n<h3>Sv\u011bteln\u00e9 efekty<\/h3>\n<p>Lampa je vybavena 9 sv\u011bteln\u00fdmi efekty, kter\u00e9 umo\u017e\u0148uj\u00ed simulovat sv\u011btlo vych\u00e1zej\u00edc\u00ed z rozbit\u00e9 z\u00e1\u0159ivky, oh\u0148ostroje, blesku (ve t\u0159ech variant\u00e1ch), bleskov\u00fdch \u017e\u00e1rovek (ve t\u0159ech variant\u00e1ch) a televize.<\/p>\n<h3>D\u00e1lkov\u00e9 ovl\u00e1d\u00e1n\u00ed<\/h3>\n<p>Je zde zabudovan\u00fd r\u00e1diov\u00fd p\u0159ij\u00edma\u010d kompatibiln\u00ed s d\u00e1lkov\u00fdm ovl\u00e1d\u00e1n\u00edm GlareOne LED RC nebo GlareOne LED RC II. Lampu lze nav\u00edc ovl\u00e1dat bezdr\u00e1tov\u011b pomoc\u00ed aplikace GlareOne Studio.<\/p>\n<h3>Nap\u00e1jen\u00ed z baterie<\/h3>\n<p>GlareOne LED 300 BiColor D lze nap\u00e1jet ze dvou zdroj\u016f \u2013 ze s\u00ed\u0165ov\u00e9 z\u00e1suvky pomoc\u00ed nap\u00e1jec\u00edho kabelu (sou\u010d\u00e1st\u00ed balen\u00ed) nebo pomoc\u00ed bateri\u00ed V-mount pomoc\u00ed adapt\u00e9ru GlareOne LEDAV (k dispozici samostatn\u011b). Jedna baterie V-mount (14,8 V) s kapacitou 190 Wh nap\u00e1j\u00ed lampu sv\u00edt\u00edc\u00ed na pln\u00fd v\u00fdkon po dobu a\u017e 30 minut (doba z\u00e1vis\u00ed do zna\u010dn\u00e9 m\u00edry na kvalit\u011b pou\u017eit\u00e9 baterie).<\/p>\n<p>POZN\u00c1MKA: Pro dosa\u017een\u00ed pln\u00e9ho v\u00fdkonu lampy pou\u017eijte baterie s celkov\u00fdm v\u00fdkonem 360 watt\u016f. Baterie s ni\u017e\u0161\u00edm v\u00fdkonem, nap\u0159\u00edklad 2&#215;99 watt\u016f, budou fungovat, ale dos\u00e1hnou maxim\u00e1ln\u011b 198 watt\u016f, co\u017e je 70 % v\u00fdkonu lampy. Nedoporu\u010dujeme pou\u017e\u00edvat dob\u00edjec\u00ed baterie bez vysok\u00e9ho proudov\u00e9ho omezen\u00ed, proto\u017ee by mohlo doj\u00edt k po\u0161kozen\u00ed baterie.<\/p>\n<h3>V\u0161estrannost<\/h3>\n<p>D\u00edky dr\u017e\u00e1ku p\u0159\u00edslu\u0161enstv\u00ed typu Bowens m\u016f\u017ee lampa LED 300 BiColor D pracovat s t\u00e9m\u011b\u0159 v\u0161emi modifik\u00e1tory sv\u011btla dostupn\u00fdmi na trhu, vyroben\u00fdmi spole\u010dnost\u00ed GlareOne nebo jednou z mnoha dal\u0161\u00edch zna\u010dek. Lampu lze pou\u017e\u00edt s r\u016fzn\u00fdmi softboxy, fluxemi, klapkami nebo reflektory.<\/p>\n<h3>Odolnost<\/h3>\n<p>Rozhoduj\u00edc\u00edmi komponenty pro dlouhou \u017eivotnost a vysok\u00fd komfort, tj. dr\u017e\u00e1k stativu, r\u00e1m a kryt, jsou hlin\u00edk nebo ocel. Ostatn\u00ed \u010d\u00e1sti, jako je rukoje\u0165 a ovl\u00e1dac\u00ed knofl\u00edky, jsou vyrobeny z vysoce kvalitn\u00edho plastu, kter\u00fd zaji\u0161\u0165uje dobrou ergonomii a pohodln\u00e9 ovl\u00e1d\u00e1n\u00ed.<\/p>\n<h3>Ovl\u00e1d\u00e1n\u00ed DMX<\/h3>\n<p>Lampa je kompatibiln\u00ed s protokolem DMX (Digital MultipleX), d\u00edky \u010demu\u017e m\u016f\u017eete voln\u011b ovl\u00e1dat jej\u00ed sv\u011btlo a programovat ji pomoc\u00ed po\u010d\u00edta\u010de nebo p\u0159\u00edslu\u0161n\u00fdch ovlada\u010d\u016f. D\u00edky tomu m\u016f\u017ee \u00fasp\u011b\u0161n\u011b slou\u017eit tak\u00e9 jako sc\u00e9nick\u00e9 osv\u011btlen\u00ed.<\/p>\n<h3>Vlastnosti GlareOne LED 300 BiColor D:<\/h3>\n<ul>\n<li>Kompaktn\u00ed a robustn\u00ed pouzdro.<\/li>\n<li>Variabiln\u00ed barevn\u00e1 teplota v rozmez\u00ed 2700~6500 K.<\/li>\n<li>300W kruhov\u00e1 LED dioda typu COB.<\/li>\n<li>Vysok\u00fd v\u00fdkon a jas (&gt;170000 lux\u016f).<\/li>\n<li>Velmi dobr\u00e1 barevn\u00e1 reprodukce (CRI &gt;97, TLCI &gt;98).<\/li>\n<li>Lze nap\u00e1jet z bateri\u00ed V-mount pomoc\u00ed adapt\u00e9ru GlareOne LEDAV (k dispozici samostatn\u011b).<\/li>\n<li>Stejn\u00fd v\u00fdkon i p\u0159i pou\u017eit\u00ed baterie V-mount.<\/li>\n<li>Nastaviteln\u00fd jas od 0 do 100 % v\u00fdkonu.<\/li>\n<li>\u017d\u00e1dn\u00e9 blik\u00e1n\u00ed ani p\u0159i 1000 fps.<\/li>\n<li>Dr\u017e\u00e1k pro modifik\u00e1tory sv\u011btla typu Bowens.<\/li>\n<li>D\u00e1lkov\u00e9 ovl\u00e1d\u00e1n\u00ed pomoc\u00ed d\u00e1lkov\u00e9ho ovlada\u010de GlareOne LED RC, RC II (k dispozici samostatn\u011b) nebo syst\u00e9mu DMX.<\/li>\n<li>Funguje s aplikac\u00ed GlareOne Studio, kter\u00e1 umo\u017e\u0148uje ovl\u00e1d\u00e1n\u00ed z telefonu nebo tabletu.<\/li>\n<li>9 re\u017eim\u016f osv\u011btlen\u00ed simuluj\u00edc\u00edch mimo jin\u00e9 blesky, televizn\u00ed obrazovku nebo rozbitou z\u00e1\u0159ivku.<\/li>\n<li>Tich\u00fd a \u00fa\u010dinn\u00fd aktivn\u00ed chladic\u00ed syst\u00e9m (&lt;30 dB) s mo\u017enost\u00ed vypnut\u00ed ventil\u00e1toru.<\/li>\n<li>Integrovan\u00fd dr\u017e\u00e1k de\u0161tn\u00edku.<\/li>\n<li>Ergonomicky tvarovan\u00e1 rukoje\u0165 pro snadn\u00e9 nastaven\u00ed \u00fahlu.<\/li>\n<\/ul>\n<h3>OBSAH BALEN\u00cd<\/h3>\n<ul>\n<li>1x lampa,<\/li>\n<li>1x nap\u00e1jec\u00ed zdroj,<\/li>\n<li>1x p\u0159epravn\u00ed kryt,<\/li>\n<li>1x LED reflektor,<\/li>\n<li>1x stativov\u00fd dr\u017e\u00e1k pro nap\u00e1jec\u00ed zdroj,<\/li>\n<li>1x n\u00e1vod k pou\u017eit\u00ed.<\/li>\n<\/ul>\n","protected":false},"excerpt":{"rendered":"<p>300W LED studiov\u00e1 lampy s nep\u0159etr\u017eit\u00fdm sv\u011btlem se vyzna\u010duje variabiln\u00ed barevnou teplotou v rozmez\u00ed 2700~6500K a mo\u017enost\u00ed nap\u00e1jen\u00ed ze s\u00edt\u011b nebo z V-mount bateri\u00ed pomoc\u00ed p\u0159\u00eddavn\u00e9ho adapt\u00e9ru GlareOne LEDAV. LED 300 BiColor D se vyzna\u010duje velmi dobrou reprodukc\u00ed barev (TLCI &gt;98), vysokou \u00fa\u010dinnost\u00ed a jasem a vestav\u011bn\u00fdm dr\u017e\u00e1kem pro modifik\u00e1tory sv\u011btla typu Bowens. Barva na [&hellip;]<\/p>\n","protected":false},"featured_media":20234,"template":"","meta":[],"product_brand":[],"product_cat":[547],"product_tag":[],"class_list":{"0":"post-20232","1":"product","2":"type-product","3":"status-publish","4":"has-post-thumbnail","6":"product_cat-led-lampy-s-upevnenim-bowens","8":"first","9":"instock","10":"product-type-simple"},"yoast_head":"<!-- This site is optimized with the Yoast SEO plugin v27.2 - https:\/\/yoast.com\/product\/yoast-seo-wordpress\/ -->\n<title>GlareOne LED 300 BiColor D<\/title>\n<meta name=\"description\" content=\"GlareOne LED 300 BiColor D\" \/>\n<meta name=\"robots\" content=\"index, follow, max-snippet:-1, max-image-preview:large, max-video-preview:-1\" \/>\n<link rel=\"canonical\" href=\"https:\/\/glareone.eu\/cs\/produkt\/glareone-led-300-bicolor-d\/\" \/>\n<meta property=\"og:locale\" content=\"cs_CZ\" \/>\n<meta property=\"og:type\" content=\"article\" \/>\n<meta property=\"og:title\" content=\"GlareOne LED 300 BiColor D\" \/>\n<meta property=\"og:description\" content=\"GlareOne LED 300 BiColor D\" \/>\n<meta property=\"og:url\" content=\"https:\/\/glareone.eu\/cs\/produkt\/glareone-led-300-bicolor-d\/\" \/>\n<meta property=\"og:site_name\" content=\"GlareOne\" \/>\n<meta property=\"article:publisher\" content=\"https:\/\/www.facebook.com\/GlareOneLighting\" \/>\n<meta property=\"article:modified_time\" content=\"2025-07-09T09:32:35+00:00\" \/>\n<meta property=\"og:image\" content=\"https:\/\/glareone.eu\/wp-content\/uploads\/2024\/04\/SLED300BCD_01.jpg\" \/>\n\t<meta property=\"og:image:width\" content=\"1200\" \/>\n\t<meta property=\"og:image:height\" content=\"1200\" \/>\n\t<meta property=\"og:image:type\" content=\"image\/jpeg\" \/>\n<meta name=\"twitter:card\" content=\"summary_large_image\" \/>\n<meta name=\"twitter:title\" content=\"GlareOne LED 300 BiColor D\" \/>\n<meta name=\"twitter:label1\" content=\"Odhadovan\u00e1 doba \u010dten\u00ed\" \/>\n\t<meta name=\"twitter:data1\" content=\"4 minuty\" \/>\n<script type=\"application\/ld+json\" class=\"yoast-schema-graph\">{\"@context\":\"https:\/\/schema.org\",\"@graph\":[{\"@type\":\"WebPage\",\"@id\":\"https:\/\/glareone.eu\/cs\/produkt\/glareone-led-300-bicolor-d\/\",\"url\":\"https:\/\/glareone.eu\/cs\/produkt\/glareone-led-300-bicolor-d\/\",\"name\":\"GlareOne LED 300 BiColor D\",\"isPartOf\":{\"@id\":\"https:\/\/glareone.eu\/cs\/en\/#website\"},\"primaryImageOfPage\":{\"@id\":\"https:\/\/glareone.eu\/cs\/produkt\/glareone-led-300-bicolor-d\/#primaryimage\"},\"image\":{\"@id\":\"https:\/\/glareone.eu\/cs\/produkt\/glareone-led-300-bicolor-d\/#primaryimage\"},\"thumbnailUrl\":\"https:\/\/glareone.eu\/wp-content\/uploads\/2024\/04\/SLED300BCD_01.jpg\",\"datePublished\":\"2024-04-18T19:26:33+00:00\",\"dateModified\":\"2025-07-09T09:32:35+00:00\",\"description\":\"GlareOne LED 300 BiColor D\",\"breadcrumb\":{\"@id\":\"https:\/\/glareone.eu\/cs\/produkt\/glareone-led-300-bicolor-d\/#breadcrumb\"},\"inLanguage\":\"cs\",\"potentialAction\":[{\"@type\":\"ReadAction\",\"target\":[\"https:\/\/glareone.eu\/cs\/produkt\/glareone-led-300-bicolor-d\/\"]}]},{\"@type\":\"ImageObject\",\"inLanguage\":\"cs\",\"@id\":\"https:\/\/glareone.eu\/cs\/produkt\/glareone-led-300-bicolor-d\/#primaryimage\",\"url\":\"https:\/\/glareone.eu\/wp-content\/uploads\/2024\/04\/SLED300BCD_01.jpg\",\"contentUrl\":\"https:\/\/glareone.eu\/wp-content\/uploads\/2024\/04\/SLED300BCD_01.jpg\",\"width\":1200,\"height\":1200},{\"@type\":\"BreadcrumbList\",\"@id\":\"https:\/\/glareone.eu\/cs\/produkt\/glareone-led-300-bicolor-d\/#breadcrumb\",\"itemListElement\":[{\"@type\":\"ListItem\",\"position\":1,\"name\":\"Strona g\u0142\u00f3wna\",\"item\":\"https:\/\/glareone.eu\/cs\/\"},{\"@type\":\"ListItem\",\"position\":2,\"name\":\"V\u0161echny produkty\",\"item\":\"https:\/\/glareone.eu\/cs\/produkty\/vsechny-produkty\/\"},{\"@type\":\"ListItem\",\"position\":3,\"name\":\"GlareOne LED 300 BiColor D\"}]},{\"@type\":\"WebSite\",\"@id\":\"https:\/\/glareone.eu\/cs\/en\/#website\",\"url\":\"https:\/\/glareone.eu\/cs\/en\/\",\"name\":\"GlareOne\",\"description\":\"Wyposa\u017cenie Studia\",\"publisher\":{\"@id\":\"https:\/\/glareone.eu\/cs\/en\/#organization\"},\"potentialAction\":[{\"@type\":\"SearchAction\",\"target\":{\"@type\":\"EntryPoint\",\"urlTemplate\":\"https:\/\/glareone.eu\/cs\/en\/?s={search_term_string}\"},\"query-input\":{\"@type\":\"PropertyValueSpecification\",\"valueRequired\":true,\"valueName\":\"search_term_string\"}}],\"inLanguage\":\"cs\"},{\"@type\":\"Organization\",\"@id\":\"https:\/\/glareone.eu\/cs\/en\/#organization\",\"name\":\"GlareOne\",\"url\":\"https:\/\/glareone.eu\/cs\/en\/\",\"logo\":{\"@type\":\"ImageObject\",\"inLanguage\":\"cs\",\"@id\":\"https:\/\/glareone.eu\/cs\/en\/#\/schema\/logo\/image\/\",\"url\":\"http:\/\/glareone.eu\/wp-content\/uploads\/2024\/05\/glareone_logo2020_RGB-01-e1715773127189.png\",\"contentUrl\":\"http:\/\/glareone.eu\/wp-content\/uploads\/2024\/05\/glareone_logo2020_RGB-01-e1715773127189.png\",\"width\":1270,\"height\":321,\"caption\":\"GlareOne\"},\"image\":{\"@id\":\"https:\/\/glareone.eu\/cs\/en\/#\/schema\/logo\/image\/\"},\"sameAs\":[\"https:\/\/www.facebook.com\/GlareOneLighting\",\"https:\/\/www.instagram.com\/glareonelighting\/\",\"https:\/\/www.youtube.com\/@GlareOneTV\"]}]}<\/script>\n<!-- \/ Yoast SEO plugin. -->","yoast_head_json":{"title":"GlareOne LED 300 BiColor D","description":"GlareOne LED 300 BiColor D","robots":{"index":"index","follow":"follow","max-snippet":"max-snippet:-1","max-image-preview":"max-image-preview:large","max-video-preview":"max-video-preview:-1"},"canonical":"https:\/\/glareone.eu\/cs\/produkt\/glareone-led-300-bicolor-d\/","og_locale":"cs_CZ","og_type":"article","og_title":"GlareOne LED 300 BiColor D","og_description":"GlareOne LED 300 BiColor D","og_url":"https:\/\/glareone.eu\/cs\/produkt\/glareone-led-300-bicolor-d\/","og_site_name":"GlareOne","article_publisher":"https:\/\/www.facebook.com\/GlareOneLighting","article_modified_time":"2025-07-09T09:32:35+00:00","og_image":[{"width":1200,"height":1200,"url":"https:\/\/glareone.eu\/wp-content\/uploads\/2024\/04\/SLED300BCD_01.jpg","type":"image\/jpeg"}],"twitter_card":"summary_large_image","twitter_title":"GlareOne LED 300 BiColor D","twitter_misc":{"Odhadovan\u00e1 doba \u010dten\u00ed":"4 minuty"},"schema":{"@context":"https:\/\/schema.org","@graph":[{"@type":"WebPage","@id":"https:\/\/glareone.eu\/cs\/produkt\/glareone-led-300-bicolor-d\/","url":"https:\/\/glareone.eu\/cs\/produkt\/glareone-led-300-bicolor-d\/","name":"GlareOne LED 300 BiColor D","isPartOf":{"@id":"https:\/\/glareone.eu\/cs\/en\/#website"},"primaryImageOfPage":{"@id":"https:\/\/glareone.eu\/cs\/produkt\/glareone-led-300-bicolor-d\/#primaryimage"},"image":{"@id":"https:\/\/glareone.eu\/cs\/produkt\/glareone-led-300-bicolor-d\/#primaryimage"},"thumbnailUrl":"https:\/\/glareone.eu\/wp-content\/uploads\/2024\/04\/SLED300BCD_01.jpg","datePublished":"2024-04-18T19:26:33+00:00","dateModified":"2025-07-09T09:32:35+00:00","description":"GlareOne LED 300 BiColor D","breadcrumb":{"@id":"https:\/\/glareone.eu\/cs\/produkt\/glareone-led-300-bicolor-d\/#breadcrumb"},"inLanguage":"cs","potentialAction":[{"@type":"ReadAction","target":["https:\/\/glareone.eu\/cs\/produkt\/glareone-led-300-bicolor-d\/"]}]},{"@type":"ImageObject","inLanguage":"cs","@id":"https:\/\/glareone.eu\/cs\/produkt\/glareone-led-300-bicolor-d\/#primaryimage","url":"https:\/\/glareone.eu\/wp-content\/uploads\/2024\/04\/SLED300BCD_01.jpg","contentUrl":"https:\/\/glareone.eu\/wp-content\/uploads\/2024\/04\/SLED300BCD_01.jpg","width":1200,"height":1200},{"@type":"BreadcrumbList","@id":"https:\/\/glareone.eu\/cs\/produkt\/glareone-led-300-bicolor-d\/#breadcrumb","itemListElement":[{"@type":"ListItem","position":1,"name":"Strona g\u0142\u00f3wna","item":"https:\/\/glareone.eu\/cs\/"},{"@type":"ListItem","position":2,"name":"V\u0161echny produkty","item":"https:\/\/glareone.eu\/cs\/produkty\/vsechny-produkty\/"},{"@type":"ListItem","position":3,"name":"GlareOne LED 300 BiColor D"}]},{"@type":"WebSite","@id":"https:\/\/glareone.eu\/cs\/en\/#website","url":"https:\/\/glareone.eu\/cs\/en\/","name":"GlareOne","description":"Wyposa\u017cenie Studia","publisher":{"@id":"https:\/\/glareone.eu\/cs\/en\/#organization"},"potentialAction":[{"@type":"SearchAction","target":{"@type":"EntryPoint","urlTemplate":"https:\/\/glareone.eu\/cs\/en\/?s={search_term_string}"},"query-input":{"@type":"PropertyValueSpecification","valueRequired":true,"valueName":"search_term_string"}}],"inLanguage":"cs"},{"@type":"Organization","@id":"https:\/\/glareone.eu\/cs\/en\/#organization","name":"GlareOne","url":"https:\/\/glareone.eu\/cs\/en\/","logo":{"@type":"ImageObject","inLanguage":"cs","@id":"https:\/\/glareone.eu\/cs\/en\/#\/schema\/logo\/image\/","url":"http:\/\/glareone.eu\/wp-content\/uploads\/2024\/05\/glareone_logo2020_RGB-01-e1715773127189.png","contentUrl":"http:\/\/glareone.eu\/wp-content\/uploads\/2024\/05\/glareone_logo2020_RGB-01-e1715773127189.png","width":1270,"height":321,"caption":"GlareOne"},"image":{"@id":"https:\/\/glareone.eu\/cs\/en\/#\/schema\/logo\/image\/"},"sameAs":["https:\/\/www.facebook.com\/GlareOneLighting","https:\/\/www.instagram.com\/glareonelighting\/","https:\/\/www.youtube.com\/@GlareOneTV"]}]}},"_links":{"self":[{"href":"https:\/\/glareone.eu\/cs\/wp-json\/wp\/v2\/product\/20232","targetHints":{"allow":["GET"]}}],"collection":[{"href":"https:\/\/glareone.eu\/cs\/wp-json\/wp\/v2\/product"}],"about":[{"href":"https:\/\/glareone.eu\/cs\/wp-json\/wp\/v2\/types\/product"}],"wp:featuredmedia":[{"embeddable":true,"href":"https:\/\/glareone.eu\/cs\/wp-json\/wp\/v2\/media\/20234"}],"wp:attachment":[{"href":"https:\/\/glareone.eu\/cs\/wp-json\/wp\/v2\/media?parent=20232"}],"wp:term":[{"taxonomy":"product_brand","embeddable":true,"href":"https:\/\/glareone.eu\/cs\/wp-json\/wp\/v2\/product_brand?post=20232"},{"taxonomy":"product_cat","embeddable":true,"href":"https:\/\/glareone.eu\/cs\/wp-json\/wp\/v2\/product_cat?post=20232"},{"taxonomy":"product_tag","embeddable":true,"href":"https:\/\/glareone.eu\/cs\/wp-json\/wp\/v2\/product_tag?post=20232"}],"curies":[{"name":"wp","href":"https:\/\/api.w.org\/{rel}","templated":true}]}}