{"id":20221,"date":"2024-04-18T19:26:33","date_gmt":"2024-04-18T19:26:33","guid":{"rendered":"https:\/\/glareone.eu\/product\/glareone-fatboy-t-statyw-typu-c-stand-z-odpinana-podstawa\/"},"modified":"2025-07-09T09:27:46","modified_gmt":"2025-07-09T09:27:46","slug":"glareone-fatboy-t-stativ-typu-c-stand-s-odnimatelnou-zakladnou","status":"publish","type":"product","link":"https:\/\/glareone.eu\/cs\/produkt\/glareone-fatboy-t-stativ-typu-c-stand-s-odnimatelnou-zakladnou\/","title":{"rendered":"GlareOne Fatboy T \u2013 stativ typu C-stand s odn\u00edmatelnou z\u00e1kladnou"},"content":{"rendered":"<p><span style=\"font-weight: 400;\">Odoln\u00fd ocelov\u00fd stojan vybaven\u00fd dv\u011bma hlavami, trubkou a odn\u00edmatelnou z\u00e1kladnou.<\/span><\/p>\n<h3><b>Odolnost<\/b><\/h3>\n<p><span style=\"font-weight: 400;\">Fatboy je celochromov\u00fd nerezov\u00fd stativ navr\u017een\u00fd pro dlouhou \u017eivotnost a odolnost. Pat\u0159\u00ed do skupiny stativ\u016f C-Stand, kter\u00e9 jsou ji\u017e des\u00edtky let standardn\u00edm vybaven\u00edm filmov\u00fdch, televizn\u00edch a fotografick\u00fdch studi\u00ed.<\/span><\/p>\n<h3><b>Stabilita<\/b><\/h3>\n<p><span style=\"font-weight: 400;\">Konstrukce Fatboy se vyzna\u010duje n\u00edzk\u00fdm t\u011b\u017ei\u0161t\u011bm, d\u00edky \u010demu\u017e je velmi stabiln\u00ed i p\u0159i mont\u00e1\u017ei na lampu s hlubok\u00fdm \u0161estihrann\u00fdm softboxem. Tvar nohou je p\u0159izp\u016fsoben pro zav\u011b\u0161en\u00ed p\u0159\u00eddavn\u00e9ho z\u00e1va\u017e\u00ed, kter\u00e9 zvy\u0161uje stabilitu cel\u00e9 konstrukce. Nohy jsou zakon\u010deny patkami, kter\u00e9 sni\u017euj\u00ed klouz\u00e1n\u00ed po hladk\u00fdch povr\u0161\u00edch.<\/span><\/p>\n<h3><b>Nosnost<\/b><\/h3>\n<p><span style=\"font-weight: 400;\">Maxim\u00e1ln\u00ed nosnost rozlo\u017een\u00e9ho st\u0159edov\u00e9ho sloupu Fatboy je 20 kg. Takov\u00e1 nosnost umo\u017e\u0148uje pohodlnou pr\u00e1ci i s velmi velk\u00fdmi softboxy o pr\u016fm\u011bru 150 cm nebo velk\u00fdmi de\u0161tn\u00edky.<\/span><\/p>\n<h3><b>Odn\u00edmateln\u00e1 z\u00e1kladna stativu<\/b><\/h3>\n<p><span style=\"font-weight: 400;\">Nohy stativu lze odn\u00edmat, co\u017e usnad\u0148uje skladov\u00e1n\u00ed Fatboy T ve studiu nebo p\u0159epravu na m\u00edsto focen\u00ed.<\/span><\/p>\n<h3><b>Trubka<\/b><\/h3>\n<p><span style=\"font-weight: 400;\">Fatboy T je vybaven ramenem, kter\u00e9 v\u00e1m umo\u017en\u00ed b\u00fdt kreativn\u00ed s osv\u011btlen\u00edm, proto\u017ee usnad\u0148uje um\u00edst\u011bn\u00ed sv\u011btel mimo osu stativu, nap\u0159. nad kameru nebo sc\u00e9nu. Konce trubky \u2013 jak se odborn\u011b naz\u00fdv\u00e1 rameno tohoto stativu \u2013 jsou dr\u00e1\u017ekovan\u00e9 a pod\u0159\u00edznut\u00e9 tak, aby se sn\u00ed\u017eila mo\u017enost ot\u00e1\u010den\u00ed a p\u00e1du lampy. Rameno lze tak\u00e9 pou\u017e\u00edt jako mal\u00fd v\u00fdlo\u017en\u00edk.<\/span><\/p>\n<h3><b>Hlava<\/b><\/h3>\n<p><span style=\"font-weight: 400;\">Fatboy je vybaven sadou dvou vysoce kvalitn\u00edch hlav, kter\u00e9 slou\u017e\u00ed k p\u0159ipevn\u011bn\u00ed trubky ke st\u0159edov\u00e9mu sloupu a k r\u016fzn\u00e9mu p\u0159\u00edslu\u0161enstv\u00ed, jako jsou mix\u00e9ry, vlajky, ventily atd. Hlavy Fatboy se vyzna\u010duj\u00ed vysokou kvalitou zpracov\u00e1n\u00ed a ergonomicky tvarovan\u00fdmi up\u00ednac\u00edmi knofl\u00edky.<\/span><\/p>\n<h3><b>Vlastnosti produktu:<\/b><\/h3>\n<ul>\n<li style=\"font-weight: 400;\" aria-level=\"1\"><span style=\"font-weight: 400;\">Stojan z pochromovan\u00e9 nerezov\u00e9 oceli<\/span><\/li>\n<li style=\"font-weight: 400;\" aria-level=\"1\"><span style=\"font-weight: 400;\">Dod\u00e1v\u00e1no s ramenem a dv\u011bma hlavami<\/span><\/li>\n<li style=\"font-weight: 400;\" aria-level=\"1\"><span style=\"font-weight: 400;\">Odn\u00edmateln\u00e1 z\u00e1kladna stojanu<\/span><\/li>\n<li style=\"font-weight: 400;\" aria-level=\"1\"><span style=\"font-weight: 400;\">Ergonomicky tvarovan\u00e9 up\u00ednac\u00ed knofl\u00edky<\/span><\/li>\n<li style=\"font-weight: 400;\" aria-level=\"1\"><span style=\"font-weight: 400;\">Pogumovan\u00e9 konce nohou pro lep\u0161\u00ed p\u0159ilnavost na hladk\u00fdch povr\u0161\u00edch<\/span><\/li>\n<li style=\"font-weight: 400;\" aria-level=\"1\"><span style=\"font-weight: 400;\">Dosahuje maxim\u00e1ln\u00ed v\u00fd\u0161ky 320 cm<\/span><\/li>\n<li style=\"font-weight: 400;\" aria-level=\"1\"><span style=\"font-weight: 400;\">Lze dodate\u010dn\u011b vybavit kole\u010dky<\/span><\/li>\n<li style=\"font-weight: 400;\" aria-level=\"1\"><span style=\"font-weight: 400;\">Lze slo\u017eit do ploch\u00e9ho stavu<\/span><\/li>\n<li style=\"font-weight: 400;\" aria-level=\"1\"><span style=\"font-weight: 400;\">Nosnost a\u017e 20 kg<\/span><\/li>\n<\/ul>\n","protected":false},"excerpt":{"rendered":"<p>Odoln\u00fd ocelov\u00fd stojan vybaven\u00fd dv\u011bma hlavami, trubkou a odn\u00edmatelnou z\u00e1kladnou. Odolnost Fatboy je celochromov\u00fd nerezov\u00fd stativ navr\u017een\u00fd pro dlouhou \u017eivotnost a odolnost. Pat\u0159\u00ed do skupiny stativ\u016f C-Stand, kter\u00e9 jsou ji\u017e des\u00edtky let standardn\u00edm vybaven\u00edm filmov\u00fdch, televizn\u00edch a fotografick\u00fdch studi\u00ed. Stabilita Konstrukce Fatboy se vyzna\u010duje n\u00edzk\u00fdm t\u011b\u017ei\u0161t\u011bm, d\u00edky \u010demu\u017e je velmi stabiln\u00ed i p\u0159i mont\u00e1\u017ei na [&hellip;]<\/p>\n","protected":false},"featured_media":20013,"template":"","meta":[],"product_brand":[],"product_cat":[573],"product_tag":[],"class_list":{"0":"post-20221","1":"product","2":"type-product","3":"status-publish","4":"has-post-thumbnail","6":"product_cat-c-stand-cs","8":"first","9":"instock","10":"product-type-simple"},"yoast_head":"<!-- This site is optimized with the Yoast SEO plugin v27.2 - https:\/\/yoast.com\/product\/yoast-seo-wordpress\/ -->\n<title>GlareOne Fatboy T - statyw typu c-stand z odpinan\u0105 podstaw\u0105<\/title>\n<meta name=\"description\" content=\"GlareOne Fatboy T to stalowy statyw typu c-stand o du\u017cym ud\u017awigu. Wyposa\u017cony w dwie g\u0142owice, rami\u0119 i odpinan\u0105 podstaw\u0119, kt\u00f3ra u\u0142atwia transport statywu.\" \/>\n<meta name=\"robots\" content=\"index, follow, max-snippet:-1, max-image-preview:large, max-video-preview:-1\" \/>\n<link rel=\"canonical\" href=\"https:\/\/glareone.eu\/cs\/produkt\/glareone-fatboy-t-stativ-typu-c-stand-s-odnimatelnou-zakladnou\/\" \/>\n<meta property=\"og:locale\" content=\"cs_CZ\" \/>\n<meta property=\"og:type\" content=\"article\" \/>\n<meta property=\"og:title\" content=\"GlareOne Fatboy T - statyw typu c-stand z odpinan\u0105 podstaw\u0105\" \/>\n<meta property=\"og:description\" content=\"GlareOne Fatboy T to stalowy statyw typu c-stand o du\u017cym ud\u017awigu. Wyposa\u017cony w dwie g\u0142owice, rami\u0119 i odpinan\u0105 podstaw\u0119, kt\u00f3ra u\u0142atwia transport statywu.\" \/>\n<meta property=\"og:url\" content=\"https:\/\/glareone.eu\/cs\/produkt\/glareone-fatboy-t-stativ-typu-c-stand-s-odnimatelnou-zakladnou\/\" \/>\n<meta property=\"og:site_name\" content=\"GlareOne\" \/>\n<meta property=\"article:publisher\" content=\"https:\/\/www.facebook.com\/GlareOneLighting\" \/>\n<meta property=\"article:modified_time\" content=\"2025-07-09T09:27:46+00:00\" \/>\n<meta property=\"og:image\" content=\"https:\/\/glareone.eu\/wp-content\/uploads\/2024\/04\/SLSFATBOYSTB_01-2.jpg\" \/>\n\t<meta property=\"og:image:width\" content=\"1200\" \/>\n\t<meta property=\"og:image:height\" content=\"1200\" \/>\n\t<meta property=\"og:image:type\" content=\"image\/jpeg\" \/>\n<meta name=\"twitter:card\" content=\"summary_large_image\" \/>\n<meta name=\"twitter:title\" content=\"GlareOne Fatboy T - statyw typu c-stand z odpinan\u0105 podstaw\u0105\" \/>\n<meta name=\"twitter:label1\" content=\"Odhadovan\u00e1 doba \u010dten\u00ed\" \/>\n\t<meta name=\"twitter:data1\" content=\"2 minuty\" \/>\n<script type=\"application\/ld+json\" class=\"yoast-schema-graph\">{\"@context\":\"https:\/\/schema.org\",\"@graph\":[{\"@type\":\"WebPage\",\"@id\":\"https:\/\/glareone.eu\/cs\/produkt\/glareone-fatboy-t-stativ-typu-c-stand-s-odnimatelnou-zakladnou\/\",\"url\":\"https:\/\/glareone.eu\/cs\/produkt\/glareone-fatboy-t-stativ-typu-c-stand-s-odnimatelnou-zakladnou\/\",\"name\":\"GlareOne Fatboy T - statyw typu c-stand z odpinan\u0105 podstaw\u0105\",\"isPartOf\":{\"@id\":\"https:\/\/glareone.eu\/cs\/en\/#website\"},\"primaryImageOfPage\":{\"@id\":\"https:\/\/glareone.eu\/cs\/produkt\/glareone-fatboy-t-stativ-typu-c-stand-s-odnimatelnou-zakladnou\/#primaryimage\"},\"image\":{\"@id\":\"https:\/\/glareone.eu\/cs\/produkt\/glareone-fatboy-t-stativ-typu-c-stand-s-odnimatelnou-zakladnou\/#primaryimage\"},\"thumbnailUrl\":\"https:\/\/glareone.eu\/wp-content\/uploads\/2024\/04\/SLSFATBOYSTB_01-2.jpg\",\"datePublished\":\"2024-04-18T19:26:33+00:00\",\"dateModified\":\"2025-07-09T09:27:46+00:00\",\"description\":\"GlareOne Fatboy T to stalowy statyw typu c-stand o du\u017cym ud\u017awigu. Wyposa\u017cony w dwie g\u0142owice, rami\u0119 i odpinan\u0105 podstaw\u0119, kt\u00f3ra u\u0142atwia transport statywu.\",\"breadcrumb\":{\"@id\":\"https:\/\/glareone.eu\/cs\/produkt\/glareone-fatboy-t-stativ-typu-c-stand-s-odnimatelnou-zakladnou\/#breadcrumb\"},\"inLanguage\":\"cs\",\"potentialAction\":[{\"@type\":\"ReadAction\",\"target\":[\"https:\/\/glareone.eu\/cs\/produkt\/glareone-fatboy-t-stativ-typu-c-stand-s-odnimatelnou-zakladnou\/\"]}]},{\"@type\":\"ImageObject\",\"inLanguage\":\"cs\",\"@id\":\"https:\/\/glareone.eu\/cs\/produkt\/glareone-fatboy-t-stativ-typu-c-stand-s-odnimatelnou-zakladnou\/#primaryimage\",\"url\":\"https:\/\/glareone.eu\/wp-content\/uploads\/2024\/04\/SLSFATBOYSTB_01-2.jpg\",\"contentUrl\":\"https:\/\/glareone.eu\/wp-content\/uploads\/2024\/04\/SLSFATBOYSTB_01-2.jpg\",\"width\":1200,\"height\":1200},{\"@type\":\"BreadcrumbList\",\"@id\":\"https:\/\/glareone.eu\/cs\/produkt\/glareone-fatboy-t-stativ-typu-c-stand-s-odnimatelnou-zakladnou\/#breadcrumb\",\"itemListElement\":[{\"@type\":\"ListItem\",\"position\":1,\"name\":\"Strona g\u0142\u00f3wna\",\"item\":\"https:\/\/glareone.eu\/cs\/\"},{\"@type\":\"ListItem\",\"position\":2,\"name\":\"V\u0161echny produkty\",\"item\":\"https:\/\/glareone.eu\/cs\/produkty\/vsechny-produkty\/\"},{\"@type\":\"ListItem\",\"position\":3,\"name\":\"GlareOne Fatboy T \u2013 stativ typu C-stand s odn\u00edmatelnou z\u00e1kladnou\"}]},{\"@type\":\"WebSite\",\"@id\":\"https:\/\/glareone.eu\/cs\/en\/#website\",\"url\":\"https:\/\/glareone.eu\/cs\/en\/\",\"name\":\"GlareOne\",\"description\":\"Wyposa\u017cenie Studia\",\"publisher\":{\"@id\":\"https:\/\/glareone.eu\/cs\/en\/#organization\"},\"potentialAction\":[{\"@type\":\"SearchAction\",\"target\":{\"@type\":\"EntryPoint\",\"urlTemplate\":\"https:\/\/glareone.eu\/cs\/en\/?s={search_term_string}\"},\"query-input\":{\"@type\":\"PropertyValueSpecification\",\"valueRequired\":true,\"valueName\":\"search_term_string\"}}],\"inLanguage\":\"cs\"},{\"@type\":\"Organization\",\"@id\":\"https:\/\/glareone.eu\/cs\/en\/#organization\",\"name\":\"GlareOne\",\"url\":\"https:\/\/glareone.eu\/cs\/en\/\",\"logo\":{\"@type\":\"ImageObject\",\"inLanguage\":\"cs\",\"@id\":\"https:\/\/glareone.eu\/cs\/en\/#\/schema\/logo\/image\/\",\"url\":\"http:\/\/glareone.eu\/wp-content\/uploads\/2024\/05\/glareone_logo2020_RGB-01-e1715773127189.png\",\"contentUrl\":\"http:\/\/glareone.eu\/wp-content\/uploads\/2024\/05\/glareone_logo2020_RGB-01-e1715773127189.png\",\"width\":1270,\"height\":321,\"caption\":\"GlareOne\"},\"image\":{\"@id\":\"https:\/\/glareone.eu\/cs\/en\/#\/schema\/logo\/image\/\"},\"sameAs\":[\"https:\/\/www.facebook.com\/GlareOneLighting\",\"https:\/\/www.instagram.com\/glareonelighting\/\",\"https:\/\/www.youtube.com\/@GlareOneTV\"]}]}<\/script>\n<!-- \/ Yoast SEO plugin. -->","yoast_head_json":{"title":"GlareOne Fatboy T - statyw typu c-stand z odpinan\u0105 podstaw\u0105","description":"GlareOne Fatboy T to stalowy statyw typu c-stand o du\u017cym ud\u017awigu. Wyposa\u017cony w dwie g\u0142owice, rami\u0119 i odpinan\u0105 podstaw\u0119, kt\u00f3ra u\u0142atwia transport statywu.","robots":{"index":"index","follow":"follow","max-snippet":"max-snippet:-1","max-image-preview":"max-image-preview:large","max-video-preview":"max-video-preview:-1"},"canonical":"https:\/\/glareone.eu\/cs\/produkt\/glareone-fatboy-t-stativ-typu-c-stand-s-odnimatelnou-zakladnou\/","og_locale":"cs_CZ","og_type":"article","og_title":"GlareOne Fatboy T - statyw typu c-stand z odpinan\u0105 podstaw\u0105","og_description":"GlareOne Fatboy T to stalowy statyw typu c-stand o du\u017cym ud\u017awigu. Wyposa\u017cony w dwie g\u0142owice, rami\u0119 i odpinan\u0105 podstaw\u0119, kt\u00f3ra u\u0142atwia transport statywu.","og_url":"https:\/\/glareone.eu\/cs\/produkt\/glareone-fatboy-t-stativ-typu-c-stand-s-odnimatelnou-zakladnou\/","og_site_name":"GlareOne","article_publisher":"https:\/\/www.facebook.com\/GlareOneLighting","article_modified_time":"2025-07-09T09:27:46+00:00","og_image":[{"width":1200,"height":1200,"url":"https:\/\/glareone.eu\/wp-content\/uploads\/2024\/04\/SLSFATBOYSTB_01-2.jpg","type":"image\/jpeg"}],"twitter_card":"summary_large_image","twitter_title":"GlareOne Fatboy T - statyw typu c-stand z odpinan\u0105 podstaw\u0105","twitter_misc":{"Odhadovan\u00e1 doba \u010dten\u00ed":"2 minuty"},"schema":{"@context":"https:\/\/schema.org","@graph":[{"@type":"WebPage","@id":"https:\/\/glareone.eu\/cs\/produkt\/glareone-fatboy-t-stativ-typu-c-stand-s-odnimatelnou-zakladnou\/","url":"https:\/\/glareone.eu\/cs\/produkt\/glareone-fatboy-t-stativ-typu-c-stand-s-odnimatelnou-zakladnou\/","name":"GlareOne Fatboy T - statyw typu c-stand z odpinan\u0105 podstaw\u0105","isPartOf":{"@id":"https:\/\/glareone.eu\/cs\/en\/#website"},"primaryImageOfPage":{"@id":"https:\/\/glareone.eu\/cs\/produkt\/glareone-fatboy-t-stativ-typu-c-stand-s-odnimatelnou-zakladnou\/#primaryimage"},"image":{"@id":"https:\/\/glareone.eu\/cs\/produkt\/glareone-fatboy-t-stativ-typu-c-stand-s-odnimatelnou-zakladnou\/#primaryimage"},"thumbnailUrl":"https:\/\/glareone.eu\/wp-content\/uploads\/2024\/04\/SLSFATBOYSTB_01-2.jpg","datePublished":"2024-04-18T19:26:33+00:00","dateModified":"2025-07-09T09:27:46+00:00","description":"GlareOne Fatboy T to stalowy statyw typu c-stand o du\u017cym ud\u017awigu. Wyposa\u017cony w dwie g\u0142owice, rami\u0119 i odpinan\u0105 podstaw\u0119, kt\u00f3ra u\u0142atwia transport statywu.","breadcrumb":{"@id":"https:\/\/glareone.eu\/cs\/produkt\/glareone-fatboy-t-stativ-typu-c-stand-s-odnimatelnou-zakladnou\/#breadcrumb"},"inLanguage":"cs","potentialAction":[{"@type":"ReadAction","target":["https:\/\/glareone.eu\/cs\/produkt\/glareone-fatboy-t-stativ-typu-c-stand-s-odnimatelnou-zakladnou\/"]}]},{"@type":"ImageObject","inLanguage":"cs","@id":"https:\/\/glareone.eu\/cs\/produkt\/glareone-fatboy-t-stativ-typu-c-stand-s-odnimatelnou-zakladnou\/#primaryimage","url":"https:\/\/glareone.eu\/wp-content\/uploads\/2024\/04\/SLSFATBOYSTB_01-2.jpg","contentUrl":"https:\/\/glareone.eu\/wp-content\/uploads\/2024\/04\/SLSFATBOYSTB_01-2.jpg","width":1200,"height":1200},{"@type":"BreadcrumbList","@id":"https:\/\/glareone.eu\/cs\/produkt\/glareone-fatboy-t-stativ-typu-c-stand-s-odnimatelnou-zakladnou\/#breadcrumb","itemListElement":[{"@type":"ListItem","position":1,"name":"Strona g\u0142\u00f3wna","item":"https:\/\/glareone.eu\/cs\/"},{"@type":"ListItem","position":2,"name":"V\u0161echny produkty","item":"https:\/\/glareone.eu\/cs\/produkty\/vsechny-produkty\/"},{"@type":"ListItem","position":3,"name":"GlareOne Fatboy T \u2013 stativ typu C-stand s odn\u00edmatelnou z\u00e1kladnou"}]},{"@type":"WebSite","@id":"https:\/\/glareone.eu\/cs\/en\/#website","url":"https:\/\/glareone.eu\/cs\/en\/","name":"GlareOne","description":"Wyposa\u017cenie Studia","publisher":{"@id":"https:\/\/glareone.eu\/cs\/en\/#organization"},"potentialAction":[{"@type":"SearchAction","target":{"@type":"EntryPoint","urlTemplate":"https:\/\/glareone.eu\/cs\/en\/?s={search_term_string}"},"query-input":{"@type":"PropertyValueSpecification","valueRequired":true,"valueName":"search_term_string"}}],"inLanguage":"cs"},{"@type":"Organization","@id":"https:\/\/glareone.eu\/cs\/en\/#organization","name":"GlareOne","url":"https:\/\/glareone.eu\/cs\/en\/","logo":{"@type":"ImageObject","inLanguage":"cs","@id":"https:\/\/glareone.eu\/cs\/en\/#\/schema\/logo\/image\/","url":"http:\/\/glareone.eu\/wp-content\/uploads\/2024\/05\/glareone_logo2020_RGB-01-e1715773127189.png","contentUrl":"http:\/\/glareone.eu\/wp-content\/uploads\/2024\/05\/glareone_logo2020_RGB-01-e1715773127189.png","width":1270,"height":321,"caption":"GlareOne"},"image":{"@id":"https:\/\/glareone.eu\/cs\/en\/#\/schema\/logo\/image\/"},"sameAs":["https:\/\/www.facebook.com\/GlareOneLighting","https:\/\/www.instagram.com\/glareonelighting\/","https:\/\/www.youtube.com\/@GlareOneTV"]}]}},"_links":{"self":[{"href":"https:\/\/glareone.eu\/cs\/wp-json\/wp\/v2\/product\/20221","targetHints":{"allow":["GET"]}}],"collection":[{"href":"https:\/\/glareone.eu\/cs\/wp-json\/wp\/v2\/product"}],"about":[{"href":"https:\/\/glareone.eu\/cs\/wp-json\/wp\/v2\/types\/product"}],"wp:featuredmedia":[{"embeddable":true,"href":"https:\/\/glareone.eu\/cs\/wp-json\/wp\/v2\/media\/20013"}],"wp:attachment":[{"href":"https:\/\/glareone.eu\/cs\/wp-json\/wp\/v2\/media?parent=20221"}],"wp:term":[{"taxonomy":"product_brand","embeddable":true,"href":"https:\/\/glareone.eu\/cs\/wp-json\/wp\/v2\/product_brand?post=20221"},{"taxonomy":"product_cat","embeddable":true,"href":"https:\/\/glareone.eu\/cs\/wp-json\/wp\/v2\/product_cat?post=20221"},{"taxonomy":"product_tag","embeddable":true,"href":"https:\/\/glareone.eu\/cs\/wp-json\/wp\/v2\/product_tag?post=20221"}],"curies":[{"name":"wp","href":"https:\/\/api.w.org\/{rel}","templated":true}]}}