{"id":20204,"date":"2024-04-18T19:26:33","date_gmt":"2024-04-18T19:26:33","guid":{"rendered":"https:\/\/glareone.eu\/product\/glareone-led-rc-ii\/"},"modified":"2025-07-09T09:19:12","modified_gmt":"2025-07-09T09:19:12","slug":"glareone-led-rc-ii","status":"publish","type":"product","link":"https:\/\/glareone.eu\/cs\/produkt\/glareone-led-rc-ii\/","title":{"rendered":"GlareOne LED RC II"},"content":{"rendered":"<p>D\u00e1lkov\u00e9 ovl\u00e1d\u00e1n\u00ed pro lampy GlareOne LED RC II umo\u017e\u0148uje ovl\u00e1dat jas a barevnou teplotu sv\u011btla. Je vybaveno LCD displejem a sadou tla\u010d\u00edtek, kter\u00e9 umo\u017e\u0148uj\u00ed d\u00e1lkov\u00e9 nastaven\u00ed parametr\u016f lampy. Krom\u011b toho m\u00e1 dva p\u0159esn\u00e9 dotykov\u00e9 panely pro nastaven\u00ed jasu a barevn\u00e9 teploty nebo barev RGB. D\u00e1lkov\u00e9 ovl\u00e1d\u00e1n\u00ed je snadno ovladateln\u00e9 a d\u00edky kompaktn\u00edm rozm\u011br\u016fm a n\u00edzk\u00e9 hmotnosti jej m\u016f\u017eete pohodln\u011b nosit v kapse a m\u00edt ho p\u0159i pr\u00e1ci v\u017edy po ruce.<\/p>\n<p>N\u011bkter\u00e1 sv\u011btla GlareOne LED jsou vybavena r\u00e1diov\u00fdm p\u0159ij\u00edma\u010dem, kter\u00fd je kompatibiln\u00ed s d\u00e1lkov\u00fdm ovl\u00e1d\u00e1n\u00edm LED RC II. To umo\u017e\u0148uje bezdr\u00e1tov\u00e9 nastaven\u00ed jasu sv\u011btla i barevn\u00e9 teploty. D\u00e1lkov\u00e9 ovl\u00e1d\u00e1n\u00ed podporuje a\u017e 32 komunika\u010dn\u00edch kan\u00e1l\u016f a a\u017e 16 skupin lamp, co\u017e je neoceniteln\u00e9 p\u0159i pou\u017eit\u00ed roz\u0161\u00ed\u0159en\u00fdch osv\u011btlovac\u00edch sad nebo p\u0159i obt\u00ed\u017en\u00e9m p\u0159\u00edstupu k ovl\u00e1dac\u00edmu panelu lampy.<\/p>\n<h3>Vlastnosti GlareOne LED RC II<\/h3>\n<ul>\n<li>Umo\u017e\u0148uje d\u00e1lkov\u00e9 ovl\u00e1d\u00e1n\u00ed jasu, barevn\u00e9 teploty sv\u011btla a rozsahu RGB.<\/li>\n<li>Kompatibiln\u00ed s lampami \u0159ady GlareOne LED (krom\u011b model\u016f LED 1000, LED Panel 10, LED Tube 8,24).<\/li>\n<li>Pou\u017e\u00edv\u00e1 r\u00e1diovou frekvenci 2,4 GHz a m\u00e1 maxim\u00e1ln\u00ed dosah 100 m.<\/li>\n<li>Podporuje a\u017e 16 skupin lamp v 32 r\u00e1diov\u00fdch komunika\u010dn\u00edch kan\u00e1lech.<\/li>\n<li>Vybaven LCD displejem zobrazuj\u00edc\u00edm aktu\u00e1ln\u00ed nastaven\u00ed lampy.<\/li>\n<li>Nap\u00e1jeno dv\u011bma bateriemi typu AAA.<\/li>\n<\/ul>\n","protected":false},"excerpt":{"rendered":"<p>D\u00e1lkov\u00e9 ovl\u00e1d\u00e1n\u00ed pro lampy GlareOne LED RC II umo\u017e\u0148uje ovl\u00e1dat jas a barevnou teplotu sv\u011btla. Je vybaveno LCD displejem a sadou tla\u010d\u00edtek, kter\u00e9 umo\u017e\u0148uj\u00ed d\u00e1lkov\u00e9 nastaven\u00ed parametr\u016f lampy. Krom\u011b toho m\u00e1 dva p\u0159esn\u00e9 dotykov\u00e9 panely pro nastaven\u00ed jasu a barevn\u00e9 teploty nebo barev RGB. D\u00e1lkov\u00e9 ovl\u00e1d\u00e1n\u00ed je snadno ovladateln\u00e9 a d\u00edky kompaktn\u00edm rozm\u011br\u016fm a n\u00edzk\u00e9 [&hellip;]<\/p>\n","protected":false},"featured_media":20207,"template":"","meta":[],"product_brand":[],"product_cat":[547],"product_tag":[],"class_list":{"0":"post-20204","1":"product","2":"type-product","3":"status-publish","4":"has-post-thumbnail","6":"product_cat-led-lampy-s-upevnenim-bowens","8":"first","9":"instock","10":"product-type-simple"},"yoast_head":"<!-- This site is optimized with the Yoast SEO plugin v27.2 - https:\/\/yoast.com\/product\/yoast-seo-wordpress\/ -->\n<title>GlareOne LED RC II<\/title>\n<meta name=\"description\" content=\"GlareOne LED RC II\" \/>\n<meta name=\"robots\" content=\"index, follow, max-snippet:-1, max-image-preview:large, max-video-preview:-1\" \/>\n<link rel=\"canonical\" href=\"https:\/\/glareone.eu\/cs\/produkt\/glareone-led-rc-ii\/\" \/>\n<meta property=\"og:locale\" content=\"cs_CZ\" \/>\n<meta property=\"og:type\" content=\"article\" \/>\n<meta property=\"og:title\" content=\"GlareOne LED RC II\" \/>\n<meta property=\"og:description\" content=\"GlareOne LED RC II\" \/>\n<meta property=\"og:url\" content=\"https:\/\/glareone.eu\/cs\/produkt\/glareone-led-rc-ii\/\" \/>\n<meta property=\"og:site_name\" content=\"GlareOne\" \/>\n<meta property=\"article:publisher\" content=\"https:\/\/www.facebook.com\/GlareOneLighting\" \/>\n<meta property=\"article:modified_time\" content=\"2025-07-09T09:19:12+00:00\" \/>\n<meta property=\"og:image\" content=\"https:\/\/glareone.eu\/wp-content\/uploads\/2024\/04\/SLEDRC2_01.jpg\" \/>\n\t<meta property=\"og:image:width\" content=\"1200\" \/>\n\t<meta property=\"og:image:height\" content=\"1200\" \/>\n\t<meta property=\"og:image:type\" content=\"image\/jpeg\" \/>\n<meta name=\"twitter:card\" content=\"summary_large_image\" \/>\n<meta name=\"twitter:title\" content=\"GlareOne LED RC II\" \/>\n<meta name=\"twitter:label1\" content=\"Odhadovan\u00e1 doba \u010dten\u00ed\" \/>\n\t<meta name=\"twitter:data1\" content=\"1 minuta\" \/>\n<script type=\"application\/ld+json\" class=\"yoast-schema-graph\">{\"@context\":\"https:\/\/schema.org\",\"@graph\":[{\"@type\":\"WebPage\",\"@id\":\"https:\/\/glareone.eu\/cs\/produkt\/glareone-led-rc-ii\/\",\"url\":\"https:\/\/glareone.eu\/cs\/produkt\/glareone-led-rc-ii\/\",\"name\":\"GlareOne LED RC II\",\"isPartOf\":{\"@id\":\"https:\/\/glareone.eu\/cs\/en\/#website\"},\"primaryImageOfPage\":{\"@id\":\"https:\/\/glareone.eu\/cs\/produkt\/glareone-led-rc-ii\/#primaryimage\"},\"image\":{\"@id\":\"https:\/\/glareone.eu\/cs\/produkt\/glareone-led-rc-ii\/#primaryimage\"},\"thumbnailUrl\":\"https:\/\/glareone.eu\/wp-content\/uploads\/2024\/04\/SLEDRC2_01.jpg\",\"datePublished\":\"2024-04-18T19:26:33+00:00\",\"dateModified\":\"2025-07-09T09:19:12+00:00\",\"description\":\"GlareOne LED RC II\",\"breadcrumb\":{\"@id\":\"https:\/\/glareone.eu\/cs\/produkt\/glareone-led-rc-ii\/#breadcrumb\"},\"inLanguage\":\"cs\",\"potentialAction\":[{\"@type\":\"ReadAction\",\"target\":[\"https:\/\/glareone.eu\/cs\/produkt\/glareone-led-rc-ii\/\"]}]},{\"@type\":\"ImageObject\",\"inLanguage\":\"cs\",\"@id\":\"https:\/\/glareone.eu\/cs\/produkt\/glareone-led-rc-ii\/#primaryimage\",\"url\":\"https:\/\/glareone.eu\/wp-content\/uploads\/2024\/04\/SLEDRC2_01.jpg\",\"contentUrl\":\"https:\/\/glareone.eu\/wp-content\/uploads\/2024\/04\/SLEDRC2_01.jpg\",\"width\":1200,\"height\":1200},{\"@type\":\"BreadcrumbList\",\"@id\":\"https:\/\/glareone.eu\/cs\/produkt\/glareone-led-rc-ii\/#breadcrumb\",\"itemListElement\":[{\"@type\":\"ListItem\",\"position\":1,\"name\":\"Strona g\u0142\u00f3wna\",\"item\":\"https:\/\/glareone.eu\/cs\/\"},{\"@type\":\"ListItem\",\"position\":2,\"name\":\"V\u0161echny produkty\",\"item\":\"https:\/\/glareone.eu\/cs\/produkty\/vsechny-produkty\/\"},{\"@type\":\"ListItem\",\"position\":3,\"name\":\"GlareOne LED RC II\"}]},{\"@type\":\"WebSite\",\"@id\":\"https:\/\/glareone.eu\/cs\/en\/#website\",\"url\":\"https:\/\/glareone.eu\/cs\/en\/\",\"name\":\"GlareOne\",\"description\":\"Wyposa\u017cenie Studia\",\"publisher\":{\"@id\":\"https:\/\/glareone.eu\/cs\/en\/#organization\"},\"potentialAction\":[{\"@type\":\"SearchAction\",\"target\":{\"@type\":\"EntryPoint\",\"urlTemplate\":\"https:\/\/glareone.eu\/cs\/en\/?s={search_term_string}\"},\"query-input\":{\"@type\":\"PropertyValueSpecification\",\"valueRequired\":true,\"valueName\":\"search_term_string\"}}],\"inLanguage\":\"cs\"},{\"@type\":\"Organization\",\"@id\":\"https:\/\/glareone.eu\/cs\/en\/#organization\",\"name\":\"GlareOne\",\"url\":\"https:\/\/glareone.eu\/cs\/en\/\",\"logo\":{\"@type\":\"ImageObject\",\"inLanguage\":\"cs\",\"@id\":\"https:\/\/glareone.eu\/cs\/en\/#\/schema\/logo\/image\/\",\"url\":\"http:\/\/glareone.eu\/wp-content\/uploads\/2024\/05\/glareone_logo2020_RGB-01-e1715773127189.png\",\"contentUrl\":\"http:\/\/glareone.eu\/wp-content\/uploads\/2024\/05\/glareone_logo2020_RGB-01-e1715773127189.png\",\"width\":1270,\"height\":321,\"caption\":\"GlareOne\"},\"image\":{\"@id\":\"https:\/\/glareone.eu\/cs\/en\/#\/schema\/logo\/image\/\"},\"sameAs\":[\"https:\/\/www.facebook.com\/GlareOneLighting\",\"https:\/\/www.instagram.com\/glareonelighting\/\",\"https:\/\/www.youtube.com\/@GlareOneTV\"]}]}<\/script>\n<!-- \/ Yoast SEO plugin. -->","yoast_head_json":{"title":"GlareOne LED RC II","description":"GlareOne LED RC II","robots":{"index":"index","follow":"follow","max-snippet":"max-snippet:-1","max-image-preview":"max-image-preview:large","max-video-preview":"max-video-preview:-1"},"canonical":"https:\/\/glareone.eu\/cs\/produkt\/glareone-led-rc-ii\/","og_locale":"cs_CZ","og_type":"article","og_title":"GlareOne LED RC II","og_description":"GlareOne LED RC II","og_url":"https:\/\/glareone.eu\/cs\/produkt\/glareone-led-rc-ii\/","og_site_name":"GlareOne","article_publisher":"https:\/\/www.facebook.com\/GlareOneLighting","article_modified_time":"2025-07-09T09:19:12+00:00","og_image":[{"width":1200,"height":1200,"url":"https:\/\/glareone.eu\/wp-content\/uploads\/2024\/04\/SLEDRC2_01.jpg","type":"image\/jpeg"}],"twitter_card":"summary_large_image","twitter_title":"GlareOne LED RC II","twitter_misc":{"Odhadovan\u00e1 doba \u010dten\u00ed":"1 minuta"},"schema":{"@context":"https:\/\/schema.org","@graph":[{"@type":"WebPage","@id":"https:\/\/glareone.eu\/cs\/produkt\/glareone-led-rc-ii\/","url":"https:\/\/glareone.eu\/cs\/produkt\/glareone-led-rc-ii\/","name":"GlareOne LED RC II","isPartOf":{"@id":"https:\/\/glareone.eu\/cs\/en\/#website"},"primaryImageOfPage":{"@id":"https:\/\/glareone.eu\/cs\/produkt\/glareone-led-rc-ii\/#primaryimage"},"image":{"@id":"https:\/\/glareone.eu\/cs\/produkt\/glareone-led-rc-ii\/#primaryimage"},"thumbnailUrl":"https:\/\/glareone.eu\/wp-content\/uploads\/2024\/04\/SLEDRC2_01.jpg","datePublished":"2024-04-18T19:26:33+00:00","dateModified":"2025-07-09T09:19:12+00:00","description":"GlareOne LED RC II","breadcrumb":{"@id":"https:\/\/glareone.eu\/cs\/produkt\/glareone-led-rc-ii\/#breadcrumb"},"inLanguage":"cs","potentialAction":[{"@type":"ReadAction","target":["https:\/\/glareone.eu\/cs\/produkt\/glareone-led-rc-ii\/"]}]},{"@type":"ImageObject","inLanguage":"cs","@id":"https:\/\/glareone.eu\/cs\/produkt\/glareone-led-rc-ii\/#primaryimage","url":"https:\/\/glareone.eu\/wp-content\/uploads\/2024\/04\/SLEDRC2_01.jpg","contentUrl":"https:\/\/glareone.eu\/wp-content\/uploads\/2024\/04\/SLEDRC2_01.jpg","width":1200,"height":1200},{"@type":"BreadcrumbList","@id":"https:\/\/glareone.eu\/cs\/produkt\/glareone-led-rc-ii\/#breadcrumb","itemListElement":[{"@type":"ListItem","position":1,"name":"Strona g\u0142\u00f3wna","item":"https:\/\/glareone.eu\/cs\/"},{"@type":"ListItem","position":2,"name":"V\u0161echny produkty","item":"https:\/\/glareone.eu\/cs\/produkty\/vsechny-produkty\/"},{"@type":"ListItem","position":3,"name":"GlareOne LED RC II"}]},{"@type":"WebSite","@id":"https:\/\/glareone.eu\/cs\/en\/#website","url":"https:\/\/glareone.eu\/cs\/en\/","name":"GlareOne","description":"Wyposa\u017cenie Studia","publisher":{"@id":"https:\/\/glareone.eu\/cs\/en\/#organization"},"potentialAction":[{"@type":"SearchAction","target":{"@type":"EntryPoint","urlTemplate":"https:\/\/glareone.eu\/cs\/en\/?s={search_term_string}"},"query-input":{"@type":"PropertyValueSpecification","valueRequired":true,"valueName":"search_term_string"}}],"inLanguage":"cs"},{"@type":"Organization","@id":"https:\/\/glareone.eu\/cs\/en\/#organization","name":"GlareOne","url":"https:\/\/glareone.eu\/cs\/en\/","logo":{"@type":"ImageObject","inLanguage":"cs","@id":"https:\/\/glareone.eu\/cs\/en\/#\/schema\/logo\/image\/","url":"http:\/\/glareone.eu\/wp-content\/uploads\/2024\/05\/glareone_logo2020_RGB-01-e1715773127189.png","contentUrl":"http:\/\/glareone.eu\/wp-content\/uploads\/2024\/05\/glareone_logo2020_RGB-01-e1715773127189.png","width":1270,"height":321,"caption":"GlareOne"},"image":{"@id":"https:\/\/glareone.eu\/cs\/en\/#\/schema\/logo\/image\/"},"sameAs":["https:\/\/www.facebook.com\/GlareOneLighting","https:\/\/www.instagram.com\/glareonelighting\/","https:\/\/www.youtube.com\/@GlareOneTV"]}]}},"_links":{"self":[{"href":"https:\/\/glareone.eu\/cs\/wp-json\/wp\/v2\/product\/20204","targetHints":{"allow":["GET"]}}],"collection":[{"href":"https:\/\/glareone.eu\/cs\/wp-json\/wp\/v2\/product"}],"about":[{"href":"https:\/\/glareone.eu\/cs\/wp-json\/wp\/v2\/types\/product"}],"wp:featuredmedia":[{"embeddable":true,"href":"https:\/\/glareone.eu\/cs\/wp-json\/wp\/v2\/media\/20207"}],"wp:attachment":[{"href":"https:\/\/glareone.eu\/cs\/wp-json\/wp\/v2\/media?parent=20204"}],"wp:term":[{"taxonomy":"product_brand","embeddable":true,"href":"https:\/\/glareone.eu\/cs\/wp-json\/wp\/v2\/product_brand?post=20204"},{"taxonomy":"product_cat","embeddable":true,"href":"https:\/\/glareone.eu\/cs\/wp-json\/wp\/v2\/product_cat?post=20204"},{"taxonomy":"product_tag","embeddable":true,"href":"https:\/\/glareone.eu\/cs\/wp-json\/wp\/v2\/product_tag?post=20204"}],"curies":[{"name":"wp","href":"https:\/\/api.w.org\/{rel}","templated":true}]}}