{"id":20144,"date":"2024-04-18T19:26:29","date_gmt":"2024-04-18T19:26:29","guid":{"rendered":"https:\/\/glareone.eu\/product\/glareone-bounce-board-5-in-1-92x122-cm\/"},"modified":"2025-07-09T09:09:18","modified_gmt":"2025-07-09T09:09:18","slug":"glareone-bounce-board-5-in-1-92x122-cm","status":"publish","type":"product","link":"https:\/\/glareone.eu\/cs\/produkt\/glareone-bounce-board-5-in-1-92x122-cm\/","title":{"rendered":"GlareOne Bounce Board 5-in-1 92&#215;122 cm &#8211; blenda 5 w 1"},"content":{"rendered":"<p><span style=\"font-weight: 400;\">GlareOne Bounce Board je klasick\u00fd reflektor. Je to nezbytn\u00fd n\u00e1stroj pro fotografy a filma\u0159e. S jeho pomoc\u00ed m\u016f\u017eete odr\u00e1\u017eet nebo redukovat sv\u011btlo.<\/span><\/p>\n<h3><b>Extra zdroj sv\u011btla<\/b><\/h3>\n<p><span style=\"font-weight: 400;\">Pokud pot\u0159ebujete v\u00edce sv\u011btla, m\u016f\u017eete pou\u017e\u00edt reflektor, co\u017e je velmi jednoduch\u00e9. Reflektor nastav\u00edte v \u00fahlu mezi hlavn\u00edm zdrojem sv\u011btla a fotografovan\u00fdm objektem. Reflektor m\u016f\u017eete tak\u00e9 um\u00edstit na stojan v dr\u017e\u00e1ku GlareOne Kenku.<\/span><\/p>\n<h3><b>Mnoho mo\u017enost\u00ed<\/b><\/h3>\n<p><span style=\"font-weight: 400;\">GlareOne Bounce Board 5-in-1 je vybaven p\u011bti obrazovkami:<\/span><\/p>\n<ol>\n<li style=\"font-weight: 400;\" aria-level=\"1\"><b>B\u00edl\u00e1 obrazovka<\/b><span style=\"font-weight: 400;\"> \u2013 vypl\u0148uje st\u00edny a poskytuje m\u011bkk\u00e9 a rozpt\u00fdlen\u00e9 odra\u017een\u00e9 sv\u011btlo. M\u00e1 neutr\u00e1ln\u00ed barvu.<\/span><\/li>\n<li style=\"font-weight: 400;\" aria-level=\"1\"><b>St\u0159\u00edbrn\u00e1 obrazovka<\/b><span style=\"font-weight: 400;\"> \u2013 poskytuje siln\u00fd odraz sv\u011btla a v\u011bt\u0161\u00ed kontrast ne\u017e b\u00edl\u00e1 obrazovka. Je barevn\u011b neutr\u00e1ln\u00ed.<\/span><\/li>\n<li style=\"font-weight: 400;\" aria-level=\"1\"><b>Zlat\u00e1 obrazovka<\/b><span style=\"font-weight: 400;\"> \u2013 poskytuje hodn\u011b sv\u011btla a zvy\u0161uje kontrast podobn\u011b jako st\u0159\u00edbrn\u00e1 obrazovka, ale ve srovn\u00e1n\u00ed s n\u00ed siln\u011b zah\u0159\u00edv\u00e1 odra\u017een\u00e9 sv\u011btlo.<\/span><\/li>\n<li style=\"font-weight: 400;\" aria-level=\"1\"><b>\u010cern\u00e1 obrazovka<\/b><span style=\"font-weight: 400;\"> \u2013 na rozd\u00edl od ostatn\u00edch obrazovek neslou\u017e\u00ed k odrazu sv\u011btla, ale k jeho tlumen\u00ed, \u010d\u00edm\u017e prohlubuje st\u00edny. Je barevn\u011b neutr\u00e1ln\u00ed.<\/span><\/li>\n<li style=\"font-weight: 400;\" aria-level=\"1\"><b>Dif\u00fazn\u00ed plachta<\/b><span style=\"font-weight: 400;\"> \u2013 jedn\u00e1 se o b\u00edl\u00fd materi\u00e1l, kter\u00fd propou\u0161t\u00ed sv\u011btlo a velmi siln\u011b ho rozptyluje. Umo\u017e\u0148uje zm\u011bnit ostr\u00e9 sv\u011btlo na m\u011bkk\u00e9. Je barevn\u011b neutr\u00e1ln\u00ed.<\/span><\/li>\n<\/ol>\n<h3><b>Konstrukce<\/b><\/h3>\n<p><span style=\"font-weight: 400;\">Odrazov\u00e1 deska GlareOne je vyrobena z pru\u017en\u00e9ho r\u00e1mu, kter\u00fd se snadno rozkl\u00e1d\u00e1. Plachty se nasad\u00ed na mix\u00e9r a pot\u00e9 se upevn\u00ed pomoc\u00ed zipu.<\/span><\/p>\n<h3><b>Vlastnosti produktu<\/b><\/h3>\n<ul>\n<li style=\"font-weight: 400;\" aria-level=\"1\"><span style=\"font-weight: 400;\">Umo\u017e\u0148uje p\u0159em\u011bnit siln\u00e9 zdroje sv\u011btla na m\u011bkk\u00e9 a rozpt\u00fdlen\u00e9 zdroje sv\u011btla.<\/span><\/li>\n<li style=\"font-weight: 400;\" aria-level=\"1\"><span style=\"font-weight: 400;\">Umo\u017e\u0148uje odr\u00e1\u017eet sv\u011btlo a nasm\u011brovat ho tam, kam pot\u0159ebujete.<\/span><\/li>\n<li style=\"font-weight: 400;\" aria-level=\"1\"><span style=\"font-weight: 400;\">Lze pou\u017e\u00edt jako ventil blokuj\u00edc\u00ed sv\u011btlo.<\/span><\/li>\n<li style=\"font-weight: 400;\" aria-level=\"1\"><span style=\"font-weight: 400;\">Dod\u00e1v\u00e1 se s sadou 5 obrazovek (st\u0159\u00edbrn\u00e1, zlat\u00e1, b\u00edl\u00e1, \u010dern\u00e1, difuzn\u00ed).<\/span><\/li>\n<li style=\"font-weight: 400;\" aria-level=\"1\"><span style=\"font-weight: 400;\">Je vhodn\u00fd pro fotoateli\u00e9ry, filmov\u00e1 studia a pr\u00e1ci venku.<\/span><\/li>\n<li style=\"font-weight: 400;\" aria-level=\"1\"><span style=\"font-weight: 400;\">Dob\u0159e vypl\u0148uje st\u00edny.<\/span><\/li>\n<li style=\"font-weight: 400;\" aria-level=\"1\"><span style=\"font-weight: 400;\">Flexibiln\u00ed konstrukce se snadno skl\u00e1d\u00e1.<\/span><\/li>\n<li style=\"font-weight: 400;\" aria-level=\"1\"><span style=\"font-weight: 400;\">Slo\u017een\u00fd je lehk\u00fd a mal\u00fd.<\/span><\/li>\n<li style=\"font-weight: 400;\" aria-level=\"1\"><span style=\"font-weight: 400;\">Lze p\u0159ipevnit na dr\u017e\u00e1k GlareOne Kenku.<\/span><\/li>\n<li style=\"font-weight: 400;\" aria-level=\"1\"><span style=\"font-weight: 400;\">Dod\u00e1v\u00e1 se s praktick\u00fdm p\u0159enosn\u00fdm pouzdrem.<\/span><\/li>\n<\/ul>\n","protected":false},"excerpt":{"rendered":"<p>GlareOne Bounce Board je klasick\u00fd reflektor. Je to nezbytn\u00fd n\u00e1stroj pro fotografy a filma\u0159e. S jeho pomoc\u00ed m\u016f\u017eete odr\u00e1\u017eet nebo redukovat sv\u011btlo. Extra zdroj sv\u011btla Pokud pot\u0159ebujete v\u00edce sv\u011btla, m\u016f\u017eete pou\u017e\u00edt reflektor, co\u017e je velmi jednoduch\u00e9. Reflektor nastav\u00edte v \u00fahlu mezi hlavn\u00edm zdrojem sv\u011btla a fotografovan\u00fdm objektem. Reflektor m\u016f\u017eete tak\u00e9 um\u00edstit na stojan v dr\u017e\u00e1ku [&hellip;]<\/p>\n","protected":false},"featured_media":20145,"template":"","meta":[],"product_brand":[],"product_cat":[578],"product_tag":[],"class_list":{"0":"post-20144","1":"product","2":"type-product","3":"status-publish","4":"has-post-thumbnail","6":"product_cat-reflektory-a-vlajky","8":"first","9":"instock","10":"product-type-simple"},"yoast_head":"<!-- This site is optimized with the Yoast SEO plugin v27.2 - https:\/\/yoast.com\/product\/yoast-seo-wordpress\/ -->\n<title>GlareOne Bounce Board 5-in-1 92x122 cm - blenda 5 w 1<\/title>\n<meta name=\"description\" content=\"GlareOne Bounce Board 5-in-1 92x122 cm - blenda 5 w 1\" \/>\n<meta name=\"robots\" content=\"index, follow, max-snippet:-1, max-image-preview:large, max-video-preview:-1\" \/>\n<link rel=\"canonical\" href=\"https:\/\/glareone.eu\/cs\/produkt\/glareone-bounce-board-5-in-1-92x122-cm\/\" \/>\n<meta property=\"og:locale\" content=\"cs_CZ\" \/>\n<meta property=\"og:type\" content=\"article\" \/>\n<meta property=\"og:title\" content=\"GlareOne Bounce Board 5-in-1 92x122 cm - blenda 5 w 1\" \/>\n<meta property=\"og:description\" content=\"GlareOne Bounce Board 5-in-1 92x122 cm - blenda 5 w 1\" \/>\n<meta property=\"og:url\" content=\"https:\/\/glareone.eu\/cs\/produkt\/glareone-bounce-board-5-in-1-92x122-cm\/\" \/>\n<meta property=\"og:site_name\" content=\"GlareOne\" \/>\n<meta property=\"article:publisher\" content=\"https:\/\/www.facebook.com\/GlareOneLighting\" \/>\n<meta property=\"article:modified_time\" content=\"2025-07-09T09:09:18+00:00\" \/>\n<meta property=\"og:image\" content=\"https:\/\/glareone.eu\/wp-content\/uploads\/2024\/04\/GlareOne-Bounce-Board-5-in-1-92x122-cm-blenda-5-w-1-01.jpg\" \/>\n\t<meta property=\"og:image:width\" content=\"1200\" \/>\n\t<meta property=\"og:image:height\" content=\"1200\" \/>\n\t<meta property=\"og:image:type\" content=\"image\/jpeg\" \/>\n<meta name=\"twitter:card\" content=\"summary_large_image\" \/>\n<meta name=\"twitter:title\" content=\"GlareOne Bounce Board 5-in-1 92x122 cm - blenda 5 w 1\" \/>\n<meta name=\"twitter:label1\" content=\"Odhadovan\u00e1 doba \u010dten\u00ed\" \/>\n\t<meta name=\"twitter:data1\" content=\"2 minuty\" \/>\n<script type=\"application\/ld+json\" class=\"yoast-schema-graph\">{\"@context\":\"https:\/\/schema.org\",\"@graph\":[{\"@type\":\"WebPage\",\"@id\":\"https:\/\/glareone.eu\/cs\/produkt\/glareone-bounce-board-5-in-1-92x122-cm\/\",\"url\":\"https:\/\/glareone.eu\/cs\/produkt\/glareone-bounce-board-5-in-1-92x122-cm\/\",\"name\":\"GlareOne Bounce Board 5-in-1 92x122 cm - blenda 5 w 1\",\"isPartOf\":{\"@id\":\"https:\/\/glareone.eu\/cs\/en\/#website\"},\"primaryImageOfPage\":{\"@id\":\"https:\/\/glareone.eu\/cs\/produkt\/glareone-bounce-board-5-in-1-92x122-cm\/#primaryimage\"},\"image\":{\"@id\":\"https:\/\/glareone.eu\/cs\/produkt\/glareone-bounce-board-5-in-1-92x122-cm\/#primaryimage\"},\"thumbnailUrl\":\"https:\/\/glareone.eu\/wp-content\/uploads\/2024\/04\/GlareOne-Bounce-Board-5-in-1-92x122-cm-blenda-5-w-1-01.jpg\",\"datePublished\":\"2024-04-18T19:26:29+00:00\",\"dateModified\":\"2025-07-09T09:09:18+00:00\",\"description\":\"GlareOne Bounce Board 5-in-1 92x122 cm - blenda 5 w 1\",\"breadcrumb\":{\"@id\":\"https:\/\/glareone.eu\/cs\/produkt\/glareone-bounce-board-5-in-1-92x122-cm\/#breadcrumb\"},\"inLanguage\":\"cs\",\"potentialAction\":[{\"@type\":\"ReadAction\",\"target\":[\"https:\/\/glareone.eu\/cs\/produkt\/glareone-bounce-board-5-in-1-92x122-cm\/\"]}]},{\"@type\":\"ImageObject\",\"inLanguage\":\"cs\",\"@id\":\"https:\/\/glareone.eu\/cs\/produkt\/glareone-bounce-board-5-in-1-92x122-cm\/#primaryimage\",\"url\":\"https:\/\/glareone.eu\/wp-content\/uploads\/2024\/04\/GlareOne-Bounce-Board-5-in-1-92x122-cm-blenda-5-w-1-01.jpg\",\"contentUrl\":\"https:\/\/glareone.eu\/wp-content\/uploads\/2024\/04\/GlareOne-Bounce-Board-5-in-1-92x122-cm-blenda-5-w-1-01.jpg\",\"width\":1200,\"height\":1200},{\"@type\":\"BreadcrumbList\",\"@id\":\"https:\/\/glareone.eu\/cs\/produkt\/glareone-bounce-board-5-in-1-92x122-cm\/#breadcrumb\",\"itemListElement\":[{\"@type\":\"ListItem\",\"position\":1,\"name\":\"Strona g\u0142\u00f3wna\",\"item\":\"https:\/\/glareone.eu\/cs\/\"},{\"@type\":\"ListItem\",\"position\":2,\"name\":\"V\u0161echny produkty\",\"item\":\"https:\/\/glareone.eu\/cs\/produkty\/vsechny-produkty\/\"},{\"@type\":\"ListItem\",\"position\":3,\"name\":\"GlareOne Bounce Board 5-in-1 92&#215;122 cm &#8211; blenda 5 w 1\"}]},{\"@type\":\"WebSite\",\"@id\":\"https:\/\/glareone.eu\/cs\/en\/#website\",\"url\":\"https:\/\/glareone.eu\/cs\/en\/\",\"name\":\"GlareOne\",\"description\":\"Wyposa\u017cenie Studia\",\"publisher\":{\"@id\":\"https:\/\/glareone.eu\/cs\/en\/#organization\"},\"potentialAction\":[{\"@type\":\"SearchAction\",\"target\":{\"@type\":\"EntryPoint\",\"urlTemplate\":\"https:\/\/glareone.eu\/cs\/en\/?s={search_term_string}\"},\"query-input\":{\"@type\":\"PropertyValueSpecification\",\"valueRequired\":true,\"valueName\":\"search_term_string\"}}],\"inLanguage\":\"cs\"},{\"@type\":\"Organization\",\"@id\":\"https:\/\/glareone.eu\/cs\/en\/#organization\",\"name\":\"GlareOne\",\"url\":\"https:\/\/glareone.eu\/cs\/en\/\",\"logo\":{\"@type\":\"ImageObject\",\"inLanguage\":\"cs\",\"@id\":\"https:\/\/glareone.eu\/cs\/en\/#\/schema\/logo\/image\/\",\"url\":\"http:\/\/glareone.eu\/wp-content\/uploads\/2024\/05\/glareone_logo2020_RGB-01-e1715773127189.png\",\"contentUrl\":\"http:\/\/glareone.eu\/wp-content\/uploads\/2024\/05\/glareone_logo2020_RGB-01-e1715773127189.png\",\"width\":1270,\"height\":321,\"caption\":\"GlareOne\"},\"image\":{\"@id\":\"https:\/\/glareone.eu\/cs\/en\/#\/schema\/logo\/image\/\"},\"sameAs\":[\"https:\/\/www.facebook.com\/GlareOneLighting\",\"https:\/\/www.instagram.com\/glareonelighting\/\",\"https:\/\/www.youtube.com\/@GlareOneTV\"]}]}<\/script>\n<!-- \/ Yoast SEO plugin. -->","yoast_head_json":{"title":"GlareOne Bounce Board 5-in-1 92x122 cm - blenda 5 w 1","description":"GlareOne Bounce Board 5-in-1 92x122 cm - blenda 5 w 1","robots":{"index":"index","follow":"follow","max-snippet":"max-snippet:-1","max-image-preview":"max-image-preview:large","max-video-preview":"max-video-preview:-1"},"canonical":"https:\/\/glareone.eu\/cs\/produkt\/glareone-bounce-board-5-in-1-92x122-cm\/","og_locale":"cs_CZ","og_type":"article","og_title":"GlareOne Bounce Board 5-in-1 92x122 cm - blenda 5 w 1","og_description":"GlareOne Bounce Board 5-in-1 92x122 cm - blenda 5 w 1","og_url":"https:\/\/glareone.eu\/cs\/produkt\/glareone-bounce-board-5-in-1-92x122-cm\/","og_site_name":"GlareOne","article_publisher":"https:\/\/www.facebook.com\/GlareOneLighting","article_modified_time":"2025-07-09T09:09:18+00:00","og_image":[{"width":1200,"height":1200,"url":"https:\/\/glareone.eu\/wp-content\/uploads\/2024\/04\/GlareOne-Bounce-Board-5-in-1-92x122-cm-blenda-5-w-1-01.jpg","type":"image\/jpeg"}],"twitter_card":"summary_large_image","twitter_title":"GlareOne Bounce Board 5-in-1 92x122 cm - blenda 5 w 1","twitter_misc":{"Odhadovan\u00e1 doba \u010dten\u00ed":"2 minuty"},"schema":{"@context":"https:\/\/schema.org","@graph":[{"@type":"WebPage","@id":"https:\/\/glareone.eu\/cs\/produkt\/glareone-bounce-board-5-in-1-92x122-cm\/","url":"https:\/\/glareone.eu\/cs\/produkt\/glareone-bounce-board-5-in-1-92x122-cm\/","name":"GlareOne Bounce Board 5-in-1 92x122 cm - blenda 5 w 1","isPartOf":{"@id":"https:\/\/glareone.eu\/cs\/en\/#website"},"primaryImageOfPage":{"@id":"https:\/\/glareone.eu\/cs\/produkt\/glareone-bounce-board-5-in-1-92x122-cm\/#primaryimage"},"image":{"@id":"https:\/\/glareone.eu\/cs\/produkt\/glareone-bounce-board-5-in-1-92x122-cm\/#primaryimage"},"thumbnailUrl":"https:\/\/glareone.eu\/wp-content\/uploads\/2024\/04\/GlareOne-Bounce-Board-5-in-1-92x122-cm-blenda-5-w-1-01.jpg","datePublished":"2024-04-18T19:26:29+00:00","dateModified":"2025-07-09T09:09:18+00:00","description":"GlareOne Bounce Board 5-in-1 92x122 cm - blenda 5 w 1","breadcrumb":{"@id":"https:\/\/glareone.eu\/cs\/produkt\/glareone-bounce-board-5-in-1-92x122-cm\/#breadcrumb"},"inLanguage":"cs","potentialAction":[{"@type":"ReadAction","target":["https:\/\/glareone.eu\/cs\/produkt\/glareone-bounce-board-5-in-1-92x122-cm\/"]}]},{"@type":"ImageObject","inLanguage":"cs","@id":"https:\/\/glareone.eu\/cs\/produkt\/glareone-bounce-board-5-in-1-92x122-cm\/#primaryimage","url":"https:\/\/glareone.eu\/wp-content\/uploads\/2024\/04\/GlareOne-Bounce-Board-5-in-1-92x122-cm-blenda-5-w-1-01.jpg","contentUrl":"https:\/\/glareone.eu\/wp-content\/uploads\/2024\/04\/GlareOne-Bounce-Board-5-in-1-92x122-cm-blenda-5-w-1-01.jpg","width":1200,"height":1200},{"@type":"BreadcrumbList","@id":"https:\/\/glareone.eu\/cs\/produkt\/glareone-bounce-board-5-in-1-92x122-cm\/#breadcrumb","itemListElement":[{"@type":"ListItem","position":1,"name":"Strona g\u0142\u00f3wna","item":"https:\/\/glareone.eu\/cs\/"},{"@type":"ListItem","position":2,"name":"V\u0161echny produkty","item":"https:\/\/glareone.eu\/cs\/produkty\/vsechny-produkty\/"},{"@type":"ListItem","position":3,"name":"GlareOne Bounce Board 5-in-1 92&#215;122 cm &#8211; blenda 5 w 1"}]},{"@type":"WebSite","@id":"https:\/\/glareone.eu\/cs\/en\/#website","url":"https:\/\/glareone.eu\/cs\/en\/","name":"GlareOne","description":"Wyposa\u017cenie Studia","publisher":{"@id":"https:\/\/glareone.eu\/cs\/en\/#organization"},"potentialAction":[{"@type":"SearchAction","target":{"@type":"EntryPoint","urlTemplate":"https:\/\/glareone.eu\/cs\/en\/?s={search_term_string}"},"query-input":{"@type":"PropertyValueSpecification","valueRequired":true,"valueName":"search_term_string"}}],"inLanguage":"cs"},{"@type":"Organization","@id":"https:\/\/glareone.eu\/cs\/en\/#organization","name":"GlareOne","url":"https:\/\/glareone.eu\/cs\/en\/","logo":{"@type":"ImageObject","inLanguage":"cs","@id":"https:\/\/glareone.eu\/cs\/en\/#\/schema\/logo\/image\/","url":"http:\/\/glareone.eu\/wp-content\/uploads\/2024\/05\/glareone_logo2020_RGB-01-e1715773127189.png","contentUrl":"http:\/\/glareone.eu\/wp-content\/uploads\/2024\/05\/glareone_logo2020_RGB-01-e1715773127189.png","width":1270,"height":321,"caption":"GlareOne"},"image":{"@id":"https:\/\/glareone.eu\/cs\/en\/#\/schema\/logo\/image\/"},"sameAs":["https:\/\/www.facebook.com\/GlareOneLighting","https:\/\/www.instagram.com\/glareonelighting\/","https:\/\/www.youtube.com\/@GlareOneTV"]}]}},"_links":{"self":[{"href":"https:\/\/glareone.eu\/cs\/wp-json\/wp\/v2\/product\/20144","targetHints":{"allow":["GET"]}}],"collection":[{"href":"https:\/\/glareone.eu\/cs\/wp-json\/wp\/v2\/product"}],"about":[{"href":"https:\/\/glareone.eu\/cs\/wp-json\/wp\/v2\/types\/product"}],"wp:featuredmedia":[{"embeddable":true,"href":"https:\/\/glareone.eu\/cs\/wp-json\/wp\/v2\/media\/20145"}],"wp:attachment":[{"href":"https:\/\/glareone.eu\/cs\/wp-json\/wp\/v2\/media?parent=20144"}],"wp:term":[{"taxonomy":"product_brand","embeddable":true,"href":"https:\/\/glareone.eu\/cs\/wp-json\/wp\/v2\/product_brand?post=20144"},{"taxonomy":"product_cat","embeddable":true,"href":"https:\/\/glareone.eu\/cs\/wp-json\/wp\/v2\/product_cat?post=20144"},{"taxonomy":"product_tag","embeddable":true,"href":"https:\/\/glareone.eu\/cs\/wp-json\/wp\/v2\/product_tag?post=20144"}],"curies":[{"name":"wp","href":"https:\/\/api.w.org\/{rel}","templated":true}]}}