{"id":20096,"date":"2024-04-18T19:26:31","date_gmt":"2024-04-18T19:26:31","guid":{"rendered":"https:\/\/glareone.eu\/product\/glareone-bounce-board-2-in-1-80-cm\/"},"modified":"2025-07-09T07:52:30","modified_gmt":"2025-07-09T07:52:30","slug":"glareone-bounce-board-2-in-1-80-cm","status":"publish","type":"product","link":"https:\/\/glareone.eu\/cs\/produkt\/glareone-bounce-board-2-in-1-80-cm\/","title":{"rendered":"GlareOne Bounce Board 2-in-1 80 cm &#8211; blenda 2 w 1"},"content":{"rendered":"<p>GlareOne Bounce Board je klasick\u00fd odrazov\u00fd panel \u2013 nezbytn\u00fd n\u00e1stroj pro fotografy a filma\u0159e. Umo\u017e\u0148uje odr\u00e1\u017eet sv\u011btlo nebo jej tlumit.<\/p>\n<h3>Dodate\u010dn\u00fd zdroj sv\u011btla<\/h3>\n<p>Kdy\u017e pot\u0159ebujete v\u00edce sv\u011btla, m\u016f\u017eete jednodu\u0161e pou\u017e\u00edt odraznou desku. Um\u00edst\u00edte ji pod \u00fahlem mezi hlavn\u00ed sv\u011bteln\u00fd zdroj a objekt, kter\u00fd fotografujete. Panel m\u016f\u017eete tak\u00e9 upevnit na stativ pomoc\u00ed dr\u017e\u00e1ku GlareOne Kenku.<\/p>\n<h3>Mnoho mo\u017enost\u00ed<\/h3>\n<p>GlareOne Bounce Board 2v1 je vybaven dv\u011bma plochami:<\/p>\n<ul>\n<li>B\u00edl\u00e1 plocha \u2013 vypl\u0148uje st\u00edny m\u011bkk\u00fdm a rozpt\u00fdlen\u00fdm sv\u011btlem. M\u00e1 neutr\u00e1ln\u00ed barevn\u00e9 pod\u00e1n\u00ed.<\/li>\n<li>St\u0159\u00edbrn\u00e1 plocha \u2013 poskytuje siln\u011bj\u0161\u00ed odraz sv\u011btla a v\u011bt\u0161\u00ed kontrast ne\u017e b\u00edl\u00e1 plocha. Tak\u00e9 je barevn\u011b neutr\u00e1ln\u00ed.<\/li>\n<\/ul>\n<h3>Konstrukce<\/h3>\n<p>GlareOne Bounce Board je vyroben z flexibiln\u00edho r\u00e1mu, kter\u00fd se snadno rozkl\u00e1d\u00e1. Plachty se upev\u0148uj\u00ed na r\u00e1m a zaji\u0161\u0165uj\u00ed zipem.<\/p>\n<h3>Vlastnosti produktu:<\/h3>\n<ul>\n<li>P\u0159em\u011bn\u00ed siln\u00e9 sv\u011bteln\u00e9 zdroje na m\u011bkk\u00e9 a rozpt\u00fdlen\u00e9.<\/li>\n<li>Umo\u017e\u0148uje odraz sv\u011btla a jeho nasm\u011brov\u00e1n\u00ed podle pot\u0159eby.<\/li>\n<li>Lze pou\u017e\u00edt tak\u00e9 jako clonu proti sv\u011btlu.<\/li>\n<li>Sou\u010d\u00e1st\u00ed balen\u00ed jsou dv\u011b plachty (b\u00edl\u00e1, st\u0159\u00edbrn\u00e1).<\/li>\n<li>Vhodn\u00fd pro pr\u00e1ci ve fotografick\u00e9m ateli\u00e9ru, filmov\u00e9m studiu i venku.<\/li>\n<li>Dob\u0159e vypl\u0148uje st\u00edny.<\/li>\n<li>Flexibiln\u00ed konstrukce umo\u017e\u0148uje snadn\u00e9 slo\u017een\u00ed.<\/li>\n<li>Lehk\u00fd a kompaktn\u00ed po slo\u017een\u00ed.<\/li>\n<li>Mo\u017enost upevn\u011bn\u00ed pomoc\u00ed dr\u017e\u00e1ku GlareOne Kenku.<\/li>\n<li>Dod\u00e1v\u00e1n s praktick\u00fdm p\u0159epravn\u00edm pouzdrem.<\/li>\n<\/ul>\n","protected":false},"excerpt":{"rendered":"<p>GlareOne Bounce Board je klasick\u00fd odrazov\u00fd panel \u2013 nezbytn\u00fd n\u00e1stroj pro fotografy a filma\u0159e. Umo\u017e\u0148uje odr\u00e1\u017eet sv\u011btlo nebo jej tlumit. Dodate\u010dn\u00fd zdroj sv\u011btla Kdy\u017e pot\u0159ebujete v\u00edce sv\u011btla, m\u016f\u017eete jednodu\u0161e pou\u017e\u00edt odraznou desku. Um\u00edst\u00edte ji pod \u00fahlem mezi hlavn\u00ed sv\u011bteln\u00fd zdroj a objekt, kter\u00fd fotografujete. Panel m\u016f\u017eete tak\u00e9 upevnit na stativ pomoc\u00ed dr\u017e\u00e1ku GlareOne Kenku. Mnoho [&hellip;]<\/p>\n","protected":false},"featured_media":20097,"template":"","meta":[],"product_brand":[],"product_cat":[578],"product_tag":[],"class_list":{"0":"post-20096","1":"product","2":"type-product","3":"status-publish","4":"has-post-thumbnail","6":"product_cat-reflektory-a-vlajky","8":"first","9":"instock","10":"product-type-simple"},"yoast_head":"<!-- This site is optimized with the Yoast SEO plugin v27.2 - https:\/\/yoast.com\/product\/yoast-seo-wordpress\/ -->\n<title>GlareOne Bounce Board 2-in-1 80 cm - blenda 2 w 1<\/title>\n<meta name=\"description\" content=\"GlareOne Bounce Board 2-in-1 80 cm - blenda 2 w 1\" \/>\n<meta name=\"robots\" content=\"index, follow, max-snippet:-1, max-image-preview:large, max-video-preview:-1\" \/>\n<link rel=\"canonical\" href=\"https:\/\/glareone.eu\/cs\/produkt\/glareone-bounce-board-2-in-1-80-cm\/\" \/>\n<meta property=\"og:locale\" content=\"cs_CZ\" \/>\n<meta property=\"og:type\" content=\"article\" \/>\n<meta property=\"og:title\" content=\"GlareOne Bounce Board 2-in-1 80 cm - blenda 2 w 1\" \/>\n<meta property=\"og:description\" content=\"GlareOne Bounce Board 2-in-1 80 cm - blenda 2 w 1\" \/>\n<meta property=\"og:url\" content=\"https:\/\/glareone.eu\/cs\/produkt\/glareone-bounce-board-2-in-1-80-cm\/\" \/>\n<meta property=\"og:site_name\" content=\"GlareOne\" \/>\n<meta property=\"article:publisher\" content=\"https:\/\/www.facebook.com\/GlareOneLighting\" \/>\n<meta property=\"article:modified_time\" content=\"2025-07-09T07:52:30+00:00\" \/>\n<meta property=\"og:image\" content=\"https:\/\/glareone.eu\/wp-content\/uploads\/2024\/04\/GlareOne-Bounce-Board-2-in-1-80-cm-blenda-2-w-1-01.jpg\" \/>\n\t<meta property=\"og:image:width\" content=\"1200\" \/>\n\t<meta property=\"og:image:height\" content=\"1200\" \/>\n\t<meta property=\"og:image:type\" content=\"image\/jpeg\" \/>\n<meta name=\"twitter:card\" content=\"summary_large_image\" \/>\n<meta name=\"twitter:title\" content=\"GlareOne Bounce Board 2-in-1 80 cm - blenda 2 w 1\" \/>\n<meta name=\"twitter:label1\" content=\"Odhadovan\u00e1 doba \u010dten\u00ed\" \/>\n\t<meta name=\"twitter:data1\" content=\"1 minuta\" \/>\n<script type=\"application\/ld+json\" class=\"yoast-schema-graph\">{\"@context\":\"https:\/\/schema.org\",\"@graph\":[{\"@type\":\"WebPage\",\"@id\":\"https:\/\/glareone.eu\/cs\/produkt\/glareone-bounce-board-2-in-1-80-cm\/\",\"url\":\"https:\/\/glareone.eu\/cs\/produkt\/glareone-bounce-board-2-in-1-80-cm\/\",\"name\":\"GlareOne Bounce Board 2-in-1 80 cm - blenda 2 w 1\",\"isPartOf\":{\"@id\":\"https:\/\/glareone.eu\/cs\/en\/#website\"},\"primaryImageOfPage\":{\"@id\":\"https:\/\/glareone.eu\/cs\/produkt\/glareone-bounce-board-2-in-1-80-cm\/#primaryimage\"},\"image\":{\"@id\":\"https:\/\/glareone.eu\/cs\/produkt\/glareone-bounce-board-2-in-1-80-cm\/#primaryimage\"},\"thumbnailUrl\":\"https:\/\/glareone.eu\/wp-content\/uploads\/2024\/04\/GlareOne-Bounce-Board-2-in-1-80-cm-blenda-2-w-1-01.jpg\",\"datePublished\":\"2024-04-18T19:26:31+00:00\",\"dateModified\":\"2025-07-09T07:52:30+00:00\",\"description\":\"GlareOne Bounce Board 2-in-1 80 cm - blenda 2 w 1\",\"breadcrumb\":{\"@id\":\"https:\/\/glareone.eu\/cs\/produkt\/glareone-bounce-board-2-in-1-80-cm\/#breadcrumb\"},\"inLanguage\":\"cs\",\"potentialAction\":[{\"@type\":\"ReadAction\",\"target\":[\"https:\/\/glareone.eu\/cs\/produkt\/glareone-bounce-board-2-in-1-80-cm\/\"]}]},{\"@type\":\"ImageObject\",\"inLanguage\":\"cs\",\"@id\":\"https:\/\/glareone.eu\/cs\/produkt\/glareone-bounce-board-2-in-1-80-cm\/#primaryimage\",\"url\":\"https:\/\/glareone.eu\/wp-content\/uploads\/2024\/04\/GlareOne-Bounce-Board-2-in-1-80-cm-blenda-2-w-1-01.jpg\",\"contentUrl\":\"https:\/\/glareone.eu\/wp-content\/uploads\/2024\/04\/GlareOne-Bounce-Board-2-in-1-80-cm-blenda-2-w-1-01.jpg\",\"width\":1200,\"height\":1200},{\"@type\":\"BreadcrumbList\",\"@id\":\"https:\/\/glareone.eu\/cs\/produkt\/glareone-bounce-board-2-in-1-80-cm\/#breadcrumb\",\"itemListElement\":[{\"@type\":\"ListItem\",\"position\":1,\"name\":\"Strona g\u0142\u00f3wna\",\"item\":\"https:\/\/glareone.eu\/cs\/\"},{\"@type\":\"ListItem\",\"position\":2,\"name\":\"V\u0161echny produkty\",\"item\":\"https:\/\/glareone.eu\/cs\/produkty\/vsechny-produkty\/\"},{\"@type\":\"ListItem\",\"position\":3,\"name\":\"GlareOne Bounce Board 2-in-1 80 cm &#8211; blenda 2 w 1\"}]},{\"@type\":\"WebSite\",\"@id\":\"https:\/\/glareone.eu\/cs\/en\/#website\",\"url\":\"https:\/\/glareone.eu\/cs\/en\/\",\"name\":\"GlareOne\",\"description\":\"Wyposa\u017cenie Studia\",\"publisher\":{\"@id\":\"https:\/\/glareone.eu\/cs\/en\/#organization\"},\"potentialAction\":[{\"@type\":\"SearchAction\",\"target\":{\"@type\":\"EntryPoint\",\"urlTemplate\":\"https:\/\/glareone.eu\/cs\/en\/?s={search_term_string}\"},\"query-input\":{\"@type\":\"PropertyValueSpecification\",\"valueRequired\":true,\"valueName\":\"search_term_string\"}}],\"inLanguage\":\"cs\"},{\"@type\":\"Organization\",\"@id\":\"https:\/\/glareone.eu\/cs\/en\/#organization\",\"name\":\"GlareOne\",\"url\":\"https:\/\/glareone.eu\/cs\/en\/\",\"logo\":{\"@type\":\"ImageObject\",\"inLanguage\":\"cs\",\"@id\":\"https:\/\/glareone.eu\/cs\/en\/#\/schema\/logo\/image\/\",\"url\":\"http:\/\/glareone.eu\/wp-content\/uploads\/2024\/05\/glareone_logo2020_RGB-01-e1715773127189.png\",\"contentUrl\":\"http:\/\/glareone.eu\/wp-content\/uploads\/2024\/05\/glareone_logo2020_RGB-01-e1715773127189.png\",\"width\":1270,\"height\":321,\"caption\":\"GlareOne\"},\"image\":{\"@id\":\"https:\/\/glareone.eu\/cs\/en\/#\/schema\/logo\/image\/\"},\"sameAs\":[\"https:\/\/www.facebook.com\/GlareOneLighting\",\"https:\/\/www.instagram.com\/glareonelighting\/\",\"https:\/\/www.youtube.com\/@GlareOneTV\"]}]}<\/script>\n<!-- \/ Yoast SEO plugin. -->","yoast_head_json":{"title":"GlareOne Bounce Board 2-in-1 80 cm - blenda 2 w 1","description":"GlareOne Bounce Board 2-in-1 80 cm - blenda 2 w 1","robots":{"index":"index","follow":"follow","max-snippet":"max-snippet:-1","max-image-preview":"max-image-preview:large","max-video-preview":"max-video-preview:-1"},"canonical":"https:\/\/glareone.eu\/cs\/produkt\/glareone-bounce-board-2-in-1-80-cm\/","og_locale":"cs_CZ","og_type":"article","og_title":"GlareOne Bounce Board 2-in-1 80 cm - blenda 2 w 1","og_description":"GlareOne Bounce Board 2-in-1 80 cm - blenda 2 w 1","og_url":"https:\/\/glareone.eu\/cs\/produkt\/glareone-bounce-board-2-in-1-80-cm\/","og_site_name":"GlareOne","article_publisher":"https:\/\/www.facebook.com\/GlareOneLighting","article_modified_time":"2025-07-09T07:52:30+00:00","og_image":[{"width":1200,"height":1200,"url":"https:\/\/glareone.eu\/wp-content\/uploads\/2024\/04\/GlareOne-Bounce-Board-2-in-1-80-cm-blenda-2-w-1-01.jpg","type":"image\/jpeg"}],"twitter_card":"summary_large_image","twitter_title":"GlareOne Bounce Board 2-in-1 80 cm - blenda 2 w 1","twitter_misc":{"Odhadovan\u00e1 doba \u010dten\u00ed":"1 minuta"},"schema":{"@context":"https:\/\/schema.org","@graph":[{"@type":"WebPage","@id":"https:\/\/glareone.eu\/cs\/produkt\/glareone-bounce-board-2-in-1-80-cm\/","url":"https:\/\/glareone.eu\/cs\/produkt\/glareone-bounce-board-2-in-1-80-cm\/","name":"GlareOne Bounce Board 2-in-1 80 cm - blenda 2 w 1","isPartOf":{"@id":"https:\/\/glareone.eu\/cs\/en\/#website"},"primaryImageOfPage":{"@id":"https:\/\/glareone.eu\/cs\/produkt\/glareone-bounce-board-2-in-1-80-cm\/#primaryimage"},"image":{"@id":"https:\/\/glareone.eu\/cs\/produkt\/glareone-bounce-board-2-in-1-80-cm\/#primaryimage"},"thumbnailUrl":"https:\/\/glareone.eu\/wp-content\/uploads\/2024\/04\/GlareOne-Bounce-Board-2-in-1-80-cm-blenda-2-w-1-01.jpg","datePublished":"2024-04-18T19:26:31+00:00","dateModified":"2025-07-09T07:52:30+00:00","description":"GlareOne Bounce Board 2-in-1 80 cm - blenda 2 w 1","breadcrumb":{"@id":"https:\/\/glareone.eu\/cs\/produkt\/glareone-bounce-board-2-in-1-80-cm\/#breadcrumb"},"inLanguage":"cs","potentialAction":[{"@type":"ReadAction","target":["https:\/\/glareone.eu\/cs\/produkt\/glareone-bounce-board-2-in-1-80-cm\/"]}]},{"@type":"ImageObject","inLanguage":"cs","@id":"https:\/\/glareone.eu\/cs\/produkt\/glareone-bounce-board-2-in-1-80-cm\/#primaryimage","url":"https:\/\/glareone.eu\/wp-content\/uploads\/2024\/04\/GlareOne-Bounce-Board-2-in-1-80-cm-blenda-2-w-1-01.jpg","contentUrl":"https:\/\/glareone.eu\/wp-content\/uploads\/2024\/04\/GlareOne-Bounce-Board-2-in-1-80-cm-blenda-2-w-1-01.jpg","width":1200,"height":1200},{"@type":"BreadcrumbList","@id":"https:\/\/glareone.eu\/cs\/produkt\/glareone-bounce-board-2-in-1-80-cm\/#breadcrumb","itemListElement":[{"@type":"ListItem","position":1,"name":"Strona g\u0142\u00f3wna","item":"https:\/\/glareone.eu\/cs\/"},{"@type":"ListItem","position":2,"name":"V\u0161echny produkty","item":"https:\/\/glareone.eu\/cs\/produkty\/vsechny-produkty\/"},{"@type":"ListItem","position":3,"name":"GlareOne Bounce Board 2-in-1 80 cm &#8211; blenda 2 w 1"}]},{"@type":"WebSite","@id":"https:\/\/glareone.eu\/cs\/en\/#website","url":"https:\/\/glareone.eu\/cs\/en\/","name":"GlareOne","description":"Wyposa\u017cenie Studia","publisher":{"@id":"https:\/\/glareone.eu\/cs\/en\/#organization"},"potentialAction":[{"@type":"SearchAction","target":{"@type":"EntryPoint","urlTemplate":"https:\/\/glareone.eu\/cs\/en\/?s={search_term_string}"},"query-input":{"@type":"PropertyValueSpecification","valueRequired":true,"valueName":"search_term_string"}}],"inLanguage":"cs"},{"@type":"Organization","@id":"https:\/\/glareone.eu\/cs\/en\/#organization","name":"GlareOne","url":"https:\/\/glareone.eu\/cs\/en\/","logo":{"@type":"ImageObject","inLanguage":"cs","@id":"https:\/\/glareone.eu\/cs\/en\/#\/schema\/logo\/image\/","url":"http:\/\/glareone.eu\/wp-content\/uploads\/2024\/05\/glareone_logo2020_RGB-01-e1715773127189.png","contentUrl":"http:\/\/glareone.eu\/wp-content\/uploads\/2024\/05\/glareone_logo2020_RGB-01-e1715773127189.png","width":1270,"height":321,"caption":"GlareOne"},"image":{"@id":"https:\/\/glareone.eu\/cs\/en\/#\/schema\/logo\/image\/"},"sameAs":["https:\/\/www.facebook.com\/GlareOneLighting","https:\/\/www.instagram.com\/glareonelighting\/","https:\/\/www.youtube.com\/@GlareOneTV"]}]}},"_links":{"self":[{"href":"https:\/\/glareone.eu\/cs\/wp-json\/wp\/v2\/product\/20096","targetHints":{"allow":["GET"]}}],"collection":[{"href":"https:\/\/glareone.eu\/cs\/wp-json\/wp\/v2\/product"}],"about":[{"href":"https:\/\/glareone.eu\/cs\/wp-json\/wp\/v2\/types\/product"}],"wp:featuredmedia":[{"embeddable":true,"href":"https:\/\/glareone.eu\/cs\/wp-json\/wp\/v2\/media\/20097"}],"wp:attachment":[{"href":"https:\/\/glareone.eu\/cs\/wp-json\/wp\/v2\/media?parent=20096"}],"wp:term":[{"taxonomy":"product_brand","embeddable":true,"href":"https:\/\/glareone.eu\/cs\/wp-json\/wp\/v2\/product_brand?post=20096"},{"taxonomy":"product_cat","embeddable":true,"href":"https:\/\/glareone.eu\/cs\/wp-json\/wp\/v2\/product_cat?post=20096"},{"taxonomy":"product_tag","embeddable":true,"href":"https:\/\/glareone.eu\/cs\/wp-json\/wp\/v2\/product_tag?post=20096"}],"curies":[{"name":"wp","href":"https:\/\/api.w.org\/{rel}","templated":true}]}}