{"id":19711,"date":"2024-04-18T19:26:29","date_gmt":"2024-04-18T19:26:29","guid":{"rendered":"https:\/\/glareone.eu\/product\/glareone-white-flag-75x90-cm\/"},"modified":"2025-06-06T12:39:17","modified_gmt":"2025-06-06T12:39:17","slug":"glareone-white-flag-75x90-cm","status":"publish","type":"product","link":"https:\/\/glareone.eu\/cs\/produkt\/glareone-white-flag-75x90-cm\/","title":{"rendered":"GlareOne White Flag 75&#215;90 cm"},"content":{"rendered":"<p><span style=\"font-weight: 400;\">GlareOne White Flag 75&#215;90 je b\u00edl\u00e1 difuzn\u00ed vlajka na pevn\u00e9m r\u00e1mu. Je nezbytn\u00fdm n\u00e1strojem pro fotografy a filma\u0159e. S vlajkou GlareOne m\u016f\u017eete zm\u011bk\u010dit slune\u010dn\u00ed sv\u011btlo nebo studiov\u00e1 sv\u011btla.<\/span><\/p>\n<h3><b>Ovl\u00e1dejte sv\u00e9 sv\u011btlo<\/b><\/h3>\n<p><span style=\"font-weight: 400;\">Na rozd\u00edl od standardn\u00edch skl\u00e1dac\u00edch reflektor\u016f v\u00e1m vlajka umo\u017e\u0148uje rozpt\u00fdlit p\u0159\u00edm\u00e9 sv\u011btlo nebo ho odrazit kamkoli chcete. R\u00e1m je vyroben z hlin\u00edku a m\u00e1 10mm pr\u016fm\u011br pro snadn\u00e9 p\u0159ipevn\u011bn\u00ed na sv\u011bteln\u00fd stojan.<\/span><\/p>\n<h3><b>Vlastnosti produktu:<\/b><\/h3>\n<ul>\n<li style=\"font-weight: 400;\" aria-level=\"1\"><span style=\"font-weight: 400;\">vysoce kvalitn\u00ed difuzn\u00ed plachta pro odr\u00e1\u017een\u00ed a zm\u011bk\u010den\u00ed sv\u011btla<\/span><\/li>\n<li style=\"font-weight: 400;\" aria-level=\"1\"><span style=\"font-weight: 400;\">lze pou\u017e\u00edt ve studiu i v exteri\u00e9ru<\/span><\/li>\n<li style=\"font-weight: 400;\" aria-level=\"1\"><span style=\"font-weight: 400;\">pevn\u00fd hlin\u00edkov\u00fd r\u00e1m zaji\u0161\u0165uje p\u0159esn\u00e9 ovl\u00e1d\u00e1n\u00ed sv\u011btla<\/span><\/li>\n<li style=\"font-weight: 400;\" aria-level=\"1\"><span style=\"font-weight: 400;\">plachta p\u0159ipevn\u011bn\u00e1 such\u00fdm zipem<\/span><\/li>\n<li style=\"font-weight: 400;\" aria-level=\"1\"><span style=\"font-weight: 400;\">odoln\u00e1 proti siln\u00e9mu v\u011btru<\/span><\/li>\n<li style=\"font-weight: 400;\" aria-level=\"1\"><span style=\"font-weight: 400;\">super lehk\u00e1 celokovov\u00e1 konstrukce<\/span><\/li>\n<li style=\"font-weight: 400;\" aria-level=\"1\"><span style=\"font-weight: 400;\">vybaven\u00e1 \u010depem o pr\u016fm\u011bru 10 mm<\/span><\/li>\n<li style=\"font-weight: 400;\" aria-level=\"1\"><span style=\"font-weight: 400;\">perfektn\u011b lad\u00ed s GlareOne Grip Head<\/span><\/li>\n<\/ul>\n","protected":false},"excerpt":{"rendered":"<p>GlareOne White Flag 75&#215;90 je b\u00edl\u00e1 difuzn\u00ed vlajka na pevn\u00e9m r\u00e1mu. Je nezbytn\u00fdm n\u00e1strojem pro fotografy a filma\u0159e. S vlajkou GlareOne m\u016f\u017eete zm\u011bk\u010dit slune\u010dn\u00ed sv\u011btlo nebo studiov\u00e1 sv\u011btla. Ovl\u00e1dejte sv\u00e9 sv\u011btlo Na rozd\u00edl od standardn\u00edch skl\u00e1dac\u00edch reflektor\u016f v\u00e1m vlajka umo\u017e\u0148uje rozpt\u00fdlit p\u0159\u00edm\u00e9 sv\u011btlo nebo ho odrazit kamkoli chcete. R\u00e1m je vyroben z hlin\u00edku a m\u00e1 [&hellip;]<\/p>\n","protected":false},"featured_media":19712,"template":"","meta":[],"product_brand":[],"product_cat":[578],"product_tag":[],"class_list":{"0":"post-19711","1":"product","2":"type-product","3":"status-publish","4":"has-post-thumbnail","6":"product_cat-reflektory-a-vlajky","8":"first","9":"instock","10":"product-type-simple"},"yoast_head":"<!-- This site is optimized with the Yoast SEO plugin v27.2 - https:\/\/yoast.com\/product\/yoast-seo-wordpress\/ -->\n<title>GlareOne White Flag 75x90 cm - bia\u0142y dyfuzor na ramie (zestaw)<\/title>\n<meta name=\"description\" content=\"GlareOne White Flag 75x90 cm - bia\u0142y dyfuzor na ramie (zestaw)\" \/>\n<meta name=\"robots\" content=\"index, follow, max-snippet:-1, max-image-preview:large, max-video-preview:-1\" \/>\n<link rel=\"canonical\" href=\"https:\/\/glareone.eu\/cs\/produkt\/glareone-white-flag-75x90-cm\/\" \/>\n<meta property=\"og:locale\" content=\"cs_CZ\" \/>\n<meta property=\"og:type\" content=\"article\" \/>\n<meta property=\"og:title\" content=\"GlareOne White Flag 75x90 cm - bia\u0142y dyfuzor na ramie (zestaw)\" \/>\n<meta property=\"og:description\" content=\"GlareOne White Flag 75x90 cm - bia\u0142y dyfuzor na ramie (zestaw)\" \/>\n<meta property=\"og:url\" content=\"https:\/\/glareone.eu\/cs\/produkt\/glareone-white-flag-75x90-cm\/\" \/>\n<meta property=\"og:site_name\" content=\"GlareOne\" \/>\n<meta property=\"article:publisher\" content=\"https:\/\/www.facebook.com\/GlareOneLighting\" \/>\n<meta property=\"article:modified_time\" content=\"2025-06-06T12:39:17+00:00\" \/>\n<meta property=\"og:image\" content=\"https:\/\/glareone.eu\/wp-content\/uploads\/2024\/04\/GlareOne-White-Flag-75x90-01.jpg\" \/>\n\t<meta property=\"og:image:width\" content=\"1200\" \/>\n\t<meta property=\"og:image:height\" content=\"1200\" \/>\n\t<meta property=\"og:image:type\" content=\"image\/jpeg\" \/>\n<meta name=\"twitter:card\" content=\"summary_large_image\" \/>\n<meta name=\"twitter:title\" content=\"GlareOne White Flag 75x90 cm - bia\u0142y dyfuzor na ramie (zestaw)\" \/>\n<meta name=\"twitter:label1\" content=\"Odhadovan\u00e1 doba \u010dten\u00ed\" \/>\n\t<meta name=\"twitter:data1\" content=\"1 minuta\" \/>\n<script type=\"application\/ld+json\" class=\"yoast-schema-graph\">{\"@context\":\"https:\/\/schema.org\",\"@graph\":[{\"@type\":\"WebPage\",\"@id\":\"https:\/\/glareone.eu\/cs\/produkt\/glareone-white-flag-75x90-cm\/\",\"url\":\"https:\/\/glareone.eu\/cs\/produkt\/glareone-white-flag-75x90-cm\/\",\"name\":\"GlareOne White Flag 75x90 cm - bia\u0142y dyfuzor na ramie (zestaw)\",\"isPartOf\":{\"@id\":\"https:\/\/glareone.eu\/cs\/en\/#website\"},\"primaryImageOfPage\":{\"@id\":\"https:\/\/glareone.eu\/cs\/produkt\/glareone-white-flag-75x90-cm\/#primaryimage\"},\"image\":{\"@id\":\"https:\/\/glareone.eu\/cs\/produkt\/glareone-white-flag-75x90-cm\/#primaryimage\"},\"thumbnailUrl\":\"https:\/\/glareone.eu\/wp-content\/uploads\/2024\/04\/GlareOne-White-Flag-75x90-01.jpg\",\"datePublished\":\"2024-04-18T19:26:29+00:00\",\"dateModified\":\"2025-06-06T12:39:17+00:00\",\"description\":\"GlareOne White Flag 75x90 cm - bia\u0142y dyfuzor na ramie (zestaw)\",\"breadcrumb\":{\"@id\":\"https:\/\/glareone.eu\/cs\/produkt\/glareone-white-flag-75x90-cm\/#breadcrumb\"},\"inLanguage\":\"cs\",\"potentialAction\":[{\"@type\":\"ReadAction\",\"target\":[\"https:\/\/glareone.eu\/cs\/produkt\/glareone-white-flag-75x90-cm\/\"]}]},{\"@type\":\"ImageObject\",\"inLanguage\":\"cs\",\"@id\":\"https:\/\/glareone.eu\/cs\/produkt\/glareone-white-flag-75x90-cm\/#primaryimage\",\"url\":\"https:\/\/glareone.eu\/wp-content\/uploads\/2024\/04\/GlareOne-White-Flag-75x90-01.jpg\",\"contentUrl\":\"https:\/\/glareone.eu\/wp-content\/uploads\/2024\/04\/GlareOne-White-Flag-75x90-01.jpg\",\"width\":1200,\"height\":1200},{\"@type\":\"BreadcrumbList\",\"@id\":\"https:\/\/glareone.eu\/cs\/produkt\/glareone-white-flag-75x90-cm\/#breadcrumb\",\"itemListElement\":[{\"@type\":\"ListItem\",\"position\":1,\"name\":\"Strona g\u0142\u00f3wna\",\"item\":\"https:\/\/glareone.eu\/cs\/\"},{\"@type\":\"ListItem\",\"position\":2,\"name\":\"V\u0161echny produkty\",\"item\":\"https:\/\/glareone.eu\/cs\/produkty\/vsechny-produkty\/\"},{\"@type\":\"ListItem\",\"position\":3,\"name\":\"GlareOne White Flag 75&#215;90 cm\"}]},{\"@type\":\"WebSite\",\"@id\":\"https:\/\/glareone.eu\/cs\/en\/#website\",\"url\":\"https:\/\/glareone.eu\/cs\/en\/\",\"name\":\"GlareOne\",\"description\":\"Wyposa\u017cenie Studia\",\"publisher\":{\"@id\":\"https:\/\/glareone.eu\/cs\/en\/#organization\"},\"potentialAction\":[{\"@type\":\"SearchAction\",\"target\":{\"@type\":\"EntryPoint\",\"urlTemplate\":\"https:\/\/glareone.eu\/cs\/en\/?s={search_term_string}\"},\"query-input\":{\"@type\":\"PropertyValueSpecification\",\"valueRequired\":true,\"valueName\":\"search_term_string\"}}],\"inLanguage\":\"cs\"},{\"@type\":\"Organization\",\"@id\":\"https:\/\/glareone.eu\/cs\/en\/#organization\",\"name\":\"GlareOne\",\"url\":\"https:\/\/glareone.eu\/cs\/en\/\",\"logo\":{\"@type\":\"ImageObject\",\"inLanguage\":\"cs\",\"@id\":\"https:\/\/glareone.eu\/cs\/en\/#\/schema\/logo\/image\/\",\"url\":\"http:\/\/glareone.eu\/wp-content\/uploads\/2024\/05\/glareone_logo2020_RGB-01-e1715773127189.png\",\"contentUrl\":\"http:\/\/glareone.eu\/wp-content\/uploads\/2024\/05\/glareone_logo2020_RGB-01-e1715773127189.png\",\"width\":1270,\"height\":321,\"caption\":\"GlareOne\"},\"image\":{\"@id\":\"https:\/\/glareone.eu\/cs\/en\/#\/schema\/logo\/image\/\"},\"sameAs\":[\"https:\/\/www.facebook.com\/GlareOneLighting\",\"https:\/\/www.instagram.com\/glareonelighting\/\",\"https:\/\/www.youtube.com\/@GlareOneTV\"]}]}<\/script>\n<!-- \/ Yoast SEO plugin. -->","yoast_head_json":{"title":"GlareOne White Flag 75x90 cm - bia\u0142y dyfuzor na ramie (zestaw)","description":"GlareOne White Flag 75x90 cm - bia\u0142y dyfuzor na ramie (zestaw)","robots":{"index":"index","follow":"follow","max-snippet":"max-snippet:-1","max-image-preview":"max-image-preview:large","max-video-preview":"max-video-preview:-1"},"canonical":"https:\/\/glareone.eu\/cs\/produkt\/glareone-white-flag-75x90-cm\/","og_locale":"cs_CZ","og_type":"article","og_title":"GlareOne White Flag 75x90 cm - bia\u0142y dyfuzor na ramie (zestaw)","og_description":"GlareOne White Flag 75x90 cm - bia\u0142y dyfuzor na ramie (zestaw)","og_url":"https:\/\/glareone.eu\/cs\/produkt\/glareone-white-flag-75x90-cm\/","og_site_name":"GlareOne","article_publisher":"https:\/\/www.facebook.com\/GlareOneLighting","article_modified_time":"2025-06-06T12:39:17+00:00","og_image":[{"width":1200,"height":1200,"url":"https:\/\/glareone.eu\/wp-content\/uploads\/2024\/04\/GlareOne-White-Flag-75x90-01.jpg","type":"image\/jpeg"}],"twitter_card":"summary_large_image","twitter_title":"GlareOne White Flag 75x90 cm - bia\u0142y dyfuzor na ramie (zestaw)","twitter_misc":{"Odhadovan\u00e1 doba \u010dten\u00ed":"1 minuta"},"schema":{"@context":"https:\/\/schema.org","@graph":[{"@type":"WebPage","@id":"https:\/\/glareone.eu\/cs\/produkt\/glareone-white-flag-75x90-cm\/","url":"https:\/\/glareone.eu\/cs\/produkt\/glareone-white-flag-75x90-cm\/","name":"GlareOne White Flag 75x90 cm - bia\u0142y dyfuzor na ramie (zestaw)","isPartOf":{"@id":"https:\/\/glareone.eu\/cs\/en\/#website"},"primaryImageOfPage":{"@id":"https:\/\/glareone.eu\/cs\/produkt\/glareone-white-flag-75x90-cm\/#primaryimage"},"image":{"@id":"https:\/\/glareone.eu\/cs\/produkt\/glareone-white-flag-75x90-cm\/#primaryimage"},"thumbnailUrl":"https:\/\/glareone.eu\/wp-content\/uploads\/2024\/04\/GlareOne-White-Flag-75x90-01.jpg","datePublished":"2024-04-18T19:26:29+00:00","dateModified":"2025-06-06T12:39:17+00:00","description":"GlareOne White Flag 75x90 cm - bia\u0142y dyfuzor na ramie (zestaw)","breadcrumb":{"@id":"https:\/\/glareone.eu\/cs\/produkt\/glareone-white-flag-75x90-cm\/#breadcrumb"},"inLanguage":"cs","potentialAction":[{"@type":"ReadAction","target":["https:\/\/glareone.eu\/cs\/produkt\/glareone-white-flag-75x90-cm\/"]}]},{"@type":"ImageObject","inLanguage":"cs","@id":"https:\/\/glareone.eu\/cs\/produkt\/glareone-white-flag-75x90-cm\/#primaryimage","url":"https:\/\/glareone.eu\/wp-content\/uploads\/2024\/04\/GlareOne-White-Flag-75x90-01.jpg","contentUrl":"https:\/\/glareone.eu\/wp-content\/uploads\/2024\/04\/GlareOne-White-Flag-75x90-01.jpg","width":1200,"height":1200},{"@type":"BreadcrumbList","@id":"https:\/\/glareone.eu\/cs\/produkt\/glareone-white-flag-75x90-cm\/#breadcrumb","itemListElement":[{"@type":"ListItem","position":1,"name":"Strona g\u0142\u00f3wna","item":"https:\/\/glareone.eu\/cs\/"},{"@type":"ListItem","position":2,"name":"V\u0161echny produkty","item":"https:\/\/glareone.eu\/cs\/produkty\/vsechny-produkty\/"},{"@type":"ListItem","position":3,"name":"GlareOne White Flag 75&#215;90 cm"}]},{"@type":"WebSite","@id":"https:\/\/glareone.eu\/cs\/en\/#website","url":"https:\/\/glareone.eu\/cs\/en\/","name":"GlareOne","description":"Wyposa\u017cenie Studia","publisher":{"@id":"https:\/\/glareone.eu\/cs\/en\/#organization"},"potentialAction":[{"@type":"SearchAction","target":{"@type":"EntryPoint","urlTemplate":"https:\/\/glareone.eu\/cs\/en\/?s={search_term_string}"},"query-input":{"@type":"PropertyValueSpecification","valueRequired":true,"valueName":"search_term_string"}}],"inLanguage":"cs"},{"@type":"Organization","@id":"https:\/\/glareone.eu\/cs\/en\/#organization","name":"GlareOne","url":"https:\/\/glareone.eu\/cs\/en\/","logo":{"@type":"ImageObject","inLanguage":"cs","@id":"https:\/\/glareone.eu\/cs\/en\/#\/schema\/logo\/image\/","url":"http:\/\/glareone.eu\/wp-content\/uploads\/2024\/05\/glareone_logo2020_RGB-01-e1715773127189.png","contentUrl":"http:\/\/glareone.eu\/wp-content\/uploads\/2024\/05\/glareone_logo2020_RGB-01-e1715773127189.png","width":1270,"height":321,"caption":"GlareOne"},"image":{"@id":"https:\/\/glareone.eu\/cs\/en\/#\/schema\/logo\/image\/"},"sameAs":["https:\/\/www.facebook.com\/GlareOneLighting","https:\/\/www.instagram.com\/glareonelighting\/","https:\/\/www.youtube.com\/@GlareOneTV"]}]}},"_links":{"self":[{"href":"https:\/\/glareone.eu\/cs\/wp-json\/wp\/v2\/product\/19711","targetHints":{"allow":["GET"]}}],"collection":[{"href":"https:\/\/glareone.eu\/cs\/wp-json\/wp\/v2\/product"}],"about":[{"href":"https:\/\/glareone.eu\/cs\/wp-json\/wp\/v2\/types\/product"}],"wp:featuredmedia":[{"embeddable":true,"href":"https:\/\/glareone.eu\/cs\/wp-json\/wp\/v2\/media\/19712"}],"wp:attachment":[{"href":"https:\/\/glareone.eu\/cs\/wp-json\/wp\/v2\/media?parent=19711"}],"wp:term":[{"taxonomy":"product_brand","embeddable":true,"href":"https:\/\/glareone.eu\/cs\/wp-json\/wp\/v2\/product_brand?post=19711"},{"taxonomy":"product_cat","embeddable":true,"href":"https:\/\/glareone.eu\/cs\/wp-json\/wp\/v2\/product_cat?post=19711"},{"taxonomy":"product_tag","embeddable":true,"href":"https:\/\/glareone.eu\/cs\/wp-json\/wp\/v2\/product_tag?post=19711"}],"curies":[{"name":"wp","href":"https:\/\/api.w.org\/{rel}","templated":true}]}}