{"id":19701,"date":"2024-04-18T19:26:29","date_gmt":"2024-04-18T19:26:29","guid":{"rendered":"https:\/\/glareone.eu\/product\/glareone-led-cube-40-tent-with-led-lighting\/"},"modified":"2025-08-11T10:21:39","modified_gmt":"2025-08-11T10:21:39","slug":"glareone-led-cube-40-tent-with-led-lighting","status":"publish","type":"product","link":"https:\/\/glareone.eu\/cs\/produkt\/glareone-led-cube-40-tent-with-led-lighting\/","title":{"rendered":"GlareOne LED Cube 40 \u2013 stan s LED osv\u011btlen\u00edm"},"content":{"rendered":"<h3><strong>Snadn\u00e9 pou\u017eit\u00ed<\/strong><\/h3>\n<p>LED Cube je kompletn\u00ed sada pro produktovou fotografii mal\u00fdch p\u0159edm\u011bt\u016f, kter\u00e1 usnad\u0148uje po\u0159izov\u00e1n\u00ed jasn\u00fdch a dob\u0159e exponovan\u00fdch fotografi\u00ed. Stan m\u00e1 integrovan\u00e9 LED osv\u011btlen\u00ed, tak\u017ee jej lze snadno pou\u017e\u00edt s fotoapar\u00e1ty nebo smartphony. Nejsou pot\u0159eba \u017e\u00e1dn\u00e1 dal\u0161\u00ed sv\u011btla ani difuz\u00e9ry, proto\u017ee v\u0161echny pot\u0159ebn\u00e9 komponenty jsou sou\u010d\u00e1st\u00ed sady. St\u011bny stanu jsou p\u0159i\u0161ity k pevn\u00fdm r\u00e1mov\u00fdm ty\u010d\u00edm a cel\u00fd stan se spojuje pomoc\u00ed such\u00e9ho zipu, tak\u017ee LED Cube m\u016f\u017eete p\u0159ipravit k pr\u00e1ci b\u011bhem n\u011bkolika sekund.<\/p>\n<h3><b>Praktick\u00fd<\/b><\/h3>\n<p>LED Cube je vyroben tak, aby se dal snadno slo\u017eit a rozlo\u017eit v minim\u00e1ln\u00edm \u010dase. R\u00e1m byl navr\u017een tak, aby se po odstran\u011bn\u00ed such\u00e9ho zipu slo\u017eil jako ob\u00e1lka, tak\u017ee p\u0159i p\u0159eprav\u011b zab\u00edr\u00e1 velmi m\u00e1lo m\u00edsta. Potah stanu je v\u0161it\u00fd do rukojeti pro p\u0159en\u00e1\u0161en\u00ed a s\u00ed\u0165ovan\u00e1 kapsa pro nap\u00e1jec\u00ed zdroj a nap\u00e1jec\u00ed kabel.<\/p>\n<h3><b>U\u017eite\u010dn\u00e9<\/b><\/h3>\n<p>D\u00edky tomu, \u017ee LED Cube m\u00e1 dv\u011b okna, skrz kter\u00e1 m\u016f\u017eete fotografovat (z boku a shora), je mo\u017en\u00e9 po\u0159\u00eddit nejen dob\u0159e osv\u011btlen\u00e9 fotografie, ale tak\u00e9 jejich rozmanitost. Vnit\u0159ek je pokryt reflexn\u00ed st\u0159\u00edbrnou f\u00f3li\u00ed, tak\u017ee objekt je rovnom\u011brn\u011b osv\u011btlen ze v\u0161ech stran. Dod\u00e1van\u00e1 pozad\u00ed jsou vyrobena z akrylu, d\u00edky \u010demu\u017e jsou odoln\u00e1, snadno skladovateln\u00e1 a vod\u011bodoln\u00e1, a do LED kostky se upev\u0148uj\u00ed pomoc\u00ed such\u00e9ho zipu. Sou\u010d\u00e1st\u00ed sady je tak\u00e9 b\u00edl\u00fd difuz\u00e9r, kter\u00fd lze v p\u0159\u00edpad\u011b pot\u0159eby um\u00edstit pod sv\u011bteln\u00e9 zdroje, aby se sv\u011btlo d\u00e1le rozpt\u00fdlilo a zm\u011bk\u010dilo.<\/p>\n<h3><b>Vlastnosti produktu:<\/b><\/h3>\n<ul>\n<li>Ide\u00e1ln\u00ed pro osv\u011btlen\u00ed mal\u00fdch p\u0159edm\u011bt\u016f<\/li>\n<li>Velmi snadn\u00e1 a rychl\u00e1 instalace<\/li>\n<li>Integrovan\u00e9 LED osv\u011btlen\u00ed<\/li>\n<li>Nastaviteln\u00fd sv\u011bteln\u00fd v\u00fdkon<\/li>\n<li>\u010cty\u0159i akrylov\u00e9 pozad\u00ed v balen\u00ed<\/li>\n<li>Kompaktn\u00ed rozm\u011bry ve slo\u017een\u00e9m stavu<\/li>\n<\/ul>\n","protected":false},"excerpt":{"rendered":"<p>Snadn\u00e9 pou\u017eit\u00ed LED Cube je kompletn\u00ed sada pro produktovou fotografii mal\u00fdch p\u0159edm\u011bt\u016f, kter\u00e1 usnad\u0148uje po\u0159izov\u00e1n\u00ed jasn\u00fdch a dob\u0159e exponovan\u00fdch fotografi\u00ed. Stan m\u00e1 integrovan\u00e9 LED osv\u011btlen\u00ed, tak\u017ee jej lze snadno pou\u017e\u00edt s fotoapar\u00e1ty nebo smartphony. Nejsou pot\u0159eba \u017e\u00e1dn\u00e1 dal\u0161\u00ed sv\u011btla ani difuz\u00e9ry, proto\u017ee v\u0161echny pot\u0159ebn\u00e9 komponenty jsou sou\u010d\u00e1st\u00ed sady. St\u011bny stanu jsou p\u0159i\u0161ity k pevn\u00fdm r\u00e1mov\u00fdm [&hellip;]<\/p>\n","protected":false},"featured_media":19702,"template":"","meta":[],"product_brand":[],"product_cat":[571],"product_tag":[],"class_list":{"0":"post-19701","1":"product","2":"type-product","3":"status-publish","4":"has-post-thumbnail","6":"product_cat-fotografie-bez-stinu","8":"first","9":"instock","10":"product-type-simple"},"yoast_head":"<!-- This site is optimized with the Yoast SEO plugin v27.2 - https:\/\/yoast.com\/product\/yoast-seo-wordpress\/ -->\n<title>GlareOne LED Cube 40 - namiot bezcieniowy z o\u015bwietleniem LED<\/title>\n<meta name=\"description\" content=\"GlareOne LED Cube 40 - namiot bezcieniowy z o\u015bwietleniem LED\" \/>\n<meta name=\"robots\" content=\"index, follow, max-snippet:-1, max-image-preview:large, max-video-preview:-1\" \/>\n<link rel=\"canonical\" href=\"https:\/\/glareone.eu\/cs\/produkt\/glareone-led-cube-40-tent-with-led-lighting\/\" \/>\n<meta property=\"og:locale\" content=\"cs_CZ\" \/>\n<meta property=\"og:type\" content=\"article\" \/>\n<meta property=\"og:title\" content=\"GlareOne LED Cube 40 - namiot bezcieniowy z o\u015bwietleniem LED\" \/>\n<meta property=\"og:description\" content=\"GlareOne LED Cube 40 - namiot bezcieniowy z o\u015bwietleniem LED\" \/>\n<meta property=\"og:url\" content=\"https:\/\/glareone.eu\/cs\/produkt\/glareone-led-cube-40-tent-with-led-lighting\/\" \/>\n<meta property=\"og:site_name\" content=\"GlareOne\" \/>\n<meta property=\"article:publisher\" content=\"https:\/\/www.facebook.com\/GlareOneLighting\" \/>\n<meta property=\"article:modified_time\" content=\"2025-08-11T10:21:39+00:00\" \/>\n<meta property=\"og:image\" content=\"https:\/\/glareone.eu\/wp-content\/uploads\/2024\/04\/GlareOne-LED-Cube-40-01.jpg\" \/>\n\t<meta property=\"og:image:width\" content=\"1200\" \/>\n\t<meta property=\"og:image:height\" content=\"1200\" \/>\n\t<meta property=\"og:image:type\" content=\"image\/jpeg\" \/>\n<meta name=\"twitter:card\" content=\"summary_large_image\" \/>\n<meta name=\"twitter:title\" content=\"GlareOne LED Cube 40 - namiot bezcieniowy z o\u015bwietleniem LED\" \/>\n<meta name=\"twitter:label1\" content=\"Odhadovan\u00e1 doba \u010dten\u00ed\" \/>\n\t<meta name=\"twitter:data1\" content=\"2 minuty\" \/>\n<script type=\"application\/ld+json\" class=\"yoast-schema-graph\">{\"@context\":\"https:\/\/schema.org\",\"@graph\":[{\"@type\":\"WebPage\",\"@id\":\"https:\/\/glareone.eu\/cs\/produkt\/glareone-led-cube-40-tent-with-led-lighting\/\",\"url\":\"https:\/\/glareone.eu\/cs\/produkt\/glareone-led-cube-40-tent-with-led-lighting\/\",\"name\":\"GlareOne LED Cube 40 - namiot bezcieniowy z o\u015bwietleniem LED\",\"isPartOf\":{\"@id\":\"https:\/\/glareone.eu\/cs\/en\/#website\"},\"primaryImageOfPage\":{\"@id\":\"https:\/\/glareone.eu\/cs\/produkt\/glareone-led-cube-40-tent-with-led-lighting\/#primaryimage\"},\"image\":{\"@id\":\"https:\/\/glareone.eu\/cs\/produkt\/glareone-led-cube-40-tent-with-led-lighting\/#primaryimage\"},\"thumbnailUrl\":\"https:\/\/glareone.eu\/wp-content\/uploads\/2024\/04\/GlareOne-LED-Cube-40-01.jpg\",\"datePublished\":\"2024-04-18T19:26:29+00:00\",\"dateModified\":\"2025-08-11T10:21:39+00:00\",\"description\":\"GlareOne LED Cube 40 - namiot bezcieniowy z o\u015bwietleniem LED\",\"breadcrumb\":{\"@id\":\"https:\/\/glareone.eu\/cs\/produkt\/glareone-led-cube-40-tent-with-led-lighting\/#breadcrumb\"},\"inLanguage\":\"cs\",\"potentialAction\":[{\"@type\":\"ReadAction\",\"target\":[\"https:\/\/glareone.eu\/cs\/produkt\/glareone-led-cube-40-tent-with-led-lighting\/\"]}]},{\"@type\":\"ImageObject\",\"inLanguage\":\"cs\",\"@id\":\"https:\/\/glareone.eu\/cs\/produkt\/glareone-led-cube-40-tent-with-led-lighting\/#primaryimage\",\"url\":\"https:\/\/glareone.eu\/wp-content\/uploads\/2024\/04\/GlareOne-LED-Cube-40-01.jpg\",\"contentUrl\":\"https:\/\/glareone.eu\/wp-content\/uploads\/2024\/04\/GlareOne-LED-Cube-40-01.jpg\",\"width\":1200,\"height\":1200},{\"@type\":\"BreadcrumbList\",\"@id\":\"https:\/\/glareone.eu\/cs\/produkt\/glareone-led-cube-40-tent-with-led-lighting\/#breadcrumb\",\"itemListElement\":[{\"@type\":\"ListItem\",\"position\":1,\"name\":\"Strona g\u0142\u00f3wna\",\"item\":\"https:\/\/glareone.eu\/cs\/\"},{\"@type\":\"ListItem\",\"position\":2,\"name\":\"V\u0161echny produkty\",\"item\":\"https:\/\/glareone.eu\/cs\/produkty\/vsechny-produkty\/\"},{\"@type\":\"ListItem\",\"position\":3,\"name\":\"GlareOne LED Cube 40 \u2013 stan s LED osv\u011btlen\u00edm\"}]},{\"@type\":\"WebSite\",\"@id\":\"https:\/\/glareone.eu\/cs\/en\/#website\",\"url\":\"https:\/\/glareone.eu\/cs\/en\/\",\"name\":\"GlareOne\",\"description\":\"Wyposa\u017cenie Studia\",\"publisher\":{\"@id\":\"https:\/\/glareone.eu\/cs\/en\/#organization\"},\"potentialAction\":[{\"@type\":\"SearchAction\",\"target\":{\"@type\":\"EntryPoint\",\"urlTemplate\":\"https:\/\/glareone.eu\/cs\/en\/?s={search_term_string}\"},\"query-input\":{\"@type\":\"PropertyValueSpecification\",\"valueRequired\":true,\"valueName\":\"search_term_string\"}}],\"inLanguage\":\"cs\"},{\"@type\":\"Organization\",\"@id\":\"https:\/\/glareone.eu\/cs\/en\/#organization\",\"name\":\"GlareOne\",\"url\":\"https:\/\/glareone.eu\/cs\/en\/\",\"logo\":{\"@type\":\"ImageObject\",\"inLanguage\":\"cs\",\"@id\":\"https:\/\/glareone.eu\/cs\/en\/#\/schema\/logo\/image\/\",\"url\":\"http:\/\/glareone.eu\/wp-content\/uploads\/2024\/05\/glareone_logo2020_RGB-01-e1715773127189.png\",\"contentUrl\":\"http:\/\/glareone.eu\/wp-content\/uploads\/2024\/05\/glareone_logo2020_RGB-01-e1715773127189.png\",\"width\":1270,\"height\":321,\"caption\":\"GlareOne\"},\"image\":{\"@id\":\"https:\/\/glareone.eu\/cs\/en\/#\/schema\/logo\/image\/\"},\"sameAs\":[\"https:\/\/www.facebook.com\/GlareOneLighting\",\"https:\/\/www.instagram.com\/glareonelighting\/\",\"https:\/\/www.youtube.com\/@GlareOneTV\"]}]}<\/script>\n<!-- \/ Yoast SEO plugin. -->","yoast_head_json":{"title":"GlareOne LED Cube 40 - namiot bezcieniowy z o\u015bwietleniem LED","description":"GlareOne LED Cube 40 - namiot bezcieniowy z o\u015bwietleniem LED","robots":{"index":"index","follow":"follow","max-snippet":"max-snippet:-1","max-image-preview":"max-image-preview:large","max-video-preview":"max-video-preview:-1"},"canonical":"https:\/\/glareone.eu\/cs\/produkt\/glareone-led-cube-40-tent-with-led-lighting\/","og_locale":"cs_CZ","og_type":"article","og_title":"GlareOne LED Cube 40 - namiot bezcieniowy z o\u015bwietleniem LED","og_description":"GlareOne LED Cube 40 - namiot bezcieniowy z o\u015bwietleniem LED","og_url":"https:\/\/glareone.eu\/cs\/produkt\/glareone-led-cube-40-tent-with-led-lighting\/","og_site_name":"GlareOne","article_publisher":"https:\/\/www.facebook.com\/GlareOneLighting","article_modified_time":"2025-08-11T10:21:39+00:00","og_image":[{"width":1200,"height":1200,"url":"https:\/\/glareone.eu\/wp-content\/uploads\/2024\/04\/GlareOne-LED-Cube-40-01.jpg","type":"image\/jpeg"}],"twitter_card":"summary_large_image","twitter_title":"GlareOne LED Cube 40 - namiot bezcieniowy z o\u015bwietleniem LED","twitter_misc":{"Odhadovan\u00e1 doba \u010dten\u00ed":"2 minuty"},"schema":{"@context":"https:\/\/schema.org","@graph":[{"@type":"WebPage","@id":"https:\/\/glareone.eu\/cs\/produkt\/glareone-led-cube-40-tent-with-led-lighting\/","url":"https:\/\/glareone.eu\/cs\/produkt\/glareone-led-cube-40-tent-with-led-lighting\/","name":"GlareOne LED Cube 40 - namiot bezcieniowy z o\u015bwietleniem LED","isPartOf":{"@id":"https:\/\/glareone.eu\/cs\/en\/#website"},"primaryImageOfPage":{"@id":"https:\/\/glareone.eu\/cs\/produkt\/glareone-led-cube-40-tent-with-led-lighting\/#primaryimage"},"image":{"@id":"https:\/\/glareone.eu\/cs\/produkt\/glareone-led-cube-40-tent-with-led-lighting\/#primaryimage"},"thumbnailUrl":"https:\/\/glareone.eu\/wp-content\/uploads\/2024\/04\/GlareOne-LED-Cube-40-01.jpg","datePublished":"2024-04-18T19:26:29+00:00","dateModified":"2025-08-11T10:21:39+00:00","description":"GlareOne LED Cube 40 - namiot bezcieniowy z o\u015bwietleniem LED","breadcrumb":{"@id":"https:\/\/glareone.eu\/cs\/produkt\/glareone-led-cube-40-tent-with-led-lighting\/#breadcrumb"},"inLanguage":"cs","potentialAction":[{"@type":"ReadAction","target":["https:\/\/glareone.eu\/cs\/produkt\/glareone-led-cube-40-tent-with-led-lighting\/"]}]},{"@type":"ImageObject","inLanguage":"cs","@id":"https:\/\/glareone.eu\/cs\/produkt\/glareone-led-cube-40-tent-with-led-lighting\/#primaryimage","url":"https:\/\/glareone.eu\/wp-content\/uploads\/2024\/04\/GlareOne-LED-Cube-40-01.jpg","contentUrl":"https:\/\/glareone.eu\/wp-content\/uploads\/2024\/04\/GlareOne-LED-Cube-40-01.jpg","width":1200,"height":1200},{"@type":"BreadcrumbList","@id":"https:\/\/glareone.eu\/cs\/produkt\/glareone-led-cube-40-tent-with-led-lighting\/#breadcrumb","itemListElement":[{"@type":"ListItem","position":1,"name":"Strona g\u0142\u00f3wna","item":"https:\/\/glareone.eu\/cs\/"},{"@type":"ListItem","position":2,"name":"V\u0161echny produkty","item":"https:\/\/glareone.eu\/cs\/produkty\/vsechny-produkty\/"},{"@type":"ListItem","position":3,"name":"GlareOne LED Cube 40 \u2013 stan s LED osv\u011btlen\u00edm"}]},{"@type":"WebSite","@id":"https:\/\/glareone.eu\/cs\/en\/#website","url":"https:\/\/glareone.eu\/cs\/en\/","name":"GlareOne","description":"Wyposa\u017cenie Studia","publisher":{"@id":"https:\/\/glareone.eu\/cs\/en\/#organization"},"potentialAction":[{"@type":"SearchAction","target":{"@type":"EntryPoint","urlTemplate":"https:\/\/glareone.eu\/cs\/en\/?s={search_term_string}"},"query-input":{"@type":"PropertyValueSpecification","valueRequired":true,"valueName":"search_term_string"}}],"inLanguage":"cs"},{"@type":"Organization","@id":"https:\/\/glareone.eu\/cs\/en\/#organization","name":"GlareOne","url":"https:\/\/glareone.eu\/cs\/en\/","logo":{"@type":"ImageObject","inLanguage":"cs","@id":"https:\/\/glareone.eu\/cs\/en\/#\/schema\/logo\/image\/","url":"http:\/\/glareone.eu\/wp-content\/uploads\/2024\/05\/glareone_logo2020_RGB-01-e1715773127189.png","contentUrl":"http:\/\/glareone.eu\/wp-content\/uploads\/2024\/05\/glareone_logo2020_RGB-01-e1715773127189.png","width":1270,"height":321,"caption":"GlareOne"},"image":{"@id":"https:\/\/glareone.eu\/cs\/en\/#\/schema\/logo\/image\/"},"sameAs":["https:\/\/www.facebook.com\/GlareOneLighting","https:\/\/www.instagram.com\/glareonelighting\/","https:\/\/www.youtube.com\/@GlareOneTV"]}]}},"_links":{"self":[{"href":"https:\/\/glareone.eu\/cs\/wp-json\/wp\/v2\/product\/19701","targetHints":{"allow":["GET"]}}],"collection":[{"href":"https:\/\/glareone.eu\/cs\/wp-json\/wp\/v2\/product"}],"about":[{"href":"https:\/\/glareone.eu\/cs\/wp-json\/wp\/v2\/types\/product"}],"wp:featuredmedia":[{"embeddable":true,"href":"https:\/\/glareone.eu\/cs\/wp-json\/wp\/v2\/media\/19702"}],"wp:attachment":[{"href":"https:\/\/glareone.eu\/cs\/wp-json\/wp\/v2\/media?parent=19701"}],"wp:term":[{"taxonomy":"product_brand","embeddable":true,"href":"https:\/\/glareone.eu\/cs\/wp-json\/wp\/v2\/product_brand?post=19701"},{"taxonomy":"product_cat","embeddable":true,"href":"https:\/\/glareone.eu\/cs\/wp-json\/wp\/v2\/product_cat?post=19701"},{"taxonomy":"product_tag","embeddable":true,"href":"https:\/\/glareone.eu\/cs\/wp-json\/wp\/v2\/product_tag?post=19701"}],"curies":[{"name":"wp","href":"https:\/\/api.w.org\/{rel}","templated":true}]}}