{"id":19663,"date":"2024-04-18T19:26:16","date_gmt":"2024-04-18T19:26:16","guid":{"rendered":"https:\/\/glareone.eu\/product\/glareone-softbox-octa-95-easy-fold\/"},"modified":"2025-06-06T12:24:30","modified_gmt":"2025-06-06T12:24:30","slug":"glareone-softbox-octa-95-easy-fold","status":"publish","type":"product","link":"https:\/\/glareone.eu\/cs\/produkt\/glareone-softbox-octa-95-easy-fold\/","title":{"rendered":"GlareOne Softbox Octa 95 Easy Fold"},"content":{"rendered":"<p><span style=\"font-weight: 400;\">Rychle skl\u00e1dac\u00ed osmi\u00faheln\u00edkov\u00fd softbox se st\u0159\u00edbrn\u00fdm reflektorem, pr\u016fm\u011br 95 cm, vybaven\u00fd dvojit\u00fdm difuzorem, mechanismem Easy Fold pro rychl\u00e9 skl\u00e1d\u00e1n\u00ed a p\u0159epravn\u00edm pouzdrem.<\/span><\/p>\n<p><span style=\"font-weight: 400;\">Softbox je ur\u010den pro pou\u017eit\u00ed s blesky vybaven\u00fdmi syst\u00e9mem Bowens, jako jsou Quadralite, Powerlux, Freepower, Bowens, Fomei, Walimex, Jinbei, Aurora. Easy Fold je typ softboxu, kter\u00fd se velmi rychle rozkl\u00e1d\u00e1 a skl\u00e1d\u00e1 a nezp\u016fsob\u00ed probl\u00e9my ani osob\u011b, kter\u00e1 tuto operaci prov\u00e1d\u00ed poprv\u00e9. D\u00edky jednoduchosti a rychlosti skl\u00e1d\u00e1n\u00ed\/rozkl\u00e1d\u00e1n\u00ed se tento typ softbox\u016f pou\u017e\u00edv\u00e1 mobiln\u00edmi fotografy p\u0159i report\u00e1\u017en\u00ed a svatebn\u00ed fotografii.<\/span><\/p>\n<h3><b>Vlastnosti produktu:<\/b><\/h3>\n<ul>\n<li style=\"font-weight: 400;\" aria-level=\"1\"><span style=\"font-weight: 400;\">Rychl\u00e9 a snadn\u00e9 nastaven\u00ed<\/span><\/li>\n<li style=\"font-weight: 400;\" aria-level=\"1\"><span style=\"font-weight: 400;\">Ide\u00e1ln\u00ed pro osv\u011btlen\u00ed portr\u00e9t\u016f<\/span><\/li>\n<li style=\"font-weight: 400;\" aria-level=\"1\"><span style=\"font-weight: 400;\">Hlin\u00edkov\u00fd mont\u00e1\u017en\u00ed krou\u017eek v standardu Bowens s mo\u017enost\u00ed oto\u010den\u00ed namontovan\u00e9ho softboxu o 360 stup\u0148\u016f, p\u0159\u00edtla\u010dn\u00e1 \u0161roub je um\u00edst\u011bna na vn\u011bj\u0161\u00ed stran\u011b softboxu<\/span><\/li>\n<li style=\"font-weight: 400;\" aria-level=\"1\"><span style=\"font-weight: 400;\">M\u00e1 dvojit\u00fd odn\u00edmateln\u00fd difuz\u00e9r<\/span><\/li>\n<li style=\"font-weight: 400;\" aria-level=\"1\"><span style=\"font-weight: 400;\">Lze dodate\u010dn\u011b vybavit vo\u0161tinovou m\u0159\u00ed\u017ekou<\/span><\/li>\n<li style=\"font-weight: 400;\" aria-level=\"1\"><span style=\"font-weight: 400;\">Konstruk\u010dn\u00ed ocelov\u00e9 ty\u010de<\/span><\/li>\n<li style=\"font-weight: 400;\" aria-level=\"1\"><span style=\"font-weight: 400;\">Dod\u00e1v\u00e1 se v praktick\u00e9m p\u0159enosn\u00e9m kuf\u0159\u00edku<\/span><\/li>\n<\/ul>\n","protected":false},"excerpt":{"rendered":"<p>Rychle skl\u00e1dac\u00ed osmi\u00faheln\u00edkov\u00fd softbox se st\u0159\u00edbrn\u00fdm reflektorem, pr\u016fm\u011br 95 cm, vybaven\u00fd dvojit\u00fdm difuzorem, mechanismem Easy Fold pro rychl\u00e9 skl\u00e1d\u00e1n\u00ed a p\u0159epravn\u00edm pouzdrem. Softbox je ur\u010den pro pou\u017eit\u00ed s blesky vybaven\u00fdmi syst\u00e9mem Bowens, jako jsou Quadralite, Powerlux, Freepower, Bowens, Fomei, Walimex, Jinbei, Aurora. Easy Fold je typ softboxu, kter\u00fd se velmi rychle rozkl\u00e1d\u00e1 a skl\u00e1d\u00e1 a [&hellip;]<\/p>\n","protected":false},"featured_media":19664,"template":"","meta":[],"product_brand":[],"product_cat":[558],"product_tag":[],"class_list":{"0":"post-19663","1":"product","2":"type-product","3":"status-publish","4":"has-post-thumbnail","6":"product_cat-easy-fold-cs","8":"first","9":"instock","10":"product-type-simple"},"yoast_head":"<!-- This site is optimized with the Yoast SEO plugin v27.2 - https:\/\/yoast.com\/product\/yoast-seo-wordpress\/ -->\n<title>GlareOne Softbox Octa 95 Easy Fold<\/title>\n<meta name=\"description\" content=\"GlareOne Softbox Octa 95 Easy Fold\" \/>\n<meta name=\"robots\" content=\"index, follow, max-snippet:-1, max-image-preview:large, max-video-preview:-1\" \/>\n<link rel=\"canonical\" href=\"https:\/\/glareone.eu\/cs\/produkt\/glareone-softbox-octa-95-easy-fold\/\" \/>\n<meta property=\"og:locale\" content=\"cs_CZ\" \/>\n<meta property=\"og:type\" content=\"article\" \/>\n<meta property=\"og:title\" content=\"GlareOne Softbox Octa 95 Easy Fold\" \/>\n<meta property=\"og:description\" content=\"GlareOne Softbox Octa 95 Easy Fold\" \/>\n<meta property=\"og:url\" content=\"https:\/\/glareone.eu\/cs\/produkt\/glareone-softbox-octa-95-easy-fold\/\" \/>\n<meta property=\"og:site_name\" content=\"GlareOne\" \/>\n<meta property=\"article:publisher\" content=\"https:\/\/www.facebook.com\/GlareOneLighting\" \/>\n<meta property=\"article:modified_time\" content=\"2025-06-06T12:24:30+00:00\" \/>\n<meta property=\"og:image\" content=\"https:\/\/glareone.eu\/wp-content\/uploads\/2024\/04\/SESOFT95B_001.jpg\" \/>\n\t<meta property=\"og:image:width\" content=\"1000\" \/>\n\t<meta property=\"og:image:height\" content=\"1000\" \/>\n\t<meta property=\"og:image:type\" content=\"image\/jpeg\" \/>\n<meta name=\"twitter:card\" content=\"summary_large_image\" \/>\n<meta name=\"twitter:title\" content=\"GlareOne Softbox Octa 95 Easy Fold\" \/>\n<meta name=\"twitter:label1\" content=\"Odhadovan\u00e1 doba \u010dten\u00ed\" \/>\n\t<meta name=\"twitter:data1\" content=\"1 minuta\" \/>\n<script type=\"application\/ld+json\" class=\"yoast-schema-graph\">{\"@context\":\"https:\/\/schema.org\",\"@graph\":[{\"@type\":\"WebPage\",\"@id\":\"https:\/\/glareone.eu\/cs\/produkt\/glareone-softbox-octa-95-easy-fold\/\",\"url\":\"https:\/\/glareone.eu\/cs\/produkt\/glareone-softbox-octa-95-easy-fold\/\",\"name\":\"GlareOne Softbox Octa 95 Easy Fold\",\"isPartOf\":{\"@id\":\"https:\/\/glareone.eu\/cs\/en\/#website\"},\"primaryImageOfPage\":{\"@id\":\"https:\/\/glareone.eu\/cs\/produkt\/glareone-softbox-octa-95-easy-fold\/#primaryimage\"},\"image\":{\"@id\":\"https:\/\/glareone.eu\/cs\/produkt\/glareone-softbox-octa-95-easy-fold\/#primaryimage\"},\"thumbnailUrl\":\"https:\/\/glareone.eu\/wp-content\/uploads\/2024\/04\/SESOFT95B_001.jpg\",\"datePublished\":\"2024-04-18T19:26:16+00:00\",\"dateModified\":\"2025-06-06T12:24:30+00:00\",\"description\":\"GlareOne Softbox Octa 95 Easy Fold\",\"breadcrumb\":{\"@id\":\"https:\/\/glareone.eu\/cs\/produkt\/glareone-softbox-octa-95-easy-fold\/#breadcrumb\"},\"inLanguage\":\"cs\",\"potentialAction\":[{\"@type\":\"ReadAction\",\"target\":[\"https:\/\/glareone.eu\/cs\/produkt\/glareone-softbox-octa-95-easy-fold\/\"]}]},{\"@type\":\"ImageObject\",\"inLanguage\":\"cs\",\"@id\":\"https:\/\/glareone.eu\/cs\/produkt\/glareone-softbox-octa-95-easy-fold\/#primaryimage\",\"url\":\"https:\/\/glareone.eu\/wp-content\/uploads\/2024\/04\/SESOFT95B_001.jpg\",\"contentUrl\":\"https:\/\/glareone.eu\/wp-content\/uploads\/2024\/04\/SESOFT95B_001.jpg\",\"width\":1000,\"height\":1000},{\"@type\":\"BreadcrumbList\",\"@id\":\"https:\/\/glareone.eu\/cs\/produkt\/glareone-softbox-octa-95-easy-fold\/#breadcrumb\",\"itemListElement\":[{\"@type\":\"ListItem\",\"position\":1,\"name\":\"Strona g\u0142\u00f3wna\",\"item\":\"https:\/\/glareone.eu\/cs\/\"},{\"@type\":\"ListItem\",\"position\":2,\"name\":\"V\u0161echny produkty\",\"item\":\"https:\/\/glareone.eu\/cs\/produkty\/vsechny-produkty\/\"},{\"@type\":\"ListItem\",\"position\":3,\"name\":\"GlareOne Softbox Octa 95 Easy Fold\"}]},{\"@type\":\"WebSite\",\"@id\":\"https:\/\/glareone.eu\/cs\/en\/#website\",\"url\":\"https:\/\/glareone.eu\/cs\/en\/\",\"name\":\"GlareOne\",\"description\":\"Wyposa\u017cenie Studia\",\"publisher\":{\"@id\":\"https:\/\/glareone.eu\/cs\/en\/#organization\"},\"potentialAction\":[{\"@type\":\"SearchAction\",\"target\":{\"@type\":\"EntryPoint\",\"urlTemplate\":\"https:\/\/glareone.eu\/cs\/en\/?s={search_term_string}\"},\"query-input\":{\"@type\":\"PropertyValueSpecification\",\"valueRequired\":true,\"valueName\":\"search_term_string\"}}],\"inLanguage\":\"cs\"},{\"@type\":\"Organization\",\"@id\":\"https:\/\/glareone.eu\/cs\/en\/#organization\",\"name\":\"GlareOne\",\"url\":\"https:\/\/glareone.eu\/cs\/en\/\",\"logo\":{\"@type\":\"ImageObject\",\"inLanguage\":\"cs\",\"@id\":\"https:\/\/glareone.eu\/cs\/en\/#\/schema\/logo\/image\/\",\"url\":\"http:\/\/glareone.eu\/wp-content\/uploads\/2024\/05\/glareone_logo2020_RGB-01-e1715773127189.png\",\"contentUrl\":\"http:\/\/glareone.eu\/wp-content\/uploads\/2024\/05\/glareone_logo2020_RGB-01-e1715773127189.png\",\"width\":1270,\"height\":321,\"caption\":\"GlareOne\"},\"image\":{\"@id\":\"https:\/\/glareone.eu\/cs\/en\/#\/schema\/logo\/image\/\"},\"sameAs\":[\"https:\/\/www.facebook.com\/GlareOneLighting\",\"https:\/\/www.instagram.com\/glareonelighting\/\",\"https:\/\/www.youtube.com\/@GlareOneTV\"]}]}<\/script>\n<!-- \/ Yoast SEO plugin. -->","yoast_head_json":{"title":"GlareOne Softbox Octa 95 Easy Fold","description":"GlareOne Softbox Octa 95 Easy Fold","robots":{"index":"index","follow":"follow","max-snippet":"max-snippet:-1","max-image-preview":"max-image-preview:large","max-video-preview":"max-video-preview:-1"},"canonical":"https:\/\/glareone.eu\/cs\/produkt\/glareone-softbox-octa-95-easy-fold\/","og_locale":"cs_CZ","og_type":"article","og_title":"GlareOne Softbox Octa 95 Easy Fold","og_description":"GlareOne Softbox Octa 95 Easy Fold","og_url":"https:\/\/glareone.eu\/cs\/produkt\/glareone-softbox-octa-95-easy-fold\/","og_site_name":"GlareOne","article_publisher":"https:\/\/www.facebook.com\/GlareOneLighting","article_modified_time":"2025-06-06T12:24:30+00:00","og_image":[{"width":1000,"height":1000,"url":"https:\/\/glareone.eu\/wp-content\/uploads\/2024\/04\/SESOFT95B_001.jpg","type":"image\/jpeg"}],"twitter_card":"summary_large_image","twitter_title":"GlareOne Softbox Octa 95 Easy Fold","twitter_misc":{"Odhadovan\u00e1 doba \u010dten\u00ed":"1 minuta"},"schema":{"@context":"https:\/\/schema.org","@graph":[{"@type":"WebPage","@id":"https:\/\/glareone.eu\/cs\/produkt\/glareone-softbox-octa-95-easy-fold\/","url":"https:\/\/glareone.eu\/cs\/produkt\/glareone-softbox-octa-95-easy-fold\/","name":"GlareOne Softbox Octa 95 Easy Fold","isPartOf":{"@id":"https:\/\/glareone.eu\/cs\/en\/#website"},"primaryImageOfPage":{"@id":"https:\/\/glareone.eu\/cs\/produkt\/glareone-softbox-octa-95-easy-fold\/#primaryimage"},"image":{"@id":"https:\/\/glareone.eu\/cs\/produkt\/glareone-softbox-octa-95-easy-fold\/#primaryimage"},"thumbnailUrl":"https:\/\/glareone.eu\/wp-content\/uploads\/2024\/04\/SESOFT95B_001.jpg","datePublished":"2024-04-18T19:26:16+00:00","dateModified":"2025-06-06T12:24:30+00:00","description":"GlareOne Softbox Octa 95 Easy Fold","breadcrumb":{"@id":"https:\/\/glareone.eu\/cs\/produkt\/glareone-softbox-octa-95-easy-fold\/#breadcrumb"},"inLanguage":"cs","potentialAction":[{"@type":"ReadAction","target":["https:\/\/glareone.eu\/cs\/produkt\/glareone-softbox-octa-95-easy-fold\/"]}]},{"@type":"ImageObject","inLanguage":"cs","@id":"https:\/\/glareone.eu\/cs\/produkt\/glareone-softbox-octa-95-easy-fold\/#primaryimage","url":"https:\/\/glareone.eu\/wp-content\/uploads\/2024\/04\/SESOFT95B_001.jpg","contentUrl":"https:\/\/glareone.eu\/wp-content\/uploads\/2024\/04\/SESOFT95B_001.jpg","width":1000,"height":1000},{"@type":"BreadcrumbList","@id":"https:\/\/glareone.eu\/cs\/produkt\/glareone-softbox-octa-95-easy-fold\/#breadcrumb","itemListElement":[{"@type":"ListItem","position":1,"name":"Strona g\u0142\u00f3wna","item":"https:\/\/glareone.eu\/cs\/"},{"@type":"ListItem","position":2,"name":"V\u0161echny produkty","item":"https:\/\/glareone.eu\/cs\/produkty\/vsechny-produkty\/"},{"@type":"ListItem","position":3,"name":"GlareOne Softbox Octa 95 Easy Fold"}]},{"@type":"WebSite","@id":"https:\/\/glareone.eu\/cs\/en\/#website","url":"https:\/\/glareone.eu\/cs\/en\/","name":"GlareOne","description":"Wyposa\u017cenie Studia","publisher":{"@id":"https:\/\/glareone.eu\/cs\/en\/#organization"},"potentialAction":[{"@type":"SearchAction","target":{"@type":"EntryPoint","urlTemplate":"https:\/\/glareone.eu\/cs\/en\/?s={search_term_string}"},"query-input":{"@type":"PropertyValueSpecification","valueRequired":true,"valueName":"search_term_string"}}],"inLanguage":"cs"},{"@type":"Organization","@id":"https:\/\/glareone.eu\/cs\/en\/#organization","name":"GlareOne","url":"https:\/\/glareone.eu\/cs\/en\/","logo":{"@type":"ImageObject","inLanguage":"cs","@id":"https:\/\/glareone.eu\/cs\/en\/#\/schema\/logo\/image\/","url":"http:\/\/glareone.eu\/wp-content\/uploads\/2024\/05\/glareone_logo2020_RGB-01-e1715773127189.png","contentUrl":"http:\/\/glareone.eu\/wp-content\/uploads\/2024\/05\/glareone_logo2020_RGB-01-e1715773127189.png","width":1270,"height":321,"caption":"GlareOne"},"image":{"@id":"https:\/\/glareone.eu\/cs\/en\/#\/schema\/logo\/image\/"},"sameAs":["https:\/\/www.facebook.com\/GlareOneLighting","https:\/\/www.instagram.com\/glareonelighting\/","https:\/\/www.youtube.com\/@GlareOneTV"]}]}},"_links":{"self":[{"href":"https:\/\/glareone.eu\/cs\/wp-json\/wp\/v2\/product\/19663","targetHints":{"allow":["GET"]}}],"collection":[{"href":"https:\/\/glareone.eu\/cs\/wp-json\/wp\/v2\/product"}],"about":[{"href":"https:\/\/glareone.eu\/cs\/wp-json\/wp\/v2\/types\/product"}],"wp:featuredmedia":[{"embeddable":true,"href":"https:\/\/glareone.eu\/cs\/wp-json\/wp\/v2\/media\/19664"}],"wp:attachment":[{"href":"https:\/\/glareone.eu\/cs\/wp-json\/wp\/v2\/media?parent=19663"}],"wp:term":[{"taxonomy":"product_brand","embeddable":true,"href":"https:\/\/glareone.eu\/cs\/wp-json\/wp\/v2\/product_brand?post=19663"},{"taxonomy":"product_cat","embeddable":true,"href":"https:\/\/glareone.eu\/cs\/wp-json\/wp\/v2\/product_cat?post=19663"},{"taxonomy":"product_tag","embeddable":true,"href":"https:\/\/glareone.eu\/cs\/wp-json\/wp\/v2\/product_tag?post=19663"}],"curies":[{"name":"wp","href":"https:\/\/api.w.org\/{rel}","templated":true}]}}